{"id":13481,"date":"2020-08-18T09:14:14","date_gmt":"2020-08-18T09:14:14","guid":{"rendered":"https:\/\/redfoxlotto.com\/?page_id=13481"},"modified":"2023-05-23T18:49:02","modified_gmt":"2023-05-23T18:49:02","slug":"lotto-at","status":"publish","type":"page","link":"https:\/\/redfoxlotto.com\/sk\/vysledky\/lotto-at\/","title":{"rendered":"V\u00fdsledky Lotto Rak\u00fasko"},"content":{"rendered":"<h2 class=\"wp-block-heading\">V\u00fdhern\u00e9 \u010d\u00edsla rak\u00faskeho Lotta<\/h2><p>Kde n\u00e1jdete losovacie \u010d\u00edsla rak\u00faskeho Lotta po skon\u010den\u00ed \u017erebovania? V\u0161etko, \u010do mus\u00edte urobi\u0165, je prihl\u00e1si\u0165 sa na na\u0161u webov\u00fa str\u00e1nku, kde ste si zak\u00fapili letenky, a \u010d\u00edsla tu bud\u00fa pre v\u00e1s.<\/p><h2 class=\"wp-block-heading\">Kontrola najnov\u0161\u00edch v\u00fdsledkov<\/h2><p>S RedFoxLotto.com n\u00e1jdete najnov\u0161ie v\u00fdsledky v\u0161etk\u00fdch va\u0161ich ob\u013e\u00faben\u00fdch hier dostupn\u00fdch priamo na na\u0161om webe. Nemus\u00edte sa o ni\u010d stara\u0165, preto\u017ee to bude v\u0161etko tam. Ale ak ste si k\u00fapili svoje vlastn\u00e9 letenky, h\u013eadanie spr\u00e1vnych v\u00fdsledkov bude v skuto\u010dnosti e\u0161te jednoduch\u0161ie<\/p><h2 class=\"wp-block-heading\">Kontrola va\u0161ich v\u00fdsledkov<\/h2><p>Ak va\u0161e tikety obsahuj\u00fa v\u00fdhern\u00e9 \u010d\u00edsla rak\u00faskeho Lotta, okam\u017eite to pozn\u00e1te. Je to preto, \u017ee sa pr\u00e1ve prihlasujete do svojho osobn\u00e9ho \u00fa\u010dtu, pozrite si \u201eMoje l\u00edstky\u201c a zistite, ktor\u00e9 \u010d\u00edsla sa zhoduj\u00fa s v\u00fdhern\u00fdmi \u010d\u00edslami z najnov\u0161\u00edch v\u00fdkresov.<\/p><p>V\u0161etky tikety, ktor\u00e9 si k\u00fapite na ktor\u00fako\u013evek hru, bud\u00fa k dispoz\u00edcii tu a uvid\u00edte, ktor\u00e9 \u010d\u00edsla m\u00e1te spolo\u010dn\u00e9 s v\u00fdhern\u00fdm tiketom, ako aj to, \u010do ste mo\u017eno vyhrali. Ak ide o sumu vy\u0161\u0161iu ako 2 500,00 EUR, bude t\u00e1to suma okam\u017eite preveden\u00e1 na v\u00e1\u0161 \u00fa\u010det.<\/p><h2 class=\"wp-block-heading\">Rak\u00fasky arch\u00edv v\u00fdsledkov loto<\/h2><p>Ke\u010f pozn\u00e1te s\u00fa\u010dasn\u00e9 v\u00fdhern\u00e9 \u010d\u00edsla rak\u00faskeho Lotta, mo\u017eno budete chcie\u0165 pozna\u0165 niektor\u00e9 z t\u00fdch star\u00fdch. Jedin\u00e9, \u010do mus\u00edte urobi\u0165, je pozrie\u0165 sa na arch\u00edv v\u00fdsledkov a zisti\u0165, ktor\u00e9 \u010d\u00edsla vyhrali v minulosti a ktor\u00e9 z nich maj\u00fa tendenciu vyhr\u00e1va\u0165 naj\u010dastej\u0161ie.<\/p>","protected":false},"excerpt":{"rendered":"<p>V\u00fdhern\u00e9 \u010d\u00edsla rak\u00faskeho Lotta Kde n\u00e1jdete losovacie \u010d\u00edsla rak\u00faskeho Lotta po skon\u010den\u00ed \u017erebovania? V\u0161etko, \u010do mus\u00edte urobi\u0165, je prihl\u00e1si\u0165 sa na na\u0161u webov\u00fa str\u00e1nku, kde ste si zak\u00fapili letenky, a \u010d\u00edsla tu bud\u00fa pre v\u00e1s. Kontrola najnov\u0161\u00edch v\u00fdsledkov S RedFoxLotto.com n\u00e1jdete najnov\u0161ie v\u00fdsledky v\u0161etk\u00fdch va\u0161ich ob\u013e\u00faben\u00fdch hier dostupn\u00fdch priamo na na\u0161om webe. Nemus\u00edte sa o [&hellip;]<\/p>\n","protected":false},"author":1,"featured_media":0,"parent":10260,"menu_order":16,"comment_status":"closed","ping_status":"closed","template":"","meta":{"_et_pb_use_builder":"","_et_pb_old_content":"","_et_gb_content_width":"","exclude_from_search":false,"footnotes":""},"class_list":["post-13481","page","type-page","status-publish","hentry"],"yoast_head":"<!-- This site is optimized with the Yoast SEO plugin v23.8 - https:\/\/yoast.com\/wordpress\/plugins\/seo\/ -->\n<title>V\u00fdhern\u00e9 \u010d\u00edsla a v\u00fdsledky rak\u00faskej lot\u00e9rie<\/title>\n<meta name=\"description\" content=\"Nov\u00e9 t\u00fd\u017edenn\u00e9 a minul\u00e9 rem\u00edzov\u00e9 \u200b\u200bv\u00fdsledky pre rak\u00fasku lot\u00e9riu\" \/>\n<meta name=\"robots\" content=\"index, follow, max-snippet:-1, max-image-preview:large, max-video-preview:-1\" \/>\n<link rel=\"canonical\" href=\"https:\/\/redfoxlotto.com\/sk\/vysledky\/lotto-at\/\" \/>\n<meta property=\"og:locale\" content=\"sk_SK\" \/>\n<meta property=\"og:type\" content=\"article\" \/>\n<meta property=\"og:title\" content=\"V\u00fdhern\u00e9 \u010d\u00edsla a v\u00fdsledky rak\u00faskej lot\u00e9rie\" \/>\n<meta property=\"og:description\" content=\"Nov\u00e9 t\u00fd\u017edenn\u00e9 a minul\u00e9 rem\u00edzov\u00e9 \u200b\u200bv\u00fdsledky pre rak\u00fasku lot\u00e9riu\" \/>\n<meta property=\"og:url\" content=\"https:\/\/redfoxlotto.com\/sk\/vysledky\/lotto-at\/\" \/>\n<meta property=\"og:site_name\" content=\"Get Tickets for the World\u2019s largest jackpots\" \/>\n<meta property=\"article:modified_time\" content=\"2023-05-23T18:49:02+00:00\" \/>\n<meta name=\"twitter:card\" content=\"summary_large_image\" \/>\n<meta name=\"twitter:label1\" content=\"Predpokladan\u00fd \u010das \u010d\u00edtania\" \/>\n\t<meta name=\"twitter:data1\" content=\"1 min\u00fata\" \/>\n<script type=\"application\/ld+json\" class=\"yoast-schema-graph\">{\"@context\":\"https:\/\/schema.org\",\"@graph\":[{\"@type\":\"WebPage\",\"@id\":\"https:\/\/redfoxlotto.com\/sk\/vysledky\/lotto-at\/\",\"url\":\"https:\/\/redfoxlotto.com\/sk\/vysledky\/lotto-at\/\",\"name\":\"V\u00fdhern\u00e9 \u010d\u00edsla a v\u00fdsledky rak\u00faskej lot\u00e9rie\",\"isPartOf\":{\"@id\":\"https:\/\/redfoxlotto.com\/sk\/#website\"},\"datePublished\":\"2020-08-18T09:14:14+00:00\",\"dateModified\":\"2023-05-23T18:49:02+00:00\",\"description\":\"Nov\u00e9 t\u00fd\u017edenn\u00e9 a minul\u00e9 rem\u00edzov\u00e9 \u200b\u200bv\u00fdsledky pre rak\u00fasku lot\u00e9riu\",\"breadcrumb\":{\"@id\":\"https:\/\/redfoxlotto.com\/sk\/vysledky\/lotto-at\/#breadcrumb\"},\"inLanguage\":\"sk-SK\",\"potentialAction\":[{\"@type\":\"ReadAction\",\"target\":[\"https:\/\/redfoxlotto.com\/sk\/vysledky\/lotto-at\/\"]}]},{\"@type\":\"BreadcrumbList\",\"@id\":\"https:\/\/redfoxlotto.com\/sk\/vysledky\/lotto-at\/#breadcrumb\",\"itemListElement\":[{\"@type\":\"ListItem\",\"position\":1,\"name\":\"Home\",\"item\":\"https:\/\/redfoxlotto.com\/sk\/\"},{\"@type\":\"ListItem\",\"position\":2,\"name\":\"V\u00fdsledky medzin\u00e1rodnej lot\u00e9rie\",\"item\":\"https:\/\/redfoxlotto.com\/sk\/vysledky\/\"},{\"@type\":\"ListItem\",\"position\":3,\"name\":\"V\u00fdsledky Lotto Rak\u00fasko\"}]},{\"@type\":\"WebSite\",\"@id\":\"https:\/\/redfoxlotto.com\/sk\/#website\",\"url\":\"https:\/\/redfoxlotto.com\/sk\/\",\"name\":\"Get Tickets for the World\u2019s largest jackpots\",\"description\":\"Participate in worldwide lottery jackpots from any country\",\"publisher\":{\"@id\":\"https:\/\/redfoxlotto.com\/sk\/#organization\"},\"potentialAction\":[{\"@type\":\"SearchAction\",\"target\":{\"@type\":\"EntryPoint\",\"urlTemplate\":\"https:\/\/redfoxlotto.com\/sk\/?s={search_term_string}\"},\"query-input\":{\"@type\":\"PropertyValueSpecification\",\"valueRequired\":true,\"valueName\":\"search_term_string\"}}],\"inLanguage\":\"sk-SK\"},{\"@type\":\"Organization\",\"@id\":\"https:\/\/redfoxlotto.com\/sk\/#organization\",\"name\":\"Get Tickets for the World\u2019s largest jackpots\",\"url\":\"https:\/\/redfoxlotto.com\/sk\/\",\"logo\":{\"@type\":\"ImageObject\",\"inLanguage\":\"sk-SK\",\"@id\":\"https:\/\/redfoxlotto.com\/sk\/#\/schema\/logo\/image\/\",\"url\":\"https:\/\/redfoxlotto.com\/wp-content\/uploads\/2023\/04\/logo.png\",\"contentUrl\":\"https:\/\/redfoxlotto.com\/wp-content\/uploads\/2023\/04\/logo.png\",\"width\":269,\"height\":53,\"caption\":\"Get Tickets for the World\u2019s largest jackpots\"},\"image\":{\"@id\":\"https:\/\/redfoxlotto.com\/sk\/#\/schema\/logo\/image\/\"}}]}<\/script>\n<!-- \/ Yoast SEO plugin. -->","yoast_head_json":{"title":"V\u00fdhern\u00e9 \u010d\u00edsla a v\u00fdsledky rak\u00faskej lot\u00e9rie","description":"Nov\u00e9 t\u00fd\u017edenn\u00e9 a minul\u00e9 rem\u00edzov\u00e9 \u200b\u200bv\u00fdsledky pre rak\u00fasku lot\u00e9riu","robots":{"index":"index","follow":"follow","max-snippet":"max-snippet:-1","max-image-preview":"max-image-preview:large","max-video-preview":"max-video-preview:-1"},"canonical":"https:\/\/redfoxlotto.com\/sk\/vysledky\/lotto-at\/","og_locale":"sk_SK","og_type":"article","og_title":"V\u00fdhern\u00e9 \u010d\u00edsla a v\u00fdsledky rak\u00faskej lot\u00e9rie","og_description":"Nov\u00e9 t\u00fd\u017edenn\u00e9 a minul\u00e9 rem\u00edzov\u00e9 \u200b\u200bv\u00fdsledky pre rak\u00fasku lot\u00e9riu","og_url":"https:\/\/redfoxlotto.com\/sk\/vysledky\/lotto-at\/","og_site_name":"Get Tickets for the World\u2019s largest jackpots","article_modified_time":"2023-05-23T18:49:02+00:00","twitter_card":"summary_large_image","twitter_misc":{"Predpokladan\u00fd \u010das \u010d\u00edtania":"1 min\u00fata"},"schema":{"@context":"https:\/\/schema.org","@graph":[{"@type":"WebPage","@id":"https:\/\/redfoxlotto.com\/sk\/vysledky\/lotto-at\/","url":"https:\/\/redfoxlotto.com\/sk\/vysledky\/lotto-at\/","name":"V\u00fdhern\u00e9 \u010d\u00edsla a v\u00fdsledky rak\u00faskej lot\u00e9rie","isPartOf":{"@id":"https:\/\/redfoxlotto.com\/sk\/#website"},"datePublished":"2020-08-18T09:14:14+00:00","dateModified":"2023-05-23T18:49:02+00:00","description":"Nov\u00e9 t\u00fd\u017edenn\u00e9 a minul\u00e9 rem\u00edzov\u00e9 \u200b\u200bv\u00fdsledky pre rak\u00fasku lot\u00e9riu","breadcrumb":{"@id":"https:\/\/redfoxlotto.com\/sk\/vysledky\/lotto-at\/#breadcrumb"},"inLanguage":"sk-SK","potentialAction":[{"@type":"ReadAction","target":["https:\/\/redfoxlotto.com\/sk\/vysledky\/lotto-at\/"]}]},{"@type":"BreadcrumbList","@id":"https:\/\/redfoxlotto.com\/sk\/vysledky\/lotto-at\/#breadcrumb","itemListElement":[{"@type":"ListItem","position":1,"name":"Home","item":"https:\/\/redfoxlotto.com\/sk\/"},{"@type":"ListItem","position":2,"name":"V\u00fdsledky medzin\u00e1rodnej lot\u00e9rie","item":"https:\/\/redfoxlotto.com\/sk\/vysledky\/"},{"@type":"ListItem","position":3,"name":"V\u00fdsledky Lotto Rak\u00fasko"}]},{"@type":"WebSite","@id":"https:\/\/redfoxlotto.com\/sk\/#website","url":"https:\/\/redfoxlotto.com\/sk\/","name":"Get Tickets for the World\u2019s largest jackpots","description":"Participate in worldwide lottery jackpots from any country","publisher":{"@id":"https:\/\/redfoxlotto.com\/sk\/#organization"},"potentialAction":[{"@type":"SearchAction","target":{"@type":"EntryPoint","urlTemplate":"https:\/\/redfoxlotto.com\/sk\/?s={search_term_string}"},"query-input":{"@type":"PropertyValueSpecification","valueRequired":true,"valueName":"search_term_string"}}],"inLanguage":"sk-SK"},{"@type":"Organization","@id":"https:\/\/redfoxlotto.com\/sk\/#organization","name":"Get Tickets for the World\u2019s largest jackpots","url":"https:\/\/redfoxlotto.com\/sk\/","logo":{"@type":"ImageObject","inLanguage":"sk-SK","@id":"https:\/\/redfoxlotto.com\/sk\/#\/schema\/logo\/image\/","url":"https:\/\/redfoxlotto.com\/wp-content\/uploads\/2023\/04\/logo.png","contentUrl":"https:\/\/redfoxlotto.com\/wp-content\/uploads\/2023\/04\/logo.png","width":269,"height":53,"caption":"Get Tickets for the World\u2019s largest jackpots"},"image":{"@id":"https:\/\/redfoxlotto.com\/sk\/#\/schema\/logo\/image\/"}}]}},"_links":{"self":[{"href":"https:\/\/redfoxlotto.com\/sk\/wp-json\/wp\/v2\/pages\/13481","targetHints":{"allow":["GET"]}}],"collection":[{"href":"https:\/\/redfoxlotto.com\/sk\/wp-json\/wp\/v2\/pages"}],"about":[{"href":"https:\/\/redfoxlotto.com\/sk\/wp-json\/wp\/v2\/types\/page"}],"author":[{"embeddable":true,"href":"https:\/\/redfoxlotto.com\/sk\/wp-json\/wp\/v2\/users\/1"}],"replies":[{"embeddable":true,"href":"https:\/\/redfoxlotto.com\/sk\/wp-json\/wp\/v2\/comments?post=13481"}],"version-history":[{"count":0,"href":"https:\/\/redfoxlotto.com\/sk\/wp-json\/wp\/v2\/pages\/13481\/revisions"}],"up":[{"embeddable":true,"href":"https:\/\/redfoxlotto.com\/sk\/wp-json\/wp\/v2\/pages\/10260"}],"wp:attachment":[{"href":"https:\/\/redfoxlotto.com\/sk\/wp-json\/wp\/v2\/media?parent=13481"}],"curies":[{"name":"wp","href":"https:\/\/api.w.org\/{rel}","templated":true}]}}