{"id":13442,"date":"2020-08-18T09:11:18","date_gmt":"2020-08-18T09:11:18","guid":{"rendered":"https:\/\/redfoxlotto.com\/?page_id=13442"},"modified":"2020-08-18T17:22:14","modified_gmt":"2020-08-18T16:22:14","slug":"lotto-america","status":"publish","type":"page","link":"https:\/\/redfoxlotto.com\/sk\/vysledky\/lotto-america\/","title":{"rendered":"V\u00fdsledky Lotto America"},"content":{"rendered":"<h2 class=\"wp-block-heading\">Skontrolujte v\u00fdsledky a zistite, \u010di ste vyhrali Lotto America?<\/h2><p><img loading=\"lazy\" decoding=\"async\" class=\" wp-image alignright\" src=\"https:\/\/content.redfoxlotto.com\/uploads\/sites\/9\/1_draw_results_lotto.jpg\" alt=\"nakresli\u0165 v\u00fdsledky loto amerika\" width=\"266\" height=\"188\" \/><\/p><p>Akon\u00e1hle vyberiete svoje \u010d\u00edsla a zak\u00fapite si l\u00edstok, ako budete vedie\u0165, \u010di ste skuto\u010dne vyhrali? Je to celkom jednoduch\u00e9. V\u0161etko, \u010do mus\u00edte urobi\u0165, je skontrolova\u0165 RedFoxLotto. Ak ste si nek\u00fapili l\u00edstky, st\u00e1le budete ma\u0165 mo\u017enos\u0165 vidie\u0165 v\u00fdhern\u00e9 \u010d\u00edsla v\u0161etk\u00fdch najnov\u0161\u00edch hier, \u010do znamen\u00e1, \u017ee m\u00f4\u017eete zisti\u0165, kde s\u00fa pre v\u00e1s najlep\u0161ie kurzy. Ak ste hrali, m\u00f4\u017eete sa prihl\u00e1si\u0165 priamo do svojho \u00fa\u010dtu, aby ste videli v\u00fdhern\u00e9 \u010d\u00edsla a porovnanie va\u0161ich tiketov. Uvid\u00edte ak\u00e9ko\u013evek zodpovedaj\u00face \u010d\u00edsla, ktor\u00e9 m\u00f4\u017eete ma\u0165, aby ste videli, na ak\u00e9 v\u00fdhry m\u00e1te n\u00e1rok. Nie \u017ee by ste sa o to museli b\u00e1\u0165, preto\u017ee RedFoxLotto sa o t\u00fato \u010das\u0165 star\u00e1 tie\u017e v\u00e1s.<\/p><h2 class=\"wp-block-heading\">V\u00ed\u0165azstvo v Lotto America<\/h2><p>Ak vyhr\u00e1te Lotto America alebo ak\u00fako\u013evek in\u00fa online lot\u00e9riu, postar\u00e1 sa o v\u00e1s. Hne\u010f ako bud\u00fa k dispoz\u00edcii v\u00fdsledky, vyplatia sa mal\u00e9 ceny ihne\u010f. Na z\u00edskanie t\u00fdchto cien nemus\u00edte robi\u0165 ni\u010d. Bud\u00fa pridan\u00e9 priamo na v\u00e1\u0161 \u00fa\u010det, aby ste si mohli vybra\u0165 peniaze alebo si m\u00f4\u017eete k\u00fapi\u0165 in\u00fd l\u00edstok.<br><\/p><p>Ak vyhr\u00e1te v\u00e4\u010d\u0161ie ceny, bud\u00fa existova\u0165 po\u017eiadavky v z\u00e1vislosti od lot\u00e9rie, ktor\u00fa hr\u00e1te. Ak je to tak, v\u0161etko je pre v\u00e1s \u010do najviac zjednodu\u0161en\u00e9, aby ste zaistili, \u017ee svoje v\u00fdhry z\u00edskate bez probl\u00e9mov. Postar\u00e1me sa o cel\u00fd proces. T\u00fdmto sp\u00f4sobom m\u00f4\u017eete z\u00edska\u0165 svoje peniaze \u010do najr\u00fdchlej\u0161ie.<\/p><p>V pr\u00edpade jackpotov\u00fdch cien budete musie\u0165 vyplni\u0165 nejak\u00e9 doklady alebo posla\u0165 nejak\u00fa formu overenia. V takom pr\u00edpade v\u00e1m RedFoxLotto umo\u017en\u00ed \u010do najjednoduch\u0161ie vedie\u0165, \u010do m\u00e1te robi\u0165. A to funguje pre ak\u00fako\u013evek lot\u00e9riov\u00fa hru, ktor\u00fa by ste mohli vyhra\u0165 z Lotto America pre ktor\u00fako\u013evek z \u010fal\u0161\u00edch dostupn\u00fdch na tejto webovej str\u00e1nke.<\/p><h2 class=\"wp-block-heading\">Op\u00e4\u0165 sa hr\u00e1<\/h2><p><img loading=\"lazy\" decoding=\"async\" class=\" wp-image alignright\" src=\"https:\/\/content.redfoxlotto.com\/uploads\/sites\/9\/1_winner_lottery1.jpg\" alt=\"v\u00fdherca ameriky v loterii\" width=\"227\" height=\"151\" \/><\/p><p>Ke\u010f budete pripraven\u00ed, m\u00f4\u017eete si vzia\u0165 svoje v\u00fdhry (alebo vlo\u017ei\u0165 viac pe\u0148az\u00ed) a za\u010da\u0165 kupova\u0165 vstupenky na \u010fal\u0161ie kolo hier, ktor\u00e9 chcete hra\u0165. Mo\u017eno v\u00e1s dokonca prekvap\u00ed, ko\u013eko r\u00f4znych hier existuje a ko\u013eko by ste mohli potenci\u00e1lne vyhra\u0165. Nebudete v\u0161ak prekvapen\u00ed, ak\u00e1 ve\u013ek\u00e1 z\u00e1bava pre v\u00e1s je hra\u0165 v\u0161etky tieto r\u00f4zne hry pre seba.<\/p>","protected":false},"excerpt":{"rendered":"<p>Skontrolujte v\u00fdsledky a zistite, \u010di ste vyhrali Lotto America? Akon\u00e1hle vyberiete svoje \u010d\u00edsla a zak\u00fapite si l\u00edstok, ako budete vedie\u0165, \u010di ste skuto\u010dne vyhrali? Je to celkom jednoduch\u00e9. V\u0161etko, \u010do mus\u00edte urobi\u0165, je skontrolova\u0165 RedFoxLotto. Ak ste si nek\u00fapili l\u00edstky, st\u00e1le budete ma\u0165 mo\u017enos\u0165 vidie\u0165 v\u00fdhern\u00e9 \u010d\u00edsla v\u0161etk\u00fdch najnov\u0161\u00edch hier, \u010do znamen\u00e1, \u017ee m\u00f4\u017eete zisti\u0165, [&hellip;]<\/p>\n","protected":false},"author":1,"featured_media":0,"parent":10260,"menu_order":12,"comment_status":"closed","ping_status":"closed","template":"lotto-america-results.php","meta":{"_et_pb_use_builder":"","_et_pb_old_content":"","_et_gb_content_width":"","exclude_from_search":false,"footnotes":""},"class_list":["post-13442","page","type-page","status-publish","hentry"],"yoast_head":"<!-- This site is optimized with the Yoast SEO plugin v23.8 - https:\/\/yoast.com\/wordpress\/plugins\/seo\/ -->\n<title>Lotto America kresl\u00ed v\u00fdsledky, vyhr\u00e1va \u010d\u00edsla<\/title>\n<meta name=\"description\" content=\"Tento t\u00fd\u017ede\u0148 vyhr\u00e1vaj\u00fa \u010d\u00edsla Lotto America a arch\u00edv v\u00fdsledkov\" \/>\n<meta name=\"robots\" content=\"index, follow, max-snippet:-1, max-image-preview:large, max-video-preview:-1\" \/>\n<link rel=\"canonical\" href=\"https:\/\/redfoxlotto.com\/sk\/vysledky\/lotto-america\/\" \/>\n<meta property=\"og:locale\" content=\"sk_SK\" \/>\n<meta property=\"og:type\" content=\"article\" \/>\n<meta property=\"og:title\" content=\"Lotto America kresl\u00ed v\u00fdsledky, vyhr\u00e1va \u010d\u00edsla\" \/>\n<meta property=\"og:description\" content=\"Tento t\u00fd\u017ede\u0148 vyhr\u00e1vaj\u00fa \u010d\u00edsla Lotto America a arch\u00edv v\u00fdsledkov\" \/>\n<meta property=\"og:url\" content=\"https:\/\/redfoxlotto.com\/sk\/vysledky\/lotto-america\/\" \/>\n<meta property=\"og:site_name\" content=\"Get Tickets for the World\u2019s largest jackpots\" \/>\n<meta property=\"article:modified_time\" content=\"2020-08-18T16:22:14+00:00\" \/>\n<meta property=\"og:image\" content=\"https:\/\/content.redfoxlotto.com\/uploads\/sites\/9\/1_draw_results_lotto.jpg\" \/>\n<meta name=\"twitter:card\" content=\"summary_large_image\" \/>\n<meta name=\"twitter:label1\" content=\"Predpokladan\u00fd \u010das \u010d\u00edtania\" \/>\n\t<meta name=\"twitter:data1\" content=\"2 min\u00faty\" \/>\n<script type=\"application\/ld+json\" class=\"yoast-schema-graph\">{\"@context\":\"https:\/\/schema.org\",\"@graph\":[{\"@type\":\"WebPage\",\"@id\":\"https:\/\/redfoxlotto.com\/sk\/vysledky\/lotto-america\/\",\"url\":\"https:\/\/redfoxlotto.com\/sk\/vysledky\/lotto-america\/\",\"name\":\"Lotto America kresl\u00ed v\u00fdsledky, vyhr\u00e1va \u010d\u00edsla\",\"isPartOf\":{\"@id\":\"https:\/\/redfoxlotto.com\/sk\/#website\"},\"primaryImageOfPage\":{\"@id\":\"https:\/\/redfoxlotto.com\/sk\/vysledky\/lotto-america\/#primaryimage\"},\"image\":{\"@id\":\"https:\/\/redfoxlotto.com\/sk\/vysledky\/lotto-america\/#primaryimage\"},\"thumbnailUrl\":\"https:\/\/content.redfoxlotto.com\/uploads\/sites\/9\/1_draw_results_lotto.jpg\",\"datePublished\":\"2020-08-18T09:11:18+00:00\",\"dateModified\":\"2020-08-18T16:22:14+00:00\",\"description\":\"Tento t\u00fd\u017ede\u0148 vyhr\u00e1vaj\u00fa \u010d\u00edsla Lotto America a arch\u00edv v\u00fdsledkov\",\"breadcrumb\":{\"@id\":\"https:\/\/redfoxlotto.com\/sk\/vysledky\/lotto-america\/#breadcrumb\"},\"inLanguage\":\"sk-SK\",\"potentialAction\":[{\"@type\":\"ReadAction\",\"target\":[\"https:\/\/redfoxlotto.com\/sk\/vysledky\/lotto-america\/\"]}]},{\"@type\":\"ImageObject\",\"inLanguage\":\"sk-SK\",\"@id\":\"https:\/\/redfoxlotto.com\/sk\/vysledky\/lotto-america\/#primaryimage\",\"url\":\"https:\/\/content.redfoxlotto.com\/uploads\/sites\/9\/1_draw_results_lotto.jpg\",\"contentUrl\":\"https:\/\/content.redfoxlotto.com\/uploads\/sites\/9\/1_draw_results_lotto.jpg\"},{\"@type\":\"BreadcrumbList\",\"@id\":\"https:\/\/redfoxlotto.com\/sk\/vysledky\/lotto-america\/#breadcrumb\",\"itemListElement\":[{\"@type\":\"ListItem\",\"position\":1,\"name\":\"Home\",\"item\":\"https:\/\/redfoxlotto.com\/sk\/\"},{\"@type\":\"ListItem\",\"position\":2,\"name\":\"V\u00fdsledky medzin\u00e1rodnej lot\u00e9rie\",\"item\":\"https:\/\/redfoxlotto.com\/sk\/vysledky\/\"},{\"@type\":\"ListItem\",\"position\":3,\"name\":\"V\u00fdsledky Lotto America\"}]},{\"@type\":\"WebSite\",\"@id\":\"https:\/\/redfoxlotto.com\/sk\/#website\",\"url\":\"https:\/\/redfoxlotto.com\/sk\/\",\"name\":\"Get Tickets for the World\u2019s largest jackpots\",\"description\":\"Participate in worldwide lottery jackpots from any country\",\"publisher\":{\"@id\":\"https:\/\/redfoxlotto.com\/sk\/#organization\"},\"potentialAction\":[{\"@type\":\"SearchAction\",\"target\":{\"@type\":\"EntryPoint\",\"urlTemplate\":\"https:\/\/redfoxlotto.com\/sk\/?s={search_term_string}\"},\"query-input\":{\"@type\":\"PropertyValueSpecification\",\"valueRequired\":true,\"valueName\":\"search_term_string\"}}],\"inLanguage\":\"sk-SK\"},{\"@type\":\"Organization\",\"@id\":\"https:\/\/redfoxlotto.com\/sk\/#organization\",\"name\":\"Get Tickets for the World\u2019s largest jackpots\",\"url\":\"https:\/\/redfoxlotto.com\/sk\/\",\"logo\":{\"@type\":\"ImageObject\",\"inLanguage\":\"sk-SK\",\"@id\":\"https:\/\/redfoxlotto.com\/sk\/#\/schema\/logo\/image\/\",\"url\":\"https:\/\/redfoxlotto.com\/wp-content\/uploads\/2023\/04\/logo.png\",\"contentUrl\":\"https:\/\/redfoxlotto.com\/wp-content\/uploads\/2023\/04\/logo.png\",\"width\":269,\"height\":53,\"caption\":\"Get Tickets for the World\u2019s largest jackpots\"},\"image\":{\"@id\":\"https:\/\/redfoxlotto.com\/sk\/#\/schema\/logo\/image\/\"}}]}<\/script>\n<!-- \/ Yoast SEO plugin. -->","yoast_head_json":{"title":"Lotto America kresl\u00ed v\u00fdsledky, vyhr\u00e1va \u010d\u00edsla","description":"Tento t\u00fd\u017ede\u0148 vyhr\u00e1vaj\u00fa \u010d\u00edsla Lotto America a arch\u00edv v\u00fdsledkov","robots":{"index":"index","follow":"follow","max-snippet":"max-snippet:-1","max-image-preview":"max-image-preview:large","max-video-preview":"max-video-preview:-1"},"canonical":"https:\/\/redfoxlotto.com\/sk\/vysledky\/lotto-america\/","og_locale":"sk_SK","og_type":"article","og_title":"Lotto America kresl\u00ed v\u00fdsledky, vyhr\u00e1va \u010d\u00edsla","og_description":"Tento t\u00fd\u017ede\u0148 vyhr\u00e1vaj\u00fa \u010d\u00edsla Lotto America a arch\u00edv v\u00fdsledkov","og_url":"https:\/\/redfoxlotto.com\/sk\/vysledky\/lotto-america\/","og_site_name":"Get Tickets for the World\u2019s largest jackpots","article_modified_time":"2020-08-18T16:22:14+00:00","og_image":[{"url":"https:\/\/content.redfoxlotto.com\/uploads\/sites\/9\/1_draw_results_lotto.jpg"}],"twitter_card":"summary_large_image","twitter_misc":{"Predpokladan\u00fd \u010das \u010d\u00edtania":"2 min\u00faty"},"schema":{"@context":"https:\/\/schema.org","@graph":[{"@type":"WebPage","@id":"https:\/\/redfoxlotto.com\/sk\/vysledky\/lotto-america\/","url":"https:\/\/redfoxlotto.com\/sk\/vysledky\/lotto-america\/","name":"Lotto America kresl\u00ed v\u00fdsledky, vyhr\u00e1va \u010d\u00edsla","isPartOf":{"@id":"https:\/\/redfoxlotto.com\/sk\/#website"},"primaryImageOfPage":{"@id":"https:\/\/redfoxlotto.com\/sk\/vysledky\/lotto-america\/#primaryimage"},"image":{"@id":"https:\/\/redfoxlotto.com\/sk\/vysledky\/lotto-america\/#primaryimage"},"thumbnailUrl":"https:\/\/content.redfoxlotto.com\/uploads\/sites\/9\/1_draw_results_lotto.jpg","datePublished":"2020-08-18T09:11:18+00:00","dateModified":"2020-08-18T16:22:14+00:00","description":"Tento t\u00fd\u017ede\u0148 vyhr\u00e1vaj\u00fa \u010d\u00edsla Lotto America a arch\u00edv v\u00fdsledkov","breadcrumb":{"@id":"https:\/\/redfoxlotto.com\/sk\/vysledky\/lotto-america\/#breadcrumb"},"inLanguage":"sk-SK","potentialAction":[{"@type":"ReadAction","target":["https:\/\/redfoxlotto.com\/sk\/vysledky\/lotto-america\/"]}]},{"@type":"ImageObject","inLanguage":"sk-SK","@id":"https:\/\/redfoxlotto.com\/sk\/vysledky\/lotto-america\/#primaryimage","url":"https:\/\/content.redfoxlotto.com\/uploads\/sites\/9\/1_draw_results_lotto.jpg","contentUrl":"https:\/\/content.redfoxlotto.com\/uploads\/sites\/9\/1_draw_results_lotto.jpg"},{"@type":"BreadcrumbList","@id":"https:\/\/redfoxlotto.com\/sk\/vysledky\/lotto-america\/#breadcrumb","itemListElement":[{"@type":"ListItem","position":1,"name":"Home","item":"https:\/\/redfoxlotto.com\/sk\/"},{"@type":"ListItem","position":2,"name":"V\u00fdsledky medzin\u00e1rodnej lot\u00e9rie","item":"https:\/\/redfoxlotto.com\/sk\/vysledky\/"},{"@type":"ListItem","position":3,"name":"V\u00fdsledky Lotto America"}]},{"@type":"WebSite","@id":"https:\/\/redfoxlotto.com\/sk\/#website","url":"https:\/\/redfoxlotto.com\/sk\/","name":"Get Tickets for the World\u2019s largest jackpots","description":"Participate in worldwide lottery jackpots from any country","publisher":{"@id":"https:\/\/redfoxlotto.com\/sk\/#organization"},"potentialAction":[{"@type":"SearchAction","target":{"@type":"EntryPoint","urlTemplate":"https:\/\/redfoxlotto.com\/sk\/?s={search_term_string}"},"query-input":{"@type":"PropertyValueSpecification","valueRequired":true,"valueName":"search_term_string"}}],"inLanguage":"sk-SK"},{"@type":"Organization","@id":"https:\/\/redfoxlotto.com\/sk\/#organization","name":"Get Tickets for the World\u2019s largest jackpots","url":"https:\/\/redfoxlotto.com\/sk\/","logo":{"@type":"ImageObject","inLanguage":"sk-SK","@id":"https:\/\/redfoxlotto.com\/sk\/#\/schema\/logo\/image\/","url":"https:\/\/redfoxlotto.com\/wp-content\/uploads\/2023\/04\/logo.png","contentUrl":"https:\/\/redfoxlotto.com\/wp-content\/uploads\/2023\/04\/logo.png","width":269,"height":53,"caption":"Get Tickets for the World\u2019s largest jackpots"},"image":{"@id":"https:\/\/redfoxlotto.com\/sk\/#\/schema\/logo\/image\/"}}]}},"_links":{"self":[{"href":"https:\/\/redfoxlotto.com\/sk\/wp-json\/wp\/v2\/pages\/13442","targetHints":{"allow":["GET"]}}],"collection":[{"href":"https:\/\/redfoxlotto.com\/sk\/wp-json\/wp\/v2\/pages"}],"about":[{"href":"https:\/\/redfoxlotto.com\/sk\/wp-json\/wp\/v2\/types\/page"}],"author":[{"embeddable":true,"href":"https:\/\/redfoxlotto.com\/sk\/wp-json\/wp\/v2\/users\/1"}],"replies":[{"embeddable":true,"href":"https:\/\/redfoxlotto.com\/sk\/wp-json\/wp\/v2\/comments?post=13442"}],"version-history":[{"count":0,"href":"https:\/\/redfoxlotto.com\/sk\/wp-json\/wp\/v2\/pages\/13442\/revisions"}],"up":[{"embeddable":true,"href":"https:\/\/redfoxlotto.com\/sk\/wp-json\/wp\/v2\/pages\/10260"}],"wp:attachment":[{"href":"https:\/\/redfoxlotto.com\/sk\/wp-json\/wp\/v2\/media?parent=13442"}],"curies":[{"name":"wp","href":"https:\/\/api.w.org\/{rel}","templated":true}]}}