{"id":13376,"date":"2020-08-18T09:23:56","date_gmt":"2020-08-18T09:23:56","guid":{"rendered":"https:\/\/redfoxlotto.com\/?page_id=13376"},"modified":"2020-08-18T17:17:52","modified_gmt":"2020-08-18T16:17:52","slug":"lotto-6aus49","status":"publish","type":"page","link":"https:\/\/redfoxlotto.com\/sk\/vysledky\/lotto-6aus49\/","title":{"rendered":"V\u00fdsledky nemeck\u00e9ho Lotta"},"content":{"rendered":"<h2 class=\"wp-block-heading\">Nemeck\u00e9 Lotto 6aus49 v\u00fdhern\u00e9 \u010d\u00edsla<\/h2><p><img loading=\"lazy\" decoding=\"async\" class=\" wp-image alignright\" src=\"https:\/\/content.redfoxlotto.com\/uploads\/sites\/9\/1_draw_results_lotto2.jpg\" alt=\"v\u00fdsledky lot\u00e9rie nemecko\" width=\"251\" height=\"119\" \/><\/p><p>Ak ste hrali nemeck\u00e9 Lotto, chcete vedie\u0165, \u010di ste nie\u010do vyhrali a to znamen\u00e1, \u017ee mus\u00edte pozna\u0165 v\u00fdhern\u00e9 \u010d\u00edsla. Alebo ak chcete hra\u0165 niektor\u00e9 z \u010d\u00edsel, ktor\u00e9 ned\u00e1vno vyhrali alebo naj\u010dastej\u0161ie potrebujete vedie\u0165, o ak\u00e9 \u010d\u00edsla ide, ale ako skontrolujete nemeck\u00e9 v\u00fdhern\u00e9 \u010d\u00edsla Lotto 6aus49?<\/p><h2 class=\"wp-block-heading\">Kontrola najnov\u0161\u00edch v\u00fdsledkov<\/h2><p>Najnov\u0161ie v\u00fdsledky pre t\u00fato hru lotto m\u00f4\u017eete skontrolova\u0165 priamo online a m\u00f4\u017eete to urobi\u0165 aj z RedFoxLotto.com. V\u0161etko, \u010do mus\u00edte urobi\u0165, je nav\u0161t\u00edvi\u0165 webov\u00fa str\u00e1nku a uvid\u00edte v\u00fdhern\u00e9 \u010d\u00edsla v\u0161etk\u00fdch svojich ob\u013e\u00faben\u00fdch hier.<\/p><p>Ak ste skuto\u010dne hrali t\u00fato hru (alebo ktor\u00fako\u013evek in\u00fa), m\u00f4\u017eete sa prihl\u00e1si\u0165 do svojho \u00fa\u010dtu a skontrolova\u0165 tam v\u00fdhern\u00e9 \u010d\u00edsla. Takto zist\u00edte, \u010di ste nie\u010do vyhrali.<\/p><h2 class=\"wp-block-heading\">Vyhrali ste<\/h2><p><img loading=\"lazy\" decoding=\"async\" class=\" wp-image alignright\" src=\"https:\/\/content.redfoxlotto.com\/uploads\/sites\/9\/1_win_lottery_prizes.jpg\" alt=\"vyhra\u0165 lot\u00e9riu\" width=\"249\" height=\"166\" \/><\/p><p>Ak ste na na\u0161ej str\u00e1nke hrali niektor\u00fa z lotto hier a vyhrali ste, budete to okam\u017eite vedie\u0165, preto\u017ee sa m\u00f4\u017eete prihl\u00e1si\u0165 do svojho \u00fa\u010dtu a zobrazi\u0165 v\u00fdhern\u00e9 \u010d\u00edsla v porovnan\u00ed s va\u0161imi vlastn\u00fdmi. V\u0161etky zodpovedaj\u00face \u010d\u00edsla bud\u00fa zv\u00fdraznen\u00e9, aby ste ich videli. A va\u0161e v\u00fdhry sa automaticky prip\u00ed\u0161u tie\u017e na v\u00e1\u0161 \u00fa\u010det.<\/p><h2 class=\"wp-block-heading\">Kontrola star\u00fdch \u010d\u00edsel<\/h2><p>Ak chcete pozna\u0165 niektor\u00e9 z nemeck\u00fdch v\u00fdhern\u00fdch \u010d\u00edsiel Lotto 6aus49 z obdobia predt\u00fdm, ako sa m\u00f4\u017eete pozrie\u0165 na arch\u00edv v\u00fdsledkov. N\u00e1jdete star\u00e9 \u010d\u00edsla, ktor\u00e9 m\u00f4\u017eete pou\u017ei\u0165 na \u010doko\u013evek, \u010do chcete.<\/p>","protected":false},"excerpt":{"rendered":"<p>Nemeck\u00e9 Lotto 6aus49 v\u00fdhern\u00e9 \u010d\u00edsla Ak ste hrali nemeck\u00e9 Lotto, chcete vedie\u0165, \u010di ste nie\u010do vyhrali a to znamen\u00e1, \u017ee mus\u00edte pozna\u0165 v\u00fdhern\u00e9 \u010d\u00edsla. Alebo ak chcete hra\u0165 niektor\u00e9 z \u010d\u00edsel, ktor\u00e9 ned\u00e1vno vyhrali alebo naj\u010dastej\u0161ie potrebujete vedie\u0165, o ak\u00e9 \u010d\u00edsla ide, ale ako skontrolujete nemeck\u00e9 v\u00fdhern\u00e9 \u010d\u00edsla Lotto 6aus49? Kontrola najnov\u0161\u00edch v\u00fdsledkov Najnov\u0161ie v\u00fdsledky [&hellip;]<\/p>\n","protected":false},"author":1,"featured_media":0,"parent":10260,"menu_order":15,"comment_status":"closed","ping_status":"closed","template":"lotto-german-results.php","meta":{"_et_pb_use_builder":"","_et_pb_old_content":"","_et_gb_content_width":"","exclude_from_search":false,"footnotes":""},"class_list":["post-13376","page","type-page","status-publish","hentry"],"yoast_head":"<!-- This site is optimized with the Yoast SEO plugin v27.4 - https:\/\/yoast.com\/product\/yoast-seo-wordpress\/ -->\n<title>Nemeck\u00e9 lotto rem\u00edza v\u00fdsledkov a v\u00fdhern\u00e9 kombin\u00e1cie \u010d\u00edsel, plus arch\u00edv<\/title>\n<meta name=\"description\" content=\"Vybrali ste v\u00fdhern\u00e9 \u010d\u00edsla pre nemeck\u00e9 Lotto? Skontrolujte v\u00fdsledky rem\u00edzy na na\u0161ej webovej str\u00e1nke\" \/>\n<meta name=\"robots\" content=\"index, follow, max-snippet:-1, max-image-preview:large, max-video-preview:-1\" \/>\n<link rel=\"canonical\" href=\"https:\/\/redfoxlotto.com\/sk\/vysledky\/lotto-6aus49\/\" \/>\n<meta property=\"og:locale\" content=\"sk_SK\" \/>\n<meta property=\"og:type\" content=\"article\" \/>\n<meta property=\"og:title\" content=\"Nemeck\u00e9 lotto rem\u00edza v\u00fdsledkov a v\u00fdhern\u00e9 kombin\u00e1cie \u010d\u00edsel, plus arch\u00edv\" \/>\n<meta property=\"og:description\" content=\"Vybrali ste v\u00fdhern\u00e9 \u010d\u00edsla pre nemeck\u00e9 Lotto? Skontrolujte v\u00fdsledky rem\u00edzy na na\u0161ej webovej str\u00e1nke\" \/>\n<meta property=\"og:url\" content=\"https:\/\/redfoxlotto.com\/sk\/vysledky\/lotto-6aus49\/\" \/>\n<meta property=\"og:site_name\" content=\"Get Tickets for the World\u2019s largest jackpots\" \/>\n<meta property=\"article:modified_time\" content=\"2020-08-18T16:17:52+00:00\" \/>\n<meta property=\"og:image\" content=\"https:\/\/content.redfoxlotto.com\/uploads\/sites\/9\/1_draw_results_lotto2.jpg\" \/>\n<meta name=\"twitter:card\" content=\"summary_large_image\" \/>\n<meta name=\"twitter:label1\" content=\"Predpokladan\u00fd \u010das \u010d\u00edtania\" \/>\n\t<meta name=\"twitter:data1\" content=\"2 min\u00faty\" \/>\n<script type=\"application\/ld+json\" class=\"yoast-schema-graph\">{\"@context\":\"https:\\\/\\\/schema.org\",\"@graph\":[{\"@type\":\"WebPage\",\"@id\":\"https:\\\/\\\/redfoxlotto.com\\\/sk\\\/vysledky\\\/lotto-6aus49\\\/\",\"url\":\"https:\\\/\\\/redfoxlotto.com\\\/sk\\\/vysledky\\\/lotto-6aus49\\\/\",\"name\":\"Nemeck\u00e9 lotto rem\u00edza v\u00fdsledkov a v\u00fdhern\u00e9 kombin\u00e1cie \u010d\u00edsel, plus arch\u00edv\",\"isPartOf\":{\"@id\":\"https:\\\/\\\/redfoxlotto.com\\\/sk\\\/#website\"},\"primaryImageOfPage\":{\"@id\":\"https:\\\/\\\/redfoxlotto.com\\\/sk\\\/vysledky\\\/lotto-6aus49\\\/#primaryimage\"},\"image\":{\"@id\":\"https:\\\/\\\/redfoxlotto.com\\\/sk\\\/vysledky\\\/lotto-6aus49\\\/#primaryimage\"},\"thumbnailUrl\":\"https:\\\/\\\/content.redfoxlotto.com\\\/uploads\\\/sites\\\/9\\\/1_draw_results_lotto2.jpg\",\"datePublished\":\"2020-08-18T09:23:56+00:00\",\"dateModified\":\"2020-08-18T16:17:52+00:00\",\"description\":\"Vybrali ste v\u00fdhern\u00e9 \u010d\u00edsla pre nemeck\u00e9 Lotto? Skontrolujte v\u00fdsledky rem\u00edzy na na\u0161ej webovej str\u00e1nke\",\"breadcrumb\":{\"@id\":\"https:\\\/\\\/redfoxlotto.com\\\/sk\\\/vysledky\\\/lotto-6aus49\\\/#breadcrumb\"},\"inLanguage\":\"sk-SK\",\"potentialAction\":[{\"@type\":\"ReadAction\",\"target\":[\"https:\\\/\\\/redfoxlotto.com\\\/sk\\\/vysledky\\\/lotto-6aus49\\\/\"]}]},{\"@type\":\"ImageObject\",\"inLanguage\":\"sk-SK\",\"@id\":\"https:\\\/\\\/redfoxlotto.com\\\/sk\\\/vysledky\\\/lotto-6aus49\\\/#primaryimage\",\"url\":\"https:\\\/\\\/content.redfoxlotto.com\\\/uploads\\\/sites\\\/9\\\/1_draw_results_lotto2.jpg\",\"contentUrl\":\"https:\\\/\\\/content.redfoxlotto.com\\\/uploads\\\/sites\\\/9\\\/1_draw_results_lotto2.jpg\"},{\"@type\":\"BreadcrumbList\",\"@id\":\"https:\\\/\\\/redfoxlotto.com\\\/sk\\\/vysledky\\\/lotto-6aus49\\\/#breadcrumb\",\"itemListElement\":[{\"@type\":\"ListItem\",\"position\":1,\"name\":\"Home\",\"item\":\"https:\\\/\\\/redfoxlotto.com\\\/sk\\\/\"},{\"@type\":\"ListItem\",\"position\":2,\"name\":\"V\u00fdsledky medzin\u00e1rodnej lot\u00e9rie\",\"item\":\"https:\\\/\\\/redfoxlotto.com\\\/sk\\\/vysledky\\\/\"},{\"@type\":\"ListItem\",\"position\":3,\"name\":\"V\u00fdsledky nemeck\u00e9ho Lotta\"}]},{\"@type\":\"WebSite\",\"@id\":\"https:\\\/\\\/redfoxlotto.com\\\/sk\\\/#website\",\"url\":\"https:\\\/\\\/redfoxlotto.com\\\/sk\\\/\",\"name\":\"Get Tickets for the World\u2019s largest jackpots\",\"description\":\"Participate in worldwide lottery jackpots from any country\",\"publisher\":{\"@id\":\"https:\\\/\\\/redfoxlotto.com\\\/sk\\\/#organization\"},\"potentialAction\":[{\"@type\":\"SearchAction\",\"target\":{\"@type\":\"EntryPoint\",\"urlTemplate\":\"https:\\\/\\\/redfoxlotto.com\\\/sk\\\/?s={search_term_string}\"},\"query-input\":{\"@type\":\"PropertyValueSpecification\",\"valueRequired\":true,\"valueName\":\"search_term_string\"}}],\"inLanguage\":\"sk-SK\"},{\"@type\":\"Organization\",\"@id\":\"https:\\\/\\\/redfoxlotto.com\\\/sk\\\/#organization\",\"name\":\"Get Tickets for the World\u2019s largest jackpots\",\"url\":\"https:\\\/\\\/redfoxlotto.com\\\/sk\\\/\",\"logo\":{\"@type\":\"ImageObject\",\"inLanguage\":\"sk-SK\",\"@id\":\"https:\\\/\\\/redfoxlotto.com\\\/sk\\\/#\\\/schema\\\/logo\\\/image\\\/\",\"url\":\"https:\\\/\\\/redfoxlotto.com\\\/wp-content\\\/uploads\\\/2023\\\/04\\\/logo.png\",\"contentUrl\":\"https:\\\/\\\/redfoxlotto.com\\\/wp-content\\\/uploads\\\/2023\\\/04\\\/logo.png\",\"width\":269,\"height\":53,\"caption\":\"Get Tickets for the World\u2019s largest jackpots\"},\"image\":{\"@id\":\"https:\\\/\\\/redfoxlotto.com\\\/sk\\\/#\\\/schema\\\/logo\\\/image\\\/\"}}]}<\/script>\n<!-- \/ Yoast SEO plugin. -->","yoast_head_json":{"title":"Nemeck\u00e9 lotto rem\u00edza v\u00fdsledkov a v\u00fdhern\u00e9 kombin\u00e1cie \u010d\u00edsel, plus arch\u00edv","description":"Vybrali ste v\u00fdhern\u00e9 \u010d\u00edsla pre nemeck\u00e9 Lotto? Skontrolujte v\u00fdsledky rem\u00edzy na na\u0161ej webovej str\u00e1nke","robots":{"index":"index","follow":"follow","max-snippet":"max-snippet:-1","max-image-preview":"max-image-preview:large","max-video-preview":"max-video-preview:-1"},"canonical":"https:\/\/redfoxlotto.com\/sk\/vysledky\/lotto-6aus49\/","og_locale":"sk_SK","og_type":"article","og_title":"Nemeck\u00e9 lotto rem\u00edza v\u00fdsledkov a v\u00fdhern\u00e9 kombin\u00e1cie \u010d\u00edsel, plus arch\u00edv","og_description":"Vybrali ste v\u00fdhern\u00e9 \u010d\u00edsla pre nemeck\u00e9 Lotto? Skontrolujte v\u00fdsledky rem\u00edzy na na\u0161ej webovej str\u00e1nke","og_url":"https:\/\/redfoxlotto.com\/sk\/vysledky\/lotto-6aus49\/","og_site_name":"Get Tickets for the World\u2019s largest jackpots","article_modified_time":"2020-08-18T16:17:52+00:00","og_image":[{"url":"https:\/\/content.redfoxlotto.com\/uploads\/sites\/9\/1_draw_results_lotto2.jpg","type":"","width":"","height":""}],"twitter_card":"summary_large_image","twitter_misc":{"Predpokladan\u00fd \u010das \u010d\u00edtania":"2 min\u00faty"},"schema":{"@context":"https:\/\/schema.org","@graph":[{"@type":"WebPage","@id":"https:\/\/redfoxlotto.com\/sk\/vysledky\/lotto-6aus49\/","url":"https:\/\/redfoxlotto.com\/sk\/vysledky\/lotto-6aus49\/","name":"Nemeck\u00e9 lotto rem\u00edza v\u00fdsledkov a v\u00fdhern\u00e9 kombin\u00e1cie \u010d\u00edsel, plus arch\u00edv","isPartOf":{"@id":"https:\/\/redfoxlotto.com\/sk\/#website"},"primaryImageOfPage":{"@id":"https:\/\/redfoxlotto.com\/sk\/vysledky\/lotto-6aus49\/#primaryimage"},"image":{"@id":"https:\/\/redfoxlotto.com\/sk\/vysledky\/lotto-6aus49\/#primaryimage"},"thumbnailUrl":"https:\/\/content.redfoxlotto.com\/uploads\/sites\/9\/1_draw_results_lotto2.jpg","datePublished":"2020-08-18T09:23:56+00:00","dateModified":"2020-08-18T16:17:52+00:00","description":"Vybrali ste v\u00fdhern\u00e9 \u010d\u00edsla pre nemeck\u00e9 Lotto? Skontrolujte v\u00fdsledky rem\u00edzy na na\u0161ej webovej str\u00e1nke","breadcrumb":{"@id":"https:\/\/redfoxlotto.com\/sk\/vysledky\/lotto-6aus49\/#breadcrumb"},"inLanguage":"sk-SK","potentialAction":[{"@type":"ReadAction","target":["https:\/\/redfoxlotto.com\/sk\/vysledky\/lotto-6aus49\/"]}]},{"@type":"ImageObject","inLanguage":"sk-SK","@id":"https:\/\/redfoxlotto.com\/sk\/vysledky\/lotto-6aus49\/#primaryimage","url":"https:\/\/content.redfoxlotto.com\/uploads\/sites\/9\/1_draw_results_lotto2.jpg","contentUrl":"https:\/\/content.redfoxlotto.com\/uploads\/sites\/9\/1_draw_results_lotto2.jpg"},{"@type":"BreadcrumbList","@id":"https:\/\/redfoxlotto.com\/sk\/vysledky\/lotto-6aus49\/#breadcrumb","itemListElement":[{"@type":"ListItem","position":1,"name":"Home","item":"https:\/\/redfoxlotto.com\/sk\/"},{"@type":"ListItem","position":2,"name":"V\u00fdsledky medzin\u00e1rodnej lot\u00e9rie","item":"https:\/\/redfoxlotto.com\/sk\/vysledky\/"},{"@type":"ListItem","position":3,"name":"V\u00fdsledky nemeck\u00e9ho Lotta"}]},{"@type":"WebSite","@id":"https:\/\/redfoxlotto.com\/sk\/#website","url":"https:\/\/redfoxlotto.com\/sk\/","name":"Get Tickets for the World\u2019s largest jackpots","description":"Participate in worldwide lottery jackpots from any country","publisher":{"@id":"https:\/\/redfoxlotto.com\/sk\/#organization"},"potentialAction":[{"@type":"SearchAction","target":{"@type":"EntryPoint","urlTemplate":"https:\/\/redfoxlotto.com\/sk\/?s={search_term_string}"},"query-input":{"@type":"PropertyValueSpecification","valueRequired":true,"valueName":"search_term_string"}}],"inLanguage":"sk-SK"},{"@type":"Organization","@id":"https:\/\/redfoxlotto.com\/sk\/#organization","name":"Get Tickets for the World\u2019s largest jackpots","url":"https:\/\/redfoxlotto.com\/sk\/","logo":{"@type":"ImageObject","inLanguage":"sk-SK","@id":"https:\/\/redfoxlotto.com\/sk\/#\/schema\/logo\/image\/","url":"https:\/\/redfoxlotto.com\/wp-content\/uploads\/2023\/04\/logo.png","contentUrl":"https:\/\/redfoxlotto.com\/wp-content\/uploads\/2023\/04\/logo.png","width":269,"height":53,"caption":"Get Tickets for the World\u2019s largest jackpots"},"image":{"@id":"https:\/\/redfoxlotto.com\/sk\/#\/schema\/logo\/image\/"}}]}},"_links":{"self":[{"href":"https:\/\/redfoxlotto.com\/sk\/wp-json\/wp\/v2\/pages\/13376","targetHints":{"allow":["GET"]}}],"collection":[{"href":"https:\/\/redfoxlotto.com\/sk\/wp-json\/wp\/v2\/pages"}],"about":[{"href":"https:\/\/redfoxlotto.com\/sk\/wp-json\/wp\/v2\/types\/page"}],"author":[{"embeddable":true,"href":"https:\/\/redfoxlotto.com\/sk\/wp-json\/wp\/v2\/users\/1"}],"replies":[{"embeddable":true,"href":"https:\/\/redfoxlotto.com\/sk\/wp-json\/wp\/v2\/comments?post=13376"}],"version-history":[{"count":0,"href":"https:\/\/redfoxlotto.com\/sk\/wp-json\/wp\/v2\/pages\/13376\/revisions"}],"up":[{"embeddable":true,"href":"https:\/\/redfoxlotto.com\/sk\/wp-json\/wp\/v2\/pages\/10260"}],"wp:attachment":[{"href":"https:\/\/redfoxlotto.com\/sk\/wp-json\/wp\/v2\/media?parent=13376"}],"curies":[{"name":"wp","href":"https:\/\/api.w.org\/{rel}","templated":true}]}}