{"id":13278,"date":"2023-04-24T18:07:24","date_gmt":"2023-04-24T18:07:24","guid":{"rendered":"https:\/\/redfoxlotto.com\/?page_id=13278"},"modified":"2025-12-11T09:42:10","modified_gmt":"2025-12-11T09:42:10","slug":"thunderball","status":"publish","type":"page","link":"https:\/\/redfoxlotto.com\/sk\/hraj\/thunderball\/","title":{"rendered":"Hrajte Thunderball Lotto online"},"content":{"rendered":"<script type=\"application\/ld+json\">\r\n{\r\n  \"@context\": \"https:\/\/schema.org\",\r\n  \"@type\": \"Service\",\r\n  \"name\": \"Thunderball Lotto online\",\r\n  \"url\": \"https:\/\/redfoxlotto.com\/sk\/hraj\/thunderball\/\",\r\n  \"description\": \"Zak\u00fapte si ofici\u00e1lne l\u00edstky Thunderball Lotto online cez RedFoxLotto. Vyberte svoje \u010d\u00edsla a zapojte sa do \u010fal\u0161ieho \u017erebovania.\",\r\n  \"serviceType\": \"Online lottery ticket purchase\",\r\n\r\n  \"provider\": {\r\n    \"@type\": \"Organization\",\r\n    \"name\": \"RedFoxLotto\",\r\n    \"url\": \"https:\/\/redfoxlotto.com\",\r\n    \"logo\": \"https:\/\/redfoxlotto.com\/wp-content\/uploads\/logo.png\"\r\n  },\r\n\r\n  \"areaServed\": \"Worldwide\",\r\n  \"termsOfService\": \"https:\/\/redfoxlotto.com\/terms-and-conditions\",\r\n\r\n  \"hasOfferCatalog\": {\r\n    \"@type\": \"OfferCatalog\",\r\n    \"name\": \"Thunderball Lotto Offers\",\r\n    \"itemListElement\": [\r\n      {\r\n        \"@type\": \"Offer\",\r\n        \"name\": \"Lotto Thunderball Lotto Ticket\",\r\n        \"url\": \"https:\/\/redfoxlotto.com\/sk\/hraj\/thunderball\/\",\r\n        \"description\": \"Jedna \u00fa\u010das\u0165 na \u010fal\u0161om \u017erebovan\u00ed Thunderball Lotto.\",\r\n        \"price\": \"4.00\",\r\n        \"priceCurrency\": \"EUR\",\r\n        \"availability\": \"https:\/\/schema.org\/InStock\",\r\n\r\n        \"itemOffered\": {\r\n          \"@type\": \"Service\",\r\n          \"name\": \"Thunderball Lotto Lottery Entry\",\r\n          \"description\": \"\u00da\u010das\u0165 na \u010fal\u0161om \u017erebovan\u00ed Thunderball Lotto cez RedFoxLotto.\"\r\n        }\r\n      }\r\n    ]\r\n  },\r\n\r\n  \"mainEntityOfPage\": {\r\n    \"@type\": \"WebPage\",\r\n    \"@id\": \"https:\/\/redfoxlotto.com\/sk\/hraj\/thunderball\/\"\r\n  }\r\n}\r\n<\/script>\r\n\r\n<p><\/p>\r\n<p>Ak chcete za\u010da\u0165 hra\u0165 \u00faplne nov\u00fa hru, mali by ste sa bli\u017e\u0161ie pozrie\u0165 na Thunderball. Mo\u017eno v\u00e1s dokonca prekvap\u00ed, ko\u013eko z\u00e1bavy s n\u00edm m\u00e1te a v\u0161etky mo\u017enosti, ktor\u00e9 si m\u00f4\u017eete vybra\u0165. Je to preto, \u017ee ke\u010f hr\u00e1te online Thunderball UK Lotto, m\u00f4\u017eete si dokonca zvoli\u0165 dni, kedy budete hra\u0165.<\/p>\r\n<p><\/p>\r\n<p><\/p>\r\n<h2 class=\"wp-block-heading\">Ako hra\u0165 online loteriu Thunderball UK<\/h2>\r\n<p><\/p>\r\n<p><img loading=\"lazy\" decoding=\"async\" class=\" wp-image alignright\" src=\"https:\/\/content.redfoxlotto.com\/uploads\/sites\/9\/1_play_online_lotto.jpg\" alt=\"hra\u0165 thunderball online\" width=\"245\" height=\"245\" \/><\/p>\r\n<p><\/p>\r\n<p>V tejto hre si vyberiete p\u00e4\u0165 be\u017en\u00fdch \u010d\u00edsel a jedno bonusov\u00e9 \u010d\u00edslo. Ka\u017ed\u00e9 z be\u017en\u00fdch \u010d\u00edsel mus\u00ed by\u0165 medzi 1 a 39. Ka\u017ed\u00e9 z \u010d\u00edsel Thunderball mus\u00ed by\u0165 medzi 1 a 14. Alebo si m\u00f4\u017eete zvoli\u0165 l\u00edstok Lucky Dip, ktor\u00fd sa v\u00e1m vygeneruje automaticky.<\/p>\r\n<p><\/p>\r\n<p><\/p>\r\n<p>Hne\u010f ako z\u00edskate svoje \u010d\u00edsla, m\u00f4\u017eete si zvoli\u0165, na ktor\u00e9 dni a ako dlho m\u00e1 by\u0165 l\u00edstok platn\u00fd. Takto z\u00edskate to\u013eko kresieb, ko\u013eko chcete.<\/p>\r\n<p><\/p>\r\n<p><\/p>\r\n<h2 class=\"wp-block-heading\">Kontrola v\u00ed\u0165azn\u00fdch \u010d\u00edsel<\/h2>\r\n<p><\/p>\r\n<p><\/p>\r\n<p>Po zak\u00fapen\u00ed l\u00edstkov budete chcie\u0165 vedie\u0165, \u010di ste nie\u010do vyhrali, v\u0161ak? Je to jednoduch\u0161ie zisti\u0165, ako by ste si mysleli. Mus\u00edte si len pozrie\u0165 v\u00fdhern\u00e9 \u010d\u00edsla online na svojom ob\u013e\u00fabenom mieste. Rovnako ako RedFoxLotto.com.<\/p>\r\n<p><\/p>\r\n<p><\/p>\r\n<p>Ak ste u\u017e t\u00fato hru hrali a potrebujete zisti\u0165, \u010di ste nie\u010do vyhrali, je to e\u0161te lep\u0161ie skontrolova\u0165, preto\u017ee svoje vlastn\u00e9 \u010d\u00edsla m\u00f4\u017eete porovna\u0165 po prihl\u00e1sen\u00ed sa do svojho \u00fa\u010dtu. A vlastne urob\u00edme v\u0161etko porovnanie za v\u00e1s, aby ste si mohli odd\u00fdchnu\u0165.<\/p>\r\n<p><\/p>","protected":false},"excerpt":{"rendered":"<p>Ak chcete za\u010da\u0165 hra\u0165 \u00faplne nov\u00fa hru, mali by ste sa bli\u017e\u0161ie pozrie\u0165 na Thunderball. Mo\u017eno v\u00e1s dokonca prekvap\u00ed, ko\u013eko z\u00e1bavy s n\u00edm m\u00e1te a v\u0161etky mo\u017enosti, ktor\u00e9 si m\u00f4\u017eete vybra\u0165. Je to preto, \u017ee ke\u010f hr\u00e1te online Thunderball UK Lotto, m\u00f4\u017eete si dokonca zvoli\u0165 dni, kedy budete hra\u0165. Ako hra\u0165 online loteriu Thunderball UK [&hellip;]<\/p>\n","protected":false},"author":1,"featured_media":0,"parent":10270,"menu_order":11,"comment_status":"closed","ping_status":"closed","template":"thunderball.php","meta":{"_et_pb_use_builder":"","_et_pb_old_content":"","_et_gb_content_width":"","exclude_from_search":false,"footnotes":""},"class_list":["post-13278","page","type-page","status-publish","hentry"],"yoast_head":"<!-- This site is optimized with the Yoast SEO plugin v23.8 - https:\/\/yoast.com\/wordpress\/plugins\/seo\/ -->\n<title>Z\u00fa\u010dastnite sa Thunderball Lotto online<\/title>\n<meta name=\"description\" content=\"Britsk\u00fa lot\u00e9riu Thunderball je teraz mo\u017en\u00e9 hra\u0165 online z ktorejko\u013evek krajiny\" \/>\n<meta name=\"robots\" content=\"index, follow, max-snippet:-1, max-image-preview:large, max-video-preview:-1\" \/>\n<link rel=\"canonical\" href=\"https:\/\/redfoxlotto.com\/sk\/hraj\/thunderball\/\" \/>\n<meta property=\"og:locale\" content=\"sk_SK\" \/>\n<meta property=\"og:type\" content=\"article\" \/>\n<meta property=\"og:title\" content=\"Z\u00fa\u010dastnite sa Thunderball Lotto online\" \/>\n<meta property=\"og:description\" content=\"Britsk\u00fa lot\u00e9riu Thunderball je teraz mo\u017en\u00e9 hra\u0165 online z ktorejko\u013evek krajiny\" \/>\n<meta property=\"og:url\" content=\"https:\/\/redfoxlotto.com\/sk\/hraj\/thunderball\/\" \/>\n<meta property=\"og:site_name\" content=\"Get Tickets for the World\u2019s largest jackpots\" \/>\n<meta property=\"article:modified_time\" content=\"2025-12-11T09:42:10+00:00\" \/>\n<meta property=\"og:image\" content=\"https:\/\/content.redfoxlotto.com\/uploads\/sites\/9\/1_play_online_lotto.jpg\" \/>\n<meta name=\"twitter:card\" content=\"summary_large_image\" \/>\n<meta name=\"twitter:label1\" content=\"Predpokladan\u00fd \u010das \u010d\u00edtania\" \/>\n\t<meta name=\"twitter:data1\" content=\"2 min\u00faty\" \/>\n<script type=\"application\/ld+json\" class=\"yoast-schema-graph\">{\"@context\":\"https:\/\/schema.org\",\"@graph\":[{\"@type\":\"WebPage\",\"@id\":\"https:\/\/redfoxlotto.com\/sk\/hraj\/thunderball\/\",\"url\":\"https:\/\/redfoxlotto.com\/sk\/hraj\/thunderball\/\",\"name\":\"Z\u00fa\u010dastnite sa Thunderball Lotto online\",\"isPartOf\":{\"@id\":\"https:\/\/redfoxlotto.com\/sk\/#website\"},\"primaryImageOfPage\":{\"@id\":\"https:\/\/redfoxlotto.com\/sk\/hraj\/thunderball\/#primaryimage\"},\"image\":{\"@id\":\"https:\/\/redfoxlotto.com\/sk\/hraj\/thunderball\/#primaryimage\"},\"thumbnailUrl\":\"https:\/\/content.redfoxlotto.com\/uploads\/sites\/9\/1_play_online_lotto.jpg\",\"datePublished\":\"2023-04-24T18:07:24+00:00\",\"dateModified\":\"2025-12-11T09:42:10+00:00\",\"description\":\"Britsk\u00fa lot\u00e9riu Thunderball je teraz mo\u017en\u00e9 hra\u0165 online z ktorejko\u013evek krajiny\",\"breadcrumb\":{\"@id\":\"https:\/\/redfoxlotto.com\/sk\/hraj\/thunderball\/#breadcrumb\"},\"inLanguage\":\"sk-SK\",\"potentialAction\":[{\"@type\":\"ReadAction\",\"target\":[\"https:\/\/redfoxlotto.com\/sk\/hraj\/thunderball\/\"]}]},{\"@type\":\"ImageObject\",\"inLanguage\":\"sk-SK\",\"@id\":\"https:\/\/redfoxlotto.com\/sk\/hraj\/thunderball\/#primaryimage\",\"url\":\"https:\/\/content.redfoxlotto.com\/uploads\/sites\/9\/1_play_online_lotto.jpg\",\"contentUrl\":\"https:\/\/content.redfoxlotto.com\/uploads\/sites\/9\/1_play_online_lotto.jpg\"},{\"@type\":\"BreadcrumbList\",\"@id\":\"https:\/\/redfoxlotto.com\/sk\/hraj\/thunderball\/#breadcrumb\",\"itemListElement\":[{\"@type\":\"ListItem\",\"position\":1,\"name\":\"Home\",\"item\":\"https:\/\/redfoxlotto.com\/sk\/\"},{\"@type\":\"ListItem\",\"position\":2,\"name\":\"Ako hra\u0165 lot\u00e9rie z in\u00fdch kraj\u00edn\",\"item\":\"https:\/\/redfoxlotto.com\/sk\/hraj\/\"},{\"@type\":\"ListItem\",\"position\":3,\"name\":\"Hrajte Thunderball Lotto online\"}]},{\"@type\":\"WebSite\",\"@id\":\"https:\/\/redfoxlotto.com\/sk\/#website\",\"url\":\"https:\/\/redfoxlotto.com\/sk\/\",\"name\":\"Get Tickets for the World\u2019s largest jackpots\",\"description\":\"Participate in worldwide lottery jackpots from any country\",\"publisher\":{\"@id\":\"https:\/\/redfoxlotto.com\/sk\/#organization\"},\"potentialAction\":[{\"@type\":\"SearchAction\",\"target\":{\"@type\":\"EntryPoint\",\"urlTemplate\":\"https:\/\/redfoxlotto.com\/sk\/?s={search_term_string}\"},\"query-input\":{\"@type\":\"PropertyValueSpecification\",\"valueRequired\":true,\"valueName\":\"search_term_string\"}}],\"inLanguage\":\"sk-SK\"},{\"@type\":\"Organization\",\"@id\":\"https:\/\/redfoxlotto.com\/sk\/#organization\",\"name\":\"Get Tickets for the World\u2019s largest jackpots\",\"url\":\"https:\/\/redfoxlotto.com\/sk\/\",\"logo\":{\"@type\":\"ImageObject\",\"inLanguage\":\"sk-SK\",\"@id\":\"https:\/\/redfoxlotto.com\/sk\/#\/schema\/logo\/image\/\",\"url\":\"https:\/\/redfoxlotto.com\/wp-content\/uploads\/2023\/04\/logo.png\",\"contentUrl\":\"https:\/\/redfoxlotto.com\/wp-content\/uploads\/2023\/04\/logo.png\",\"width\":269,\"height\":53,\"caption\":\"Get Tickets for the World\u2019s largest jackpots\"},\"image\":{\"@id\":\"https:\/\/redfoxlotto.com\/sk\/#\/schema\/logo\/image\/\"}}]}<\/script>\n<!-- \/ Yoast SEO plugin. -->","yoast_head_json":{"title":"Z\u00fa\u010dastnite sa Thunderball Lotto online","description":"Britsk\u00fa lot\u00e9riu Thunderball je teraz mo\u017en\u00e9 hra\u0165 online z ktorejko\u013evek krajiny","robots":{"index":"index","follow":"follow","max-snippet":"max-snippet:-1","max-image-preview":"max-image-preview:large","max-video-preview":"max-video-preview:-1"},"canonical":"https:\/\/redfoxlotto.com\/sk\/hraj\/thunderball\/","og_locale":"sk_SK","og_type":"article","og_title":"Z\u00fa\u010dastnite sa Thunderball Lotto online","og_description":"Britsk\u00fa lot\u00e9riu Thunderball je teraz mo\u017en\u00e9 hra\u0165 online z ktorejko\u013evek krajiny","og_url":"https:\/\/redfoxlotto.com\/sk\/hraj\/thunderball\/","og_site_name":"Get Tickets for the World\u2019s largest jackpots","article_modified_time":"2025-12-11T09:42:10+00:00","og_image":[{"url":"https:\/\/content.redfoxlotto.com\/uploads\/sites\/9\/1_play_online_lotto.jpg"}],"twitter_card":"summary_large_image","twitter_misc":{"Predpokladan\u00fd \u010das \u010d\u00edtania":"2 min\u00faty"},"schema":{"@context":"https:\/\/schema.org","@graph":[{"@type":"WebPage","@id":"https:\/\/redfoxlotto.com\/sk\/hraj\/thunderball\/","url":"https:\/\/redfoxlotto.com\/sk\/hraj\/thunderball\/","name":"Z\u00fa\u010dastnite sa Thunderball Lotto online","isPartOf":{"@id":"https:\/\/redfoxlotto.com\/sk\/#website"},"primaryImageOfPage":{"@id":"https:\/\/redfoxlotto.com\/sk\/hraj\/thunderball\/#primaryimage"},"image":{"@id":"https:\/\/redfoxlotto.com\/sk\/hraj\/thunderball\/#primaryimage"},"thumbnailUrl":"https:\/\/content.redfoxlotto.com\/uploads\/sites\/9\/1_play_online_lotto.jpg","datePublished":"2023-04-24T18:07:24+00:00","dateModified":"2025-12-11T09:42:10+00:00","description":"Britsk\u00fa lot\u00e9riu Thunderball je teraz mo\u017en\u00e9 hra\u0165 online z ktorejko\u013evek krajiny","breadcrumb":{"@id":"https:\/\/redfoxlotto.com\/sk\/hraj\/thunderball\/#breadcrumb"},"inLanguage":"sk-SK","potentialAction":[{"@type":"ReadAction","target":["https:\/\/redfoxlotto.com\/sk\/hraj\/thunderball\/"]}]},{"@type":"ImageObject","inLanguage":"sk-SK","@id":"https:\/\/redfoxlotto.com\/sk\/hraj\/thunderball\/#primaryimage","url":"https:\/\/content.redfoxlotto.com\/uploads\/sites\/9\/1_play_online_lotto.jpg","contentUrl":"https:\/\/content.redfoxlotto.com\/uploads\/sites\/9\/1_play_online_lotto.jpg"},{"@type":"BreadcrumbList","@id":"https:\/\/redfoxlotto.com\/sk\/hraj\/thunderball\/#breadcrumb","itemListElement":[{"@type":"ListItem","position":1,"name":"Home","item":"https:\/\/redfoxlotto.com\/sk\/"},{"@type":"ListItem","position":2,"name":"Ako hra\u0165 lot\u00e9rie z in\u00fdch kraj\u00edn","item":"https:\/\/redfoxlotto.com\/sk\/hraj\/"},{"@type":"ListItem","position":3,"name":"Hrajte Thunderball Lotto online"}]},{"@type":"WebSite","@id":"https:\/\/redfoxlotto.com\/sk\/#website","url":"https:\/\/redfoxlotto.com\/sk\/","name":"Get Tickets for the World\u2019s largest jackpots","description":"Participate in worldwide lottery jackpots from any country","publisher":{"@id":"https:\/\/redfoxlotto.com\/sk\/#organization"},"potentialAction":[{"@type":"SearchAction","target":{"@type":"EntryPoint","urlTemplate":"https:\/\/redfoxlotto.com\/sk\/?s={search_term_string}"},"query-input":{"@type":"PropertyValueSpecification","valueRequired":true,"valueName":"search_term_string"}}],"inLanguage":"sk-SK"},{"@type":"Organization","@id":"https:\/\/redfoxlotto.com\/sk\/#organization","name":"Get Tickets for the World\u2019s largest jackpots","url":"https:\/\/redfoxlotto.com\/sk\/","logo":{"@type":"ImageObject","inLanguage":"sk-SK","@id":"https:\/\/redfoxlotto.com\/sk\/#\/schema\/logo\/image\/","url":"https:\/\/redfoxlotto.com\/wp-content\/uploads\/2023\/04\/logo.png","contentUrl":"https:\/\/redfoxlotto.com\/wp-content\/uploads\/2023\/04\/logo.png","width":269,"height":53,"caption":"Get Tickets for the World\u2019s largest jackpots"},"image":{"@id":"https:\/\/redfoxlotto.com\/sk\/#\/schema\/logo\/image\/"}}]}},"_links":{"self":[{"href":"https:\/\/redfoxlotto.com\/sk\/wp-json\/wp\/v2\/pages\/13278","targetHints":{"allow":["GET"]}}],"collection":[{"href":"https:\/\/redfoxlotto.com\/sk\/wp-json\/wp\/v2\/pages"}],"about":[{"href":"https:\/\/redfoxlotto.com\/sk\/wp-json\/wp\/v2\/types\/page"}],"author":[{"embeddable":true,"href":"https:\/\/redfoxlotto.com\/sk\/wp-json\/wp\/v2\/users\/1"}],"replies":[{"embeddable":true,"href":"https:\/\/redfoxlotto.com\/sk\/wp-json\/wp\/v2\/comments?post=13278"}],"version-history":[{"count":0,"href":"https:\/\/redfoxlotto.com\/sk\/wp-json\/wp\/v2\/pages\/13278\/revisions"}],"up":[{"embeddable":true,"href":"https:\/\/redfoxlotto.com\/sk\/wp-json\/wp\/v2\/pages\/10270"}],"wp:attachment":[{"href":"https:\/\/redfoxlotto.com\/sk\/wp-json\/wp\/v2\/media?parent=13278"}],"curies":[{"name":"wp","href":"https:\/\/api.w.org\/{rel}","templated":true}]}}