{"id":13114,"date":"2023-04-24T18:15:05","date_gmt":"2023-04-24T18:15:05","guid":{"rendered":"https:\/\/redfoxlotto.com\/?page_id=13114"},"modified":"2025-12-11T07:48:37","modified_gmt":"2025-12-11T07:48:37","slug":"lotto-6aus49","status":"publish","type":"page","link":"https:\/\/redfoxlotto.com\/sk\/hraj\/lotto-6aus49\/","title":{"rendered":"Zahrajte si nemeck\u00e9 Lotto online"},"content":{"rendered":"<script type=\"application\/ld+json\">\r\n{\r\n  \"@context\": \"https:\/\/schema.org\",\r\n  \"@type\": \"Service\",\r\n  \"name\": \"Lotto Germany online\",\r\n  \"url\": \"https:\/\/redfoxlotto.com\/sk\/hraj\/lotto-6aus49\/\",\r\n  \"description\": \"Zak\u00fapte si ofici\u00e1lne online l\u00edstky Lotto Germany cez RedFoxLotto. Vyberte si svoje \u010d\u00edsla a zapojte sa do \u010fal\u0161ieho \u017erebovania.\",\r\n  \"serviceType\": \"Online lottery ticket purchase\",\r\n\r\n  \"provider\": {\r\n    \"@type\": \"Organization\",\r\n    \"name\": \"RedFoxLotto\",\r\n    \"url\": \"https:\/\/redfoxlotto.com\",\r\n    \"logo\": \"https:\/\/redfoxlotto.com\/wp-content\/uploads\/logo.png\"\r\n  },\r\n\r\n  \"areaServed\": \"Worldwide\",\r\n  \"termsOfService\": \"https:\/\/redfoxlotto.com\/terms-and-conditions\",\r\n\r\n  \"hasOfferCatalog\": {\r\n    \"@type\": \"OfferCatalog\",\r\n    \"name\": \"Lotto Germany Offers\",\r\n    \"itemListElement\": [\r\n      {\r\n        \"@type\": \"Offer\",\r\n        \"name\": \"Lotto Lotto Germany Ticket\",\r\n        \"url\": \"https:\/\/redfoxlotto.com\/sk\/hraj\/lotto-6aus49\/\",\r\n        \"description\": \"Jedno vstupn\u00e9 do \u010fal\u0161ieho \u017erebovania Lotto Germany.\",\r\n        \"price\": \"3.80\",\r\n        \"priceCurrency\": \"EUR\",\r\n        \"availability\": \"https:\/\/schema.org\/InStock\",\r\n\r\n        \"itemOffered\": {\r\n          \"@type\": \"Service\",\r\n          \"name\": \"Lotto Germany Lottery Entry\",\r\n          \"description\": \"\u00da\u010das\u0165 na \u010fal\u0161om \u017erebovan\u00ed Lotto Germany cez RedFoxLotto.\"\r\n        }\r\n      }\r\n    ]\r\n  },\r\n\r\n  \"mainEntityOfPage\": {\r\n    \"@type\": \"WebPage\",\r\n    \"@id\": \"https:\/\/redfoxlotto.com\/sk\/hraj\/lotto-6aus49\/\"\r\n  }\r\n}\r\n<\/script><p>Ak h\u013ead\u00e1te nov\u00fa hru, mali by ste sa bli\u017e\u0161ie pozrie\u0165 na to, ako hra\u0165 nemeck\u00fa loto 6aus49 online. T\u00fato hru si zamilujete a ak\u00e1 je jednoduch\u00e1. Ur\u010dite sa v\u00e1m bude p\u00e1\u010di\u0165 mo\u017enos\u0165 vyhra\u0165 tento skvel\u00fd jackpot. V tejto hre vyberiete 6 norm\u00e1lnych lopti\u010diek a 1 super lopti\u010dku.<\/p><p>Be\u017en\u00e9 lopty s\u00fa o\u010d\u00edslovan\u00e9 od 1 do 49, zatia\u013e \u010do \u010fal\u0161ie \u010d\u00edsla s\u00fa od 0 do 9. V\u0161etko, \u010do mus\u00edte urobi\u0165, aby ste vyhrali, je z\u00e1pas najmenej s tromi lopti\u010dkami. Ak tak urob\u00edte, z\u00edskate ur\u010dit\u00fd typ ceny, ale aby ste z\u00edskali jackpot, mus\u00edte zhodova\u0165 v\u0161etky \u010d\u00edsla.<\/p><h2 class=\"wp-block-heading\">Ako hra\u0165 nemeck\u00e9 Lotto 6aus49 online<\/h2><p><img decoding=\"async\" class=\"size-full wp-image alignright\" src=\"https:\/\/content.redfoxlotto.com\/uploads\/sites\/9\/1_big_win_lotto.jpg\" alt=\"Lotto Nemecko online\"><\/p><p>Ste pripraven\u00ed vyzdvihn\u00fa\u0165 si vlastn\u00e9 l\u00edstky? Potom budete potrebova\u0165 vedie\u0165 hra\u0165. Prv\u00fdm krokom je v\u00fdber va\u0161ich \u010d\u00edsel, pokia\u013e nechcete, aby sa v\u00e1m \u010d\u00edsla generovali automaticky. Tieto l\u00edstky s jednoduch\u00fdm v\u00fdberom v\u00e1m u\u013eah\u010dia pr\u00edpravu na v\u00fdkres.<\/p><p>Pomocou slu\u017eby RedFoxLotto.com m\u00f4\u017eete svoje l\u00edstky \u013eahko k\u00fapi\u0165 bez oh\u013eadu na to, \u010di si chcete zvoli\u0165 svoje \u010d\u00edsla alebo nie. A potom sta\u010d\u00ed vlo\u017ei\u0165 preferovan\u00fd sp\u00f4sob platby a \u010daka\u0165, \u010di vyhr\u00e1te.<\/p><h2 class=\"wp-block-heading\">Skontrolujte v\u00fdsledky<\/h2><p>Po ukon\u010den\u00ed \u017erebovania m\u00f4\u017eete skontrolova\u0165 v\u00fdsledky hry a zisti\u0165, \u010di ste vyhrali alebo \u010di si chcete k\u00fapi\u0165 \u010fal\u0161ie tikety na \u010fal\u0161iu hru. V\u0161etky v\u00fdhern\u00e9 \u010d\u00edsla bud\u00fa priamo na RedFoxLotto.com.<\/p>","protected":false},"excerpt":{"rendered":"<p>Ak h\u013ead\u00e1te nov\u00fa hru, mali by ste sa bli\u017e\u0161ie pozrie\u0165 na to, ako hra\u0165 nemeck\u00fa loto 6aus49 online. T\u00fato hru si zamilujete a ak\u00e1 je jednoduch\u00e1. Ur\u010dite sa v\u00e1m bude p\u00e1\u010di\u0165 mo\u017enos\u0165 vyhra\u0165 tento skvel\u00fd jackpot. V tejto hre vyberiete 6 norm\u00e1lnych lopti\u010diek a 1 super lopti\u010dku. Be\u017en\u00e9 lopty s\u00fa o\u010d\u00edslovan\u00e9 od 1 do 49, [&hellip;]<\/p>\n","protected":false},"author":1,"featured_media":0,"parent":10270,"menu_order":15,"comment_status":"closed","ping_status":"closed","template":"lotto-german.php","meta":{"_et_pb_use_builder":"","_et_pb_old_content":"","_et_gb_content_width":"","exclude_from_search":false,"footnotes":""},"class_list":["post-13114","page","type-page","status-publish","hentry"],"yoast_head":"<!-- This site is optimized with the Yoast SEO plugin v23.8 - https:\/\/yoast.com\/wordpress\/plugins\/seo\/ -->\n<title>Zahrajte si nemeck\u00e9 Lotto online<\/title>\n<meta name=\"description\" content=\"Nemeck\u00e9 Lotto \u201e6 aus 49\u201c je teraz k dispoz\u00edcii odkia\u013eko\u013evek - zahrajte si ho online!\" \/>\n<meta name=\"robots\" content=\"index, follow, max-snippet:-1, max-image-preview:large, max-video-preview:-1\" \/>\n<link rel=\"canonical\" href=\"https:\/\/redfoxlotto.com\/sk\/hraj\/lotto-6aus49\/\" \/>\n<meta property=\"og:locale\" content=\"sk_SK\" \/>\n<meta property=\"og:type\" content=\"article\" \/>\n<meta property=\"og:title\" content=\"Zahrajte si nemeck\u00e9 Lotto online\" \/>\n<meta property=\"og:description\" content=\"Nemeck\u00e9 Lotto \u201e6 aus 49\u201c je teraz k dispoz\u00edcii odkia\u013eko\u013evek - zahrajte si ho online!\" \/>\n<meta property=\"og:url\" content=\"https:\/\/redfoxlotto.com\/sk\/hraj\/lotto-6aus49\/\" \/>\n<meta property=\"og:site_name\" content=\"Get Tickets for the World\u2019s largest jackpots\" \/>\n<meta property=\"article:modified_time\" content=\"2025-12-11T07:48:37+00:00\" \/>\n<meta property=\"og:image\" content=\"https:\/\/content.redfoxlotto.com\/uploads\/sites\/9\/1_big_win_lotto.jpg\" \/>\n<meta name=\"twitter:card\" content=\"summary_large_image\" \/>\n<meta name=\"twitter:label1\" content=\"Predpokladan\u00fd \u010das \u010d\u00edtania\" \/>\n\t<meta name=\"twitter:data1\" content=\"2 min\u00faty\" \/>\n<script type=\"application\/ld+json\" class=\"yoast-schema-graph\">{\"@context\":\"https:\/\/schema.org\",\"@graph\":[{\"@type\":\"WebPage\",\"@id\":\"https:\/\/redfoxlotto.com\/sk\/hraj\/lotto-6aus49\/\",\"url\":\"https:\/\/redfoxlotto.com\/sk\/hraj\/lotto-6aus49\/\",\"name\":\"Zahrajte si nemeck\u00e9 Lotto online\",\"isPartOf\":{\"@id\":\"https:\/\/redfoxlotto.com\/sk\/#website\"},\"primaryImageOfPage\":{\"@id\":\"https:\/\/redfoxlotto.com\/sk\/hraj\/lotto-6aus49\/#primaryimage\"},\"image\":{\"@id\":\"https:\/\/redfoxlotto.com\/sk\/hraj\/lotto-6aus49\/#primaryimage\"},\"thumbnailUrl\":\"https:\/\/content.redfoxlotto.com\/uploads\/sites\/9\/1_big_win_lotto.jpg\",\"datePublished\":\"2023-04-24T18:15:05+00:00\",\"dateModified\":\"2025-12-11T07:48:37+00:00\",\"description\":\"Nemeck\u00e9 Lotto \u201e6 aus 49\u201c je teraz k dispoz\u00edcii odkia\u013eko\u013evek - zahrajte si ho online!\",\"breadcrumb\":{\"@id\":\"https:\/\/redfoxlotto.com\/sk\/hraj\/lotto-6aus49\/#breadcrumb\"},\"inLanguage\":\"sk-SK\",\"potentialAction\":[{\"@type\":\"ReadAction\",\"target\":[\"https:\/\/redfoxlotto.com\/sk\/hraj\/lotto-6aus49\/\"]}]},{\"@type\":\"ImageObject\",\"inLanguage\":\"sk-SK\",\"@id\":\"https:\/\/redfoxlotto.com\/sk\/hraj\/lotto-6aus49\/#primaryimage\",\"url\":\"https:\/\/content.redfoxlotto.com\/uploads\/sites\/9\/1_big_win_lotto.jpg\",\"contentUrl\":\"https:\/\/content.redfoxlotto.com\/uploads\/sites\/9\/1_big_win_lotto.jpg\"},{\"@type\":\"BreadcrumbList\",\"@id\":\"https:\/\/redfoxlotto.com\/sk\/hraj\/lotto-6aus49\/#breadcrumb\",\"itemListElement\":[{\"@type\":\"ListItem\",\"position\":1,\"name\":\"Home\",\"item\":\"https:\/\/redfoxlotto.com\/sk\/\"},{\"@type\":\"ListItem\",\"position\":2,\"name\":\"Ako hra\u0165 lot\u00e9rie z in\u00fdch kraj\u00edn\",\"item\":\"https:\/\/redfoxlotto.com\/sk\/hraj\/\"},{\"@type\":\"ListItem\",\"position\":3,\"name\":\"Zahrajte si nemeck\u00e9 Lotto online\"}]},{\"@type\":\"WebSite\",\"@id\":\"https:\/\/redfoxlotto.com\/sk\/#website\",\"url\":\"https:\/\/redfoxlotto.com\/sk\/\",\"name\":\"Get Tickets for the World\u2019s largest jackpots\",\"description\":\"Participate in worldwide lottery jackpots from any country\",\"publisher\":{\"@id\":\"https:\/\/redfoxlotto.com\/sk\/#organization\"},\"potentialAction\":[{\"@type\":\"SearchAction\",\"target\":{\"@type\":\"EntryPoint\",\"urlTemplate\":\"https:\/\/redfoxlotto.com\/sk\/?s={search_term_string}\"},\"query-input\":{\"@type\":\"PropertyValueSpecification\",\"valueRequired\":true,\"valueName\":\"search_term_string\"}}],\"inLanguage\":\"sk-SK\"},{\"@type\":\"Organization\",\"@id\":\"https:\/\/redfoxlotto.com\/sk\/#organization\",\"name\":\"Get Tickets for the World\u2019s largest jackpots\",\"url\":\"https:\/\/redfoxlotto.com\/sk\/\",\"logo\":{\"@type\":\"ImageObject\",\"inLanguage\":\"sk-SK\",\"@id\":\"https:\/\/redfoxlotto.com\/sk\/#\/schema\/logo\/image\/\",\"url\":\"https:\/\/redfoxlotto.com\/wp-content\/uploads\/2023\/04\/logo.png\",\"contentUrl\":\"https:\/\/redfoxlotto.com\/wp-content\/uploads\/2023\/04\/logo.png\",\"width\":269,\"height\":53,\"caption\":\"Get Tickets for the World\u2019s largest jackpots\"},\"image\":{\"@id\":\"https:\/\/redfoxlotto.com\/sk\/#\/schema\/logo\/image\/\"}}]}<\/script>\n<!-- \/ Yoast SEO plugin. -->","yoast_head_json":{"title":"Zahrajte si nemeck\u00e9 Lotto online","description":"Nemeck\u00e9 Lotto \u201e6 aus 49\u201c je teraz k dispoz\u00edcii odkia\u013eko\u013evek - zahrajte si ho online!","robots":{"index":"index","follow":"follow","max-snippet":"max-snippet:-1","max-image-preview":"max-image-preview:large","max-video-preview":"max-video-preview:-1"},"canonical":"https:\/\/redfoxlotto.com\/sk\/hraj\/lotto-6aus49\/","og_locale":"sk_SK","og_type":"article","og_title":"Zahrajte si nemeck\u00e9 Lotto online","og_description":"Nemeck\u00e9 Lotto \u201e6 aus 49\u201c je teraz k dispoz\u00edcii odkia\u013eko\u013evek - zahrajte si ho online!","og_url":"https:\/\/redfoxlotto.com\/sk\/hraj\/lotto-6aus49\/","og_site_name":"Get Tickets for the World\u2019s largest jackpots","article_modified_time":"2025-12-11T07:48:37+00:00","og_image":[{"url":"https:\/\/content.redfoxlotto.com\/uploads\/sites\/9\/1_big_win_lotto.jpg"}],"twitter_card":"summary_large_image","twitter_misc":{"Predpokladan\u00fd \u010das \u010d\u00edtania":"2 min\u00faty"},"schema":{"@context":"https:\/\/schema.org","@graph":[{"@type":"WebPage","@id":"https:\/\/redfoxlotto.com\/sk\/hraj\/lotto-6aus49\/","url":"https:\/\/redfoxlotto.com\/sk\/hraj\/lotto-6aus49\/","name":"Zahrajte si nemeck\u00e9 Lotto online","isPartOf":{"@id":"https:\/\/redfoxlotto.com\/sk\/#website"},"primaryImageOfPage":{"@id":"https:\/\/redfoxlotto.com\/sk\/hraj\/lotto-6aus49\/#primaryimage"},"image":{"@id":"https:\/\/redfoxlotto.com\/sk\/hraj\/lotto-6aus49\/#primaryimage"},"thumbnailUrl":"https:\/\/content.redfoxlotto.com\/uploads\/sites\/9\/1_big_win_lotto.jpg","datePublished":"2023-04-24T18:15:05+00:00","dateModified":"2025-12-11T07:48:37+00:00","description":"Nemeck\u00e9 Lotto \u201e6 aus 49\u201c je teraz k dispoz\u00edcii odkia\u013eko\u013evek - zahrajte si ho online!","breadcrumb":{"@id":"https:\/\/redfoxlotto.com\/sk\/hraj\/lotto-6aus49\/#breadcrumb"},"inLanguage":"sk-SK","potentialAction":[{"@type":"ReadAction","target":["https:\/\/redfoxlotto.com\/sk\/hraj\/lotto-6aus49\/"]}]},{"@type":"ImageObject","inLanguage":"sk-SK","@id":"https:\/\/redfoxlotto.com\/sk\/hraj\/lotto-6aus49\/#primaryimage","url":"https:\/\/content.redfoxlotto.com\/uploads\/sites\/9\/1_big_win_lotto.jpg","contentUrl":"https:\/\/content.redfoxlotto.com\/uploads\/sites\/9\/1_big_win_lotto.jpg"},{"@type":"BreadcrumbList","@id":"https:\/\/redfoxlotto.com\/sk\/hraj\/lotto-6aus49\/#breadcrumb","itemListElement":[{"@type":"ListItem","position":1,"name":"Home","item":"https:\/\/redfoxlotto.com\/sk\/"},{"@type":"ListItem","position":2,"name":"Ako hra\u0165 lot\u00e9rie z in\u00fdch kraj\u00edn","item":"https:\/\/redfoxlotto.com\/sk\/hraj\/"},{"@type":"ListItem","position":3,"name":"Zahrajte si nemeck\u00e9 Lotto online"}]},{"@type":"WebSite","@id":"https:\/\/redfoxlotto.com\/sk\/#website","url":"https:\/\/redfoxlotto.com\/sk\/","name":"Get Tickets for the World\u2019s largest jackpots","description":"Participate in worldwide lottery jackpots from any country","publisher":{"@id":"https:\/\/redfoxlotto.com\/sk\/#organization"},"potentialAction":[{"@type":"SearchAction","target":{"@type":"EntryPoint","urlTemplate":"https:\/\/redfoxlotto.com\/sk\/?s={search_term_string}"},"query-input":{"@type":"PropertyValueSpecification","valueRequired":true,"valueName":"search_term_string"}}],"inLanguage":"sk-SK"},{"@type":"Organization","@id":"https:\/\/redfoxlotto.com\/sk\/#organization","name":"Get Tickets for the World\u2019s largest jackpots","url":"https:\/\/redfoxlotto.com\/sk\/","logo":{"@type":"ImageObject","inLanguage":"sk-SK","@id":"https:\/\/redfoxlotto.com\/sk\/#\/schema\/logo\/image\/","url":"https:\/\/redfoxlotto.com\/wp-content\/uploads\/2023\/04\/logo.png","contentUrl":"https:\/\/redfoxlotto.com\/wp-content\/uploads\/2023\/04\/logo.png","width":269,"height":53,"caption":"Get Tickets for the World\u2019s largest jackpots"},"image":{"@id":"https:\/\/redfoxlotto.com\/sk\/#\/schema\/logo\/image\/"}}]}},"_links":{"self":[{"href":"https:\/\/redfoxlotto.com\/sk\/wp-json\/wp\/v2\/pages\/13114","targetHints":{"allow":["GET"]}}],"collection":[{"href":"https:\/\/redfoxlotto.com\/sk\/wp-json\/wp\/v2\/pages"}],"about":[{"href":"https:\/\/redfoxlotto.com\/sk\/wp-json\/wp\/v2\/types\/page"}],"author":[{"embeddable":true,"href":"https:\/\/redfoxlotto.com\/sk\/wp-json\/wp\/v2\/users\/1"}],"replies":[{"embeddable":true,"href":"https:\/\/redfoxlotto.com\/sk\/wp-json\/wp\/v2\/comments?post=13114"}],"version-history":[{"count":0,"href":"https:\/\/redfoxlotto.com\/sk\/wp-json\/wp\/v2\/pages\/13114\/revisions"}],"up":[{"embeddable":true,"href":"https:\/\/redfoxlotto.com\/sk\/wp-json\/wp\/v2\/pages\/10270"}],"wp:attachment":[{"href":"https:\/\/redfoxlotto.com\/sk\/wp-json\/wp\/v2\/media?parent=13114"}],"curies":[{"name":"wp","href":"https:\/\/api.w.org\/{rel}","templated":true}]}}