{"id":13018,"date":"2023-04-24T18:11:14","date_gmt":"2023-04-24T18:11:14","guid":{"rendered":"https:\/\/redfoxlotto.com\/?page_id=13018"},"modified":"2020-08-18T16:48:17","modified_gmt":"2020-08-18T15:48:17","slug":"mega-sena","status":"publish","type":"page","link":"https:\/\/redfoxlotto.com\/sk\/hraj\/mega-sena\/","title":{"rendered":"Hrajte Mega Sena Lotto online"},"content":{"rendered":"<p>Ak ste sa pozerali na loto hry online, mo\u017eno ste u\u017e videli Mega Senu. T\u00e1to hra je v skuto\u010dnosti najv\u00e4\u010d\u0161ou lot\u00e9riovou hrou, ktor\u00e1 sa v Braz\u00edlii v s\u00fa\u010dasnosti kon\u00e1, a to znamen\u00e1, \u017ee by ste si ju mali ur\u010dite vysk\u00fa\u0161a\u0165.<br>Prev\u00e1dzkovan\u00e1 feder\u00e1lnou bankou Caixa Economica, je tu u\u017e naozaj dlho a pon\u00faka v\u00e1m ve\u013ea mo\u017enost\u00ed, pokia\u013e ide o to, \u010do by mohlo by\u0165 va\u0161ou novou ob\u013e\u00fabenou hrou. Ak chcete hra\u0165 hru Mega Sena Braz\u00edlia online, mus\u00edte pozna\u0165 pravidl\u00e1.<\/p><h2 class=\"wp-block-heading\">Ako hra\u0165<\/h2><p><img decoding=\"async\" class=\"size-full wp-image alignright\" src=\"https:\/\/content.redfoxlotto.com\/uploads\/sites\/9\/1_win_online.jpg\" alt=\"Mega Sena Braz\u00edlia\"><\/p><p>Pri hre Mega Sena Brazil si vyberiete 6 \u010d\u00edsel a nie s\u00fa k dispoz\u00edcii \u017eiadne \u010fal\u0161ie \u010d\u00edsla. Ak si chcete zvoli\u0165 svoje vlastn\u00e9 \u010d\u00edsla, m\u00f4\u017eete tak urobi\u0165 alebo si m\u00f4\u017eete vybra\u0165, \u010do sa naz\u00fdva \u201eR\u00fdchly v\u00fdber\u201c. Takto z\u00edskate n\u00e1hodne vybran\u00e9 \u010d\u00edsla.<\/p><h2 class=\"wp-block-heading\">Skontrolujte v\u00fdsledky<\/h2><p>Len \u010do z\u00edskate svoje \u010d\u00edsla na hranie hry Mega Sena Brazil online, je \u010das skontrolova\u0165 v\u00fdsledky. S RedFoxLotto.com to bude jednoduch\u00e9, preto\u017ee sa prihl\u00e1site do svojho \u00fa\u010dtu a \u010d\u00edsla tu bud\u00fa k dispoz\u00edcii. A bud\u00fa dokonca porovnan\u00e9 s va\u0161imi \u010d\u00edslami, tak\u017ee budete vedie\u0165, \u010di vyhr\u00e1te.<\/p>","protected":false},"excerpt":{"rendered":"<p>Ak ste sa pozerali na loto hry online, mo\u017eno ste u\u017e videli Mega Senu. T\u00e1to hra je v skuto\u010dnosti najv\u00e4\u010d\u0161ou lot\u00e9riovou hrou, ktor\u00e1 sa v Braz\u00edlii v s\u00fa\u010dasnosti kon\u00e1, a to znamen\u00e1, \u017ee by ste si ju mali ur\u010dite vysk\u00fa\u0161a\u0165.Prev\u00e1dzkovan\u00e1 feder\u00e1lnou bankou Caixa Economica, je tu u\u017e naozaj dlho a pon\u00faka v\u00e1m ve\u013ea mo\u017enost\u00ed, pokia\u013e [&hellip;]<\/p>\n","protected":false},"author":1,"featured_media":0,"parent":10270,"menu_order":13,"comment_status":"closed","ping_status":"closed","template":"megasena.php","meta":{"_et_pb_use_builder":"","_et_pb_old_content":"","_et_gb_content_width":"","exclude_from_search":false,"footnotes":""},"class_list":["post-13018","page","type-page","status-publish","hentry"],"yoast_head":"<!-- This site is optimized with the Yoast SEO plugin v23.8 - https:\/\/yoast.com\/wordpress\/plugins\/seo\/ -->\n<title>Z\u00fa\u010dastnite sa Mega Sena Lotto online<\/title>\n<meta name=\"description\" content=\"Najv\u00e4\u010d\u0161iu lot\u00e9riu z Braz\u00edlie si m\u00f4\u017eete zahra\u0165 online tu\" \/>\n<meta name=\"robots\" content=\"index, follow, max-snippet:-1, max-image-preview:large, max-video-preview:-1\" \/>\n<link rel=\"canonical\" href=\"https:\/\/redfoxlotto.com\/sk\/hraj\/mega-sena\/\" \/>\n<meta property=\"og:locale\" content=\"sk_SK\" \/>\n<meta property=\"og:type\" content=\"article\" \/>\n<meta property=\"og:title\" content=\"Z\u00fa\u010dastnite sa Mega Sena Lotto online\" \/>\n<meta property=\"og:description\" content=\"Najv\u00e4\u010d\u0161iu lot\u00e9riu z Braz\u00edlie si m\u00f4\u017eete zahra\u0165 online tu\" \/>\n<meta property=\"og:url\" content=\"https:\/\/redfoxlotto.com\/sk\/hraj\/mega-sena\/\" \/>\n<meta property=\"og:site_name\" content=\"Get Tickets for the World\u2019s largest jackpots\" \/>\n<meta property=\"article:modified_time\" content=\"2020-08-18T15:48:17+00:00\" \/>\n<meta property=\"og:image\" content=\"https:\/\/content.redfoxlotto.com\/uploads\/sites\/9\/1_win_online.jpg\" \/>\n<meta name=\"twitter:card\" content=\"summary_large_image\" \/>\n<meta name=\"twitter:label1\" content=\"Predpokladan\u00fd \u010das \u010d\u00edtania\" \/>\n\t<meta name=\"twitter:data1\" content=\"1 min\u00fata\" \/>\n<script type=\"application\/ld+json\" class=\"yoast-schema-graph\">{\"@context\":\"https:\/\/schema.org\",\"@graph\":[{\"@type\":\"WebPage\",\"@id\":\"https:\/\/redfoxlotto.com\/sk\/hraj\/mega-sena\/\",\"url\":\"https:\/\/redfoxlotto.com\/sk\/hraj\/mega-sena\/\",\"name\":\"Z\u00fa\u010dastnite sa Mega Sena Lotto online\",\"isPartOf\":{\"@id\":\"https:\/\/redfoxlotto.com\/sk\/#website\"},\"primaryImageOfPage\":{\"@id\":\"https:\/\/redfoxlotto.com\/sk\/hraj\/mega-sena\/#primaryimage\"},\"image\":{\"@id\":\"https:\/\/redfoxlotto.com\/sk\/hraj\/mega-sena\/#primaryimage\"},\"thumbnailUrl\":\"https:\/\/content.redfoxlotto.com\/uploads\/sites\/9\/1_win_online.jpg\",\"datePublished\":\"2023-04-24T18:11:14+00:00\",\"dateModified\":\"2020-08-18T15:48:17+00:00\",\"description\":\"Najv\u00e4\u010d\u0161iu lot\u00e9riu z Braz\u00edlie si m\u00f4\u017eete zahra\u0165 online tu\",\"breadcrumb\":{\"@id\":\"https:\/\/redfoxlotto.com\/sk\/hraj\/mega-sena\/#breadcrumb\"},\"inLanguage\":\"sk-SK\",\"potentialAction\":[{\"@type\":\"ReadAction\",\"target\":[\"https:\/\/redfoxlotto.com\/sk\/hraj\/mega-sena\/\"]}]},{\"@type\":\"ImageObject\",\"inLanguage\":\"sk-SK\",\"@id\":\"https:\/\/redfoxlotto.com\/sk\/hraj\/mega-sena\/#primaryimage\",\"url\":\"https:\/\/content.redfoxlotto.com\/uploads\/sites\/9\/1_win_online.jpg\",\"contentUrl\":\"https:\/\/content.redfoxlotto.com\/uploads\/sites\/9\/1_win_online.jpg\"},{\"@type\":\"BreadcrumbList\",\"@id\":\"https:\/\/redfoxlotto.com\/sk\/hraj\/mega-sena\/#breadcrumb\",\"itemListElement\":[{\"@type\":\"ListItem\",\"position\":1,\"name\":\"Home\",\"item\":\"https:\/\/redfoxlotto.com\/sk\/\"},{\"@type\":\"ListItem\",\"position\":2,\"name\":\"Ako hra\u0165 lot\u00e9rie z in\u00fdch kraj\u00edn\",\"item\":\"https:\/\/redfoxlotto.com\/sk\/hraj\/\"},{\"@type\":\"ListItem\",\"position\":3,\"name\":\"Hrajte Mega Sena Lotto online\"}]},{\"@type\":\"WebSite\",\"@id\":\"https:\/\/redfoxlotto.com\/sk\/#website\",\"url\":\"https:\/\/redfoxlotto.com\/sk\/\",\"name\":\"Get Tickets for the World\u2019s largest jackpots\",\"description\":\"Participate in worldwide lottery jackpots from any country\",\"publisher\":{\"@id\":\"https:\/\/redfoxlotto.com\/sk\/#organization\"},\"potentialAction\":[{\"@type\":\"SearchAction\",\"target\":{\"@type\":\"EntryPoint\",\"urlTemplate\":\"https:\/\/redfoxlotto.com\/sk\/?s={search_term_string}\"},\"query-input\":{\"@type\":\"PropertyValueSpecification\",\"valueRequired\":true,\"valueName\":\"search_term_string\"}}],\"inLanguage\":\"sk-SK\"},{\"@type\":\"Organization\",\"@id\":\"https:\/\/redfoxlotto.com\/sk\/#organization\",\"name\":\"Get Tickets for the World\u2019s largest jackpots\",\"url\":\"https:\/\/redfoxlotto.com\/sk\/\",\"logo\":{\"@type\":\"ImageObject\",\"inLanguage\":\"sk-SK\",\"@id\":\"https:\/\/redfoxlotto.com\/sk\/#\/schema\/logo\/image\/\",\"url\":\"https:\/\/redfoxlotto.com\/wp-content\/uploads\/2023\/04\/logo.png\",\"contentUrl\":\"https:\/\/redfoxlotto.com\/wp-content\/uploads\/2023\/04\/logo.png\",\"width\":269,\"height\":53,\"caption\":\"Get Tickets for the World\u2019s largest jackpots\"},\"image\":{\"@id\":\"https:\/\/redfoxlotto.com\/sk\/#\/schema\/logo\/image\/\"}}]}<\/script>\n<!-- \/ Yoast SEO plugin. -->","yoast_head_json":{"title":"Z\u00fa\u010dastnite sa Mega Sena Lotto online","description":"Najv\u00e4\u010d\u0161iu lot\u00e9riu z Braz\u00edlie si m\u00f4\u017eete zahra\u0165 online tu","robots":{"index":"index","follow":"follow","max-snippet":"max-snippet:-1","max-image-preview":"max-image-preview:large","max-video-preview":"max-video-preview:-1"},"canonical":"https:\/\/redfoxlotto.com\/sk\/hraj\/mega-sena\/","og_locale":"sk_SK","og_type":"article","og_title":"Z\u00fa\u010dastnite sa Mega Sena Lotto online","og_description":"Najv\u00e4\u010d\u0161iu lot\u00e9riu z Braz\u00edlie si m\u00f4\u017eete zahra\u0165 online tu","og_url":"https:\/\/redfoxlotto.com\/sk\/hraj\/mega-sena\/","og_site_name":"Get Tickets for the World\u2019s largest jackpots","article_modified_time":"2020-08-18T15:48:17+00:00","og_image":[{"url":"https:\/\/content.redfoxlotto.com\/uploads\/sites\/9\/1_win_online.jpg"}],"twitter_card":"summary_large_image","twitter_misc":{"Predpokladan\u00fd \u010das \u010d\u00edtania":"1 min\u00fata"},"schema":{"@context":"https:\/\/schema.org","@graph":[{"@type":"WebPage","@id":"https:\/\/redfoxlotto.com\/sk\/hraj\/mega-sena\/","url":"https:\/\/redfoxlotto.com\/sk\/hraj\/mega-sena\/","name":"Z\u00fa\u010dastnite sa Mega Sena Lotto online","isPartOf":{"@id":"https:\/\/redfoxlotto.com\/sk\/#website"},"primaryImageOfPage":{"@id":"https:\/\/redfoxlotto.com\/sk\/hraj\/mega-sena\/#primaryimage"},"image":{"@id":"https:\/\/redfoxlotto.com\/sk\/hraj\/mega-sena\/#primaryimage"},"thumbnailUrl":"https:\/\/content.redfoxlotto.com\/uploads\/sites\/9\/1_win_online.jpg","datePublished":"2023-04-24T18:11:14+00:00","dateModified":"2020-08-18T15:48:17+00:00","description":"Najv\u00e4\u010d\u0161iu lot\u00e9riu z Braz\u00edlie si m\u00f4\u017eete zahra\u0165 online tu","breadcrumb":{"@id":"https:\/\/redfoxlotto.com\/sk\/hraj\/mega-sena\/#breadcrumb"},"inLanguage":"sk-SK","potentialAction":[{"@type":"ReadAction","target":["https:\/\/redfoxlotto.com\/sk\/hraj\/mega-sena\/"]}]},{"@type":"ImageObject","inLanguage":"sk-SK","@id":"https:\/\/redfoxlotto.com\/sk\/hraj\/mega-sena\/#primaryimage","url":"https:\/\/content.redfoxlotto.com\/uploads\/sites\/9\/1_win_online.jpg","contentUrl":"https:\/\/content.redfoxlotto.com\/uploads\/sites\/9\/1_win_online.jpg"},{"@type":"BreadcrumbList","@id":"https:\/\/redfoxlotto.com\/sk\/hraj\/mega-sena\/#breadcrumb","itemListElement":[{"@type":"ListItem","position":1,"name":"Home","item":"https:\/\/redfoxlotto.com\/sk\/"},{"@type":"ListItem","position":2,"name":"Ako hra\u0165 lot\u00e9rie z in\u00fdch kraj\u00edn","item":"https:\/\/redfoxlotto.com\/sk\/hraj\/"},{"@type":"ListItem","position":3,"name":"Hrajte Mega Sena Lotto online"}]},{"@type":"WebSite","@id":"https:\/\/redfoxlotto.com\/sk\/#website","url":"https:\/\/redfoxlotto.com\/sk\/","name":"Get Tickets for the World\u2019s largest jackpots","description":"Participate in worldwide lottery jackpots from any country","publisher":{"@id":"https:\/\/redfoxlotto.com\/sk\/#organization"},"potentialAction":[{"@type":"SearchAction","target":{"@type":"EntryPoint","urlTemplate":"https:\/\/redfoxlotto.com\/sk\/?s={search_term_string}"},"query-input":{"@type":"PropertyValueSpecification","valueRequired":true,"valueName":"search_term_string"}}],"inLanguage":"sk-SK"},{"@type":"Organization","@id":"https:\/\/redfoxlotto.com\/sk\/#organization","name":"Get Tickets for the World\u2019s largest jackpots","url":"https:\/\/redfoxlotto.com\/sk\/","logo":{"@type":"ImageObject","inLanguage":"sk-SK","@id":"https:\/\/redfoxlotto.com\/sk\/#\/schema\/logo\/image\/","url":"https:\/\/redfoxlotto.com\/wp-content\/uploads\/2023\/04\/logo.png","contentUrl":"https:\/\/redfoxlotto.com\/wp-content\/uploads\/2023\/04\/logo.png","width":269,"height":53,"caption":"Get Tickets for the World\u2019s largest jackpots"},"image":{"@id":"https:\/\/redfoxlotto.com\/sk\/#\/schema\/logo\/image\/"}}]}},"_links":{"self":[{"href":"https:\/\/redfoxlotto.com\/sk\/wp-json\/wp\/v2\/pages\/13018","targetHints":{"allow":["GET"]}}],"collection":[{"href":"https:\/\/redfoxlotto.com\/sk\/wp-json\/wp\/v2\/pages"}],"about":[{"href":"https:\/\/redfoxlotto.com\/sk\/wp-json\/wp\/v2\/types\/page"}],"author":[{"embeddable":true,"href":"https:\/\/redfoxlotto.com\/sk\/wp-json\/wp\/v2\/users\/1"}],"replies":[{"embeddable":true,"href":"https:\/\/redfoxlotto.com\/sk\/wp-json\/wp\/v2\/comments?post=13018"}],"version-history":[{"count":0,"href":"https:\/\/redfoxlotto.com\/sk\/wp-json\/wp\/v2\/pages\/13018\/revisions"}],"up":[{"embeddable":true,"href":"https:\/\/redfoxlotto.com\/sk\/wp-json\/wp\/v2\/pages\/10270"}],"wp:attachment":[{"href":"https:\/\/redfoxlotto.com\/sk\/wp-json\/wp\/v2\/media?parent=13018"}],"curies":[{"name":"wp","href":"https:\/\/api.w.org\/{rel}","templated":true}]}}