{"id":12983,"date":"2023-04-24T18:09:15","date_gmt":"2023-04-24T18:09:15","guid":{"rendered":"https:\/\/redfoxlotto.com\/?page_id=12983"},"modified":"2025-12-10T14:34:38","modified_gmt":"2025-12-10T14:34:38","slug":"lotto-america","status":"publish","type":"page","link":"https:\/\/redfoxlotto.com\/sk\/hraj\/lotto-america\/","title":{"rendered":"Ako hra\u0165 Lotto America online"},"content":{"rendered":"<script type=\"application\/ld+json\">\r\n{\r\n\"@context\": \"https:\/\/schema.org\",\r\n\"@type\": \"Service\",\r\n\"name\": \" Lotto America online\",\r\n\"url\": \"https:\/\/redfoxlotto.com\/sk\/hraj\/lotto-america\/\",\r\n\"description\": \"Zak\u00fapte si ofici\u00e1lne online tikety Lotto America online cez RedFoxLotto. Vyberte si \u010d\u00edsla a zapojte sa do \u010fal\u0161ieho \u017erebovania.\",\r\n\"serviceType\": \"Online lottery ticket purchase\",\r\n\r\n\"provider\": {\r\n\"@type\": \"Organization\",\r\n\"name\": \"RedFoxLotto\",\r\n\"url\": \"https:\/\/redfoxlotto.com\",\r\n\"logo\": \"https:\/\/redfoxlotto.com\/wp-content\/uploads\/logo.png\"\r\n},\r\n\r\n\"areaServed\": \"Worldwide\",\r\n\"termsOfService\": \"https:\/\/redfoxlotto.com\/terms-and-conditions\",\r\n\r\n\"hasOfferCatalog\": {\r\n\"@type\": \"OfferCatalog\",\r\n\"name\": \"Lotto America Offers\",\r\n\"itemListElement\": [\r\n{\r\n\"@type\": \"Offer\",\r\n\"name\": \"Lotto America Lottery Ticket\",\r\n\"url\": \"https:\/\/redfoxlotto.com\/sk\/hraj\/lotto-america\/\",\r\n\"description\": \"Jeden vstup do \u010fal\u0161ieho \u017erebovania lot\u00e9rie Lotto America.\",\r\n\"price\": \"2.75\",\r\n\"priceCurrency\": \"EUR\",\r\n\"availability\": \"https:\/\/schema.org\/InStock\",\r\n\r\n\"itemOffered\": {\r\n\"@type\": \"Service\",\r\n\"name\": \"Lotto America Lottery Entry\",\r\n\"description\": \"Prihl\u00e1ste sa do \u010fal\u0161ieho \u017erebovania Lotto America cez RedFoxLotto.\"\r\n}\r\n}\r\n]\r\n},\r\n\r\n\"mainEntityOfPage\": {\r\n\"@type\": \"WebPage\",\r\n\"@id\": \"https:\/\/redfoxlotto.com\/sk\/hraj\/lotto-america\/\"\r\n}\r\n}\r\n<\/script><p>Pokia\u013e ide o hranie online lotta, mo\u017eno h\u013ead\u00e1te nie\u010do nov\u00e9. Z tohto d\u00f4vodu ste sa v prvom rade rozhodli pre hranie online hier. No, bude to ove\u013ea z\u00e1bavnej\u0161ie, preto\u017ee ste Lotto America e\u0161te nevideli.<\/p><h2 class=\"wp-block-heading\">\u010co je to Lotto America?<\/h2><p><img decoding=\"async\" class=\"size-full wp-image alignright\" src=\"https:\/\/content.redfoxlotto.com\/uploads\/sites\/9\/1_play_lottery_online5.jpg\" alt=\"hra\u0165 loto ameriku online\"><\/p><p>Lotto America je lot\u00e9riov\u00e1 hra s viacer\u00fdmi \u0161t\u00e1tmi, ktor\u00e1 v\u00e1m d\u00e1va \u0161ancu na skvel\u00fd jackpot a d\u00e1 v\u00e1m dobr\u00e9 \u0161ance, aby ste si s t\u00fdm u\u017eili. Nielen to, ale l\u00edstky s\u00fa lacn\u00e9 a t\u00e1to hra v\u00e1m pon\u00faka ve\u013ea sp\u00f4sobov, ako m\u00f4\u017eete vyhra\u0165 men\u0161ie ceny, ke\u010f ste pri tom. To znamen\u00e1, \u017ee sa s t\u00fdm budete bavi\u0165, aj ke\u010f nevyhr\u00e1te jackpot.<\/p><h2 class=\"wp-block-heading\">\u010co by sme mali vedie\u0165 o hre<\/h2><p>T\u00e1to hra sa \u010derp\u00e1 dvakr\u00e1t t\u00fd\u017edenne, v stredu a sobotu. Kresl\u00ed tie\u017e celkom \u0161es\u0165 r\u00f4znych lopti\u010diek. P\u00e4\u0165 z nich s\u00fa biele gule, ktor\u00e9 s\u00fa va\u0161e \u0161tandardn\u00e9 \u010d\u00edsla. Jedna je \u010derven\u00e1 gu\u013ea, \u010do je bonusov\u00e9 \u010d\u00edslo.<\/p><p>Ke\u010f ste pripraven\u00ed za\u010da\u0165 hra\u0165 Lotto America, v\u0161etko, \u010do mus\u00edte urobi\u0165, je vytvori\u0165 si \u00fa\u010det online pomocou RedFoxLotto. Odtia\u013e si m\u00f4\u017eete pozrie\u0165 v\u0161etky na\u0161e r\u00f4zne hry, ktor\u00e9 zah\u0155\u0148aj\u00fa mo\u017enosti z cel\u00e9ho sveta. Lotto America je len jednou z mnoh\u00fdch hier, z ktor\u00fdch si m\u00f4\u017eete vybera\u0165, ale bude to z\u00e1bava.<\/p><p>Akon\u00e1hle vyberiete hru, uvid\u00edte, \u010do je jackpot a kedy sa bude kresba kona\u0165, ne\u017e si k\u00fapite l\u00edstok. Akon\u00e1hle ste sa rozhodli k\u00fapi\u0165 l\u00edstok, jednoducho si vyberte po\u017eadovan\u00e9 \u010d\u00edsla. V\u0161etky \u010d\u00edsla si m\u00f4\u017eete vybra\u0165 sami, ak uprednost\u0148ujete, alebo si m\u00f4\u017eete vybra\u0165, \u010di vyberiete iba nieko\u013eko \u010d\u00edsel a zvy\u0161ok nech\u00e1te n\u00e1hodne vygenerova\u0165. Alebo m\u00f4\u017eete necha\u0165 vygenerova\u0165 v\u0161etky \u010d\u00edsla n\u00e1hodne. Je to \u00faplne na v\u00e1s.<\/p><h2 class=\"wp-block-heading\">Vyhrali ste?<\/h2><p>V\u0161etko, \u010do mus\u00edte urobi\u0165, aby ste skontrolovali svoje v\u00fdhry, je vzh\u013ead online. RedFoxLotto pon\u00faka v\u0161etky v\u00fdhern\u00e9 \u010d\u00edsla a ke\u010f idete na svoj \u00fa\u010det, m\u00f4\u017eete porovna\u0165 svoje l\u00edstky s v\u00fdhern\u00fdmi \u010d\u00edslami<\/p><p>Ak vyhr\u00e1te mal\u00fa cenu, automaticky sa ulo\u017e\u00ed na v\u00e1\u0161 \u00fa\u010det. Ak vyhr\u00e1te ve\u013ek\u00fa cenu, pom\u00f4\u017eeme v\u00e1m a prejdeme proces z\u00edskania ceny. Ale bez oh\u013eadu na to, \u010do vyhr\u00e1te, budete okam\u017eite vedie\u0165 vo svojom \u00fa\u010dte, preto\u017ee v\u00e1m uk\u00e1\u017eeme va\u0161e \u010d\u00edsla a v\u00fdhern\u00e9 \u010d\u00edsla.<\/p><p>Tak pre\u010do to nevysk\u00fa\u0161a\u0165 a vysk\u00fa\u0161a\u0165 Lotto America? Mo\u017eno si ani neuvedomujete, \u010do v\u00e1m pr\u00e1ve ch\u00fdba.<\/p>","protected":false},"excerpt":{"rendered":"<p>Pokia\u013e ide o hranie online lotta, mo\u017eno h\u013ead\u00e1te nie\u010do nov\u00e9. Z tohto d\u00f4vodu ste sa v prvom rade rozhodli pre hranie online hier. No, bude to ove\u013ea z\u00e1bavnej\u0161ie, preto\u017ee ste Lotto America e\u0161te nevideli. \u010co je to Lotto America? Lotto America je lot\u00e9riov\u00e1 hra s viacer\u00fdmi \u0161t\u00e1tmi, ktor\u00e1 v\u00e1m d\u00e1va \u0161ancu na skvel\u00fd jackpot a [&hellip;]<\/p>\n","protected":false},"author":1,"featured_media":0,"parent":10270,"menu_order":12,"comment_status":"closed","ping_status":"closed","template":"lotto-america.php","meta":{"_et_pb_use_builder":"","_et_pb_old_content":"","_et_gb_content_width":"","exclude_from_search":false,"footnotes":""},"class_list":["post-12983","page","type-page","status-publish","hentry"],"yoast_head":"<!-- This site is optimized with the Yoast SEO plugin v23.8 - https:\/\/yoast.com\/wordpress\/plugins\/seo\/ -->\n<title>Hrajte Lotto America online<\/title>\n<meta name=\"description\" content=\"Hr\u00e1\u010di z ktorejko\u013evek krajiny sa teraz m\u00f4\u017eu pripoji\u0165 a hra\u0165 t\u00fato viac\u0161t\u00e1tnu lot\u00e9riu z USA online\" \/>\n<meta name=\"robots\" content=\"index, follow, max-snippet:-1, max-image-preview:large, max-video-preview:-1\" \/>\n<link rel=\"canonical\" href=\"https:\/\/redfoxlotto.com\/sk\/hraj\/lotto-america\/\" \/>\n<meta property=\"og:locale\" content=\"sk_SK\" \/>\n<meta property=\"og:type\" content=\"article\" \/>\n<meta property=\"og:title\" content=\"Hrajte Lotto America online\" \/>\n<meta property=\"og:description\" content=\"Hr\u00e1\u010di z ktorejko\u013evek krajiny sa teraz m\u00f4\u017eu pripoji\u0165 a hra\u0165 t\u00fato viac\u0161t\u00e1tnu lot\u00e9riu z USA online\" \/>\n<meta property=\"og:url\" content=\"https:\/\/redfoxlotto.com\/sk\/hraj\/lotto-america\/\" \/>\n<meta property=\"og:site_name\" content=\"Get Tickets for the World\u2019s largest jackpots\" \/>\n<meta property=\"article:modified_time\" content=\"2025-12-10T14:34:38+00:00\" \/>\n<meta property=\"og:image\" content=\"https:\/\/content.redfoxlotto.com\/uploads\/sites\/9\/1_play_lottery_online5.jpg\" \/>\n<meta name=\"twitter:card\" content=\"summary_large_image\" \/>\n<meta name=\"twitter:label1\" content=\"Predpokladan\u00fd \u010das \u010d\u00edtania\" \/>\n\t<meta name=\"twitter:data1\" content=\"2 min\u00faty\" \/>\n<script type=\"application\/ld+json\" class=\"yoast-schema-graph\">{\"@context\":\"https:\/\/schema.org\",\"@graph\":[{\"@type\":\"WebPage\",\"@id\":\"https:\/\/redfoxlotto.com\/sk\/hraj\/lotto-america\/\",\"url\":\"https:\/\/redfoxlotto.com\/sk\/hraj\/lotto-america\/\",\"name\":\"Hrajte Lotto America online\",\"isPartOf\":{\"@id\":\"https:\/\/redfoxlotto.com\/sk\/#website\"},\"primaryImageOfPage\":{\"@id\":\"https:\/\/redfoxlotto.com\/sk\/hraj\/lotto-america\/#primaryimage\"},\"image\":{\"@id\":\"https:\/\/redfoxlotto.com\/sk\/hraj\/lotto-america\/#primaryimage\"},\"thumbnailUrl\":\"https:\/\/content.redfoxlotto.com\/uploads\/sites\/9\/1_play_lottery_online5.jpg\",\"datePublished\":\"2023-04-24T18:09:15+00:00\",\"dateModified\":\"2025-12-10T14:34:38+00:00\",\"description\":\"Hr\u00e1\u010di z ktorejko\u013evek krajiny sa teraz m\u00f4\u017eu pripoji\u0165 a hra\u0165 t\u00fato viac\u0161t\u00e1tnu lot\u00e9riu z USA online\",\"breadcrumb\":{\"@id\":\"https:\/\/redfoxlotto.com\/sk\/hraj\/lotto-america\/#breadcrumb\"},\"inLanguage\":\"sk-SK\",\"potentialAction\":[{\"@type\":\"ReadAction\",\"target\":[\"https:\/\/redfoxlotto.com\/sk\/hraj\/lotto-america\/\"]}]},{\"@type\":\"ImageObject\",\"inLanguage\":\"sk-SK\",\"@id\":\"https:\/\/redfoxlotto.com\/sk\/hraj\/lotto-america\/#primaryimage\",\"url\":\"https:\/\/content.redfoxlotto.com\/uploads\/sites\/9\/1_play_lottery_online5.jpg\",\"contentUrl\":\"https:\/\/content.redfoxlotto.com\/uploads\/sites\/9\/1_play_lottery_online5.jpg\"},{\"@type\":\"BreadcrumbList\",\"@id\":\"https:\/\/redfoxlotto.com\/sk\/hraj\/lotto-america\/#breadcrumb\",\"itemListElement\":[{\"@type\":\"ListItem\",\"position\":1,\"name\":\"Home\",\"item\":\"https:\/\/redfoxlotto.com\/sk\/\"},{\"@type\":\"ListItem\",\"position\":2,\"name\":\"Ako hra\u0165 lot\u00e9rie z in\u00fdch kraj\u00edn\",\"item\":\"https:\/\/redfoxlotto.com\/sk\/hraj\/\"},{\"@type\":\"ListItem\",\"position\":3,\"name\":\"Ako hra\u0165 Lotto America online\"}]},{\"@type\":\"WebSite\",\"@id\":\"https:\/\/redfoxlotto.com\/sk\/#website\",\"url\":\"https:\/\/redfoxlotto.com\/sk\/\",\"name\":\"Get Tickets for the World\u2019s largest jackpots\",\"description\":\"Participate in worldwide lottery jackpots from any country\",\"publisher\":{\"@id\":\"https:\/\/redfoxlotto.com\/sk\/#organization\"},\"potentialAction\":[{\"@type\":\"SearchAction\",\"target\":{\"@type\":\"EntryPoint\",\"urlTemplate\":\"https:\/\/redfoxlotto.com\/sk\/?s={search_term_string}\"},\"query-input\":{\"@type\":\"PropertyValueSpecification\",\"valueRequired\":true,\"valueName\":\"search_term_string\"}}],\"inLanguage\":\"sk-SK\"},{\"@type\":\"Organization\",\"@id\":\"https:\/\/redfoxlotto.com\/sk\/#organization\",\"name\":\"Get Tickets for the World\u2019s largest jackpots\",\"url\":\"https:\/\/redfoxlotto.com\/sk\/\",\"logo\":{\"@type\":\"ImageObject\",\"inLanguage\":\"sk-SK\",\"@id\":\"https:\/\/redfoxlotto.com\/sk\/#\/schema\/logo\/image\/\",\"url\":\"https:\/\/redfoxlotto.com\/wp-content\/uploads\/2023\/04\/logo.png\",\"contentUrl\":\"https:\/\/redfoxlotto.com\/wp-content\/uploads\/2023\/04\/logo.png\",\"width\":269,\"height\":53,\"caption\":\"Get Tickets for the World\u2019s largest jackpots\"},\"image\":{\"@id\":\"https:\/\/redfoxlotto.com\/sk\/#\/schema\/logo\/image\/\"}}]}<\/script>\n<!-- \/ Yoast SEO plugin. -->","yoast_head_json":{"title":"Hrajte Lotto America online","description":"Hr\u00e1\u010di z ktorejko\u013evek krajiny sa teraz m\u00f4\u017eu pripoji\u0165 a hra\u0165 t\u00fato viac\u0161t\u00e1tnu lot\u00e9riu z USA online","robots":{"index":"index","follow":"follow","max-snippet":"max-snippet:-1","max-image-preview":"max-image-preview:large","max-video-preview":"max-video-preview:-1"},"canonical":"https:\/\/redfoxlotto.com\/sk\/hraj\/lotto-america\/","og_locale":"sk_SK","og_type":"article","og_title":"Hrajte Lotto America online","og_description":"Hr\u00e1\u010di z ktorejko\u013evek krajiny sa teraz m\u00f4\u017eu pripoji\u0165 a hra\u0165 t\u00fato viac\u0161t\u00e1tnu lot\u00e9riu z USA online","og_url":"https:\/\/redfoxlotto.com\/sk\/hraj\/lotto-america\/","og_site_name":"Get Tickets for the World\u2019s largest jackpots","article_modified_time":"2025-12-10T14:34:38+00:00","og_image":[{"url":"https:\/\/content.redfoxlotto.com\/uploads\/sites\/9\/1_play_lottery_online5.jpg"}],"twitter_card":"summary_large_image","twitter_misc":{"Predpokladan\u00fd \u010das \u010d\u00edtania":"2 min\u00faty"},"schema":{"@context":"https:\/\/schema.org","@graph":[{"@type":"WebPage","@id":"https:\/\/redfoxlotto.com\/sk\/hraj\/lotto-america\/","url":"https:\/\/redfoxlotto.com\/sk\/hraj\/lotto-america\/","name":"Hrajte Lotto America online","isPartOf":{"@id":"https:\/\/redfoxlotto.com\/sk\/#website"},"primaryImageOfPage":{"@id":"https:\/\/redfoxlotto.com\/sk\/hraj\/lotto-america\/#primaryimage"},"image":{"@id":"https:\/\/redfoxlotto.com\/sk\/hraj\/lotto-america\/#primaryimage"},"thumbnailUrl":"https:\/\/content.redfoxlotto.com\/uploads\/sites\/9\/1_play_lottery_online5.jpg","datePublished":"2023-04-24T18:09:15+00:00","dateModified":"2025-12-10T14:34:38+00:00","description":"Hr\u00e1\u010di z ktorejko\u013evek krajiny sa teraz m\u00f4\u017eu pripoji\u0165 a hra\u0165 t\u00fato viac\u0161t\u00e1tnu lot\u00e9riu z USA online","breadcrumb":{"@id":"https:\/\/redfoxlotto.com\/sk\/hraj\/lotto-america\/#breadcrumb"},"inLanguage":"sk-SK","potentialAction":[{"@type":"ReadAction","target":["https:\/\/redfoxlotto.com\/sk\/hraj\/lotto-america\/"]}]},{"@type":"ImageObject","inLanguage":"sk-SK","@id":"https:\/\/redfoxlotto.com\/sk\/hraj\/lotto-america\/#primaryimage","url":"https:\/\/content.redfoxlotto.com\/uploads\/sites\/9\/1_play_lottery_online5.jpg","contentUrl":"https:\/\/content.redfoxlotto.com\/uploads\/sites\/9\/1_play_lottery_online5.jpg"},{"@type":"BreadcrumbList","@id":"https:\/\/redfoxlotto.com\/sk\/hraj\/lotto-america\/#breadcrumb","itemListElement":[{"@type":"ListItem","position":1,"name":"Home","item":"https:\/\/redfoxlotto.com\/sk\/"},{"@type":"ListItem","position":2,"name":"Ako hra\u0165 lot\u00e9rie z in\u00fdch kraj\u00edn","item":"https:\/\/redfoxlotto.com\/sk\/hraj\/"},{"@type":"ListItem","position":3,"name":"Ako hra\u0165 Lotto America online"}]},{"@type":"WebSite","@id":"https:\/\/redfoxlotto.com\/sk\/#website","url":"https:\/\/redfoxlotto.com\/sk\/","name":"Get Tickets for the World\u2019s largest jackpots","description":"Participate in worldwide lottery jackpots from any country","publisher":{"@id":"https:\/\/redfoxlotto.com\/sk\/#organization"},"potentialAction":[{"@type":"SearchAction","target":{"@type":"EntryPoint","urlTemplate":"https:\/\/redfoxlotto.com\/sk\/?s={search_term_string}"},"query-input":{"@type":"PropertyValueSpecification","valueRequired":true,"valueName":"search_term_string"}}],"inLanguage":"sk-SK"},{"@type":"Organization","@id":"https:\/\/redfoxlotto.com\/sk\/#organization","name":"Get Tickets for the World\u2019s largest jackpots","url":"https:\/\/redfoxlotto.com\/sk\/","logo":{"@type":"ImageObject","inLanguage":"sk-SK","@id":"https:\/\/redfoxlotto.com\/sk\/#\/schema\/logo\/image\/","url":"https:\/\/redfoxlotto.com\/wp-content\/uploads\/2023\/04\/logo.png","contentUrl":"https:\/\/redfoxlotto.com\/wp-content\/uploads\/2023\/04\/logo.png","width":269,"height":53,"caption":"Get Tickets for the World\u2019s largest jackpots"},"image":{"@id":"https:\/\/redfoxlotto.com\/sk\/#\/schema\/logo\/image\/"}}]}},"_links":{"self":[{"href":"https:\/\/redfoxlotto.com\/sk\/wp-json\/wp\/v2\/pages\/12983","targetHints":{"allow":["GET"]}}],"collection":[{"href":"https:\/\/redfoxlotto.com\/sk\/wp-json\/wp\/v2\/pages"}],"about":[{"href":"https:\/\/redfoxlotto.com\/sk\/wp-json\/wp\/v2\/types\/page"}],"author":[{"embeddable":true,"href":"https:\/\/redfoxlotto.com\/sk\/wp-json\/wp\/v2\/users\/1"}],"replies":[{"embeddable":true,"href":"https:\/\/redfoxlotto.com\/sk\/wp-json\/wp\/v2\/comments?post=12983"}],"version-history":[{"count":0,"href":"https:\/\/redfoxlotto.com\/sk\/wp-json\/wp\/v2\/pages\/12983\/revisions"}],"up":[{"embeddable":true,"href":"https:\/\/redfoxlotto.com\/sk\/wp-json\/wp\/v2\/pages\/10270"}],"wp:attachment":[{"href":"https:\/\/redfoxlotto.com\/sk\/wp-json\/wp\/v2\/media?parent=12983"}],"curies":[{"name":"wp","href":"https:\/\/api.w.org\/{rel}","templated":true}]}}