{"id":11519,"date":"2018-11-18T08:54:25","date_gmt":"2018-11-18T08:54:25","guid":{"rendered":"https:\/\/redfoxlotto.com\/?page_id=11519"},"modified":"2020-05-08T10:19:08","modified_gmt":"2020-05-08T09:19:08","slug":"saturday-lotto-au","status":"publish","type":"page","link":"https:\/\/redfoxlotto.com\/sk\/vysledky\/saturday-lotto-au\/","title":{"rendered":"Saturday Lotto V\u00fdsledky"},"content":{"rendered":"<h2 class=\"wp-block-heading\">Saturday Lotto v\u00fdsledky na RedFoxLotto<\/h2><p><img loading=\"lazy\" decoding=\"async\" class=\" wp-image alignright\" src=\"https:\/\/content.redfoxlotto.com\/uploads\/sites\/9\/1_draw_lottery_results.jpg\" alt=\"Sobotn\u00e9 Lotto\" width=\"235\" height=\"235\" \/><\/p><p>Hne\u010f ako je losovanie ukon\u010den\u00e9, v\u00fdsledky pre Saturday Lotto bud\u00fa zobrazen\u00e9 tu. Inform\u00e1cie zah\u0155\u0148aj\u00fa v\u00fdhern\u00e9 \u010d\u00edsla, odhadovan\u00fd bud\u00faci jackpot, a sumu cien pre rozli\u010dn\u00e9 cenov\u00e9 kateg\u00f3rie.<\/p><p>Ak chcete vidie\u0165 inform\u00e1cie na minul\u00e9 Saturday Lotto losovania, m\u00f4\u017eete pou\u017ei\u0165 arch\u00edv kliknut\u00edm rozba\u013eovaciu ponuku na d\u00e1tume. Arch\u00edv v\u00e1m uka\u017ee inform\u00e1cie za posledn\u00e9 tri roky.<\/p><h2 class=\"wp-block-heading\">Vylosovan\u00e9 \u010d\u00edsla a inform\u00e1cie o v\u00fdplate pre v\u0161etky ostatn\u00e9 lot\u00e9rie<\/h2><p><img loading=\"lazy\" decoding=\"async\" class=\" wp-image alignright\" src=\"https:\/\/content.redfoxlotto.com\/uploads\/sites\/9\/1_draw_lottery_numbers.jpg\" alt=\"v\u00fdhern\u00e9 \u010d\u00edsla\" width=\"231\" height=\"163\" \/><\/p><p>Pre bok po boku preh\u013ead v\u0161etk\u00fdch najnov\u0161\u00edch lot\u00e9riov\u00fdch losovac\u00edch v\u00fdsledkov, kliknite na hlavn\u00e9 &#8222;V\u00fdsledky&#8220; menu na vrchu. To v\u00e1s prenesie na str\u00e1nku so v\u0161etk\u00fdmi lot\u00e9riami. Na str\u00e1nke m\u00f4\u017eete vidie\u0165 posledn\u00e9 vylosovan\u00e9 \u010d\u00edsla, tak ako aj celkov\u00fa sumu pe\u0148az\u00ed vyplaten\u00fa za ka\u017ed\u00fa jednu lot\u00e9riu.<\/p><p>M\u00f4\u017eete si tie\u017e tento preh\u013ead v\u00fdhern\u00fdch \u010d\u00edsel pou\u017ei\u0165 na zamyslenie sa o v\u00e1\u0161ich \u010d\u00edslach ktor\u00e9 si vyberiete pre v\u00e1\u0161 \u010fal\u0161\u00ed lot\u00e9riov\u00fd l\u00edstok (na Saturday Lotto alebo ak\u00fako\u013evek in\u00fa lot\u00e9riu). Pou\u017eite &#8222;studen\u00e9&#8220; \u010d\u00edsla (\u010d\u00edsla nezobrazuj\u00face sa v \u017eiadom z posledn\u00fdch v\u00fdsledkov), alebo hor\u00face \u010d\u00edsla (\u010d\u00edsla ktor\u00e9 vyhrali v nieko\u013ekych lot\u00e9riach). Alebo si m\u00f4\u017eete pomie\u0161a\u0165 studen\u00e9 a hor\u00face \u010d\u00edsla a prida\u0165 nejak\u00e9 vlastn\u00e9 \u0161\u0165astn\u00e9 \u010d\u00edsla.<\/p><h2 class=\"wp-block-heading\">Najjednoduch\u0161ia a najr\u00fdchle\u0161ia cesta ako si preveri\u0165 \u010di v\u00e1\u0161 l\u00edstok vyhral<\/h2><p>Aby ste porovnali v\u00fdhern\u00e9 \u010d\u00edsla oproti \u010d\u00edslam ktor\u00e9 te vybrali pre v\u00e1\u0161 l\u00edstok, kliknite menu hore a vpravo a vyberte &#8222;M\u00f4j \u00fa\u010det\/Moje l\u00edstky&#8220;. V tejto z\u00f3ne si m\u00f4\u017eete pozrie\u0165 v\u0161etky minule a akt\u00edvne l\u00edstky. V jednom st\u013apci m\u00f4\u017eete okam\u017eite vidie\u0165 \u010di jeden z va\u0161ich l\u00edstkov vyhral, ako aj v\u00fd\u0161ku va\u0161ej v\u00fdhry.<\/p>","protected":false},"excerpt":{"rendered":"<p>Saturday Lotto v\u00fdsledky na RedFoxLotto Hne\u010f ako je losovanie ukon\u010den\u00e9, v\u00fdsledky pre Saturday Lotto bud\u00fa zobrazen\u00e9 tu. Inform\u00e1cie zah\u0155\u0148aj\u00fa v\u00fdhern\u00e9 \u010d\u00edsla, odhadovan\u00fd bud\u00faci jackpot, a sumu cien pre rozli\u010dn\u00e9 cenov\u00e9 kateg\u00f3rie. Ak chcete vidie\u0165 inform\u00e1cie na minul\u00e9 Saturday Lotto losovania, m\u00f4\u017eete pou\u017ei\u0165 arch\u00edv kliknut\u00edm rozba\u013eovaciu ponuku na d\u00e1tume. Arch\u00edv v\u00e1m uka\u017ee inform\u00e1cie za posledn\u00e9 tri [&hellip;]<\/p>\n","protected":false},"author":1,"featured_media":0,"parent":10260,"menu_order":22,"comment_status":"closed","ping_status":"closed","template":"saturday-lotto-results.php","meta":{"_et_pb_use_builder":"","_et_pb_old_content":"","_et_gb_content_width":"","exclude_from_search":false,"footnotes":""},"class_list":["post-11519","page","type-page","status-publish","hentry"],"yoast_head":"<!-- This site is optimized with the Yoast SEO plugin v27.4 - https:\/\/yoast.com\/product\/yoast-seo-wordpress\/ -->\n<title>Saturday Lotto v\u00fdhern\u00e9 \u010d\u00edsla a v\u00fdsledky<\/title>\n<meta name=\"description\" content=\"Tu s\u00fa v\u00fdhern\u00e9 \u010d\u00edsla pre Saturday lotto\" \/>\n<meta name=\"robots\" content=\"index, follow, max-snippet:-1, max-image-preview:large, max-video-preview:-1\" \/>\n<link rel=\"canonical\" href=\"https:\/\/redfoxlotto.com\/sk\/vysledky\/saturday-lotto-au\/\" \/>\n<meta property=\"og:locale\" content=\"sk_SK\" \/>\n<meta property=\"og:type\" content=\"article\" \/>\n<meta property=\"og:title\" content=\"Saturday Lotto v\u00fdhern\u00e9 \u010d\u00edsla a v\u00fdsledky\" \/>\n<meta property=\"og:description\" content=\"Tu s\u00fa v\u00fdhern\u00e9 \u010d\u00edsla pre Saturday lotto\" \/>\n<meta property=\"og:url\" content=\"https:\/\/redfoxlotto.com\/sk\/vysledky\/saturday-lotto-au\/\" \/>\n<meta property=\"og:site_name\" content=\"Get Tickets for the World\u2019s largest jackpots\" \/>\n<meta property=\"article:modified_time\" content=\"2020-05-08T09:19:08+00:00\" \/>\n<meta property=\"og:image\" content=\"https:\/\/content.redfoxlotto.com\/uploads\/sites\/9\/1_draw_lottery_results.jpg\" \/>\n<meta name=\"twitter:card\" content=\"summary_large_image\" \/>\n<meta name=\"twitter:label1\" content=\"Predpokladan\u00fd \u010das \u010d\u00edtania\" \/>\n\t<meta name=\"twitter:data1\" content=\"2 min\u00faty\" \/>\n<script type=\"application\/ld+json\" class=\"yoast-schema-graph\">{\"@context\":\"https:\\\/\\\/schema.org\",\"@graph\":[{\"@type\":\"WebPage\",\"@id\":\"https:\\\/\\\/redfoxlotto.com\\\/sk\\\/vysledky\\\/saturday-lotto-au\\\/\",\"url\":\"https:\\\/\\\/redfoxlotto.com\\\/sk\\\/vysledky\\\/saturday-lotto-au\\\/\",\"name\":\"Saturday Lotto v\u00fdhern\u00e9 \u010d\u00edsla a v\u00fdsledky\",\"isPartOf\":{\"@id\":\"https:\\\/\\\/redfoxlotto.com\\\/sk\\\/#website\"},\"primaryImageOfPage\":{\"@id\":\"https:\\\/\\\/redfoxlotto.com\\\/sk\\\/vysledky\\\/saturday-lotto-au\\\/#primaryimage\"},\"image\":{\"@id\":\"https:\\\/\\\/redfoxlotto.com\\\/sk\\\/vysledky\\\/saturday-lotto-au\\\/#primaryimage\"},\"thumbnailUrl\":\"https:\\\/\\\/content.redfoxlotto.com\\\/uploads\\\/sites\\\/9\\\/1_draw_lottery_results.jpg\",\"datePublished\":\"2018-11-18T08:54:25+00:00\",\"dateModified\":\"2020-05-08T09:19:08+00:00\",\"description\":\"Tu s\u00fa v\u00fdhern\u00e9 \u010d\u00edsla pre Saturday lotto\",\"breadcrumb\":{\"@id\":\"https:\\\/\\\/redfoxlotto.com\\\/sk\\\/vysledky\\\/saturday-lotto-au\\\/#breadcrumb\"},\"inLanguage\":\"sk-SK\",\"potentialAction\":[{\"@type\":\"ReadAction\",\"target\":[\"https:\\\/\\\/redfoxlotto.com\\\/sk\\\/vysledky\\\/saturday-lotto-au\\\/\"]}]},{\"@type\":\"ImageObject\",\"inLanguage\":\"sk-SK\",\"@id\":\"https:\\\/\\\/redfoxlotto.com\\\/sk\\\/vysledky\\\/saturday-lotto-au\\\/#primaryimage\",\"url\":\"https:\\\/\\\/content.redfoxlotto.com\\\/uploads\\\/sites\\\/9\\\/1_draw_lottery_results.jpg\",\"contentUrl\":\"https:\\\/\\\/content.redfoxlotto.com\\\/uploads\\\/sites\\\/9\\\/1_draw_lottery_results.jpg\"},{\"@type\":\"BreadcrumbList\",\"@id\":\"https:\\\/\\\/redfoxlotto.com\\\/sk\\\/vysledky\\\/saturday-lotto-au\\\/#breadcrumb\",\"itemListElement\":[{\"@type\":\"ListItem\",\"position\":1,\"name\":\"Home\",\"item\":\"https:\\\/\\\/redfoxlotto.com\\\/sk\\\/\"},{\"@type\":\"ListItem\",\"position\":2,\"name\":\"V\u00fdsledky medzin\u00e1rodnej lot\u00e9rie\",\"item\":\"https:\\\/\\\/redfoxlotto.com\\\/sk\\\/vysledky\\\/\"},{\"@type\":\"ListItem\",\"position\":3,\"name\":\"Saturday Lotto V\u00fdsledky\"}]},{\"@type\":\"WebSite\",\"@id\":\"https:\\\/\\\/redfoxlotto.com\\\/sk\\\/#website\",\"url\":\"https:\\\/\\\/redfoxlotto.com\\\/sk\\\/\",\"name\":\"Get Tickets for the World\u2019s largest jackpots\",\"description\":\"Participate in worldwide lottery jackpots from any country\",\"publisher\":{\"@id\":\"https:\\\/\\\/redfoxlotto.com\\\/sk\\\/#organization\"},\"potentialAction\":[{\"@type\":\"SearchAction\",\"target\":{\"@type\":\"EntryPoint\",\"urlTemplate\":\"https:\\\/\\\/redfoxlotto.com\\\/sk\\\/?s={search_term_string}\"},\"query-input\":{\"@type\":\"PropertyValueSpecification\",\"valueRequired\":true,\"valueName\":\"search_term_string\"}}],\"inLanguage\":\"sk-SK\"},{\"@type\":\"Organization\",\"@id\":\"https:\\\/\\\/redfoxlotto.com\\\/sk\\\/#organization\",\"name\":\"Get Tickets for the World\u2019s largest jackpots\",\"url\":\"https:\\\/\\\/redfoxlotto.com\\\/sk\\\/\",\"logo\":{\"@type\":\"ImageObject\",\"inLanguage\":\"sk-SK\",\"@id\":\"https:\\\/\\\/redfoxlotto.com\\\/sk\\\/#\\\/schema\\\/logo\\\/image\\\/\",\"url\":\"https:\\\/\\\/redfoxlotto.com\\\/wp-content\\\/uploads\\\/2023\\\/04\\\/logo.png\",\"contentUrl\":\"https:\\\/\\\/redfoxlotto.com\\\/wp-content\\\/uploads\\\/2023\\\/04\\\/logo.png\",\"width\":269,\"height\":53,\"caption\":\"Get Tickets for the World\u2019s largest jackpots\"},\"image\":{\"@id\":\"https:\\\/\\\/redfoxlotto.com\\\/sk\\\/#\\\/schema\\\/logo\\\/image\\\/\"}}]}<\/script>\n<!-- \/ Yoast SEO plugin. -->","yoast_head_json":{"title":"Saturday Lotto v\u00fdhern\u00e9 \u010d\u00edsla a v\u00fdsledky","description":"Tu s\u00fa v\u00fdhern\u00e9 \u010d\u00edsla pre Saturday lotto","robots":{"index":"index","follow":"follow","max-snippet":"max-snippet:-1","max-image-preview":"max-image-preview:large","max-video-preview":"max-video-preview:-1"},"canonical":"https:\/\/redfoxlotto.com\/sk\/vysledky\/saturday-lotto-au\/","og_locale":"sk_SK","og_type":"article","og_title":"Saturday Lotto v\u00fdhern\u00e9 \u010d\u00edsla a v\u00fdsledky","og_description":"Tu s\u00fa v\u00fdhern\u00e9 \u010d\u00edsla pre Saturday lotto","og_url":"https:\/\/redfoxlotto.com\/sk\/vysledky\/saturday-lotto-au\/","og_site_name":"Get Tickets for the World\u2019s largest jackpots","article_modified_time":"2020-05-08T09:19:08+00:00","og_image":[{"url":"https:\/\/content.redfoxlotto.com\/uploads\/sites\/9\/1_draw_lottery_results.jpg","type":"","width":"","height":""}],"twitter_card":"summary_large_image","twitter_misc":{"Predpokladan\u00fd \u010das \u010d\u00edtania":"2 min\u00faty"},"schema":{"@context":"https:\/\/schema.org","@graph":[{"@type":"WebPage","@id":"https:\/\/redfoxlotto.com\/sk\/vysledky\/saturday-lotto-au\/","url":"https:\/\/redfoxlotto.com\/sk\/vysledky\/saturday-lotto-au\/","name":"Saturday Lotto v\u00fdhern\u00e9 \u010d\u00edsla a v\u00fdsledky","isPartOf":{"@id":"https:\/\/redfoxlotto.com\/sk\/#website"},"primaryImageOfPage":{"@id":"https:\/\/redfoxlotto.com\/sk\/vysledky\/saturday-lotto-au\/#primaryimage"},"image":{"@id":"https:\/\/redfoxlotto.com\/sk\/vysledky\/saturday-lotto-au\/#primaryimage"},"thumbnailUrl":"https:\/\/content.redfoxlotto.com\/uploads\/sites\/9\/1_draw_lottery_results.jpg","datePublished":"2018-11-18T08:54:25+00:00","dateModified":"2020-05-08T09:19:08+00:00","description":"Tu s\u00fa v\u00fdhern\u00e9 \u010d\u00edsla pre Saturday lotto","breadcrumb":{"@id":"https:\/\/redfoxlotto.com\/sk\/vysledky\/saturday-lotto-au\/#breadcrumb"},"inLanguage":"sk-SK","potentialAction":[{"@type":"ReadAction","target":["https:\/\/redfoxlotto.com\/sk\/vysledky\/saturday-lotto-au\/"]}]},{"@type":"ImageObject","inLanguage":"sk-SK","@id":"https:\/\/redfoxlotto.com\/sk\/vysledky\/saturday-lotto-au\/#primaryimage","url":"https:\/\/content.redfoxlotto.com\/uploads\/sites\/9\/1_draw_lottery_results.jpg","contentUrl":"https:\/\/content.redfoxlotto.com\/uploads\/sites\/9\/1_draw_lottery_results.jpg"},{"@type":"BreadcrumbList","@id":"https:\/\/redfoxlotto.com\/sk\/vysledky\/saturday-lotto-au\/#breadcrumb","itemListElement":[{"@type":"ListItem","position":1,"name":"Home","item":"https:\/\/redfoxlotto.com\/sk\/"},{"@type":"ListItem","position":2,"name":"V\u00fdsledky medzin\u00e1rodnej lot\u00e9rie","item":"https:\/\/redfoxlotto.com\/sk\/vysledky\/"},{"@type":"ListItem","position":3,"name":"Saturday Lotto V\u00fdsledky"}]},{"@type":"WebSite","@id":"https:\/\/redfoxlotto.com\/sk\/#website","url":"https:\/\/redfoxlotto.com\/sk\/","name":"Get Tickets for the World\u2019s largest jackpots","description":"Participate in worldwide lottery jackpots from any country","publisher":{"@id":"https:\/\/redfoxlotto.com\/sk\/#organization"},"potentialAction":[{"@type":"SearchAction","target":{"@type":"EntryPoint","urlTemplate":"https:\/\/redfoxlotto.com\/sk\/?s={search_term_string}"},"query-input":{"@type":"PropertyValueSpecification","valueRequired":true,"valueName":"search_term_string"}}],"inLanguage":"sk-SK"},{"@type":"Organization","@id":"https:\/\/redfoxlotto.com\/sk\/#organization","name":"Get Tickets for the World\u2019s largest jackpots","url":"https:\/\/redfoxlotto.com\/sk\/","logo":{"@type":"ImageObject","inLanguage":"sk-SK","@id":"https:\/\/redfoxlotto.com\/sk\/#\/schema\/logo\/image\/","url":"https:\/\/redfoxlotto.com\/wp-content\/uploads\/2023\/04\/logo.png","contentUrl":"https:\/\/redfoxlotto.com\/wp-content\/uploads\/2023\/04\/logo.png","width":269,"height":53,"caption":"Get Tickets for the World\u2019s largest jackpots"},"image":{"@id":"https:\/\/redfoxlotto.com\/sk\/#\/schema\/logo\/image\/"}}]}},"_links":{"self":[{"href":"https:\/\/redfoxlotto.com\/sk\/wp-json\/wp\/v2\/pages\/11519","targetHints":{"allow":["GET"]}}],"collection":[{"href":"https:\/\/redfoxlotto.com\/sk\/wp-json\/wp\/v2\/pages"}],"about":[{"href":"https:\/\/redfoxlotto.com\/sk\/wp-json\/wp\/v2\/types\/page"}],"author":[{"embeddable":true,"href":"https:\/\/redfoxlotto.com\/sk\/wp-json\/wp\/v2\/users\/1"}],"replies":[{"embeddable":true,"href":"https:\/\/redfoxlotto.com\/sk\/wp-json\/wp\/v2\/comments?post=11519"}],"version-history":[{"count":0,"href":"https:\/\/redfoxlotto.com\/sk\/wp-json\/wp\/v2\/pages\/11519\/revisions"}],"up":[{"embeddable":true,"href":"https:\/\/redfoxlotto.com\/sk\/wp-json\/wp\/v2\/pages\/10260"}],"wp:attachment":[{"href":"https:\/\/redfoxlotto.com\/sk\/wp-json\/wp\/v2\/media?parent=11519"}],"curies":[{"name":"wp","href":"https:\/\/api.w.org\/{rel}","templated":true}]}}