{"id":11517,"date":"2023-04-24T18:24:48","date_gmt":"2023-04-24T18:24:48","guid":{"rendered":"https:\/\/redfoxlotto.com\/?page_id=11517"},"modified":"2025-12-11T08:52:42","modified_gmt":"2025-12-11T08:52:42","slug":"saturday-lotto-au","status":"publish","type":"page","link":"https:\/\/redfoxlotto.com\/sk\/hraj\/saturday-lotto-au\/","title":{"rendered":"Hrajte Saturday Lotto online"},"content":{"rendered":"<script type=\"application\/ld+json\">\r\n{\r\n  \"@context\": \"https:\/\/schema.org\",\r\n  \"@type\": \"Service\",\r\n  \"name\": \"Saturday Lotto Australia online\",\r\n  \"url\": \"https:\/\/redfoxlotto.com\/sk\/hraj\/saturday-lotto-au\/\",\r\n  \"description\": \"K\u00fapte si ofici\u00e1lne l\u00edstky Saturday Lotto Australia online prostredn\u00edctvom RedFoxLotto. Vyberte si svoje \u010d\u00edsla a z\u00fa\u010dastnite sa \u010fal\u0161ieho \u017erebovania.\",\r\n  \"serviceType\": \"Online lottery ticket purchase\",\r\n\r\n  \"provider\": {\r\n    \"@type\": \"Organization\",\r\n    \"name\": \"RedFoxLotto\",\r\n    \"url\": \"https:\/\/redfoxlotto.com\",\r\n    \"logo\": \"https:\/\/redfoxlotto.com\/wp-content\/uploads\/logo.png\"\r\n  },\r\n\r\n  \"areaServed\": \"Worldwide\",\r\n  \"termsOfService\": \"https:\/\/redfoxlotto.com\/terms-and-conditions\",\r\n\r\n  \"hasOfferCatalog\": {\r\n    \"@type\": \"OfferCatalog\",\r\n    \"name\": \"Saturday Lotto Australia Offers\",\r\n    \"itemListElement\": [\r\n      {\r\n        \"@type\": \"Offer\",\r\n        \"name\": \"Lotto Saturday Lotto Australia Ticket\",\r\n        \"url\": \"https:\/\/redfoxlotto.com\/sk\/hraj\/saturday-lotto-au\/\",\r\n        \"description\": \"Jedna \u00fa\u010das\u0165 na \u010fal\u0161om \u017erebovan\u00ed Saturday Lotto Australia.\",\r\n        \"price\": \"1.50\",\r\n        \"priceCurrency\": \"EUR\",\r\n        \"availability\": \"https:\/\/schema.org\/InStock\",\r\n\r\n        \"itemOffered\": {\r\n          \"@type\": \"Service\",\r\n          \"name\": \"Saturday Lotto Australia Entry\",\r\n          \"description\": \"\u00da\u010das\u0165 na \u010fal\u0161om \u017erebovan\u00ed Saturday Lotto Australia cez RedFoxLotto.\"\r\n        }\r\n      }\r\n    ]\r\n  },\r\n\r\n  \"mainEntityOfPage\": {\r\n    \"@type\": \"WebPage\",\r\n    \"@id\": \"https:\/\/redfoxlotto.com\/sk\/hraj\/saturday-lotto-au\/\"\r\n  }\r\n}\r\n<\/script>\r\n\r\n<p><\/p>\r\n<p><img loading=\"lazy\" decoding=\"async\" class=\" wp-image alignright\" src=\"https:\/\/content.redfoxlotto.com\/uploads\/sites\/9\/2_ticket_saturday_lotto_au.jpg\" alt=\"Hra\u0165 Sobotn\u00e9 Lotto Austr\u00e1lia online\" width=\"147\" height=\"266\" \/><\/p>\r\n<p>Vzdialenos\u0165 u\u017e viac nie je prek\u00e1\u017ekou v hran\u00ed Saturday lotto nako\u013eko nie len t\u00fdm ktor\u00fd sa nach\u00e1dzaj\u00fa v Austr\u00e1lii ale hocikto hocikde je schopn\u00fd by\u0165 s\u00fa\u010das\u0165ou lot\u00e9rie. V\u0161etko \u010do potrebujete je iba zariadenie s pr\u00edstupom na internet a k\u013eudne by ste mohli by\u0165 \u010fal\u0161\u00edm v\u00ed\u0165azom Australsk\u00e9ho Saturday lottery jackpotu.<\/p>\r\n<p><\/p>\r\n<p><\/p>\r\n<h2 class=\"wp-block-heading\">Ako hra\u0165 online<\/h2>\r\n<p><\/p>\r\n<p><\/p>\r\n<p><img loading=\"lazy\" decoding=\"async\" class=\" wp-image alignright\" src=\"https:\/\/content.redfoxlotto.com\/uploads\/sites\/9\/1_lotto_jackpot_online.jpg\" alt=\"Austr\u00e1lska lot\u00e9ria v sobotu\" width=\"176\" height=\"205\" \/><\/p>\r\n<p>Len si otvorte \u00fa\u010det s RedFoxLotto, vyberte si va\u0161e ob\u013e\u00faben\u00fdch 6 \u010d\u00edsel zo 45 alebo m\u00f4\u017eete pou\u017ei\u0165 mo\u017enos\u0165 r\u00fdchly v\u00fdber kde s\u00fa pre v\u00e1s \u010d\u00edsla n\u00e1hodne zvolen\u00e9 a potom v\u00e1\u0161 l\u00edstok bude zarezervovan\u00fd a zaznamenan\u00fd. Po platbe, dostatnete upozornenie e-mailom povrdzuj\u00face v\u00e1\u017e zarezervovan\u00fd l\u00edstok.<\/p>\r\n<p><\/p>\r\n<p><\/p>\r\n<p>Platba za l\u00edsky je takmer tak jednoducho ako v\u00fdber va\u0161ich \u010d\u00edsel nako\u013eko m\u00e1me nieko\u013eko platobn\u00fdch mo\u017enost\u00ed k dispoz\u00edcii pre pou\u017e\u00edvate\u013eov na platenie.<\/p>\r\n<p><\/p>\r\n<p><\/p>\r\n<p>Losovanie pre Saturday lottery sa kon\u00e1 ka\u017ed\u00fa Sobotu ve\u010der, a vylosuje sa 8 \u010d\u00edsel. Prv\u00fdch 6 \u010d\u00edsel s\u00fa hlavn\u00e9 \u010d\u00edsla a pou\u017e\u00edvaj\u00fa sa na ur\u010dite v\u00ed\u0165aza hlavnej ceny. Zvy\u0161n\u00e9 2 \u010d\u00edsla s\u00fa doplnkov\u00e9 \u010d\u00edsla a pou\u017e\u00edvaj\u00fa sa na ur\u010denie men\u0161\u00edch v\u00fdhern\u00fdch kateg\u00f3ri\u00ed.<\/p>\r\n<p><\/p>","protected":false},"excerpt":{"rendered":"<p>Vzdialenos\u0165 u\u017e viac nie je prek\u00e1\u017ekou v hran\u00ed Saturday lotto nako\u013eko nie len t\u00fdm ktor\u00fd sa nach\u00e1dzaj\u00fa v Austr\u00e1lii ale hocikto hocikde je schopn\u00fd by\u0165 s\u00fa\u010das\u0165ou lot\u00e9rie. V\u0161etko \u010do potrebujete je iba zariadenie s pr\u00edstupom na internet a k\u013eudne by ste mohli by\u0165 \u010fal\u0161\u00edm v\u00ed\u0165azom Australsk\u00e9ho Saturday lottery jackpotu. Ako hra\u0165 online Len si otvorte [&hellip;]<\/p>\n","protected":false},"author":1,"featured_media":0,"parent":10270,"menu_order":20,"comment_status":"closed","ping_status":"closed","template":"saturday-lotto.php","meta":{"_et_pb_use_builder":"","_et_pb_old_content":"","_et_gb_content_width":"","exclude_from_search":false,"footnotes":""},"class_list":["post-11517","page","type-page","status-publish","hentry"],"yoast_head":"<!-- This site is optimized with the Yoast SEO plugin v23.8 - https:\/\/yoast.com\/wordpress\/plugins\/seo\/ -->\n<title>Hrajte Saturday Lotto online | Jedna z najv\u00e4\u010d\u0161\u00edch Australsk\u00fdch lot\u00e9rii<\/title>\n<meta name=\"description\" content=\"Zarezervujte si l\u00edstky online a hrajte v Saturday lottery v Austr\u00e1lii\" \/>\n<meta name=\"robots\" content=\"index, follow, max-snippet:-1, max-image-preview:large, max-video-preview:-1\" \/>\n<link rel=\"canonical\" href=\"https:\/\/redfoxlotto.com\/sk\/hraj\/saturday-lotto-au\/\" \/>\n<meta property=\"og:locale\" content=\"sk_SK\" \/>\n<meta property=\"og:type\" content=\"article\" \/>\n<meta property=\"og:title\" content=\"Hrajte Saturday Lotto online | Jedna z najv\u00e4\u010d\u0161\u00edch Australsk\u00fdch lot\u00e9rii\" \/>\n<meta property=\"og:description\" content=\"Zarezervujte si l\u00edstky online a hrajte v Saturday lottery v Austr\u00e1lii\" \/>\n<meta property=\"og:url\" content=\"https:\/\/redfoxlotto.com\/sk\/hraj\/saturday-lotto-au\/\" \/>\n<meta property=\"og:site_name\" content=\"Get Tickets for the World\u2019s largest jackpots\" \/>\n<meta property=\"article:modified_time\" content=\"2025-12-11T08:52:42+00:00\" \/>\n<meta property=\"og:image\" content=\"https:\/\/content.redfoxlotto.com\/uploads\/sites\/9\/2_ticket_saturday_lotto_au.jpg\" \/>\n<meta name=\"twitter:card\" content=\"summary_large_image\" \/>\n<meta name=\"twitter:label1\" content=\"Predpokladan\u00fd \u010das \u010d\u00edtania\" \/>\n\t<meta name=\"twitter:data1\" content=\"2 min\u00faty\" \/>\n<script type=\"application\/ld+json\" class=\"yoast-schema-graph\">{\"@context\":\"https:\/\/schema.org\",\"@graph\":[{\"@type\":\"WebPage\",\"@id\":\"https:\/\/redfoxlotto.com\/sk\/hraj\/saturday-lotto-au\/\",\"url\":\"https:\/\/redfoxlotto.com\/sk\/hraj\/saturday-lotto-au\/\",\"name\":\"Hrajte Saturday Lotto online | Jedna z najv\u00e4\u010d\u0161\u00edch Australsk\u00fdch lot\u00e9rii\",\"isPartOf\":{\"@id\":\"https:\/\/redfoxlotto.com\/sk\/#website\"},\"primaryImageOfPage\":{\"@id\":\"https:\/\/redfoxlotto.com\/sk\/hraj\/saturday-lotto-au\/#primaryimage\"},\"image\":{\"@id\":\"https:\/\/redfoxlotto.com\/sk\/hraj\/saturday-lotto-au\/#primaryimage\"},\"thumbnailUrl\":\"https:\/\/content.redfoxlotto.com\/uploads\/sites\/9\/2_ticket_saturday_lotto_au.jpg\",\"datePublished\":\"2023-04-24T18:24:48+00:00\",\"dateModified\":\"2025-12-11T08:52:42+00:00\",\"description\":\"Zarezervujte si l\u00edstky online a hrajte v Saturday lottery v Austr\u00e1lii\",\"breadcrumb\":{\"@id\":\"https:\/\/redfoxlotto.com\/sk\/hraj\/saturday-lotto-au\/#breadcrumb\"},\"inLanguage\":\"sk-SK\",\"potentialAction\":[{\"@type\":\"ReadAction\",\"target\":[\"https:\/\/redfoxlotto.com\/sk\/hraj\/saturday-lotto-au\/\"]}]},{\"@type\":\"ImageObject\",\"inLanguage\":\"sk-SK\",\"@id\":\"https:\/\/redfoxlotto.com\/sk\/hraj\/saturday-lotto-au\/#primaryimage\",\"url\":\"https:\/\/content.redfoxlotto.com\/uploads\/sites\/9\/2_ticket_saturday_lotto_au.jpg\",\"contentUrl\":\"https:\/\/content.redfoxlotto.com\/uploads\/sites\/9\/2_ticket_saturday_lotto_au.jpg\"},{\"@type\":\"BreadcrumbList\",\"@id\":\"https:\/\/redfoxlotto.com\/sk\/hraj\/saturday-lotto-au\/#breadcrumb\",\"itemListElement\":[{\"@type\":\"ListItem\",\"position\":1,\"name\":\"Home\",\"item\":\"https:\/\/redfoxlotto.com\/sk\/\"},{\"@type\":\"ListItem\",\"position\":2,\"name\":\"Ako hra\u0165 lot\u00e9rie z in\u00fdch kraj\u00edn\",\"item\":\"https:\/\/redfoxlotto.com\/sk\/hraj\/\"},{\"@type\":\"ListItem\",\"position\":3,\"name\":\"Hrajte Saturday Lotto online\"}]},{\"@type\":\"WebSite\",\"@id\":\"https:\/\/redfoxlotto.com\/sk\/#website\",\"url\":\"https:\/\/redfoxlotto.com\/sk\/\",\"name\":\"Get Tickets for the World\u2019s largest jackpots\",\"description\":\"Participate in worldwide lottery jackpots from any country\",\"publisher\":{\"@id\":\"https:\/\/redfoxlotto.com\/sk\/#organization\"},\"potentialAction\":[{\"@type\":\"SearchAction\",\"target\":{\"@type\":\"EntryPoint\",\"urlTemplate\":\"https:\/\/redfoxlotto.com\/sk\/?s={search_term_string}\"},\"query-input\":{\"@type\":\"PropertyValueSpecification\",\"valueRequired\":true,\"valueName\":\"search_term_string\"}}],\"inLanguage\":\"sk-SK\"},{\"@type\":\"Organization\",\"@id\":\"https:\/\/redfoxlotto.com\/sk\/#organization\",\"name\":\"Get Tickets for the World\u2019s largest jackpots\",\"url\":\"https:\/\/redfoxlotto.com\/sk\/\",\"logo\":{\"@type\":\"ImageObject\",\"inLanguage\":\"sk-SK\",\"@id\":\"https:\/\/redfoxlotto.com\/sk\/#\/schema\/logo\/image\/\",\"url\":\"https:\/\/redfoxlotto.com\/wp-content\/uploads\/2023\/04\/logo.png\",\"contentUrl\":\"https:\/\/redfoxlotto.com\/wp-content\/uploads\/2023\/04\/logo.png\",\"width\":269,\"height\":53,\"caption\":\"Get Tickets for the World\u2019s largest jackpots\"},\"image\":{\"@id\":\"https:\/\/redfoxlotto.com\/sk\/#\/schema\/logo\/image\/\"}}]}<\/script>\n<!-- \/ Yoast SEO plugin. -->","yoast_head_json":{"title":"Hrajte Saturday Lotto online | Jedna z najv\u00e4\u010d\u0161\u00edch Australsk\u00fdch lot\u00e9rii","description":"Zarezervujte si l\u00edstky online a hrajte v Saturday lottery v Austr\u00e1lii","robots":{"index":"index","follow":"follow","max-snippet":"max-snippet:-1","max-image-preview":"max-image-preview:large","max-video-preview":"max-video-preview:-1"},"canonical":"https:\/\/redfoxlotto.com\/sk\/hraj\/saturday-lotto-au\/","og_locale":"sk_SK","og_type":"article","og_title":"Hrajte Saturday Lotto online | Jedna z najv\u00e4\u010d\u0161\u00edch Australsk\u00fdch lot\u00e9rii","og_description":"Zarezervujte si l\u00edstky online a hrajte v Saturday lottery v Austr\u00e1lii","og_url":"https:\/\/redfoxlotto.com\/sk\/hraj\/saturday-lotto-au\/","og_site_name":"Get Tickets for the World\u2019s largest jackpots","article_modified_time":"2025-12-11T08:52:42+00:00","og_image":[{"url":"https:\/\/content.redfoxlotto.com\/uploads\/sites\/9\/2_ticket_saturday_lotto_au.jpg"}],"twitter_card":"summary_large_image","twitter_misc":{"Predpokladan\u00fd \u010das \u010d\u00edtania":"2 min\u00faty"},"schema":{"@context":"https:\/\/schema.org","@graph":[{"@type":"WebPage","@id":"https:\/\/redfoxlotto.com\/sk\/hraj\/saturday-lotto-au\/","url":"https:\/\/redfoxlotto.com\/sk\/hraj\/saturday-lotto-au\/","name":"Hrajte Saturday Lotto online | Jedna z najv\u00e4\u010d\u0161\u00edch Australsk\u00fdch lot\u00e9rii","isPartOf":{"@id":"https:\/\/redfoxlotto.com\/sk\/#website"},"primaryImageOfPage":{"@id":"https:\/\/redfoxlotto.com\/sk\/hraj\/saturday-lotto-au\/#primaryimage"},"image":{"@id":"https:\/\/redfoxlotto.com\/sk\/hraj\/saturday-lotto-au\/#primaryimage"},"thumbnailUrl":"https:\/\/content.redfoxlotto.com\/uploads\/sites\/9\/2_ticket_saturday_lotto_au.jpg","datePublished":"2023-04-24T18:24:48+00:00","dateModified":"2025-12-11T08:52:42+00:00","description":"Zarezervujte si l\u00edstky online a hrajte v Saturday lottery v Austr\u00e1lii","breadcrumb":{"@id":"https:\/\/redfoxlotto.com\/sk\/hraj\/saturday-lotto-au\/#breadcrumb"},"inLanguage":"sk-SK","potentialAction":[{"@type":"ReadAction","target":["https:\/\/redfoxlotto.com\/sk\/hraj\/saturday-lotto-au\/"]}]},{"@type":"ImageObject","inLanguage":"sk-SK","@id":"https:\/\/redfoxlotto.com\/sk\/hraj\/saturday-lotto-au\/#primaryimage","url":"https:\/\/content.redfoxlotto.com\/uploads\/sites\/9\/2_ticket_saturday_lotto_au.jpg","contentUrl":"https:\/\/content.redfoxlotto.com\/uploads\/sites\/9\/2_ticket_saturday_lotto_au.jpg"},{"@type":"BreadcrumbList","@id":"https:\/\/redfoxlotto.com\/sk\/hraj\/saturday-lotto-au\/#breadcrumb","itemListElement":[{"@type":"ListItem","position":1,"name":"Home","item":"https:\/\/redfoxlotto.com\/sk\/"},{"@type":"ListItem","position":2,"name":"Ako hra\u0165 lot\u00e9rie z in\u00fdch kraj\u00edn","item":"https:\/\/redfoxlotto.com\/sk\/hraj\/"},{"@type":"ListItem","position":3,"name":"Hrajte Saturday Lotto online"}]},{"@type":"WebSite","@id":"https:\/\/redfoxlotto.com\/sk\/#website","url":"https:\/\/redfoxlotto.com\/sk\/","name":"Get Tickets for the World\u2019s largest jackpots","description":"Participate in worldwide lottery jackpots from any country","publisher":{"@id":"https:\/\/redfoxlotto.com\/sk\/#organization"},"potentialAction":[{"@type":"SearchAction","target":{"@type":"EntryPoint","urlTemplate":"https:\/\/redfoxlotto.com\/sk\/?s={search_term_string}"},"query-input":{"@type":"PropertyValueSpecification","valueRequired":true,"valueName":"search_term_string"}}],"inLanguage":"sk-SK"},{"@type":"Organization","@id":"https:\/\/redfoxlotto.com\/sk\/#organization","name":"Get Tickets for the World\u2019s largest jackpots","url":"https:\/\/redfoxlotto.com\/sk\/","logo":{"@type":"ImageObject","inLanguage":"sk-SK","@id":"https:\/\/redfoxlotto.com\/sk\/#\/schema\/logo\/image\/","url":"https:\/\/redfoxlotto.com\/wp-content\/uploads\/2023\/04\/logo.png","contentUrl":"https:\/\/redfoxlotto.com\/wp-content\/uploads\/2023\/04\/logo.png","width":269,"height":53,"caption":"Get Tickets for the World\u2019s largest jackpots"},"image":{"@id":"https:\/\/redfoxlotto.com\/sk\/#\/schema\/logo\/image\/"}}]}},"_links":{"self":[{"href":"https:\/\/redfoxlotto.com\/sk\/wp-json\/wp\/v2\/pages\/11517","targetHints":{"allow":["GET"]}}],"collection":[{"href":"https:\/\/redfoxlotto.com\/sk\/wp-json\/wp\/v2\/pages"}],"about":[{"href":"https:\/\/redfoxlotto.com\/sk\/wp-json\/wp\/v2\/types\/page"}],"author":[{"embeddable":true,"href":"https:\/\/redfoxlotto.com\/sk\/wp-json\/wp\/v2\/users\/1"}],"replies":[{"embeddable":true,"href":"https:\/\/redfoxlotto.com\/sk\/wp-json\/wp\/v2\/comments?post=11517"}],"version-history":[{"count":0,"href":"https:\/\/redfoxlotto.com\/sk\/wp-json\/wp\/v2\/pages\/11517\/revisions"}],"up":[{"embeddable":true,"href":"https:\/\/redfoxlotto.com\/sk\/wp-json\/wp\/v2\/pages\/10270"}],"wp:attachment":[{"href":"https:\/\/redfoxlotto.com\/sk\/wp-json\/wp\/v2\/media?parent=11517"}],"curies":[{"name":"wp","href":"https:\/\/api.w.org\/{rel}","templated":true}]}}