{"id":11500,"date":"2018-11-18T08:54:25","date_gmt":"2018-11-18T08:54:25","guid":{"rendered":"https:\/\/redfoxlotto.com\/?page_id=11500"},"modified":"2020-05-07T19:02:41","modified_gmt":"2020-05-07T18:02:41","slug":"powerball-au","status":"publish","type":"page","link":"https:\/\/redfoxlotto.com\/sk\/vysledky\/powerball-au\/","title":{"rendered":"Powerball Australia V\u00fdsledky"},"content":{"rendered":"<h2 class=\"wp-block-heading\">Po\u010det losovan\u00ed a inform\u00e1cie o v\u00fdplate pre Powerball Australia<\/h2><p><img loading=\"lazy\" decoding=\"async\" class=\" wp-image alignright\" src=\"https:\/\/content.redfoxlotto.com\/uploads\/sites\/9\/1_winning_online_lottery.jpg\" alt=\"Powerball Austr\u00e1lia\" width=\"278\" height=\"278\" \/><\/p><p>Na tejto str\u00e1nke v\u00e1m uk\u00e1\u017eeme v\u00fdplatn\u00e9 kateg\u00f3rie, vylosovan\u00e9 \u010d\u00edslo a ostatn\u00e9 \u00fadaje pre Powerball Australia<\/p><h2 class=\"wp-block-heading\">Preh\u013ead v\u0161etk\u00fdch v\u00fdsledkov na RedFoxLotto<\/h2><p><img decoding=\"async\" class=\"size-full wp-image alignright\" src=\"https:\/\/content.redfoxlotto.com\/uploads\/sites\/9\/1_lotto_money_win.jpg\" alt=\"v\u00fdsledky lot\u00e9rie\"><\/p><p>Pozrite si v\u0161etky v\u00fdsledky lot\u00e9ri\u00ed z posledn\u00e9ho losovania kliknut\u00edm na &#8222;V\u00fdsledky&#8220; menu na vrchu.<\/p><h2 class=\"wp-block-heading\">Skontrolujte si \u010di v\u00e1\u0161 l\u00edstok vyhral<\/h2><p>M\u00f4\u017eete si tie\u017e pozrie\u0165 va\u0161u &#8222;Moje l\u00edstky&#8220; z\u00f3nu. Po kliknut\u00ed na ktor\u00fdko\u013evek l\u00edstok sa v\u00e1m okam\u017eite zobraz\u00ed ko\u013eko spr\u00e1vnych \u010d\u00edsel m\u00e1te na svojom l\u00edstku.<\/p>","protected":false},"excerpt":{"rendered":"<p>Po\u010det losovan\u00ed a inform\u00e1cie o v\u00fdplate pre Powerball Australia Na tejto str\u00e1nke v\u00e1m uk\u00e1\u017eeme v\u00fdplatn\u00e9 kateg\u00f3rie, vylosovan\u00e9 \u010d\u00edslo a ostatn\u00e9 \u00fadaje pre Powerball Australia Preh\u013ead v\u0161etk\u00fdch v\u00fdsledkov na RedFoxLotto Pozrite si v\u0161etky v\u00fdsledky lot\u00e9ri\u00ed z posledn\u00e9ho losovania kliknut\u00edm na &#8222;V\u00fdsledky&#8220; menu na vrchu. Skontrolujte si \u010di v\u00e1\u0161 l\u00edstok vyhral M\u00f4\u017eete si tie\u017e pozrie\u0165 va\u0161u &#8222;Moje [&hellip;]<\/p>\n","protected":false},"author":1,"featured_media":0,"parent":10260,"menu_order":20,"comment_status":"closed","ping_status":"closed","template":"powerball-au-results.php","meta":{"_et_pb_use_builder":"","_et_pb_old_content":"","_et_gb_content_width":"","exclude_from_search":false,"footnotes":""},"class_list":["post-11500","page","type-page","status-publish","hentry"],"yoast_head":"<!-- This site is optimized with the Yoast SEO plugin v23.8 - https:\/\/yoast.com\/wordpress\/plugins\/seo\/ -->\n<title>Powerball lot\u00e9riov\u00e9 v\u00fdsledky a v\u00fdhern\u00e9 \u010d\u00edsla<\/title>\n<meta name=\"description\" content=\"Majte pr\u00edstup k najnov\u0161\u00edm Powerball Lot\u00e9riov\u00fdm v\u00fdsledkom tu, vr\u00e1tane arch\u00edvu pre minul\u00e9 losovania\" \/>\n<meta name=\"robots\" content=\"index, follow, max-snippet:-1, max-image-preview:large, max-video-preview:-1\" \/>\n<link rel=\"canonical\" href=\"https:\/\/redfoxlotto.com\/sk\/vysledky\/powerball-au\/\" \/>\n<meta property=\"og:locale\" content=\"sk_SK\" \/>\n<meta property=\"og:type\" content=\"article\" \/>\n<meta property=\"og:title\" content=\"Powerball lot\u00e9riov\u00e9 v\u00fdsledky a v\u00fdhern\u00e9 \u010d\u00edsla\" \/>\n<meta property=\"og:description\" content=\"Majte pr\u00edstup k najnov\u0161\u00edm Powerball Lot\u00e9riov\u00fdm v\u00fdsledkom tu, vr\u00e1tane arch\u00edvu pre minul\u00e9 losovania\" \/>\n<meta property=\"og:url\" content=\"https:\/\/redfoxlotto.com\/sk\/vysledky\/powerball-au\/\" \/>\n<meta property=\"og:site_name\" content=\"Get Tickets for the World\u2019s largest jackpots\" \/>\n<meta property=\"article:modified_time\" content=\"2020-05-07T18:02:41+00:00\" \/>\n<meta property=\"og:image\" content=\"https:\/\/content.redfoxlotto.com\/uploads\/sites\/9\/1_winning_online_lottery.jpg\" \/>\n<meta name=\"twitter:card\" content=\"summary_large_image\" \/>\n<meta name=\"twitter:label1\" content=\"Predpokladan\u00fd \u010das \u010d\u00edtania\" \/>\n\t<meta name=\"twitter:data1\" content=\"1 min\u00fata\" \/>\n<script type=\"application\/ld+json\" class=\"yoast-schema-graph\">{\"@context\":\"https:\/\/schema.org\",\"@graph\":[{\"@type\":\"WebPage\",\"@id\":\"https:\/\/redfoxlotto.com\/sk\/vysledky\/powerball-au\/\",\"url\":\"https:\/\/redfoxlotto.com\/sk\/vysledky\/powerball-au\/\",\"name\":\"Powerball lot\u00e9riov\u00e9 v\u00fdsledky a v\u00fdhern\u00e9 \u010d\u00edsla\",\"isPartOf\":{\"@id\":\"https:\/\/redfoxlotto.com\/sk\/#website\"},\"primaryImageOfPage\":{\"@id\":\"https:\/\/redfoxlotto.com\/sk\/vysledky\/powerball-au\/#primaryimage\"},\"image\":{\"@id\":\"https:\/\/redfoxlotto.com\/sk\/vysledky\/powerball-au\/#primaryimage\"},\"thumbnailUrl\":\"https:\/\/content.redfoxlotto.com\/uploads\/sites\/9\/1_winning_online_lottery.jpg\",\"datePublished\":\"2018-11-18T08:54:25+00:00\",\"dateModified\":\"2020-05-07T18:02:41+00:00\",\"description\":\"Majte pr\u00edstup k najnov\u0161\u00edm Powerball Lot\u00e9riov\u00fdm v\u00fdsledkom tu, vr\u00e1tane arch\u00edvu pre minul\u00e9 losovania\",\"breadcrumb\":{\"@id\":\"https:\/\/redfoxlotto.com\/sk\/vysledky\/powerball-au\/#breadcrumb\"},\"inLanguage\":\"sk-SK\",\"potentialAction\":[{\"@type\":\"ReadAction\",\"target\":[\"https:\/\/redfoxlotto.com\/sk\/vysledky\/powerball-au\/\"]}]},{\"@type\":\"ImageObject\",\"inLanguage\":\"sk-SK\",\"@id\":\"https:\/\/redfoxlotto.com\/sk\/vysledky\/powerball-au\/#primaryimage\",\"url\":\"https:\/\/content.redfoxlotto.com\/uploads\/sites\/9\/1_winning_online_lottery.jpg\",\"contentUrl\":\"https:\/\/content.redfoxlotto.com\/uploads\/sites\/9\/1_winning_online_lottery.jpg\"},{\"@type\":\"BreadcrumbList\",\"@id\":\"https:\/\/redfoxlotto.com\/sk\/vysledky\/powerball-au\/#breadcrumb\",\"itemListElement\":[{\"@type\":\"ListItem\",\"position\":1,\"name\":\"Home\",\"item\":\"https:\/\/redfoxlotto.com\/sk\/\"},{\"@type\":\"ListItem\",\"position\":2,\"name\":\"V\u00fdsledky medzin\u00e1rodnej lot\u00e9rie\",\"item\":\"https:\/\/redfoxlotto.com\/sk\/vysledky\/\"},{\"@type\":\"ListItem\",\"position\":3,\"name\":\"Powerball Australia V\u00fdsledky\"}]},{\"@type\":\"WebSite\",\"@id\":\"https:\/\/redfoxlotto.com\/sk\/#website\",\"url\":\"https:\/\/redfoxlotto.com\/sk\/\",\"name\":\"Get Tickets for the World\u2019s largest jackpots\",\"description\":\"Participate in worldwide lottery jackpots from any country\",\"publisher\":{\"@id\":\"https:\/\/redfoxlotto.com\/sk\/#organization\"},\"potentialAction\":[{\"@type\":\"SearchAction\",\"target\":{\"@type\":\"EntryPoint\",\"urlTemplate\":\"https:\/\/redfoxlotto.com\/sk\/?s={search_term_string}\"},\"query-input\":{\"@type\":\"PropertyValueSpecification\",\"valueRequired\":true,\"valueName\":\"search_term_string\"}}],\"inLanguage\":\"sk-SK\"},{\"@type\":\"Organization\",\"@id\":\"https:\/\/redfoxlotto.com\/sk\/#organization\",\"name\":\"Get Tickets for the World\u2019s largest jackpots\",\"url\":\"https:\/\/redfoxlotto.com\/sk\/\",\"logo\":{\"@type\":\"ImageObject\",\"inLanguage\":\"sk-SK\",\"@id\":\"https:\/\/redfoxlotto.com\/sk\/#\/schema\/logo\/image\/\",\"url\":\"https:\/\/redfoxlotto.com\/wp-content\/uploads\/2023\/04\/logo.png\",\"contentUrl\":\"https:\/\/redfoxlotto.com\/wp-content\/uploads\/2023\/04\/logo.png\",\"width\":269,\"height\":53,\"caption\":\"Get Tickets for the World\u2019s largest jackpots\"},\"image\":{\"@id\":\"https:\/\/redfoxlotto.com\/sk\/#\/schema\/logo\/image\/\"}}]}<\/script>\n<!-- \/ Yoast SEO plugin. -->","yoast_head_json":{"title":"Powerball lot\u00e9riov\u00e9 v\u00fdsledky a v\u00fdhern\u00e9 \u010d\u00edsla","description":"Majte pr\u00edstup k najnov\u0161\u00edm Powerball Lot\u00e9riov\u00fdm v\u00fdsledkom tu, vr\u00e1tane arch\u00edvu pre minul\u00e9 losovania","robots":{"index":"index","follow":"follow","max-snippet":"max-snippet:-1","max-image-preview":"max-image-preview:large","max-video-preview":"max-video-preview:-1"},"canonical":"https:\/\/redfoxlotto.com\/sk\/vysledky\/powerball-au\/","og_locale":"sk_SK","og_type":"article","og_title":"Powerball lot\u00e9riov\u00e9 v\u00fdsledky a v\u00fdhern\u00e9 \u010d\u00edsla","og_description":"Majte pr\u00edstup k najnov\u0161\u00edm Powerball Lot\u00e9riov\u00fdm v\u00fdsledkom tu, vr\u00e1tane arch\u00edvu pre minul\u00e9 losovania","og_url":"https:\/\/redfoxlotto.com\/sk\/vysledky\/powerball-au\/","og_site_name":"Get Tickets for the World\u2019s largest jackpots","article_modified_time":"2020-05-07T18:02:41+00:00","og_image":[{"url":"https:\/\/content.redfoxlotto.com\/uploads\/sites\/9\/1_winning_online_lottery.jpg"}],"twitter_card":"summary_large_image","twitter_misc":{"Predpokladan\u00fd \u010das \u010d\u00edtania":"1 min\u00fata"},"schema":{"@context":"https:\/\/schema.org","@graph":[{"@type":"WebPage","@id":"https:\/\/redfoxlotto.com\/sk\/vysledky\/powerball-au\/","url":"https:\/\/redfoxlotto.com\/sk\/vysledky\/powerball-au\/","name":"Powerball lot\u00e9riov\u00e9 v\u00fdsledky a v\u00fdhern\u00e9 \u010d\u00edsla","isPartOf":{"@id":"https:\/\/redfoxlotto.com\/sk\/#website"},"primaryImageOfPage":{"@id":"https:\/\/redfoxlotto.com\/sk\/vysledky\/powerball-au\/#primaryimage"},"image":{"@id":"https:\/\/redfoxlotto.com\/sk\/vysledky\/powerball-au\/#primaryimage"},"thumbnailUrl":"https:\/\/content.redfoxlotto.com\/uploads\/sites\/9\/1_winning_online_lottery.jpg","datePublished":"2018-11-18T08:54:25+00:00","dateModified":"2020-05-07T18:02:41+00:00","description":"Majte pr\u00edstup k najnov\u0161\u00edm Powerball Lot\u00e9riov\u00fdm v\u00fdsledkom tu, vr\u00e1tane arch\u00edvu pre minul\u00e9 losovania","breadcrumb":{"@id":"https:\/\/redfoxlotto.com\/sk\/vysledky\/powerball-au\/#breadcrumb"},"inLanguage":"sk-SK","potentialAction":[{"@type":"ReadAction","target":["https:\/\/redfoxlotto.com\/sk\/vysledky\/powerball-au\/"]}]},{"@type":"ImageObject","inLanguage":"sk-SK","@id":"https:\/\/redfoxlotto.com\/sk\/vysledky\/powerball-au\/#primaryimage","url":"https:\/\/content.redfoxlotto.com\/uploads\/sites\/9\/1_winning_online_lottery.jpg","contentUrl":"https:\/\/content.redfoxlotto.com\/uploads\/sites\/9\/1_winning_online_lottery.jpg"},{"@type":"BreadcrumbList","@id":"https:\/\/redfoxlotto.com\/sk\/vysledky\/powerball-au\/#breadcrumb","itemListElement":[{"@type":"ListItem","position":1,"name":"Home","item":"https:\/\/redfoxlotto.com\/sk\/"},{"@type":"ListItem","position":2,"name":"V\u00fdsledky medzin\u00e1rodnej lot\u00e9rie","item":"https:\/\/redfoxlotto.com\/sk\/vysledky\/"},{"@type":"ListItem","position":3,"name":"Powerball Australia V\u00fdsledky"}]},{"@type":"WebSite","@id":"https:\/\/redfoxlotto.com\/sk\/#website","url":"https:\/\/redfoxlotto.com\/sk\/","name":"Get Tickets for the World\u2019s largest jackpots","description":"Participate in worldwide lottery jackpots from any country","publisher":{"@id":"https:\/\/redfoxlotto.com\/sk\/#organization"},"potentialAction":[{"@type":"SearchAction","target":{"@type":"EntryPoint","urlTemplate":"https:\/\/redfoxlotto.com\/sk\/?s={search_term_string}"},"query-input":{"@type":"PropertyValueSpecification","valueRequired":true,"valueName":"search_term_string"}}],"inLanguage":"sk-SK"},{"@type":"Organization","@id":"https:\/\/redfoxlotto.com\/sk\/#organization","name":"Get Tickets for the World\u2019s largest jackpots","url":"https:\/\/redfoxlotto.com\/sk\/","logo":{"@type":"ImageObject","inLanguage":"sk-SK","@id":"https:\/\/redfoxlotto.com\/sk\/#\/schema\/logo\/image\/","url":"https:\/\/redfoxlotto.com\/wp-content\/uploads\/2023\/04\/logo.png","contentUrl":"https:\/\/redfoxlotto.com\/wp-content\/uploads\/2023\/04\/logo.png","width":269,"height":53,"caption":"Get Tickets for the World\u2019s largest jackpots"},"image":{"@id":"https:\/\/redfoxlotto.com\/sk\/#\/schema\/logo\/image\/"}}]}},"_links":{"self":[{"href":"https:\/\/redfoxlotto.com\/sk\/wp-json\/wp\/v2\/pages\/11500","targetHints":{"allow":["GET"]}}],"collection":[{"href":"https:\/\/redfoxlotto.com\/sk\/wp-json\/wp\/v2\/pages"}],"about":[{"href":"https:\/\/redfoxlotto.com\/sk\/wp-json\/wp\/v2\/types\/page"}],"author":[{"embeddable":true,"href":"https:\/\/redfoxlotto.com\/sk\/wp-json\/wp\/v2\/users\/1"}],"replies":[{"embeddable":true,"href":"https:\/\/redfoxlotto.com\/sk\/wp-json\/wp\/v2\/comments?post=11500"}],"version-history":[{"count":0,"href":"https:\/\/redfoxlotto.com\/sk\/wp-json\/wp\/v2\/pages\/11500\/revisions"}],"up":[{"embeddable":true,"href":"https:\/\/redfoxlotto.com\/sk\/wp-json\/wp\/v2\/pages\/10260"}],"wp:attachment":[{"href":"https:\/\/redfoxlotto.com\/sk\/wp-json\/wp\/v2\/media?parent=11500"}],"curies":[{"name":"wp","href":"https:\/\/api.w.org\/{rel}","templated":true}]}}