{"id":11499,"date":"2018-11-18T08:54:25","date_gmt":"2018-11-18T08:54:25","guid":{"rendered":"https:\/\/redfoxlotto.com\/?page_id=11499"},"modified":"2020-05-07T19:00:45","modified_gmt":"2020-05-07T18:00:45","slug":"powerball-au","status":"publish","type":"page","link":"https:\/\/redfoxlotto.com\/sk\/loterie\/powerball-au\/","title":{"rendered":"O Powerball Australia"},"content":{"rendered":"<p><img loading=\"lazy\" decoding=\"async\" class=\" wp-image alignright\" src=\"https:\/\/content.redfoxlotto.com\/uploads\/sites\/9\/2_ticket_powerball_au2.jpg\" alt=\"Powerball Austr\u00e1lia\" width=\"111\" height=\"204\" \/><\/p><p>Australian Powerball je lot\u00e9ria v Austr\u00e1lii. \u010cinnos\u0165 Powerballu m\u00e1 na starosti skupina zn\u00e1ma ako Tatts group. Powerball losovanie sa kon\u00e1 ka\u017ed\u00fd \u0160tvrtok o 21:00 AEST. 7 \u010d\u00edsel je vylosovan\u00fdch z jedn\u00e9ho baz\u00e9na obsahuj\u00faceho \u010d\u00edsla od 1-35 zatia\u013e \u010do one Powerball \u010d\u00edslo je vylosovan\u00e9 z druh\u00e9ho baz\u00e9na obsahuj\u00faceho \u010d\u00edsla 1-20.<\/p><!--more--><p>Australian Powerball l\u00edstky m\u00f4\u017eete dosta\u0165 bu\u010f fyzicky alebo cez internet tak\u017ee tam nie s\u00fa \u017eiadne obmedzenia t\u00fdkaj\u00face sa z\u00fa\u010dastnenia sa lot\u00e9rie nako\u013eko l\u00edstky si obstar\u00e1te z kadia\u013eko\u013evek na svete.<\/p><p><img loading=\"lazy\" decoding=\"async\" class=\" wp-image alignright\" src=\"https:\/\/content.redfoxlotto.com\/uploads\/sites\/9\/1_buy_ticket_online.jpg\" alt=\"K\u00fapi\u0165 Powerball Australia\" width=\"134\" height=\"100\" \/><\/p><p>Len ned\u00e1vno, hist\u00f3ria bola nap\u00edsan\u00e1 v Australian Powerball lot\u00e9rii ke\u010f mama zo Sydney vyhrala najv\u00e4\u010d\u0161iu individu\u00e1lnu cenu 107 mili\u00f3nov A$ v hist\u00f3rii Powerball.<\/p>","protected":false},"excerpt":{"rendered":"<p>Australian Powerball je lot\u00e9ria v Austr\u00e1lii. \u010cinnos\u0165 Powerballu m\u00e1 na starosti skupina zn\u00e1ma ako Tatts group. Powerball losovanie sa kon\u00e1 ka\u017ed\u00fd \u0160tvrtok o 21:00 AEST. 7 \u010d\u00edsel je vylosovan\u00fdch z jedn\u00e9ho baz\u00e9na obsahuj\u00faceho \u010d\u00edsla od 1-35 zatia\u013e \u010do one Powerball \u010d\u00edslo je vylosovan\u00e9 z druh\u00e9ho baz\u00e9na obsahuj\u00faceho \u010d\u00edsla 1-20.<\/p>\n","protected":false},"author":1,"featured_media":0,"parent":10252,"menu_order":20,"comment_status":"closed","ping_status":"closed","template":"powerball-au-info.php","meta":{"_et_pb_use_builder":"","_et_pb_old_content":"","_et_gb_content_width":"","exclude_from_search":false,"footnotes":""},"class_list":["post-11499","page","type-page","status-publish","hentry"],"yoast_head":"<!-- This site is optimized with the Yoast SEO plugin v23.8 - https:\/\/yoast.com\/wordpress\/plugins\/seo\/ -->\n<title>\u010co mus\u00edte vedie\u0165 aby ste si k\u00fapili l\u00edstky na Australian Powerball<\/title>\n<meta name=\"description\" content=\"Au Powerball sa p\u00fd\u0161i niektor\u00fdmi z najv\u00e4\u010d\u0161\u00edch jackpotov - viac inform\u00e1cii tu\" \/>\n<meta name=\"robots\" content=\"index, follow, max-snippet:-1, max-image-preview:large, max-video-preview:-1\" \/>\n<link rel=\"canonical\" href=\"https:\/\/redfoxlotto.com\/sk\/loterie\/powerball-au\/\" \/>\n<meta property=\"og:locale\" content=\"sk_SK\" \/>\n<meta property=\"og:type\" content=\"article\" \/>\n<meta property=\"og:title\" content=\"\u010co mus\u00edte vedie\u0165 aby ste si k\u00fapili l\u00edstky na Australian Powerball\" \/>\n<meta property=\"og:description\" content=\"Au Powerball sa p\u00fd\u0161i niektor\u00fdmi z najv\u00e4\u010d\u0161\u00edch jackpotov - viac inform\u00e1cii tu\" \/>\n<meta property=\"og:url\" content=\"https:\/\/redfoxlotto.com\/sk\/loterie\/powerball-au\/\" \/>\n<meta property=\"og:site_name\" content=\"Get Tickets for the World\u2019s largest jackpots\" \/>\n<meta property=\"article:modified_time\" content=\"2020-05-07T18:00:45+00:00\" \/>\n<meta property=\"og:image\" content=\"https:\/\/content.redfoxlotto.com\/uploads\/sites\/9\/2_ticket_powerball_au2.jpg\" \/>\n<meta name=\"twitter:card\" content=\"summary_large_image\" \/>\n<meta name=\"twitter:label1\" content=\"Predpokladan\u00fd \u010das \u010d\u00edtania\" \/>\n\t<meta name=\"twitter:data1\" content=\"1 min\u00fata\" \/>\n<script type=\"application\/ld+json\" class=\"yoast-schema-graph\">{\"@context\":\"https:\/\/schema.org\",\"@graph\":[{\"@type\":\"WebPage\",\"@id\":\"https:\/\/redfoxlotto.com\/sk\/loterie\/powerball-au\/\",\"url\":\"https:\/\/redfoxlotto.com\/sk\/loterie\/powerball-au\/\",\"name\":\"\u010co mus\u00edte vedie\u0165 aby ste si k\u00fapili l\u00edstky na Australian Powerball\",\"isPartOf\":{\"@id\":\"https:\/\/redfoxlotto.com\/sk\/#website\"},\"primaryImageOfPage\":{\"@id\":\"https:\/\/redfoxlotto.com\/sk\/loterie\/powerball-au\/#primaryimage\"},\"image\":{\"@id\":\"https:\/\/redfoxlotto.com\/sk\/loterie\/powerball-au\/#primaryimage\"},\"thumbnailUrl\":\"https:\/\/content.redfoxlotto.com\/uploads\/sites\/9\/2_ticket_powerball_au2.jpg\",\"datePublished\":\"2018-11-18T08:54:25+00:00\",\"dateModified\":\"2020-05-07T18:00:45+00:00\",\"description\":\"Au Powerball sa p\u00fd\u0161i niektor\u00fdmi z najv\u00e4\u010d\u0161\u00edch jackpotov - viac inform\u00e1cii tu\",\"breadcrumb\":{\"@id\":\"https:\/\/redfoxlotto.com\/sk\/loterie\/powerball-au\/#breadcrumb\"},\"inLanguage\":\"sk-SK\",\"potentialAction\":[{\"@type\":\"ReadAction\",\"target\":[\"https:\/\/redfoxlotto.com\/sk\/loterie\/powerball-au\/\"]}]},{\"@type\":\"ImageObject\",\"inLanguage\":\"sk-SK\",\"@id\":\"https:\/\/redfoxlotto.com\/sk\/loterie\/powerball-au\/#primaryimage\",\"url\":\"https:\/\/content.redfoxlotto.com\/uploads\/sites\/9\/2_ticket_powerball_au2.jpg\",\"contentUrl\":\"https:\/\/content.redfoxlotto.com\/uploads\/sites\/9\/2_ticket_powerball_au2.jpg\"},{\"@type\":\"BreadcrumbList\",\"@id\":\"https:\/\/redfoxlotto.com\/sk\/loterie\/powerball-au\/#breadcrumb\",\"itemListElement\":[{\"@type\":\"ListItem\",\"position\":1,\"name\":\"Home\",\"item\":\"https:\/\/redfoxlotto.com\/sk\/\"},{\"@type\":\"ListItem\",\"position\":2,\"name\":\"Ako k\u00fapi\u0165 online lot\u00e9riov\u00e9 l\u00edstky &#8211; proces n\u00e1kupu\",\"item\":\"https:\/\/redfoxlotto.com\/sk\/loterie\/\"},{\"@type\":\"ListItem\",\"position\":3,\"name\":\"O Powerball Australia\"}]},{\"@type\":\"WebSite\",\"@id\":\"https:\/\/redfoxlotto.com\/sk\/#website\",\"url\":\"https:\/\/redfoxlotto.com\/sk\/\",\"name\":\"Get Tickets for the World\u2019s largest jackpots\",\"description\":\"Participate in worldwide lottery jackpots from any country\",\"publisher\":{\"@id\":\"https:\/\/redfoxlotto.com\/sk\/#organization\"},\"potentialAction\":[{\"@type\":\"SearchAction\",\"target\":{\"@type\":\"EntryPoint\",\"urlTemplate\":\"https:\/\/redfoxlotto.com\/sk\/?s={search_term_string}\"},\"query-input\":{\"@type\":\"PropertyValueSpecification\",\"valueRequired\":true,\"valueName\":\"search_term_string\"}}],\"inLanguage\":\"sk-SK\"},{\"@type\":\"Organization\",\"@id\":\"https:\/\/redfoxlotto.com\/sk\/#organization\",\"name\":\"Get Tickets for the World\u2019s largest jackpots\",\"url\":\"https:\/\/redfoxlotto.com\/sk\/\",\"logo\":{\"@type\":\"ImageObject\",\"inLanguage\":\"sk-SK\",\"@id\":\"https:\/\/redfoxlotto.com\/sk\/#\/schema\/logo\/image\/\",\"url\":\"https:\/\/redfoxlotto.com\/wp-content\/uploads\/2023\/04\/logo.png\",\"contentUrl\":\"https:\/\/redfoxlotto.com\/wp-content\/uploads\/2023\/04\/logo.png\",\"width\":269,\"height\":53,\"caption\":\"Get Tickets for the World\u2019s largest jackpots\"},\"image\":{\"@id\":\"https:\/\/redfoxlotto.com\/sk\/#\/schema\/logo\/image\/\"}}]}<\/script>\n<!-- \/ Yoast SEO plugin. -->","yoast_head_json":{"title":"\u010co mus\u00edte vedie\u0165 aby ste si k\u00fapili l\u00edstky na Australian Powerball","description":"Au Powerball sa p\u00fd\u0161i niektor\u00fdmi z najv\u00e4\u010d\u0161\u00edch jackpotov - viac inform\u00e1cii tu","robots":{"index":"index","follow":"follow","max-snippet":"max-snippet:-1","max-image-preview":"max-image-preview:large","max-video-preview":"max-video-preview:-1"},"canonical":"https:\/\/redfoxlotto.com\/sk\/loterie\/powerball-au\/","og_locale":"sk_SK","og_type":"article","og_title":"\u010co mus\u00edte vedie\u0165 aby ste si k\u00fapili l\u00edstky na Australian Powerball","og_description":"Au Powerball sa p\u00fd\u0161i niektor\u00fdmi z najv\u00e4\u010d\u0161\u00edch jackpotov - viac inform\u00e1cii tu","og_url":"https:\/\/redfoxlotto.com\/sk\/loterie\/powerball-au\/","og_site_name":"Get Tickets for the World\u2019s largest jackpots","article_modified_time":"2020-05-07T18:00:45+00:00","og_image":[{"url":"https:\/\/content.redfoxlotto.com\/uploads\/sites\/9\/2_ticket_powerball_au2.jpg"}],"twitter_card":"summary_large_image","twitter_misc":{"Predpokladan\u00fd \u010das \u010d\u00edtania":"1 min\u00fata"},"schema":{"@context":"https:\/\/schema.org","@graph":[{"@type":"WebPage","@id":"https:\/\/redfoxlotto.com\/sk\/loterie\/powerball-au\/","url":"https:\/\/redfoxlotto.com\/sk\/loterie\/powerball-au\/","name":"\u010co mus\u00edte vedie\u0165 aby ste si k\u00fapili l\u00edstky na Australian Powerball","isPartOf":{"@id":"https:\/\/redfoxlotto.com\/sk\/#website"},"primaryImageOfPage":{"@id":"https:\/\/redfoxlotto.com\/sk\/loterie\/powerball-au\/#primaryimage"},"image":{"@id":"https:\/\/redfoxlotto.com\/sk\/loterie\/powerball-au\/#primaryimage"},"thumbnailUrl":"https:\/\/content.redfoxlotto.com\/uploads\/sites\/9\/2_ticket_powerball_au2.jpg","datePublished":"2018-11-18T08:54:25+00:00","dateModified":"2020-05-07T18:00:45+00:00","description":"Au Powerball sa p\u00fd\u0161i niektor\u00fdmi z najv\u00e4\u010d\u0161\u00edch jackpotov - viac inform\u00e1cii tu","breadcrumb":{"@id":"https:\/\/redfoxlotto.com\/sk\/loterie\/powerball-au\/#breadcrumb"},"inLanguage":"sk-SK","potentialAction":[{"@type":"ReadAction","target":["https:\/\/redfoxlotto.com\/sk\/loterie\/powerball-au\/"]}]},{"@type":"ImageObject","inLanguage":"sk-SK","@id":"https:\/\/redfoxlotto.com\/sk\/loterie\/powerball-au\/#primaryimage","url":"https:\/\/content.redfoxlotto.com\/uploads\/sites\/9\/2_ticket_powerball_au2.jpg","contentUrl":"https:\/\/content.redfoxlotto.com\/uploads\/sites\/9\/2_ticket_powerball_au2.jpg"},{"@type":"BreadcrumbList","@id":"https:\/\/redfoxlotto.com\/sk\/loterie\/powerball-au\/#breadcrumb","itemListElement":[{"@type":"ListItem","position":1,"name":"Home","item":"https:\/\/redfoxlotto.com\/sk\/"},{"@type":"ListItem","position":2,"name":"Ako k\u00fapi\u0165 online lot\u00e9riov\u00e9 l\u00edstky &#8211; proces n\u00e1kupu","item":"https:\/\/redfoxlotto.com\/sk\/loterie\/"},{"@type":"ListItem","position":3,"name":"O Powerball Australia"}]},{"@type":"WebSite","@id":"https:\/\/redfoxlotto.com\/sk\/#website","url":"https:\/\/redfoxlotto.com\/sk\/","name":"Get Tickets for the World\u2019s largest jackpots","description":"Participate in worldwide lottery jackpots from any country","publisher":{"@id":"https:\/\/redfoxlotto.com\/sk\/#organization"},"potentialAction":[{"@type":"SearchAction","target":{"@type":"EntryPoint","urlTemplate":"https:\/\/redfoxlotto.com\/sk\/?s={search_term_string}"},"query-input":{"@type":"PropertyValueSpecification","valueRequired":true,"valueName":"search_term_string"}}],"inLanguage":"sk-SK"},{"@type":"Organization","@id":"https:\/\/redfoxlotto.com\/sk\/#organization","name":"Get Tickets for the World\u2019s largest jackpots","url":"https:\/\/redfoxlotto.com\/sk\/","logo":{"@type":"ImageObject","inLanguage":"sk-SK","@id":"https:\/\/redfoxlotto.com\/sk\/#\/schema\/logo\/image\/","url":"https:\/\/redfoxlotto.com\/wp-content\/uploads\/2023\/04\/logo.png","contentUrl":"https:\/\/redfoxlotto.com\/wp-content\/uploads\/2023\/04\/logo.png","width":269,"height":53,"caption":"Get Tickets for the World\u2019s largest jackpots"},"image":{"@id":"https:\/\/redfoxlotto.com\/sk\/#\/schema\/logo\/image\/"}}]}},"_links":{"self":[{"href":"https:\/\/redfoxlotto.com\/sk\/wp-json\/wp\/v2\/pages\/11499","targetHints":{"allow":["GET"]}}],"collection":[{"href":"https:\/\/redfoxlotto.com\/sk\/wp-json\/wp\/v2\/pages"}],"about":[{"href":"https:\/\/redfoxlotto.com\/sk\/wp-json\/wp\/v2\/types\/page"}],"author":[{"embeddable":true,"href":"https:\/\/redfoxlotto.com\/sk\/wp-json\/wp\/v2\/users\/1"}],"replies":[{"embeddable":true,"href":"https:\/\/redfoxlotto.com\/sk\/wp-json\/wp\/v2\/comments?post=11499"}],"version-history":[{"count":0,"href":"https:\/\/redfoxlotto.com\/sk\/wp-json\/wp\/v2\/pages\/11499\/revisions"}],"up":[{"embeddable":true,"href":"https:\/\/redfoxlotto.com\/sk\/wp-json\/wp\/v2\/pages\/10252"}],"wp:attachment":[{"href":"https:\/\/redfoxlotto.com\/sk\/wp-json\/wp\/v2\/media?parent=11499"}],"curies":[{"name":"wp","href":"https:\/\/api.w.org\/{rel}","templated":true}]}}