{"id":11498,"date":"2023-04-24T18:19:55","date_gmt":"2023-04-24T18:19:55","guid":{"rendered":"https:\/\/redfoxlotto.com\/?page_id=11498"},"modified":"2020-05-07T18:59:02","modified_gmt":"2020-05-07T17:59:02","slug":"powerball-au","status":"publish","type":"page","link":"https:\/\/redfoxlotto.com\/sk\/hraj\/powerball-au\/","title":{"rendered":"Powerball z Down Under"},"content":{"rendered":"<p>Ka\u017ed\u00fd t\u00fd\u017ede\u0148, vo \u0160tvrtok v noci, Powerball Australia vzru\u0161uje n\u00e1rod. Vytiahne dva sety \u010d\u00edsel obsiahnut\u00fdch v dvoch sudoch. V prvom sude je 35 r\u00f4znych \u010d\u00edsel v rozmedz\u00ed od 1 do 35. Potom, druh\u00fd s\u00fad vyd\u00e1va \u010d\u00edsla medzi 1 a 20.<\/p><p><img loading=\"lazy\" decoding=\"async\" class=\" wp-image alignright\" src=\"https:\/\/content.redfoxlotto.com\/uploads\/sites\/9\/2_ticket_powerball_au.jpg\" alt=\"Powerball Austr\u00e1lia online\" width=\"222\" height=\"427\" \/><\/p><p>Prv\u00fd sud vyberie sedem \u010d\u00edsel, ale druh\u00fd barel si zvol\u00ed iba jedno \u010d\u00edslo. Toto jedno \u010d\u00edslo (medzi 1 a 20) je Powerball. Hlavn\u00e1 cena je vydan\u00e1 ktor\u00e9muko\u013evek hr\u00e1\u010dovi ktor\u00fd spr\u00e1vne zvol\u00ed v\u0161etk\u00fdch sedem \u010d\u00edsel a m\u00e1 Powerball.<\/p><p>\u0160\u0165astlivec v Sydney schmatol 107 mili\u00f3nov AU$ na presne tejto Powerball hre iba ned\u00e1vno. Ale v\u00fdhry m\u00f4\u017ee pr\u00eds\u0165 z mno\u017estva r\u00f4znych kombin\u00e1ci\u00ed.<\/p><h2 class=\"wp-block-heading\">Hrajte Powerball Australia Lottery online<\/h2><p><img loading=\"lazy\" decoding=\"async\" class=\" wp-image alignright\" src=\"https:\/\/content.redfoxlotto.com\/uploads\/sites\/9\/1_lottery_win_luxury_house.jpg\" alt=\"Zahra\u0165 si austr\u00e1lsky powerball\" width=\"275\" height=\"206\" \/><\/p><p>Narozdiel od mno\u017estvo lot\u00e9ri\u00ed ktor\u00e9 maj\u00fa rozsah \u010d\u00edsel medzi 1 a 49 alebo 1 a 59, Powerball Australia m\u00e1 omnoho men\u0161ie baz\u00e9n. Je tam iba 35 \u010d\u00edsel z ktor\u00fdch si m\u00f4\u017eete vybra\u0165 tie v\u00fdhern\u00e9. Toto v\u00fdrazne zvy\u0161uje \u0161ance na v\u00fdhru.<\/p><p>Obstarajte si v\u00e1\u0161 l\u00edstok online teraz &#8211; RedFoxLotto pr\u00edjma MasterCard, Visa, PayPal, NETELLER, Skrill a dokonca Bitcoiny.<\/p>","protected":false},"excerpt":{"rendered":"<p>Ka\u017ed\u00fd t\u00fd\u017ede\u0148, vo \u0160tvrtok v noci, Powerball Australia vzru\u0161uje n\u00e1rod. Vytiahne dva sety \u010d\u00edsel obsiahnut\u00fdch v dvoch sudoch. V prvom sude je 35 r\u00f4znych \u010d\u00edsel v rozmedz\u00ed od 1 do 35. Potom, druh\u00fd s\u00fad vyd\u00e1va \u010d\u00edsla medzi 1 a 20. Prv\u00fd sud vyberie sedem \u010d\u00edsel, ale druh\u00fd barel si zvol\u00ed iba jedno \u010d\u00edslo. Toto jedno [&hellip;]<\/p>\n","protected":false},"author":1,"featured_media":0,"parent":10270,"menu_order":17,"comment_status":"closed","ping_status":"closed","template":"powerball-au.php","meta":{"_et_pb_use_builder":"","_et_pb_old_content":"","_et_gb_content_width":"","exclude_from_search":false,"footnotes":""},"class_list":["post-11498","page","type-page","status-publish","hentry"],"yoast_head":"<!-- This site is optimized with the Yoast SEO plugin v27.3 - https:\/\/yoast.com\/product\/yoast-seo-wordpress\/ -->\n<title>Hrajte Powerball Australia Lot\u00e9riu Online<\/title>\n<meta name=\"description\" content=\"Najob\u013e\u00fabenj\u0161ia lot\u00e9ria Austr\u00e1lie teraz dostupn\u00e1 Online celosvetovo\" \/>\n<meta name=\"robots\" content=\"index, follow, max-snippet:-1, max-image-preview:large, max-video-preview:-1\" \/>\n<link rel=\"canonical\" href=\"https:\/\/redfoxlotto.com\/sk\/hraj\/powerball-au\/\" \/>\n<meta property=\"og:locale\" content=\"sk_SK\" \/>\n<meta property=\"og:type\" content=\"article\" \/>\n<meta property=\"og:title\" content=\"Hrajte Powerball Australia Lot\u00e9riu Online\" \/>\n<meta property=\"og:description\" content=\"Najob\u013e\u00fabenj\u0161ia lot\u00e9ria Austr\u00e1lie teraz dostupn\u00e1 Online celosvetovo\" \/>\n<meta property=\"og:url\" content=\"https:\/\/redfoxlotto.com\/sk\/hraj\/powerball-au\/\" \/>\n<meta property=\"og:site_name\" content=\"Get Tickets for the World\u2019s largest jackpots\" \/>\n<meta property=\"og:image\" content=\"https:\/\/content.redfoxlotto.com\/uploads\/sites\/9\/2_ticket_powerball_au.jpg\" \/>\n<meta name=\"twitter:card\" content=\"summary_large_image\" \/>\n<meta name=\"twitter:label1\" content=\"Predpokladan\u00fd \u010das \u010d\u00edtania\" \/>\n\t<meta name=\"twitter:data1\" content=\"2 min\u00faty\" \/>\n<script type=\"application\/ld+json\" class=\"yoast-schema-graph\">{\"@context\":\"https:\\\/\\\/schema.org\",\"@graph\":[{\"@type\":\"WebPage\",\"@id\":\"https:\\\/\\\/redfoxlotto.com\\\/sk\\\/hraj\\\/powerball-au\\\/\",\"url\":\"https:\\\/\\\/redfoxlotto.com\\\/sk\\\/hraj\\\/powerball-au\\\/\",\"name\":\"Hrajte Powerball Australia Lot\u00e9riu Online\",\"isPartOf\":{\"@id\":\"https:\\\/\\\/redfoxlotto.com\\\/sk\\\/#website\"},\"primaryImageOfPage\":{\"@id\":\"https:\\\/\\\/redfoxlotto.com\\\/sk\\\/hraj\\\/powerball-au\\\/#primaryimage\"},\"image\":{\"@id\":\"https:\\\/\\\/redfoxlotto.com\\\/sk\\\/hraj\\\/powerball-au\\\/#primaryimage\"},\"thumbnailUrl\":\"https:\\\/\\\/content.redfoxlotto.com\\\/uploads\\\/sites\\\/9\\\/2_ticket_powerball_au.jpg\",\"datePublished\":\"2023-04-24T18:19:55+00:00\",\"description\":\"Najob\u013e\u00fabenj\u0161ia lot\u00e9ria Austr\u00e1lie teraz dostupn\u00e1 Online celosvetovo\",\"breadcrumb\":{\"@id\":\"https:\\\/\\\/redfoxlotto.com\\\/sk\\\/hraj\\\/powerball-au\\\/#breadcrumb\"},\"inLanguage\":\"sk-SK\",\"potentialAction\":[{\"@type\":\"ReadAction\",\"target\":[\"https:\\\/\\\/redfoxlotto.com\\\/sk\\\/hraj\\\/powerball-au\\\/\"]}]},{\"@type\":\"ImageObject\",\"inLanguage\":\"sk-SK\",\"@id\":\"https:\\\/\\\/redfoxlotto.com\\\/sk\\\/hraj\\\/powerball-au\\\/#primaryimage\",\"url\":\"https:\\\/\\\/content.redfoxlotto.com\\\/uploads\\\/sites\\\/9\\\/2_ticket_powerball_au.jpg\",\"contentUrl\":\"https:\\\/\\\/content.redfoxlotto.com\\\/uploads\\\/sites\\\/9\\\/2_ticket_powerball_au.jpg\"},{\"@type\":\"BreadcrumbList\",\"@id\":\"https:\\\/\\\/redfoxlotto.com\\\/sk\\\/hraj\\\/powerball-au\\\/#breadcrumb\",\"itemListElement\":[{\"@type\":\"ListItem\",\"position\":1,\"name\":\"Home\",\"item\":\"https:\\\/\\\/redfoxlotto.com\\\/sk\\\/\"},{\"@type\":\"ListItem\",\"position\":2,\"name\":\"Ako hra\u0165 lot\u00e9rie z in\u00fdch kraj\u00edn\",\"item\":\"https:\\\/\\\/redfoxlotto.com\\\/sk\\\/hraj\\\/\"},{\"@type\":\"ListItem\",\"position\":3,\"name\":\"Powerball z Down Under\"}]},{\"@type\":\"WebSite\",\"@id\":\"https:\\\/\\\/redfoxlotto.com\\\/sk\\\/#website\",\"url\":\"https:\\\/\\\/redfoxlotto.com\\\/sk\\\/\",\"name\":\"Get Tickets for the World\u2019s largest jackpots\",\"description\":\"Participate in worldwide lottery jackpots from any country\",\"publisher\":{\"@id\":\"https:\\\/\\\/redfoxlotto.com\\\/sk\\\/#organization\"},\"potentialAction\":[{\"@type\":\"SearchAction\",\"target\":{\"@type\":\"EntryPoint\",\"urlTemplate\":\"https:\\\/\\\/redfoxlotto.com\\\/sk\\\/?s={search_term_string}\"},\"query-input\":{\"@type\":\"PropertyValueSpecification\",\"valueRequired\":true,\"valueName\":\"search_term_string\"}}],\"inLanguage\":\"sk-SK\"},{\"@type\":\"Organization\",\"@id\":\"https:\\\/\\\/redfoxlotto.com\\\/sk\\\/#organization\",\"name\":\"Get Tickets for the World\u2019s largest jackpots\",\"url\":\"https:\\\/\\\/redfoxlotto.com\\\/sk\\\/\",\"logo\":{\"@type\":\"ImageObject\",\"inLanguage\":\"sk-SK\",\"@id\":\"https:\\\/\\\/redfoxlotto.com\\\/sk\\\/#\\\/schema\\\/logo\\\/image\\\/\",\"url\":\"https:\\\/\\\/redfoxlotto.com\\\/wp-content\\\/uploads\\\/2023\\\/04\\\/logo.png\",\"contentUrl\":\"https:\\\/\\\/redfoxlotto.com\\\/wp-content\\\/uploads\\\/2023\\\/04\\\/logo.png\",\"width\":269,\"height\":53,\"caption\":\"Get Tickets for the World\u2019s largest jackpots\"},\"image\":{\"@id\":\"https:\\\/\\\/redfoxlotto.com\\\/sk\\\/#\\\/schema\\\/logo\\\/image\\\/\"}}]}<\/script>\n<!-- \/ Yoast SEO plugin. -->","yoast_head_json":{"title":"Hrajte Powerball Australia Lot\u00e9riu Online","description":"Najob\u013e\u00fabenj\u0161ia lot\u00e9ria Austr\u00e1lie teraz dostupn\u00e1 Online celosvetovo","robots":{"index":"index","follow":"follow","max-snippet":"max-snippet:-1","max-image-preview":"max-image-preview:large","max-video-preview":"max-video-preview:-1"},"canonical":"https:\/\/redfoxlotto.com\/sk\/hraj\/powerball-au\/","og_locale":"sk_SK","og_type":"article","og_title":"Hrajte Powerball Australia Lot\u00e9riu Online","og_description":"Najob\u013e\u00fabenj\u0161ia lot\u00e9ria Austr\u00e1lie teraz dostupn\u00e1 Online celosvetovo","og_url":"https:\/\/redfoxlotto.com\/sk\/hraj\/powerball-au\/","og_site_name":"Get Tickets for the World\u2019s largest jackpots","og_image":[{"url":"https:\/\/content.redfoxlotto.com\/uploads\/sites\/9\/2_ticket_powerball_au.jpg","type":"","width":"","height":""}],"twitter_card":"summary_large_image","twitter_misc":{"Predpokladan\u00fd \u010das \u010d\u00edtania":"2 min\u00faty"},"schema":{"@context":"https:\/\/schema.org","@graph":[{"@type":"WebPage","@id":"https:\/\/redfoxlotto.com\/sk\/hraj\/powerball-au\/","url":"https:\/\/redfoxlotto.com\/sk\/hraj\/powerball-au\/","name":"Hrajte Powerball Australia Lot\u00e9riu Online","isPartOf":{"@id":"https:\/\/redfoxlotto.com\/sk\/#website"},"primaryImageOfPage":{"@id":"https:\/\/redfoxlotto.com\/sk\/hraj\/powerball-au\/#primaryimage"},"image":{"@id":"https:\/\/redfoxlotto.com\/sk\/hraj\/powerball-au\/#primaryimage"},"thumbnailUrl":"https:\/\/content.redfoxlotto.com\/uploads\/sites\/9\/2_ticket_powerball_au.jpg","datePublished":"2023-04-24T18:19:55+00:00","description":"Najob\u013e\u00fabenj\u0161ia lot\u00e9ria Austr\u00e1lie teraz dostupn\u00e1 Online celosvetovo","breadcrumb":{"@id":"https:\/\/redfoxlotto.com\/sk\/hraj\/powerball-au\/#breadcrumb"},"inLanguage":"sk-SK","potentialAction":[{"@type":"ReadAction","target":["https:\/\/redfoxlotto.com\/sk\/hraj\/powerball-au\/"]}]},{"@type":"ImageObject","inLanguage":"sk-SK","@id":"https:\/\/redfoxlotto.com\/sk\/hraj\/powerball-au\/#primaryimage","url":"https:\/\/content.redfoxlotto.com\/uploads\/sites\/9\/2_ticket_powerball_au.jpg","contentUrl":"https:\/\/content.redfoxlotto.com\/uploads\/sites\/9\/2_ticket_powerball_au.jpg"},{"@type":"BreadcrumbList","@id":"https:\/\/redfoxlotto.com\/sk\/hraj\/powerball-au\/#breadcrumb","itemListElement":[{"@type":"ListItem","position":1,"name":"Home","item":"https:\/\/redfoxlotto.com\/sk\/"},{"@type":"ListItem","position":2,"name":"Ako hra\u0165 lot\u00e9rie z in\u00fdch kraj\u00edn","item":"https:\/\/redfoxlotto.com\/sk\/hraj\/"},{"@type":"ListItem","position":3,"name":"Powerball z Down Under"}]},{"@type":"WebSite","@id":"https:\/\/redfoxlotto.com\/sk\/#website","url":"https:\/\/redfoxlotto.com\/sk\/","name":"Get Tickets for the World\u2019s largest jackpots","description":"Participate in worldwide lottery jackpots from any country","publisher":{"@id":"https:\/\/redfoxlotto.com\/sk\/#organization"},"potentialAction":[{"@type":"SearchAction","target":{"@type":"EntryPoint","urlTemplate":"https:\/\/redfoxlotto.com\/sk\/?s={search_term_string}"},"query-input":{"@type":"PropertyValueSpecification","valueRequired":true,"valueName":"search_term_string"}}],"inLanguage":"sk-SK"},{"@type":"Organization","@id":"https:\/\/redfoxlotto.com\/sk\/#organization","name":"Get Tickets for the World\u2019s largest jackpots","url":"https:\/\/redfoxlotto.com\/sk\/","logo":{"@type":"ImageObject","inLanguage":"sk-SK","@id":"https:\/\/redfoxlotto.com\/sk\/#\/schema\/logo\/image\/","url":"https:\/\/redfoxlotto.com\/wp-content\/uploads\/2023\/04\/logo.png","contentUrl":"https:\/\/redfoxlotto.com\/wp-content\/uploads\/2023\/04\/logo.png","width":269,"height":53,"caption":"Get Tickets for the World\u2019s largest jackpots"},"image":{"@id":"https:\/\/redfoxlotto.com\/sk\/#\/schema\/logo\/image\/"}}]}},"_links":{"self":[{"href":"https:\/\/redfoxlotto.com\/sk\/wp-json\/wp\/v2\/pages\/11498","targetHints":{"allow":["GET"]}}],"collection":[{"href":"https:\/\/redfoxlotto.com\/sk\/wp-json\/wp\/v2\/pages"}],"about":[{"href":"https:\/\/redfoxlotto.com\/sk\/wp-json\/wp\/v2\/types\/page"}],"author":[{"embeddable":true,"href":"https:\/\/redfoxlotto.com\/sk\/wp-json\/wp\/v2\/users\/1"}],"replies":[{"embeddable":true,"href":"https:\/\/redfoxlotto.com\/sk\/wp-json\/wp\/v2\/comments?post=11498"}],"version-history":[{"count":0,"href":"https:\/\/redfoxlotto.com\/sk\/wp-json\/wp\/v2\/pages\/11498\/revisions"}],"up":[{"embeddable":true,"href":"https:\/\/redfoxlotto.com\/sk\/wp-json\/wp\/v2\/pages\/10270"}],"wp:attachment":[{"href":"https:\/\/redfoxlotto.com\/sk\/wp-json\/wp\/v2\/media?parent=11498"}],"curies":[{"name":"wp","href":"https:\/\/api.w.org\/{rel}","templated":true}]}}