{"id":11468,"date":"2020-04-16T13:14:59","date_gmt":"2020-04-16T13:14:59","guid":{"rendered":"https:\/\/redfoxlotto.com\/?page_id=11468"},"modified":"2020-05-07T10:15:24","modified_gmt":"2020-05-07T09:15:24","slug":"lotto-fr","status":"publish","type":"page","link":"https:\/\/redfoxlotto.com\/sk\/vysledky\/lotto-fr\/","title":{"rendered":"Franc\u00fazsky lotto V\u00fdsledky"},"content":{"rendered":"<p>Chcete sa ubezpe\u010di\u0165 \u017ee dostanete v\u00fdhern\u00e9 \u010d\u00edsla tak jednoducho ako sa len d\u00e1? Pozrieme sa na franc\u00fazsky lotto v\u00fdsledky a \u010do presne by pre v\u00e1s mohli znamena\u0165.<\/p><h2 class=\"wp-block-heading\">H\u013eadanie franc\u00fazsky lotto V\u00fdsledkov<\/h2><p><img decoding=\"async\" class=\" wp-image-5380 alignright\" src=\"https:\/\/content.redfoxlotto.com\/uploads\/sites\/9\/lotto-online.jpeg\" alt=\"Lotto vo Franc\u00fazsku\" width=\"250&quot;\" height=\"125\"><\/p><p>Najjednoduch\u0161\u00edm sp\u00f4som je pozrie\u0165 si ich tu na na\u0161ej webovej str\u00e1nke. Ak ste si s nami k\u00fapili l\u00edstok, zhoduj\u00face sa v\u00fdhern\u00e9 \u010d\u00edsla bude vyzna\u010den\u00e9 vo va\u0161om l\u00edstku. Taktie\u017e, dostanete e-mail ak vyhr\u00e1te.<\/p><h2 class=\"wp-block-heading\">Pochopenie Cenov\u00fdch Kateg\u00f3ri\u00ed<\/h2><p><img decoding=\"async\" class=\" wp-image-5380 alignright\" src=\"https:\/\/content.redfoxlotto.com\/uploads\/sites\/9\/loto-francais-tirage.jpg\" alt=\"v\u00fdsledok\" width=\"250&quot;\" height=\"125\"><\/p><p>Ak si u\u017e n\u00e1jdete v\u00fdhern\u00e9 v\u00fdsledky tak si budete chcie\u0165 bli\u017e\u0161ie pozrie\u0165 veci ako zoznam cenov\u00fdch kateg\u00f3ri\u00ed a ktor\u00e9 \u010d\u00edsla m\u00e1te vlastne spr\u00e1vne.<\/p><p>Ak uh\u00e1dnete aspo\u0148 zop\u00e1r \u010d\u00edsel, tak vyhr\u00e1te cenu. Ale ak uh\u00e1dnete \u0161tyri z nich dostane celkom dobr\u00fa sumu a ak uh\u00e1dnete aspo\u0148 \u0161tyri s bonus ball tak sa v\u00e1m naozaj po\u0161\u0165astilo. V skuto\u010dnosti, \u0161tyri spr\u00e1vne \u010d\u00edsla s bonusom v\u00e1m zaru\u010dia v\u00e4\u010d\u0161iu v\u00fdplatu ne\u017e p\u00e4\u0165 spr\u00e1vnych \u010d\u00edsel bez bonusu.<\/p>","protected":false},"excerpt":{"rendered":"<p>Chcete sa ubezpe\u010di\u0165 \u017ee dostanete v\u00fdhern\u00e9 \u010d\u00edsla tak jednoducho ako sa len d\u00e1? Pozrieme sa na franc\u00fazsky lotto v\u00fdsledky a \u010do presne by pre v\u00e1s mohli znamena\u0165. H\u013eadanie franc\u00fazsky lotto V\u00fdsledkov Najjednoduch\u0161\u00edm sp\u00f4som je pozrie\u0165 si ich tu na na\u0161ej webovej str\u00e1nke. Ak ste si s nami k\u00fapili l\u00edstok, zhoduj\u00face sa v\u00fdhern\u00e9 \u010d\u00edsla bude vyzna\u010den\u00e9 [&hellip;]<\/p>\n","protected":false},"author":1,"featured_media":0,"parent":10260,"menu_order":32,"comment_status":"closed","ping_status":"closed","template":"lotto-fr-results.php","meta":{"_et_pb_use_builder":"","_et_pb_old_content":"","_et_gb_content_width":"","exclude_from_search":false,"footnotes":""},"class_list":["post-11468","page","type-page","status-publish","hentry"],"yoast_head":"<!-- This site is optimized with the Yoast SEO plugin v23.8 - https:\/\/yoast.com\/wordpress\/plugins\/seo\/ -->\n<title>N\u00e1jdenie va\u0161ich Franc\u00fazsky lotto V\u00fdsledkov<\/title>\n<meta name=\"description\" content=\"N\u00e1jdenie Franc\u00fazsky lotto v\u00fdsledkov je jednoduch\u00e9 a \u013eahk\u00e9 preto\u017ee v\u0161etko \u010do potrebujete spravi\u0165 si ich pozrie\u0165 tuto\" \/>\n<meta name=\"robots\" content=\"index, follow, max-snippet:-1, max-image-preview:large, max-video-preview:-1\" \/>\n<link rel=\"canonical\" href=\"https:\/\/redfoxlotto.com\/sk\/vysledky\/lotto-fr\/\" \/>\n<meta property=\"og:locale\" content=\"sk_SK\" \/>\n<meta property=\"og:type\" content=\"article\" \/>\n<meta property=\"og:title\" content=\"N\u00e1jdenie va\u0161ich Franc\u00fazsky lotto V\u00fdsledkov\" \/>\n<meta property=\"og:description\" content=\"N\u00e1jdenie Franc\u00fazsky lotto v\u00fdsledkov je jednoduch\u00e9 a \u013eahk\u00e9 preto\u017ee v\u0161etko \u010do potrebujete spravi\u0165 si ich pozrie\u0165 tuto\" \/>\n<meta property=\"og:url\" content=\"https:\/\/redfoxlotto.com\/sk\/vysledky\/lotto-fr\/\" \/>\n<meta property=\"og:site_name\" content=\"Get Tickets for the World\u2019s largest jackpots\" \/>\n<meta property=\"article:modified_time\" content=\"2020-05-07T09:15:24+00:00\" \/>\n<meta property=\"og:image\" content=\"https:\/\/content.redfoxlotto.com\/uploads\/sites\/9\/lotto-online.jpeg\" \/>\n<meta name=\"twitter:card\" content=\"summary_large_image\" \/>\n<meta name=\"twitter:label1\" content=\"Predpokladan\u00fd \u010das \u010d\u00edtania\" \/>\n\t<meta name=\"twitter:data1\" content=\"2 min\u00faty\" \/>\n<script type=\"application\/ld+json\" class=\"yoast-schema-graph\">{\"@context\":\"https:\/\/schema.org\",\"@graph\":[{\"@type\":\"WebPage\",\"@id\":\"https:\/\/redfoxlotto.com\/sk\/vysledky\/lotto-fr\/\",\"url\":\"https:\/\/redfoxlotto.com\/sk\/vysledky\/lotto-fr\/\",\"name\":\"N\u00e1jdenie va\u0161ich Franc\u00fazsky lotto V\u00fdsledkov\",\"isPartOf\":{\"@id\":\"https:\/\/redfoxlotto.com\/sk\/#website\"},\"primaryImageOfPage\":{\"@id\":\"https:\/\/redfoxlotto.com\/sk\/vysledky\/lotto-fr\/#primaryimage\"},\"image\":{\"@id\":\"https:\/\/redfoxlotto.com\/sk\/vysledky\/lotto-fr\/#primaryimage\"},\"thumbnailUrl\":\"https:\/\/content.redfoxlotto.com\/uploads\/sites\/9\/lotto-online.jpeg\",\"datePublished\":\"2020-04-16T13:14:59+00:00\",\"dateModified\":\"2020-05-07T09:15:24+00:00\",\"description\":\"N\u00e1jdenie Franc\u00fazsky lotto v\u00fdsledkov je jednoduch\u00e9 a \u013eahk\u00e9 preto\u017ee v\u0161etko \u010do potrebujete spravi\u0165 si ich pozrie\u0165 tuto\",\"breadcrumb\":{\"@id\":\"https:\/\/redfoxlotto.com\/sk\/vysledky\/lotto-fr\/#breadcrumb\"},\"inLanguage\":\"sk-SK\",\"potentialAction\":[{\"@type\":\"ReadAction\",\"target\":[\"https:\/\/redfoxlotto.com\/sk\/vysledky\/lotto-fr\/\"]}]},{\"@type\":\"ImageObject\",\"inLanguage\":\"sk-SK\",\"@id\":\"https:\/\/redfoxlotto.com\/sk\/vysledky\/lotto-fr\/#primaryimage\",\"url\":\"https:\/\/content.redfoxlotto.com\/uploads\/sites\/9\/lotto-online.jpeg\",\"contentUrl\":\"https:\/\/content.redfoxlotto.com\/uploads\/sites\/9\/lotto-online.jpeg\"},{\"@type\":\"BreadcrumbList\",\"@id\":\"https:\/\/redfoxlotto.com\/sk\/vysledky\/lotto-fr\/#breadcrumb\",\"itemListElement\":[{\"@type\":\"ListItem\",\"position\":1,\"name\":\"Home\",\"item\":\"https:\/\/redfoxlotto.com\/sk\/\"},{\"@type\":\"ListItem\",\"position\":2,\"name\":\"V\u00fdsledky medzin\u00e1rodnej lot\u00e9rie\",\"item\":\"https:\/\/redfoxlotto.com\/sk\/vysledky\/\"},{\"@type\":\"ListItem\",\"position\":3,\"name\":\"Franc\u00fazsky lotto V\u00fdsledky\"}]},{\"@type\":\"WebSite\",\"@id\":\"https:\/\/redfoxlotto.com\/sk\/#website\",\"url\":\"https:\/\/redfoxlotto.com\/sk\/\",\"name\":\"Get Tickets for the World\u2019s largest jackpots\",\"description\":\"Participate in worldwide lottery jackpots from any country\",\"publisher\":{\"@id\":\"https:\/\/redfoxlotto.com\/sk\/#organization\"},\"potentialAction\":[{\"@type\":\"SearchAction\",\"target\":{\"@type\":\"EntryPoint\",\"urlTemplate\":\"https:\/\/redfoxlotto.com\/sk\/?s={search_term_string}\"},\"query-input\":{\"@type\":\"PropertyValueSpecification\",\"valueRequired\":true,\"valueName\":\"search_term_string\"}}],\"inLanguage\":\"sk-SK\"},{\"@type\":\"Organization\",\"@id\":\"https:\/\/redfoxlotto.com\/sk\/#organization\",\"name\":\"Get Tickets for the World\u2019s largest jackpots\",\"url\":\"https:\/\/redfoxlotto.com\/sk\/\",\"logo\":{\"@type\":\"ImageObject\",\"inLanguage\":\"sk-SK\",\"@id\":\"https:\/\/redfoxlotto.com\/sk\/#\/schema\/logo\/image\/\",\"url\":\"https:\/\/redfoxlotto.com\/wp-content\/uploads\/2023\/04\/logo.png\",\"contentUrl\":\"https:\/\/redfoxlotto.com\/wp-content\/uploads\/2023\/04\/logo.png\",\"width\":269,\"height\":53,\"caption\":\"Get Tickets for the World\u2019s largest jackpots\"},\"image\":{\"@id\":\"https:\/\/redfoxlotto.com\/sk\/#\/schema\/logo\/image\/\"}}]}<\/script>\n<!-- \/ Yoast SEO plugin. -->","yoast_head_json":{"title":"N\u00e1jdenie va\u0161ich Franc\u00fazsky lotto V\u00fdsledkov","description":"N\u00e1jdenie Franc\u00fazsky lotto v\u00fdsledkov je jednoduch\u00e9 a \u013eahk\u00e9 preto\u017ee v\u0161etko \u010do potrebujete spravi\u0165 si ich pozrie\u0165 tuto","robots":{"index":"index","follow":"follow","max-snippet":"max-snippet:-1","max-image-preview":"max-image-preview:large","max-video-preview":"max-video-preview:-1"},"canonical":"https:\/\/redfoxlotto.com\/sk\/vysledky\/lotto-fr\/","og_locale":"sk_SK","og_type":"article","og_title":"N\u00e1jdenie va\u0161ich Franc\u00fazsky lotto V\u00fdsledkov","og_description":"N\u00e1jdenie Franc\u00fazsky lotto v\u00fdsledkov je jednoduch\u00e9 a \u013eahk\u00e9 preto\u017ee v\u0161etko \u010do potrebujete spravi\u0165 si ich pozrie\u0165 tuto","og_url":"https:\/\/redfoxlotto.com\/sk\/vysledky\/lotto-fr\/","og_site_name":"Get Tickets for the World\u2019s largest jackpots","article_modified_time":"2020-05-07T09:15:24+00:00","og_image":[{"url":"https:\/\/content.redfoxlotto.com\/uploads\/sites\/9\/lotto-online.jpeg"}],"twitter_card":"summary_large_image","twitter_misc":{"Predpokladan\u00fd \u010das \u010d\u00edtania":"2 min\u00faty"},"schema":{"@context":"https:\/\/schema.org","@graph":[{"@type":"WebPage","@id":"https:\/\/redfoxlotto.com\/sk\/vysledky\/lotto-fr\/","url":"https:\/\/redfoxlotto.com\/sk\/vysledky\/lotto-fr\/","name":"N\u00e1jdenie va\u0161ich Franc\u00fazsky lotto V\u00fdsledkov","isPartOf":{"@id":"https:\/\/redfoxlotto.com\/sk\/#website"},"primaryImageOfPage":{"@id":"https:\/\/redfoxlotto.com\/sk\/vysledky\/lotto-fr\/#primaryimage"},"image":{"@id":"https:\/\/redfoxlotto.com\/sk\/vysledky\/lotto-fr\/#primaryimage"},"thumbnailUrl":"https:\/\/content.redfoxlotto.com\/uploads\/sites\/9\/lotto-online.jpeg","datePublished":"2020-04-16T13:14:59+00:00","dateModified":"2020-05-07T09:15:24+00:00","description":"N\u00e1jdenie Franc\u00fazsky lotto v\u00fdsledkov je jednoduch\u00e9 a \u013eahk\u00e9 preto\u017ee v\u0161etko \u010do potrebujete spravi\u0165 si ich pozrie\u0165 tuto","breadcrumb":{"@id":"https:\/\/redfoxlotto.com\/sk\/vysledky\/lotto-fr\/#breadcrumb"},"inLanguage":"sk-SK","potentialAction":[{"@type":"ReadAction","target":["https:\/\/redfoxlotto.com\/sk\/vysledky\/lotto-fr\/"]}]},{"@type":"ImageObject","inLanguage":"sk-SK","@id":"https:\/\/redfoxlotto.com\/sk\/vysledky\/lotto-fr\/#primaryimage","url":"https:\/\/content.redfoxlotto.com\/uploads\/sites\/9\/lotto-online.jpeg","contentUrl":"https:\/\/content.redfoxlotto.com\/uploads\/sites\/9\/lotto-online.jpeg"},{"@type":"BreadcrumbList","@id":"https:\/\/redfoxlotto.com\/sk\/vysledky\/lotto-fr\/#breadcrumb","itemListElement":[{"@type":"ListItem","position":1,"name":"Home","item":"https:\/\/redfoxlotto.com\/sk\/"},{"@type":"ListItem","position":2,"name":"V\u00fdsledky medzin\u00e1rodnej lot\u00e9rie","item":"https:\/\/redfoxlotto.com\/sk\/vysledky\/"},{"@type":"ListItem","position":3,"name":"Franc\u00fazsky lotto V\u00fdsledky"}]},{"@type":"WebSite","@id":"https:\/\/redfoxlotto.com\/sk\/#website","url":"https:\/\/redfoxlotto.com\/sk\/","name":"Get Tickets for the World\u2019s largest jackpots","description":"Participate in worldwide lottery jackpots from any country","publisher":{"@id":"https:\/\/redfoxlotto.com\/sk\/#organization"},"potentialAction":[{"@type":"SearchAction","target":{"@type":"EntryPoint","urlTemplate":"https:\/\/redfoxlotto.com\/sk\/?s={search_term_string}"},"query-input":{"@type":"PropertyValueSpecification","valueRequired":true,"valueName":"search_term_string"}}],"inLanguage":"sk-SK"},{"@type":"Organization","@id":"https:\/\/redfoxlotto.com\/sk\/#organization","name":"Get Tickets for the World\u2019s largest jackpots","url":"https:\/\/redfoxlotto.com\/sk\/","logo":{"@type":"ImageObject","inLanguage":"sk-SK","@id":"https:\/\/redfoxlotto.com\/sk\/#\/schema\/logo\/image\/","url":"https:\/\/redfoxlotto.com\/wp-content\/uploads\/2023\/04\/logo.png","contentUrl":"https:\/\/redfoxlotto.com\/wp-content\/uploads\/2023\/04\/logo.png","width":269,"height":53,"caption":"Get Tickets for the World\u2019s largest jackpots"},"image":{"@id":"https:\/\/redfoxlotto.com\/sk\/#\/schema\/logo\/image\/"}}]}},"_links":{"self":[{"href":"https:\/\/redfoxlotto.com\/sk\/wp-json\/wp\/v2\/pages\/11468","targetHints":{"allow":["GET"]}}],"collection":[{"href":"https:\/\/redfoxlotto.com\/sk\/wp-json\/wp\/v2\/pages"}],"about":[{"href":"https:\/\/redfoxlotto.com\/sk\/wp-json\/wp\/v2\/types\/page"}],"author":[{"embeddable":true,"href":"https:\/\/redfoxlotto.com\/sk\/wp-json\/wp\/v2\/users\/1"}],"replies":[{"embeddable":true,"href":"https:\/\/redfoxlotto.com\/sk\/wp-json\/wp\/v2\/comments?post=11468"}],"version-history":[{"count":0,"href":"https:\/\/redfoxlotto.com\/sk\/wp-json\/wp\/v2\/pages\/11468\/revisions"}],"up":[{"embeddable":true,"href":"https:\/\/redfoxlotto.com\/sk\/wp-json\/wp\/v2\/pages\/10260"}],"wp:attachment":[{"href":"https:\/\/redfoxlotto.com\/sk\/wp-json\/wp\/v2\/media?parent=11468"}],"curies":[{"name":"wp","href":"https:\/\/api.w.org\/{rel}","templated":true}]}}