{"id":11466,"date":"2019-08-09T14:33:52","date_gmt":"2019-08-09T14:33:52","guid":{"rendered":"https:\/\/redfoxlotto.com\/?page_id=11466"},"modified":"2020-05-07T10:13:39","modified_gmt":"2020-05-07T09:13:39","slug":"lotto-fr","status":"publish","type":"page","link":"https:\/\/redfoxlotto.com\/sk\/loterie\/lotto-fr\/","title":{"rendered":"O franc\u00fazsky lotto"},"content":{"rendered":"<p>Mo\u017eno v\u00e1s prekvap\u00ed \u017ee lot\u00e9ria vo Franc\u00fazsku sa datuje sp\u00e4\u0165 a\u017e do roku 1505. Kr\u00e1\u013e Francis 1. ju za\u010dal so svojimi ob\u010danmi, ale hra sa postupom \u010dasu o dos\u0165 zmenila. St\u00e1le, v\u0161eobecn\u00fd postup bude celkom podobn\u00fd tomu \u010do ste pravdepodobne videli v akejko\u013evek druhej lot\u00e9riovej hre ktor\u00fa ste hrali.<\/p><!--more--><h2 class=\"wp-block-heading\">Ako to Funguje<\/h2><p><img decoding=\"async\" class=\" wp-image-5380 alignright\" src=\"https:\/\/content.redfoxlotto.com\/uploads\/sites\/9\/500_euro_bills.jpg\" alt=\"online l\u00edstok Franc\u00fazska lot\u00e9ria\" width=\"250&quot;\" height=\"125\"><\/p><p>S franc\u00fazsky lotto, sa vlastne losovania konaj\u00fa tri dni v t\u00fd\u017edni &#8211; ka\u017ed\u00fd Pondelok, Stredu, a Sobotu sa konaj\u00fa nov\u00e9 losovania. Navrch mno\u017estva losovan\u00ed, hra je super jednoduch\u00e1.<\/p><h2 class=\"wp-block-heading\">V\u00fdber \u010d\u00edsel<\/h2><p>Existuje nieko\u013eko r\u00f4znych sp\u00f4sobov, ako si vybra\u0165, ktor\u00e9 \u010d\u00edsla chcete hra\u0165. M\u00f4\u017eete vyplni\u0165 pole s \u010d\u00edslami, ktor\u00e9 chcete, alebo si m\u00f4\u017eete vybra\u0165, aby ste dostali \u201er\u00fdchly v\u00fdber\u201c. A ak si k\u00fapite French lotto l\u00edstky online, je to e\u0161te jednoduch\u0161ie. Sp\u00f4sob ak\u00fdm vyhr\u00e1te je ak m\u00e1te v\u0161etk\u00fdch p\u00e4\u0165 \u010d\u00edsel spr\u00e1vne a dostanete spr\u00e1vnu bonus ball. Ve\u013ek\u00fd jackpot bude aspo\u0148 2 000 000 \u20ac.<\/p><h2 class=\"wp-block-heading\">Ako Vyhra\u0165<\/h2><p><img decoding=\"async\" class=\" wp-image-5380 alignright\" src=\"https:\/\/content.redfoxlotto.com\/uploads\/sites\/9\/jackpot_lottery_online.jpg\" alt=\"vstupenky French Lotto\" width=\"250&quot;\" height=\"125\"><\/p><p>Pokia\u013e uh\u00e1dnete bonusov\u00e9 \u010d\u00edslo tak nie\u010do vyhr\u00e1te. Ak uh\u00e1dnete dva z be\u017en\u00fdch \u010d\u00edsel ale nie bonusov\u00e9, taktie\u017e nie\u010do vyhr\u00e1te. A pre ka\u017ed\u00e9 dodato\u010dn\u00e9 \u010d\u00edslo ktor\u00e9 uh\u00e1dnete vyhr\u00e1te tro\u0161ku viac a tro\u0161ku viac. Najlep\u0161\u00edm sp\u00f4sobom vyhra\u0165 bude so \u0161tyrmi \u010d\u00edslami plus bonus alebo so v\u0161etk\u00fdmi piatimi \u010d\u00edslami plus bonus.<\/p><h2 class=\"wp-block-heading\">Ako K\u00fapi\u0165 L\u00edstky do franc\u00fazsky lotto Online<\/h2><p>Kupujte online, dostanete v\u0161etky rovnak\u00e9 v\u00fdhody ako keby \u017eili vo Franc\u00fazsku a mohli si k\u00fapi\u0165 l\u00edstky miestne.<\/p>","protected":false},"excerpt":{"rendered":"<p>Mo\u017eno v\u00e1s prekvap\u00ed \u017ee lot\u00e9ria vo Franc\u00fazsku sa datuje sp\u00e4\u0165 a\u017e do roku 1505. Kr\u00e1\u013e Francis 1. ju za\u010dal so svojimi ob\u010danmi, ale hra sa postupom \u010dasu o dos\u0165 zmenila. St\u00e1le, v\u0161eobecn\u00fd postup bude celkom podobn\u00fd tomu \u010do ste pravdepodobne videli v akejko\u013evek druhej lot\u00e9riovej hre ktor\u00fa ste hrali.<\/p>\n","protected":false},"author":1,"featured_media":0,"parent":10252,"menu_order":31,"comment_status":"closed","ping_status":"closed","template":"lotto-fr-info.php","meta":{"_et_pb_use_builder":"","_et_pb_old_content":"","_et_gb_content_width":"","exclude_from_search":false,"footnotes":""},"class_list":["post-11466","page","type-page","status-publish","hentry"],"yoast_head":"<!-- This site is optimized with the Yoast SEO plugin v23.8 - https:\/\/yoast.com\/wordpress\/plugins\/seo\/ -->\n<title>Ako si k\u00fapi\u0165 l\u00edstky na French Lottery Online<\/title>\n<meta name=\"description\" content=\"Pripraven\u00fd k\u00fapi\u0165 si l\u00edstok na French lottery online? Nav\u0161t\u00edve tu!\" \/>\n<meta name=\"robots\" content=\"index, follow, max-snippet:-1, max-image-preview:large, max-video-preview:-1\" \/>\n<link rel=\"canonical\" href=\"https:\/\/redfoxlotto.com\/sk\/loterie\/lotto-fr\/\" \/>\n<meta property=\"og:locale\" content=\"sk_SK\" \/>\n<meta property=\"og:type\" content=\"article\" \/>\n<meta property=\"og:title\" content=\"Ako si k\u00fapi\u0165 l\u00edstky na French Lottery Online\" \/>\n<meta property=\"og:description\" content=\"Pripraven\u00fd k\u00fapi\u0165 si l\u00edstok na French lottery online? Nav\u0161t\u00edve tu!\" \/>\n<meta property=\"og:url\" content=\"https:\/\/redfoxlotto.com\/sk\/loterie\/lotto-fr\/\" \/>\n<meta property=\"og:site_name\" content=\"Get Tickets for the World\u2019s largest jackpots\" \/>\n<meta property=\"article:modified_time\" content=\"2020-05-07T09:13:39+00:00\" \/>\n<meta property=\"og:image\" content=\"https:\/\/content.redfoxlotto.com\/uploads\/sites\/9\/500_euro_bills.jpg\" \/>\n<meta name=\"twitter:card\" content=\"summary_large_image\" \/>\n<meta name=\"twitter:label1\" content=\"Predpokladan\u00fd \u010das \u010d\u00edtania\" \/>\n\t<meta name=\"twitter:data1\" content=\"2 min\u00faty\" \/>\n<script type=\"application\/ld+json\" class=\"yoast-schema-graph\">{\"@context\":\"https:\/\/schema.org\",\"@graph\":[{\"@type\":\"WebPage\",\"@id\":\"https:\/\/redfoxlotto.com\/sk\/loterie\/lotto-fr\/\",\"url\":\"https:\/\/redfoxlotto.com\/sk\/loterie\/lotto-fr\/\",\"name\":\"Ako si k\u00fapi\u0165 l\u00edstky na French Lottery Online\",\"isPartOf\":{\"@id\":\"https:\/\/redfoxlotto.com\/sk\/#website\"},\"primaryImageOfPage\":{\"@id\":\"https:\/\/redfoxlotto.com\/sk\/loterie\/lotto-fr\/#primaryimage\"},\"image\":{\"@id\":\"https:\/\/redfoxlotto.com\/sk\/loterie\/lotto-fr\/#primaryimage\"},\"thumbnailUrl\":\"https:\/\/content.redfoxlotto.com\/uploads\/sites\/9\/500_euro_bills.jpg\",\"datePublished\":\"2019-08-09T14:33:52+00:00\",\"dateModified\":\"2020-05-07T09:13:39+00:00\",\"description\":\"Pripraven\u00fd k\u00fapi\u0165 si l\u00edstok na French lottery online? Nav\u0161t\u00edve tu!\",\"breadcrumb\":{\"@id\":\"https:\/\/redfoxlotto.com\/sk\/loterie\/lotto-fr\/#breadcrumb\"},\"inLanguage\":\"sk-SK\",\"potentialAction\":[{\"@type\":\"ReadAction\",\"target\":[\"https:\/\/redfoxlotto.com\/sk\/loterie\/lotto-fr\/\"]}]},{\"@type\":\"ImageObject\",\"inLanguage\":\"sk-SK\",\"@id\":\"https:\/\/redfoxlotto.com\/sk\/loterie\/lotto-fr\/#primaryimage\",\"url\":\"https:\/\/content.redfoxlotto.com\/uploads\/sites\/9\/500_euro_bills.jpg\",\"contentUrl\":\"https:\/\/content.redfoxlotto.com\/uploads\/sites\/9\/500_euro_bills.jpg\"},{\"@type\":\"BreadcrumbList\",\"@id\":\"https:\/\/redfoxlotto.com\/sk\/loterie\/lotto-fr\/#breadcrumb\",\"itemListElement\":[{\"@type\":\"ListItem\",\"position\":1,\"name\":\"Home\",\"item\":\"https:\/\/redfoxlotto.com\/sk\/\"},{\"@type\":\"ListItem\",\"position\":2,\"name\":\"Ako k\u00fapi\u0165 online lot\u00e9riov\u00e9 l\u00edstky &#8211; proces n\u00e1kupu\",\"item\":\"https:\/\/redfoxlotto.com\/sk\/loterie\/\"},{\"@type\":\"ListItem\",\"position\":3,\"name\":\"O franc\u00fazsky lotto\"}]},{\"@type\":\"WebSite\",\"@id\":\"https:\/\/redfoxlotto.com\/sk\/#website\",\"url\":\"https:\/\/redfoxlotto.com\/sk\/\",\"name\":\"Get Tickets for the World\u2019s largest jackpots\",\"description\":\"Participate in worldwide lottery jackpots from any country\",\"publisher\":{\"@id\":\"https:\/\/redfoxlotto.com\/sk\/#organization\"},\"potentialAction\":[{\"@type\":\"SearchAction\",\"target\":{\"@type\":\"EntryPoint\",\"urlTemplate\":\"https:\/\/redfoxlotto.com\/sk\/?s={search_term_string}\"},\"query-input\":{\"@type\":\"PropertyValueSpecification\",\"valueRequired\":true,\"valueName\":\"search_term_string\"}}],\"inLanguage\":\"sk-SK\"},{\"@type\":\"Organization\",\"@id\":\"https:\/\/redfoxlotto.com\/sk\/#organization\",\"name\":\"Get Tickets for the World\u2019s largest jackpots\",\"url\":\"https:\/\/redfoxlotto.com\/sk\/\",\"logo\":{\"@type\":\"ImageObject\",\"inLanguage\":\"sk-SK\",\"@id\":\"https:\/\/redfoxlotto.com\/sk\/#\/schema\/logo\/image\/\",\"url\":\"https:\/\/redfoxlotto.com\/wp-content\/uploads\/2023\/04\/logo.png\",\"contentUrl\":\"https:\/\/redfoxlotto.com\/wp-content\/uploads\/2023\/04\/logo.png\",\"width\":269,\"height\":53,\"caption\":\"Get Tickets for the World\u2019s largest jackpots\"},\"image\":{\"@id\":\"https:\/\/redfoxlotto.com\/sk\/#\/schema\/logo\/image\/\"}}]}<\/script>\n<!-- \/ Yoast SEO plugin. -->","yoast_head_json":{"title":"Ako si k\u00fapi\u0165 l\u00edstky na French Lottery Online","description":"Pripraven\u00fd k\u00fapi\u0165 si l\u00edstok na French lottery online? Nav\u0161t\u00edve tu!","robots":{"index":"index","follow":"follow","max-snippet":"max-snippet:-1","max-image-preview":"max-image-preview:large","max-video-preview":"max-video-preview:-1"},"canonical":"https:\/\/redfoxlotto.com\/sk\/loterie\/lotto-fr\/","og_locale":"sk_SK","og_type":"article","og_title":"Ako si k\u00fapi\u0165 l\u00edstky na French Lottery Online","og_description":"Pripraven\u00fd k\u00fapi\u0165 si l\u00edstok na French lottery online? Nav\u0161t\u00edve tu!","og_url":"https:\/\/redfoxlotto.com\/sk\/loterie\/lotto-fr\/","og_site_name":"Get Tickets for the World\u2019s largest jackpots","article_modified_time":"2020-05-07T09:13:39+00:00","og_image":[{"url":"https:\/\/content.redfoxlotto.com\/uploads\/sites\/9\/500_euro_bills.jpg"}],"twitter_card":"summary_large_image","twitter_misc":{"Predpokladan\u00fd \u010das \u010d\u00edtania":"2 min\u00faty"},"schema":{"@context":"https:\/\/schema.org","@graph":[{"@type":"WebPage","@id":"https:\/\/redfoxlotto.com\/sk\/loterie\/lotto-fr\/","url":"https:\/\/redfoxlotto.com\/sk\/loterie\/lotto-fr\/","name":"Ako si k\u00fapi\u0165 l\u00edstky na French Lottery Online","isPartOf":{"@id":"https:\/\/redfoxlotto.com\/sk\/#website"},"primaryImageOfPage":{"@id":"https:\/\/redfoxlotto.com\/sk\/loterie\/lotto-fr\/#primaryimage"},"image":{"@id":"https:\/\/redfoxlotto.com\/sk\/loterie\/lotto-fr\/#primaryimage"},"thumbnailUrl":"https:\/\/content.redfoxlotto.com\/uploads\/sites\/9\/500_euro_bills.jpg","datePublished":"2019-08-09T14:33:52+00:00","dateModified":"2020-05-07T09:13:39+00:00","description":"Pripraven\u00fd k\u00fapi\u0165 si l\u00edstok na French lottery online? Nav\u0161t\u00edve tu!","breadcrumb":{"@id":"https:\/\/redfoxlotto.com\/sk\/loterie\/lotto-fr\/#breadcrumb"},"inLanguage":"sk-SK","potentialAction":[{"@type":"ReadAction","target":["https:\/\/redfoxlotto.com\/sk\/loterie\/lotto-fr\/"]}]},{"@type":"ImageObject","inLanguage":"sk-SK","@id":"https:\/\/redfoxlotto.com\/sk\/loterie\/lotto-fr\/#primaryimage","url":"https:\/\/content.redfoxlotto.com\/uploads\/sites\/9\/500_euro_bills.jpg","contentUrl":"https:\/\/content.redfoxlotto.com\/uploads\/sites\/9\/500_euro_bills.jpg"},{"@type":"BreadcrumbList","@id":"https:\/\/redfoxlotto.com\/sk\/loterie\/lotto-fr\/#breadcrumb","itemListElement":[{"@type":"ListItem","position":1,"name":"Home","item":"https:\/\/redfoxlotto.com\/sk\/"},{"@type":"ListItem","position":2,"name":"Ako k\u00fapi\u0165 online lot\u00e9riov\u00e9 l\u00edstky &#8211; proces n\u00e1kupu","item":"https:\/\/redfoxlotto.com\/sk\/loterie\/"},{"@type":"ListItem","position":3,"name":"O franc\u00fazsky lotto"}]},{"@type":"WebSite","@id":"https:\/\/redfoxlotto.com\/sk\/#website","url":"https:\/\/redfoxlotto.com\/sk\/","name":"Get Tickets for the World\u2019s largest jackpots","description":"Participate in worldwide lottery jackpots from any country","publisher":{"@id":"https:\/\/redfoxlotto.com\/sk\/#organization"},"potentialAction":[{"@type":"SearchAction","target":{"@type":"EntryPoint","urlTemplate":"https:\/\/redfoxlotto.com\/sk\/?s={search_term_string}"},"query-input":{"@type":"PropertyValueSpecification","valueRequired":true,"valueName":"search_term_string"}}],"inLanguage":"sk-SK"},{"@type":"Organization","@id":"https:\/\/redfoxlotto.com\/sk\/#organization","name":"Get Tickets for the World\u2019s largest jackpots","url":"https:\/\/redfoxlotto.com\/sk\/","logo":{"@type":"ImageObject","inLanguage":"sk-SK","@id":"https:\/\/redfoxlotto.com\/sk\/#\/schema\/logo\/image\/","url":"https:\/\/redfoxlotto.com\/wp-content\/uploads\/2023\/04\/logo.png","contentUrl":"https:\/\/redfoxlotto.com\/wp-content\/uploads\/2023\/04\/logo.png","width":269,"height":53,"caption":"Get Tickets for the World\u2019s largest jackpots"},"image":{"@id":"https:\/\/redfoxlotto.com\/sk\/#\/schema\/logo\/image\/"}}]}},"_links":{"self":[{"href":"https:\/\/redfoxlotto.com\/sk\/wp-json\/wp\/v2\/pages\/11466","targetHints":{"allow":["GET"]}}],"collection":[{"href":"https:\/\/redfoxlotto.com\/sk\/wp-json\/wp\/v2\/pages"}],"about":[{"href":"https:\/\/redfoxlotto.com\/sk\/wp-json\/wp\/v2\/types\/page"}],"author":[{"embeddable":true,"href":"https:\/\/redfoxlotto.com\/sk\/wp-json\/wp\/v2\/users\/1"}],"replies":[{"embeddable":true,"href":"https:\/\/redfoxlotto.com\/sk\/wp-json\/wp\/v2\/comments?post=11466"}],"version-history":[{"count":0,"href":"https:\/\/redfoxlotto.com\/sk\/wp-json\/wp\/v2\/pages\/11466\/revisions"}],"up":[{"embeddable":true,"href":"https:\/\/redfoxlotto.com\/sk\/wp-json\/wp\/v2\/pages\/10252"}],"wp:attachment":[{"href":"https:\/\/redfoxlotto.com\/sk\/wp-json\/wp\/v2\/media?parent=11466"}],"curies":[{"name":"wp","href":"https:\/\/api.w.org\/{rel}","templated":true}]}}