{"id":11464,"date":"2019-08-09T14:24:22","date_gmt":"2019-08-09T14:24:22","guid":{"rendered":"https:\/\/redfoxlotto.com\/?page_id=11464"},"modified":"2025-12-10T23:49:07","modified_gmt":"2025-12-10T23:49:07","slug":"lotto-fr","status":"publish","type":"page","link":"https:\/\/redfoxlotto.com\/sk\/hraj\/lotto-fr\/","title":{"rendered":"Hrajte franc\u00fazsky lotto"},"content":{"rendered":"<script type=\"application\/ld+json\">\r\n{\r\n\"@context\": \"https:\/\/schema.org\",\r\n\"@type\": \"Service\",\r\n\"name\": \"French Lotto online\",\r\n\"url\": \"https:\/\/redfoxlotto.com\/sk\/hraj\/lotto-fr\/\",\r\n\"description\": \"Zak\u00fapte ofici\u00e1lne franc\u00fazske lotto tikety online prostredn\u00edctvom RedFoxLotto. Vyberte svoje \u010d\u00edsla a zapojte sa do \u010fal\u0161ieho \u017erebovania.\",\r\n\"serviceType\": \"Online lottery ticket purchase\",\r\n\r\n\"provider\": {\r\n\"@type\": \"Organization\",\r\n\"name\": \"RedFoxLotto\",\r\n\"url\": \"https:\/\/redfoxlotto.com\",\r\n\"logo\": \"https:\/\/redfoxlotto.com\/wp-content\/uploads\/logo.png\"\r\n},\r\n\r\n\"areaServed\": \"Worldwide\",\r\n\"termsOfService\": \"https:\/\/redfoxlotto.com\/terms-and-conditions\",\r\n\r\n\"hasOfferCatalog\": {\r\n\"@type\": \"OfferCatalog\",\r\n\"name\": \"French Lotto Offers\",\r\n\"itemListElement\": [\r\n{\r\n\"@type\": \"Offer\",\r\n\"name\": \"Lotto French Lotto Ticket\",\r\n\"url\": \"https:\/\/redfoxlotto.com\/sk\/hraj\/lotto-fr\/\",\r\n\"description\": \"Jeden vstup do \u010fal\u0161ieho \u017erebovania franc\u00fazskej lot\u00e9rie.\",\r\n\"price\": \"6.00\",\r\n\"priceCurrency\": \"EUR\",\r\n\"availability\": \"https:\/\/schema.org\/InStock\",\r\n\r\n\"itemOffered\": {\r\n\"@type\": \"Service\",\r\n\"name\": \"French Lotto Lottery Entry\",\r\n\"description\": \"\u00da\u010das\u0165 na \u010fal\u0161om \u017erebovan\u00ed franc\u00fazskej lot\u00e9rie prostredn\u00edctvom RedFoxLotto.\"\r\n}\r\n}\r\n]\r\n},\r\n\r\n\"mainEntityOfPage\": {\r\n\"@type\": \"WebPage\",\r\n\"@id\": \"https:\/\/redfoxlotto.com\/sk\/hraj\/lotto-fr\/\"\r\n}\r\n}\r\n<\/script><!--more--><p>Ste pripraven\u00fd zahra\u0165 si \u00faplne nov\u00fa hru? Ak \u00e1no tak by ste si mali rozhodne bli\u017e\u0161ie pozrie\u0165 franc\u00fazsky lotto. Ak ste ju e\u0161te predt\u00fdm nehrali, budete zrejme prekvapen\u00fd ak\u00e1 je podobn\u00e1 hr\u00e1m ktor\u00e9 ste hrali.<\/p><h2 class=\"wp-block-heading\">Ako Hra\u0165 franc\u00fazsky lotto Online<\/h2><p><img decoding=\"async\" class=\" wp-image-5380 alignright\" src=\"https:\/\/content.redfoxlotto.com\/uploads\/sites\/9\/misc_euro_bills.jpg\" alt=\"Zahrajte si franc\u00fazske lotto online\" width=\"250&quot;\" height=\"125\"><\/p><p>Hrali ste u\u017e niekedy in\u00fd typ lot\u00e9rie online? Alebo mo\u017eno ste si u\u017e predt\u00fdm zbehli do miestneho obchodu a vyzdvihli ste si l\u00edstky. Toto s\u00fa hry ktor\u00e9 bud\u00fa e\u0161te z\u00e1bavnej\u0161ie a daj\u00fa v\u00e1m vlastne viac \u0161anc\u00ed vyhra\u0165 obrovsk\u00e9 ceny.<\/p><p>S franc\u00fazsky lotto is iba mus\u00edte k\u00fapi\u0165 l\u00edstok online nato aby ste mohli za\u010da\u0165 hra\u0165 a k\u00fapa l\u00edstku je super jednoduch\u00e1. Pre t\u00fato konkr\u00e9tnu hru, budete ma\u0165 mo\u017enos\u0165 piatich \u010d\u00edsel plus bonusov\u00e9 \u010d\u00edslo.<\/p><h2 class=\"wp-block-heading\">Ako Vyhra\u0165 franc\u00fazsky lotto Online<\/h2><p><img decoding=\"async\" class=\" wp-image-5380 alignright\" src=\"https:\/\/content.redfoxlotto.com\/uploads\/sites\/9\/how_to_win_Lottery.jpg\" alt=\"Franc\u00fazska lot\u00e9ria\" width=\"250&quot;\" height=\"125\"><\/p><p>Hra losuje ka\u017ed\u00fdch zop\u00e1r dn\u00ed, s losovaniami v Pondelok, Stredu a Sobotu, tak\u017ee nebude musie\u0165 dlho \u010daka\u0165. Akon\u00e1hle s\u00fa \u010d\u00edsla vylosovan\u00e9 je \u010das si ich skontrolova\u0165. M\u00f4\u017eete sa vr\u00e1ti\u0165 priamo sem, kde ste si k\u00fapili l\u00edstok a zisti\u0165 v\u00fdhern\u00e9 \u010d\u00edsla a vidie\u0165 \u010di ste vyhrali jackpot alebo aspo\u0148 jednu z mal\u00fdch cien.<\/p>","protected":false},"excerpt":{"rendered":"","protected":false},"author":1,"featured_media":0,"parent":10270,"menu_order":33,"comment_status":"closed","ping_status":"closed","template":"lotto-fr.php","meta":{"_et_pb_use_builder":"","_et_pb_old_content":"","_et_gb_content_width":"","exclude_from_search":false,"footnotes":""},"class_list":["post-11464","page","type-page","status-publish","hentry"],"yoast_head":"<!-- This site is optimized with the Yoast SEO plugin v23.8 - https:\/\/yoast.com\/wordpress\/plugins\/seo\/ -->\n<title>Ako hra\u0165 franc\u00fazsky lotto Online<\/title>\n<meta name=\"description\" content=\"Ke\u010f ste pripraven\u00fd hra\u0165 franc\u00fazsky lotto, toto je spr\u00e1vne miesto kde za\u010da\u0165.\" \/>\n<meta name=\"robots\" content=\"index, follow, max-snippet:-1, max-image-preview:large, max-video-preview:-1\" \/>\n<link rel=\"canonical\" href=\"https:\/\/redfoxlotto.com\/sk\/hraj\/lotto-fr\/\" \/>\n<meta property=\"og:locale\" content=\"sk_SK\" \/>\n<meta property=\"og:type\" content=\"article\" \/>\n<meta property=\"og:title\" content=\"Ako hra\u0165 franc\u00fazsky lotto Online\" \/>\n<meta property=\"og:description\" content=\"Ke\u010f ste pripraven\u00fd hra\u0165 franc\u00fazsky lotto, toto je spr\u00e1vne miesto kde za\u010da\u0165.\" \/>\n<meta property=\"og:url\" content=\"https:\/\/redfoxlotto.com\/sk\/hraj\/lotto-fr\/\" \/>\n<meta property=\"og:site_name\" content=\"Get Tickets for the World\u2019s largest jackpots\" \/>\n<meta property=\"article:modified_time\" content=\"2025-12-10T23:49:07+00:00\" \/>\n<meta property=\"og:image\" content=\"https:\/\/content.redfoxlotto.com\/uploads\/sites\/9\/misc_euro_bills.jpg\" \/>\n<meta name=\"twitter:card\" content=\"summary_large_image\" \/>\n<meta name=\"twitter:label1\" content=\"Predpokladan\u00fd \u010das \u010d\u00edtania\" \/>\n\t<meta name=\"twitter:data1\" content=\"2 min\u00faty\" \/>\n<script type=\"application\/ld+json\" class=\"yoast-schema-graph\">{\"@context\":\"https:\/\/schema.org\",\"@graph\":[{\"@type\":\"WebPage\",\"@id\":\"https:\/\/redfoxlotto.com\/sk\/hraj\/lotto-fr\/\",\"url\":\"https:\/\/redfoxlotto.com\/sk\/hraj\/lotto-fr\/\",\"name\":\"Ako hra\u0165 franc\u00fazsky lotto Online\",\"isPartOf\":{\"@id\":\"https:\/\/redfoxlotto.com\/sk\/#website\"},\"primaryImageOfPage\":{\"@id\":\"https:\/\/redfoxlotto.com\/sk\/hraj\/lotto-fr\/#primaryimage\"},\"image\":{\"@id\":\"https:\/\/redfoxlotto.com\/sk\/hraj\/lotto-fr\/#primaryimage\"},\"thumbnailUrl\":\"https:\/\/content.redfoxlotto.com\/uploads\/sites\/9\/misc_euro_bills.jpg\",\"datePublished\":\"2019-08-09T14:24:22+00:00\",\"dateModified\":\"2025-12-10T23:49:07+00:00\",\"description\":\"Ke\u010f ste pripraven\u00fd hra\u0165 franc\u00fazsky lotto, toto je spr\u00e1vne miesto kde za\u010da\u0165.\",\"breadcrumb\":{\"@id\":\"https:\/\/redfoxlotto.com\/sk\/hraj\/lotto-fr\/#breadcrumb\"},\"inLanguage\":\"sk-SK\",\"potentialAction\":[{\"@type\":\"ReadAction\",\"target\":[\"https:\/\/redfoxlotto.com\/sk\/hraj\/lotto-fr\/\"]}]},{\"@type\":\"ImageObject\",\"inLanguage\":\"sk-SK\",\"@id\":\"https:\/\/redfoxlotto.com\/sk\/hraj\/lotto-fr\/#primaryimage\",\"url\":\"https:\/\/content.redfoxlotto.com\/uploads\/sites\/9\/misc_euro_bills.jpg\",\"contentUrl\":\"https:\/\/content.redfoxlotto.com\/uploads\/sites\/9\/misc_euro_bills.jpg\"},{\"@type\":\"BreadcrumbList\",\"@id\":\"https:\/\/redfoxlotto.com\/sk\/hraj\/lotto-fr\/#breadcrumb\",\"itemListElement\":[{\"@type\":\"ListItem\",\"position\":1,\"name\":\"Home\",\"item\":\"https:\/\/redfoxlotto.com\/sk\/\"},{\"@type\":\"ListItem\",\"position\":2,\"name\":\"Ako hra\u0165 lot\u00e9rie z in\u00fdch kraj\u00edn\",\"item\":\"https:\/\/redfoxlotto.com\/sk\/hraj\/\"},{\"@type\":\"ListItem\",\"position\":3,\"name\":\"Hrajte franc\u00fazsky lotto\"}]},{\"@type\":\"WebSite\",\"@id\":\"https:\/\/redfoxlotto.com\/sk\/#website\",\"url\":\"https:\/\/redfoxlotto.com\/sk\/\",\"name\":\"Get Tickets for the World\u2019s largest jackpots\",\"description\":\"Participate in worldwide lottery jackpots from any country\",\"publisher\":{\"@id\":\"https:\/\/redfoxlotto.com\/sk\/#organization\"},\"potentialAction\":[{\"@type\":\"SearchAction\",\"target\":{\"@type\":\"EntryPoint\",\"urlTemplate\":\"https:\/\/redfoxlotto.com\/sk\/?s={search_term_string}\"},\"query-input\":{\"@type\":\"PropertyValueSpecification\",\"valueRequired\":true,\"valueName\":\"search_term_string\"}}],\"inLanguage\":\"sk-SK\"},{\"@type\":\"Organization\",\"@id\":\"https:\/\/redfoxlotto.com\/sk\/#organization\",\"name\":\"Get Tickets for the World\u2019s largest jackpots\",\"url\":\"https:\/\/redfoxlotto.com\/sk\/\",\"logo\":{\"@type\":\"ImageObject\",\"inLanguage\":\"sk-SK\",\"@id\":\"https:\/\/redfoxlotto.com\/sk\/#\/schema\/logo\/image\/\",\"url\":\"https:\/\/redfoxlotto.com\/wp-content\/uploads\/2023\/04\/logo.png\",\"contentUrl\":\"https:\/\/redfoxlotto.com\/wp-content\/uploads\/2023\/04\/logo.png\",\"width\":269,\"height\":53,\"caption\":\"Get Tickets for the World\u2019s largest jackpots\"},\"image\":{\"@id\":\"https:\/\/redfoxlotto.com\/sk\/#\/schema\/logo\/image\/\"}}]}<\/script>\n<!-- \/ Yoast SEO plugin. -->","yoast_head_json":{"title":"Ako hra\u0165 franc\u00fazsky lotto Online","description":"Ke\u010f ste pripraven\u00fd hra\u0165 franc\u00fazsky lotto, toto je spr\u00e1vne miesto kde za\u010da\u0165.","robots":{"index":"index","follow":"follow","max-snippet":"max-snippet:-1","max-image-preview":"max-image-preview:large","max-video-preview":"max-video-preview:-1"},"canonical":"https:\/\/redfoxlotto.com\/sk\/hraj\/lotto-fr\/","og_locale":"sk_SK","og_type":"article","og_title":"Ako hra\u0165 franc\u00fazsky lotto Online","og_description":"Ke\u010f ste pripraven\u00fd hra\u0165 franc\u00fazsky lotto, toto je spr\u00e1vne miesto kde za\u010da\u0165.","og_url":"https:\/\/redfoxlotto.com\/sk\/hraj\/lotto-fr\/","og_site_name":"Get Tickets for the World\u2019s largest jackpots","article_modified_time":"2025-12-10T23:49:07+00:00","og_image":[{"url":"https:\/\/content.redfoxlotto.com\/uploads\/sites\/9\/misc_euro_bills.jpg"}],"twitter_card":"summary_large_image","twitter_misc":{"Predpokladan\u00fd \u010das \u010d\u00edtania":"2 min\u00faty"},"schema":{"@context":"https:\/\/schema.org","@graph":[{"@type":"WebPage","@id":"https:\/\/redfoxlotto.com\/sk\/hraj\/lotto-fr\/","url":"https:\/\/redfoxlotto.com\/sk\/hraj\/lotto-fr\/","name":"Ako hra\u0165 franc\u00fazsky lotto Online","isPartOf":{"@id":"https:\/\/redfoxlotto.com\/sk\/#website"},"primaryImageOfPage":{"@id":"https:\/\/redfoxlotto.com\/sk\/hraj\/lotto-fr\/#primaryimage"},"image":{"@id":"https:\/\/redfoxlotto.com\/sk\/hraj\/lotto-fr\/#primaryimage"},"thumbnailUrl":"https:\/\/content.redfoxlotto.com\/uploads\/sites\/9\/misc_euro_bills.jpg","datePublished":"2019-08-09T14:24:22+00:00","dateModified":"2025-12-10T23:49:07+00:00","description":"Ke\u010f ste pripraven\u00fd hra\u0165 franc\u00fazsky lotto, toto je spr\u00e1vne miesto kde za\u010da\u0165.","breadcrumb":{"@id":"https:\/\/redfoxlotto.com\/sk\/hraj\/lotto-fr\/#breadcrumb"},"inLanguage":"sk-SK","potentialAction":[{"@type":"ReadAction","target":["https:\/\/redfoxlotto.com\/sk\/hraj\/lotto-fr\/"]}]},{"@type":"ImageObject","inLanguage":"sk-SK","@id":"https:\/\/redfoxlotto.com\/sk\/hraj\/lotto-fr\/#primaryimage","url":"https:\/\/content.redfoxlotto.com\/uploads\/sites\/9\/misc_euro_bills.jpg","contentUrl":"https:\/\/content.redfoxlotto.com\/uploads\/sites\/9\/misc_euro_bills.jpg"},{"@type":"BreadcrumbList","@id":"https:\/\/redfoxlotto.com\/sk\/hraj\/lotto-fr\/#breadcrumb","itemListElement":[{"@type":"ListItem","position":1,"name":"Home","item":"https:\/\/redfoxlotto.com\/sk\/"},{"@type":"ListItem","position":2,"name":"Ako hra\u0165 lot\u00e9rie z in\u00fdch kraj\u00edn","item":"https:\/\/redfoxlotto.com\/sk\/hraj\/"},{"@type":"ListItem","position":3,"name":"Hrajte franc\u00fazsky lotto"}]},{"@type":"WebSite","@id":"https:\/\/redfoxlotto.com\/sk\/#website","url":"https:\/\/redfoxlotto.com\/sk\/","name":"Get Tickets for the World\u2019s largest jackpots","description":"Participate in worldwide lottery jackpots from any country","publisher":{"@id":"https:\/\/redfoxlotto.com\/sk\/#organization"},"potentialAction":[{"@type":"SearchAction","target":{"@type":"EntryPoint","urlTemplate":"https:\/\/redfoxlotto.com\/sk\/?s={search_term_string}"},"query-input":{"@type":"PropertyValueSpecification","valueRequired":true,"valueName":"search_term_string"}}],"inLanguage":"sk-SK"},{"@type":"Organization","@id":"https:\/\/redfoxlotto.com\/sk\/#organization","name":"Get Tickets for the World\u2019s largest jackpots","url":"https:\/\/redfoxlotto.com\/sk\/","logo":{"@type":"ImageObject","inLanguage":"sk-SK","@id":"https:\/\/redfoxlotto.com\/sk\/#\/schema\/logo\/image\/","url":"https:\/\/redfoxlotto.com\/wp-content\/uploads\/2023\/04\/logo.png","contentUrl":"https:\/\/redfoxlotto.com\/wp-content\/uploads\/2023\/04\/logo.png","width":269,"height":53,"caption":"Get Tickets for the World\u2019s largest jackpots"},"image":{"@id":"https:\/\/redfoxlotto.com\/sk\/#\/schema\/logo\/image\/"}}]}},"_links":{"self":[{"href":"https:\/\/redfoxlotto.com\/sk\/wp-json\/wp\/v2\/pages\/11464","targetHints":{"allow":["GET"]}}],"collection":[{"href":"https:\/\/redfoxlotto.com\/sk\/wp-json\/wp\/v2\/pages"}],"about":[{"href":"https:\/\/redfoxlotto.com\/sk\/wp-json\/wp\/v2\/types\/page"}],"author":[{"embeddable":true,"href":"https:\/\/redfoxlotto.com\/sk\/wp-json\/wp\/v2\/users\/1"}],"replies":[{"embeddable":true,"href":"https:\/\/redfoxlotto.com\/sk\/wp-json\/wp\/v2\/comments?post=11464"}],"version-history":[{"count":0,"href":"https:\/\/redfoxlotto.com\/sk\/wp-json\/wp\/v2\/pages\/11464\/revisions"}],"up":[{"embeddable":true,"href":"https:\/\/redfoxlotto.com\/sk\/wp-json\/wp\/v2\/pages\/10270"}],"wp:attachment":[{"href":"https:\/\/redfoxlotto.com\/sk\/wp-json\/wp\/v2\/media?parent=11464"}],"curies":[{"name":"wp","href":"https:\/\/api.w.org\/{rel}","templated":true}]}}