{"id":11452,"date":"2019-11-20T11:24:49","date_gmt":"2019-11-20T11:24:49","guid":{"rendered":"https:\/\/redfoxlotto.com\/?page_id=11452"},"modified":"2020-05-07T08:57:11","modified_gmt":"2020-05-07T07:57:11","slug":"la-primitiva","status":"publish","type":"page","link":"https:\/\/redfoxlotto.com\/sk\/vysledky\/la-primitiva\/","title":{"rendered":"La Primitiva V\u00fdhern\u00e9 \u010d\u00edsla a v\u00fdsledky"},"content":{"rendered":"<p>Losovanie pre La Primitiva, najv\u00e4\u010d\u0161iu \u0160panielsku lot\u00e9riu, sa kon\u00e1 ka\u017ed\u00fa Nede\u013eu o 13:00 CET. H\u0148ed ako je losovanie dokon\u010den\u00e9, v\u00fdsledky si m\u00f4\u017eete n\u00e1js\u0165 tu na RedFoxLotto.com.<br>Ubezpe\u010dte sa \u017ee si porovn\u00e1te \u010d\u00edsla na va\u0161om l\u00edstku s v\u00fdhern\u00fdmi \u010d\u00edslami, teda zisti \u010di ste vyhrali alebo nie.<\/p><p><img loading=\"lazy\" decoding=\"async\" class=\" wp-image alignright\" src=\"https:\/\/content.redfoxlotto.com\/uploads\/sites\/9\/1_results_lottery_online5.jpg\" alt=\"v\u00fdsledky lotto\" width=\"255\" height=\"170\" \/><\/p><p>Ak m\u00e1te l\u00edstok na La Primitiva ktor\u00fd bol k\u00fapen\u00fd cez n\u00e1s, upozorn\u00edme v\u00e1s ho ak\u00fdko\u013evek v\u00fdhrach. Dostanete od n\u00e1s e-mail s \u010fal\u0161\u00edmi in\u0161trukciami. Uistite sa \u017ee na\u0161e e-maily neskon\u010dia v spame. Aby ste sa ubezpe\u010dili \u017ee inform\u00e1cie o va\u0161ich v\u00fdhrach s\u00fa prijat\u00e9, navrhuje \u017ee si prid\u00e1te RedFoxLotto.com do zoznamu povolen\u00fdch u v\u00e1\u0161ho e-mailov\u00e9o poskytovate\u013ea.<\/p><p><img loading=\"lazy\" decoding=\"async\" class=\" wp-image alignright\" src=\"https:\/\/content.redfoxlotto.com\/uploads\/sites\/9\/1_lottery_numbers_online.jpg\" alt=\"La Primitiva\" width=\"287\" height=\"137\" \/><\/p><p>V\u00fdhern\u00e9 \u010d\u00edsla pre La Primitiva bud\u00fa pozost\u00e1va\u0165 z 5 \u010d\u00edsel medzi 1 a 54, plus jedno \u010d\u00edslo medzi 0 a 9. 5+1 z v\u00e1s urob\u00ed v\u00fdhercu jackpotu a milion\u00e1ra. Ale aj prv\u00fdch p\u00e4\u0165 spr\u00e1vnych \u010d\u00edsel v\u00e1s st\u00e1le u\u0161tedr\u00ed ve\u013ea pe\u0148az\u00ed. Na str\u00e1nke s v\u00fdsledkami La Primitiva tie\u017e n\u00e1jdete v\u00fdplaty pre rozli\u010dn\u00e9 cenov\u00e9 kateg\u00f3rie.<\/p>","protected":false},"excerpt":{"rendered":"<p>Losovanie pre La Primitiva, najv\u00e4\u010d\u0161iu \u0160panielsku lot\u00e9riu, sa kon\u00e1 ka\u017ed\u00fa Nede\u013eu o 13:00 CET. H\u0148ed ako je losovanie dokon\u010den\u00e9, v\u00fdsledky si m\u00f4\u017eete n\u00e1js\u0165 tu na RedFoxLotto.com.Ubezpe\u010dte sa \u017ee si porovn\u00e1te \u010d\u00edsla na va\u0161om l\u00edstku s v\u00fdhern\u00fdmi \u010d\u00edslami, teda zisti \u010di ste vyhrali alebo nie. Ak m\u00e1te l\u00edstok na La Primitiva ktor\u00fd bol k\u00fapen\u00fd cez n\u00e1s, [&hellip;]<\/p>\n","protected":false},"author":1,"featured_media":0,"parent":10260,"menu_order":7,"comment_status":"closed","ping_status":"closed","template":"la-primitiva-results.php","meta":{"_et_pb_use_builder":"","_et_pb_old_content":"","_et_gb_content_width":"","exclude_from_search":false,"footnotes":""},"class_list":["post-11452","page","type-page","status-publish","hentry"],"yoast_head":"<!-- This site is optimized with the Yoast SEO plugin v23.8 - https:\/\/yoast.com\/wordpress\/plugins\/seo\/ -->\n<title>V\u00fdhern\u00e9 \u010d\u00edsla a v\u00fdsledky pre \u0160panielsku La Primitiva<\/title>\n<meta name=\"description\" content=\"Pozrite sa \u010d\u00ed v\u00e1\u0161 La Primitiva l\u00edstok vyhral, skontrolujte si v\u00fdhern\u00e9 \u010d\u00edsla tu!\" \/>\n<meta name=\"robots\" content=\"index, follow, max-snippet:-1, max-image-preview:large, max-video-preview:-1\" \/>\n<link rel=\"canonical\" href=\"https:\/\/redfoxlotto.com\/sk\/vysledky\/la-primitiva\/\" \/>\n<meta property=\"og:locale\" content=\"sk_SK\" \/>\n<meta property=\"og:type\" content=\"article\" \/>\n<meta property=\"og:title\" content=\"V\u00fdhern\u00e9 \u010d\u00edsla a v\u00fdsledky pre \u0160panielsku La Primitiva\" \/>\n<meta property=\"og:description\" content=\"Pozrite sa \u010d\u00ed v\u00e1\u0161 La Primitiva l\u00edstok vyhral, skontrolujte si v\u00fdhern\u00e9 \u010d\u00edsla tu!\" \/>\n<meta property=\"og:url\" content=\"https:\/\/redfoxlotto.com\/sk\/vysledky\/la-primitiva\/\" \/>\n<meta property=\"og:site_name\" content=\"Get Tickets for the World\u2019s largest jackpots\" \/>\n<meta property=\"article:modified_time\" content=\"2020-05-07T07:57:11+00:00\" \/>\n<meta property=\"og:image\" content=\"https:\/\/content.redfoxlotto.com\/uploads\/sites\/9\/1_results_lottery_online5.jpg\" \/>\n<meta name=\"twitter:card\" content=\"summary_large_image\" \/>\n<meta name=\"twitter:label1\" content=\"Predpokladan\u00fd \u010das \u010d\u00edtania\" \/>\n\t<meta name=\"twitter:data1\" content=\"2 min\u00faty\" \/>\n<script type=\"application\/ld+json\" class=\"yoast-schema-graph\">{\"@context\":\"https:\/\/schema.org\",\"@graph\":[{\"@type\":\"WebPage\",\"@id\":\"https:\/\/redfoxlotto.com\/sk\/vysledky\/la-primitiva\/\",\"url\":\"https:\/\/redfoxlotto.com\/sk\/vysledky\/la-primitiva\/\",\"name\":\"V\u00fdhern\u00e9 \u010d\u00edsla a v\u00fdsledky pre \u0160panielsku La Primitiva\",\"isPartOf\":{\"@id\":\"https:\/\/redfoxlotto.com\/sk\/#website\"},\"primaryImageOfPage\":{\"@id\":\"https:\/\/redfoxlotto.com\/sk\/vysledky\/la-primitiva\/#primaryimage\"},\"image\":{\"@id\":\"https:\/\/redfoxlotto.com\/sk\/vysledky\/la-primitiva\/#primaryimage\"},\"thumbnailUrl\":\"https:\/\/content.redfoxlotto.com\/uploads\/sites\/9\/1_results_lottery_online5.jpg\",\"datePublished\":\"2019-11-20T11:24:49+00:00\",\"dateModified\":\"2020-05-07T07:57:11+00:00\",\"description\":\"Pozrite sa \u010d\u00ed v\u00e1\u0161 La Primitiva l\u00edstok vyhral, skontrolujte si v\u00fdhern\u00e9 \u010d\u00edsla tu!\",\"breadcrumb\":{\"@id\":\"https:\/\/redfoxlotto.com\/sk\/vysledky\/la-primitiva\/#breadcrumb\"},\"inLanguage\":\"sk-SK\",\"potentialAction\":[{\"@type\":\"ReadAction\",\"target\":[\"https:\/\/redfoxlotto.com\/sk\/vysledky\/la-primitiva\/\"]}]},{\"@type\":\"ImageObject\",\"inLanguage\":\"sk-SK\",\"@id\":\"https:\/\/redfoxlotto.com\/sk\/vysledky\/la-primitiva\/#primaryimage\",\"url\":\"https:\/\/content.redfoxlotto.com\/uploads\/sites\/9\/1_results_lottery_online5.jpg\",\"contentUrl\":\"https:\/\/content.redfoxlotto.com\/uploads\/sites\/9\/1_results_lottery_online5.jpg\"},{\"@type\":\"BreadcrumbList\",\"@id\":\"https:\/\/redfoxlotto.com\/sk\/vysledky\/la-primitiva\/#breadcrumb\",\"itemListElement\":[{\"@type\":\"ListItem\",\"position\":1,\"name\":\"Home\",\"item\":\"https:\/\/redfoxlotto.com\/sk\/\"},{\"@type\":\"ListItem\",\"position\":2,\"name\":\"V\u00fdsledky medzin\u00e1rodnej lot\u00e9rie\",\"item\":\"https:\/\/redfoxlotto.com\/sk\/vysledky\/\"},{\"@type\":\"ListItem\",\"position\":3,\"name\":\"La Primitiva V\u00fdhern\u00e9 \u010d\u00edsla a v\u00fdsledky\"}]},{\"@type\":\"WebSite\",\"@id\":\"https:\/\/redfoxlotto.com\/sk\/#website\",\"url\":\"https:\/\/redfoxlotto.com\/sk\/\",\"name\":\"Get Tickets for the World\u2019s largest jackpots\",\"description\":\"Participate in worldwide lottery jackpots from any country\",\"publisher\":{\"@id\":\"https:\/\/redfoxlotto.com\/sk\/#organization\"},\"potentialAction\":[{\"@type\":\"SearchAction\",\"target\":{\"@type\":\"EntryPoint\",\"urlTemplate\":\"https:\/\/redfoxlotto.com\/sk\/?s={search_term_string}\"},\"query-input\":{\"@type\":\"PropertyValueSpecification\",\"valueRequired\":true,\"valueName\":\"search_term_string\"}}],\"inLanguage\":\"sk-SK\"},{\"@type\":\"Organization\",\"@id\":\"https:\/\/redfoxlotto.com\/sk\/#organization\",\"name\":\"Get Tickets for the World\u2019s largest jackpots\",\"url\":\"https:\/\/redfoxlotto.com\/sk\/\",\"logo\":{\"@type\":\"ImageObject\",\"inLanguage\":\"sk-SK\",\"@id\":\"https:\/\/redfoxlotto.com\/sk\/#\/schema\/logo\/image\/\",\"url\":\"https:\/\/redfoxlotto.com\/wp-content\/uploads\/2023\/04\/logo.png\",\"contentUrl\":\"https:\/\/redfoxlotto.com\/wp-content\/uploads\/2023\/04\/logo.png\",\"width\":269,\"height\":53,\"caption\":\"Get Tickets for the World\u2019s largest jackpots\"},\"image\":{\"@id\":\"https:\/\/redfoxlotto.com\/sk\/#\/schema\/logo\/image\/\"}}]}<\/script>\n<!-- \/ Yoast SEO plugin. -->","yoast_head_json":{"title":"V\u00fdhern\u00e9 \u010d\u00edsla a v\u00fdsledky pre \u0160panielsku La Primitiva","description":"Pozrite sa \u010d\u00ed v\u00e1\u0161 La Primitiva l\u00edstok vyhral, skontrolujte si v\u00fdhern\u00e9 \u010d\u00edsla tu!","robots":{"index":"index","follow":"follow","max-snippet":"max-snippet:-1","max-image-preview":"max-image-preview:large","max-video-preview":"max-video-preview:-1"},"canonical":"https:\/\/redfoxlotto.com\/sk\/vysledky\/la-primitiva\/","og_locale":"sk_SK","og_type":"article","og_title":"V\u00fdhern\u00e9 \u010d\u00edsla a v\u00fdsledky pre \u0160panielsku La Primitiva","og_description":"Pozrite sa \u010d\u00ed v\u00e1\u0161 La Primitiva l\u00edstok vyhral, skontrolujte si v\u00fdhern\u00e9 \u010d\u00edsla tu!","og_url":"https:\/\/redfoxlotto.com\/sk\/vysledky\/la-primitiva\/","og_site_name":"Get Tickets for the World\u2019s largest jackpots","article_modified_time":"2020-05-07T07:57:11+00:00","og_image":[{"url":"https:\/\/content.redfoxlotto.com\/uploads\/sites\/9\/1_results_lottery_online5.jpg"}],"twitter_card":"summary_large_image","twitter_misc":{"Predpokladan\u00fd \u010das \u010d\u00edtania":"2 min\u00faty"},"schema":{"@context":"https:\/\/schema.org","@graph":[{"@type":"WebPage","@id":"https:\/\/redfoxlotto.com\/sk\/vysledky\/la-primitiva\/","url":"https:\/\/redfoxlotto.com\/sk\/vysledky\/la-primitiva\/","name":"V\u00fdhern\u00e9 \u010d\u00edsla a v\u00fdsledky pre \u0160panielsku La Primitiva","isPartOf":{"@id":"https:\/\/redfoxlotto.com\/sk\/#website"},"primaryImageOfPage":{"@id":"https:\/\/redfoxlotto.com\/sk\/vysledky\/la-primitiva\/#primaryimage"},"image":{"@id":"https:\/\/redfoxlotto.com\/sk\/vysledky\/la-primitiva\/#primaryimage"},"thumbnailUrl":"https:\/\/content.redfoxlotto.com\/uploads\/sites\/9\/1_results_lottery_online5.jpg","datePublished":"2019-11-20T11:24:49+00:00","dateModified":"2020-05-07T07:57:11+00:00","description":"Pozrite sa \u010d\u00ed v\u00e1\u0161 La Primitiva l\u00edstok vyhral, skontrolujte si v\u00fdhern\u00e9 \u010d\u00edsla tu!","breadcrumb":{"@id":"https:\/\/redfoxlotto.com\/sk\/vysledky\/la-primitiva\/#breadcrumb"},"inLanguage":"sk-SK","potentialAction":[{"@type":"ReadAction","target":["https:\/\/redfoxlotto.com\/sk\/vysledky\/la-primitiva\/"]}]},{"@type":"ImageObject","inLanguage":"sk-SK","@id":"https:\/\/redfoxlotto.com\/sk\/vysledky\/la-primitiva\/#primaryimage","url":"https:\/\/content.redfoxlotto.com\/uploads\/sites\/9\/1_results_lottery_online5.jpg","contentUrl":"https:\/\/content.redfoxlotto.com\/uploads\/sites\/9\/1_results_lottery_online5.jpg"},{"@type":"BreadcrumbList","@id":"https:\/\/redfoxlotto.com\/sk\/vysledky\/la-primitiva\/#breadcrumb","itemListElement":[{"@type":"ListItem","position":1,"name":"Home","item":"https:\/\/redfoxlotto.com\/sk\/"},{"@type":"ListItem","position":2,"name":"V\u00fdsledky medzin\u00e1rodnej lot\u00e9rie","item":"https:\/\/redfoxlotto.com\/sk\/vysledky\/"},{"@type":"ListItem","position":3,"name":"La Primitiva V\u00fdhern\u00e9 \u010d\u00edsla a v\u00fdsledky"}]},{"@type":"WebSite","@id":"https:\/\/redfoxlotto.com\/sk\/#website","url":"https:\/\/redfoxlotto.com\/sk\/","name":"Get Tickets for the World\u2019s largest jackpots","description":"Participate in worldwide lottery jackpots from any country","publisher":{"@id":"https:\/\/redfoxlotto.com\/sk\/#organization"},"potentialAction":[{"@type":"SearchAction","target":{"@type":"EntryPoint","urlTemplate":"https:\/\/redfoxlotto.com\/sk\/?s={search_term_string}"},"query-input":{"@type":"PropertyValueSpecification","valueRequired":true,"valueName":"search_term_string"}}],"inLanguage":"sk-SK"},{"@type":"Organization","@id":"https:\/\/redfoxlotto.com\/sk\/#organization","name":"Get Tickets for the World\u2019s largest jackpots","url":"https:\/\/redfoxlotto.com\/sk\/","logo":{"@type":"ImageObject","inLanguage":"sk-SK","@id":"https:\/\/redfoxlotto.com\/sk\/#\/schema\/logo\/image\/","url":"https:\/\/redfoxlotto.com\/wp-content\/uploads\/2023\/04\/logo.png","contentUrl":"https:\/\/redfoxlotto.com\/wp-content\/uploads\/2023\/04\/logo.png","width":269,"height":53,"caption":"Get Tickets for the World\u2019s largest jackpots"},"image":{"@id":"https:\/\/redfoxlotto.com\/sk\/#\/schema\/logo\/image\/"}}]}},"_links":{"self":[{"href":"https:\/\/redfoxlotto.com\/sk\/wp-json\/wp\/v2\/pages\/11452","targetHints":{"allow":["GET"]}}],"collection":[{"href":"https:\/\/redfoxlotto.com\/sk\/wp-json\/wp\/v2\/pages"}],"about":[{"href":"https:\/\/redfoxlotto.com\/sk\/wp-json\/wp\/v2\/types\/page"}],"author":[{"embeddable":true,"href":"https:\/\/redfoxlotto.com\/sk\/wp-json\/wp\/v2\/users\/1"}],"replies":[{"embeddable":true,"href":"https:\/\/redfoxlotto.com\/sk\/wp-json\/wp\/v2\/comments?post=11452"}],"version-history":[{"count":0,"href":"https:\/\/redfoxlotto.com\/sk\/wp-json\/wp\/v2\/pages\/11452\/revisions"}],"up":[{"embeddable":true,"href":"https:\/\/redfoxlotto.com\/sk\/wp-json\/wp\/v2\/pages\/10260"}],"wp:attachment":[{"href":"https:\/\/redfoxlotto.com\/sk\/wp-json\/wp\/v2\/media?parent=11452"}],"curies":[{"name":"wp","href":"https:\/\/api.w.org\/{rel}","templated":true}]}}