{"id":11450,"date":"2018-11-18T08:54:25","date_gmt":"2018-11-18T08:54:25","guid":{"rendered":"https:\/\/redfoxlotto.com\/?page_id=11450"},"modified":"2020-05-07T08:52:55","modified_gmt":"2020-05-07T07:52:55","slug":"la-primitiva","status":"publish","type":"page","link":"https:\/\/redfoxlotto.com\/sk\/loterie\/la-primitiva\/","title":{"rendered":"O obstar\u00e1van\u00ed si l\u00edtkov na La Primitiva online"},"content":{"rendered":"<p>Toto je najv\u00e4\u010d\u0161ia \u0160panielska lot\u00e9ria. Mo\u017eno ste u\u017e po\u010duli o tejto lot\u00e9ri\u00ed naz\u00fdvanej ako El Gordo, ale technicky je to nespr\u00e1vne. Pozrite si n\u00e1\u0161 \u010dl\u00e1nok o El Gordo.<\/p><p><img decoding=\"async\" class=\"size-full wp-image alignright\" src=\"https:\/\/content.redfoxlotto.com\/uploads\/sites\/9\/2_ticket_la_primitiva2.jpg\" alt=\"Spletna vstopnica La Primitiva\"><\/p><!--more--><p>La Primitiva je t\u00fd\u017edenn\u00e1 \u0160panielska lot\u00e9ria. Jackpot m\u00e1 minim\u00e1lnu hodnotu 5 mili\u00f3nov \u20ac. Ale tento jackpot u\u017e dosiahol v minulosti sumu 100 mili\u00f3nov \u20ac. Losovanie sa kon\u00e1 ka\u017ed\u00fa Nede\u013eu.<\/p><p>Hoci to mala by\u0165 n\u00e1rodn\u00e1 lot\u00e9ria, vy si tie\u017e u\u017e m\u00f4\u017eete k\u00fapi\u0165 l\u00edsky do La Primitiva online. Nemus\u00edte ma\u0165 trval\u00e9 bydlisko v \u0160panielsku. Len si vyberte svoje \u010d\u00edsla na na\u0161ej str\u00e1nke, potom si s nami vytvorte \u00fa\u010det a zapla\u0165te online. Objedn\u00e1me pre v\u00e1s \u00faplne leg\u00e1lne La Primitiva l\u00edstky.<\/p><p><img decoding=\"async\" class=\" wp-image-5380 alignright\" src=\"https:\/\/content.redfoxlotto.com\/uploads\/sites\/9\/1_lotto_online.jpg\" alt=\"K\u00fapi\u0165 vstupenky La Primitiva\" width=\"250&quot;\" height=\"125\"><\/p><p>Aby ste sa z\u00fa\u010dastnili lot\u00e9rie sta\u010d\u00ed si k\u00fapi\u0165 lot\u00e9riov\u00fd l\u00edstok s \u010d\u00edslami ktor\u00e9 si vyberiete. La Primitiva lot\u00e9riov\u00e9 l\u00edstky obsahuj\u00fa \u010d\u00edsla od 0-49. Hr\u00e1\u010di maj\u00fa povolen\u00e9 vybra\u0165 si hocijak\u00fdch 6 \u010d\u00edsel a po k\u00fape \u010d\u00edslo od 0-9 je automaticky pridelen\u00e9 konkr\u00e9tnemu l\u00edstku. V de\u0148 losovania, 6 \u010d\u00edsel je n\u00e1hodne vybran\u00fdch od 0-49 a 1 \u010d\u00edslo od 0-9 tak\u017ee ktor\u00fdko\u013evek l\u00edstok ktor\u00e9 \u010d\u00edslo sa presne zhoduje s vylosovan\u00fdmi \u010d\u00edslami vyhr\u00e1va Jackpot.<\/p><h2 class=\"wp-block-heading\">Najv\u00e4\u010d\u0161\u00ed La Primitiva jackpot<\/h2><p>Najv\u00e4\u010d\u0161\u00ed doteraz vyhran\u00fd jackpot v La Primitiva lot\u00e9ri\u00ed bol 17. Okt\u00f3bra 2015 v hodnote neuverite\u013en\u00fdch 101,7 mili\u00f3na \u20ac. Predt\u00fdm 73 mili\u00f3nov \u20ac jackpot z Febru\u00e1ra 2014 zvykol by\u0165 najv\u00e4\u010d\u0161\u00ed. \u0160\u0165astie je rozhodne hlavn\u00fdm rozhodcom pri v\u00fdhre kone\u010dn\u00e9ho jackpotu nako\u013eko pravdepodobnos\u0165 \u017ee padne jackpot je 1:14 mili\u00f3nom, ale zv\u00e1\u017ete n\u00edzku sumu pe\u0148az\u00ed ktor\u00fa zaplat\u00edte za l\u00edstok a obrovsk\u00fa sumu ktor\u00fa m\u00e1te \u0161ancu vyhra\u0165 potom ka\u017ed\u00fd by sa mal c\u00edti\u0165 \u0161\u0165astn\u00fd.<\/p>","protected":false},"excerpt":{"rendered":"<p>Toto je najv\u00e4\u010d\u0161ia \u0160panielska lot\u00e9ria. Mo\u017eno ste u\u017e po\u010duli o tejto lot\u00e9ri\u00ed naz\u00fdvanej ako El Gordo, ale technicky je to nespr\u00e1vne. Pozrite si n\u00e1\u0161 \u010dl\u00e1nok o El Gordo.<\/p>\n","protected":false},"author":1,"featured_media":0,"parent":10252,"menu_order":7,"comment_status":"closed","ping_status":"closed","template":"la-primitiva-info.php","meta":{"_et_pb_use_builder":"","_et_pb_old_content":"","_et_gb_content_width":"","exclude_from_search":false,"footnotes":""},"class_list":["post-11450","page","type-page","status-publish","hentry"],"yoast_head":"<!-- This site is optimized with the Yoast SEO plugin v23.8 - https:\/\/yoast.com\/wordpress\/plugins\/seo\/ -->\n<title>K\u00fapte La Primitiva l\u00edstky z kadeko\u013evek<\/title>\n<meta name=\"description\" content=\"Nezale\u017e\u00ed na tom kde \u017eijete - m\u00f4\u017eete si zadov\u00e1\u017ei\u0165 l\u00edstky na La Primitiva Lot\u00e9riu\" \/>\n<meta name=\"robots\" content=\"index, follow, max-snippet:-1, max-image-preview:large, max-video-preview:-1\" \/>\n<link rel=\"canonical\" href=\"https:\/\/redfoxlotto.com\/sk\/loterie\/la-primitiva\/\" \/>\n<meta property=\"og:locale\" content=\"sk_SK\" \/>\n<meta property=\"og:type\" content=\"article\" \/>\n<meta property=\"og:title\" content=\"K\u00fapte La Primitiva l\u00edstky z kadeko\u013evek\" \/>\n<meta property=\"og:description\" content=\"Nezale\u017e\u00ed na tom kde \u017eijete - m\u00f4\u017eete si zadov\u00e1\u017ei\u0165 l\u00edstky na La Primitiva Lot\u00e9riu\" \/>\n<meta property=\"og:url\" content=\"https:\/\/redfoxlotto.com\/sk\/loterie\/la-primitiva\/\" \/>\n<meta property=\"og:site_name\" content=\"Get Tickets for the World\u2019s largest jackpots\" \/>\n<meta property=\"article:modified_time\" content=\"2020-05-07T07:52:55+00:00\" \/>\n<meta property=\"og:image\" content=\"https:\/\/content.redfoxlotto.com\/uploads\/sites\/9\/2_ticket_la_primitiva2.jpg\" \/>\n<meta name=\"twitter:card\" content=\"summary_large_image\" \/>\n<meta name=\"twitter:label1\" content=\"Predpokladan\u00fd \u010das \u010d\u00edtania\" \/>\n\t<meta name=\"twitter:data1\" content=\"2 min\u00faty\" \/>\n<script type=\"application\/ld+json\" class=\"yoast-schema-graph\">{\"@context\":\"https:\/\/schema.org\",\"@graph\":[{\"@type\":\"WebPage\",\"@id\":\"https:\/\/redfoxlotto.com\/sk\/loterie\/la-primitiva\/\",\"url\":\"https:\/\/redfoxlotto.com\/sk\/loterie\/la-primitiva\/\",\"name\":\"K\u00fapte La Primitiva l\u00edstky z kadeko\u013evek\",\"isPartOf\":{\"@id\":\"https:\/\/redfoxlotto.com\/sk\/#website\"},\"primaryImageOfPage\":{\"@id\":\"https:\/\/redfoxlotto.com\/sk\/loterie\/la-primitiva\/#primaryimage\"},\"image\":{\"@id\":\"https:\/\/redfoxlotto.com\/sk\/loterie\/la-primitiva\/#primaryimage\"},\"thumbnailUrl\":\"https:\/\/content.redfoxlotto.com\/uploads\/sites\/9\/2_ticket_la_primitiva2.jpg\",\"datePublished\":\"2018-11-18T08:54:25+00:00\",\"dateModified\":\"2020-05-07T07:52:55+00:00\",\"description\":\"Nezale\u017e\u00ed na tom kde \u017eijete - m\u00f4\u017eete si zadov\u00e1\u017ei\u0165 l\u00edstky na La Primitiva Lot\u00e9riu\",\"breadcrumb\":{\"@id\":\"https:\/\/redfoxlotto.com\/sk\/loterie\/la-primitiva\/#breadcrumb\"},\"inLanguage\":\"sk-SK\",\"potentialAction\":[{\"@type\":\"ReadAction\",\"target\":[\"https:\/\/redfoxlotto.com\/sk\/loterie\/la-primitiva\/\"]}]},{\"@type\":\"ImageObject\",\"inLanguage\":\"sk-SK\",\"@id\":\"https:\/\/redfoxlotto.com\/sk\/loterie\/la-primitiva\/#primaryimage\",\"url\":\"https:\/\/content.redfoxlotto.com\/uploads\/sites\/9\/2_ticket_la_primitiva2.jpg\",\"contentUrl\":\"https:\/\/content.redfoxlotto.com\/uploads\/sites\/9\/2_ticket_la_primitiva2.jpg\"},{\"@type\":\"BreadcrumbList\",\"@id\":\"https:\/\/redfoxlotto.com\/sk\/loterie\/la-primitiva\/#breadcrumb\",\"itemListElement\":[{\"@type\":\"ListItem\",\"position\":1,\"name\":\"Home\",\"item\":\"https:\/\/redfoxlotto.com\/sk\/\"},{\"@type\":\"ListItem\",\"position\":2,\"name\":\"Ako k\u00fapi\u0165 online lot\u00e9riov\u00e9 l\u00edstky &#8211; proces n\u00e1kupu\",\"item\":\"https:\/\/redfoxlotto.com\/sk\/loterie\/\"},{\"@type\":\"ListItem\",\"position\":3,\"name\":\"O obstar\u00e1van\u00ed si l\u00edtkov na La Primitiva online\"}]},{\"@type\":\"WebSite\",\"@id\":\"https:\/\/redfoxlotto.com\/sk\/#website\",\"url\":\"https:\/\/redfoxlotto.com\/sk\/\",\"name\":\"Get Tickets for the World\u2019s largest jackpots\",\"description\":\"Participate in worldwide lottery jackpots from any country\",\"publisher\":{\"@id\":\"https:\/\/redfoxlotto.com\/sk\/#organization\"},\"potentialAction\":[{\"@type\":\"SearchAction\",\"target\":{\"@type\":\"EntryPoint\",\"urlTemplate\":\"https:\/\/redfoxlotto.com\/sk\/?s={search_term_string}\"},\"query-input\":{\"@type\":\"PropertyValueSpecification\",\"valueRequired\":true,\"valueName\":\"search_term_string\"}}],\"inLanguage\":\"sk-SK\"},{\"@type\":\"Organization\",\"@id\":\"https:\/\/redfoxlotto.com\/sk\/#organization\",\"name\":\"Get Tickets for the World\u2019s largest jackpots\",\"url\":\"https:\/\/redfoxlotto.com\/sk\/\",\"logo\":{\"@type\":\"ImageObject\",\"inLanguage\":\"sk-SK\",\"@id\":\"https:\/\/redfoxlotto.com\/sk\/#\/schema\/logo\/image\/\",\"url\":\"https:\/\/redfoxlotto.com\/wp-content\/uploads\/2023\/04\/logo.png\",\"contentUrl\":\"https:\/\/redfoxlotto.com\/wp-content\/uploads\/2023\/04\/logo.png\",\"width\":269,\"height\":53,\"caption\":\"Get Tickets for the World\u2019s largest jackpots\"},\"image\":{\"@id\":\"https:\/\/redfoxlotto.com\/sk\/#\/schema\/logo\/image\/\"}}]}<\/script>\n<!-- \/ Yoast SEO plugin. -->","yoast_head_json":{"title":"K\u00fapte La Primitiva l\u00edstky z kadeko\u013evek","description":"Nezale\u017e\u00ed na tom kde \u017eijete - m\u00f4\u017eete si zadov\u00e1\u017ei\u0165 l\u00edstky na La Primitiva Lot\u00e9riu","robots":{"index":"index","follow":"follow","max-snippet":"max-snippet:-1","max-image-preview":"max-image-preview:large","max-video-preview":"max-video-preview:-1"},"canonical":"https:\/\/redfoxlotto.com\/sk\/loterie\/la-primitiva\/","og_locale":"sk_SK","og_type":"article","og_title":"K\u00fapte La Primitiva l\u00edstky z kadeko\u013evek","og_description":"Nezale\u017e\u00ed na tom kde \u017eijete - m\u00f4\u017eete si zadov\u00e1\u017ei\u0165 l\u00edstky na La Primitiva Lot\u00e9riu","og_url":"https:\/\/redfoxlotto.com\/sk\/loterie\/la-primitiva\/","og_site_name":"Get Tickets for the World\u2019s largest jackpots","article_modified_time":"2020-05-07T07:52:55+00:00","og_image":[{"url":"https:\/\/content.redfoxlotto.com\/uploads\/sites\/9\/2_ticket_la_primitiva2.jpg"}],"twitter_card":"summary_large_image","twitter_misc":{"Predpokladan\u00fd \u010das \u010d\u00edtania":"2 min\u00faty"},"schema":{"@context":"https:\/\/schema.org","@graph":[{"@type":"WebPage","@id":"https:\/\/redfoxlotto.com\/sk\/loterie\/la-primitiva\/","url":"https:\/\/redfoxlotto.com\/sk\/loterie\/la-primitiva\/","name":"K\u00fapte La Primitiva l\u00edstky z kadeko\u013evek","isPartOf":{"@id":"https:\/\/redfoxlotto.com\/sk\/#website"},"primaryImageOfPage":{"@id":"https:\/\/redfoxlotto.com\/sk\/loterie\/la-primitiva\/#primaryimage"},"image":{"@id":"https:\/\/redfoxlotto.com\/sk\/loterie\/la-primitiva\/#primaryimage"},"thumbnailUrl":"https:\/\/content.redfoxlotto.com\/uploads\/sites\/9\/2_ticket_la_primitiva2.jpg","datePublished":"2018-11-18T08:54:25+00:00","dateModified":"2020-05-07T07:52:55+00:00","description":"Nezale\u017e\u00ed na tom kde \u017eijete - m\u00f4\u017eete si zadov\u00e1\u017ei\u0165 l\u00edstky na La Primitiva Lot\u00e9riu","breadcrumb":{"@id":"https:\/\/redfoxlotto.com\/sk\/loterie\/la-primitiva\/#breadcrumb"},"inLanguage":"sk-SK","potentialAction":[{"@type":"ReadAction","target":["https:\/\/redfoxlotto.com\/sk\/loterie\/la-primitiva\/"]}]},{"@type":"ImageObject","inLanguage":"sk-SK","@id":"https:\/\/redfoxlotto.com\/sk\/loterie\/la-primitiva\/#primaryimage","url":"https:\/\/content.redfoxlotto.com\/uploads\/sites\/9\/2_ticket_la_primitiva2.jpg","contentUrl":"https:\/\/content.redfoxlotto.com\/uploads\/sites\/9\/2_ticket_la_primitiva2.jpg"},{"@type":"BreadcrumbList","@id":"https:\/\/redfoxlotto.com\/sk\/loterie\/la-primitiva\/#breadcrumb","itemListElement":[{"@type":"ListItem","position":1,"name":"Home","item":"https:\/\/redfoxlotto.com\/sk\/"},{"@type":"ListItem","position":2,"name":"Ako k\u00fapi\u0165 online lot\u00e9riov\u00e9 l\u00edstky &#8211; proces n\u00e1kupu","item":"https:\/\/redfoxlotto.com\/sk\/loterie\/"},{"@type":"ListItem","position":3,"name":"O obstar\u00e1van\u00ed si l\u00edtkov na La Primitiva online"}]},{"@type":"WebSite","@id":"https:\/\/redfoxlotto.com\/sk\/#website","url":"https:\/\/redfoxlotto.com\/sk\/","name":"Get Tickets for the World\u2019s largest jackpots","description":"Participate in worldwide lottery jackpots from any country","publisher":{"@id":"https:\/\/redfoxlotto.com\/sk\/#organization"},"potentialAction":[{"@type":"SearchAction","target":{"@type":"EntryPoint","urlTemplate":"https:\/\/redfoxlotto.com\/sk\/?s={search_term_string}"},"query-input":{"@type":"PropertyValueSpecification","valueRequired":true,"valueName":"search_term_string"}}],"inLanguage":"sk-SK"},{"@type":"Organization","@id":"https:\/\/redfoxlotto.com\/sk\/#organization","name":"Get Tickets for the World\u2019s largest jackpots","url":"https:\/\/redfoxlotto.com\/sk\/","logo":{"@type":"ImageObject","inLanguage":"sk-SK","@id":"https:\/\/redfoxlotto.com\/sk\/#\/schema\/logo\/image\/","url":"https:\/\/redfoxlotto.com\/wp-content\/uploads\/2023\/04\/logo.png","contentUrl":"https:\/\/redfoxlotto.com\/wp-content\/uploads\/2023\/04\/logo.png","width":269,"height":53,"caption":"Get Tickets for the World\u2019s largest jackpots"},"image":{"@id":"https:\/\/redfoxlotto.com\/sk\/#\/schema\/logo\/image\/"}}]}},"_links":{"self":[{"href":"https:\/\/redfoxlotto.com\/sk\/wp-json\/wp\/v2\/pages\/11450","targetHints":{"allow":["GET"]}}],"collection":[{"href":"https:\/\/redfoxlotto.com\/sk\/wp-json\/wp\/v2\/pages"}],"about":[{"href":"https:\/\/redfoxlotto.com\/sk\/wp-json\/wp\/v2\/types\/page"}],"author":[{"embeddable":true,"href":"https:\/\/redfoxlotto.com\/sk\/wp-json\/wp\/v2\/users\/1"}],"replies":[{"embeddable":true,"href":"https:\/\/redfoxlotto.com\/sk\/wp-json\/wp\/v2\/comments?post=11450"}],"version-history":[{"count":0,"href":"https:\/\/redfoxlotto.com\/sk\/wp-json\/wp\/v2\/pages\/11450\/revisions"}],"up":[{"embeddable":true,"href":"https:\/\/redfoxlotto.com\/sk\/wp-json\/wp\/v2\/pages\/10252"}],"wp:attachment":[{"href":"https:\/\/redfoxlotto.com\/sk\/wp-json\/wp\/v2\/media?parent=11450"}],"curies":[{"name":"wp","href":"https:\/\/api.w.org\/{rel}","templated":true}]}}