{"id":11448,"date":"2023-04-24T17:52:16","date_gmt":"2023-04-24T17:52:16","guid":{"rendered":"https:\/\/redfoxlotto.com\/?page_id=11448"},"modified":"2023-04-29T07:42:15","modified_gmt":"2023-04-29T07:42:15","slug":"la-primitiva","status":"publish","type":"page","link":"https:\/\/redfoxlotto.com\/sk\/hraj\/la-primitiva\/","title":{"rendered":"Ako sa z\u00fa\u010dastni\u0165 La Primitiva"},"content":{"rendered":"<h2 class=\"wp-block-heading\">\u0160panielska t\u00fd\u017edenn\u00e1 lot\u00e9ria La Primitiva<\/h2><p><img loading=\"lazy\" decoding=\"async\" class=\" wp-image alignright\" src=\"https:\/\/content.redfoxlotto.com\/uploads\/sites\/9\/1_play_lotto_to_win.jpg\" alt=\"La Primitiva hra\u0165 online\" width=\"267\" height=\"190\" \/><\/p><p>La Primitiva je \u0160panielska lot\u00e9ria ktor\u00e1 je \u010dasto pom\u00fdlen\u00e1 s El Gordo. Obe sa organizuj\u00fa rovnakou spolo\u010dnos\u0165ou. La Primitiva je t\u00fd\u017edenn\u00e1 \u0160panielska lot\u00e9ria s losovaniami ka\u017ed\u00fd \u0160tvrtok a Sobotu. Budete si musie\u0165 vybra\u0165 6 \u010d\u00edsel zo 49 aby ste si vyplnili l\u00edstok.<\/p><h2 class=\"wp-block-heading\">Kde m\u00f4\u017eem hra\u0165 La Primitiva online?<\/h2><p><img decoding=\"async\" class=\"size-full wp-image alignright\" src=\"https:\/\/content.redfoxlotto.com\/uploads\/sites\/9\/2_ticket_la_primitiva4.jpg\" alt=\"vyhra\u0165 La Primitiva\" \/><\/p><p>Ak by ste si chceli zahra\u0165 La Primitiva zo Slovenska, m\u00f4\u017eete tak urobi\u0165 tu na na\u0161ej str\u00e1nke. Pou\u017eite n\u00e1\u0161 gener\u00e1tor n\u00e1hodn\u00fdch \u010d\u00edsel alebo si vyberte svoje \u010d\u00edsla sami.<\/p><p>Po dokon\u010den\u00ed va\u0161ek objedn\u00e1vky l\u00edstkov (pokojne si pridajde l\u00edstky aj z in\u00fdch lot\u00e9ri\u00ed), si potrebujete s nami vytvori\u0165 z\u00e1kazn\u00edcky \u00fa\u010det a zaplati\u0165 online. Nezabudnite si skontrolova\u0165 e-mailov\u00fa schr\u00e1nku pre spr\u00e1vu obsahuj\u00facu odkaz potvrdzuj\u00faci va\u0161u registr\u00e1ciu. Zap\u00ed\u0161te si va\u0161e prihlasovacie \u00fadaje. S t\u00fdmi prihlasovac\u00edmi \u00fadajmi si m\u00f4\u017eete skontrolova\u0165 va\u0161e v\u00fdhry kedyko\u013evek.<\/p><p>Samozrejme, v\u017edy sa m\u00f4\u017eete vr\u00e1ti\u0165 a zahra\u0165 si viacej lot\u00e9ri\u00ed. Navrhujeme a by ste si pravidelne pri\u0161li pozrie\u0165 v\u00fd\u0161ky akut\u00e1lnych jackpotov.<\/p>","protected":false},"excerpt":{"rendered":"<p>\u0160panielska t\u00fd\u017edenn\u00e1 lot\u00e9ria La Primitiva La Primitiva je \u0160panielska lot\u00e9ria ktor\u00e1 je \u010dasto pom\u00fdlen\u00e1 s El Gordo. Obe sa organizuj\u00fa rovnakou spolo\u010dnos\u0165ou. La Primitiva je t\u00fd\u017edenn\u00e1 \u0160panielska lot\u00e9ria s losovaniami ka\u017ed\u00fd \u0160tvrtok a Sobotu. Budete si musie\u0165 vybra\u0165 6 \u010d\u00edsel zo 49 aby ste si vyplnili l\u00edstok. Kde m\u00f4\u017eem hra\u0165 La Primitiva online? Ak by [&hellip;]<\/p>\n","protected":false},"author":1,"featured_media":0,"parent":10270,"menu_order":7,"comment_status":"closed","ping_status":"closed","template":"la-primitiva.php","meta":{"_et_pb_use_builder":"","_et_pb_old_content":"","_et_gb_content_width":"","exclude_from_search":false,"footnotes":""},"class_list":["post-11448","page","type-page","status-publish","hentry"],"yoast_head":"<!-- This site is optimized with the Yoast SEO plugin v23.8 - https:\/\/yoast.com\/wordpress\/plugins\/seo\/ -->\n<title>Hrajte La Primitiva online zo Slovenska<\/title>\n<meta name=\"description\" content=\"Uka\u017eeme v\u00e1m ako si m\u00f4\u017eete zahra\u0165 \u0160panielsku La Primitiva Lot\u00e9riu zo Slovenska\" \/>\n<meta name=\"robots\" content=\"index, follow, max-snippet:-1, max-image-preview:large, max-video-preview:-1\" \/>\n<link rel=\"canonical\" href=\"https:\/\/redfoxlotto.com\/sk\/hraj\/la-primitiva\/\" \/>\n<meta property=\"og:locale\" content=\"sk_SK\" \/>\n<meta property=\"og:type\" content=\"article\" \/>\n<meta property=\"og:title\" content=\"Hrajte La Primitiva online zo Slovenska\" \/>\n<meta property=\"og:description\" content=\"Uka\u017eeme v\u00e1m ako si m\u00f4\u017eete zahra\u0165 \u0160panielsku La Primitiva Lot\u00e9riu zo Slovenska\" \/>\n<meta property=\"og:url\" content=\"https:\/\/redfoxlotto.com\/sk\/hraj\/la-primitiva\/\" \/>\n<meta property=\"og:site_name\" content=\"Get Tickets for the World\u2019s largest jackpots\" \/>\n<meta property=\"article:modified_time\" content=\"2023-04-29T07:42:15+00:00\" \/>\n<meta property=\"og:image\" content=\"https:\/\/content.redfoxlotto.com\/uploads\/sites\/9\/1_play_lotto_to_win.jpg\" \/>\n<meta name=\"twitter:card\" content=\"summary_large_image\" \/>\n<meta name=\"twitter:label1\" content=\"Predpokladan\u00fd \u010das \u010d\u00edtania\" \/>\n\t<meta name=\"twitter:data1\" content=\"2 min\u00faty\" \/>\n<script type=\"application\/ld+json\" class=\"yoast-schema-graph\">{\"@context\":\"https:\/\/schema.org\",\"@graph\":[{\"@type\":\"WebPage\",\"@id\":\"https:\/\/redfoxlotto.com\/sk\/hraj\/la-primitiva\/\",\"url\":\"https:\/\/redfoxlotto.com\/sk\/hraj\/la-primitiva\/\",\"name\":\"Hrajte La Primitiva online zo Slovenska\",\"isPartOf\":{\"@id\":\"https:\/\/redfoxlotto.com\/sk\/#website\"},\"primaryImageOfPage\":{\"@id\":\"https:\/\/redfoxlotto.com\/sk\/hraj\/la-primitiva\/#primaryimage\"},\"image\":{\"@id\":\"https:\/\/redfoxlotto.com\/sk\/hraj\/la-primitiva\/#primaryimage\"},\"thumbnailUrl\":\"https:\/\/content.redfoxlotto.com\/uploads\/sites\/9\/1_play_lotto_to_win.jpg\",\"datePublished\":\"2023-04-24T17:52:16+00:00\",\"dateModified\":\"2023-04-29T07:42:15+00:00\",\"description\":\"Uka\u017eeme v\u00e1m ako si m\u00f4\u017eete zahra\u0165 \u0160panielsku La Primitiva Lot\u00e9riu zo Slovenska\",\"breadcrumb\":{\"@id\":\"https:\/\/redfoxlotto.com\/sk\/hraj\/la-primitiva\/#breadcrumb\"},\"inLanguage\":\"sk-SK\",\"potentialAction\":[{\"@type\":\"ReadAction\",\"target\":[\"https:\/\/redfoxlotto.com\/sk\/hraj\/la-primitiva\/\"]}]},{\"@type\":\"ImageObject\",\"inLanguage\":\"sk-SK\",\"@id\":\"https:\/\/redfoxlotto.com\/sk\/hraj\/la-primitiva\/#primaryimage\",\"url\":\"https:\/\/content.redfoxlotto.com\/uploads\/sites\/9\/1_play_lotto_to_win.jpg\",\"contentUrl\":\"https:\/\/content.redfoxlotto.com\/uploads\/sites\/9\/1_play_lotto_to_win.jpg\"},{\"@type\":\"BreadcrumbList\",\"@id\":\"https:\/\/redfoxlotto.com\/sk\/hraj\/la-primitiva\/#breadcrumb\",\"itemListElement\":[{\"@type\":\"ListItem\",\"position\":1,\"name\":\"Home\",\"item\":\"https:\/\/redfoxlotto.com\/sk\/\"},{\"@type\":\"ListItem\",\"position\":2,\"name\":\"Ako hra\u0165 lot\u00e9rie z in\u00fdch kraj\u00edn\",\"item\":\"https:\/\/redfoxlotto.com\/sk\/hraj\/\"},{\"@type\":\"ListItem\",\"position\":3,\"name\":\"Ako sa z\u00fa\u010dastni\u0165 La Primitiva\"}]},{\"@type\":\"WebSite\",\"@id\":\"https:\/\/redfoxlotto.com\/sk\/#website\",\"url\":\"https:\/\/redfoxlotto.com\/sk\/\",\"name\":\"Get Tickets for the World\u2019s largest jackpots\",\"description\":\"Participate in worldwide lottery jackpots from any country\",\"publisher\":{\"@id\":\"https:\/\/redfoxlotto.com\/sk\/#organization\"},\"potentialAction\":[{\"@type\":\"SearchAction\",\"target\":{\"@type\":\"EntryPoint\",\"urlTemplate\":\"https:\/\/redfoxlotto.com\/sk\/?s={search_term_string}\"},\"query-input\":{\"@type\":\"PropertyValueSpecification\",\"valueRequired\":true,\"valueName\":\"search_term_string\"}}],\"inLanguage\":\"sk-SK\"},{\"@type\":\"Organization\",\"@id\":\"https:\/\/redfoxlotto.com\/sk\/#organization\",\"name\":\"Get Tickets for the World\u2019s largest jackpots\",\"url\":\"https:\/\/redfoxlotto.com\/sk\/\",\"logo\":{\"@type\":\"ImageObject\",\"inLanguage\":\"sk-SK\",\"@id\":\"https:\/\/redfoxlotto.com\/sk\/#\/schema\/logo\/image\/\",\"url\":\"https:\/\/redfoxlotto.com\/wp-content\/uploads\/2023\/04\/logo.png\",\"contentUrl\":\"https:\/\/redfoxlotto.com\/wp-content\/uploads\/2023\/04\/logo.png\",\"width\":269,\"height\":53,\"caption\":\"Get Tickets for the World\u2019s largest jackpots\"},\"image\":{\"@id\":\"https:\/\/redfoxlotto.com\/sk\/#\/schema\/logo\/image\/\"}}]}<\/script>\n<!-- \/ Yoast SEO plugin. -->","yoast_head_json":{"title":"Hrajte La Primitiva online zo Slovenska","description":"Uka\u017eeme v\u00e1m ako si m\u00f4\u017eete zahra\u0165 \u0160panielsku La Primitiva Lot\u00e9riu zo Slovenska","robots":{"index":"index","follow":"follow","max-snippet":"max-snippet:-1","max-image-preview":"max-image-preview:large","max-video-preview":"max-video-preview:-1"},"canonical":"https:\/\/redfoxlotto.com\/sk\/hraj\/la-primitiva\/","og_locale":"sk_SK","og_type":"article","og_title":"Hrajte La Primitiva online zo Slovenska","og_description":"Uka\u017eeme v\u00e1m ako si m\u00f4\u017eete zahra\u0165 \u0160panielsku La Primitiva Lot\u00e9riu zo Slovenska","og_url":"https:\/\/redfoxlotto.com\/sk\/hraj\/la-primitiva\/","og_site_name":"Get Tickets for the World\u2019s largest jackpots","article_modified_time":"2023-04-29T07:42:15+00:00","og_image":[{"url":"https:\/\/content.redfoxlotto.com\/uploads\/sites\/9\/1_play_lotto_to_win.jpg"}],"twitter_card":"summary_large_image","twitter_misc":{"Predpokladan\u00fd \u010das \u010d\u00edtania":"2 min\u00faty"},"schema":{"@context":"https:\/\/schema.org","@graph":[{"@type":"WebPage","@id":"https:\/\/redfoxlotto.com\/sk\/hraj\/la-primitiva\/","url":"https:\/\/redfoxlotto.com\/sk\/hraj\/la-primitiva\/","name":"Hrajte La Primitiva online zo Slovenska","isPartOf":{"@id":"https:\/\/redfoxlotto.com\/sk\/#website"},"primaryImageOfPage":{"@id":"https:\/\/redfoxlotto.com\/sk\/hraj\/la-primitiva\/#primaryimage"},"image":{"@id":"https:\/\/redfoxlotto.com\/sk\/hraj\/la-primitiva\/#primaryimage"},"thumbnailUrl":"https:\/\/content.redfoxlotto.com\/uploads\/sites\/9\/1_play_lotto_to_win.jpg","datePublished":"2023-04-24T17:52:16+00:00","dateModified":"2023-04-29T07:42:15+00:00","description":"Uka\u017eeme v\u00e1m ako si m\u00f4\u017eete zahra\u0165 \u0160panielsku La Primitiva Lot\u00e9riu zo Slovenska","breadcrumb":{"@id":"https:\/\/redfoxlotto.com\/sk\/hraj\/la-primitiva\/#breadcrumb"},"inLanguage":"sk-SK","potentialAction":[{"@type":"ReadAction","target":["https:\/\/redfoxlotto.com\/sk\/hraj\/la-primitiva\/"]}]},{"@type":"ImageObject","inLanguage":"sk-SK","@id":"https:\/\/redfoxlotto.com\/sk\/hraj\/la-primitiva\/#primaryimage","url":"https:\/\/content.redfoxlotto.com\/uploads\/sites\/9\/1_play_lotto_to_win.jpg","contentUrl":"https:\/\/content.redfoxlotto.com\/uploads\/sites\/9\/1_play_lotto_to_win.jpg"},{"@type":"BreadcrumbList","@id":"https:\/\/redfoxlotto.com\/sk\/hraj\/la-primitiva\/#breadcrumb","itemListElement":[{"@type":"ListItem","position":1,"name":"Home","item":"https:\/\/redfoxlotto.com\/sk\/"},{"@type":"ListItem","position":2,"name":"Ako hra\u0165 lot\u00e9rie z in\u00fdch kraj\u00edn","item":"https:\/\/redfoxlotto.com\/sk\/hraj\/"},{"@type":"ListItem","position":3,"name":"Ako sa z\u00fa\u010dastni\u0165 La Primitiva"}]},{"@type":"WebSite","@id":"https:\/\/redfoxlotto.com\/sk\/#website","url":"https:\/\/redfoxlotto.com\/sk\/","name":"Get Tickets for the World\u2019s largest jackpots","description":"Participate in worldwide lottery jackpots from any country","publisher":{"@id":"https:\/\/redfoxlotto.com\/sk\/#organization"},"potentialAction":[{"@type":"SearchAction","target":{"@type":"EntryPoint","urlTemplate":"https:\/\/redfoxlotto.com\/sk\/?s={search_term_string}"},"query-input":{"@type":"PropertyValueSpecification","valueRequired":true,"valueName":"search_term_string"}}],"inLanguage":"sk-SK"},{"@type":"Organization","@id":"https:\/\/redfoxlotto.com\/sk\/#organization","name":"Get Tickets for the World\u2019s largest jackpots","url":"https:\/\/redfoxlotto.com\/sk\/","logo":{"@type":"ImageObject","inLanguage":"sk-SK","@id":"https:\/\/redfoxlotto.com\/sk\/#\/schema\/logo\/image\/","url":"https:\/\/redfoxlotto.com\/wp-content\/uploads\/2023\/04\/logo.png","contentUrl":"https:\/\/redfoxlotto.com\/wp-content\/uploads\/2023\/04\/logo.png","width":269,"height":53,"caption":"Get Tickets for the World\u2019s largest jackpots"},"image":{"@id":"https:\/\/redfoxlotto.com\/sk\/#\/schema\/logo\/image\/"}}]}},"_links":{"self":[{"href":"https:\/\/redfoxlotto.com\/sk\/wp-json\/wp\/v2\/pages\/11448","targetHints":{"allow":["GET"]}}],"collection":[{"href":"https:\/\/redfoxlotto.com\/sk\/wp-json\/wp\/v2\/pages"}],"about":[{"href":"https:\/\/redfoxlotto.com\/sk\/wp-json\/wp\/v2\/types\/page"}],"author":[{"embeddable":true,"href":"https:\/\/redfoxlotto.com\/sk\/wp-json\/wp\/v2\/users\/1"}],"replies":[{"embeddable":true,"href":"https:\/\/redfoxlotto.com\/sk\/wp-json\/wp\/v2\/comments?post=11448"}],"version-history":[{"count":0,"href":"https:\/\/redfoxlotto.com\/sk\/wp-json\/wp\/v2\/pages\/11448\/revisions"}],"up":[{"embeddable":true,"href":"https:\/\/redfoxlotto.com\/sk\/wp-json\/wp\/v2\/pages\/10270"}],"wp:attachment":[{"href":"https:\/\/redfoxlotto.com\/sk\/wp-json\/wp\/v2\/media?parent=11448"}],"curies":[{"name":"wp","href":"https:\/\/api.w.org\/{rel}","templated":true}]}}