{"id":11446,"date":"2018-11-18T08:54:25","date_gmt":"2018-11-18T08:54:25","guid":{"rendered":"https:\/\/redfoxlotto.com\/?page_id=11446"},"modified":"2023-05-12T15:40:29","modified_gmt":"2023-05-12T15:40:29","slug":"el-gordo-primitiva","status":"publish","type":"page","link":"https:\/\/redfoxlotto.com\/sk\/vysledky\/el-gordo-primitiva\/","title":{"rendered":"El Gordo V\u00fdsledky"},"content":{"rendered":"<p>Pozrite si najnov\u0161ie v\u00fdsledky losovania pre El Gordo tu na na\u0161ej str\u00e1nke. Ak u\u017e m\u00e1te l\u00edstok, cho\u010fte na svojom \u00fa\u010dte na sekciu &#8222;Moje l\u00edstky&#8220; a budete m\u00f4c\u0165 okam\u017eite vidie\u0165 \u010di v\u00e1s l\u00edstok vyhral.<\/p><p><img decoding=\"async\" class=\"size-full wp-image alignright\" src=\"https:\/\/content.redfoxlotto.com\/uploads\/sites\/9\/1_results_draw_numbers.jpg\" alt=\"v\u00fdsledky lotto\"><\/p><h2 class=\"wp-block-heading\">V\u00fdsledky pre El Gordo Navidad<\/h2><p>Ke\u010f hr\u00e1te \u0160panielsku El Gordo, Viano\u010dn\u00fa lot\u00e9riu, pripravte sa na ve\u013emi \u0161peci\u00e1lny typ losovania. V troj hodinovej cerem\u00f3nii, ktor\u00e1 sa uskuto\u010dnuje 22. Decembra ka\u017ed\u00fd rok, vyhern\u00e9 \u010d\u00edsla s\u00fa vylosovan\u00e9. Cel\u00e1 proced\u00fara je vysielan\u00e1 na\u017eivo v telev\u00edzi\u00ed. Bud\u00fa tam dva obrovsk\u00e9 zlat\u00e9 bubny, jeden ktor\u00fd obsahu v\u0161etky \u010d\u00edsla medzi 00000 a 99999, a druh\u00fd obsahuj\u00faci lopti\u010dky s typom v\u00fdhier na nich.<\/p><p>V\u00fdsledok nie je kombin\u00e1ciou \u010d\u00edsel, ale ka\u017ed\u00fd l\u00edstok ma jedno p\u00e4\u0165 miestne \u010d\u00edslo. S cenou 200 \u20ac za l\u00edstok, v\u00e4\u010d\u0161ina \u00fa\u010dastn\u00edkov si kupuje \u201cdecimo\u201d \u010do je desatina l\u00edstka. Takto, v\u00e4\u010d\u0161ina cien je zdie\u013ean\u00e1. A ve\u013emi \u010dasto, rodiny prihodia aby si k\u00fapili cel\u00fd l\u00edstok a ak ich \u010d\u00edslo vyhr\u00e1, cel\u00e1 rodina nie\u010do vyhrala. To rob\u00ed t\u00fato lot\u00e9riu e\u0161te viac ob\u013e\u00fabenou.<\/p><p><\/p>\n<p><img loading=\"lazy\" decoding=\"async\" class=\" wp-image alignright\" src=\"https:\/\/content.redfoxlotto.com\/uploads\/sites\/9\/1_lottery_winning_numbers_3.jpg\" alt=\"V\u00fdhern\u00e9 \u010d\u00edsla El Gordo\" width=\"267\" height=\"178\"><\/p><p>V\u00fdsledky El Gordo nebud\u00fa iba zobrazen\u00e9, ale tie\u017e zaspievan\u00e9 detsk\u00fdm spev\u00e1ckym zborom z Madridskej San Ildefenso \u0161koly. Nech u\u017e je va\u0161e v\u00fdhern\u00e9 \u010d\u00edslo ak\u00e9ko\u013evek, nap\u00e4tie trv\u00e1 a\u017e do posledn\u00e9 momentu. Nevzd\u00e1vajte sa n\u00e1dej k\u00fdm posledn\u00e9 v\u00fdhern\u00e9 \u010d\u00edslo nebolo vylosovan\u00e9.<\/p>","protected":false},"excerpt":{"rendered":"<p>Pozrite si najnov\u0161ie v\u00fdsledky losovania pre El Gordo tu na na\u0161ej str\u00e1nke. Ak u\u017e m\u00e1te l\u00edstok, cho\u010fte na svojom \u00fa\u010dte na sekciu &#8222;Moje l\u00edstky&#8220; a budete m\u00f4c\u0165 okam\u017eite vidie\u0165 \u010di v\u00e1s l\u00edstok vyhral. V\u00fdsledky pre El Gordo Navidad Ke\u010f hr\u00e1te \u0160panielsku El Gordo, Viano\u010dn\u00fa lot\u00e9riu, pripravte sa na ve\u013emi \u0161peci\u00e1lny typ losovania. V troj hodinovej [&hellip;]<\/p>\n","protected":false},"author":1,"featured_media":0,"parent":10260,"menu_order":6,"comment_status":"closed","ping_status":"closed","template":"el-gordo-results.php","meta":{"_et_pb_use_builder":"","_et_pb_old_content":"","_et_gb_content_width":"","exclude_from_search":false,"footnotes":""},"class_list":["post-11446","page","type-page","status-publish","hentry"],"yoast_head":"<!-- This site is optimized with the Yoast SEO plugin v23.8 - https:\/\/yoast.com\/wordpress\/plugins\/seo\/ -->\n<title>V\u00fdsledky, v\u00fdhern\u00e9 \u010d\u00edsla \u0160panielskej El Gordo Lot\u00e9rie<\/title>\n<meta name=\"description\" content=\"El Gordo, Viano\u010dn\u00e1 verzia La Primitiva - jej vysledky so odhalen\u00e9 po\u010das \u0161peci\u00e1lne udalosti!\" \/>\n<meta name=\"robots\" content=\"index, follow, max-snippet:-1, max-image-preview:large, max-video-preview:-1\" \/>\n<link rel=\"canonical\" href=\"https:\/\/redfoxlotto.com\/sk\/vysledky\/el-gordo-primitiva\/\" \/>\n<meta property=\"og:locale\" content=\"sk_SK\" \/>\n<meta property=\"og:type\" content=\"article\" \/>\n<meta property=\"og:title\" content=\"V\u00fdsledky, v\u00fdhern\u00e9 \u010d\u00edsla \u0160panielskej El Gordo Lot\u00e9rie\" \/>\n<meta property=\"og:description\" content=\"El Gordo, Viano\u010dn\u00e1 verzia La Primitiva - jej vysledky so odhalen\u00e9 po\u010das \u0161peci\u00e1lne udalosti!\" \/>\n<meta property=\"og:url\" content=\"https:\/\/redfoxlotto.com\/sk\/vysledky\/el-gordo-primitiva\/\" \/>\n<meta property=\"og:site_name\" content=\"Get Tickets for the World\u2019s largest jackpots\" \/>\n<meta property=\"article:modified_time\" content=\"2023-05-12T15:40:29+00:00\" \/>\n<meta property=\"og:image\" content=\"https:\/\/content.redfoxlotto.com\/uploads\/sites\/9\/1_results_draw_numbers.jpg\" \/>\n<meta name=\"twitter:card\" content=\"summary_large_image\" \/>\n<meta name=\"twitter:label1\" content=\"Predpokladan\u00fd \u010das \u010d\u00edtania\" \/>\n\t<meta name=\"twitter:data1\" content=\"2 min\u00faty\" \/>\n<script type=\"application\/ld+json\" class=\"yoast-schema-graph\">{\"@context\":\"https:\/\/schema.org\",\"@graph\":[{\"@type\":\"WebPage\",\"@id\":\"https:\/\/redfoxlotto.com\/sk\/vysledky\/el-gordo-primitiva\/\",\"url\":\"https:\/\/redfoxlotto.com\/sk\/vysledky\/el-gordo-primitiva\/\",\"name\":\"V\u00fdsledky, v\u00fdhern\u00e9 \u010d\u00edsla \u0160panielskej El Gordo Lot\u00e9rie\",\"isPartOf\":{\"@id\":\"https:\/\/redfoxlotto.com\/sk\/#website\"},\"primaryImageOfPage\":{\"@id\":\"https:\/\/redfoxlotto.com\/sk\/vysledky\/el-gordo-primitiva\/#primaryimage\"},\"image\":{\"@id\":\"https:\/\/redfoxlotto.com\/sk\/vysledky\/el-gordo-primitiva\/#primaryimage\"},\"thumbnailUrl\":\"https:\/\/content.redfoxlotto.com\/uploads\/sites\/9\/1_results_draw_numbers.jpg\",\"datePublished\":\"2018-11-18T08:54:25+00:00\",\"dateModified\":\"2023-05-12T15:40:29+00:00\",\"description\":\"El Gordo, Viano\u010dn\u00e1 verzia La Primitiva - jej vysledky so odhalen\u00e9 po\u010das \u0161peci\u00e1lne udalosti!\",\"breadcrumb\":{\"@id\":\"https:\/\/redfoxlotto.com\/sk\/vysledky\/el-gordo-primitiva\/#breadcrumb\"},\"inLanguage\":\"sk-SK\",\"potentialAction\":[{\"@type\":\"ReadAction\",\"target\":[\"https:\/\/redfoxlotto.com\/sk\/vysledky\/el-gordo-primitiva\/\"]}]},{\"@type\":\"ImageObject\",\"inLanguage\":\"sk-SK\",\"@id\":\"https:\/\/redfoxlotto.com\/sk\/vysledky\/el-gordo-primitiva\/#primaryimage\",\"url\":\"https:\/\/content.redfoxlotto.com\/uploads\/sites\/9\/1_results_draw_numbers.jpg\",\"contentUrl\":\"https:\/\/content.redfoxlotto.com\/uploads\/sites\/9\/1_results_draw_numbers.jpg\"},{\"@type\":\"BreadcrumbList\",\"@id\":\"https:\/\/redfoxlotto.com\/sk\/vysledky\/el-gordo-primitiva\/#breadcrumb\",\"itemListElement\":[{\"@type\":\"ListItem\",\"position\":1,\"name\":\"Home\",\"item\":\"https:\/\/redfoxlotto.com\/sk\/\"},{\"@type\":\"ListItem\",\"position\":2,\"name\":\"V\u00fdsledky medzin\u00e1rodnej lot\u00e9rie\",\"item\":\"https:\/\/redfoxlotto.com\/sk\/vysledky\/\"},{\"@type\":\"ListItem\",\"position\":3,\"name\":\"El Gordo V\u00fdsledky\"}]},{\"@type\":\"WebSite\",\"@id\":\"https:\/\/redfoxlotto.com\/sk\/#website\",\"url\":\"https:\/\/redfoxlotto.com\/sk\/\",\"name\":\"Get Tickets for the World\u2019s largest jackpots\",\"description\":\"Participate in worldwide lottery jackpots from any country\",\"publisher\":{\"@id\":\"https:\/\/redfoxlotto.com\/sk\/#organization\"},\"potentialAction\":[{\"@type\":\"SearchAction\",\"target\":{\"@type\":\"EntryPoint\",\"urlTemplate\":\"https:\/\/redfoxlotto.com\/sk\/?s={search_term_string}\"},\"query-input\":{\"@type\":\"PropertyValueSpecification\",\"valueRequired\":true,\"valueName\":\"search_term_string\"}}],\"inLanguage\":\"sk-SK\"},{\"@type\":\"Organization\",\"@id\":\"https:\/\/redfoxlotto.com\/sk\/#organization\",\"name\":\"Get Tickets for the World\u2019s largest jackpots\",\"url\":\"https:\/\/redfoxlotto.com\/sk\/\",\"logo\":{\"@type\":\"ImageObject\",\"inLanguage\":\"sk-SK\",\"@id\":\"https:\/\/redfoxlotto.com\/sk\/#\/schema\/logo\/image\/\",\"url\":\"https:\/\/redfoxlotto.com\/wp-content\/uploads\/2023\/04\/logo.png\",\"contentUrl\":\"https:\/\/redfoxlotto.com\/wp-content\/uploads\/2023\/04\/logo.png\",\"width\":269,\"height\":53,\"caption\":\"Get Tickets for the World\u2019s largest jackpots\"},\"image\":{\"@id\":\"https:\/\/redfoxlotto.com\/sk\/#\/schema\/logo\/image\/\"}}]}<\/script>\n<!-- \/ Yoast SEO plugin. -->","yoast_head_json":{"title":"V\u00fdsledky, v\u00fdhern\u00e9 \u010d\u00edsla \u0160panielskej El Gordo Lot\u00e9rie","description":"El Gordo, Viano\u010dn\u00e1 verzia La Primitiva - jej vysledky so odhalen\u00e9 po\u010das \u0161peci\u00e1lne udalosti!","robots":{"index":"index","follow":"follow","max-snippet":"max-snippet:-1","max-image-preview":"max-image-preview:large","max-video-preview":"max-video-preview:-1"},"canonical":"https:\/\/redfoxlotto.com\/sk\/vysledky\/el-gordo-primitiva\/","og_locale":"sk_SK","og_type":"article","og_title":"V\u00fdsledky, v\u00fdhern\u00e9 \u010d\u00edsla \u0160panielskej El Gordo Lot\u00e9rie","og_description":"El Gordo, Viano\u010dn\u00e1 verzia La Primitiva - jej vysledky so odhalen\u00e9 po\u010das \u0161peci\u00e1lne udalosti!","og_url":"https:\/\/redfoxlotto.com\/sk\/vysledky\/el-gordo-primitiva\/","og_site_name":"Get Tickets for the World\u2019s largest jackpots","article_modified_time":"2023-05-12T15:40:29+00:00","og_image":[{"url":"https:\/\/content.redfoxlotto.com\/uploads\/sites\/9\/1_results_draw_numbers.jpg"}],"twitter_card":"summary_large_image","twitter_misc":{"Predpokladan\u00fd \u010das \u010d\u00edtania":"2 min\u00faty"},"schema":{"@context":"https:\/\/schema.org","@graph":[{"@type":"WebPage","@id":"https:\/\/redfoxlotto.com\/sk\/vysledky\/el-gordo-primitiva\/","url":"https:\/\/redfoxlotto.com\/sk\/vysledky\/el-gordo-primitiva\/","name":"V\u00fdsledky, v\u00fdhern\u00e9 \u010d\u00edsla \u0160panielskej El Gordo Lot\u00e9rie","isPartOf":{"@id":"https:\/\/redfoxlotto.com\/sk\/#website"},"primaryImageOfPage":{"@id":"https:\/\/redfoxlotto.com\/sk\/vysledky\/el-gordo-primitiva\/#primaryimage"},"image":{"@id":"https:\/\/redfoxlotto.com\/sk\/vysledky\/el-gordo-primitiva\/#primaryimage"},"thumbnailUrl":"https:\/\/content.redfoxlotto.com\/uploads\/sites\/9\/1_results_draw_numbers.jpg","datePublished":"2018-11-18T08:54:25+00:00","dateModified":"2023-05-12T15:40:29+00:00","description":"El Gordo, Viano\u010dn\u00e1 verzia La Primitiva - jej vysledky so odhalen\u00e9 po\u010das \u0161peci\u00e1lne udalosti!","breadcrumb":{"@id":"https:\/\/redfoxlotto.com\/sk\/vysledky\/el-gordo-primitiva\/#breadcrumb"},"inLanguage":"sk-SK","potentialAction":[{"@type":"ReadAction","target":["https:\/\/redfoxlotto.com\/sk\/vysledky\/el-gordo-primitiva\/"]}]},{"@type":"ImageObject","inLanguage":"sk-SK","@id":"https:\/\/redfoxlotto.com\/sk\/vysledky\/el-gordo-primitiva\/#primaryimage","url":"https:\/\/content.redfoxlotto.com\/uploads\/sites\/9\/1_results_draw_numbers.jpg","contentUrl":"https:\/\/content.redfoxlotto.com\/uploads\/sites\/9\/1_results_draw_numbers.jpg"},{"@type":"BreadcrumbList","@id":"https:\/\/redfoxlotto.com\/sk\/vysledky\/el-gordo-primitiva\/#breadcrumb","itemListElement":[{"@type":"ListItem","position":1,"name":"Home","item":"https:\/\/redfoxlotto.com\/sk\/"},{"@type":"ListItem","position":2,"name":"V\u00fdsledky medzin\u00e1rodnej lot\u00e9rie","item":"https:\/\/redfoxlotto.com\/sk\/vysledky\/"},{"@type":"ListItem","position":3,"name":"El Gordo V\u00fdsledky"}]},{"@type":"WebSite","@id":"https:\/\/redfoxlotto.com\/sk\/#website","url":"https:\/\/redfoxlotto.com\/sk\/","name":"Get Tickets for the World\u2019s largest jackpots","description":"Participate in worldwide lottery jackpots from any country","publisher":{"@id":"https:\/\/redfoxlotto.com\/sk\/#organization"},"potentialAction":[{"@type":"SearchAction","target":{"@type":"EntryPoint","urlTemplate":"https:\/\/redfoxlotto.com\/sk\/?s={search_term_string}"},"query-input":{"@type":"PropertyValueSpecification","valueRequired":true,"valueName":"search_term_string"}}],"inLanguage":"sk-SK"},{"@type":"Organization","@id":"https:\/\/redfoxlotto.com\/sk\/#organization","name":"Get Tickets for the World\u2019s largest jackpots","url":"https:\/\/redfoxlotto.com\/sk\/","logo":{"@type":"ImageObject","inLanguage":"sk-SK","@id":"https:\/\/redfoxlotto.com\/sk\/#\/schema\/logo\/image\/","url":"https:\/\/redfoxlotto.com\/wp-content\/uploads\/2023\/04\/logo.png","contentUrl":"https:\/\/redfoxlotto.com\/wp-content\/uploads\/2023\/04\/logo.png","width":269,"height":53,"caption":"Get Tickets for the World\u2019s largest jackpots"},"image":{"@id":"https:\/\/redfoxlotto.com\/sk\/#\/schema\/logo\/image\/"}}]}},"_links":{"self":[{"href":"https:\/\/redfoxlotto.com\/sk\/wp-json\/wp\/v2\/pages\/11446","targetHints":{"allow":["GET"]}}],"collection":[{"href":"https:\/\/redfoxlotto.com\/sk\/wp-json\/wp\/v2\/pages"}],"about":[{"href":"https:\/\/redfoxlotto.com\/sk\/wp-json\/wp\/v2\/types\/page"}],"author":[{"embeddable":true,"href":"https:\/\/redfoxlotto.com\/sk\/wp-json\/wp\/v2\/users\/1"}],"replies":[{"embeddable":true,"href":"https:\/\/redfoxlotto.com\/sk\/wp-json\/wp\/v2\/comments?post=11446"}],"version-history":[{"count":0,"href":"https:\/\/redfoxlotto.com\/sk\/wp-json\/wp\/v2\/pages\/11446\/revisions"}],"up":[{"embeddable":true,"href":"https:\/\/redfoxlotto.com\/sk\/wp-json\/wp\/v2\/pages\/10260"}],"wp:attachment":[{"href":"https:\/\/redfoxlotto.com\/sk\/wp-json\/wp\/v2\/media?parent=11446"}],"curies":[{"name":"wp","href":"https:\/\/api.w.org\/{rel}","templated":true}]}}