{"id":11444,"date":"2018-11-18T08:54:25","date_gmt":"2018-11-18T08:54:25","guid":{"rendered":"https:\/\/redfoxlotto.com\/?page_id=11444"},"modified":"2023-05-12T16:06:41","modified_gmt":"2023-05-12T16:06:41","slug":"el-gordo-primitiva","status":"publish","type":"page","link":"https:\/\/redfoxlotto.com\/sk\/loterie\/el-gordo-primitiva\/","title":{"rendered":"Inform\u00e1cie o El Gordo"},"content":{"rendered":"<p>\u0160panielska Viano\u010dn\u00e1 lot\u00e9ria, alebo Loteria de Navidad ako sa ne\u017ene naz\u00fdva je jedna z najstar\u0161\u00edch lot\u00e9ri\u00ed na svete nako\u013eko existuje od roku 1812 a bola organizovan\u00e1 ka\u017edy rok a\u017e dodnes. Loteria de Navidad je druh\u00e1 najdlh\u0161ia nepretr\u017eite funguj\u00faca lot\u00e9ria na svete nako\u013eko pretrpela aj ob\u010diansku vojnu v \u0160panielsku. Nie \u0161panielsky hovoriace krajiny \u010dasto predpokladaj\u00fa \u017ee El Gordo je meno lot\u00e9rie, v skuto\u010dnosti El Gordo iba odkazuje na jackpot ale doslova ve\u013ek\u00e1.<\/p><p><img loading=\"lazy\" decoding=\"async\" class=\" wp-image alignright\" src=\"https:\/\/content.redfoxlotto.com\/uploads\/sites\/9\/1_buy_ticket_lotto_online.jpg\" alt=\"k\u00fapi\u0165 online El Gordo\" width=\"220\" height=\"146\" \/><\/p><!--more--><h2 class=\"wp-block-heading\">El Gordo t\u00fd\u017edenn\u00e9 losovanie<\/h2><p>&gt;<\/p><p>El Gordo m\u00e1 aj t\u00fd\u017edenn\u00e9 losovanie a m\u00f4\u017eete si na\u0148 k\u00fapi\u0165 l\u00edstky tu na RedFoxLotto.<\/p><h2 class=\"wp-block-heading\">Viano\u010dn\u00e1 Ed\u00edcia El Gordo<\/h2><p>\u0160panielska Viano\u010dn\u00e1 lot\u00e9ria pon\u00faka jednu z najv\u00e4\u010d\u0161\u00edch lot\u00e9riov\u00fdch cien na svete nako\u013eko hr\u00e1\u010di maj\u00fa \u0161ancu vyhra\u0165 a\u017e 2,5 miliardy \u20ac v cen\u00e1ch zatia\u013e \u010do jackpot cena alebo El Gordo je 4 mili\u00f3ny \u20ac. Losovanie sa uskuto\u010dnuje raz ro\u010dne bl\u00edzko k Viano\u010dn\u00e9mu d\u0148u, nako\u013eko sa kon\u00e1 ka\u017ed\u00e9ho 22. Decembra.<\/p><p><img decoding=\"async\" class=\" wp-image-5380 alignright\" src=\"https:\/\/content.redfoxlotto.com\/uploads\/sites\/9\/el-gordo-ticket.jpg\" alt=\"Vstupenky na El Gordo\" width=\"250&quot;\" height=\"125\"><\/p><p>Aby ste si zahrali v \u0160panielskej Viano\u010dnej lot\u00e9rii, mus\u00edte ma\u0165 18 rokov a viac a l\u00edstky u\u017e maj\u00fa na sebe vytla\u010den\u00fa s\u00e9riu 5 \u010d\u00edsel tak\u017ee ke\u010f sa losovanie skon\u010d\u00ed, l\u00edstky obsahuj\u00face vylosovan\u00e9 v\u00fdhern\u00e9 \u010d\u00edsla sa kvalifikuj\u00fa na cunu v lot\u00e9rii. \u201cEl mayor premio es compartilo\u201d je slogan pripisovan\u00fd k \u0160panielskej Viano\u010dnej lot\u00e9rii a Slovenskom preklade znamen\u00e1 \u201cnajv\u00e4\u010d\u0161ou cenou je podeli\u0165 sa\u201d a to je to \u010do rob\u00ed lot\u00e9riu \u0161peci\u00e1lnou. S\u00e9rie l\u00edstkov \u010dasto obsahuj\u00fa rovnak\u00e9 \u010d\u00edsla tak\u017ee ak \u010d\u00edslo vyhr\u00e1, tak pe\u0148a\u017en\u00e1 cena sa rozdel\u00ed medzi v\u0161etk\u00fdch t\u00fdch, ktor\u00fd maj\u00fa to \u010d\u00edslo. Po\u010das losovania, lopti\u010dka obsahuj\u00faca 5 miestne \u010d\u00edslo je vylosovan\u00e1 z bazena ostatn\u00fdch s ka\u017ed\u00fdm v\u00fdhern\u00fdm \u010d\u00edslom maj\u00facim k nemu priraden\u00fa cenu.<\/p><p>\u0160panielska Viano\u010dn\u00e1 lot\u00e9ria je teraz viac tak trad\u00edcia pre \u0160panielskych \u013eud\u00ed ako Viano\u010dn\u00e9 obdobie, lot\u00e9rie maj\u00fa tendenciu prinies\u0165 \u0161\u0165astie \u013eudom \u0160panielska nako\u013eko v\u0161etci o\u010dak\u00e1vaj\u00fa \u017ee bud\u00fa v\u00fdhercami v zn\u00e1mej Loteria de Navidad. \u0160ance na v\u00fdhru El Gordo s\u00fa vlastne vysok\u00e9 v porovnan\u00ed s ostatn\u00fdmi lot\u00e9riami nako\u013eko s\u00fa iba 1 k 100 000.<\/p>","protected":false},"excerpt":{"rendered":"<p>\u0160panielska Viano\u010dn\u00e1 lot\u00e9ria, alebo Loteria de Navidad ako sa ne\u017ene naz\u00fdva je jedna z najstar\u0161\u00edch lot\u00e9ri\u00ed na svete nako\u013eko existuje od roku 1812 a bola organizovan\u00e1 ka\u017edy rok a\u017e dodnes. Loteria de Navidad je druh\u00e1 najdlh\u0161ia nepretr\u017eite funguj\u00faca lot\u00e9ria na svete nako\u013eko pretrpela aj ob\u010diansku vojnu v \u0160panielsku. Nie \u0161panielsky hovoriace krajiny \u010dasto predpokladaj\u00fa \u017ee [&hellip;]<\/p>\n","protected":false},"author":1,"featured_media":0,"parent":10252,"menu_order":6,"comment_status":"closed","ping_status":"closed","template":"el-gordo-info.php","meta":{"_et_pb_use_builder":"","_et_pb_old_content":"","_et_gb_content_width":"","exclude_from_search":false,"footnotes":""},"class_list":["post-11444","page","type-page","status-publish","hentry"],"yoast_head":"<!-- This site is optimized with the Yoast SEO plugin v23.8 - https:\/\/yoast.com\/wordpress\/plugins\/seo\/ -->\n<title>Ako k\u00fapi\u0165 l\u00edstky na \u0160panielsku Lot\u00e9riu El Gordo online<\/title>\n<meta name=\"description\" content=\"Pozrite si tieto inform\u00e1cie o El Gordo a Loteria de Navidad, \u0160panielskej Viano\u010dnej lot\u00e9rii\" \/>\n<meta name=\"robots\" content=\"index, follow, max-snippet:-1, max-image-preview:large, max-video-preview:-1\" \/>\n<link rel=\"canonical\" href=\"https:\/\/redfoxlotto.com\/sk\/loterie\/el-gordo-primitiva\/\" \/>\n<meta property=\"og:locale\" content=\"sk_SK\" \/>\n<meta property=\"og:type\" content=\"article\" \/>\n<meta property=\"og:title\" content=\"Ako k\u00fapi\u0165 l\u00edstky na \u0160panielsku Lot\u00e9riu El Gordo online\" \/>\n<meta property=\"og:description\" content=\"Pozrite si tieto inform\u00e1cie o El Gordo a Loteria de Navidad, \u0160panielskej Viano\u010dnej lot\u00e9rii\" \/>\n<meta property=\"og:url\" content=\"https:\/\/redfoxlotto.com\/sk\/loterie\/el-gordo-primitiva\/\" \/>\n<meta property=\"og:site_name\" content=\"Get Tickets for the World\u2019s largest jackpots\" \/>\n<meta property=\"article:modified_time\" content=\"2023-05-12T16:06:41+00:00\" \/>\n<meta property=\"og:image\" content=\"https:\/\/content.redfoxlotto.com\/uploads\/sites\/9\/1_buy_ticket_lotto_online.jpg\" \/>\n<meta name=\"twitter:card\" content=\"summary_large_image\" \/>\n<meta name=\"twitter:label1\" content=\"Predpokladan\u00fd \u010das \u010d\u00edtania\" \/>\n\t<meta name=\"twitter:data1\" content=\"3 min\u00faty\" \/>\n<script type=\"application\/ld+json\" class=\"yoast-schema-graph\">{\"@context\":\"https:\/\/schema.org\",\"@graph\":[{\"@type\":\"WebPage\",\"@id\":\"https:\/\/redfoxlotto.com\/sk\/loterie\/el-gordo-primitiva\/\",\"url\":\"https:\/\/redfoxlotto.com\/sk\/loterie\/el-gordo-primitiva\/\",\"name\":\"Ako k\u00fapi\u0165 l\u00edstky na \u0160panielsku Lot\u00e9riu El Gordo online\",\"isPartOf\":{\"@id\":\"https:\/\/redfoxlotto.com\/sk\/#website\"},\"primaryImageOfPage\":{\"@id\":\"https:\/\/redfoxlotto.com\/sk\/loterie\/el-gordo-primitiva\/#primaryimage\"},\"image\":{\"@id\":\"https:\/\/redfoxlotto.com\/sk\/loterie\/el-gordo-primitiva\/#primaryimage\"},\"thumbnailUrl\":\"https:\/\/content.redfoxlotto.com\/uploads\/sites\/9\/1_buy_ticket_lotto_online.jpg\",\"datePublished\":\"2018-11-18T08:54:25+00:00\",\"dateModified\":\"2023-05-12T16:06:41+00:00\",\"description\":\"Pozrite si tieto inform\u00e1cie o El Gordo a Loteria de Navidad, \u0160panielskej Viano\u010dnej lot\u00e9rii\",\"breadcrumb\":{\"@id\":\"https:\/\/redfoxlotto.com\/sk\/loterie\/el-gordo-primitiva\/#breadcrumb\"},\"inLanguage\":\"sk-SK\",\"potentialAction\":[{\"@type\":\"ReadAction\",\"target\":[\"https:\/\/redfoxlotto.com\/sk\/loterie\/el-gordo-primitiva\/\"]}]},{\"@type\":\"ImageObject\",\"inLanguage\":\"sk-SK\",\"@id\":\"https:\/\/redfoxlotto.com\/sk\/loterie\/el-gordo-primitiva\/#primaryimage\",\"url\":\"https:\/\/content.redfoxlotto.com\/uploads\/sites\/9\/1_buy_ticket_lotto_online.jpg\",\"contentUrl\":\"https:\/\/content.redfoxlotto.com\/uploads\/sites\/9\/1_buy_ticket_lotto_online.jpg\"},{\"@type\":\"BreadcrumbList\",\"@id\":\"https:\/\/redfoxlotto.com\/sk\/loterie\/el-gordo-primitiva\/#breadcrumb\",\"itemListElement\":[{\"@type\":\"ListItem\",\"position\":1,\"name\":\"Home\",\"item\":\"https:\/\/redfoxlotto.com\/sk\/\"},{\"@type\":\"ListItem\",\"position\":2,\"name\":\"Ako k\u00fapi\u0165 online lot\u00e9riov\u00e9 l\u00edstky &#8211; proces n\u00e1kupu\",\"item\":\"https:\/\/redfoxlotto.com\/sk\/loterie\/\"},{\"@type\":\"ListItem\",\"position\":3,\"name\":\"Inform\u00e1cie o El Gordo\"}]},{\"@type\":\"WebSite\",\"@id\":\"https:\/\/redfoxlotto.com\/sk\/#website\",\"url\":\"https:\/\/redfoxlotto.com\/sk\/\",\"name\":\"Get Tickets for the World\u2019s largest jackpots\",\"description\":\"Participate in worldwide lottery jackpots from any country\",\"publisher\":{\"@id\":\"https:\/\/redfoxlotto.com\/sk\/#organization\"},\"potentialAction\":[{\"@type\":\"SearchAction\",\"target\":{\"@type\":\"EntryPoint\",\"urlTemplate\":\"https:\/\/redfoxlotto.com\/sk\/?s={search_term_string}\"},\"query-input\":{\"@type\":\"PropertyValueSpecification\",\"valueRequired\":true,\"valueName\":\"search_term_string\"}}],\"inLanguage\":\"sk-SK\"},{\"@type\":\"Organization\",\"@id\":\"https:\/\/redfoxlotto.com\/sk\/#organization\",\"name\":\"Get Tickets for the World\u2019s largest jackpots\",\"url\":\"https:\/\/redfoxlotto.com\/sk\/\",\"logo\":{\"@type\":\"ImageObject\",\"inLanguage\":\"sk-SK\",\"@id\":\"https:\/\/redfoxlotto.com\/sk\/#\/schema\/logo\/image\/\",\"url\":\"https:\/\/redfoxlotto.com\/wp-content\/uploads\/2023\/04\/logo.png\",\"contentUrl\":\"https:\/\/redfoxlotto.com\/wp-content\/uploads\/2023\/04\/logo.png\",\"width\":269,\"height\":53,\"caption\":\"Get Tickets for the World\u2019s largest jackpots\"},\"image\":{\"@id\":\"https:\/\/redfoxlotto.com\/sk\/#\/schema\/logo\/image\/\"}}]}<\/script>\n<!-- \/ Yoast SEO plugin. -->","yoast_head_json":{"title":"Ako k\u00fapi\u0165 l\u00edstky na \u0160panielsku Lot\u00e9riu El Gordo online","description":"Pozrite si tieto inform\u00e1cie o El Gordo a Loteria de Navidad, \u0160panielskej Viano\u010dnej lot\u00e9rii","robots":{"index":"index","follow":"follow","max-snippet":"max-snippet:-1","max-image-preview":"max-image-preview:large","max-video-preview":"max-video-preview:-1"},"canonical":"https:\/\/redfoxlotto.com\/sk\/loterie\/el-gordo-primitiva\/","og_locale":"sk_SK","og_type":"article","og_title":"Ako k\u00fapi\u0165 l\u00edstky na \u0160panielsku Lot\u00e9riu El Gordo online","og_description":"Pozrite si tieto inform\u00e1cie o El Gordo a Loteria de Navidad, \u0160panielskej Viano\u010dnej lot\u00e9rii","og_url":"https:\/\/redfoxlotto.com\/sk\/loterie\/el-gordo-primitiva\/","og_site_name":"Get Tickets for the World\u2019s largest jackpots","article_modified_time":"2023-05-12T16:06:41+00:00","og_image":[{"url":"https:\/\/content.redfoxlotto.com\/uploads\/sites\/9\/1_buy_ticket_lotto_online.jpg"}],"twitter_card":"summary_large_image","twitter_misc":{"Predpokladan\u00fd \u010das \u010d\u00edtania":"3 min\u00faty"},"schema":{"@context":"https:\/\/schema.org","@graph":[{"@type":"WebPage","@id":"https:\/\/redfoxlotto.com\/sk\/loterie\/el-gordo-primitiva\/","url":"https:\/\/redfoxlotto.com\/sk\/loterie\/el-gordo-primitiva\/","name":"Ako k\u00fapi\u0165 l\u00edstky na \u0160panielsku Lot\u00e9riu El Gordo online","isPartOf":{"@id":"https:\/\/redfoxlotto.com\/sk\/#website"},"primaryImageOfPage":{"@id":"https:\/\/redfoxlotto.com\/sk\/loterie\/el-gordo-primitiva\/#primaryimage"},"image":{"@id":"https:\/\/redfoxlotto.com\/sk\/loterie\/el-gordo-primitiva\/#primaryimage"},"thumbnailUrl":"https:\/\/content.redfoxlotto.com\/uploads\/sites\/9\/1_buy_ticket_lotto_online.jpg","datePublished":"2018-11-18T08:54:25+00:00","dateModified":"2023-05-12T16:06:41+00:00","description":"Pozrite si tieto inform\u00e1cie o El Gordo a Loteria de Navidad, \u0160panielskej Viano\u010dnej lot\u00e9rii","breadcrumb":{"@id":"https:\/\/redfoxlotto.com\/sk\/loterie\/el-gordo-primitiva\/#breadcrumb"},"inLanguage":"sk-SK","potentialAction":[{"@type":"ReadAction","target":["https:\/\/redfoxlotto.com\/sk\/loterie\/el-gordo-primitiva\/"]}]},{"@type":"ImageObject","inLanguage":"sk-SK","@id":"https:\/\/redfoxlotto.com\/sk\/loterie\/el-gordo-primitiva\/#primaryimage","url":"https:\/\/content.redfoxlotto.com\/uploads\/sites\/9\/1_buy_ticket_lotto_online.jpg","contentUrl":"https:\/\/content.redfoxlotto.com\/uploads\/sites\/9\/1_buy_ticket_lotto_online.jpg"},{"@type":"BreadcrumbList","@id":"https:\/\/redfoxlotto.com\/sk\/loterie\/el-gordo-primitiva\/#breadcrumb","itemListElement":[{"@type":"ListItem","position":1,"name":"Home","item":"https:\/\/redfoxlotto.com\/sk\/"},{"@type":"ListItem","position":2,"name":"Ako k\u00fapi\u0165 online lot\u00e9riov\u00e9 l\u00edstky &#8211; proces n\u00e1kupu","item":"https:\/\/redfoxlotto.com\/sk\/loterie\/"},{"@type":"ListItem","position":3,"name":"Inform\u00e1cie o El Gordo"}]},{"@type":"WebSite","@id":"https:\/\/redfoxlotto.com\/sk\/#website","url":"https:\/\/redfoxlotto.com\/sk\/","name":"Get Tickets for the World\u2019s largest jackpots","description":"Participate in worldwide lottery jackpots from any country","publisher":{"@id":"https:\/\/redfoxlotto.com\/sk\/#organization"},"potentialAction":[{"@type":"SearchAction","target":{"@type":"EntryPoint","urlTemplate":"https:\/\/redfoxlotto.com\/sk\/?s={search_term_string}"},"query-input":{"@type":"PropertyValueSpecification","valueRequired":true,"valueName":"search_term_string"}}],"inLanguage":"sk-SK"},{"@type":"Organization","@id":"https:\/\/redfoxlotto.com\/sk\/#organization","name":"Get Tickets for the World\u2019s largest jackpots","url":"https:\/\/redfoxlotto.com\/sk\/","logo":{"@type":"ImageObject","inLanguage":"sk-SK","@id":"https:\/\/redfoxlotto.com\/sk\/#\/schema\/logo\/image\/","url":"https:\/\/redfoxlotto.com\/wp-content\/uploads\/2023\/04\/logo.png","contentUrl":"https:\/\/redfoxlotto.com\/wp-content\/uploads\/2023\/04\/logo.png","width":269,"height":53,"caption":"Get Tickets for the World\u2019s largest jackpots"},"image":{"@id":"https:\/\/redfoxlotto.com\/sk\/#\/schema\/logo\/image\/"}}]}},"_links":{"self":[{"href":"https:\/\/redfoxlotto.com\/sk\/wp-json\/wp\/v2\/pages\/11444","targetHints":{"allow":["GET"]}}],"collection":[{"href":"https:\/\/redfoxlotto.com\/sk\/wp-json\/wp\/v2\/pages"}],"about":[{"href":"https:\/\/redfoxlotto.com\/sk\/wp-json\/wp\/v2\/types\/page"}],"author":[{"embeddable":true,"href":"https:\/\/redfoxlotto.com\/sk\/wp-json\/wp\/v2\/users\/1"}],"replies":[{"embeddable":true,"href":"https:\/\/redfoxlotto.com\/sk\/wp-json\/wp\/v2\/comments?post=11444"}],"version-history":[{"count":0,"href":"https:\/\/redfoxlotto.com\/sk\/wp-json\/wp\/v2\/pages\/11444\/revisions"}],"up":[{"embeddable":true,"href":"https:\/\/redfoxlotto.com\/sk\/wp-json\/wp\/v2\/pages\/10252"}],"wp:attachment":[{"href":"https:\/\/redfoxlotto.com\/sk\/wp-json\/wp\/v2\/media?parent=11444"}],"curies":[{"name":"wp","href":"https:\/\/api.w.org\/{rel}","templated":true}]}}