{"id":11442,"date":"2023-05-13T06:20:30","date_gmt":"2023-05-13T06:20:30","guid":{"rendered":"https:\/\/redfoxlotto.com\/?page_id=11442"},"modified":"2020-05-07T08:43:11","modified_gmt":"2020-05-07T07:43:11","slug":"el-gordo-primitiva","status":"publish","type":"page","link":"https:\/\/redfoxlotto.com\/sk\/hraj\/el-gordo-primitiva\/","title":{"rendered":"Hrajte El Gordo"},"content":{"rendered":"<p>El Gordo je \u010fal\u0161ou ve\u013emi ob\u013e\u00fabenou \u0160panielskou lot\u00e9riou ktor\u00fa m\u00f4\u017eete hra\u0165 online, zo Slovenska a kadeko\u013evek inde. T\u00e1to lot\u00e9ria je najzn\u00e1mej\u0161ia pre svoju Viano\u010dn\u00fa ed\u00edciu, ale hra\u0165 t\u00fd\u017edenn\u00e9 \u017erebovanie je tie\u017e ve\u013emi pr\u00ed\u0165a\u017eliv\u00e9.<\/p><h2 class=\"wp-block-heading\">El Gordo Viano\u010dn\u00e1 ed\u00edcia<\/h2><p><img loading=\"lazy\" decoding=\"async\" class=\" wp-image alignright\" src=\"https:\/\/content.redfoxlotto.com\/uploads\/sites\/9\/2_ticket_el_gordo3.jpg\" alt=\"El Gordo \u0160panija igra na spletu\" width=\"246\" height=\"340\" \/><\/p><p>Pre t\u00fato lot\u00e9riu, sa pred\u00e1 100 000 o\u010d\u00edslovan\u00fdch l\u00edstkov. Cena za jeden cel\u00fd l\u00edstok je 200 \u20ac, Ale zlomok, tak zvan\u00fd \u201cDecimos\u201d sa tie\u017e m\u00f4\u017ee k\u00fapi\u0165. Losovanie je ve\u013ek\u00e1 cerem\u00f3nia, s de\u0165mi spievaj\u00facimi vylosovan\u00e9 \u010d\u00edsla.<\/p><p>Je tam ve\u013ek\u00e1 okr\u00fahla clietka obsahuj\u00faca 100 000 dreven\u00fdch lopti\u010diek s \u010d\u00edslami l\u00edstkov. A potom tam je druh\u00e1 clietka, obsahuj\u00faca 1 807 lopti\u010diek ustanov\u00fajuca ktor\u00fa cena je vyhran\u00e1. Jedna z lopti\u010diek je \u201cEl Gordo\u201d &#8211; \u010do znamen\u00e1 jackpot. Dva lopti\u010dky s\u00fa vylosovan\u00e9 naraz, a deti spievaj\u00fa v\u00fdsledky.<\/p><p>Akon\u00e1hle s\u00fa l\u00edstky pre t\u00fato lot\u00e9riu k dispoz\u00edcii, m\u00f4\u017eete si ich k\u00fapi\u0165 tu na na\u0161ej str\u00e1nke. T\u00e1to na\u0161a online slu\u017eba je tie\u017e dostupn\u00e1 lot\u00e9riov\u00fdm hr\u00e1\u010dom zo Slovenska.<\/p>","protected":false},"excerpt":{"rendered":"<p>El Gordo je \u010fal\u0161ou ve\u013emi ob\u013e\u00fabenou \u0160panielskou lot\u00e9riou ktor\u00fa m\u00f4\u017eete hra\u0165 online, zo Slovenska a kadeko\u013evek inde. T\u00e1to lot\u00e9ria je najzn\u00e1mej\u0161ia pre svoju Viano\u010dn\u00fa ed\u00edciu, ale hra\u0165 t\u00fd\u017edenn\u00e9 \u017erebovanie je tie\u017e ve\u013emi pr\u00ed\u0165a\u017eliv\u00e9. El Gordo Viano\u010dn\u00e1 ed\u00edcia Pre t\u00fato lot\u00e9riu, sa pred\u00e1 100 000 o\u010d\u00edslovan\u00fdch l\u00edstkov. Cena za jeden cel\u00fd l\u00edstok je 200 \u20ac, Ale [&hellip;]<\/p>\n","protected":false},"author":1,"featured_media":0,"parent":10270,"menu_order":6,"comment_status":"closed","ping_status":"closed","template":"el-gordo.php","meta":{"_et_pb_use_builder":"","_et_pb_old_content":"","_et_gb_content_width":"","exclude_from_search":false,"footnotes":""},"class_list":["post-11442","page","type-page","status-publish","hentry"],"yoast_head":"<!-- This site is optimized with the Yoast SEO plugin v23.8 - https:\/\/yoast.com\/wordpress\/plugins\/seo\/ -->\n<title>Hrajte El Gordo zo Slovenska<\/title>\n<meta name=\"description\" content=\"El Gordo je najpopul\u00e1rnej\u0161ia \u0160panielska lot\u00e9ria, a hr\u00e1\u010di zo Slovenska si m\u00f4\u017eu zadov\u00e1\u017ei\u0165 svoje l\u00edstky na na\u0161ej str\u00e1nke\" \/>\n<meta name=\"robots\" content=\"index, follow, max-snippet:-1, max-image-preview:large, max-video-preview:-1\" \/>\n<link rel=\"canonical\" href=\"https:\/\/redfoxlotto.com\/sk\/hraj\/el-gordo-primitiva\/\" \/>\n<meta property=\"og:locale\" content=\"sk_SK\" \/>\n<meta property=\"og:type\" content=\"article\" \/>\n<meta property=\"og:title\" content=\"Hrajte El Gordo zo Slovenska\" \/>\n<meta property=\"og:description\" content=\"El Gordo je najpopul\u00e1rnej\u0161ia \u0160panielska lot\u00e9ria, a hr\u00e1\u010di zo Slovenska si m\u00f4\u017eu zadov\u00e1\u017ei\u0165 svoje l\u00edstky na na\u0161ej str\u00e1nke\" \/>\n<meta property=\"og:url\" content=\"https:\/\/redfoxlotto.com\/sk\/hraj\/el-gordo-primitiva\/\" \/>\n<meta property=\"og:site_name\" content=\"Get Tickets for the World\u2019s largest jackpots\" \/>\n<meta property=\"article:modified_time\" content=\"2020-05-07T07:43:11+00:00\" \/>\n<meta property=\"og:image\" content=\"https:\/\/content.redfoxlotto.com\/uploads\/sites\/9\/2_ticket_el_gordo3.jpg\" \/>\n<meta name=\"twitter:card\" content=\"summary_large_image\" \/>\n<meta name=\"twitter:label1\" content=\"Predpokladan\u00fd \u010das \u010d\u00edtania\" \/>\n\t<meta name=\"twitter:data1\" content=\"1 min\u00fata\" \/>\n<script type=\"application\/ld+json\" class=\"yoast-schema-graph\">{\"@context\":\"https:\/\/schema.org\",\"@graph\":[{\"@type\":\"WebPage\",\"@id\":\"https:\/\/redfoxlotto.com\/sk\/hraj\/el-gordo-primitiva\/\",\"url\":\"https:\/\/redfoxlotto.com\/sk\/hraj\/el-gordo-primitiva\/\",\"name\":\"Hrajte El Gordo zo Slovenska\",\"isPartOf\":{\"@id\":\"https:\/\/redfoxlotto.com\/sk\/#website\"},\"primaryImageOfPage\":{\"@id\":\"https:\/\/redfoxlotto.com\/sk\/hraj\/el-gordo-primitiva\/#primaryimage\"},\"image\":{\"@id\":\"https:\/\/redfoxlotto.com\/sk\/hraj\/el-gordo-primitiva\/#primaryimage\"},\"thumbnailUrl\":\"https:\/\/content.redfoxlotto.com\/uploads\/sites\/9\/2_ticket_el_gordo3.jpg\",\"datePublished\":\"2023-05-13T06:20:30+00:00\",\"dateModified\":\"2020-05-07T07:43:11+00:00\",\"description\":\"El Gordo je najpopul\u00e1rnej\u0161ia \u0160panielska lot\u00e9ria, a hr\u00e1\u010di zo Slovenska si m\u00f4\u017eu zadov\u00e1\u017ei\u0165 svoje l\u00edstky na na\u0161ej str\u00e1nke\",\"breadcrumb\":{\"@id\":\"https:\/\/redfoxlotto.com\/sk\/hraj\/el-gordo-primitiva\/#breadcrumb\"},\"inLanguage\":\"sk-SK\",\"potentialAction\":[{\"@type\":\"ReadAction\",\"target\":[\"https:\/\/redfoxlotto.com\/sk\/hraj\/el-gordo-primitiva\/\"]}]},{\"@type\":\"ImageObject\",\"inLanguage\":\"sk-SK\",\"@id\":\"https:\/\/redfoxlotto.com\/sk\/hraj\/el-gordo-primitiva\/#primaryimage\",\"url\":\"https:\/\/content.redfoxlotto.com\/uploads\/sites\/9\/2_ticket_el_gordo3.jpg\",\"contentUrl\":\"https:\/\/content.redfoxlotto.com\/uploads\/sites\/9\/2_ticket_el_gordo3.jpg\"},{\"@type\":\"BreadcrumbList\",\"@id\":\"https:\/\/redfoxlotto.com\/sk\/hraj\/el-gordo-primitiva\/#breadcrumb\",\"itemListElement\":[{\"@type\":\"ListItem\",\"position\":1,\"name\":\"Home\",\"item\":\"https:\/\/redfoxlotto.com\/sk\/\"},{\"@type\":\"ListItem\",\"position\":2,\"name\":\"Ako hra\u0165 lot\u00e9rie z in\u00fdch kraj\u00edn\",\"item\":\"https:\/\/redfoxlotto.com\/sk\/hraj\/\"},{\"@type\":\"ListItem\",\"position\":3,\"name\":\"Hrajte El Gordo\"}]},{\"@type\":\"WebSite\",\"@id\":\"https:\/\/redfoxlotto.com\/sk\/#website\",\"url\":\"https:\/\/redfoxlotto.com\/sk\/\",\"name\":\"Get Tickets for the World\u2019s largest jackpots\",\"description\":\"Participate in worldwide lottery jackpots from any country\",\"publisher\":{\"@id\":\"https:\/\/redfoxlotto.com\/sk\/#organization\"},\"potentialAction\":[{\"@type\":\"SearchAction\",\"target\":{\"@type\":\"EntryPoint\",\"urlTemplate\":\"https:\/\/redfoxlotto.com\/sk\/?s={search_term_string}\"},\"query-input\":{\"@type\":\"PropertyValueSpecification\",\"valueRequired\":true,\"valueName\":\"search_term_string\"}}],\"inLanguage\":\"sk-SK\"},{\"@type\":\"Organization\",\"@id\":\"https:\/\/redfoxlotto.com\/sk\/#organization\",\"name\":\"Get Tickets for the World\u2019s largest jackpots\",\"url\":\"https:\/\/redfoxlotto.com\/sk\/\",\"logo\":{\"@type\":\"ImageObject\",\"inLanguage\":\"sk-SK\",\"@id\":\"https:\/\/redfoxlotto.com\/sk\/#\/schema\/logo\/image\/\",\"url\":\"https:\/\/redfoxlotto.com\/wp-content\/uploads\/2023\/04\/logo.png\",\"contentUrl\":\"https:\/\/redfoxlotto.com\/wp-content\/uploads\/2023\/04\/logo.png\",\"width\":269,\"height\":53,\"caption\":\"Get Tickets for the World\u2019s largest jackpots\"},\"image\":{\"@id\":\"https:\/\/redfoxlotto.com\/sk\/#\/schema\/logo\/image\/\"}}]}<\/script>\n<!-- \/ Yoast SEO plugin. -->","yoast_head_json":{"title":"Hrajte El Gordo zo Slovenska","description":"El Gordo je najpopul\u00e1rnej\u0161ia \u0160panielska lot\u00e9ria, a hr\u00e1\u010di zo Slovenska si m\u00f4\u017eu zadov\u00e1\u017ei\u0165 svoje l\u00edstky na na\u0161ej str\u00e1nke","robots":{"index":"index","follow":"follow","max-snippet":"max-snippet:-1","max-image-preview":"max-image-preview:large","max-video-preview":"max-video-preview:-1"},"canonical":"https:\/\/redfoxlotto.com\/sk\/hraj\/el-gordo-primitiva\/","og_locale":"sk_SK","og_type":"article","og_title":"Hrajte El Gordo zo Slovenska","og_description":"El Gordo je najpopul\u00e1rnej\u0161ia \u0160panielska lot\u00e9ria, a hr\u00e1\u010di zo Slovenska si m\u00f4\u017eu zadov\u00e1\u017ei\u0165 svoje l\u00edstky na na\u0161ej str\u00e1nke","og_url":"https:\/\/redfoxlotto.com\/sk\/hraj\/el-gordo-primitiva\/","og_site_name":"Get Tickets for the World\u2019s largest jackpots","article_modified_time":"2020-05-07T07:43:11+00:00","og_image":[{"url":"https:\/\/content.redfoxlotto.com\/uploads\/sites\/9\/2_ticket_el_gordo3.jpg"}],"twitter_card":"summary_large_image","twitter_misc":{"Predpokladan\u00fd \u010das \u010d\u00edtania":"1 min\u00fata"},"schema":{"@context":"https:\/\/schema.org","@graph":[{"@type":"WebPage","@id":"https:\/\/redfoxlotto.com\/sk\/hraj\/el-gordo-primitiva\/","url":"https:\/\/redfoxlotto.com\/sk\/hraj\/el-gordo-primitiva\/","name":"Hrajte El Gordo zo Slovenska","isPartOf":{"@id":"https:\/\/redfoxlotto.com\/sk\/#website"},"primaryImageOfPage":{"@id":"https:\/\/redfoxlotto.com\/sk\/hraj\/el-gordo-primitiva\/#primaryimage"},"image":{"@id":"https:\/\/redfoxlotto.com\/sk\/hraj\/el-gordo-primitiva\/#primaryimage"},"thumbnailUrl":"https:\/\/content.redfoxlotto.com\/uploads\/sites\/9\/2_ticket_el_gordo3.jpg","datePublished":"2023-05-13T06:20:30+00:00","dateModified":"2020-05-07T07:43:11+00:00","description":"El Gordo je najpopul\u00e1rnej\u0161ia \u0160panielska lot\u00e9ria, a hr\u00e1\u010di zo Slovenska si m\u00f4\u017eu zadov\u00e1\u017ei\u0165 svoje l\u00edstky na na\u0161ej str\u00e1nke","breadcrumb":{"@id":"https:\/\/redfoxlotto.com\/sk\/hraj\/el-gordo-primitiva\/#breadcrumb"},"inLanguage":"sk-SK","potentialAction":[{"@type":"ReadAction","target":["https:\/\/redfoxlotto.com\/sk\/hraj\/el-gordo-primitiva\/"]}]},{"@type":"ImageObject","inLanguage":"sk-SK","@id":"https:\/\/redfoxlotto.com\/sk\/hraj\/el-gordo-primitiva\/#primaryimage","url":"https:\/\/content.redfoxlotto.com\/uploads\/sites\/9\/2_ticket_el_gordo3.jpg","contentUrl":"https:\/\/content.redfoxlotto.com\/uploads\/sites\/9\/2_ticket_el_gordo3.jpg"},{"@type":"BreadcrumbList","@id":"https:\/\/redfoxlotto.com\/sk\/hraj\/el-gordo-primitiva\/#breadcrumb","itemListElement":[{"@type":"ListItem","position":1,"name":"Home","item":"https:\/\/redfoxlotto.com\/sk\/"},{"@type":"ListItem","position":2,"name":"Ako hra\u0165 lot\u00e9rie z in\u00fdch kraj\u00edn","item":"https:\/\/redfoxlotto.com\/sk\/hraj\/"},{"@type":"ListItem","position":3,"name":"Hrajte El Gordo"}]},{"@type":"WebSite","@id":"https:\/\/redfoxlotto.com\/sk\/#website","url":"https:\/\/redfoxlotto.com\/sk\/","name":"Get Tickets for the World\u2019s largest jackpots","description":"Participate in worldwide lottery jackpots from any country","publisher":{"@id":"https:\/\/redfoxlotto.com\/sk\/#organization"},"potentialAction":[{"@type":"SearchAction","target":{"@type":"EntryPoint","urlTemplate":"https:\/\/redfoxlotto.com\/sk\/?s={search_term_string}"},"query-input":{"@type":"PropertyValueSpecification","valueRequired":true,"valueName":"search_term_string"}}],"inLanguage":"sk-SK"},{"@type":"Organization","@id":"https:\/\/redfoxlotto.com\/sk\/#organization","name":"Get Tickets for the World\u2019s largest jackpots","url":"https:\/\/redfoxlotto.com\/sk\/","logo":{"@type":"ImageObject","inLanguage":"sk-SK","@id":"https:\/\/redfoxlotto.com\/sk\/#\/schema\/logo\/image\/","url":"https:\/\/redfoxlotto.com\/wp-content\/uploads\/2023\/04\/logo.png","contentUrl":"https:\/\/redfoxlotto.com\/wp-content\/uploads\/2023\/04\/logo.png","width":269,"height":53,"caption":"Get Tickets for the World\u2019s largest jackpots"},"image":{"@id":"https:\/\/redfoxlotto.com\/sk\/#\/schema\/logo\/image\/"}}]}},"_links":{"self":[{"href":"https:\/\/redfoxlotto.com\/sk\/wp-json\/wp\/v2\/pages\/11442","targetHints":{"allow":["GET"]}}],"collection":[{"href":"https:\/\/redfoxlotto.com\/sk\/wp-json\/wp\/v2\/pages"}],"about":[{"href":"https:\/\/redfoxlotto.com\/sk\/wp-json\/wp\/v2\/types\/page"}],"author":[{"embeddable":true,"href":"https:\/\/redfoxlotto.com\/sk\/wp-json\/wp\/v2\/users\/1"}],"replies":[{"embeddable":true,"href":"https:\/\/redfoxlotto.com\/sk\/wp-json\/wp\/v2\/comments?post=11442"}],"version-history":[{"count":0,"href":"https:\/\/redfoxlotto.com\/sk\/wp-json\/wp\/v2\/pages\/11442\/revisions"}],"up":[{"embeddable":true,"href":"https:\/\/redfoxlotto.com\/sk\/wp-json\/wp\/v2\/pages\/10270"}],"wp:attachment":[{"href":"https:\/\/redfoxlotto.com\/sk\/wp-json\/wp\/v2\/media?parent=11442"}],"curies":[{"name":"wp","href":"https:\/\/api.w.org\/{rel}","templated":true}]}}