{"id":10276,"date":"2023-04-24T17:47:11","date_gmt":"2023-04-24T17:47:11","guid":{"rendered":"https:\/\/redfoxlotto.com\/?page_id=3393"},"modified":"2025-12-11T06:46:44","modified_gmt":"2025-12-11T06:46:44","slug":"superenalotto","status":"publish","type":"page","link":"https:\/\/redfoxlotto.com\/sk\/hraj\/superenalotto\/","title":{"rendered":"Ako hra\u0165 SuperEnalotto"},"content":{"rendered":"<p><script type=\"application\/ld+json\">\n{\n  \"@context\": \"https:\/\/schema.org\",\n  \"@type\": \"Service\",\n  \"name\": \"SuperEnalotto online\",\n  \"url\": \"https:\/\/redfoxlotto.com\/sk\/hraj\/superenalotto\/\",\n  \"description\": \"Zak\u00fapte si ofici\u00e1lne l\u00edstky SuperEnalotto online prostredn\u00edctvom RedFoxLotto. Vyberte si svoje \u010d\u00edsla a zapojte sa do \u010fal\u0161ieho \u017erebovania.\",\n  \"serviceType\": \"Online lottery ticket purchase\",<\/p>\n<p>  \"provider\": {\n    \"@type\": \"Organization\",\n    \"name\": \"RedFoxLotto\",\n    \"url\": \"https:\/\/redfoxlotto.com\",\n    \"logo\": \"https:\/\/redfoxlotto.com\/wp-content\/uploads\/logo.png\"\n  },<\/p>\n<p>  \"areaServed\": \"Worldwide\",\n  \"termsOfService\": \"https:\/\/redfoxlotto.com\/terms-and-conditions\",<\/p>\n<p>  \"hasOfferCatalog\": {\n    \"@type\": \"OfferCatalog\",\n    \"name\": \"SuperEnalotto Offers\",\n    \"itemListElement\": [\n      {\n        \"@type\": \"Offer\",\n        \"name\": \"Lotto SuperEnalotto Ticket\",\n        \"url\": \"https:\/\/redfoxlotto.com\/sk\/hraj\/superenalotto\/\",\n        \"description\": \"Jedna \u00fa\u010das\u0165 v \u010fal\u0161om \u017erebovan\u00ed SuperEnalotto.\",\n        \"price\": \"3.40\",\n        \"priceCurrency\": \"EUR\",\n        \"availability\": \"https:\/\/schema.org\/InStock\",<\/p>\n<p>        \"itemOffered\": {\n          \"@type\": \"Service\",\n          \"name\": \"SuperEnalotto Lottery Entry\",\n          \"description\": \"\u00da\u010das\u0165 v \u010fal\u0161om \u017erebovan\u00ed SuperEnalotto cez RedFoxLotto.\"\n        }\n      }\n    ]\n  },<\/p>\n<p>  \"mainEntityOfPage\": {\n    \"@type\": \"WebPage\",\n    \"@id\": \"https:\/\/redfoxlotto.com\/sk\/hraj\/superenalotto\/\"\n  }\n}\n<\/script><\/p>\n<p><!--more--><\/p>\n<p>Z\u00e1kladn\u00e9 pravidl\u00e1 Talianskej lot\u00e9rie s\u00fa celkom jednoduch\u00e9. Iba si vyberiete 6 \u010d\u00edsel od 1 do 90, obstar\u00e1te si svoj l\u00edstok a potom v\u0161etko \u010do ost\u00e1va robi\u0165 je \u010daka\u0165 a pozrie\u0165 vylosovan\u00e9 \u010d\u00edsla. Skuto\u010dnos\u0165 \u017ee m\u00e1te celkovo 90 \u010d\u00edsel na v\u00fdber znamen\u00e1, \u017ee \u0161ance \u017ee ich v\u0161etky uh\u00e1dnete s\u00fa pomerne n\u00edzke. Vlastne, pravdepopdobnos\u0165 je 1 k 622 Mili\u00f3nom.<br \/>\n<img loading=\"lazy\" decoding=\"async\" class=\" wp-image alignright\" src=\"https:\/\/content.redfoxlotto.com\/uploads\/sites\/9\/1_play_superenalotto.jpg\" alt=\"Superenalotto hra\u0165 online\" width=\"251\" height=\"216\" \/><\/p>\n<p>Je to tie\u017e d\u00f4vod pre\u010do sa jackpod dr\u017e\u00ed t\u00fd\u017ed\u0148e, ak nie mesiace, predt\u00fdm ne\u017e padne. Ale to by v\u00e1s nemalo odradi\u0165 od hrania Superenalotto. Ceny l\u00edstkov s\u00fa relat\u00edvne n\u00edzke, a h\u00e1dajte \u010do? Niekomu sa v\u017edy po\u0161\u0165ast\u00ed, tak pre\u010do nie v\u00e1m? Majte na pam\u00e4ti \u017ee ke\u010f hr\u00e1te Superenalotto na RedFoxLotto, nemus\u00edte by\u0165 v Taliansku alebo by\u0165 Taliansk\u00fdm ob\u010danom. Va\u0161e online l\u00edstky sa z\u00fa\u010dast\u0148uj\u00fa losovania bezoh\u013eadu na \u0161t\u00e1t trval\u00e9ho bydliska alebo n\u00e1rodnos\u0165. To je kr\u00e1sa hrania medzin\u00e1rodn\u00fdch lot\u00e9rii online, cez na\u0161u slu\u017ebu.<\/p>\n<h2>Zv\u00fd\u0161te si \u0161ance na v\u00fdhru<\/h2>\n<p><img decoding=\"async\" class=\"size-full wp-image alignright\" src=\"https:\/\/content.redfoxlotto.com\/uploads\/sites\/9\/2_ticket_superenalotto.jpg\" alt=\"vyhra\u0165 Superenalotto\" \/><\/p>\n<p>\u0160tatisticky, viac ako 70% s\u00fam lot\u00e9riov\u00fdch cien bolo vyhran\u00fdch v\u00fd\u0161\u0161\u00edmi \u010d\u00edslami. Ka\u017ed\u00fd pou\u017e\u00edva d\u00e1tumi narodenia, tak\u017ee ke\u010f v\u00fdsledkom losovanie je men\u0161ie \u010d\u00edslo, v\u00fdhercov je viacej a v\u00fdplata na v\u00ed\u0165aza je ni\u017e\u0161ia. Tak\u017ee ak sa chcete ubezbe\u010di\u0165 \u017ee sa nebude musie\u0165 deli\u0165 o svoj SuperEnaLotto jackpot, vyberte si \u010d\u00edsla nad 31 pre v\u00e1\u0161 l\u00edstok!<\/p>\n<p>Okrem toho, pokojne pou\u017eite ak\u00fdko\u013evek lot\u00e9riov\u00fd \u010d\u00edseln\u00fd syst\u00e9m. M\u00f4\u017eete si tie\u017e iba zahra\u0165 va\u0161a osobn\u00e9 \u0161\u0165astn\u00e9 \u010d\u00edsla. Ak s\u00fa to mal\u00e9 \u010d\u00edsla, pre\u010do ich nevyn\u00e1sobi\u0165 s 2, 3, 4 alebo 5 ? T\u00fdmto sp\u00f4sobom sa vyhnete tomu \u017ee by ste mali \u010d\u00edsla ako v\u0161etci ostatn\u00fd.<\/p>\n","protected":false},"excerpt":{"rendered":"","protected":false},"author":1,"featured_media":0,"parent":10270,"menu_order":5,"comment_status":"closed","ping_status":"closed","template":"superenalotto.php","meta":{"_et_pb_use_builder":"","_et_pb_old_content":"","_et_gb_content_width":"","exclude_from_search":false,"footnotes":""},"class_list":["post-10276","page","type-page","status-publish","hentry"],"yoast_head":"<!-- This site is optimized with the Yoast SEO plugin v27.3 - https:\/\/yoast.com\/product\/yoast-seo-wordpress\/ -->\n<title>SuperEnalotto online<\/title>\n<meta name=\"description\" content=\"Teraz si m\u00f4\u017eete zahra\u0165 Superenalotto, dokonca aj ke\u010f ste mimo Talianska\" \/>\n<meta name=\"robots\" content=\"index, follow, max-snippet:-1, max-image-preview:large, max-video-preview:-1\" \/>\n<link rel=\"canonical\" href=\"https:\/\/redfoxlotto.com\/sk\/hraj\/superenalotto\/\" \/>\n<meta property=\"og:locale\" content=\"sk_SK\" \/>\n<meta property=\"og:type\" content=\"article\" \/>\n<meta property=\"og:title\" content=\"SuperEnalotto online\" \/>\n<meta property=\"og:description\" content=\"Teraz si m\u00f4\u017eete zahra\u0165 Superenalotto, dokonca aj ke\u010f ste mimo Talianska\" \/>\n<meta property=\"og:url\" content=\"https:\/\/redfoxlotto.com\/sk\/hraj\/superenalotto\/\" \/>\n<meta property=\"og:site_name\" content=\"Get Tickets for the World\u2019s largest jackpots\" \/>\n<meta property=\"article:modified_time\" content=\"2025-12-11T06:46:44+00:00\" \/>\n<meta property=\"og:image\" content=\"https:\/\/content.redfoxlotto.com\/uploads\/sites\/9\/1_play_superenalotto.jpg\" \/>\n<meta name=\"twitter:card\" content=\"summary_large_image\" \/>\n<meta name=\"twitter:label1\" content=\"Predpokladan\u00fd \u010das \u010d\u00edtania\" \/>\n\t<meta name=\"twitter:data1\" content=\"2 min\u00faty\" \/>\n<script type=\"application\/ld+json\" class=\"yoast-schema-graph\">{\"@context\":\"https:\\\/\\\/schema.org\",\"@graph\":[{\"@type\":\"WebPage\",\"@id\":\"https:\\\/\\\/redfoxlotto.com\\\/sk\\\/hraj\\\/superenalotto\\\/\",\"url\":\"https:\\\/\\\/redfoxlotto.com\\\/sk\\\/hraj\\\/superenalotto\\\/\",\"name\":\"SuperEnalotto online\",\"isPartOf\":{\"@id\":\"https:\\\/\\\/redfoxlotto.com\\\/sk\\\/#website\"},\"primaryImageOfPage\":{\"@id\":\"https:\\\/\\\/redfoxlotto.com\\\/sk\\\/hraj\\\/superenalotto\\\/#primaryimage\"},\"image\":{\"@id\":\"https:\\\/\\\/redfoxlotto.com\\\/sk\\\/hraj\\\/superenalotto\\\/#primaryimage\"},\"thumbnailUrl\":\"https:\\\/\\\/content.redfoxlotto.com\\\/uploads\\\/sites\\\/9\\\/1_play_superenalotto.jpg\",\"datePublished\":\"2023-04-24T17:47:11+00:00\",\"dateModified\":\"2025-12-11T06:46:44+00:00\",\"description\":\"Teraz si m\u00f4\u017eete zahra\u0165 Superenalotto, dokonca aj ke\u010f ste mimo Talianska\",\"breadcrumb\":{\"@id\":\"https:\\\/\\\/redfoxlotto.com\\\/sk\\\/hraj\\\/superenalotto\\\/#breadcrumb\"},\"inLanguage\":\"sk-SK\",\"potentialAction\":[{\"@type\":\"ReadAction\",\"target\":[\"https:\\\/\\\/redfoxlotto.com\\\/sk\\\/hraj\\\/superenalotto\\\/\"]}]},{\"@type\":\"ImageObject\",\"inLanguage\":\"sk-SK\",\"@id\":\"https:\\\/\\\/redfoxlotto.com\\\/sk\\\/hraj\\\/superenalotto\\\/#primaryimage\",\"url\":\"https:\\\/\\\/content.redfoxlotto.com\\\/uploads\\\/sites\\\/9\\\/1_play_superenalotto.jpg\",\"contentUrl\":\"https:\\\/\\\/content.redfoxlotto.com\\\/uploads\\\/sites\\\/9\\\/1_play_superenalotto.jpg\"},{\"@type\":\"BreadcrumbList\",\"@id\":\"https:\\\/\\\/redfoxlotto.com\\\/sk\\\/hraj\\\/superenalotto\\\/#breadcrumb\",\"itemListElement\":[{\"@type\":\"ListItem\",\"position\":1,\"name\":\"Home\",\"item\":\"https:\\\/\\\/redfoxlotto.com\\\/sk\\\/\"},{\"@type\":\"ListItem\",\"position\":2,\"name\":\"Ako hra\u0165 lot\u00e9rie z in\u00fdch kraj\u00edn\",\"item\":\"https:\\\/\\\/redfoxlotto.com\\\/sk\\\/hraj\\\/\"},{\"@type\":\"ListItem\",\"position\":3,\"name\":\"Ako hra\u0165 SuperEnalotto\"}]},{\"@type\":\"WebSite\",\"@id\":\"https:\\\/\\\/redfoxlotto.com\\\/sk\\\/#website\",\"url\":\"https:\\\/\\\/redfoxlotto.com\\\/sk\\\/\",\"name\":\"Get Tickets for the World\u2019s largest jackpots\",\"description\":\"Participate in worldwide lottery jackpots from any country\",\"publisher\":{\"@id\":\"https:\\\/\\\/redfoxlotto.com\\\/sk\\\/#organization\"},\"potentialAction\":[{\"@type\":\"SearchAction\",\"target\":{\"@type\":\"EntryPoint\",\"urlTemplate\":\"https:\\\/\\\/redfoxlotto.com\\\/sk\\\/?s={search_term_string}\"},\"query-input\":{\"@type\":\"PropertyValueSpecification\",\"valueRequired\":true,\"valueName\":\"search_term_string\"}}],\"inLanguage\":\"sk-SK\"},{\"@type\":\"Organization\",\"@id\":\"https:\\\/\\\/redfoxlotto.com\\\/sk\\\/#organization\",\"name\":\"Get Tickets for the World\u2019s largest jackpots\",\"url\":\"https:\\\/\\\/redfoxlotto.com\\\/sk\\\/\",\"logo\":{\"@type\":\"ImageObject\",\"inLanguage\":\"sk-SK\",\"@id\":\"https:\\\/\\\/redfoxlotto.com\\\/sk\\\/#\\\/schema\\\/logo\\\/image\\\/\",\"url\":\"https:\\\/\\\/redfoxlotto.com\\\/wp-content\\\/uploads\\\/2023\\\/04\\\/logo.png\",\"contentUrl\":\"https:\\\/\\\/redfoxlotto.com\\\/wp-content\\\/uploads\\\/2023\\\/04\\\/logo.png\",\"width\":269,\"height\":53,\"caption\":\"Get Tickets for the World\u2019s largest jackpots\"},\"image\":{\"@id\":\"https:\\\/\\\/redfoxlotto.com\\\/sk\\\/#\\\/schema\\\/logo\\\/image\\\/\"}}]}<\/script>\n<!-- \/ Yoast SEO plugin. -->","yoast_head_json":{"title":"SuperEnalotto online","description":"Teraz si m\u00f4\u017eete zahra\u0165 Superenalotto, dokonca aj ke\u010f ste mimo Talianska","robots":{"index":"index","follow":"follow","max-snippet":"max-snippet:-1","max-image-preview":"max-image-preview:large","max-video-preview":"max-video-preview:-1"},"canonical":"https:\/\/redfoxlotto.com\/sk\/hraj\/superenalotto\/","og_locale":"sk_SK","og_type":"article","og_title":"SuperEnalotto online","og_description":"Teraz si m\u00f4\u017eete zahra\u0165 Superenalotto, dokonca aj ke\u010f ste mimo Talianska","og_url":"https:\/\/redfoxlotto.com\/sk\/hraj\/superenalotto\/","og_site_name":"Get Tickets for the World\u2019s largest jackpots","article_modified_time":"2025-12-11T06:46:44+00:00","og_image":[{"url":"https:\/\/content.redfoxlotto.com\/uploads\/sites\/9\/1_play_superenalotto.jpg","type":"","width":"","height":""}],"twitter_card":"summary_large_image","twitter_misc":{"Predpokladan\u00fd \u010das \u010d\u00edtania":"2 min\u00faty"},"schema":{"@context":"https:\/\/schema.org","@graph":[{"@type":"WebPage","@id":"https:\/\/redfoxlotto.com\/sk\/hraj\/superenalotto\/","url":"https:\/\/redfoxlotto.com\/sk\/hraj\/superenalotto\/","name":"SuperEnalotto online","isPartOf":{"@id":"https:\/\/redfoxlotto.com\/sk\/#website"},"primaryImageOfPage":{"@id":"https:\/\/redfoxlotto.com\/sk\/hraj\/superenalotto\/#primaryimage"},"image":{"@id":"https:\/\/redfoxlotto.com\/sk\/hraj\/superenalotto\/#primaryimage"},"thumbnailUrl":"https:\/\/content.redfoxlotto.com\/uploads\/sites\/9\/1_play_superenalotto.jpg","datePublished":"2023-04-24T17:47:11+00:00","dateModified":"2025-12-11T06:46:44+00:00","description":"Teraz si m\u00f4\u017eete zahra\u0165 Superenalotto, dokonca aj ke\u010f ste mimo Talianska","breadcrumb":{"@id":"https:\/\/redfoxlotto.com\/sk\/hraj\/superenalotto\/#breadcrumb"},"inLanguage":"sk-SK","potentialAction":[{"@type":"ReadAction","target":["https:\/\/redfoxlotto.com\/sk\/hraj\/superenalotto\/"]}]},{"@type":"ImageObject","inLanguage":"sk-SK","@id":"https:\/\/redfoxlotto.com\/sk\/hraj\/superenalotto\/#primaryimage","url":"https:\/\/content.redfoxlotto.com\/uploads\/sites\/9\/1_play_superenalotto.jpg","contentUrl":"https:\/\/content.redfoxlotto.com\/uploads\/sites\/9\/1_play_superenalotto.jpg"},{"@type":"BreadcrumbList","@id":"https:\/\/redfoxlotto.com\/sk\/hraj\/superenalotto\/#breadcrumb","itemListElement":[{"@type":"ListItem","position":1,"name":"Home","item":"https:\/\/redfoxlotto.com\/sk\/"},{"@type":"ListItem","position":2,"name":"Ako hra\u0165 lot\u00e9rie z in\u00fdch kraj\u00edn","item":"https:\/\/redfoxlotto.com\/sk\/hraj\/"},{"@type":"ListItem","position":3,"name":"Ako hra\u0165 SuperEnalotto"}]},{"@type":"WebSite","@id":"https:\/\/redfoxlotto.com\/sk\/#website","url":"https:\/\/redfoxlotto.com\/sk\/","name":"Get Tickets for the World\u2019s largest jackpots","description":"Participate in worldwide lottery jackpots from any country","publisher":{"@id":"https:\/\/redfoxlotto.com\/sk\/#organization"},"potentialAction":[{"@type":"SearchAction","target":{"@type":"EntryPoint","urlTemplate":"https:\/\/redfoxlotto.com\/sk\/?s={search_term_string}"},"query-input":{"@type":"PropertyValueSpecification","valueRequired":true,"valueName":"search_term_string"}}],"inLanguage":"sk-SK"},{"@type":"Organization","@id":"https:\/\/redfoxlotto.com\/sk\/#organization","name":"Get Tickets for the World\u2019s largest jackpots","url":"https:\/\/redfoxlotto.com\/sk\/","logo":{"@type":"ImageObject","inLanguage":"sk-SK","@id":"https:\/\/redfoxlotto.com\/sk\/#\/schema\/logo\/image\/","url":"https:\/\/redfoxlotto.com\/wp-content\/uploads\/2023\/04\/logo.png","contentUrl":"https:\/\/redfoxlotto.com\/wp-content\/uploads\/2023\/04\/logo.png","width":269,"height":53,"caption":"Get Tickets for the World\u2019s largest jackpots"},"image":{"@id":"https:\/\/redfoxlotto.com\/sk\/#\/schema\/logo\/image\/"}}]}},"_links":{"self":[{"href":"https:\/\/redfoxlotto.com\/sk\/wp-json\/wp\/v2\/pages\/10276","targetHints":{"allow":["GET"]}}],"collection":[{"href":"https:\/\/redfoxlotto.com\/sk\/wp-json\/wp\/v2\/pages"}],"about":[{"href":"https:\/\/redfoxlotto.com\/sk\/wp-json\/wp\/v2\/types\/page"}],"author":[{"embeddable":true,"href":"https:\/\/redfoxlotto.com\/sk\/wp-json\/wp\/v2\/users\/1"}],"replies":[{"embeddable":true,"href":"https:\/\/redfoxlotto.com\/sk\/wp-json\/wp\/v2\/comments?post=10276"}],"version-history":[{"count":0,"href":"https:\/\/redfoxlotto.com\/sk\/wp-json\/wp\/v2\/pages\/10276\/revisions"}],"up":[{"embeddable":true,"href":"https:\/\/redfoxlotto.com\/sk\/wp-json\/wp\/v2\/pages\/10270"}],"wp:attachment":[{"href":"https:\/\/redfoxlotto.com\/sk\/wp-json\/wp\/v2\/media?parent=10276"}],"curies":[{"name":"wp","href":"https:\/\/api.w.org\/{rel}","templated":true}]}}