{"id":10273,"date":"2023-04-24T17:37:44","date_gmt":"2023-04-24T17:37:44","guid":{"rendered":"https:\/\/redfoxlotto.com\/?page_id=3387"},"modified":"2025-12-17T09:25:11","modified_gmt":"2025-12-17T09:25:11","slug":"mega-millions","status":"publish","type":"page","link":"https:\/\/redfoxlotto.com\/sk\/hraj\/mega-millions\/","title":{"rendered":"Hrajte Mega Millions zo Slovenska"},"content":{"rendered":"<p><script type=\"application\/ld+json\">\n{\n  \"@context\": \"https:\/\/schema.org\",\n  \"@type\": \"Service\",\n  \"name\": \"Hrajte Mega Millions online\",\n  \"url\": \"https:\/\/redfoxlotto.com\/sk\/hraj\/mega-millions\/\",\n  \"description\": \"Hrajte lot\u00e9riu Mega Millions online z akejko\u013evek krajiny. Nav\u0161t\u00edvte RedFoxLotto, vyberte \u010d\u00edsla a z\u00edskajte tikety.\",\n  \"serviceType\": \"Online sprostredkovate\u013esk\u00e1 slu\u017eba lot\u00e9riov\u00fdch tiketov\",\n  \"provider\": {\n    \"@type\": \"Organization\",\n    \"name\": \"RedFoxLotto\",\n    \"url\": \"https:\/\/redfoxlotto.com\/sk\/hraj\/mega-millions\/\",\n    \"image\": \"https:\/\/redfoxlotto.com\/wp-content\/uploads\/2025\/12\/ticket_scans.jpg\",\n    \"sameAs\": []\n  },\n  \"areaServed\": \"Worldwide\",\n  \"termsOfService\": \"https:\/\/redfoxlotto.com\/terms-and-conditions\",\n  \"additionalProperty\": {\n    \"@type\": \"PropertyValue\",\n    \"name\": \"FAQ\",\n    \"value\": \"https:\/\/redfoxlotto.com\/sk\/faq\/\"\n  },\n  \"hasOfferCatalog\": {\n    \"@type\": \"OfferCatalog\",\n    \"name\": \"Mega Millions lot\u00e9riov\u00e9 tikety\",\n    \"itemListElement\": [\n      {\n        \"@type\": \"Offer\",\n        \"name\": \"Mega Millions tikety\",\n        \"url\": \"https:\/\/redfoxlotto.com\/sk\/hraj\/mega-millions\/\",\n        \"description\": \"Vyberte si \u010d\u00edsla pre nasleduj\u00face \u017erebovanie Mega Millions a objednajte tikety online.\",\n        \"price\": \"13.00\",\n        \"priceCurrency\": \"EUR\",\n        \"availability\": \"https:\/\/schema.org\/InStock\",\n        \"itemOffered\": {\n          \"@type\": \"Service\",\n          \"name\": \"Mega Millions tikety\",\n          \"description\": \"Zahrajte si v nasleduj\u00facom \u017erebovan\u00ed Mega Millions cez RedFoxLotto.\"\n        }\n      }\n    ]\n  },\n  \"mainEntityOfPage\": {\n    \"@type\": \"WebPage\",\n    \"@id\": \"https:\/\/redfoxlotto.com\/sk\/hraj\/mega-millions\/\"\n  }\n}\n<\/script><\/p>\n<p><!--more--><\/p>\n<p>Nemus\u00edte cestova\u0165 do Spojen\u00fdch \u0160t\u00e1tov aby ste si zahrali US Mega Millions lot\u00e9riu. Mega Millions si m\u00f4\u017eete zahra\u0165 aj zo Slovenska. L\u00edstky v\u00e1m poskytneme cez na\u0161u online slu\u017ebu. M\u00f4\u017eete si ich objedna\u0165 na na\u0161ej str\u00e1nke. Jeden z na\u0161\u00edch agentov v Spojen\u00fdch \u0160t\u00e1toch k\u00fapi l\u00edstky (s \u010d\u00edslami ktor\u00e9 ste vybrali). Potom od n\u00e1s dostanete e-mail potvrdzuj\u00faci v\u00e1\u0161 n\u00e1kup. Postar\u00e1me sa tie\u017e o v\u00fdplatu va\u0161ich v\u00fdhier. Pros\u00edm pozrite si sekciu \u010casto kladen\u00fdch ot\u00e1zok (FAQ) pre viac inform\u00e1ci\u00ed o na\u0161ej slu\u017ebe.<\/p>\n<h2>Pravidl\u00e1 Lot\u00e9rie Mega Million<\/h2>\n<p><img loading=\"lazy\" decoding=\"async\" class=\"alignright  wp-image-5296\" src=\"https:\/\/content.redfoxlotto.com\/uploads\/sites\/9\/1_play_mega_millions_jackpot.jpg\" alt=\"mega millions online\" width=\"190\" height=\"190\" \/><br \/>\nHr\u00e1\u010d si vyberie p\u00e4\u0165 \u010d\u00edsel medzi 1 a 70, ako aj dodato\u010dn\u00e9 \u010d\u00edslo od 1 do 25. Aby ste vyhrali jackpot, v\u0161etk\u00fdch \u0161es\u0165 \u010d\u00edsel mus\u00ed by\u0165 vybran\u00fdch spr\u00e1vne. Za p\u00e4\u0165 spr\u00e1vnych hlavn\u00fdch \u010d\u00edsel je cena 1 mili\u00f3n USD.<\/p>\n<h2>Mega Millions Jackpot<\/h2>\n<p>Mega Millions Lot\u00e9ria je zn\u00e1ma pre svoj r\u00fdchlo sa zvy\u0161uj\u00face jackpoty. To je preto, \u017ee na jednej strane, stovky mili\u00f3nov l\u00edstkov je predan\u00fdch t\u00fd\u017ede\u0148 \u010do t\u00fd\u017ede\u0148 v Spojen\u00fdch \u0160t\u00e1toch. Ale jackpot \u010dastokr\u00e1t nepadne t\u00fd\u017edne. Jackpot v\u017edy za\u010d\u00edna na aspo\u0148 40 mili\u00f3noch USD. Zvy\u010dajne za\u010dne pomal\u0161ie, 10-15 mili\u00f3nov USD za losovanie (t\u00fd\u017edenne s\u00fa dva losovania).<\/p>\n<p>Ke\u010f nikto nevyhr\u00e1 hlavn\u00fa cenu, suma 100 mili\u00f3nov sa dosiahne ve\u013emi r\u00fdchlo. Ke\u010f u\u017e sa hranica prekro\u010d\u00ed, pred\u00e1va sa viac l\u00edstkov ne\u017e zvy\u010dajne preto\u017ee teraz si u\u017e ka\u017ed\u00fd chce zahra\u0165 lot\u00e9riu. Jackpot za\u010dne &#8222;exlodova\u0165&#8220;. Zv\u00fd\u0161enia z 200 mili\u00f3nov na 500 mili\u00f3nov v priebehu t\u00fd\u017ed\u0148a s\u00fa celkom norm\u00e1lne. A ak jackpot nepadol po\u010das 10 t\u00fd\u017ed\u0148ov, potom u\u017e prekro\u010d\u00ed a sumu 1 miliardy dol\u00e1rov, \u010do sa naposledy stalo 19.10.2018. Jackpot nakoniec vyhral jedin\u00fd v\u00fdherca 23.10.2018 kedy bola je v\u00fd\u0161ka 1.6 miliardy.<\/p>\n<p>Kedyko\u013evek je dosiahne jackpot zna\u010dn\u00fa sumu, bolo by m\u00fadre ak by ste si objednali l\u00edstok online sp\u00f4sob ktor\u00fdm by sa z\u00fa\u010dastnil viacer\u00fdch po sebe id\u00facich losovan\u00ed. Takt sa tie\u017e ubezpe\u010d\u00edte \u017ee ste v hre na \u010fal\u0161\u00ed, e\u0161te vy\u0161\u0161\u00ed jackpot.<\/p>\n<p>Je d\u00f4le\u017eit\u00e9 spomen\u00fa\u0165, \u017ee v\u00fdherca jackpotu si m\u00f4\u017ee vybra\u0165 medzi dvoma mo\u017enos\u0165ami. Bu\u010f si vyberie aby dostal cel\u00fa v 30 ro\u010dn\u00fdch v\u00fdplat\u00e1ch (s ro\u010dn\u00fdm 5% zv\u00fd\u0161en\u00edm prisp\u00f4soben\u00fdm infl\u00e1cii), alebo sa rozhodne obdr\u017ea\u0165 okam\u017eit\u00fa jednor\u00e1zov\u00fa platbu. T\u00e1to v\u00fdplata by bola ni\u017e\u0161ia ne\u017e je cel\u00e1 suma jackpotu.<\/p>\n<h2>Je t\u00e1to online slu\u017eba leg\u00e1lna pre hr\u00e1\u010dov zo Slovenska?<\/h2>\n<p><img loading=\"lazy\" decoding=\"async\" class=\"alignright  wp-image\" src=\"https:\/\/content.redfoxlotto.com\/uploads\/sites\/9\/2_ticket_mega_millions.jpg\" alt=\"hrajte zo Slovenska \" width=\"195\" height=\"211\" \/><br \/>\nJe to 100% leg\u00e1lne pre hr\u00e1\u010dov zo v\u0161etk\u00fdch \u0161t\u00e1tov, vr\u00e1tane Slovenska. V podstate, je to ako keby ste si k\u00fapovali l\u00edstok do Mega Millions po\u010das pobytu v Spojen\u00fdch \u0160t\u00e1toch. Nako\u013eko v Spojen\u00fdch \u0160t\u00e1toch lot\u00e9riov\u00e9 l\u00edstky m\u00f4\u017eu by\u0165 predan\u00e9 komuko\u013evek nad 18, cudzinci m\u00f4\u017ee leg\u00e1lne vyhra\u0165. V kone\u010dnom d\u00f4sledku, v\u0161etko na \u010dom z\u00e1le\u017e\u00ed je \u017ee m\u00e1te svoj l\u00edstok. Navy\u0161e, sa ubezpe\u010d\u00edme \u017ee dostanete zaplaten\u00e9 to \u010do ste vyhrali. Pri v\u00fd\u0161\u0161\u00edch v\u00fdhrach (viac ne\u017e 2 500 \u20ac) zvy\u010dajne dostanete \u0161ek alebo bankov\u00fd prevod.<\/p>\n<p>Hoci, v pr\u00edpade \u017ee vyhr\u00e1te jackpot, je mo\u017en\u00e9 \u017ee budete musie\u0165 cestova\u0165 do Spojen\u00fdch \u0160t\u00e1tov kde v\u00e1m \u0161ek bude odovzdan\u00fd osobne. Ur\u010dite by ste boli z toho v\u00fdletu \u0161\u0165astn\u00fd a vzru\u0161en\u00fd!<\/p>\n<p><strong>Je <a href=\"https:\/\/redfoxlotto.com\/sk\/aktualna-vyska-jackpotu-powerball-a-mega-millions\/\">\u010fal\u0161\u00ed Mega Millions jackpot<\/a> rezervovan\u00fd pre v\u00e1s? Sk\u00faste svoje \u0161\u0165astie teraz &#8211; nem\u00f4\u017eete vyhra\u0165 ak si nek\u00fapite l\u00edstok!<\/strong><\/p>\n","protected":false},"excerpt":{"rendered":"","protected":false},"author":1,"featured_media":0,"parent":10270,"menu_order":2,"comment_status":"closed","ping_status":"closed","template":"megamillion.php","meta":{"_et_pb_use_builder":"","_et_pb_old_content":"","_et_gb_content_width":"","exclude_from_search":false,"footnotes":""},"class_list":["post-10273","page","type-page","status-publish","hentry"],"yoast_head":"<!-- This site is optimized with the Yoast SEO plugin v23.8 - https:\/\/yoast.com\/wordpress\/plugins\/seo\/ -->\n<title>Hrajte Mega Millions online zo Slovenska<\/title>\n<meta name=\"description\" content=\"Objednajte si svoje Mega Millions l\u00edstky tu - zo Slovenska alebo ktor\u00e9jko\u013evek inej krajiny!\" \/>\n<meta name=\"robots\" content=\"index, follow, max-snippet:-1, max-image-preview:large, max-video-preview:-1\" \/>\n<link rel=\"canonical\" href=\"https:\/\/redfoxlotto.com\/sk\/hraj\/mega-millions\/\" \/>\n<meta property=\"og:locale\" content=\"sk_SK\" \/>\n<meta property=\"og:type\" content=\"article\" \/>\n<meta property=\"og:title\" content=\"Hrajte Mega Millions online zo Slovenska\" \/>\n<meta property=\"og:description\" content=\"Objednajte si svoje Mega Millions l\u00edstky tu - zo Slovenska alebo ktor\u00e9jko\u013evek inej krajiny!\" \/>\n<meta property=\"og:url\" content=\"https:\/\/redfoxlotto.com\/sk\/hraj\/mega-millions\/\" \/>\n<meta property=\"og:site_name\" content=\"Get Tickets for the World\u2019s largest jackpots\" \/>\n<meta property=\"article:modified_time\" content=\"2025-12-17T09:25:11+00:00\" \/>\n<meta property=\"og:image\" content=\"https:\/\/content.redfoxlotto.com\/uploads\/sites\/9\/1_play_mega_millions_jackpot.jpg\" \/>\n<meta name=\"twitter:card\" content=\"summary_large_image\" \/>\n<meta name=\"twitter:label1\" content=\"Predpokladan\u00fd \u010das \u010d\u00edtania\" \/>\n\t<meta name=\"twitter:data1\" content=\"3 min\u00faty\" \/>\n<script type=\"application\/ld+json\" class=\"yoast-schema-graph\">{\"@context\":\"https:\/\/schema.org\",\"@graph\":[{\"@type\":\"WebPage\",\"@id\":\"https:\/\/redfoxlotto.com\/sk\/hraj\/mega-millions\/\",\"url\":\"https:\/\/redfoxlotto.com\/sk\/hraj\/mega-millions\/\",\"name\":\"Hrajte Mega Millions online zo Slovenska\",\"isPartOf\":{\"@id\":\"https:\/\/redfoxlotto.com\/sk\/#website\"},\"primaryImageOfPage\":{\"@id\":\"https:\/\/redfoxlotto.com\/sk\/hraj\/mega-millions\/#primaryimage\"},\"image\":{\"@id\":\"https:\/\/redfoxlotto.com\/sk\/hraj\/mega-millions\/#primaryimage\"},\"thumbnailUrl\":\"https:\/\/content.redfoxlotto.com\/uploads\/sites\/9\/1_play_mega_millions_jackpot.jpg\",\"datePublished\":\"2023-04-24T17:37:44+00:00\",\"dateModified\":\"2025-12-17T09:25:11+00:00\",\"description\":\"Objednajte si svoje Mega Millions l\u00edstky tu - zo Slovenska alebo ktor\u00e9jko\u013evek inej krajiny!\",\"breadcrumb\":{\"@id\":\"https:\/\/redfoxlotto.com\/sk\/hraj\/mega-millions\/#breadcrumb\"},\"inLanguage\":\"sk-SK\",\"potentialAction\":[{\"@type\":\"ReadAction\",\"target\":[\"https:\/\/redfoxlotto.com\/sk\/hraj\/mega-millions\/\"]}]},{\"@type\":\"ImageObject\",\"inLanguage\":\"sk-SK\",\"@id\":\"https:\/\/redfoxlotto.com\/sk\/hraj\/mega-millions\/#primaryimage\",\"url\":\"https:\/\/content.redfoxlotto.com\/uploads\/sites\/9\/1_play_mega_millions_jackpot.jpg\",\"contentUrl\":\"https:\/\/content.redfoxlotto.com\/uploads\/sites\/9\/1_play_mega_millions_jackpot.jpg\"},{\"@type\":\"BreadcrumbList\",\"@id\":\"https:\/\/redfoxlotto.com\/sk\/hraj\/mega-millions\/#breadcrumb\",\"itemListElement\":[{\"@type\":\"ListItem\",\"position\":1,\"name\":\"Home\",\"item\":\"https:\/\/redfoxlotto.com\/sk\/\"},{\"@type\":\"ListItem\",\"position\":2,\"name\":\"Ako hra\u0165 lot\u00e9rie z in\u00fdch kraj\u00edn\",\"item\":\"https:\/\/redfoxlotto.com\/sk\/hraj\/\"},{\"@type\":\"ListItem\",\"position\":3,\"name\":\"Hrajte Mega Millions zo Slovenska\"}]},{\"@type\":\"WebSite\",\"@id\":\"https:\/\/redfoxlotto.com\/sk\/#website\",\"url\":\"https:\/\/redfoxlotto.com\/sk\/\",\"name\":\"Get Tickets for the World\u2019s largest jackpots\",\"description\":\"Participate in worldwide lottery jackpots from any country\",\"publisher\":{\"@id\":\"https:\/\/redfoxlotto.com\/sk\/#organization\"},\"potentialAction\":[{\"@type\":\"SearchAction\",\"target\":{\"@type\":\"EntryPoint\",\"urlTemplate\":\"https:\/\/redfoxlotto.com\/sk\/?s={search_term_string}\"},\"query-input\":{\"@type\":\"PropertyValueSpecification\",\"valueRequired\":true,\"valueName\":\"search_term_string\"}}],\"inLanguage\":\"sk-SK\"},{\"@type\":\"Organization\",\"@id\":\"https:\/\/redfoxlotto.com\/sk\/#organization\",\"name\":\"Get Tickets for the World\u2019s largest jackpots\",\"url\":\"https:\/\/redfoxlotto.com\/sk\/\",\"logo\":{\"@type\":\"ImageObject\",\"inLanguage\":\"sk-SK\",\"@id\":\"https:\/\/redfoxlotto.com\/sk\/#\/schema\/logo\/image\/\",\"url\":\"https:\/\/redfoxlotto.com\/wp-content\/uploads\/2023\/04\/logo.png\",\"contentUrl\":\"https:\/\/redfoxlotto.com\/wp-content\/uploads\/2023\/04\/logo.png\",\"width\":269,\"height\":53,\"caption\":\"Get Tickets for the World\u2019s largest jackpots\"},\"image\":{\"@id\":\"https:\/\/redfoxlotto.com\/sk\/#\/schema\/logo\/image\/\"}}]}<\/script>\n<!-- \/ Yoast SEO plugin. -->","yoast_head_json":{"title":"Hrajte Mega Millions online zo Slovenska","description":"Objednajte si svoje Mega Millions l\u00edstky tu - zo Slovenska alebo ktor\u00e9jko\u013evek inej krajiny!","robots":{"index":"index","follow":"follow","max-snippet":"max-snippet:-1","max-image-preview":"max-image-preview:large","max-video-preview":"max-video-preview:-1"},"canonical":"https:\/\/redfoxlotto.com\/sk\/hraj\/mega-millions\/","og_locale":"sk_SK","og_type":"article","og_title":"Hrajte Mega Millions online zo Slovenska","og_description":"Objednajte si svoje Mega Millions l\u00edstky tu - zo Slovenska alebo ktor\u00e9jko\u013evek inej krajiny!","og_url":"https:\/\/redfoxlotto.com\/sk\/hraj\/mega-millions\/","og_site_name":"Get Tickets for the World\u2019s largest jackpots","article_modified_time":"2025-12-17T09:25:11+00:00","og_image":[{"url":"https:\/\/content.redfoxlotto.com\/uploads\/sites\/9\/1_play_mega_millions_jackpot.jpg"}],"twitter_card":"summary_large_image","twitter_misc":{"Predpokladan\u00fd \u010das \u010d\u00edtania":"3 min\u00faty"},"schema":{"@context":"https:\/\/schema.org","@graph":[{"@type":"WebPage","@id":"https:\/\/redfoxlotto.com\/sk\/hraj\/mega-millions\/","url":"https:\/\/redfoxlotto.com\/sk\/hraj\/mega-millions\/","name":"Hrajte Mega Millions online zo Slovenska","isPartOf":{"@id":"https:\/\/redfoxlotto.com\/sk\/#website"},"primaryImageOfPage":{"@id":"https:\/\/redfoxlotto.com\/sk\/hraj\/mega-millions\/#primaryimage"},"image":{"@id":"https:\/\/redfoxlotto.com\/sk\/hraj\/mega-millions\/#primaryimage"},"thumbnailUrl":"https:\/\/content.redfoxlotto.com\/uploads\/sites\/9\/1_play_mega_millions_jackpot.jpg","datePublished":"2023-04-24T17:37:44+00:00","dateModified":"2025-12-17T09:25:11+00:00","description":"Objednajte si svoje Mega Millions l\u00edstky tu - zo Slovenska alebo ktor\u00e9jko\u013evek inej krajiny!","breadcrumb":{"@id":"https:\/\/redfoxlotto.com\/sk\/hraj\/mega-millions\/#breadcrumb"},"inLanguage":"sk-SK","potentialAction":[{"@type":"ReadAction","target":["https:\/\/redfoxlotto.com\/sk\/hraj\/mega-millions\/"]}]},{"@type":"ImageObject","inLanguage":"sk-SK","@id":"https:\/\/redfoxlotto.com\/sk\/hraj\/mega-millions\/#primaryimage","url":"https:\/\/content.redfoxlotto.com\/uploads\/sites\/9\/1_play_mega_millions_jackpot.jpg","contentUrl":"https:\/\/content.redfoxlotto.com\/uploads\/sites\/9\/1_play_mega_millions_jackpot.jpg"},{"@type":"BreadcrumbList","@id":"https:\/\/redfoxlotto.com\/sk\/hraj\/mega-millions\/#breadcrumb","itemListElement":[{"@type":"ListItem","position":1,"name":"Home","item":"https:\/\/redfoxlotto.com\/sk\/"},{"@type":"ListItem","position":2,"name":"Ako hra\u0165 lot\u00e9rie z in\u00fdch kraj\u00edn","item":"https:\/\/redfoxlotto.com\/sk\/hraj\/"},{"@type":"ListItem","position":3,"name":"Hrajte Mega Millions zo Slovenska"}]},{"@type":"WebSite","@id":"https:\/\/redfoxlotto.com\/sk\/#website","url":"https:\/\/redfoxlotto.com\/sk\/","name":"Get Tickets for the World\u2019s largest jackpots","description":"Participate in worldwide lottery jackpots from any country","publisher":{"@id":"https:\/\/redfoxlotto.com\/sk\/#organization"},"potentialAction":[{"@type":"SearchAction","target":{"@type":"EntryPoint","urlTemplate":"https:\/\/redfoxlotto.com\/sk\/?s={search_term_string}"},"query-input":{"@type":"PropertyValueSpecification","valueRequired":true,"valueName":"search_term_string"}}],"inLanguage":"sk-SK"},{"@type":"Organization","@id":"https:\/\/redfoxlotto.com\/sk\/#organization","name":"Get Tickets for the World\u2019s largest jackpots","url":"https:\/\/redfoxlotto.com\/sk\/","logo":{"@type":"ImageObject","inLanguage":"sk-SK","@id":"https:\/\/redfoxlotto.com\/sk\/#\/schema\/logo\/image\/","url":"https:\/\/redfoxlotto.com\/wp-content\/uploads\/2023\/04\/logo.png","contentUrl":"https:\/\/redfoxlotto.com\/wp-content\/uploads\/2023\/04\/logo.png","width":269,"height":53,"caption":"Get Tickets for the World\u2019s largest jackpots"},"image":{"@id":"https:\/\/redfoxlotto.com\/sk\/#\/schema\/logo\/image\/"}}]}},"_links":{"self":[{"href":"https:\/\/redfoxlotto.com\/sk\/wp-json\/wp\/v2\/pages\/10273","targetHints":{"allow":["GET"]}}],"collection":[{"href":"https:\/\/redfoxlotto.com\/sk\/wp-json\/wp\/v2\/pages"}],"about":[{"href":"https:\/\/redfoxlotto.com\/sk\/wp-json\/wp\/v2\/types\/page"}],"author":[{"embeddable":true,"href":"https:\/\/redfoxlotto.com\/sk\/wp-json\/wp\/v2\/users\/1"}],"replies":[{"embeddable":true,"href":"https:\/\/redfoxlotto.com\/sk\/wp-json\/wp\/v2\/comments?post=10273"}],"version-history":[{"count":0,"href":"https:\/\/redfoxlotto.com\/sk\/wp-json\/wp\/v2\/pages\/10273\/revisions"}],"up":[{"embeddable":true,"href":"https:\/\/redfoxlotto.com\/sk\/wp-json\/wp\/v2\/pages\/10270"}],"wp:attachment":[{"href":"https:\/\/redfoxlotto.com\/sk\/wp-json\/wp\/v2\/media?parent=10273"}],"curies":[{"name":"wp","href":"https:\/\/api.w.org\/{rel}","templated":true}]}}