{"id":10272,"date":"2022-10-26T09:30:02","date_gmt":"2022-10-26T09:30:02","guid":{"rendered":"https:\/\/redfoxlotto.com\/?page_id=3385"},"modified":"2025-12-17T08:14:02","modified_gmt":"2025-12-17T08:14:02","slug":"euromillions","status":"publish","type":"page","link":"https:\/\/redfoxlotto.com\/sk\/hraj\/euromillions\/","title":{"rendered":"Ako hra\u0165 Euromili\u00f3ny zo Slovenska"},"content":{"rendered":"<p><script type=\"application\/ld+json\">\n{\n  \"@context\": \"https:\/\/schema.org\",\n  \"@type\": \"Service\",\n  \"name\": \"Hrajte Euromillions Online\",\n  \"url\": \"https:\/\/redfoxlotto.com\/sk\/hraj\/euromillions\/\",\n  \"description\": \"Hrajte lot\u00e9riu Euromillions online z akejko\u013evek krajiny. Nav\u0161t\u00edvte RedFoxLotto, vyberte si svoje \u010d\u00edsla a z\u00edskajte svoje l\u00edstky.\",\n  \"serviceType\": \"Online lottery ticket messenger service\",\n  \"provider\": {\n    \"@type\": \"Organization\",\n    \"name\": \"RedFoxLotto\",\n    \"url\": \"https:\/\/redfoxlotto.com\/sk\/\",\n    \"image\": \"https:\/\/redfoxlotto.com\/wp-content\/uploads\/2025\/12\/ticket_scans.jpg\",\n    \"sameAs\": []\n  },\n  \"areaServed\": \"Worldwide\",\n  \"termsOfService\": \"https:\/\/redfoxlotto.com\/terms-and-conditions\",\n  \"additionalProperty\": {\n    \"@type\": \"PropertyValue\",\n    \"name\": \"FAQ\",\n    \"value\": \"https:\/\/redfoxlotto.com\/sk\/faq\/\"\n  },\n  \"hasOfferCatalog\": {\n    \"@type\": \"OfferCatalog\",\n    \"name\": \"Euromillions Lottov\u00e9 L\u00edstky\",\n    \"itemListElement\": [\n      {\n        \"@type\": \"Offer\",\n        \"name\": \"Euromillions L\u00edstky\",\n        \"url\": \"https:\/\/redfoxlotto.com\/sk\/hraj\/euromillions\/\",\n        \"description\": \"Kliknite sem a vyberte si svoje \u010d\u00edsla pre \u010fal\u0161ie losovanie Euromillions \u2013 objednajte si l\u00edstky online.\",\n        \"price\": \"7.00\",\n        \"priceCurrency\": \"EUR\",\n        \"availability\": \"https:\/\/schema.org\/InStock\",\n        \"itemOffered\": {\n          \"@type\": \"Service\",\n          \"name\": \"Euromillions Lottov\u00e9 L\u00edstky\",\n          \"description\": \"Hrajte v \u010fal\u0161om losovan\u00ed Euromillions cez RedFoxLotto.\"\n        }\n      }\n    ]\n  },\n  \"mainEntityOfPage\": {\n    \"@type\": \"WebPage\",\n    \"@id\": \"https:\/\/redfoxlotto.com\/sk\/hraj\/euromillions\/\"\n  }\n}\n<\/script><\/p>\n<p>Po\u010duli ste u\u017e niekedy o hre EuroMillions? Ak \u017eijete v niektorej z eur\u00f3pskych kraj\u00edn, ur\u010dite \u00e1no. Ak v\u0161ak \u017eijete na Slovensku, mo\u017eno nie. Po\u010fme sa teda trochu bli\u017e\u0161ie pozrie\u0165 na to, ako hra\u0165 EuroMillions online, v\u0161ak?<\/p>\n<p>EuroMillions je medzin\u00e1rodn\u00e1 lot\u00e9ria, ktor\u00fa m\u00f4\u017eete hra\u0165 v deviatich eur\u00f3pskych krajin\u00e1ch. To znamen\u00e1, \u017ee u\u017e mo\u017eno \u017eijete v krajine, v ktorej si m\u00f4\u017eete k\u00fapi\u0165 tiket. L\u00edstky do lot\u00e9rie EuroMillions v\u0161ak nie je mo\u017en\u00e9 k\u00fapi\u0165 v obchodoch v in\u00fdch krajin\u00e1ch, a to vr\u00e1tane Slovenska.<\/p>\n<p>Teraz s t\u00fdm ur\u010dite budete chcie\u0165 nie\u010do urobi\u0165, preto\u017ee okrem Eurojackpotu je EuroMillions najv\u00e4\u010d\u0161ou lot\u00e9riou v Eur\u00f3pe. T\u00e1to lot\u00e9ria bola zalo\u017een\u00e1 v roku 2004 a doteraz rekordn\u00fd jackpot predstavuje 190 mili\u00f3nov eur. V okt\u00f3bri 2014 ho vyhral jeden nezn\u00e1my hr\u00e1\u010d. To je ur\u010dite nie\u010do, na \u010do budete chcie\u0165 ma\u0165 aspo\u0148 \u0161ancu, v\u0161ak?<img loading=\"lazy\" decoding=\"async\" class=\"wp-image-4203 alignright\" src=\"https:\/\/content.redfoxlotto.com\/uploads\/sites\/9\/2_ticket_euromillions.jpg\" alt=\"euromillions online\" width=\"156\" height=\"416\" \/><\/p>\n<p>Chcete ma\u0165 mo\u017enos\u0165 poveda\u0165, \u017ee ste takmer vyhrali EuroMillions? Nu\u017e, pr\u00e1ve preto budete musie\u0165 o ich tiketoch vedie\u0165 viac.<\/p>\n<p>Losovania lot\u00e9rie EuroMillions sa konaj\u00fa v Par\u00ed\u017ei v utorok a piatok. Aby ste vyhrali jackpot, mus\u00ed by\u0165 na tikete spr\u00e1vne zobrazen\u00fdch 5 \u010d\u00edsel od 1 do 50, ako aj &#8222;\u0161\u0165astn\u00e1 hviezda&#8220;, \u010d\u00edslo od 1 do 12. Samozrejme, existuj\u00fa aj \u010fal\u0161ie v\u00fdhern\u00e9 \u00farovne. Na z\u00edskanie najmen\u0161ej v\u00fdhry mus\u00edte spr\u00e1vne za\u0161krtn\u00fa\u0165 2 z 5 hlavn\u00fdch \u010d\u00edsel.<\/p>\n<p>To v\u0161etko znamen\u00e1, \u017ee budete ma\u0165 naozaj ve\u013ek\u00fa \u0161ancu nie\u010do vyhra\u0165, preto\u017ee na z\u00edskanie v\u00fdhry sta\u010d\u00ed, aby ste trafili 2 \u010d\u00edsla. A ke\u010f vyhr\u00e1te aj men\u0161iu v\u00fdhru, budete ma\u0165 peniaze, ktor\u00e9 potrebujete na zak\u00fapenie nov\u00e9ho tiketu a na \u010fal\u0161\u00ed pokus o \u017erebovanie.<\/p>\n<h2>Ako funguje online n\u00e1kup tiketov zo Slovenska?<\/h2>\n<p>Ak si chcete k\u00fapi\u0165 tikety a hra\u0165 EuroMillions online zo Slovenska, sta\u010d\u00ed na na\u0161ej webovej str\u00e1nke klikn\u00fa\u0165 na EuroMillions. Odtia\u013e v\u00e1s priamo prevedieme jednotliv\u00fdmi krokmi, \u010do mus\u00edte urobi\u0165, aby ste z\u00edskali tento tiket. Vyberiete si \u010d\u00edsla, ak\u00e9ko\u013evek chcete (pokia\u013e vyhovuj\u00fa pravidl\u00e1m). K dispoz\u00edcii je aj funkcia &#8222;R\u00fdchly v\u00fdber&#8220;.<\/p>\n<p>Jedn\u00fdm kliknut\u00edm my\u0161i m\u00f4\u017eete necha\u0165 gener\u00e1tor n\u00e1hodn\u00fdch \u010d\u00edsel ur\u010di\u0165 va\u0161e \u010d\u00edsla. Ak chcete, m\u00f4\u017eete vybran\u00e9 \u010d\u00edsla e\u0161te ru\u010dne zmeni\u0165, aby ste z\u00edskali kombin\u00e1ciu vlastn\u00fdch vybran\u00fdch \u010d\u00edsel a \u010d\u00edsel, ktor\u00e9 boli n\u00e1hodne vybran\u00e9 za v\u00e1s. Potom do ko\u0161\u00edka pridajte \u013eubovo\u013en\u00fd po\u010det tiketov, aby ste ich mohli zak\u00fapi\u0165.<\/p>\n<p>Ak si \u017eel\u00e1te, m\u00f4\u017eete do objedn\u00e1vky prida\u0165 \u010fal\u0161ie l\u00edstky. Va\u0161a objedn\u00e1vka m\u00f4\u017ee dokonca obsahova\u0165 aj tikety do in\u00fdch lot\u00e9ri\u00ed. Mnoh\u00ed na\u0161i klienti hraj\u00fa nieko\u013eko medzin\u00e1rodn\u00fdch lot\u00e9ri\u00ed s\u00fa\u010dasne. V\u00e4\u010d\u0161ina \u013eud\u00ed si vyber\u00e1 svoje lot\u00e9rie pod\u013ea aktu\u00e1lnej v\u00fd\u0161ky jackpotu, a pr\u00e1ve tu pravdepodobne n\u00e1jdete aj EuroMillions. Tento jackpot si rozhodne zvy\u010dajne vedie ve\u013emi dobre a je to jeden z t\u00fdch, ktor\u00e9 budete chcie\u0165 vidie\u0165 na vlastn\u00e9 o\u010di (a zapoji\u0165 sa do hry).<\/p>\n<p>Potom pod\u013ea pokynov na na\u0161ej webovej str\u00e1nke dokon\u010dite n\u00e1kup a zapla\u0165te online. L\u00edstok m\u00f4\u017eete ma\u0165 u\u017e za nieko\u013eko min\u00fat, aj ke\u010f u n\u00e1s e\u0161te nem\u00e1te \u00fa\u010det. U n\u00e1s je to naozaj tak\u00e9 jednoduch\u00e9.<\/p>\n<h2>V\u00fdhody hrania medzin\u00e1rodn\u00fdch lot\u00e9ri\u00ed, ako s\u00fa Euromili\u00f3ny, online<\/h2>\n<p>Odhliadnuc od pohodlia je tu jedna z hlavn\u00fdch v\u00fdhod hrania medzin\u00e1rodn\u00fdch lot\u00e9riov\u00fdch jackpotov. Svoje peniaze na lot\u00e9rie m\u00f4\u017eete vyu\u017ei\u0165 v\u00fdhodnej\u0161ie, ak si k\u00fapite iba tikety t\u00fdch lot\u00e9ri\u00ed, ktor\u00fdch jackpoty s\u00fa v s\u00fa\u010dasnosti dostato\u010dne vysok\u00e9. Nemus\u00edte \u010daka\u0165 cel\u00e9 t\u00fd\u017edne, k\u00fdm bude jackpot n\u00e1rodnej lot\u00e9rie vo va\u0161ej krajine dostato\u010dne vysok\u00fd. V podstate kedyko\u013evek si m\u00f4\u017eete vybra\u0165 ove\u013ea vy\u0161\u0161\u00ed jackpot online. V skuto\u010dnosti v\u00e4\u010d\u0161ina kraj\u00edn sveta m\u00e1 lot\u00e9rie, ktor\u00e9 nikdy nedosiahnu jackpot, ktor\u00fd by mal \u010do i len zlomok toho, \u010do maj\u00fa najv\u00e4\u010d\u0161ie svetov\u00e9 lot\u00e9rie.<\/p>\n<p>Pre t\u00fdch, ktor\u00ed naozaj chc\u00fa ma\u0165 \u0161ancu na niektor\u00fa z najv\u00e4\u010d\u0161\u00edch v\u00fdhier, ktor\u00e9 s\u00fa ur\u010dite tou najlep\u0161ou \u010das\u0165ou zo v\u0161etk\u00fdch. Chcete ma\u0165 \u0161ancu na mili\u00f3ny a nie len na niektor\u00e9 z mal\u00fdch s\u00fam, na ktor\u00fdch za\u010d\u00ednaj\u00fa lot\u00e9rie na Slovensku. Iste, je pr\u00edjemn\u00e9 vyhra\u0165. Ale e\u0161te pr\u00edjemnej\u0161ie bude vyhra\u0165, ak z\u00edskate nie\u010do, \u010do v\u00e1m naozaj zmen\u00ed \u017eivot, namiesto toho, aby ste vyhrali nie\u010do, \u010do v\u00e1m len k\u00fapi ten \u010fal\u0161\u00ed l\u00edstok, ktor\u00fd chcete.<\/p>\n<p>Vzh\u013eadom na to, \u017ee sa \u017erebuje dvakr\u00e1t t\u00fd\u017edenne, jackpot EuroMillions sa zvy\u0161uje pomerne r\u00fdchlo. Z tohto d\u00f4vodu m\u00f4\u017eete zv\u00e1\u017ei\u0165 aktiv\u00e1ciu mo\u017enosti, aby sa va\u0161e tikety z\u00fa\u010dastnili nieko\u013ek\u00fdch po sebe nasleduj\u00facich \u017erebovan\u00ed. M\u00f4\u017eete to urobi\u0165 po\u010das procesu n\u00e1kupu online.<img loading=\"lazy\" decoding=\"async\" class=\"alignright size-full wp-image-4215\" src=\"https:\/\/content.redfoxlotto.com\/uploads\/sites\/9\/1_play_onlinelottery4.jpg\" alt=\"hra\u0165 online\" width=\"231\" height=\"130\" \/><\/p>\n<p>T\u00fato mo\u017enos\u0165 m\u00e1te k dispoz\u00edcii e\u0161te pred dokon\u010den\u00edm objedn\u00e1vky. V\u017edy tak zostanete v hre o \u010fal\u0161\u00ed najvy\u0161\u0161\u00ed jackpot v nasleduj\u00facom \u017erebovan\u00ed. V nasleduj\u00facom \u017erebovan\u00ed nemus\u00ed by\u0165 v\u00fdherca hlavnej ceny, ale mo\u017eno pr\u00e1ve v tom nasleduj\u00facom budete ma\u0165 \u0161\u0165astie.<\/p>\n<p>Ak si zak\u00fapite \u010fal\u0161ie \u017ereby na jeden tiket, znamen\u00e1 to tie\u017e, \u017ee sa o z\u00edskanie \u010fal\u0161\u00edch tiketov nemus\u00edte stara\u0165 o nie\u010do dlh\u0161ie. M\u00f4\u017eete len \u010daka\u0165, \u010do urob\u00ed v\u00e1\u0161 aktu\u00e1lny tiket a uvid\u00edte, ako v\u00e1m prinesie ve\u013ek\u00fa v\u00fdhru. Je to ve\u013emi jednoduch\u00e9 a budete ma\u0165 viac ne\u017e rados\u0165, ke\u010f uvid\u00edte mo\u017en\u00fa v\u00fdhru.<\/p>\n<p>Hr\u00e1\u010di platia o nie\u010do viac, preto\u017ee tikety EuroMillions sa kupuj\u00fa v Spojenom kr\u00e1\u013eovstve. D\u00f4vodom je skuto\u010dnos\u0165, \u017ee tikety v Spojenom kr\u00e1\u013eovstve s\u00fa automaticky zaraden\u00e9 do \u017erebovania Millionaire Maker, ktor\u00e9 poskytuje \u010fal\u0161iu pr\u00edle\u017eitos\u0165 vyhra\u0165 odmenu vo v\u00fd\u0161ke 1 mili\u00f3n libier.<\/p>\n<p>Millionaire Maker funguje tak, \u017ee pre ka\u017ed\u00fd zak\u00fapen\u00fd tiket vygeneruje jedine\u010dn\u00fd k\u00f3d. Tento k\u00f3d pozost\u00e1va zo \u0161tyroch p\u00edsmen a piatich \u010d\u00edsel (napr. ABCD12345). V ka\u017edom \u017erebovan\u00ed sa n\u00e1hodne vyberie jeden alebo viac t\u00fdchto k\u00f3dov a majite\u013e tiketu so zhodn\u00fdm k\u00f3dom okam\u017eite vyhr\u00e1 1 mili\u00f3n libier bez oh\u013eadu na hlavn\u00e9 vy\u017erebovan\u00e9 \u010d\u00edsla EuroMillions.<\/p>\n<p>V\u010faka tejto funkcii je hranie EuroMillions v Spojenom kr\u00e1\u013eovstve mimoriadne atrakt\u00edvne, preto\u017ee poskytuje dodato\u010dn\u00fa pr\u00edle\u017eitos\u0165 vyhra\u0165 v\u00fdznamn\u00fa v\u00fdhru nad r\u00e1mec \u0161tandardn\u00e9ho jackpotu a odmien ni\u017e\u0161ej \u00farovne.<\/p>\n<p>Ak v\u00e1s teda jackpot vo va\u0161ej miestnej lot\u00e9rii na Slovensku pr\u00e1ve teraz nel\u00e1ka, pre\u010do nesk\u00fasi\u0165 \u0161\u0165astie a zahra\u0165 si Euromili\u00f3ny online? Nikdy neviete, o \u010do m\u00f4\u017eete s\u00fa\u0165a\u017ei\u0165 alebo \u010do m\u00f4\u017eete vyhra\u0165. A cel\u00fd proces je mimoriadne jednoduch\u00fd na za\u010datie. \u010co m\u00f4\u017eete strati\u0165 t\u00fdm, \u017ee vysk\u00fa\u0161ate \u00faplne nov\u00fa hru s jackpotom viac ako 100 mili\u00f3nov? Absol\u00fatne ni\u010d! A v najbli\u017e\u0161om \u017erebovan\u00ed m\u00f4\u017eete vyhra\u0165 nie\u010do obrovsk\u00e9.<\/p>\n<section class=\"layout\" style=\"border: solid 1px; width: 100%;\">\n<div class=\"img-div\" style=\"margin-top: 5px;\"><img decoding=\"async\" class=\"wp-image-17212 alignleft\" style=\"height: 45px; margin: 8px 8px 0px;\" src=\"https:\/\/redfoxlotto.com\/wp-content\/uploads\/sites\/9\/read1.jpg\" alt=\"K\u00fapi\u0165 lot\u00e9riu online\" width=\"\" height=\"\" \/><\/div>\n<div style=\"padding-left: 5px;\">\n<div style=\"font-size: 1.1em;\">\n<p><strong>Najv\u00e4\u010d\u0161ie lot\u00e9riov\u00e9 jackpoty, ktor\u00e9 sa zap\u00edsali do hist\u00f3rie<\/strong><\/p>\n<p style=\"font-size: 0.8em; margin-top: -1.5em;\">Spoznajte niektor\u00e9 z najv\u00e4\u010d\u0161\u00edch lot\u00e9riov\u00fdch v\u00fdhier v hist\u00f3rii, ktor\u00e9 zo d\u0148a na de\u0148 zmenili \u017eivot v\u00fdhercov. <a href=\"https:\/\/redfoxlotto.com\/sk\/largest-lottery-jackpots\/\">Pre\u010d\u00edtajte si viac<\/a><\/p>\n<\/div>\n<\/div>\n<\/section>\n","protected":false},"excerpt":{"rendered":"<p>Po\u010duli ste u\u017e niekedy o hre EuroMillions? Ak \u017eijete v niektorej z eur\u00f3pskych kraj\u00edn, ur\u010dite \u00e1no. Ak v\u0161ak \u017eijete na Slovensku, mo\u017eno nie. Po\u010fme sa teda trochu bli\u017e\u0161ie pozrie\u0165 na to, ako hra\u0165 EuroMillions online, v\u0161ak? EuroMillions je medzin\u00e1rodn\u00e1 lot\u00e9ria, ktor\u00fa m\u00f4\u017eete hra\u0165 v deviatich eur\u00f3pskych krajin\u00e1ch. To znamen\u00e1, \u017ee u\u017e mo\u017eno \u017eijete v krajine, [&hellip;]<\/p>\n","protected":false},"author":1,"featured_media":0,"parent":10270,"menu_order":3,"comment_status":"closed","ping_status":"closed","template":"euromillions.php","meta":{"_et_pb_use_builder":"","_et_pb_old_content":"","_et_gb_content_width":"","exclude_from_search":false,"footnotes":""},"class_list":["post-10272","page","type-page","status-publish","hentry"],"yoast_head":"<!-- This site is optimized with the Yoast SEO plugin v23.8 - https:\/\/yoast.com\/wordpress\/plugins\/seo\/ -->\n<title>Hrajte Euromillions online zo Slovenska | Najv\u00e4\u010d\u0161ia lot\u00e9ria v Eur\u00f3pe<\/title>\n<meta name=\"description\" content=\"Fan\u00fa\u0161ikovia Lotto zo Slovenska m\u00f4\u017eu hra\u0165 Euromili\u00f3ny online u\u017e teraz - pozrite si na\u0161u slu\u017ebu pre Euromili\u00f3ny\" \/>\n<meta name=\"robots\" content=\"index, follow, max-snippet:-1, max-image-preview:large, max-video-preview:-1\" \/>\n<link rel=\"canonical\" href=\"https:\/\/redfoxlotto.com\/sk\/hraj\/euromillions\/\" \/>\n<meta property=\"og:locale\" content=\"sk_SK\" \/>\n<meta property=\"og:type\" content=\"article\" \/>\n<meta property=\"og:title\" content=\"Hrajte Euromillions online zo Slovenska | Najv\u00e4\u010d\u0161ia lot\u00e9ria v Eur\u00f3pe\" \/>\n<meta property=\"og:description\" content=\"Fan\u00fa\u0161ikovia Lotto zo Slovenska m\u00f4\u017eu hra\u0165 Euromili\u00f3ny online u\u017e teraz - pozrite si na\u0161u slu\u017ebu pre Euromili\u00f3ny\" \/>\n<meta property=\"og:url\" content=\"https:\/\/redfoxlotto.com\/sk\/hraj\/euromillions\/\" \/>\n<meta property=\"og:site_name\" content=\"Get Tickets for the World\u2019s largest jackpots\" \/>\n<meta property=\"article:modified_time\" content=\"2025-12-17T08:14:02+00:00\" \/>\n<meta property=\"og:image\" content=\"https:\/\/content.redfoxlotto.com\/uploads\/sites\/9\/2_ticket_euromillions.jpg\" \/>\n<meta name=\"twitter:card\" content=\"summary_large_image\" \/>\n<meta name=\"twitter:label1\" content=\"Predpokladan\u00fd \u010das \u010d\u00edtania\" \/>\n\t<meta name=\"twitter:data1\" content=\"5 min\u00fat\" \/>\n<script type=\"application\/ld+json\" class=\"yoast-schema-graph\">{\"@context\":\"https:\/\/schema.org\",\"@graph\":[{\"@type\":\"WebPage\",\"@id\":\"https:\/\/redfoxlotto.com\/sk\/hraj\/euromillions\/\",\"url\":\"https:\/\/redfoxlotto.com\/sk\/hraj\/euromillions\/\",\"name\":\"Hrajte Euromillions online zo Slovenska | Najv\u00e4\u010d\u0161ia lot\u00e9ria v Eur\u00f3pe\",\"isPartOf\":{\"@id\":\"https:\/\/redfoxlotto.com\/sk\/#website\"},\"primaryImageOfPage\":{\"@id\":\"https:\/\/redfoxlotto.com\/sk\/hraj\/euromillions\/#primaryimage\"},\"image\":{\"@id\":\"https:\/\/redfoxlotto.com\/sk\/hraj\/euromillions\/#primaryimage\"},\"thumbnailUrl\":\"https:\/\/content.redfoxlotto.com\/uploads\/sites\/9\/2_ticket_euromillions.jpg\",\"datePublished\":\"2022-10-26T09:30:02+00:00\",\"dateModified\":\"2025-12-17T08:14:02+00:00\",\"description\":\"Fan\u00fa\u0161ikovia Lotto zo Slovenska m\u00f4\u017eu hra\u0165 Euromili\u00f3ny online u\u017e teraz - pozrite si na\u0161u slu\u017ebu pre Euromili\u00f3ny\",\"breadcrumb\":{\"@id\":\"https:\/\/redfoxlotto.com\/sk\/hraj\/euromillions\/#breadcrumb\"},\"inLanguage\":\"sk-SK\",\"potentialAction\":[{\"@type\":\"ReadAction\",\"target\":[\"https:\/\/redfoxlotto.com\/sk\/hraj\/euromillions\/\"]}]},{\"@type\":\"ImageObject\",\"inLanguage\":\"sk-SK\",\"@id\":\"https:\/\/redfoxlotto.com\/sk\/hraj\/euromillions\/#primaryimage\",\"url\":\"https:\/\/content.redfoxlotto.com\/uploads\/sites\/9\/2_ticket_euromillions.jpg\",\"contentUrl\":\"https:\/\/content.redfoxlotto.com\/uploads\/sites\/9\/2_ticket_euromillions.jpg\"},{\"@type\":\"BreadcrumbList\",\"@id\":\"https:\/\/redfoxlotto.com\/sk\/hraj\/euromillions\/#breadcrumb\",\"itemListElement\":[{\"@type\":\"ListItem\",\"position\":1,\"name\":\"Home\",\"item\":\"https:\/\/redfoxlotto.com\/sk\/\"},{\"@type\":\"ListItem\",\"position\":2,\"name\":\"Ako hra\u0165 lot\u00e9rie z in\u00fdch kraj\u00edn\",\"item\":\"https:\/\/redfoxlotto.com\/sk\/hraj\/\"},{\"@type\":\"ListItem\",\"position\":3,\"name\":\"Ako hra\u0165 Euromili\u00f3ny zo Slovenska\"}]},{\"@type\":\"WebSite\",\"@id\":\"https:\/\/redfoxlotto.com\/sk\/#website\",\"url\":\"https:\/\/redfoxlotto.com\/sk\/\",\"name\":\"Get Tickets for the World\u2019s largest jackpots\",\"description\":\"Participate in worldwide lottery jackpots from any country\",\"publisher\":{\"@id\":\"https:\/\/redfoxlotto.com\/sk\/#organization\"},\"potentialAction\":[{\"@type\":\"SearchAction\",\"target\":{\"@type\":\"EntryPoint\",\"urlTemplate\":\"https:\/\/redfoxlotto.com\/sk\/?s={search_term_string}\"},\"query-input\":{\"@type\":\"PropertyValueSpecification\",\"valueRequired\":true,\"valueName\":\"search_term_string\"}}],\"inLanguage\":\"sk-SK\"},{\"@type\":\"Organization\",\"@id\":\"https:\/\/redfoxlotto.com\/sk\/#organization\",\"name\":\"Get Tickets for the World\u2019s largest jackpots\",\"url\":\"https:\/\/redfoxlotto.com\/sk\/\",\"logo\":{\"@type\":\"ImageObject\",\"inLanguage\":\"sk-SK\",\"@id\":\"https:\/\/redfoxlotto.com\/sk\/#\/schema\/logo\/image\/\",\"url\":\"https:\/\/redfoxlotto.com\/wp-content\/uploads\/2023\/04\/logo.png\",\"contentUrl\":\"https:\/\/redfoxlotto.com\/wp-content\/uploads\/2023\/04\/logo.png\",\"width\":269,\"height\":53,\"caption\":\"Get Tickets for the World\u2019s largest jackpots\"},\"image\":{\"@id\":\"https:\/\/redfoxlotto.com\/sk\/#\/schema\/logo\/image\/\"}}]}<\/script>\n<!-- \/ Yoast SEO plugin. -->","yoast_head_json":{"title":"Hrajte Euromillions online zo Slovenska | Najv\u00e4\u010d\u0161ia lot\u00e9ria v Eur\u00f3pe","description":"Fan\u00fa\u0161ikovia Lotto zo Slovenska m\u00f4\u017eu hra\u0165 Euromili\u00f3ny online u\u017e teraz - pozrite si na\u0161u slu\u017ebu pre Euromili\u00f3ny","robots":{"index":"index","follow":"follow","max-snippet":"max-snippet:-1","max-image-preview":"max-image-preview:large","max-video-preview":"max-video-preview:-1"},"canonical":"https:\/\/redfoxlotto.com\/sk\/hraj\/euromillions\/","og_locale":"sk_SK","og_type":"article","og_title":"Hrajte Euromillions online zo Slovenska | Najv\u00e4\u010d\u0161ia lot\u00e9ria v Eur\u00f3pe","og_description":"Fan\u00fa\u0161ikovia Lotto zo Slovenska m\u00f4\u017eu hra\u0165 Euromili\u00f3ny online u\u017e teraz - pozrite si na\u0161u slu\u017ebu pre Euromili\u00f3ny","og_url":"https:\/\/redfoxlotto.com\/sk\/hraj\/euromillions\/","og_site_name":"Get Tickets for the World\u2019s largest jackpots","article_modified_time":"2025-12-17T08:14:02+00:00","og_image":[{"url":"https:\/\/content.redfoxlotto.com\/uploads\/sites\/9\/2_ticket_euromillions.jpg"}],"twitter_card":"summary_large_image","twitter_misc":{"Predpokladan\u00fd \u010das \u010d\u00edtania":"5 min\u00fat"},"schema":{"@context":"https:\/\/schema.org","@graph":[{"@type":"WebPage","@id":"https:\/\/redfoxlotto.com\/sk\/hraj\/euromillions\/","url":"https:\/\/redfoxlotto.com\/sk\/hraj\/euromillions\/","name":"Hrajte Euromillions online zo Slovenska | Najv\u00e4\u010d\u0161ia lot\u00e9ria v Eur\u00f3pe","isPartOf":{"@id":"https:\/\/redfoxlotto.com\/sk\/#website"},"primaryImageOfPage":{"@id":"https:\/\/redfoxlotto.com\/sk\/hraj\/euromillions\/#primaryimage"},"image":{"@id":"https:\/\/redfoxlotto.com\/sk\/hraj\/euromillions\/#primaryimage"},"thumbnailUrl":"https:\/\/content.redfoxlotto.com\/uploads\/sites\/9\/2_ticket_euromillions.jpg","datePublished":"2022-10-26T09:30:02+00:00","dateModified":"2025-12-17T08:14:02+00:00","description":"Fan\u00fa\u0161ikovia Lotto zo Slovenska m\u00f4\u017eu hra\u0165 Euromili\u00f3ny online u\u017e teraz - pozrite si na\u0161u slu\u017ebu pre Euromili\u00f3ny","breadcrumb":{"@id":"https:\/\/redfoxlotto.com\/sk\/hraj\/euromillions\/#breadcrumb"},"inLanguage":"sk-SK","potentialAction":[{"@type":"ReadAction","target":["https:\/\/redfoxlotto.com\/sk\/hraj\/euromillions\/"]}]},{"@type":"ImageObject","inLanguage":"sk-SK","@id":"https:\/\/redfoxlotto.com\/sk\/hraj\/euromillions\/#primaryimage","url":"https:\/\/content.redfoxlotto.com\/uploads\/sites\/9\/2_ticket_euromillions.jpg","contentUrl":"https:\/\/content.redfoxlotto.com\/uploads\/sites\/9\/2_ticket_euromillions.jpg"},{"@type":"BreadcrumbList","@id":"https:\/\/redfoxlotto.com\/sk\/hraj\/euromillions\/#breadcrumb","itemListElement":[{"@type":"ListItem","position":1,"name":"Home","item":"https:\/\/redfoxlotto.com\/sk\/"},{"@type":"ListItem","position":2,"name":"Ako hra\u0165 lot\u00e9rie z in\u00fdch kraj\u00edn","item":"https:\/\/redfoxlotto.com\/sk\/hraj\/"},{"@type":"ListItem","position":3,"name":"Ako hra\u0165 Euromili\u00f3ny zo Slovenska"}]},{"@type":"WebSite","@id":"https:\/\/redfoxlotto.com\/sk\/#website","url":"https:\/\/redfoxlotto.com\/sk\/","name":"Get Tickets for the World\u2019s largest jackpots","description":"Participate in worldwide lottery jackpots from any country","publisher":{"@id":"https:\/\/redfoxlotto.com\/sk\/#organization"},"potentialAction":[{"@type":"SearchAction","target":{"@type":"EntryPoint","urlTemplate":"https:\/\/redfoxlotto.com\/sk\/?s={search_term_string}"},"query-input":{"@type":"PropertyValueSpecification","valueRequired":true,"valueName":"search_term_string"}}],"inLanguage":"sk-SK"},{"@type":"Organization","@id":"https:\/\/redfoxlotto.com\/sk\/#organization","name":"Get Tickets for the World\u2019s largest jackpots","url":"https:\/\/redfoxlotto.com\/sk\/","logo":{"@type":"ImageObject","inLanguage":"sk-SK","@id":"https:\/\/redfoxlotto.com\/sk\/#\/schema\/logo\/image\/","url":"https:\/\/redfoxlotto.com\/wp-content\/uploads\/2023\/04\/logo.png","contentUrl":"https:\/\/redfoxlotto.com\/wp-content\/uploads\/2023\/04\/logo.png","width":269,"height":53,"caption":"Get Tickets for the World\u2019s largest jackpots"},"image":{"@id":"https:\/\/redfoxlotto.com\/sk\/#\/schema\/logo\/image\/"}}]}},"_links":{"self":[{"href":"https:\/\/redfoxlotto.com\/sk\/wp-json\/wp\/v2\/pages\/10272","targetHints":{"allow":["GET"]}}],"collection":[{"href":"https:\/\/redfoxlotto.com\/sk\/wp-json\/wp\/v2\/pages"}],"about":[{"href":"https:\/\/redfoxlotto.com\/sk\/wp-json\/wp\/v2\/types\/page"}],"author":[{"embeddable":true,"href":"https:\/\/redfoxlotto.com\/sk\/wp-json\/wp\/v2\/users\/1"}],"replies":[{"embeddable":true,"href":"https:\/\/redfoxlotto.com\/sk\/wp-json\/wp\/v2\/comments?post=10272"}],"version-history":[{"count":0,"href":"https:\/\/redfoxlotto.com\/sk\/wp-json\/wp\/v2\/pages\/10272\/revisions"}],"up":[{"embeddable":true,"href":"https:\/\/redfoxlotto.com\/sk\/wp-json\/wp\/v2\/pages\/10270"}],"wp:attachment":[{"href":"https:\/\/redfoxlotto.com\/sk\/wp-json\/wp\/v2\/media?parent=10272"}],"curies":[{"name":"wp","href":"https:\/\/api.w.org\/{rel}","templated":true}]}}