{"id":10271,"date":"2023-04-24T17:44:36","date_gmt":"2023-04-24T17:44:36","guid":{"rendered":"https:\/\/redfoxlotto.com\/?page_id=3383"},"modified":"2025-12-16T14:41:48","modified_gmt":"2025-12-16T14:41:48","slug":"eurojackpot","status":"publish","type":"page","link":"https:\/\/redfoxlotto.com\/sk\/hraj\/eurojackpot\/","title":{"rendered":"Hrajte Eurojackpot"},"content":{"rendered":"<p><script type=\"application\/ld+json\">\n{\n  \"@context\": \"https:\/\/schema.org\",\n  \"@type\": \"Service\",\n  \"name\": \"Hrajte Eurojackpot online\",\n  \"url\": \"https:\/\/redfoxlotto.com\/sk\/hraj\/eurojackpot\/\",\n  \"description\": \"Hrajte lot\u00e9riu Eurojackpot online z akejko\u013evek krajiny. Nav\u0161t\u00edvte RedFoxLotto, vyberte si \u010d\u00edsla a z\u00edskajte tikety.\",\n  \"serviceType\": \"Online sprostredkovate\u013esk\u00e1 slu\u017eba lot\u00e9riov\u00fdch tiketov\",\n  \"provider\": {\n    \"@type\": \"Organization\",\n    \"name\": \"RedFoxLotto\",\n    \"url\": \"https:\/\/redfoxlotto.com\/sk\/\",\n    \"image\": \"https:\/\/redfoxlotto.com\/wp-content\/uploads\/2025\/12\/ticket_scans.jpg\",\n    \"sameAs\": []\n  },\n  \"areaServed\": \"Worldwide\",\n  \"termsOfService\": \"https:\/\/redfoxlotto.com\/terms-and-conditions\",\n  \"additionalProperty\": {\n    \"@type\": \"PropertyValue\",\n    \"name\": \"FAQ\",\n    \"value\": \"https:\/\/redfoxlotto.com\/sk\/faq\/\"\n  },\n  \"hasOfferCatalog\": {\n    \"@type\": \"OfferCatalog\",\n    \"name\": \"Eurojackpot tikety\",\n    \"itemListElement\": [\n      {\n        \"@type\": \"Offer\",\n        \"name\": \"Eurojackpot tikety\",\n        \"url\": \"https:\/\/redfoxlotto.com\/sk\/hraj\/eurojackpot\/\",\n        \"description\": \"Kliknite sem, vyberte si \u010d\u00edsla pre \u010fal\u0161ie \u017erebovanie Eurojackpotu a objednajte si tikety online.\",\n        \"price\": 6.00,\n        \"priceCurrency\": \"EUR\",\n        \"availability\": \"https:\/\/schema.org\/InStock\",\n        \"itemOffered\": {\n          \"@type\": \"Service\",\n          \"name\": \"Eurojackpot tikety\",\n          \"description\": \"Z\u00fa\u010dastnite sa \u010fal\u0161ieho \u017erebovania Eurojackpotu prostredn\u00edctvom RedFoxLotto.\"\n        }\n      }\n    ]\n  },\n  \"mainEntityOfPage\": {\n    \"@type\": \"WebPage\",\n    \"@id\": \"https:\/\/redfoxlotto.com\/sk\/hraj\/eurojackpot\/\"\n  }\n}\n<\/script><\/p>\n<p><!--more--><\/p>\n<p>Mo\u017eno ste u\u017e o Eurojackpot Lot\u00e9rii po\u010duli, \u010di u\u017e \u017eijete v jednej z Eur\u00f3pskych kraj\u00edn kde sa hr\u00e1 alebo nie. Je to lot\u00e9ria ktor\u00e1 za\u010dala v roku 2012 s 19 \u00fa\u010dast\u0148uj\u00facimi sa Eur\u00f3pskymi krajinami. Ale ak \u017eijete na Slovensku, alebo v hocijakej inej krajine ktor\u00e1 nie je na zozname \u00fa\u010dastn\u00edkov, tak nem\u00e1te \u017eiadnu mo\u017enos\u0165 obstara\u0165 si l\u00edstok na Eurojackpot tradi\u010dn\u00fdm sp\u00f4sobom.<\/p>\n<p>To znamen\u00e1, \u017ee iba predned\u00e1vnom, by ste neboli schopn\u00fd si zahra\u0165, a to v\u00e1m rozhodne nepon\u00fakne mo\u017enos\u0165 vyhra\u0165 tento nov\u00fd jackpot, v\u0161ak? Nu\u017e, teraz si m\u00f4\u017eete zahra\u0165 Eurojackpot online.<\/p>\n<h2>Internet na pomoc<\/h2>\n<p>Rie\u0161enie pre lot\u00e9riov\u00fdch fan\u00fa\u0161ikov zo Slovenska a inakade je v\u00e1m poskytnut\u00e9 na\u0161ou internetovou str\u00e1nkou. Spolu s Eurojackpot v\u00e1m d\u00e1vame pr\u00edstup k nieko\u013ek\u00fdch medzin\u00e1rodn\u00fdm lot\u00e9ri\u00e1m. \u010co pon\u00fakame je kuri\u00e9rska slu\u017eba pre lot\u00e9riov\u00e9 l\u00edstky na lot\u00e9rie s najv\u00e4\u010d\u0161\u00edmi jackpotmi z cel\u00e9ho sveta. V\u00e4\u010d\u0161ina, ak nie v\u0161etky tie lot\u00e9rie by pre v\u00e1s inak neboli pr\u00edstupn\u00e9, ale my v\u00e1s kryjeme!<\/p>\n<h2>Pre\u010do hra\u0165 Eurojackpot?<\/h2>\n<p><img decoding=\"async\" class=\"size-full wp-image alignright\" src=\"https:\/\/content.redfoxlotto.com\/uploads\/sites\/9\/2_ticket_eurojackpot1.jpg\" alt=\"eurojackpot hra\u0165 online\" \/><\/p>\n<p>Koniec koncov, vieme \u017ee \u013eudia zo Slovenska naozaj chc\u00fa ma\u0165 \u0161ancu hra\u0165 a vyhra\u0165 tieto ve\u013ek\u00e9 jackpoty ne\u017e by\u0165 uviaznut\u00fd iba s jackpotmi z ich vlastn\u00fdch n\u00e1rodn\u00fdch lot\u00e9riov\u00fdch hier.<\/p>\n<p>V\u0161etko \u010do mus\u00edte urobi\u0165 je vybra\u0165 si zo zoznamu na\u0161ich lot\u00e9ri\u00ed. M\u00e1me k dispoz\u00edcie niektor\u00e9 z najpopul\u00e1rnej\u0161\u00edch z cel\u00e9ho sveta. T\u00fdmto sp\u00f4sobom si ich m\u00f4\u017eete pozrie\u0165, zisti\u0165 \u010do ka\u017ed\u00e1 z nich pon\u00faka a rozhodn\u00fa\u0165 sa ktor\u00e1 v\u00e1s najviac zaujala.<\/p>\n<p>Potom si ru\u010dne vyberte \u010d\u00edsla alebo to nechajte na n\u00e1\u0161 gener\u00e1tor n\u00e1hodn\u00fdch \u010d\u00edsel (funkcia \u201cR\u00fdchly V\u00fdber\u201d). M\u00f4\u017eete si tieto dva mo\u017enosti aj skombinova\u0165, vyberte si zop\u00e1r a potom zvy\u0161ok pridajte n\u00e1hodne. Takto si m\u00f4\u017eete vybra\u0165 niektor\u00e9 \u010d\u00edsla ktor\u00e9 chcete a st\u00e1le si budete m\u00f4c\u0165 vyplni\u0165 kartu ak neviete v\u0161etky \u010d\u00edsla ktor\u00e9 by ste chceli.<\/p>\n<p>Pridajte si viacej l\u00edstkov ak chcete, vmie\u0161ajte rozli\u010dn\u00e9 lot\u00e9rie. To v\u00e1m pom\u00f4\u017ee zv\u00fd\u0161i\u0165 \u0161ance preto\u017ee budete hra\u0165 nieko\u013eko r\u00f4znych hier v\u0161etky naraz. M\u00f4\u017eete si tie\u017e zahra\u0165 rovnak\u00fd \u010d\u00edseln\u00fd set naprie\u010d nieko\u013eko lot\u00e9ri\u00ed, mo\u017enos\u0165 ktor\u00fa na\u0161i klienti ve\u013emi ob\u013eubuj\u00fa.<\/p>\n<p>Niektor\u00fdm sa zd\u00e1 toto ako dobr\u00fd sp\u00f4sob na zv\u00fd\u0161enie si \u0161anc\u00ed, preto\u017ee tie \u010d\u00edsla jednoducho musia by\u0165 vylosovan\u00e9 raz, v\u0161ak? Mus\u00ed existova\u0165 sp\u00f4sob aby tie \u010d\u00edsla vyhrali?<\/p>\n<p><img decoding=\"async\" class=\"size-full wp-image alignright\" src=\"https:\/\/content.redfoxlotto.com\/uploads\/sites\/9\/1_play_eurojackpot.jpg\" alt=\"vyhra\u0165 Eurojackpot\" \/><\/p>\n<p>Akon\u00e1hle m\u00e1te v\u0161etky l\u00edstky ktor\u00e9 chcete, m\u00f4\u017eete pou\u017ei\u0165 ktor\u00fdko\u013evek z na\u0161ich nieko\u013ek\u00fdch, bezpe\u010dn\u00fdch platobn\u00fdch mo\u017enost\u00ed aby ste si k\u00fapili svoje l\u00edstky. M\u00e1me pre v\u00e1s mno\u017estvo rozli\u010dn\u00fdch sp\u00f4sobov z ktor\u00fdch si m\u00f4\u017eete vybra\u0165, tak\u017ee si m\u00f4\u017eete n\u00e1js\u0165 nie\u010do pohodln\u00e9, cez \u010do budete vklada\u0165 a vybera\u0165 peniaze. Pou\u017e\u00edvame asi v\u0161etky z najpopul\u00e1jne\u0161\u00edch platforiem.<\/p>\n<p>Nezabudnite si u\u010di\u0165 ko\u013ek\u00fdch losovan\u00ed sa chcete z\u00fa\u010dastni\u0165. Toto je d\u00f4le\u017eit\u00e9 obzvl\u00e1\u0161\u0165 preto lebo aktu\u00e1lny jackpot nemus\u00ed padn\u00fa\u0165 v nasleduj\u00facom losovan\u00ed. Nechceli by ste prep\u00e1snu\u0165 \u0161ancu vyhra\u0165 e\u0161te viac v nasleduj\u00facom losovan\u00ed, v\u0161ak?<\/p>\n<h2>\u010co potom?<\/h2>\n<p>Nu\u017e je to vlastne celkom jednoduch\u00e9 ak hrajete Eurojackpot online. M\u00e1me sie\u0165 agentov ktor\u00ed k\u00fapia lot\u00e9riov\u00e9 l\u00edstky s \u00fadajmi ktor\u00e9 ste vybrali. Na va\u0161om klientskom \u00fa\u010dte na RedFoxLotto.com uvid\u00edte potvrdenie n\u00e1kupu. Samozrejme tie\u017e dostanete potvrdenie cez e-mail. To znamen\u00e1 \u017ee si m\u00f4\u017eete by\u0165 ist\u00fd \u017ee v\u0161etko ide pod\u013ea pl\u00e1nu a \u017ee va\u0161e l\u00edstky s\u00fa pripraven\u00e9 a \u010dakaj\u00fa na losovanie.<\/p>\n<p>Odtia\u013eto sa nemus\u00edte o ni\u010d stara\u0165, preto\u017ee v\u00e1s tie\u017e budeme informova\u0165 o losovan\u00ed, len v pr\u00edpade \u017ee zabudni v ktor\u00fd de\u0148 sa kon\u00e1.<\/p>\n<p>A dostanete \u010fal\u0161\u00ed upozornenie na e-mail ak jeden z va\u0161ich l\u00edstkov vyhral. Pokia\u013e va\u0161e v\u00fdhry nie s\u00fa vy\u0161\u0161ie ako 2 500 \u20ac, bud\u00fa okam\u017eite prip\u00edsan\u00e9 na v\u00e1\u0161 klientsk\u00fd \u00fa\u010det. M\u00f4\u017eete si ich potom vybra\u0165 cez ktor\u00fdko\u013evek \u00fa\u010det ste si zvolili alebo ich m\u00f4\u017eete pou\u017ei\u0165 na k\u00fapu \u010fal\u0161\u00edch l\u00edstkov. Takto pre v\u00e1s bud\u00fa rozhodnutia super jednoduch\u00e9, \u017ee? Pre vy\u0161\u0161ie v\u00fdhry v\u00e1s bude kontaktova\u0165 na\u0161a podpora a zorganizuje v\u00e1m priami prevod.<\/p>\n<h2>\u0160pecifik\u00e1cie hrania Eurojackpot<\/h2>\n<p>Teraz, ak budete hra\u0165 Eurojackpot zo Slovenska, potrebujete vedie\u0165 ako na to. Je to naozaj ve\u013emi jednoduch\u00e9. Na va\u0161om l\u00edstku si mus\u00edte vybra\u0165 p\u00e4\u0165 \u010d\u00edsel medzi 1 a 50, plus 2 \u010d\u00edsla medzi 1 a 12. Jackpot za\u010d\u00edna na minimalne sume 10 mili\u00f3nov \u20ac. V jednom aspekte sa t\u00e1to lot\u00e9ria l\u00ed\u0161i od v\u00e4\u010d\u0161iny ostatn\u00fdch. Jackpot je limitovan\u00fd na 120 mili\u00f3nov \u20ac.<\/p>\n<p>To znamen\u00e1, \u017ee v\u0161etky peniaze ktor\u00e9 by boli norm\u00e1lne pridan\u00e9 k jackpotu sa pridaj\u00fa k druhej v\u00fdhernej \u00farovni. Aby ste ju vyhrali, potrebujete iba 5 plus 1 \u010d\u00edslo na va\u0161om l\u00edstku. Va\u0161e \u0161ancu na v\u00fdhru tejto cenu si samozrejme lep\u0161ie o faktor 12, v porovnan\u00ed so \u0161ancami na v\u00fdhru jackpotu s 5 plus 2 \u010d\u00edslami!<\/p>\n<p>To znamen\u00e1, \u017ee ak jackpot dosiahne maxim\u00e1lnu hodnotu, budete ma\u0165 vlastne druh\u00fa \u0161ancu na v\u00fdhru ve\u013ek\u00e9ho jackpotu. Je jednoduch\u0161ie vyhra\u0165 druh\u00fa \u00farove\u0148 a \u010d\u00edsla sa na nej za\u010dn\u00fa zvy\u0161ova\u0165. To rozhodne zv\u00fd\u0161i va\u0161e \u0161ance na obrovsku cenu, v\u0161ak?<\/p>\n<p>A to znamen\u00e1, \u017ee hoci jackpot bude o nie\u010do men\u0161\u00ed, hlavne ak dosiahne limit, st\u00e1le si budete chcie\u0165 vybra\u0165 tie l\u00edstky preto\u017ee budete ma\u0165 skvel\u00fa \u0161ancu sa s t\u00fdm naozaj niekam dosta\u0165 z dlhodob\u00e9ho h\u013eadiska ak si k\u00fapite Eurojackpot online.<\/p>\n<p><strong>Za\u010dnite teraz s hran\u00edm medzin\u00e1rodnej lot\u00e9rie &#8211; k\u00fapte si Eurojackpot l\u00edstky dnes!<\/strong><\/p>\n","protected":false},"excerpt":{"rendered":"","protected":false},"author":1,"featured_media":0,"parent":10270,"menu_order":4,"comment_status":"closed","ping_status":"closed","template":"eurojackpot.php","meta":{"_et_pb_use_builder":"","_et_pb_old_content":"","_et_gb_content_width":"","exclude_from_search":false,"footnotes":""},"class_list":["post-10271","page","type-page","status-publish","hentry"],"yoast_head":"<!-- This site is optimized with the Yoast SEO plugin v27.4 - https:\/\/yoast.com\/product\/yoast-seo-wordpress\/ -->\n<title>Eurojackpot Lot\u00e9ria online - hrajte zo Slovenska<\/title>\n<meta name=\"description\" content=\"Dosta\u0148te pr\u00edstup k Eurojackpotu teraz - nezal\u00e9\u017e\u00ed z ktor\u00e9ho ste \u0161t\u00e1tu, hrajte medzin\u00e1rodn\u00fa lot\u00e9riu online na Slovensku\" \/>\n<meta name=\"robots\" content=\"index, follow, max-snippet:-1, max-image-preview:large, max-video-preview:-1\" \/>\n<link rel=\"canonical\" href=\"https:\/\/redfoxlotto.com\/sk\/hraj\/eurojackpot\/\" \/>\n<meta property=\"og:locale\" content=\"sk_SK\" \/>\n<meta property=\"og:type\" content=\"article\" \/>\n<meta property=\"og:title\" content=\"Eurojackpot Lot\u00e9ria online - hrajte zo Slovenska\" \/>\n<meta property=\"og:description\" content=\"Dosta\u0148te pr\u00edstup k Eurojackpotu teraz - nezal\u00e9\u017e\u00ed z ktor\u00e9ho ste \u0161t\u00e1tu, hrajte medzin\u00e1rodn\u00fa lot\u00e9riu online na Slovensku\" \/>\n<meta property=\"og:url\" content=\"https:\/\/redfoxlotto.com\/sk\/hraj\/eurojackpot\/\" \/>\n<meta property=\"og:site_name\" content=\"Get Tickets for the World\u2019s largest jackpots\" \/>\n<meta property=\"article:modified_time\" content=\"2025-12-16T14:41:48+00:00\" \/>\n<meta property=\"og:image\" content=\"https:\/\/content.redfoxlotto.com\/uploads\/sites\/9\/2_ticket_eurojackpot1.jpg\" \/>\n<meta name=\"twitter:card\" content=\"summary_large_image\" \/>\n<meta name=\"twitter:label1\" content=\"Predpokladan\u00fd \u010das \u010d\u00edtania\" \/>\n\t<meta name=\"twitter:data1\" content=\"4 min\u00faty\" \/>\n<script type=\"application\/ld+json\" class=\"yoast-schema-graph\">{\"@context\":\"https:\\\/\\\/schema.org\",\"@graph\":[{\"@type\":\"WebPage\",\"@id\":\"https:\\\/\\\/redfoxlotto.com\\\/sk\\\/hraj\\\/eurojackpot\\\/\",\"url\":\"https:\\\/\\\/redfoxlotto.com\\\/sk\\\/hraj\\\/eurojackpot\\\/\",\"name\":\"Eurojackpot Lot\u00e9ria online - hrajte zo Slovenska\",\"isPartOf\":{\"@id\":\"https:\\\/\\\/redfoxlotto.com\\\/sk\\\/#website\"},\"primaryImageOfPage\":{\"@id\":\"https:\\\/\\\/redfoxlotto.com\\\/sk\\\/hraj\\\/eurojackpot\\\/#primaryimage\"},\"image\":{\"@id\":\"https:\\\/\\\/redfoxlotto.com\\\/sk\\\/hraj\\\/eurojackpot\\\/#primaryimage\"},\"thumbnailUrl\":\"https:\\\/\\\/content.redfoxlotto.com\\\/uploads\\\/sites\\\/9\\\/2_ticket_eurojackpot1.jpg\",\"datePublished\":\"2023-04-24T17:44:36+00:00\",\"dateModified\":\"2025-12-16T14:41:48+00:00\",\"description\":\"Dosta\u0148te pr\u00edstup k Eurojackpotu teraz - nezal\u00e9\u017e\u00ed z ktor\u00e9ho ste \u0161t\u00e1tu, hrajte medzin\u00e1rodn\u00fa lot\u00e9riu online na Slovensku\",\"breadcrumb\":{\"@id\":\"https:\\\/\\\/redfoxlotto.com\\\/sk\\\/hraj\\\/eurojackpot\\\/#breadcrumb\"},\"inLanguage\":\"sk-SK\",\"potentialAction\":[{\"@type\":\"ReadAction\",\"target\":[\"https:\\\/\\\/redfoxlotto.com\\\/sk\\\/hraj\\\/eurojackpot\\\/\"]}]},{\"@type\":\"ImageObject\",\"inLanguage\":\"sk-SK\",\"@id\":\"https:\\\/\\\/redfoxlotto.com\\\/sk\\\/hraj\\\/eurojackpot\\\/#primaryimage\",\"url\":\"https:\\\/\\\/content.redfoxlotto.com\\\/uploads\\\/sites\\\/9\\\/2_ticket_eurojackpot1.jpg\",\"contentUrl\":\"https:\\\/\\\/content.redfoxlotto.com\\\/uploads\\\/sites\\\/9\\\/2_ticket_eurojackpot1.jpg\"},{\"@type\":\"BreadcrumbList\",\"@id\":\"https:\\\/\\\/redfoxlotto.com\\\/sk\\\/hraj\\\/eurojackpot\\\/#breadcrumb\",\"itemListElement\":[{\"@type\":\"ListItem\",\"position\":1,\"name\":\"Home\",\"item\":\"https:\\\/\\\/redfoxlotto.com\\\/sk\\\/\"},{\"@type\":\"ListItem\",\"position\":2,\"name\":\"Ako hra\u0165 lot\u00e9rie z in\u00fdch kraj\u00edn\",\"item\":\"https:\\\/\\\/redfoxlotto.com\\\/sk\\\/hraj\\\/\"},{\"@type\":\"ListItem\",\"position\":3,\"name\":\"Hrajte Eurojackpot\"}]},{\"@type\":\"WebSite\",\"@id\":\"https:\\\/\\\/redfoxlotto.com\\\/sk\\\/#website\",\"url\":\"https:\\\/\\\/redfoxlotto.com\\\/sk\\\/\",\"name\":\"Get Tickets for the World\u2019s largest jackpots\",\"description\":\"Participate in worldwide lottery jackpots from any country\",\"publisher\":{\"@id\":\"https:\\\/\\\/redfoxlotto.com\\\/sk\\\/#organization\"},\"potentialAction\":[{\"@type\":\"SearchAction\",\"target\":{\"@type\":\"EntryPoint\",\"urlTemplate\":\"https:\\\/\\\/redfoxlotto.com\\\/sk\\\/?s={search_term_string}\"},\"query-input\":{\"@type\":\"PropertyValueSpecification\",\"valueRequired\":true,\"valueName\":\"search_term_string\"}}],\"inLanguage\":\"sk-SK\"},{\"@type\":\"Organization\",\"@id\":\"https:\\\/\\\/redfoxlotto.com\\\/sk\\\/#organization\",\"name\":\"Get Tickets for the World\u2019s largest jackpots\",\"url\":\"https:\\\/\\\/redfoxlotto.com\\\/sk\\\/\",\"logo\":{\"@type\":\"ImageObject\",\"inLanguage\":\"sk-SK\",\"@id\":\"https:\\\/\\\/redfoxlotto.com\\\/sk\\\/#\\\/schema\\\/logo\\\/image\\\/\",\"url\":\"https:\\\/\\\/redfoxlotto.com\\\/wp-content\\\/uploads\\\/2023\\\/04\\\/logo.png\",\"contentUrl\":\"https:\\\/\\\/redfoxlotto.com\\\/wp-content\\\/uploads\\\/2023\\\/04\\\/logo.png\",\"width\":269,\"height\":53,\"caption\":\"Get Tickets for the World\u2019s largest jackpots\"},\"image\":{\"@id\":\"https:\\\/\\\/redfoxlotto.com\\\/sk\\\/#\\\/schema\\\/logo\\\/image\\\/\"}}]}<\/script>\n<!-- \/ Yoast SEO plugin. -->","yoast_head_json":{"title":"Eurojackpot Lot\u00e9ria online - hrajte zo Slovenska","description":"Dosta\u0148te pr\u00edstup k Eurojackpotu teraz - nezal\u00e9\u017e\u00ed z ktor\u00e9ho ste \u0161t\u00e1tu, hrajte medzin\u00e1rodn\u00fa lot\u00e9riu online na Slovensku","robots":{"index":"index","follow":"follow","max-snippet":"max-snippet:-1","max-image-preview":"max-image-preview:large","max-video-preview":"max-video-preview:-1"},"canonical":"https:\/\/redfoxlotto.com\/sk\/hraj\/eurojackpot\/","og_locale":"sk_SK","og_type":"article","og_title":"Eurojackpot Lot\u00e9ria online - hrajte zo Slovenska","og_description":"Dosta\u0148te pr\u00edstup k Eurojackpotu teraz - nezal\u00e9\u017e\u00ed z ktor\u00e9ho ste \u0161t\u00e1tu, hrajte medzin\u00e1rodn\u00fa lot\u00e9riu online na Slovensku","og_url":"https:\/\/redfoxlotto.com\/sk\/hraj\/eurojackpot\/","og_site_name":"Get Tickets for the World\u2019s largest jackpots","article_modified_time":"2025-12-16T14:41:48+00:00","og_image":[{"url":"https:\/\/content.redfoxlotto.com\/uploads\/sites\/9\/2_ticket_eurojackpot1.jpg","type":"","width":"","height":""}],"twitter_card":"summary_large_image","twitter_misc":{"Predpokladan\u00fd \u010das \u010d\u00edtania":"4 min\u00faty"},"schema":{"@context":"https:\/\/schema.org","@graph":[{"@type":"WebPage","@id":"https:\/\/redfoxlotto.com\/sk\/hraj\/eurojackpot\/","url":"https:\/\/redfoxlotto.com\/sk\/hraj\/eurojackpot\/","name":"Eurojackpot Lot\u00e9ria online - hrajte zo Slovenska","isPartOf":{"@id":"https:\/\/redfoxlotto.com\/sk\/#website"},"primaryImageOfPage":{"@id":"https:\/\/redfoxlotto.com\/sk\/hraj\/eurojackpot\/#primaryimage"},"image":{"@id":"https:\/\/redfoxlotto.com\/sk\/hraj\/eurojackpot\/#primaryimage"},"thumbnailUrl":"https:\/\/content.redfoxlotto.com\/uploads\/sites\/9\/2_ticket_eurojackpot1.jpg","datePublished":"2023-04-24T17:44:36+00:00","dateModified":"2025-12-16T14:41:48+00:00","description":"Dosta\u0148te pr\u00edstup k Eurojackpotu teraz - nezal\u00e9\u017e\u00ed z ktor\u00e9ho ste \u0161t\u00e1tu, hrajte medzin\u00e1rodn\u00fa lot\u00e9riu online na Slovensku","breadcrumb":{"@id":"https:\/\/redfoxlotto.com\/sk\/hraj\/eurojackpot\/#breadcrumb"},"inLanguage":"sk-SK","potentialAction":[{"@type":"ReadAction","target":["https:\/\/redfoxlotto.com\/sk\/hraj\/eurojackpot\/"]}]},{"@type":"ImageObject","inLanguage":"sk-SK","@id":"https:\/\/redfoxlotto.com\/sk\/hraj\/eurojackpot\/#primaryimage","url":"https:\/\/content.redfoxlotto.com\/uploads\/sites\/9\/2_ticket_eurojackpot1.jpg","contentUrl":"https:\/\/content.redfoxlotto.com\/uploads\/sites\/9\/2_ticket_eurojackpot1.jpg"},{"@type":"BreadcrumbList","@id":"https:\/\/redfoxlotto.com\/sk\/hraj\/eurojackpot\/#breadcrumb","itemListElement":[{"@type":"ListItem","position":1,"name":"Home","item":"https:\/\/redfoxlotto.com\/sk\/"},{"@type":"ListItem","position":2,"name":"Ako hra\u0165 lot\u00e9rie z in\u00fdch kraj\u00edn","item":"https:\/\/redfoxlotto.com\/sk\/hraj\/"},{"@type":"ListItem","position":3,"name":"Hrajte Eurojackpot"}]},{"@type":"WebSite","@id":"https:\/\/redfoxlotto.com\/sk\/#website","url":"https:\/\/redfoxlotto.com\/sk\/","name":"Get Tickets for the World\u2019s largest jackpots","description":"Participate in worldwide lottery jackpots from any country","publisher":{"@id":"https:\/\/redfoxlotto.com\/sk\/#organization"},"potentialAction":[{"@type":"SearchAction","target":{"@type":"EntryPoint","urlTemplate":"https:\/\/redfoxlotto.com\/sk\/?s={search_term_string}"},"query-input":{"@type":"PropertyValueSpecification","valueRequired":true,"valueName":"search_term_string"}}],"inLanguage":"sk-SK"},{"@type":"Organization","@id":"https:\/\/redfoxlotto.com\/sk\/#organization","name":"Get Tickets for the World\u2019s largest jackpots","url":"https:\/\/redfoxlotto.com\/sk\/","logo":{"@type":"ImageObject","inLanguage":"sk-SK","@id":"https:\/\/redfoxlotto.com\/sk\/#\/schema\/logo\/image\/","url":"https:\/\/redfoxlotto.com\/wp-content\/uploads\/2023\/04\/logo.png","contentUrl":"https:\/\/redfoxlotto.com\/wp-content\/uploads\/2023\/04\/logo.png","width":269,"height":53,"caption":"Get Tickets for the World\u2019s largest jackpots"},"image":{"@id":"https:\/\/redfoxlotto.com\/sk\/#\/schema\/logo\/image\/"}}]}},"_links":{"self":[{"href":"https:\/\/redfoxlotto.com\/sk\/wp-json\/wp\/v2\/pages\/10271","targetHints":{"allow":["GET"]}}],"collection":[{"href":"https:\/\/redfoxlotto.com\/sk\/wp-json\/wp\/v2\/pages"}],"about":[{"href":"https:\/\/redfoxlotto.com\/sk\/wp-json\/wp\/v2\/types\/page"}],"author":[{"embeddable":true,"href":"https:\/\/redfoxlotto.com\/sk\/wp-json\/wp\/v2\/users\/1"}],"replies":[{"embeddable":true,"href":"https:\/\/redfoxlotto.com\/sk\/wp-json\/wp\/v2\/comments?post=10271"}],"version-history":[{"count":0,"href":"https:\/\/redfoxlotto.com\/sk\/wp-json\/wp\/v2\/pages\/10271\/revisions"}],"up":[{"embeddable":true,"href":"https:\/\/redfoxlotto.com\/sk\/wp-json\/wp\/v2\/pages\/10270"}],"wp:attachment":[{"href":"https:\/\/redfoxlotto.com\/sk\/wp-json\/wp\/v2\/media?parent=10271"}],"curies":[{"name":"wp","href":"https:\/\/api.w.org\/{rel}","templated":true}]}}