{"id":10270,"date":"2023-04-24T14:10:57","date_gmt":"2023-04-24T14:10:57","guid":{"rendered":"https:\/\/redfoxlotto.com\/?page_id=3381"},"modified":"2025-12-15T19:53:05","modified_gmt":"2025-12-15T19:53:05","slug":"hraj","status":"publish","type":"page","link":"https:\/\/redfoxlotto.com\/sk\/hraj\/","title":{"rendered":"Ako hra\u0165 lot\u00e9rie z in\u00fdch kraj\u00edn"},"content":{"rendered":"<p><script type=\"application\/ld+json\">\n{\n  \"@context\": \"https:\/\/schema.org\",\n  \"@type\": \"Service\",\n  \"name\": \"Hrajte medzin\u00e1rodn\u00e9 lot\u00e9rie online\",\n  \"url\": \"https:\/\/redfoxlotto.com\/sk\/hraj\/\",\n  \"description\": \"Hrajte lot\u00e9riu online a vyhrajte medzin\u00e1rodn\u00e9 lotto jackpoty.\",\n  \"serviceType\": \"Online sprostredkovate\u013esk\u00e1 slu\u017eba lot\u00e9riov\u00fdch tiketov\",\n  \"provider\": {\n    \"@type\": \"Organization\",\n    \"name\": \"RedFoxLotto\",\n    \"url\": \"https:\/\/redfoxlotto.com\/sk\/hraj\/\",\n    \"image\": \"https:\/\/redfoxlotto.com\/wp-content\/uploads\/2025\/12\/ticket_scans.jpg\"\n  },\n  \"areaServed\": \"Celosvetovo\",\n  \"termsOfService\": \"https:\/\/redfoxlotto.com\/terms-and-conditions\",\n  \"additionalProperty\": {\n    \"@type\": \"PropertyValue\",\n    \"name\": \"\u010casto kladen\u00e9 ot\u00e1zky\",\n    \"value\": \"https:\/\/redfoxlotto.com\/sk\/faq\/\"\n  },\n  \"hasOfferCatalog\": {\n    \"@type\": \"OfferCatalog\",\n    \"name\": \"Medzin\u00e1rodn\u00e9 lot\u00e9riov\u00e9 tikety\",\n    \"itemListElement\": [\n      {\n        \"@type\": \"Offer\",\n        \"name\": \"Medzin\u00e1rodn\u00e9 lot\u00e9riov\u00e9 tikety\",\n        \"url\": \"https:\/\/redfoxlotto.com\/play\/\",\n        \"description\": \"Hrajte medzin\u00e1rodn\u00e9 lot\u00e9rie online. Jackpoty ako Powerball, Mega Millions a Euromillions \u2014 vyhrajte odkia\u013eko\u013evek.\",\n        \"availability\": \"https:\/\/schema.org\/InStock\",\n        \"itemOffered\": {\n          \"@type\": \"Service\",\n          \"name\": \"Medzin\u00e1rodn\u00e9 lot\u00e9riov\u00e9 tikety\",\n          \"description\": \"Hranie medzin\u00e1rodn\u00fdch lot\u00e9ri\u00ed online pon\u00faka viac mo\u017enost\u00ed a lep\u0161ie \u0161ance na v\u00fdhru.\"\n        }\n      }\n    ]\n  },\n  \"mainEntityOfPage\": {\n    \"@type\": \"WebPage\",\n    \"@id\": \"https:\/\/redfoxlotto.com\/sk\/hraj\/\"\n  }\n}\n<\/script><\/p>\n<h2>Viac lot\u00e9ri\u00ed a jackpotov na hranie pre ka\u017ed\u00e9ho!<\/h2>\n<p>Skvel\u00e9 spr\u00e1vy pre fan\u00fa\u0161ikov Lot\u00e9rie na celom svete! Nie ste u\u017e viac obmedzen\u00fd na va\u0161u n\u00e1rodn\u00fa lot\u00e9riu! Pam\u00e4t\u00e1te sa ke\u010f lot\u00e9ria za\u010dala by\u0165 lot\u00e9ria po prv\u00fdkr\u00e1t popul\u00e1rna? Naozaj to nebolo tak d\u00e1vno \u010do ka\u017ed\u00fd za\u010dal hra\u0165 svoje miestne a n\u00e1rodn\u00e9 lot\u00e9rie. Ale to bolo v\u0161etko \u010do ste mali povolen\u00e9. V\u0161etko \u010do si dokonca mohli pozrie\u0165 boli iba va\u0161e n\u00e1rodn\u00e9 mo\u017enosti.<\/p>\n<p>Predt\u00fdm v\u00e1m bol pr\u00edstup do medzin\u00e1rodn\u00fdch lot\u00e9rii zamietnut\u00fd. Nemohli ste si na tie lot\u00e9riov\u00e9 jackpoty k\u00fapi\u0165 l\u00edstky vo va\u0161ej krajine. Ale internet ten probl\u00e9m vyrie\u0161il. Tu na RedFoxLotto.com si teraz m\u00f4\u017eete zahra\u0165 nieko\u013eko medzin\u00e1rodn\u00fdch lot\u00e9ri\u00ed online. Ale ako si zahra\u0165 lot\u00e9riu cez internet?<\/p>\n<h2>N\u00e1kup Va\u0161ich Lot\u00e9riov\u00fdch L\u00edstkov<\/h2>\n<p><img decoding=\"async\" class=\" wp-image alignright\" src=\"https:\/\/content.redfoxlotto.com\/uploads\/sites\/9\/1_playing_lottery_online.jpg\" alt=\"hrajte a vyhrajte online\" width=\"250&quot;\" height=\"125\" \/><\/p>\n<p>RedFoxLotto.com je va\u0161a kuri\u00e9rska slu\u017eba na lot\u00e9riov\u00e9 l\u00edstky bezoh\u013eadu na to odkia\u013e si ich chcete obstara\u0165. V skuto\u010dnosti, m\u00e1me agentov v mnoh\u00fdch r\u00f4znych \u0161t\u00e1toch kde sa konaj\u00fa ve\u013ek\u00e9 lot\u00e9rie a maj\u00fa na starosti k\u00fapu akychko\u013evek l\u00edstkov ktor\u00e9 by ste chceli, \u00faplne lok\u00e1lne.<\/p>\n<p>Odtia\u013e, vy, z\u00e1kazn\u00edk, si m\u00f4\u017eete od n\u00e1s objedna\u0165 l\u00edstky cez internet. Sta\u010d\u00ed aby ste i\u0161li na webov\u00fa str\u00e1nku a my v\u00e1m d\u00e1me v\u0161etky mo\u017enosti akokeby ste hrali tie medzin\u00e1rodn\u00e9 lot\u00e9rie priamo vy osobne.<\/p>\n<p>Samozrejme, si m\u00f4\u017eete vybra\u0165 va\u0161e vlastn\u00e9 \u010d\u00edsla. Sami si tie\u017e ur\u010d\u00edte ko\u013eko \u010d\u00edseln\u00fdch kombin\u00e1ci\u00ed chcete hra\u0165 a na ko\u013eko losovan\u00ed by mali by\u0165 va\u0161e l\u00edstky platn\u00e9. Platba je uskuto\u010dnen\u00e1 cez internet, napr\u00edklad, kreditnou kartou. Tak\u017ee, ak ste pripraven\u00fd si vybra\u0165 va\u0161e vlastn\u00e9 \u010d\u00edsla iba kliknite na okienka aby ste ich zvolili. Ak chcete aby sme vybrali \u010d\u00edsla my iba zvo\u013ete mo\u017enos\u0165 \u2018R\u00fdchly V\u00fdber\u2019 a pon\u00fakneme v\u00e1m n\u00e1hodn\u00e9.<\/p>\n<h2>Ktor\u00e9 Hry Hra\u0165<\/h2>\n<p><img decoding=\"async\" class=\" wp-image-5380 alignright\" src=\"https:\/\/content.redfoxlotto.com\/uploads\/sites\/9\/1_mega_lotto_jackpot.jpg\" alt=\"v\u00fdplatn\u00e1 online lot\u00e9ria\" width=\"250&quot;\" height=\"125\" \/><\/p>\n<p>Samozrejme sa m\u00f4\u017eete z\u00fa\u010dastni\u0165 viac ako jednej medzin\u00e1rodnej lot\u00e9rie naraz ak hrajete lot\u00e9riu cez internet. Tak\u017ee je skvel\u00e9, ak si prejdete mo\u017enosti ktor\u00e9 m\u00e1me k dispoz\u00edcii a n\u00e1jdete nieko\u013eko o ktor\u00e9 m\u00e1te z\u00e1ujem. Odpor\u00fa\u010dame, aby ste si vybrali najv\u00e4\u010d\u0161\u00ed jackpot v akomko\u013evek danom \u010dase, alebe dva najv\u00e4\u010d\u0161ie, alebo aj viac.<\/p>\n<p>Napr\u00edklad, celkom \u010dasto, oba Powerball US a Mega Millions US maj\u00fa gigantick\u00e9 jackpoty v rovnakom \u010dase. Jackpoty pravidelne dosahuj\u00fa 500 mili\u00f3nov USD v Spojen\u00fdch \u0160t\u00e1toch. Boli tam u\u017e ale aj jackpoty cez 1,5 miliardy v minulosti.<\/p>\n<p>V skuto\u010dnosti, tieto dva lot\u00e9rie patria medzi najv\u00e4\u010d\u0161ie na svete. Tak\u017ee pre\u010do by ste si ich nechceli sk\u00fasi\u0165 a \u010di sa v\u00e1m po\u0161\u0165ast\u00ed a vyhraje ve\u013ea? E\u0161te nie\u010do na zv\u00e1\u017eenie: ve\u013emi ob\u013e\u00faben\u00e1 mo\u017enos\u0165 je hra\u0165 rovnak\u00e9 \u010d\u00edsla v nieko\u013ek\u00fdch lot\u00e9riach v rovnakom t\u00fd\u017edni.<\/p>\n<p>Ak nevyhr\u00e1te v jednej lot\u00e9rii, mo\u017eno sa va\u0161\u00edm \u010d\u00edslam po\u0161\u0165ast\u00ed v druhej? Toto je \u0161ikovn\u00fd sp\u00f4sob ako si zv\u00fd\u0161i\u0165 \u0161ance va\u0161\u00edch ob\u013e\u00faben\u00fdch \u010d\u00edsel na v\u00fdhru. Hranie lot\u00e9rie touto met\u00f3dou je e\u0161te vzru\u0161uj\u00facej\u0161ie.<\/p>\n<h2>Pre\u010do Hra\u0165 Lot\u00e9riu Medzin\u00e1rodne?<\/h2>\n<p>Ka\u017ed\u00fd kto hraje lot\u00e9riu medzin\u00e1rodne vyu\u017e\u00edva svoje prostriedky rozumnej\u0161\u00edm sp\u00f4sobom. Niektor\u00fd lot\u00e9riov\u00ed hr\u00e1\u010di kupuj\u00fa l\u00edstky na n\u00e1rodn\u00fa lot\u00e9riu t\u00fd\u017ede\u0148 \u010do t\u00fd\u017ede\u0148, bezoh\u013eadu na v\u00fd\u0161ku jackpotu. Matematika a logika ti ukazuje, \u017ee lep\u0161ie k\u00fapi\u0165 l\u00edstok na lot\u00e9riu s 200 mili\u00f3nov\u00fdm jackpotom ne\u017e t\u00fa s 2 mili\u00f3novou cenou. Toto plat\u00ed aj ke\u010f cena online l\u00edstku je vy\u0161\u0161ia ne\u017e cena l\u00edstku do n\u00e1rodnej lot\u00e9rie.<\/p>\n<p>\u0160ance na v\u00fdhru budete ma\u0165 podobn\u00e9, ale ak vyhr\u00e1te, budete ma\u0165 pr\u00edle\u017eitos\u0165 na nie\u010do, \u010do je ove\u013ea v\u00e4\u010d\u0161ie. A myslite na v\u00fdmenn\u00e9 kurzy ktor\u00e9 bude ma\u0165 ke\u010f hr\u00e1te medzin\u00e1rodn\u00fa lot\u00e9riu. Chcete nie\u010do \u010do bude ma\u0165 vysok\u00fa hodnotu vo va\u0161ej vlastne mene preto\u017ee ke\u010f vyberiete va\u0161e v\u00fdhry, budete si ich vybera\u0165 vo va\u0161ej mene.<\/p>\n<p>Teraz si mus\u00edme vyjasni\u0165 ak\u00e9 bud\u00fa na\u0161e \u0161tandardy a ako presne si vypo\u010d\u00edtame cenu va\u0161ich l\u00edstkov. Samozrejme, za na\u0161e slu\u017eby si mus\u00edme \u00fa\u010dtova\u0165 vy\u0161\u0161iu cenu preto\u017ee m\u00e1me n\u00e1klady. Tie\u017e si chceme nejak\u00e9 peniaze zarobi\u0165. Ale predpokladajme, \u017ee cena lot\u00e9riov\u00e9ho l\u00edstku je 4,50 &#8211; 5,00 \u20ac a 200 mili\u00f3nov\u00fd jackpot. Za n\u00e1rodn\u00fa lot\u00e9riu zaplat\u00edte 2,00 \u20ac a m\u00e1te 10 mili\u00f3nov\u00fd jackpot. Ktor\u00e1 mo\u017enos\u0165 je lep\u0161ie a m\u00e1 v\u00e4\u010d\u0161\u00ed zmysel? Nu\u017e, odpove\u010f na t\u00fato ot\u00e1zku je zrejme jasn\u00e1. Hranie lot\u00e9rie medzin\u00e1rodne, a teda ma\u0165 mo\u017enos\u0165 hra\u0165 online za v\u00e4\u010d\u0161ie jackpoty len d\u00e1va zmysel ove\u013ea viac!<\/p>\n<h2>Ako Dosta\u0165 Zaplaten\u00e9<\/h2>\n<p>RedFoxLotto.com sa tie\u017e uis\u0165uje \u017ee <a href=\"https:\/\/redfoxlotto.com\/sk\/vysledky\/\">dostanete svoje v\u00fdhry<\/a>. Mimochodom, prov\u00edziu si ne\u00fa\u010dtujeme, okrem mal\u00e9ho poplatku v pr\u00edpade bankov\u00e9ho prevodu. To znamen\u00e1, \u017ee sa numus\u00edte ob\u00e1va\u0165 \u017ee by sme si zobrali \u010das\u0165 pe\u0148az\u00ed z va\u0161ej v\u00fdhry.<\/p>\n<p>Potom \u010do zaplat\u00edte za l\u00edstky, v\u0161etko \u010do ste vyhrali patr\u00ed v\u00e1m. Jedin\u00fd pr\u00edpad \u017ee by sme si z toho nie\u010do zobrali je ak sa rozhodnete previes\u0165 peniaze do va\u0161ej banky. V tom pr\u00edpade si \u00fa\u010dtujeme mal\u00fd pau\u0161\u00e1lny poplatok za cenu bankov\u00e9ho prevodu. Zvy\u0161ok pe\u0148az\u00ed dostanete priamo vy.<\/p>\n<p>Mnoho na\u0161ich z\u00e1kaznikov u\u017e vyhralo ceny pomocou n\u00e1s. Niektor\u00fd mali svoje \u017eivoty zmenen\u00e9 sumou ktor\u00fa vyhrali! Vieme, \u017ee budete ma\u0165 skvel\u00fa \u0161ancu vyhra\u0165 ve\u013ek\u00fa cenu alebo aspo\u0148 v\u00fdhru ktor\u00fa by ste nedostali ak by ste iba hrali lot\u00e9riov\u00e9 hry ktor\u00e9 m\u00f4\u017eete hra\u0165 vo va\u0161ej rodnej krajine.<\/p>\n<p>Toto s\u00fa d\u00f4vody pre\u010do sa hranie lot\u00e9rie online st\u00e1va \u010doraz ob\u013e\u00fabenej\u0161ie. A teraz je rad na v\u00e1s aby ste si strelili jeden z mega jackptov &#8211; na\u010do \u010dak\u00e1te? Mo\u017eete by\u0165 ve\u013ek\u00fdch v\u00fdhercom okam\u017eite, a to je iba za\u010diatok.<\/p>\n","protected":false},"excerpt":{"rendered":"<p>Viac lot\u00e9ri\u00ed a jackpotov na hranie pre ka\u017ed\u00e9ho! Skvel\u00e9 spr\u00e1vy pre fan\u00fa\u0161ikov Lot\u00e9rie na celom svete! Nie ste u\u017e viac obmedzen\u00fd na va\u0161u n\u00e1rodn\u00fa lot\u00e9riu! Pam\u00e4t\u00e1te sa ke\u010f lot\u00e9ria za\u010dala by\u0165 lot\u00e9ria po prv\u00fdkr\u00e1t popul\u00e1rna? Naozaj to nebolo tak d\u00e1vno \u010do ka\u017ed\u00fd za\u010dal hra\u0165 svoje miestne a n\u00e1rodn\u00e9 lot\u00e9rie. Ale to bolo v\u0161etko \u010do ste [&hellip;]<\/p>\n","protected":false},"author":1,"featured_media":0,"parent":0,"menu_order":2,"comment_status":"closed","ping_status":"closed","template":"Play-all.php","meta":{"_et_pb_use_builder":"","_et_pb_old_content":"","_et_gb_content_width":"","exclude_from_search":false,"footnotes":""},"class_list":["post-10270","page","type-page","status-publish","hentry"],"yoast_head":"<!-- This site is optimized with the Yoast SEO plugin v23.8 - https:\/\/yoast.com\/wordpress\/plugins\/seo\/ -->\n<title>Hrajte lot\u00e9riu online<\/title>\n<meta name=\"description\" content=\"Hranie medzin\u00e1rodn\u00fdch lot\u00e9ri\u00ed online v\u00e1m d\u00e1 viac mo\u017enost\u00ed a lep\u0161ie \u0161ance - zistite pre\u010do!\" \/>\n<meta name=\"robots\" content=\"index, follow, max-snippet:-1, max-image-preview:large, max-video-preview:-1\" \/>\n<link rel=\"canonical\" href=\"https:\/\/redfoxlotto.com\/sk\/hraj\/\" \/>\n<meta property=\"og:locale\" content=\"sk_SK\" \/>\n<meta property=\"og:type\" content=\"article\" \/>\n<meta property=\"og:title\" content=\"Hrajte lot\u00e9riu online\" \/>\n<meta property=\"og:description\" content=\"Hranie medzin\u00e1rodn\u00fdch lot\u00e9ri\u00ed online v\u00e1m d\u00e1 viac mo\u017enost\u00ed a lep\u0161ie \u0161ance - zistite pre\u010do!\" \/>\n<meta property=\"og:url\" content=\"https:\/\/redfoxlotto.com\/sk\/hraj\/\" \/>\n<meta property=\"og:site_name\" content=\"Get Tickets for the World\u2019s largest jackpots\" \/>\n<meta property=\"article:modified_time\" content=\"2025-12-15T19:53:05+00:00\" \/>\n<meta property=\"og:image\" content=\"https:\/\/content.redfoxlotto.com\/uploads\/sites\/9\/1_playing_lottery_online.jpg\" \/>\n<meta name=\"twitter:card\" content=\"summary_large_image\" \/>\n<meta name=\"twitter:label1\" content=\"Predpokladan\u00fd \u010das \u010d\u00edtania\" \/>\n\t<meta name=\"twitter:data1\" content=\"4 min\u00faty\" \/>\n<script type=\"application\/ld+json\" class=\"yoast-schema-graph\">{\"@context\":\"https:\/\/schema.org\",\"@graph\":[{\"@type\":\"WebPage\",\"@id\":\"https:\/\/redfoxlotto.com\/sk\/hraj\/\",\"url\":\"https:\/\/redfoxlotto.com\/sk\/hraj\/\",\"name\":\"Hrajte lot\u00e9riu online\",\"isPartOf\":{\"@id\":\"https:\/\/redfoxlotto.com\/sk\/#website\"},\"primaryImageOfPage\":{\"@id\":\"https:\/\/redfoxlotto.com\/sk\/hraj\/#primaryimage\"},\"image\":{\"@id\":\"https:\/\/redfoxlotto.com\/sk\/hraj\/#primaryimage\"},\"thumbnailUrl\":\"https:\/\/content.redfoxlotto.com\/uploads\/sites\/9\/1_playing_lottery_online.jpg\",\"datePublished\":\"2023-04-24T14:10:57+00:00\",\"dateModified\":\"2025-12-15T19:53:05+00:00\",\"description\":\"Hranie medzin\u00e1rodn\u00fdch lot\u00e9ri\u00ed online v\u00e1m d\u00e1 viac mo\u017enost\u00ed a lep\u0161ie \u0161ance - zistite pre\u010do!\",\"breadcrumb\":{\"@id\":\"https:\/\/redfoxlotto.com\/sk\/hraj\/#breadcrumb\"},\"inLanguage\":\"sk-SK\",\"potentialAction\":[{\"@type\":\"ReadAction\",\"target\":[\"https:\/\/redfoxlotto.com\/sk\/hraj\/\"]}]},{\"@type\":\"ImageObject\",\"inLanguage\":\"sk-SK\",\"@id\":\"https:\/\/redfoxlotto.com\/sk\/hraj\/#primaryimage\",\"url\":\"https:\/\/content.redfoxlotto.com\/uploads\/sites\/9\/1_playing_lottery_online.jpg\",\"contentUrl\":\"https:\/\/content.redfoxlotto.com\/uploads\/sites\/9\/1_playing_lottery_online.jpg\"},{\"@type\":\"BreadcrumbList\",\"@id\":\"https:\/\/redfoxlotto.com\/sk\/hraj\/#breadcrumb\",\"itemListElement\":[{\"@type\":\"ListItem\",\"position\":1,\"name\":\"Home\",\"item\":\"https:\/\/redfoxlotto.com\/sk\/\"},{\"@type\":\"ListItem\",\"position\":2,\"name\":\"Ako hra\u0165 lot\u00e9rie z in\u00fdch kraj\u00edn\"}]},{\"@type\":\"WebSite\",\"@id\":\"https:\/\/redfoxlotto.com\/sk\/#website\",\"url\":\"https:\/\/redfoxlotto.com\/sk\/\",\"name\":\"Get Tickets for the World\u2019s largest jackpots\",\"description\":\"Participate in worldwide lottery jackpots from any country\",\"publisher\":{\"@id\":\"https:\/\/redfoxlotto.com\/sk\/#organization\"},\"potentialAction\":[{\"@type\":\"SearchAction\",\"target\":{\"@type\":\"EntryPoint\",\"urlTemplate\":\"https:\/\/redfoxlotto.com\/sk\/?s={search_term_string}\"},\"query-input\":{\"@type\":\"PropertyValueSpecification\",\"valueRequired\":true,\"valueName\":\"search_term_string\"}}],\"inLanguage\":\"sk-SK\"},{\"@type\":\"Organization\",\"@id\":\"https:\/\/redfoxlotto.com\/sk\/#organization\",\"name\":\"Get Tickets for the World\u2019s largest jackpots\",\"url\":\"https:\/\/redfoxlotto.com\/sk\/\",\"logo\":{\"@type\":\"ImageObject\",\"inLanguage\":\"sk-SK\",\"@id\":\"https:\/\/redfoxlotto.com\/sk\/#\/schema\/logo\/image\/\",\"url\":\"https:\/\/redfoxlotto.com\/wp-content\/uploads\/2023\/04\/logo.png\",\"contentUrl\":\"https:\/\/redfoxlotto.com\/wp-content\/uploads\/2023\/04\/logo.png\",\"width\":269,\"height\":53,\"caption\":\"Get Tickets for the World\u2019s largest jackpots\"},\"image\":{\"@id\":\"https:\/\/redfoxlotto.com\/sk\/#\/schema\/logo\/image\/\"}}]}<\/script>\n<!-- \/ Yoast SEO plugin. -->","yoast_head_json":{"title":"Hrajte lot\u00e9riu online","description":"Hranie medzin\u00e1rodn\u00fdch lot\u00e9ri\u00ed online v\u00e1m d\u00e1 viac mo\u017enost\u00ed a lep\u0161ie \u0161ance - zistite pre\u010do!","robots":{"index":"index","follow":"follow","max-snippet":"max-snippet:-1","max-image-preview":"max-image-preview:large","max-video-preview":"max-video-preview:-1"},"canonical":"https:\/\/redfoxlotto.com\/sk\/hraj\/","og_locale":"sk_SK","og_type":"article","og_title":"Hrajte lot\u00e9riu online","og_description":"Hranie medzin\u00e1rodn\u00fdch lot\u00e9ri\u00ed online v\u00e1m d\u00e1 viac mo\u017enost\u00ed a lep\u0161ie \u0161ance - zistite pre\u010do!","og_url":"https:\/\/redfoxlotto.com\/sk\/hraj\/","og_site_name":"Get Tickets for the World\u2019s largest jackpots","article_modified_time":"2025-12-15T19:53:05+00:00","og_image":[{"url":"https:\/\/content.redfoxlotto.com\/uploads\/sites\/9\/1_playing_lottery_online.jpg"}],"twitter_card":"summary_large_image","twitter_misc":{"Predpokladan\u00fd \u010das \u010d\u00edtania":"4 min\u00faty"},"schema":{"@context":"https:\/\/schema.org","@graph":[{"@type":"WebPage","@id":"https:\/\/redfoxlotto.com\/sk\/hraj\/","url":"https:\/\/redfoxlotto.com\/sk\/hraj\/","name":"Hrajte lot\u00e9riu online","isPartOf":{"@id":"https:\/\/redfoxlotto.com\/sk\/#website"},"primaryImageOfPage":{"@id":"https:\/\/redfoxlotto.com\/sk\/hraj\/#primaryimage"},"image":{"@id":"https:\/\/redfoxlotto.com\/sk\/hraj\/#primaryimage"},"thumbnailUrl":"https:\/\/content.redfoxlotto.com\/uploads\/sites\/9\/1_playing_lottery_online.jpg","datePublished":"2023-04-24T14:10:57+00:00","dateModified":"2025-12-15T19:53:05+00:00","description":"Hranie medzin\u00e1rodn\u00fdch lot\u00e9ri\u00ed online v\u00e1m d\u00e1 viac mo\u017enost\u00ed a lep\u0161ie \u0161ance - zistite pre\u010do!","breadcrumb":{"@id":"https:\/\/redfoxlotto.com\/sk\/hraj\/#breadcrumb"},"inLanguage":"sk-SK","potentialAction":[{"@type":"ReadAction","target":["https:\/\/redfoxlotto.com\/sk\/hraj\/"]}]},{"@type":"ImageObject","inLanguage":"sk-SK","@id":"https:\/\/redfoxlotto.com\/sk\/hraj\/#primaryimage","url":"https:\/\/content.redfoxlotto.com\/uploads\/sites\/9\/1_playing_lottery_online.jpg","contentUrl":"https:\/\/content.redfoxlotto.com\/uploads\/sites\/9\/1_playing_lottery_online.jpg"},{"@type":"BreadcrumbList","@id":"https:\/\/redfoxlotto.com\/sk\/hraj\/#breadcrumb","itemListElement":[{"@type":"ListItem","position":1,"name":"Home","item":"https:\/\/redfoxlotto.com\/sk\/"},{"@type":"ListItem","position":2,"name":"Ako hra\u0165 lot\u00e9rie z in\u00fdch kraj\u00edn"}]},{"@type":"WebSite","@id":"https:\/\/redfoxlotto.com\/sk\/#website","url":"https:\/\/redfoxlotto.com\/sk\/","name":"Get Tickets for the World\u2019s largest jackpots","description":"Participate in worldwide lottery jackpots from any country","publisher":{"@id":"https:\/\/redfoxlotto.com\/sk\/#organization"},"potentialAction":[{"@type":"SearchAction","target":{"@type":"EntryPoint","urlTemplate":"https:\/\/redfoxlotto.com\/sk\/?s={search_term_string}"},"query-input":{"@type":"PropertyValueSpecification","valueRequired":true,"valueName":"search_term_string"}}],"inLanguage":"sk-SK"},{"@type":"Organization","@id":"https:\/\/redfoxlotto.com\/sk\/#organization","name":"Get Tickets for the World\u2019s largest jackpots","url":"https:\/\/redfoxlotto.com\/sk\/","logo":{"@type":"ImageObject","inLanguage":"sk-SK","@id":"https:\/\/redfoxlotto.com\/sk\/#\/schema\/logo\/image\/","url":"https:\/\/redfoxlotto.com\/wp-content\/uploads\/2023\/04\/logo.png","contentUrl":"https:\/\/redfoxlotto.com\/wp-content\/uploads\/2023\/04\/logo.png","width":269,"height":53,"caption":"Get Tickets for the World\u2019s largest jackpots"},"image":{"@id":"https:\/\/redfoxlotto.com\/sk\/#\/schema\/logo\/image\/"}}]}},"_links":{"self":[{"href":"https:\/\/redfoxlotto.com\/sk\/wp-json\/wp\/v2\/pages\/10270","targetHints":{"allow":["GET"]}}],"collection":[{"href":"https:\/\/redfoxlotto.com\/sk\/wp-json\/wp\/v2\/pages"}],"about":[{"href":"https:\/\/redfoxlotto.com\/sk\/wp-json\/wp\/v2\/types\/page"}],"author":[{"embeddable":true,"href":"https:\/\/redfoxlotto.com\/sk\/wp-json\/wp\/v2\/users\/1"}],"replies":[{"embeddable":true,"href":"https:\/\/redfoxlotto.com\/sk\/wp-json\/wp\/v2\/comments?post=10270"}],"version-history":[{"count":0,"href":"https:\/\/redfoxlotto.com\/sk\/wp-json\/wp\/v2\/pages\/10270\/revisions"}],"wp:attachment":[{"href":"https:\/\/redfoxlotto.com\/sk\/wp-json\/wp\/v2\/media?parent=10270"}],"curies":[{"name":"wp","href":"https:\/\/api.w.org\/{rel}","templated":true}]}}