{"id":10267,"date":"2018-11-18T08:54:25","date_gmt":"2018-11-18T08:54:25","guid":{"rendered":"https:\/\/redfoxlotto.com\/?page_id=3375"},"modified":"2020-04-20T15:20:50","modified_gmt":"2020-04-20T15:20:50","slug":"lotto-uk","status":"publish","type":"page","link":"https:\/\/redfoxlotto.com\/sk\/vysledky\/lotto-uk\/","title":{"rendered":"UK Lottery V\u00fdsledky"},"content":{"rendered":"<p>Tu s\u00fa aktu\u00e1lne v\u00fdsledky UK Lotto. V arch\u00edve v\u00fdsledkov losovan\u00ed British lottery si m\u00f4\u017eete pozrie\u0165 minul\u00e9 t\u00fd\u017edne a ich v\u00fdsledky.<\/p>\n<p><!--more--><\/p>\n<h2>UK National Lottery Jackpot &#8211; UK Lotto Losovania<\/h2>\n<p><img loading=\"lazy\" decoding=\"async\" class=\" wp-image alignright\" src=\"https:\/\/content.redfoxlotto.com\/uploads\/sites\/9\/1_results_tickets_lotto.jpg\" alt=\"UK Lotto\" width=\"268\" height=\"189\"><\/p>\n<p>Minim\u00e1lny jackpot najv\u00e4\u010d\u0161ej Britskej lot\u00e9rie za\u010d\u00edna na 2 500 000 \u00a3 a 5 000 000 \u00a3 v Sobotu. Lot\u00e9ria je zalo\u017een\u00e1 na jednoduchom form\u00e1te 6 z 59 \u010d\u00edsel.<\/p>\n<p>Historicky najvy\u0161\u0161ie sk\u00f3re v UK Lotto malo hodnotu 42 mili\u00f3nov \u00a3.<\/p>\n<p>UK National Lottery je tie\u017e zn\u00e1ma v ostatn\u00fdch Eur\u00f3pskych \u0161t\u00e1toch kv\u00f4li relat\u00edvne vysok\u00fdm cen\u00e1m v ni\u017e\u0161\u00edch ziskov\u00fdch triedach.<\/p>\n<h2>UK Lotto ceny a v\u00fdhercovia<\/h2>\n<p><img loading=\"lazy\" decoding=\"async\" class=\" wp-image alignright\" src=\"https:\/\/content.redfoxlotto.com\/uploads\/sites\/9\/1_lucky_lottery_winner.jpg\" alt=\"v\u00fdhern\u00e9 \u010d\u00edsla\" width=\"202\" height=\"275\"><\/p>\n<p>UK Lotto m\u00e1 \u0161es\u0165 cenov\u00fdch kateg\u00e9ri\u00ed, ktor\u00e9 m\u00f4\u017eete vidie\u0165 v tabu\u013eke vy\u0161\u0161ie. Dodato\u010dne, si m\u00f4\u017eete pozrie\u0165 po\u010det hr\u00e1\u010dov ktor\u00fd si vybrali po\u017eadovan\u00e9 \u010d\u00edsla spr\u00e1vne a ak\u00e9 cenov\u00e9 sumy to boli.<\/p>\n<h2>Najlosovanej\u0161ie \u010d\u00edsla v UK Lottery<\/h2>\n<p>Najlosovanej\u0161ie \u010d\u00edsla v UK National Lottery s\u00fa 9, 12, 15, 17 a 19. Najzriedkavej\u0161ie s\u00fa \u010d\u00edsla 1, 2, 6, 32 a 47.<\/p>\n","protected":false},"excerpt":{"rendered":"<p>Tu s\u00fa aktu\u00e1lne v\u00fdsledky UK Lotto. V arch\u00edve v\u00fdsledkov losovan\u00ed British lottery si m\u00f4\u017eete pozrie\u0165 minul\u00e9 t\u00fd\u017edne a ich v\u00fdsledky.<\/p>\n","protected":false},"author":1,"featured_media":0,"parent":10260,"menu_order":9,"comment_status":"closed","ping_status":"closed","template":"lotto-uk-results.php","meta":{"_et_pb_use_builder":"","_et_pb_old_content":"","_et_gb_content_width":"","exclude_from_search":false,"footnotes":""},"class_list":["post-10267","page","type-page","status-publish","hentry"],"yoast_head":"<!-- This site is optimized with the Yoast SEO plugin v23.8 - https:\/\/yoast.com\/wordpress\/plugins\/seo\/ -->\n<title>V\u00fdhern\u00e9 \u010d\u00edsla a v\u00fdsledky pre UK Lottery<\/title>\n<meta name=\"description\" content=\"Prin\u00e1\u0161ame v\u00e1m v\u00fdsledky UK Lottery, a arch\u00edv minul\u00fdch v\u00fdhern\u00fdch \u010d\u00edsel\" \/>\n<meta name=\"robots\" content=\"index, follow, max-snippet:-1, max-image-preview:large, max-video-preview:-1\" \/>\n<link rel=\"canonical\" href=\"https:\/\/redfoxlotto.com\/sk\/vysledky\/lotto-uk\/\" \/>\n<meta property=\"og:locale\" content=\"sk_SK\" \/>\n<meta property=\"og:type\" content=\"article\" \/>\n<meta property=\"og:title\" content=\"V\u00fdhern\u00e9 \u010d\u00edsla a v\u00fdsledky pre UK Lottery\" \/>\n<meta property=\"og:description\" content=\"Prin\u00e1\u0161ame v\u00e1m v\u00fdsledky UK Lottery, a arch\u00edv minul\u00fdch v\u00fdhern\u00fdch \u010d\u00edsel\" \/>\n<meta property=\"og:url\" content=\"https:\/\/redfoxlotto.com\/sk\/vysledky\/lotto-uk\/\" \/>\n<meta property=\"og:site_name\" content=\"Get Tickets for the World\u2019s largest jackpots\" \/>\n<meta property=\"article:modified_time\" content=\"2020-04-20T15:20:50+00:00\" \/>\n<meta property=\"og:image\" content=\"https:\/\/content.redfoxlotto.com\/uploads\/sites\/9\/1_results_tickets_lotto.jpg\" \/>\n<meta name=\"twitter:card\" content=\"summary_large_image\" \/>\n<meta name=\"twitter:label1\" content=\"Predpokladan\u00fd \u010das \u010d\u00edtania\" \/>\n\t<meta name=\"twitter:data1\" content=\"2 min\u00faty\" \/>\n<script type=\"application\/ld+json\" class=\"yoast-schema-graph\">{\"@context\":\"https:\/\/schema.org\",\"@graph\":[{\"@type\":\"WebPage\",\"@id\":\"https:\/\/redfoxlotto.com\/sk\/vysledky\/lotto-uk\/\",\"url\":\"https:\/\/redfoxlotto.com\/sk\/vysledky\/lotto-uk\/\",\"name\":\"V\u00fdhern\u00e9 \u010d\u00edsla a v\u00fdsledky pre UK Lottery\",\"isPartOf\":{\"@id\":\"https:\/\/redfoxlotto.com\/sk\/#website\"},\"primaryImageOfPage\":{\"@id\":\"https:\/\/redfoxlotto.com\/sk\/vysledky\/lotto-uk\/#primaryimage\"},\"image\":{\"@id\":\"https:\/\/redfoxlotto.com\/sk\/vysledky\/lotto-uk\/#primaryimage\"},\"thumbnailUrl\":\"https:\/\/content.redfoxlotto.com\/uploads\/sites\/9\/1_results_tickets_lotto.jpg\",\"datePublished\":\"2018-11-18T08:54:25+00:00\",\"dateModified\":\"2020-04-20T15:20:50+00:00\",\"description\":\"Prin\u00e1\u0161ame v\u00e1m v\u00fdsledky UK Lottery, a arch\u00edv minul\u00fdch v\u00fdhern\u00fdch \u010d\u00edsel\",\"breadcrumb\":{\"@id\":\"https:\/\/redfoxlotto.com\/sk\/vysledky\/lotto-uk\/#breadcrumb\"},\"inLanguage\":\"sk-SK\",\"potentialAction\":[{\"@type\":\"ReadAction\",\"target\":[\"https:\/\/redfoxlotto.com\/sk\/vysledky\/lotto-uk\/\"]}]},{\"@type\":\"ImageObject\",\"inLanguage\":\"sk-SK\",\"@id\":\"https:\/\/redfoxlotto.com\/sk\/vysledky\/lotto-uk\/#primaryimage\",\"url\":\"https:\/\/content.redfoxlotto.com\/uploads\/sites\/9\/1_results_tickets_lotto.jpg\",\"contentUrl\":\"https:\/\/content.redfoxlotto.com\/uploads\/sites\/9\/1_results_tickets_lotto.jpg\"},{\"@type\":\"BreadcrumbList\",\"@id\":\"https:\/\/redfoxlotto.com\/sk\/vysledky\/lotto-uk\/#breadcrumb\",\"itemListElement\":[{\"@type\":\"ListItem\",\"position\":1,\"name\":\"Home\",\"item\":\"https:\/\/redfoxlotto.com\/sk\/\"},{\"@type\":\"ListItem\",\"position\":2,\"name\":\"V\u00fdsledky medzin\u00e1rodnej lot\u00e9rie\",\"item\":\"https:\/\/redfoxlotto.com\/sk\/vysledky\/\"},{\"@type\":\"ListItem\",\"position\":3,\"name\":\"UK Lottery V\u00fdsledky\"}]},{\"@type\":\"WebSite\",\"@id\":\"https:\/\/redfoxlotto.com\/sk\/#website\",\"url\":\"https:\/\/redfoxlotto.com\/sk\/\",\"name\":\"Get Tickets for the World\u2019s largest jackpots\",\"description\":\"Participate in worldwide lottery jackpots from any country\",\"publisher\":{\"@id\":\"https:\/\/redfoxlotto.com\/sk\/#organization\"},\"potentialAction\":[{\"@type\":\"SearchAction\",\"target\":{\"@type\":\"EntryPoint\",\"urlTemplate\":\"https:\/\/redfoxlotto.com\/sk\/?s={search_term_string}\"},\"query-input\":{\"@type\":\"PropertyValueSpecification\",\"valueRequired\":true,\"valueName\":\"search_term_string\"}}],\"inLanguage\":\"sk-SK\"},{\"@type\":\"Organization\",\"@id\":\"https:\/\/redfoxlotto.com\/sk\/#organization\",\"name\":\"Get Tickets for the World\u2019s largest jackpots\",\"url\":\"https:\/\/redfoxlotto.com\/sk\/\",\"logo\":{\"@type\":\"ImageObject\",\"inLanguage\":\"sk-SK\",\"@id\":\"https:\/\/redfoxlotto.com\/sk\/#\/schema\/logo\/image\/\",\"url\":\"https:\/\/redfoxlotto.com\/wp-content\/uploads\/2023\/04\/logo.png\",\"contentUrl\":\"https:\/\/redfoxlotto.com\/wp-content\/uploads\/2023\/04\/logo.png\",\"width\":269,\"height\":53,\"caption\":\"Get Tickets for the World\u2019s largest jackpots\"},\"image\":{\"@id\":\"https:\/\/redfoxlotto.com\/sk\/#\/schema\/logo\/image\/\"}}]}<\/script>\n<!-- \/ Yoast SEO plugin. -->","yoast_head_json":{"title":"V\u00fdhern\u00e9 \u010d\u00edsla a v\u00fdsledky pre UK Lottery","description":"Prin\u00e1\u0161ame v\u00e1m v\u00fdsledky UK Lottery, a arch\u00edv minul\u00fdch v\u00fdhern\u00fdch \u010d\u00edsel","robots":{"index":"index","follow":"follow","max-snippet":"max-snippet:-1","max-image-preview":"max-image-preview:large","max-video-preview":"max-video-preview:-1"},"canonical":"https:\/\/redfoxlotto.com\/sk\/vysledky\/lotto-uk\/","og_locale":"sk_SK","og_type":"article","og_title":"V\u00fdhern\u00e9 \u010d\u00edsla a v\u00fdsledky pre UK Lottery","og_description":"Prin\u00e1\u0161ame v\u00e1m v\u00fdsledky UK Lottery, a arch\u00edv minul\u00fdch v\u00fdhern\u00fdch \u010d\u00edsel","og_url":"https:\/\/redfoxlotto.com\/sk\/vysledky\/lotto-uk\/","og_site_name":"Get Tickets for the World\u2019s largest jackpots","article_modified_time":"2020-04-20T15:20:50+00:00","og_image":[{"url":"https:\/\/content.redfoxlotto.com\/uploads\/sites\/9\/1_results_tickets_lotto.jpg"}],"twitter_card":"summary_large_image","twitter_misc":{"Predpokladan\u00fd \u010das \u010d\u00edtania":"2 min\u00faty"},"schema":{"@context":"https:\/\/schema.org","@graph":[{"@type":"WebPage","@id":"https:\/\/redfoxlotto.com\/sk\/vysledky\/lotto-uk\/","url":"https:\/\/redfoxlotto.com\/sk\/vysledky\/lotto-uk\/","name":"V\u00fdhern\u00e9 \u010d\u00edsla a v\u00fdsledky pre UK Lottery","isPartOf":{"@id":"https:\/\/redfoxlotto.com\/sk\/#website"},"primaryImageOfPage":{"@id":"https:\/\/redfoxlotto.com\/sk\/vysledky\/lotto-uk\/#primaryimage"},"image":{"@id":"https:\/\/redfoxlotto.com\/sk\/vysledky\/lotto-uk\/#primaryimage"},"thumbnailUrl":"https:\/\/content.redfoxlotto.com\/uploads\/sites\/9\/1_results_tickets_lotto.jpg","datePublished":"2018-11-18T08:54:25+00:00","dateModified":"2020-04-20T15:20:50+00:00","description":"Prin\u00e1\u0161ame v\u00e1m v\u00fdsledky UK Lottery, a arch\u00edv minul\u00fdch v\u00fdhern\u00fdch \u010d\u00edsel","breadcrumb":{"@id":"https:\/\/redfoxlotto.com\/sk\/vysledky\/lotto-uk\/#breadcrumb"},"inLanguage":"sk-SK","potentialAction":[{"@type":"ReadAction","target":["https:\/\/redfoxlotto.com\/sk\/vysledky\/lotto-uk\/"]}]},{"@type":"ImageObject","inLanguage":"sk-SK","@id":"https:\/\/redfoxlotto.com\/sk\/vysledky\/lotto-uk\/#primaryimage","url":"https:\/\/content.redfoxlotto.com\/uploads\/sites\/9\/1_results_tickets_lotto.jpg","contentUrl":"https:\/\/content.redfoxlotto.com\/uploads\/sites\/9\/1_results_tickets_lotto.jpg"},{"@type":"BreadcrumbList","@id":"https:\/\/redfoxlotto.com\/sk\/vysledky\/lotto-uk\/#breadcrumb","itemListElement":[{"@type":"ListItem","position":1,"name":"Home","item":"https:\/\/redfoxlotto.com\/sk\/"},{"@type":"ListItem","position":2,"name":"V\u00fdsledky medzin\u00e1rodnej lot\u00e9rie","item":"https:\/\/redfoxlotto.com\/sk\/vysledky\/"},{"@type":"ListItem","position":3,"name":"UK Lottery V\u00fdsledky"}]},{"@type":"WebSite","@id":"https:\/\/redfoxlotto.com\/sk\/#website","url":"https:\/\/redfoxlotto.com\/sk\/","name":"Get Tickets for the World\u2019s largest jackpots","description":"Participate in worldwide lottery jackpots from any country","publisher":{"@id":"https:\/\/redfoxlotto.com\/sk\/#organization"},"potentialAction":[{"@type":"SearchAction","target":{"@type":"EntryPoint","urlTemplate":"https:\/\/redfoxlotto.com\/sk\/?s={search_term_string}"},"query-input":{"@type":"PropertyValueSpecification","valueRequired":true,"valueName":"search_term_string"}}],"inLanguage":"sk-SK"},{"@type":"Organization","@id":"https:\/\/redfoxlotto.com\/sk\/#organization","name":"Get Tickets for the World\u2019s largest jackpots","url":"https:\/\/redfoxlotto.com\/sk\/","logo":{"@type":"ImageObject","inLanguage":"sk-SK","@id":"https:\/\/redfoxlotto.com\/sk\/#\/schema\/logo\/image\/","url":"https:\/\/redfoxlotto.com\/wp-content\/uploads\/2023\/04\/logo.png","contentUrl":"https:\/\/redfoxlotto.com\/wp-content\/uploads\/2023\/04\/logo.png","width":269,"height":53,"caption":"Get Tickets for the World\u2019s largest jackpots"},"image":{"@id":"https:\/\/redfoxlotto.com\/sk\/#\/schema\/logo\/image\/"}}]}},"_links":{"self":[{"href":"https:\/\/redfoxlotto.com\/sk\/wp-json\/wp\/v2\/pages\/10267","targetHints":{"allow":["GET"]}}],"collection":[{"href":"https:\/\/redfoxlotto.com\/sk\/wp-json\/wp\/v2\/pages"}],"about":[{"href":"https:\/\/redfoxlotto.com\/sk\/wp-json\/wp\/v2\/types\/page"}],"author":[{"embeddable":true,"href":"https:\/\/redfoxlotto.com\/sk\/wp-json\/wp\/v2\/users\/1"}],"replies":[{"embeddable":true,"href":"https:\/\/redfoxlotto.com\/sk\/wp-json\/wp\/v2\/comments?post=10267"}],"version-history":[{"count":0,"href":"https:\/\/redfoxlotto.com\/sk\/wp-json\/wp\/v2\/pages\/10267\/revisions"}],"up":[{"embeddable":true,"href":"https:\/\/redfoxlotto.com\/sk\/wp-json\/wp\/v2\/pages\/10260"}],"wp:attachment":[{"href":"https:\/\/redfoxlotto.com\/sk\/wp-json\/wp\/v2\/media?parent=10267"}],"curies":[{"name":"wp","href":"https:\/\/api.w.org\/{rel}","templated":true}]}}