{"id":10266,"date":"2018-11-18T08:54:25","date_gmt":"2018-11-18T08:54:25","guid":{"rendered":"https:\/\/redfoxlotto.com\/?page_id=3372"},"modified":"2026-01-11T10:30:28","modified_gmt":"2026-01-11T10:30:28","slug":"superenalotto","status":"publish","type":"page","link":"https:\/\/redfoxlotto.com\/sk\/vysledky\/superenalotto\/","title":{"rendered":"SuperEnaLotto V\u00fdsledky"},"content":{"rendered":"<p>SuperEnalotto je zn\u00e1me t\u00fdm, \u017ee <a href=\"https:\/\/redfoxlotto.com\/sk\/\">jackpot<\/a> sa \u010dasto dlho nevyhr\u00e1va. Hlavn\u00e1 cena, ktorej minim\u00e1lna suma je 1 300 000, teda r\u00fdchlo st\u00fapa. A jej v\u00fd\u0161ka nie je obmedzen\u00e1. Najvy\u0161\u0161ia v\u00fdhra v SuperEnalotto bola doteraz 177 800 000 \u20ac!<br \/>\n<img loading=\"lazy\" decoding=\"async\" class=\" wp-image alignright\" src=\"https:\/\/content.redfoxlotto.com\/uploads\/sites\/9\/1_results_check_lottery.jpg\" alt=\"results lotto\" width=\"254\" height=\"254\" \/><\/p>\n<p>H\u013eadali ste u\u017e nejak\u00e9 r\u00f4zne hry, ktor\u00e9 by ste si mohli zahra\u0165? Mo\u017eno ste si v\u017edy mysleli, \u017ee lot\u00e9riu mus\u00edte hra\u0165 vo svojom regi\u00f3ne alebo aspo\u0148 vo svojej krajine. No, v pr\u00edpade online lot\u00e9rie to u\u017e ur\u010dite neplat\u00ed. Existuje pre v\u00e1s mno\u017estvo nov\u00fdch pr\u00edle\u017eitost\u00ed a v\u0161etko, \u010do mus\u00edte urobi\u0165, je pozrie\u0165 sa na niektor\u00e9 webov\u00e9 str\u00e1nky, ktor\u00e9 s\u00fa k dispoz\u00edcii. Uvid\u00edte mno\u017estvo hier, ktor\u00e9 ste mo\u017eno nikdy predt\u00fdm nevideli.<\/p>\n<p><a href=\"https:\/\/redfoxlotto.com\/sk\/hraj\/superenalotto\/\">SuperEnalotto<\/a> je jednou z najpopul\u00e1rnej\u0161\u00edch hier v Taliansku a je to tak\u00e1, do ktorej by ste sa ur\u010dite mohli zapoji\u0165. Svoje tikety si m\u00f4\u017eete k\u00fapi\u0165 priamo online, bez oh\u013eadu na to, kde b\u00fdvate. To pre v\u00e1s bude e\u0161te z\u00e1bavnej\u0161ie, preto\u017ee hr\u00e1te hru, ktor\u00fa ste mo\u017eno nikdy predt\u00fdm nevideli alebo o nej ani nepo\u010duli. \u010co je vzru\u0161uj\u00facej\u0161ie ako ma\u0165 \u00faplne nov\u00fa pr\u00edle\u017eitos\u0165 a \u00faplne in\u00fa \u0161ancu na v\u00fdhru ako v hr\u00e1ch, na ktor\u00e9 ste tak zvyknut\u00ed?<\/p>\n<p>Ke\u010f sa rozhodnete hra\u0165 t\u00fato hru, budete musie\u0165 vedie\u0165, odkia\u013e <a href=\"https:\/\/redfoxlotto.com\/sk\/loterie\/\">z\u00edskavate svoj tiket<\/a>. RedFoxLotto.com v\u00e1m m\u00f4\u017ee pom\u00f4c\u0165 s v\u00fdberom \u010d\u00edsel a objednan\u00edm tiketu, aby bol pripraven\u00fd pri \u010fal\u0161om \u017erebovan\u00ed. Je to \u00faplne online a st\u00e1le budete ma\u0165 rovnak\u00e9 mo\u017enosti ako niekto, kto si tiket k\u00fapil priamo v obchode. V\u010faka tomu je to pohodln\u00e9 aj pre t\u00fdch, ktor\u00ed \u017eij\u00fa v oblasti, kde sa hra hr\u00e1. Tiket si m\u00f4\u017eete k\u00fapi\u0165 online bez toho, aby ste museli opusti\u0165 svoj domov.<\/p>\n<h2>Pre\u010do SuperEnalotto?<\/h2>\n<p><img loading=\"lazy\" decoding=\"async\" class=\"wp-image alignright\" src=\"https:\/\/content.redfoxlotto.com\/uploads\/sites\/9\/1_lottery_winning_numbers.jpg\" alt=\"SuperEnalotto\" width=\"289\" height=\"137\" \/><\/p>\n<p>Pre\u010do by ste mali hra\u0165 t\u00fato hru? Jedn\u00fdm z d\u00f4vodov je, \u017ee m\u00e1te mo\u017enos\u0165 vyhra\u0165 mili\u00f3ny eur hran\u00edm. To m\u00f4\u017ee by\u0165 ve\u013emi z\u00e1bavn\u00e9. V skuto\u010dnosti je t\u00e1to hra zn\u00e1ma t\u00fdm, \u017ee m\u00e1 jedny z najv\u00e4\u010d\u0161\u00edch jackpotov, a to je ur\u010dite d\u00f4vod, pre\u010do by ste sa na \u0148u mali pozrie\u0165 bli\u017e\u0161ie a pr\u00edpadne sa ju rozhodn\u00fa\u0165 zahra\u0165 si aspo\u0148 nieko\u013ekokr\u00e1t. Kto by nechcel ma\u0165 \u0161ancu vyhra\u0165 mili\u00f3ny eur? A to v\u0161etko za n\u00edzku cenu jedn\u00e9ho tiketu (alebo nieko\u013ek\u00fdch tiketov, ak chcete trochu zv\u00fd\u0161i\u0165 svoje \u0161ance na v\u00fdhru).<\/p>\n<p>T\u00e1to hra m\u00e1 tie\u017e \u017erebovanie tri r\u00f4zne noci v t\u00fd\u017edni, tak\u017ee budete ma\u0165 mo\u017enos\u0165 hra\u0165 e\u0161te \u010dastej\u0161ie. T\u00ed, ktor\u00ed miluj\u00fa hry s \u010dastej\u0161\u00edmi \u017erebovaniami, ocenia, \u017ee t\u00e1to hra je k dispoz\u00edcii v utorok, \u0161tvrtok a sobotu, v\u017edy o 20:00. T\u00e1to hra nie je na trhu a\u017e tak dlho, ke\u010f sa pozriete na celkov\u00fa sch\u00e9mu vec\u00ed, preto\u017ee za\u010dala a\u017e v roku 1997, ale to neznamen\u00e1, \u017ee nebude z\u00e1bavn\u00e1 alebo \u017ee \u013eudia nebud\u00fa \u010daka\u0165, aby si k\u00fapili tiket (\u010do nebudete musie\u0165 robi\u0165, preto\u017ee hr\u00e1te v\u00fdlu\u010dne online).<\/p>\n<p>Nev\u00fdhodou tejto hry je, \u017ee m\u00f4\u017ee ma\u0165 n\u00edzku pravdepodobnos\u0165 v\u00fdhry. V skuto\u010dnosti je pravdepodobnos\u0165 v\u00fdhry jackpotu jedna z najni\u017e\u0161\u00edch na celom svete. To znamen\u00e1, \u017ee m\u00e1te v\u00e4\u010d\u0161iu \u0161ancu vyhra\u0165 takmer ak\u00fako\u013evek in\u00fa lot\u00e9riov\u00fa hru, ktor\u00fa hr\u00e1te, ne\u017e t\u00fato. Nemus\u00edte sa v\u0161ak c\u00edti\u0165 pr\u00edli\u0161 odraden\u00ed. St\u00e1le sa m\u00f4\u017eete skvele zabavi\u0165 pri hran\u00ed a st\u00e1le budete ma\u0165 \u0161ancu vyhra\u0165 niektor\u00e9 z men\u0161\u00edch cien. Navy\u0161e, ktovie, niekto mus\u00ed vyhra\u0165 ten jackpot, v\u0161ak? Pre\u010do by ste to nemohli by\u0165 vy?<\/p>\n<h2>V\u00fdsledky SuperEnalotto<\/h2>\n<p>Ako si teda skontrolujete v\u00fdsledky <a href=\"https:\/\/redfoxlotto.com\/sk\/loterie\/superenalotto\/\">SuperEnaLotto<\/a>, ak sa rozhodnete hra\u0165 t\u00fato hru? V skuto\u010dnosti m\u00e1te nieko\u013eko r\u00f4znych mo\u017enost\u00ed. Medzi najob\u013e\u00fabenej\u0161ie patr\u00ed jednoducho skontrolova\u0165 miestne noviny de\u0148 po \u017erebovan\u00ed alebo sledova\u0165 \u017erebovanie na\u017eivo, ak je dostupn\u00e9 vo va\u0161om telev\u00edzore. M\u00f4\u017eete si tie\u017e pozrie\u0165 jednu z nieko\u013ek\u00fdch webov\u00fdch str\u00e1nok (napr\u00edklad RedFoxLotto.com), ktor\u00e9 v\u00e1m zobrazia v\u00fdsledky bu\u010f ihne\u010f po \u017erebovan\u00ed, alebo do nieko\u013ek\u00fdch hod\u00edn od \u017erebovania. Takto nemus\u00edte str\u00e1ca\u0165 \u010das zis\u0165ovan\u00edm, \u010di ste vyhrali.<\/p>\n<p>Z\u00e1bava pri hran\u00ed lot\u00e9rie je prv\u00fdm krokom v celom procese, ale odtia\u013e sa chcete uisti\u0165, \u017ee nie\u010do vyhr\u00e1te. So SuperEnalotto m\u00f4\u017eete ma\u0165 ni\u017e\u0161ie \u0161ance, ale budete sa dobre bavi\u0165 a budete ma\u0165 mo\u017enos\u0165 za\u017ei\u0165 \u00faplne in\u00fd typ hry. Ak u\u017e nejak\u00fd \u010das <a href=\"https:\/\/redfoxlotto.com\/sk\/hraj\/\">hr\u00e1te lot\u00e9riu online<\/a>, toto je ur\u010dite \u010fal\u0161ia mo\u017enos\u0165.<\/p>\n","protected":false},"excerpt":{"rendered":"<p>SuperEnalotto je zn\u00e1me t\u00fdm, \u017ee jackpot sa \u010dasto dlho nevyhr\u00e1va. Hlavn\u00e1 cena, ktorej minim\u00e1lna suma je 1 300 000, teda r\u00fdchlo st\u00fapa. A jej v\u00fd\u0161ka nie je obmedzen\u00e1. Najvy\u0161\u0161ia v\u00fdhra v SuperEnalotto bola doteraz 177 800 000 \u20ac! H\u013eadali ste u\u017e nejak\u00e9 r\u00f4zne hry, ktor\u00e9 by ste si mohli zahra\u0165? Mo\u017eno ste si v\u017edy mysleli, [&hellip;]<\/p>\n","protected":false},"author":1,"featured_media":0,"parent":10260,"menu_order":5,"comment_status":"closed","ping_status":"closed","template":"superenalotto-results.php","meta":{"_et_pb_use_builder":"","_et_pb_old_content":"","_et_gb_content_width":"","exclude_from_search":false,"footnotes":""},"class_list":["post-10266","page","type-page","status-publish","hentry"],"yoast_head":"<!-- This site is optimized with the Yoast SEO plugin v23.8 - https:\/\/yoast.com\/wordpress\/plugins\/seo\/ -->\n<title>SuperEnalotto najnov\u0161ie v\u00fdhern\u00e9 \u010d\u00edsla<\/title>\n<meta name=\"description\" content=\"Najnov\u0161ie v\u00fdsledky a v\u00fdhern\u00e9 \u010d\u00edsla pre SuperEnalotto n\u00e1jdete tu na RedFoxLotto, kde si m\u00f4\u017eete zaobstara\u0165 aj svoje tikety.\" \/>\n<meta name=\"robots\" content=\"index, follow, max-snippet:-1, max-image-preview:large, max-video-preview:-1\" \/>\n<link rel=\"canonical\" href=\"https:\/\/redfoxlotto.com\/sk\/vysledky\/superenalotto\/\" \/>\n<meta property=\"og:locale\" content=\"sk_SK\" \/>\n<meta property=\"og:type\" content=\"article\" \/>\n<meta property=\"og:title\" content=\"SuperEnalotto najnov\u0161ie v\u00fdhern\u00e9 \u010d\u00edsla\" \/>\n<meta property=\"og:description\" content=\"Najnov\u0161ie v\u00fdsledky a v\u00fdhern\u00e9 \u010d\u00edsla pre SuperEnalotto n\u00e1jdete tu na RedFoxLotto, kde si m\u00f4\u017eete zaobstara\u0165 aj svoje tikety.\" \/>\n<meta property=\"og:url\" content=\"https:\/\/redfoxlotto.com\/sk\/vysledky\/superenalotto\/\" \/>\n<meta property=\"og:site_name\" content=\"Get Tickets for the World\u2019s largest jackpots\" \/>\n<meta property=\"article:modified_time\" content=\"2026-01-11T10:30:28+00:00\" \/>\n<meta property=\"og:image\" content=\"https:\/\/content.redfoxlotto.com\/uploads\/sites\/9\/1_results_check_lottery.jpg\" \/>\n<meta name=\"twitter:card\" content=\"summary_large_image\" \/>\n<meta name=\"twitter:label1\" content=\"Predpokladan\u00fd \u010das \u010d\u00edtania\" \/>\n\t<meta name=\"twitter:data1\" content=\"2 min\u00faty\" \/>\n<script type=\"application\/ld+json\" class=\"yoast-schema-graph\">{\"@context\":\"https:\/\/schema.org\",\"@graph\":[{\"@type\":\"WebPage\",\"@id\":\"https:\/\/redfoxlotto.com\/sk\/vysledky\/superenalotto\/\",\"url\":\"https:\/\/redfoxlotto.com\/sk\/vysledky\/superenalotto\/\",\"name\":\"SuperEnalotto najnov\u0161ie v\u00fdhern\u00e9 \u010d\u00edsla\",\"isPartOf\":{\"@id\":\"https:\/\/redfoxlotto.com\/sk\/#website\"},\"primaryImageOfPage\":{\"@id\":\"https:\/\/redfoxlotto.com\/sk\/vysledky\/superenalotto\/#primaryimage\"},\"image\":{\"@id\":\"https:\/\/redfoxlotto.com\/sk\/vysledky\/superenalotto\/#primaryimage\"},\"thumbnailUrl\":\"https:\/\/content.redfoxlotto.com\/uploads\/sites\/9\/1_results_check_lottery.jpg\",\"datePublished\":\"2018-11-18T08:54:25+00:00\",\"dateModified\":\"2026-01-11T10:30:28+00:00\",\"description\":\"Najnov\u0161ie v\u00fdsledky a v\u00fdhern\u00e9 \u010d\u00edsla pre SuperEnalotto n\u00e1jdete tu na RedFoxLotto, kde si m\u00f4\u017eete zaobstara\u0165 aj svoje tikety.\",\"breadcrumb\":{\"@id\":\"https:\/\/redfoxlotto.com\/sk\/vysledky\/superenalotto\/#breadcrumb\"},\"inLanguage\":\"sk-SK\",\"potentialAction\":[{\"@type\":\"ReadAction\",\"target\":[\"https:\/\/redfoxlotto.com\/sk\/vysledky\/superenalotto\/\"]}]},{\"@type\":\"ImageObject\",\"inLanguage\":\"sk-SK\",\"@id\":\"https:\/\/redfoxlotto.com\/sk\/vysledky\/superenalotto\/#primaryimage\",\"url\":\"https:\/\/content.redfoxlotto.com\/uploads\/sites\/9\/1_results_check_lottery.jpg\",\"contentUrl\":\"https:\/\/content.redfoxlotto.com\/uploads\/sites\/9\/1_results_check_lottery.jpg\"},{\"@type\":\"BreadcrumbList\",\"@id\":\"https:\/\/redfoxlotto.com\/sk\/vysledky\/superenalotto\/#breadcrumb\",\"itemListElement\":[{\"@type\":\"ListItem\",\"position\":1,\"name\":\"Home\",\"item\":\"https:\/\/redfoxlotto.com\/sk\/\"},{\"@type\":\"ListItem\",\"position\":2,\"name\":\"V\u00fdsledky medzin\u00e1rodnej lot\u00e9rie\",\"item\":\"https:\/\/redfoxlotto.com\/sk\/vysledky\/\"},{\"@type\":\"ListItem\",\"position\":3,\"name\":\"SuperEnaLotto V\u00fdsledky\"}]},{\"@type\":\"WebSite\",\"@id\":\"https:\/\/redfoxlotto.com\/sk\/#website\",\"url\":\"https:\/\/redfoxlotto.com\/sk\/\",\"name\":\"Get Tickets for the World\u2019s largest jackpots\",\"description\":\"Participate in worldwide lottery jackpots from any country\",\"publisher\":{\"@id\":\"https:\/\/redfoxlotto.com\/sk\/#organization\"},\"potentialAction\":[{\"@type\":\"SearchAction\",\"target\":{\"@type\":\"EntryPoint\",\"urlTemplate\":\"https:\/\/redfoxlotto.com\/sk\/?s={search_term_string}\"},\"query-input\":{\"@type\":\"PropertyValueSpecification\",\"valueRequired\":true,\"valueName\":\"search_term_string\"}}],\"inLanguage\":\"sk-SK\"},{\"@type\":\"Organization\",\"@id\":\"https:\/\/redfoxlotto.com\/sk\/#organization\",\"name\":\"Get Tickets for the World\u2019s largest jackpots\",\"url\":\"https:\/\/redfoxlotto.com\/sk\/\",\"logo\":{\"@type\":\"ImageObject\",\"inLanguage\":\"sk-SK\",\"@id\":\"https:\/\/redfoxlotto.com\/sk\/#\/schema\/logo\/image\/\",\"url\":\"https:\/\/redfoxlotto.com\/wp-content\/uploads\/2023\/04\/logo.png\",\"contentUrl\":\"https:\/\/redfoxlotto.com\/wp-content\/uploads\/2023\/04\/logo.png\",\"width\":269,\"height\":53,\"caption\":\"Get Tickets for the World\u2019s largest jackpots\"},\"image\":{\"@id\":\"https:\/\/redfoxlotto.com\/sk\/#\/schema\/logo\/image\/\"}}]}<\/script>\n<!-- \/ Yoast SEO plugin. -->","yoast_head_json":{"title":"SuperEnalotto najnov\u0161ie v\u00fdhern\u00e9 \u010d\u00edsla","description":"Najnov\u0161ie v\u00fdsledky a v\u00fdhern\u00e9 \u010d\u00edsla pre SuperEnalotto n\u00e1jdete tu na RedFoxLotto, kde si m\u00f4\u017eete zaobstara\u0165 aj svoje tikety.","robots":{"index":"index","follow":"follow","max-snippet":"max-snippet:-1","max-image-preview":"max-image-preview:large","max-video-preview":"max-video-preview:-1"},"canonical":"https:\/\/redfoxlotto.com\/sk\/vysledky\/superenalotto\/","og_locale":"sk_SK","og_type":"article","og_title":"SuperEnalotto najnov\u0161ie v\u00fdhern\u00e9 \u010d\u00edsla","og_description":"Najnov\u0161ie v\u00fdsledky a v\u00fdhern\u00e9 \u010d\u00edsla pre SuperEnalotto n\u00e1jdete tu na RedFoxLotto, kde si m\u00f4\u017eete zaobstara\u0165 aj svoje tikety.","og_url":"https:\/\/redfoxlotto.com\/sk\/vysledky\/superenalotto\/","og_site_name":"Get Tickets for the World\u2019s largest jackpots","article_modified_time":"2026-01-11T10:30:28+00:00","og_image":[{"url":"https:\/\/content.redfoxlotto.com\/uploads\/sites\/9\/1_results_check_lottery.jpg"}],"twitter_card":"summary_large_image","twitter_misc":{"Predpokladan\u00fd \u010das \u010d\u00edtania":"2 min\u00faty"},"schema":{"@context":"https:\/\/schema.org","@graph":[{"@type":"WebPage","@id":"https:\/\/redfoxlotto.com\/sk\/vysledky\/superenalotto\/","url":"https:\/\/redfoxlotto.com\/sk\/vysledky\/superenalotto\/","name":"SuperEnalotto najnov\u0161ie v\u00fdhern\u00e9 \u010d\u00edsla","isPartOf":{"@id":"https:\/\/redfoxlotto.com\/sk\/#website"},"primaryImageOfPage":{"@id":"https:\/\/redfoxlotto.com\/sk\/vysledky\/superenalotto\/#primaryimage"},"image":{"@id":"https:\/\/redfoxlotto.com\/sk\/vysledky\/superenalotto\/#primaryimage"},"thumbnailUrl":"https:\/\/content.redfoxlotto.com\/uploads\/sites\/9\/1_results_check_lottery.jpg","datePublished":"2018-11-18T08:54:25+00:00","dateModified":"2026-01-11T10:30:28+00:00","description":"Najnov\u0161ie v\u00fdsledky a v\u00fdhern\u00e9 \u010d\u00edsla pre SuperEnalotto n\u00e1jdete tu na RedFoxLotto, kde si m\u00f4\u017eete zaobstara\u0165 aj svoje tikety.","breadcrumb":{"@id":"https:\/\/redfoxlotto.com\/sk\/vysledky\/superenalotto\/#breadcrumb"},"inLanguage":"sk-SK","potentialAction":[{"@type":"ReadAction","target":["https:\/\/redfoxlotto.com\/sk\/vysledky\/superenalotto\/"]}]},{"@type":"ImageObject","inLanguage":"sk-SK","@id":"https:\/\/redfoxlotto.com\/sk\/vysledky\/superenalotto\/#primaryimage","url":"https:\/\/content.redfoxlotto.com\/uploads\/sites\/9\/1_results_check_lottery.jpg","contentUrl":"https:\/\/content.redfoxlotto.com\/uploads\/sites\/9\/1_results_check_lottery.jpg"},{"@type":"BreadcrumbList","@id":"https:\/\/redfoxlotto.com\/sk\/vysledky\/superenalotto\/#breadcrumb","itemListElement":[{"@type":"ListItem","position":1,"name":"Home","item":"https:\/\/redfoxlotto.com\/sk\/"},{"@type":"ListItem","position":2,"name":"V\u00fdsledky medzin\u00e1rodnej lot\u00e9rie","item":"https:\/\/redfoxlotto.com\/sk\/vysledky\/"},{"@type":"ListItem","position":3,"name":"SuperEnaLotto V\u00fdsledky"}]},{"@type":"WebSite","@id":"https:\/\/redfoxlotto.com\/sk\/#website","url":"https:\/\/redfoxlotto.com\/sk\/","name":"Get Tickets for the World\u2019s largest jackpots","description":"Participate in worldwide lottery jackpots from any country","publisher":{"@id":"https:\/\/redfoxlotto.com\/sk\/#organization"},"potentialAction":[{"@type":"SearchAction","target":{"@type":"EntryPoint","urlTemplate":"https:\/\/redfoxlotto.com\/sk\/?s={search_term_string}"},"query-input":{"@type":"PropertyValueSpecification","valueRequired":true,"valueName":"search_term_string"}}],"inLanguage":"sk-SK"},{"@type":"Organization","@id":"https:\/\/redfoxlotto.com\/sk\/#organization","name":"Get Tickets for the World\u2019s largest jackpots","url":"https:\/\/redfoxlotto.com\/sk\/","logo":{"@type":"ImageObject","inLanguage":"sk-SK","@id":"https:\/\/redfoxlotto.com\/sk\/#\/schema\/logo\/image\/","url":"https:\/\/redfoxlotto.com\/wp-content\/uploads\/2023\/04\/logo.png","contentUrl":"https:\/\/redfoxlotto.com\/wp-content\/uploads\/2023\/04\/logo.png","width":269,"height":53,"caption":"Get Tickets for the World\u2019s largest jackpots"},"image":{"@id":"https:\/\/redfoxlotto.com\/sk\/#\/schema\/logo\/image\/"}}]}},"_links":{"self":[{"href":"https:\/\/redfoxlotto.com\/sk\/wp-json\/wp\/v2\/pages\/10266","targetHints":{"allow":["GET"]}}],"collection":[{"href":"https:\/\/redfoxlotto.com\/sk\/wp-json\/wp\/v2\/pages"}],"about":[{"href":"https:\/\/redfoxlotto.com\/sk\/wp-json\/wp\/v2\/types\/page"}],"author":[{"embeddable":true,"href":"https:\/\/redfoxlotto.com\/sk\/wp-json\/wp\/v2\/users\/1"}],"replies":[{"embeddable":true,"href":"https:\/\/redfoxlotto.com\/sk\/wp-json\/wp\/v2\/comments?post=10266"}],"version-history":[{"count":0,"href":"https:\/\/redfoxlotto.com\/sk\/wp-json\/wp\/v2\/pages\/10266\/revisions"}],"up":[{"embeddable":true,"href":"https:\/\/redfoxlotto.com\/sk\/wp-json\/wp\/v2\/pages\/10260"}],"wp:attachment":[{"href":"https:\/\/redfoxlotto.com\/sk\/wp-json\/wp\/v2\/media?parent=10266"}],"curies":[{"name":"wp","href":"https:\/\/api.w.org\/{rel}","templated":true}]}}