{"id":10265,"date":"2018-11-18T08:54:25","date_gmt":"2018-11-18T08:54:25","guid":{"rendered":"https:\/\/redfoxlotto.com\/?page_id=3369"},"modified":"2025-12-17T12:34:39","modified_gmt":"2025-12-17T12:34:39","slug":"powerball","status":"publish","type":"page","link":"https:\/\/redfoxlotto.com\/sk\/vysledky\/powerball\/","title":{"rendered":"Powerball V\u00fdsledky"},"content":{"rendered":"<p><script type=\"application\/ld+json\">\n{\n  \"@context\": \"https:\/\/schema.org\",\n  \"@type\": \"Service\",\n  \"name\": \"Skontrolujte v\u00fdsledky Powerball online\",\n  \"url\": \"https:\/\/redfoxlotto.com\/sk\/vysledky\/powerball\/\",\n  \"description\": \"Nav\u0161t\u00edvte RedFoxLotto, aby ste skontrolovali najnov\u0161ie v\u00fdsledky Powerball a na\u0161e arch\u00edvy lot\u00e9ri\u00ed.\",\n  \"serviceType\": \"Svetov\u00fd arch\u00edv v\u00fdsledkov lot\u00e9rie\",\n  \"provider\": {\n    \"@type\": \"Organization\",\n    \"name\": \"RedFoxLotto\",\n    \"url\": \"https:\/\/redfoxlotto.com\/sk\/vysledky\/powerball\/\",\n    \"image\": \"https:\/\/redfoxlotto.com\/wp-content\/uploads\/2025\/12\/ticket_scans.jpg\",\n    \"sameAs\": []\n  },\n  \"areaServed\": \"Worldwide\",\n  \"termsOfService\": \"https:\/\/redfoxlotto.com\/terms-and-conditions\",\n  \"additionalProperty\": {\n    \"@type\": \"PropertyValue\",\n    \"name\": \"FAQ\",\n    \"value\": \"https:\/\/redfoxlotto.com\/sk\/faq\/\"\n  },\n  \"hasOfferCatalog\": {\n    \"@type\": \"OfferCatalog\",\n    \"name\": \"V\u00fdsledky Powerball\",\n    \"itemListElement\": [\n      {\n        \"@type\": \"Offer\",\n        \"name\": \"V\u00fdsledky Powerball\",\n        \"url\": \"https:\/\/redfoxlotto.com\/sk\/vysledky\/powerball\/\",\n        \"description\": \"Tu n\u00e1jdete najnov\u0161ie a historick\u00e9 v\u00fdsledky Powerball a \u010fal\u0161\u00edch hlavn\u00fdch lot\u00e9ri\u00ed\",\n        \"itemOffered\": {\n          \"@type\": \"Service\",\n          \"name\": \"V\u00fdsledky Powerball\",\n          \"description\": \"Online \u0165ahan\u00e9 \u010d\u00edsla Powerball, najnov\u0161ie a star\u0161ie v\u00fdsledky.\"\n        }\n      }\n    ]\n  },\n  \"mainEntityOfPage\": {\n    \"@type\": \"WebPage\",\n    \"@id\": \"https:\/\/redfoxlotto.com\/sk\/vysledky\/powerball\/\"\n  }\n}\n<\/script><\/p>\n<h2>Kde n\u00e1js\u0165 v\u00fdhern\u00e9 \u010d\u00edsla z Powerballu<\/h2>\n<p>Chceli ste si u\u017e niekedy pozrie\u0165 \u010d\u00edsla ktor\u00e9 vyhrali na niektor\u00fdch z najv\u00e4\u010d\u0161\u00edch lot\u00e9riov\u00fdch hr\u00e1ch? Mo\u017eno ste si sk\u00fa\u0161ali n\u00e1js\u0165 v\u00fdhern\u00e9 \u010d\u00edsla z minul\u00fdch hier no ne\u00faspe\u0161ne. Mo\u017eno h\u013ead\u00e1te aby ste mohli pou\u017ei\u0165 tieto ob\u013e\u00faben\u00e9 \u010d\u00edsla na svojich l\u00edstkoch alebo ste iba zvedav\u00fd typ ktor\u00fd chce vedie\u0165. Nu\u017e, na na\u0161ej str\u00e1nke vypisujeme v\u0161etky Powerball v\u00fdsledky a v\u00fdhern\u00e9 \u010d\u00edsla, za tento t\u00fd\u017ede\u0148 a minul\u00e9 losovania.<\/p>\n<p><!--more--><br \/>\n<img decoding=\"async\" class=\"size-full wp-image alignright\" src=\"https:\/\/content.redfoxlotto.com\/uploads\/sites\/9\/1_results_powerball.jpg\" alt=\"v\u00fdsledky lot\u00e9rie\" \/><\/p>\n<p>Samozrejme, nie je to iba Powerball o ktorom v\u00e1m poviem v\u0161etko. M\u00f4\u017eete si tu pozrie\u0165 v\u00fdsledky najpopul\u00e1rnej\u0161\u00edch svetov\u00fdch lot\u00e9riov\u00fdch hier. Ale ke\u010f ide o Powerball, rozhodne ch\u00e1peme pre\u010do v\u00e1s to zauj\u00edma. Ktoko\u013evek kto m\u00e1 v\u0161etky potrebn\u00e9 \u010d\u00edsla na svojom l\u00edstku je multimilion\u00e1r. M\u00f4\u017eete si tie\u017e pozrie\u0165 v\u00fdhern\u00e9 \u010d\u00edsla minul\u00fdch losovan\u00ed v na\u0161om arch\u00edve.<\/p>\n<h2>Powerball Jackpot<\/h2>\n<p>Powerball jackpot za\u010d\u00edna na minim\u00e1lne 40 000 000 USD. Ale rekord je zatia\u013e neuverite\u013en\u00fdch 1 500 000 000 USD, alebo 1,5 miliardy USD! Tak\u017ee si viete predstavi\u0165 tak\u00fa sumu, ale niekto ju naozaj vyhral! Aj mal\u00fd jackpot 40 000 000 USD sa zd\u00e1 ako bl\u00e1zniv\u00e1 suma pe\u0148az\u00ed, v\u0161ak? Ale \u013eudia obvykle nevyhr\u00e1vaj\u00fa t\u00fato sumu.<\/p>\n<p>V skuto\u010dnosti, je ve\u013emi zriedkav\u00e9 \u017ee by niekto vyhral minim\u00e1lny jackpot na Powerballe. Vo v\u00e4\u010d\u0161ine pr\u00edpadov sa zv\u00fd\u0161i aspo\u0148 tro\u0161ku a v mnoh\u00fdch pr\u00edpadoch sa zv\u00fd\u0161i o ve\u013ea. Hoci nie ve\u013emi \u010dasto prekro\u010d\u00ed hranicu 1 miliardy USD, nie je neobvykl\u00e9 aby sa k nej dostal ve\u013emi bl\u00edzko.<\/p>\n<h2>Powerball Ceny a Powerball V\u00fdhercovia<\/h2>\n<p>Existuje dev\u00e4\u0165 v\u00fdhern\u00fdch stup\u0148ov v Powerballe. Stovky tis\u00edce hr\u00e1\u010dov vyhr\u00e1va pri ka\u017edom losovan\u00ed. Tabu\u013eka vy\u0161\u0161ia zobrazuje aj v\u00fdhern\u00e9 sumy. V skuto\u010dnosti, m\u00f4\u017eete vyhra\u0165 Powerball iba s 1 jedin\u00fdm zhoduj\u00facim sa \u010d\u00edslom, pokia\u013e sa zhoduje \u010d\u00edslo zvan\u00e9 \u2018Powerball\u2019.<\/p>\n<p>Ak sa v\u00e1m zhoduj\u00fa aspo\u0148 2 \u010fal\u0161ie \u010d\u00edsla bude pre v\u00e1s pripraven\u00e1 aj cena. Tak\u017ee budete ma\u0165 mno\u017estvo mo\u017enost\u00ed na ve\u013ek\u00e9 v\u00fdhry ako aj mal\u00e9. To je rozhodne hra ktor\u00fa si chcete pozrie\u0165, \u017ee?<\/p>\n<h2>Najlosovanej\u0161ie \u010d\u00edsla v Powerballe<\/h2>\n<p>Ak\u00e1 je va\u0161a strat\u00e9gie ke\u010f si vol\u00edte va\u0161e \u010d\u00edsla? Niektor\u00ed hr\u00e1\u010di si v\u017edy vyberaj\u00fa rovnak\u00e9 osobn\u00e9 \u010d\u00edsla, ostatn\u00fd pou\u017e\u00edvaj\u00fa najmenej alebo naj\u010dastej\u0161ie vylosovan\u00e9 \u010d\u00edsla pre svoje l\u00edstky. Mo\u017eno m\u00e1te \u00faplne in\u00fd syst\u00e9m ale st\u00e1le budete chcie\u0165 viedie\u0165 tro\u0161ku viac o \u010d\u00edslach predt\u00fdm ne\u017e si sami rozhodnete o tom \u010do si vybra\u0165.<\/p>\n<p>Nu\u017e, postup je super jednoduch\u00fd a my m\u00e1me \u010d\u00edsla tor\u00e9 h\u013ead\u00e1te. Okrem v\u00fdhern\u00fdch \u010d\u00edsel a minul\u00fdch v\u00fdsledkov ktor\u00e9 m\u00f4\u017eete n\u00e1js\u0165 na na\u0161ej str\u00e1nke, m\u00e1me tie\u017e \u00fadaje o tom, ktor\u00e9 \u010d\u00edsla s\u00fa a nie s\u00fa vylosov\u00e1van\u00e9.<\/p>\n<p>Hor\u00face \u010d\u00edsla v Powerballe s\u00fa: 8, 26, 22, 23 a 36. \u010c\u00edsla ktor\u00e9 boli najzriedkavej\u0161ie vylosovan\u00e9 s\u00fa 15, 51, 37, 47, 12, 4 a 24.<\/p>\n<h2>Obstaranie si l\u00edstka<\/h2>\n<p>Ak h\u013ead\u00e1te Powerball v\u00fdsledky a v\u00fdhern\u00e9 \u010d\u00edsla, h\u013ead\u00e1te tie\u017e zrejme sp\u00f4soby ktor\u00fdmi si m\u00f4\u017eete zahra\u0165 hru, v\u0161ak? Chcete vedie\u0165 \u010do v\u00e1s to bude st\u00e1\u0165 aby ste sa dostali do akcie. Nu\u017e, na\u0161\u0165astie pre v\u00e1s, nebude v\u00e1s to st\u00e1\u0165 ve\u013ea. My v\u00e1m zaobstar\u00e1me l\u00edstky ktor\u00e9 h\u013ead\u00e1te okam\u017eite. Mus\u00edte n\u00e1m iba da\u0165 vedie\u0165 \u010do presne chcete a my sa postar\u00e1me o zvy\u0161ok.<\/p>\n<p>N\u00e1\u0161 proces v ktorom v\u00e1m zadov\u00e1\u017eime l\u00edstky pozost\u00e1va iba zo zop\u00e1r jednoduch\u00fdch krokov. Prv\u00fd je \u017ee sa mus\u00edte rozhodn\u00fa\u0165 ktor\u00fa hru chcete hra\u0165. Ak ste sa rozhodli pre Powerball, to je u\u017e jeden krok hotov\u00fd. Ak si nie ste ist\u00fd, m\u00f4\u017eete si o hre zisti\u0165 viac na na\u0161ej webovej str\u00e1nke, vidie\u0165 akut\u00e1lny jackpot a pozrie\u0165 si v\u0161etky ostatn\u00e9 hry ktor\u00e9 m\u00e1me tie\u017e k dispoz\u00edcii. T\u00fdmto sp\u00f4sobom sa m\u00f4\u017eete uisti\u0165 \u017ee hr\u00e1te \u00faplne najlep\u0161iu mo\u017enos\u0165.<\/p>\n<p>\u010ealej si vyberte \u010d\u00edsla pre v\u00e1\u0161 l\u00edstok. No nemus\u00edte si ale vybra\u0165 \u010d\u00edsla ak nechcete. Ako sme spomenuli predt\u00fdm, m\u00f4\u017eete si zvoli\u0165 R\u00fdchly V\u00fdber alebo nejak\u00fa kombin\u00e1ciu r\u00fdchleho v\u00fdberu a osobit\u00fdch \u010d\u00edsel. M\u00f4\u017eete si tie\u017e zvoli\u0165 konkr\u00e9tne \u010d\u00edslo l\u00edstkov ktor\u00e9 chete a vybra\u0165 si \u010d\u00edsla na ak\u00e9ko\u013evek dodato\u010dn\u00e9.<\/p>\n<p>N\u00e1\u0161 syst\u00e9m v\u00e1m aj d\u00e1 vedie\u0165 ak si potrebujete vybra\u0165 viacej alebo menej \u010d\u00edsel na v\u00e1\u0161 l\u00edstok tak\u017ee sa m\u00f4\u017ete ubezpe\u010di\u0165 \u017ee ho m\u00e1te platn\u00fd.<\/p>\n<p>Odtia\u013e, si vytvor\u00edte \u00fa\u010det ak ho e\u0161te nem\u00e1te a nastav\u00edte si v\u00e1\u0161 platobn\u00fd \u00fa\u010det. A vyberiete si na ko\u013eko losovan\u00ed chcete aby bol v\u00e1\u0161 l\u00edstok platn\u00fd. Nakoniec, kliknete na tla\u010d\u00edtko na k\u00fapu va\u0161ich l\u00edstkov a my sa postar\u00e1me o zvy\u0161ok procesu za v\u00e1s.<\/p>\n<h2>V\u00fdplata<\/h2>\n<p><img decoding=\"async\" class=\"size-full wp-image alignright\" src=\"https:\/\/content.redfoxlotto.com\/uploads\/sites\/9\/1_winning_numbers_powerball.jpg\" alt=\"Powerball lottery winner\" \/><br \/>\nTak\u017ee \u010do sa stane ak ste si pozreli v\u00fdsledky a zistili \u017ee ste vlastne nie\u010do vyhrali? Nu\u017e, ak ste vyhrali mal\u00fa sumu, peniaze v\u00e1m bud\u00fa okam\u017eite vlo\u017een\u00e9 na v\u00e1\u0161 hr\u00e1\u010dsky \u00fa\u010det. Ak vyhr\u00e1te ve\u013ek\u00fa sumu tak v\u00e1s n\u00e1\u0161 t\u00edm podpory kontaktuje aby ste sa dohodli na sp\u00f4sobe ktor\u00fdm chcete obdr\u017ea\u0165 platbu. A ak vyhr\u00e1te jackpot &#8230; nu\u017e, budete musie\u0165 cestova\u0165 do Spojen\u00fdch \u0160t\u00e1tov aby ste si mohli n\u00e1rokova\u0165 jackpot, preto\u017ee radi z toho v\u0161etk\u00e9ho robia ve\u013ek\u00e9 divadlo.<\/p>\n<p>Ak v\u0161ak vyhr\u00e1te mili\u00f3ny alebo cez miliardu dol\u00e1rov, zrejme budete viac ne\u017e ochotn\u00fd cestova\u0165 do \u0161t\u00e1tu ktor\u00fd v\u00e1m ich d\u00e1, v\u0161ak? To je d\u00f4vod pre\u010do je dobr\u00e9 vedie\u0165 Powerball v\u00fdsledky a v\u00fdhern\u00e9 \u010d\u00edsla a sledova\u0165 \u010do sa deje. M\u00f4\u017eete sa uisti\u0165 \u017ee viete o \u010d\u00edslach ihne\u010f. Ale netr\u00e1pte sa, ak va\u0161e \u010d\u00edsla vyhraj\u00fa budeme prv\u00fd kto v\u00e1m o tom d\u00e1 v\u0161etko vedie\u0165 a povie v\u00e1m \u010do potrebujete urobi\u0165 ako \u010fal\u0161ie.<\/p>\n","protected":false},"excerpt":{"rendered":"<p>Kde n\u00e1js\u0165 v\u00fdhern\u00e9 \u010d\u00edsla z Powerballu Chceli ste si u\u017e niekedy pozrie\u0165 \u010d\u00edsla ktor\u00e9 vyhrali na niektor\u00fdch z najv\u00e4\u010d\u0161\u00edch lot\u00e9riov\u00fdch hr\u00e1ch? Mo\u017eno ste si sk\u00fa\u0161ali n\u00e1js\u0165 v\u00fdhern\u00e9 \u010d\u00edsla z minul\u00fdch hier no ne\u00faspe\u0161ne. Mo\u017eno h\u013ead\u00e1te aby ste mohli pou\u017ei\u0165 tieto ob\u013e\u00faben\u00e9 \u010d\u00edsla na svojich l\u00edstkoch alebo ste iba zvedav\u00fd typ ktor\u00fd chce vedie\u0165. Nu\u017e, na [&hellip;]<\/p>\n","protected":false},"author":1,"featured_media":0,"parent":10260,"menu_order":1,"comment_status":"closed","ping_status":"closed","template":"powerball-usa-results.php","meta":{"_et_pb_use_builder":"","_et_pb_old_content":"","_et_gb_content_width":"","exclude_from_search":false,"footnotes":""},"class_list":["post-10265","page","type-page","status-publish","hentry"],"yoast_head":"<!-- This site is optimized with the Yoast SEO plugin v23.8 - https:\/\/yoast.com\/wordpress\/plugins\/seo\/ -->\n<title>V\u00fdsledky Powerball lot\u00e9rie a v\u00fdhern\u00e9 \u010d\u00edsla<\/title>\n<meta name=\"description\" content=\"Objednajte si svoje Powerball l\u00edstky tu - zo Slovenska alebo ktor\u00e9jko\u013evek inej krajiny!\" \/>\n<meta name=\"robots\" content=\"index, follow, max-snippet:-1, max-image-preview:large, max-video-preview:-1\" \/>\n<link rel=\"canonical\" href=\"https:\/\/redfoxlotto.com\/sk\/vysledky\/powerball\/\" \/>\n<meta property=\"og:locale\" content=\"sk_SK\" \/>\n<meta property=\"og:type\" content=\"article\" \/>\n<meta property=\"og:title\" content=\"V\u00fdsledky Powerball lot\u00e9rie a v\u00fdhern\u00e9 \u010d\u00edsla\" \/>\n<meta property=\"og:description\" content=\"Objednajte si svoje Powerball l\u00edstky tu - zo Slovenska alebo ktor\u00e9jko\u013evek inej krajiny!\" \/>\n<meta property=\"og:url\" content=\"https:\/\/redfoxlotto.com\/sk\/vysledky\/powerball\/\" \/>\n<meta property=\"og:site_name\" content=\"Get Tickets for the World\u2019s largest jackpots\" \/>\n<meta property=\"article:modified_time\" content=\"2025-12-17T12:34:39+00:00\" \/>\n<meta property=\"og:image\" content=\"https:\/\/content.redfoxlotto.com\/uploads\/sites\/9\/1_results_powerball.jpg\" \/>\n<meta name=\"twitter:card\" content=\"summary_large_image\" \/>\n<meta name=\"twitter:label1\" content=\"Predpokladan\u00fd \u010das \u010d\u00edtania\" \/>\n\t<meta name=\"twitter:data1\" content=\"4 min\u00faty\" \/>\n<script type=\"application\/ld+json\" class=\"yoast-schema-graph\">{\"@context\":\"https:\/\/schema.org\",\"@graph\":[{\"@type\":\"WebPage\",\"@id\":\"https:\/\/redfoxlotto.com\/sk\/vysledky\/powerball\/\",\"url\":\"https:\/\/redfoxlotto.com\/sk\/vysledky\/powerball\/\",\"name\":\"V\u00fdsledky Powerball lot\u00e9rie a v\u00fdhern\u00e9 \u010d\u00edsla\",\"isPartOf\":{\"@id\":\"https:\/\/redfoxlotto.com\/sk\/#website\"},\"primaryImageOfPage\":{\"@id\":\"https:\/\/redfoxlotto.com\/sk\/vysledky\/powerball\/#primaryimage\"},\"image\":{\"@id\":\"https:\/\/redfoxlotto.com\/sk\/vysledky\/powerball\/#primaryimage\"},\"thumbnailUrl\":\"https:\/\/content.redfoxlotto.com\/uploads\/sites\/9\/1_results_powerball.jpg\",\"datePublished\":\"2018-11-18T08:54:25+00:00\",\"dateModified\":\"2025-12-17T12:34:39+00:00\",\"description\":\"Objednajte si svoje Powerball l\u00edstky tu - zo Slovenska alebo ktor\u00e9jko\u013evek inej krajiny!\",\"breadcrumb\":{\"@id\":\"https:\/\/redfoxlotto.com\/sk\/vysledky\/powerball\/#breadcrumb\"},\"inLanguage\":\"sk-SK\",\"potentialAction\":[{\"@type\":\"ReadAction\",\"target\":[\"https:\/\/redfoxlotto.com\/sk\/vysledky\/powerball\/\"]}]},{\"@type\":\"ImageObject\",\"inLanguage\":\"sk-SK\",\"@id\":\"https:\/\/redfoxlotto.com\/sk\/vysledky\/powerball\/#primaryimage\",\"url\":\"https:\/\/content.redfoxlotto.com\/uploads\/sites\/9\/1_results_powerball.jpg\",\"contentUrl\":\"https:\/\/content.redfoxlotto.com\/uploads\/sites\/9\/1_results_powerball.jpg\"},{\"@type\":\"BreadcrumbList\",\"@id\":\"https:\/\/redfoxlotto.com\/sk\/vysledky\/powerball\/#breadcrumb\",\"itemListElement\":[{\"@type\":\"ListItem\",\"position\":1,\"name\":\"Home\",\"item\":\"https:\/\/redfoxlotto.com\/sk\/\"},{\"@type\":\"ListItem\",\"position\":2,\"name\":\"V\u00fdsledky medzin\u00e1rodnej lot\u00e9rie\",\"item\":\"https:\/\/redfoxlotto.com\/sk\/vysledky\/\"},{\"@type\":\"ListItem\",\"position\":3,\"name\":\"Powerball V\u00fdsledky\"}]},{\"@type\":\"WebSite\",\"@id\":\"https:\/\/redfoxlotto.com\/sk\/#website\",\"url\":\"https:\/\/redfoxlotto.com\/sk\/\",\"name\":\"Get Tickets for the World\u2019s largest jackpots\",\"description\":\"Participate in worldwide lottery jackpots from any country\",\"publisher\":{\"@id\":\"https:\/\/redfoxlotto.com\/sk\/#organization\"},\"potentialAction\":[{\"@type\":\"SearchAction\",\"target\":{\"@type\":\"EntryPoint\",\"urlTemplate\":\"https:\/\/redfoxlotto.com\/sk\/?s={search_term_string}\"},\"query-input\":{\"@type\":\"PropertyValueSpecification\",\"valueRequired\":true,\"valueName\":\"search_term_string\"}}],\"inLanguage\":\"sk-SK\"},{\"@type\":\"Organization\",\"@id\":\"https:\/\/redfoxlotto.com\/sk\/#organization\",\"name\":\"Get Tickets for the World\u2019s largest jackpots\",\"url\":\"https:\/\/redfoxlotto.com\/sk\/\",\"logo\":{\"@type\":\"ImageObject\",\"inLanguage\":\"sk-SK\",\"@id\":\"https:\/\/redfoxlotto.com\/sk\/#\/schema\/logo\/image\/\",\"url\":\"https:\/\/redfoxlotto.com\/wp-content\/uploads\/2023\/04\/logo.png\",\"contentUrl\":\"https:\/\/redfoxlotto.com\/wp-content\/uploads\/2023\/04\/logo.png\",\"width\":269,\"height\":53,\"caption\":\"Get Tickets for the World\u2019s largest jackpots\"},\"image\":{\"@id\":\"https:\/\/redfoxlotto.com\/sk\/#\/schema\/logo\/image\/\"}}]}<\/script>\n<!-- \/ Yoast SEO plugin. -->","yoast_head_json":{"title":"V\u00fdsledky Powerball lot\u00e9rie a v\u00fdhern\u00e9 \u010d\u00edsla","description":"Objednajte si svoje Powerball l\u00edstky tu - zo Slovenska alebo ktor\u00e9jko\u013evek inej krajiny!","robots":{"index":"index","follow":"follow","max-snippet":"max-snippet:-1","max-image-preview":"max-image-preview:large","max-video-preview":"max-video-preview:-1"},"canonical":"https:\/\/redfoxlotto.com\/sk\/vysledky\/powerball\/","og_locale":"sk_SK","og_type":"article","og_title":"V\u00fdsledky Powerball lot\u00e9rie a v\u00fdhern\u00e9 \u010d\u00edsla","og_description":"Objednajte si svoje Powerball l\u00edstky tu - zo Slovenska alebo ktor\u00e9jko\u013evek inej krajiny!","og_url":"https:\/\/redfoxlotto.com\/sk\/vysledky\/powerball\/","og_site_name":"Get Tickets for the World\u2019s largest jackpots","article_modified_time":"2025-12-17T12:34:39+00:00","og_image":[{"url":"https:\/\/content.redfoxlotto.com\/uploads\/sites\/9\/1_results_powerball.jpg"}],"twitter_card":"summary_large_image","twitter_misc":{"Predpokladan\u00fd \u010das \u010d\u00edtania":"4 min\u00faty"},"schema":{"@context":"https:\/\/schema.org","@graph":[{"@type":"WebPage","@id":"https:\/\/redfoxlotto.com\/sk\/vysledky\/powerball\/","url":"https:\/\/redfoxlotto.com\/sk\/vysledky\/powerball\/","name":"V\u00fdsledky Powerball lot\u00e9rie a v\u00fdhern\u00e9 \u010d\u00edsla","isPartOf":{"@id":"https:\/\/redfoxlotto.com\/sk\/#website"},"primaryImageOfPage":{"@id":"https:\/\/redfoxlotto.com\/sk\/vysledky\/powerball\/#primaryimage"},"image":{"@id":"https:\/\/redfoxlotto.com\/sk\/vysledky\/powerball\/#primaryimage"},"thumbnailUrl":"https:\/\/content.redfoxlotto.com\/uploads\/sites\/9\/1_results_powerball.jpg","datePublished":"2018-11-18T08:54:25+00:00","dateModified":"2025-12-17T12:34:39+00:00","description":"Objednajte si svoje Powerball l\u00edstky tu - zo Slovenska alebo ktor\u00e9jko\u013evek inej krajiny!","breadcrumb":{"@id":"https:\/\/redfoxlotto.com\/sk\/vysledky\/powerball\/#breadcrumb"},"inLanguage":"sk-SK","potentialAction":[{"@type":"ReadAction","target":["https:\/\/redfoxlotto.com\/sk\/vysledky\/powerball\/"]}]},{"@type":"ImageObject","inLanguage":"sk-SK","@id":"https:\/\/redfoxlotto.com\/sk\/vysledky\/powerball\/#primaryimage","url":"https:\/\/content.redfoxlotto.com\/uploads\/sites\/9\/1_results_powerball.jpg","contentUrl":"https:\/\/content.redfoxlotto.com\/uploads\/sites\/9\/1_results_powerball.jpg"},{"@type":"BreadcrumbList","@id":"https:\/\/redfoxlotto.com\/sk\/vysledky\/powerball\/#breadcrumb","itemListElement":[{"@type":"ListItem","position":1,"name":"Home","item":"https:\/\/redfoxlotto.com\/sk\/"},{"@type":"ListItem","position":2,"name":"V\u00fdsledky medzin\u00e1rodnej lot\u00e9rie","item":"https:\/\/redfoxlotto.com\/sk\/vysledky\/"},{"@type":"ListItem","position":3,"name":"Powerball V\u00fdsledky"}]},{"@type":"WebSite","@id":"https:\/\/redfoxlotto.com\/sk\/#website","url":"https:\/\/redfoxlotto.com\/sk\/","name":"Get Tickets for the World\u2019s largest jackpots","description":"Participate in worldwide lottery jackpots from any country","publisher":{"@id":"https:\/\/redfoxlotto.com\/sk\/#organization"},"potentialAction":[{"@type":"SearchAction","target":{"@type":"EntryPoint","urlTemplate":"https:\/\/redfoxlotto.com\/sk\/?s={search_term_string}"},"query-input":{"@type":"PropertyValueSpecification","valueRequired":true,"valueName":"search_term_string"}}],"inLanguage":"sk-SK"},{"@type":"Organization","@id":"https:\/\/redfoxlotto.com\/sk\/#organization","name":"Get Tickets for the World\u2019s largest jackpots","url":"https:\/\/redfoxlotto.com\/sk\/","logo":{"@type":"ImageObject","inLanguage":"sk-SK","@id":"https:\/\/redfoxlotto.com\/sk\/#\/schema\/logo\/image\/","url":"https:\/\/redfoxlotto.com\/wp-content\/uploads\/2023\/04\/logo.png","contentUrl":"https:\/\/redfoxlotto.com\/wp-content\/uploads\/2023\/04\/logo.png","width":269,"height":53,"caption":"Get Tickets for the World\u2019s largest jackpots"},"image":{"@id":"https:\/\/redfoxlotto.com\/sk\/#\/schema\/logo\/image\/"}}]}},"_links":{"self":[{"href":"https:\/\/redfoxlotto.com\/sk\/wp-json\/wp\/v2\/pages\/10265","targetHints":{"allow":["GET"]}}],"collection":[{"href":"https:\/\/redfoxlotto.com\/sk\/wp-json\/wp\/v2\/pages"}],"about":[{"href":"https:\/\/redfoxlotto.com\/sk\/wp-json\/wp\/v2\/types\/page"}],"author":[{"embeddable":true,"href":"https:\/\/redfoxlotto.com\/sk\/wp-json\/wp\/v2\/users\/1"}],"replies":[{"embeddable":true,"href":"https:\/\/redfoxlotto.com\/sk\/wp-json\/wp\/v2\/comments?post=10265"}],"version-history":[{"count":0,"href":"https:\/\/redfoxlotto.com\/sk\/wp-json\/wp\/v2\/pages\/10265\/revisions"}],"up":[{"embeddable":true,"href":"https:\/\/redfoxlotto.com\/sk\/wp-json\/wp\/v2\/pages\/10260"}],"wp:attachment":[{"href":"https:\/\/redfoxlotto.com\/sk\/wp-json\/wp\/v2\/media?parent=10265"}],"curies":[{"name":"wp","href":"https:\/\/api.w.org\/{rel}","templated":true}]}}