{"id":10263,"date":"2018-11-18T08:54:25","date_gmt":"2018-11-18T08:54:25","guid":{"rendered":"https:\/\/redfoxlotto.com\/?page_id=3365"},"modified":"2025-12-18T07:03:15","modified_gmt":"2025-12-18T07:03:15","slug":"mega-millions","status":"publish","type":"page","link":"https:\/\/redfoxlotto.com\/sk\/vysledky\/mega-millions\/","title":{"rendered":"Mega Millions V\u00fdsledky"},"content":{"rendered":"<p><script type=\"application\/ld+json\">\n{\n  \"@context\": \"https:\/\/schema.org\",\n  \"@type\": \"Service\",\n  \"name\": \"Skontrolujte v\u00fdsledky Mega Millions online\",\n  \"url\": \"https:\/\/redfoxlotto.com\/sk\/vysledky\/mega-millions\/\",\n  \"description\": \"Nav\u0161t\u00edvte RedFoxLotto a skontrolujte najnov\u0161ie v\u00fdsledky Mega Millions a na\u0161u arch\u00edv lot\u00e9riov\u00fdch v\u00fdsledkov.\",\n  \"serviceType\": \"Svetov\u00fd arch\u00edv lot\u00e9riov\u00fdch v\u00fdsledkov\",<\/p>\n<p>  \"provider\": {\n    \"@type\": \"Organization\",\n    \"name\": \"RedFoxLotto\",\n    \"url\": \"https:\/\/redfoxlotto.com\/sk\/\",\n    \"image\": \"https:\/\/redfoxlotto.com\/wp-content\/uploads\/2025\/12\/ticket_scans.jpg\",\n    \"sameAs\": []\n  },<\/p>\n<p>  \"areaServed\": \"Worldwide\",\n  \"termsOfService\": \"https:\/\/redfoxlotto.com\/sk\/terms-and-conditions\/\",\n  \"additionalProperty\": {\n    \"@type\": \"PropertyValue\",\n    \"name\": \"FAQ\",\n    \"value\": \"https:\/\/redfoxlotto.com\/sk\/faq\/\"\n  },<\/p>\n<p>  \"hasOfferCatalog\": {\n    \"@type\": \"OfferCatalog\",\n    \"name\": \"V\u00fdsledky Mega Millions\",\n    \"itemListElement\": [\n      {\n        \"@type\": \"Offer\",\n        \"name\": \"V\u00fdsledky Mega Millions\",\n        \"url\": \"https:\/\/redfoxlotto.com\/sk\/vysledky\/mega-millions\/\",\n        \"description\": \"N\u00e1jdite tu najnov\u0161ie a historick\u00e9 v\u00fdsledky Mega Millions.\",\n        \"price\": \"13.00\",\n        \"priceCurrency\": \"EUR\",\n        \"availability\": \"https:\/\/schema.org\/InStock\",\n        \"itemOffered\": {\n          \"@type\": \"Service\",\n          \"name\": \"V\u00fdsledky Mega Millions\",\n          \"description\": \"Online losovan\u00e9 \u010d\u00edsla Mega Millions, najnov\u0161ie a star\u0161ie v\u00fdsledky.\"\n        }\n      }\n    ]\n  },<\/p>\n<p>  \"mainEntityOfPage\": {\n    \"@type\": \"WebPage\",\n    \"@id\": \"https:\/\/redfoxlotto.com\/sk\/vysledky\/mega-millions\/\"\n  }\n}\n<\/script><br \/>\n<!--more--><\/p>\n<p>Vyhra\u0165 Mega Millions Jackpot je snom ka\u017ed\u00e9ho lot\u00e9riov\u00e9ho hr\u00e1\u010da a odmena m\u00f4\u017ee by\u0165 \u010dasto stovky milli\u00f3nov $. To je rozhodne d\u00f4vod aby ste si pozreli v\u00fdsledky Mega Millions a v\u00fdhern\u00e9 \u010d\u00edsla. Chcete vedie\u0165 ktor\u00e9 \u010d\u00edsla vlastne padaj\u00fa tak\u017ee si m\u00f4\u017eete vybra\u0165 \u010d\u00edsla ktor\u00e9 v\u00e1s zabezpe\u010dia na \u017eivot, v\u0161ak?<\/p>\n<h2>Mega Millions Jackpot<\/h2>\n<p><img decoding=\"async\" class=\"size-full wp-image alignright\" src=\"https:\/\/content.redfoxlotto.com\/uploads\/sites\/9\/1_results_mega_millions.jpg\" alt=\"v\u00fdsledky lot\u00e9rie\" \/><\/p>\n<p>Najmen\u0161\u00ed jackpot v Mega Millions lot\u00e9rii je 40 mili\u00f3nov USD. \u010co znamen\u00e1 \u017ee ak niekto dnes vyhr\u00e1 jackpot tak na \u010fal\u0161om losovan\u00ed jackpot za\u010dne na 40 mili\u00f3noch USD. Tak\u017ee najni\u017e\u0161ia suma (pred zdanen\u00edm samozrejme) ktor\u00fa m\u00f4\u017eete vyhra\u0165 je 40 mili\u00f3nov USD. A to sa nest\u00e1va ve\u013emi \u010dasto, preto\u017ee v\u00e4\u010d\u0161ina \u013eud\u00ed nikdy nevyhr\u00e1 tento jackpot ke\u010f je najni\u017e\u0161\u00ed. Sk\u00f4r maj\u00fa tendenciu vyhra\u0165 jackpot ke\u010f je o dos\u0165 vy\u0161\u0161\u00ed.<\/p>\n<p>Pravda je \u017ee jackpot rastie dos\u0165 r\u00fdchlo pre US Mega Millions. A jackpot je neobmedzen\u00fd \u010do sa ve\u013ekosti t\u00fdka. Obrovsk\u00e9 sumy sa m\u00f4\u017eu nazbiera\u0165 v kr\u00e1tkom \u010dase. Najvy\u0161\u0161\u00ed jackpot ak\u00fd Mega Millions kedy dosiahol bol cez 1,5 miliardy! To je rozhodne \u010d\u00edslo ktor\u00e9ho ka\u017ed\u00fd v Spojen\u00fdch \u0160t\u00e1toch chcel by\u0165 s\u00fa\u010das\u0165ou tak\u017ee sa predali mili\u00f3ny l\u00edstkov, ale oni nie s\u00fa jedin\u00fd kto sa toho m\u00f4\u017ee z\u00fa\u010dastni\u0165. Vy ste tie\u017e pozvan\u00fd aby ste sa na to pozreli.<\/p>\n<h2>Mega Millions cenov\u00e9 \u00farovne<\/h2>\n<p><img loading=\"lazy\" decoding=\"async\" class=\"alignright size-full wp-image-4335\" src=\"https:\/\/content.redfoxlotto.com\/uploads\/sites\/9\/lottery_balls.jpg\" alt=\"Mega Millions v\u00fdsledky\" width=\"245\" height=\"123\" \/><br \/>\nV na\u0161ej tabulke si tie\u017e m\u00f4\u017eete pozrie\u0165 dostupne cenov\u00e9 \u00farovne a mno\u017estvo v\u00fdhier. Existuje mnoho r\u00f4znych sp\u00f4sob ktor\u00fdmi m\u00f4\u017eete vyhra\u0165 ke\u010f hrajte Mega Millions. Samozrejme, potrebujete aby sa ka\u017ed\u00fd z va\u0161ich \u010d\u00edsel zhodovalo nato aby ste vyhrali jackpot. To bude rozhodne v\u00fdkon a budete potrebova\u0165 ve\u013ea \u0161\u0165atia s t\u00fdmi \u010d\u00edslami, rozhodne ale existuj\u00fa sp\u00f4soby ako m\u00f4\u017eete vyhra\u0165 aj viac.<\/p>\n<p>Vysvetlili sme ka\u017ed\u00fd zo sp\u00f4sobov ktor\u00fdm m\u00f4\u017eete vyhra\u0165 cenu, hocijak\u00fa cenu, cez Mega Millions. Ke\u010f si pozriete Mega Millions v\u00fdsledky a v\u00fdhern\u00e9 \u010d\u00edsla, uvid\u00edte \u010d\u00edsla ktor\u00e9 \u013eudia pou\u017eili aby vyhrali jackpot, a vy si rozhodne m\u00f4\u017ee pou\u017ei\u0165 niektor\u00e9 z t\u00fdch \u010d\u00edsel alebo svoje vlatn\u00e9 \u010d\u00edsla alebo m\u00f4\u017ete vysk\u00fa\u0161a\u0165 \u010doko\u013evek in\u00e9 a vyhra\u0165 hoci aj jednu z mal\u00fdch cien.<\/p>\n<p>Koniec koncov, s Mega Millions m\u00f4\u017eete nie\u010do vyhra\u0165 ak sa v\u00e1m zhoduje iba Mega ball alebo ak uh\u00e1dnete iba 2 be\u017en\u00e9 \u010d\u00edsla. To znamen\u00e1 \u017ee nejak\u00e9 dobr\u00e9 \u0161ance aby ste nie\u010do z\u00edskali za svoje peniaze.<\/p>\n<h2>Najviac a najmenej vylosovan\u00e9 \u010d\u00edsla<\/h2>\n<p>N\u00e1\u0161 arch\u00edv m\u00f4\u017ee by\u0165 u\u017eito\u010dn\u00fd aj ke\u010f si chcete n\u00e1js\u0165 \u010d\u00edsla s v\u00e4\u010d\u0161\u00edmi \u0161ancami. Tu s\u00fa \u201chor\u00face\u201d \u010d\u00edsla pre Mega Million Lot\u00e9riu:<\/p>\n<p>\u010c\u00edsla 29, 4, 48, a 36 s\u00fa naj\u010dastej\u0161ie vylosov\u00e1van\u00e9 \u010d\u00edsla na Mega Millions. \u010c\u00edslo 48 bolo vylosovan\u00e9 viac ne\u017e 80 kr\u00e1t od roku 2005. Najpopul\u00e1rnej\u0161ie MegaBall \u010d\u00edsla boli 35, 9, 36 a 7.<\/p>\n<p>Tak\u017ee ak sa ch\u00fdst\u00e1te pou\u017ei\u0165 najpopul\u00e1rnej\u0161ie \u010d\u00edsla toto s\u00fa tie na ktor\u00e9 by ste sa mali bli\u017e\u0161ie pozrie\u0165. Chcete sa uisti\u0165 \u017ee o to naozaj opriete a zamysl\u00edte ako m\u00f4\u017eete niektor\u00e9 z nich pou\u017ei\u0165 pre seba.<\/p>\n<h2>Hranie Mega Millions<\/h2>\n<p>Ak ste pripraven\u00fd zahra\u0165 si Mega Millions ale nepoch\u00e1dzate zo Spojen\u00fdch \u0160t\u00e1tov, budete potrebova\u0165 sp\u00f4sob ako si k\u00fapi\u0165 l\u00edstok, \u017ee? Potrebujete vedie\u0165 ako sa do toho cel\u00e9ho dostanete a vlastne je to omnoho jednoduch\u0161ie ne\u017e ste si mysleli preto\u017ee my sa o to postar\u00e1me za v\u00e1s. Pom\u00f4\u017eeme v\u00e1m tie\u017e dosta\u0165 l\u00edstok ktor\u00fd chcete, nie len hocijak\u00fd star\u00fd l\u00edstok.<\/p>\n<p>Ke\u010f si vyberiete svoje \u010d\u00edsla budete m\u00f4c\u0165 vidie\u0165 ko\u013eko ich potrebujete a d\u00e1me v\u00e1m vedie\u0165 ak ich m\u00e1te pr\u00edli\u0161 m\u00e1lo alebo pr\u00edli\u0161 ve\u013ea. M\u00e1te tie\u017e mo\u017enos\u0165 R\u00fdchleho V\u00fdberu l\u00edstka kde v\u00e1m n\u00e1hodne pridel\u00edme \u010d\u00edsla alebo m\u00e1te mo\u017enos\u0165 pou\u017ei\u0165 kombin\u00e1ciu oboch a zvoli\u0165 si nejak\u00e9 n\u00e1hodne pridelen\u00e9 \u010d\u00edsla a niektor\u00e9 vlastn\u00e9. Potom vypln\u00edte kombin\u00e1cie pre mno\u017estvo l\u00edstkov ktor\u00e9 chcete. Po \u010fal\u0161ie si budete musie\u0165 s nami zalo\u017ei\u0165 \u00fa\u010det a rozhodn\u00fa\u0165 sa ako budete plati\u0165 za l\u00edstky. Zak\u00fapite l\u00edstky a va\u0161a \u010das\u0165 je hotov\u00e1. Odtia\u013eto v\u00e1m u\u017e l\u00edstok zaobstar\u00e1me my.<\/p>\n<p>L\u00edstky sa v\u00e1m dokonca zobrazia priamo na va\u0161om \u00fa\u010dte a budete si tie\u017e m\u00f4c\u0165 pozrie\u0165 \u010di ste nie\u010do vyhrali, preto\u017ee my pre v\u00e1s urob\u00edme h\u013eadanie Mega Millions v\u00fdsledkov a v\u00fdhern\u00fdch \u010d\u00edsel v na\u0161om syst\u00e9me super jednoduch\u00e9. Ak si skontroluje l\u00edstky po losovan\u00ed, v\u0161etky uh\u00e1dnut\u00e9 \u010d\u00edsla na va\u0161om l\u00edstku bud\u00fa zv\u00fdraznen\u00e9. T\u00fdmto sp\u00f4sobom je pre v\u00e1s jednoduch\u00e9 vidie\u0165 ihne\u010f ko\u013eko m\u00e1te zh\u00f4d.<\/p>\n","protected":false},"excerpt":{"rendered":"","protected":false},"author":1,"featured_media":0,"parent":10260,"menu_order":2,"comment_status":"closed","ping_status":"closed","template":"megamillion-results.php","meta":{"_et_pb_use_builder":"","_et_pb_old_content":"","_et_gb_content_width":"","exclude_from_search":false,"footnotes":""},"class_list":["post-10263","page","type-page","status-publish","hentry"],"yoast_head":"<!-- This site is optimized with the Yoast SEO plugin v27.4 - https:\/\/yoast.com\/product\/yoast-seo-wordpress\/ -->\n<title>Mega Millions V\u00fdhern\u00e9 \u010d\u00edsla a v\u00fdsledky<\/title>\n<meta name=\"description\" content=\"Skontrolujte si v\u00fdhern\u00e9 \u010d\u00edsla na na\u0161ej Mega Millions v\u00fdsledkovej str\u00e1nke, s na\u0161\u00edm arch\u00edvom minul\u00fdch losovan\u00ed\" \/>\n<meta name=\"robots\" content=\"index, follow, max-snippet:-1, max-image-preview:large, max-video-preview:-1\" \/>\n<link rel=\"canonical\" href=\"https:\/\/redfoxlotto.com\/sk\/results\/mega-millions\/\" \/>\n<meta property=\"og:locale\" content=\"sk_SK\" \/>\n<meta property=\"og:type\" content=\"article\" \/>\n<meta property=\"og:title\" content=\"Mega Millions V\u00fdhern\u00e9 \u010d\u00edsla a v\u00fdsledky\" \/>\n<meta property=\"og:description\" content=\"Skontrolujte si v\u00fdhern\u00e9 \u010d\u00edsla na na\u0161ej Mega Millions v\u00fdsledkovej str\u00e1nke, s na\u0161\u00edm arch\u00edvom minul\u00fdch losovan\u00ed\" \/>\n<meta property=\"og:url\" content=\"https:\/\/redfoxlotto.com\/results\/mega-millions\/\" \/>\n<meta property=\"og:site_name\" content=\"Get Tickets for the World\u2019s largest jackpots\" \/>\n<meta property=\"article:modified_time\" content=\"2025-12-18T07:03:15+00:00\" \/>\n<meta property=\"og:image\" content=\"https:\/\/content.redfoxlotto.com\/uploads\/sites\/9\/1_results_mega_millions.jpg\" \/>\n<meta name=\"twitter:card\" content=\"summary_large_image\" \/>\n<meta name=\"twitter:label1\" content=\"Predpokladan\u00fd \u010das \u010d\u00edtania\" \/>\n\t<meta name=\"twitter:data1\" content=\"4 min\u00faty\" \/>\n<script type=\"application\/ld+json\" class=\"yoast-schema-graph\">{\"@context\":\"https:\\\/\\\/schema.org\",\"@graph\":[{\"@type\":\"WebPage\",\"@id\":\"https:\\\/\\\/redfoxlotto.com\\\/sk\\\/vysledky\\\/mega-millions\\\/\",\"url\":\"https:\\\/\\\/redfoxlotto.com\\\/results\\\/mega-millions\\\/\",\"name\":\"Mega Millions V\u00fdhern\u00e9 \u010d\u00edsla a v\u00fdsledky\",\"isPartOf\":{\"@id\":\"https:\\\/\\\/redfoxlotto.com\\\/sk\\\/#website\"},\"primaryImageOfPage\":{\"@id\":\"https:\\\/\\\/redfoxlotto.com\\\/results\\\/mega-millions\\\/#primaryimage\"},\"image\":{\"@id\":\"https:\\\/\\\/redfoxlotto.com\\\/results\\\/mega-millions\\\/#primaryimage\"},\"thumbnailUrl\":\"https:\\\/\\\/content.redfoxlotto.com\\\/uploads\\\/sites\\\/9\\\/1_results_mega_millions.jpg\",\"datePublished\":\"2018-11-18T08:54:25+00:00\",\"dateModified\":\"2025-12-18T07:03:15+00:00\",\"description\":\"Skontrolujte si v\u00fdhern\u00e9 \u010d\u00edsla na na\u0161ej Mega Millions v\u00fdsledkovej str\u00e1nke, s na\u0161\u00edm arch\u00edvom minul\u00fdch losovan\u00ed\",\"breadcrumb\":{\"@id\":\"https:\\\/\\\/redfoxlotto.com\\\/results\\\/mega-millions\\\/#breadcrumb\"},\"inLanguage\":\"sk-SK\",\"potentialAction\":[{\"@type\":\"ReadAction\",\"target\":[\"https:\\\/\\\/redfoxlotto.com\\\/results\\\/mega-millions\\\/\"]}]},{\"@type\":\"ImageObject\",\"inLanguage\":\"sk-SK\",\"@id\":\"https:\\\/\\\/redfoxlotto.com\\\/results\\\/mega-millions\\\/#primaryimage\",\"url\":\"https:\\\/\\\/content.redfoxlotto.com\\\/uploads\\\/sites\\\/9\\\/1_results_mega_millions.jpg\",\"contentUrl\":\"https:\\\/\\\/content.redfoxlotto.com\\\/uploads\\\/sites\\\/9\\\/1_results_mega_millions.jpg\"},{\"@type\":\"BreadcrumbList\",\"@id\":\"https:\\\/\\\/redfoxlotto.com\\\/results\\\/mega-millions\\\/#breadcrumb\",\"itemListElement\":[{\"@type\":\"ListItem\",\"position\":1,\"name\":\"Home\",\"item\":\"https:\\\/\\\/redfoxlotto.com\\\/sk\\\/\"},{\"@type\":\"ListItem\",\"position\":2,\"name\":\"V\u00fdsledky medzin\u00e1rodnej lot\u00e9rie\",\"item\":\"https:\\\/\\\/redfoxlotto.com\\\/sk\\\/vysledky\\\/\"},{\"@type\":\"ListItem\",\"position\":3,\"name\":\"Mega Millions V\u00fdsledky\"}]},{\"@type\":\"WebSite\",\"@id\":\"https:\\\/\\\/redfoxlotto.com\\\/sk\\\/#website\",\"url\":\"https:\\\/\\\/redfoxlotto.com\\\/sk\\\/\",\"name\":\"Get Tickets for the World\u2019s largest jackpots\",\"description\":\"Participate in worldwide lottery jackpots from any country\",\"publisher\":{\"@id\":\"https:\\\/\\\/redfoxlotto.com\\\/sk\\\/#organization\"},\"potentialAction\":[{\"@type\":\"SearchAction\",\"target\":{\"@type\":\"EntryPoint\",\"urlTemplate\":\"https:\\\/\\\/redfoxlotto.com\\\/sk\\\/?s={search_term_string}\"},\"query-input\":{\"@type\":\"PropertyValueSpecification\",\"valueRequired\":true,\"valueName\":\"search_term_string\"}}],\"inLanguage\":\"sk-SK\"},{\"@type\":\"Organization\",\"@id\":\"https:\\\/\\\/redfoxlotto.com\\\/sk\\\/#organization\",\"name\":\"Get Tickets for the World\u2019s largest jackpots\",\"url\":\"https:\\\/\\\/redfoxlotto.com\\\/sk\\\/\",\"logo\":{\"@type\":\"ImageObject\",\"inLanguage\":\"sk-SK\",\"@id\":\"https:\\\/\\\/redfoxlotto.com\\\/sk\\\/#\\\/schema\\\/logo\\\/image\\\/\",\"url\":\"https:\\\/\\\/redfoxlotto.com\\\/wp-content\\\/uploads\\\/2023\\\/04\\\/logo.png\",\"contentUrl\":\"https:\\\/\\\/redfoxlotto.com\\\/wp-content\\\/uploads\\\/2023\\\/04\\\/logo.png\",\"width\":269,\"height\":53,\"caption\":\"Get Tickets for the World\u2019s largest jackpots\"},\"image\":{\"@id\":\"https:\\\/\\\/redfoxlotto.com\\\/sk\\\/#\\\/schema\\\/logo\\\/image\\\/\"}}]}<\/script>\n<!-- \/ Yoast SEO plugin. -->","yoast_head_json":{"title":"Mega Millions V\u00fdhern\u00e9 \u010d\u00edsla a v\u00fdsledky","description":"Skontrolujte si v\u00fdhern\u00e9 \u010d\u00edsla na na\u0161ej Mega Millions v\u00fdsledkovej str\u00e1nke, s na\u0161\u00edm arch\u00edvom minul\u00fdch losovan\u00ed","robots":{"index":"index","follow":"follow","max-snippet":"max-snippet:-1","max-image-preview":"max-image-preview:large","max-video-preview":"max-video-preview:-1"},"canonical":"https:\/\/redfoxlotto.com\/sk\/results\/mega-millions\/","og_locale":"sk_SK","og_type":"article","og_title":"Mega Millions V\u00fdhern\u00e9 \u010d\u00edsla a v\u00fdsledky","og_description":"Skontrolujte si v\u00fdhern\u00e9 \u010d\u00edsla na na\u0161ej Mega Millions v\u00fdsledkovej str\u00e1nke, s na\u0161\u00edm arch\u00edvom minul\u00fdch losovan\u00ed","og_url":"https:\/\/redfoxlotto.com\/results\/mega-millions\/","og_site_name":"Get Tickets for the World\u2019s largest jackpots","article_modified_time":"2025-12-18T07:03:15+00:00","og_image":[{"url":"https:\/\/content.redfoxlotto.com\/uploads\/sites\/9\/1_results_mega_millions.jpg","type":"","width":"","height":""}],"twitter_card":"summary_large_image","twitter_misc":{"Predpokladan\u00fd \u010das \u010d\u00edtania":"4 min\u00faty"},"schema":{"@context":"https:\/\/schema.org","@graph":[{"@type":"WebPage","@id":"https:\/\/redfoxlotto.com\/sk\/vysledky\/mega-millions\/","url":"https:\/\/redfoxlotto.com\/results\/mega-millions\/","name":"Mega Millions V\u00fdhern\u00e9 \u010d\u00edsla a v\u00fdsledky","isPartOf":{"@id":"https:\/\/redfoxlotto.com\/sk\/#website"},"primaryImageOfPage":{"@id":"https:\/\/redfoxlotto.com\/results\/mega-millions\/#primaryimage"},"image":{"@id":"https:\/\/redfoxlotto.com\/results\/mega-millions\/#primaryimage"},"thumbnailUrl":"https:\/\/content.redfoxlotto.com\/uploads\/sites\/9\/1_results_mega_millions.jpg","datePublished":"2018-11-18T08:54:25+00:00","dateModified":"2025-12-18T07:03:15+00:00","description":"Skontrolujte si v\u00fdhern\u00e9 \u010d\u00edsla na na\u0161ej Mega Millions v\u00fdsledkovej str\u00e1nke, s na\u0161\u00edm arch\u00edvom minul\u00fdch losovan\u00ed","breadcrumb":{"@id":"https:\/\/redfoxlotto.com\/results\/mega-millions\/#breadcrumb"},"inLanguage":"sk-SK","potentialAction":[{"@type":"ReadAction","target":["https:\/\/redfoxlotto.com\/results\/mega-millions\/"]}]},{"@type":"ImageObject","inLanguage":"sk-SK","@id":"https:\/\/redfoxlotto.com\/results\/mega-millions\/#primaryimage","url":"https:\/\/content.redfoxlotto.com\/uploads\/sites\/9\/1_results_mega_millions.jpg","contentUrl":"https:\/\/content.redfoxlotto.com\/uploads\/sites\/9\/1_results_mega_millions.jpg"},{"@type":"BreadcrumbList","@id":"https:\/\/redfoxlotto.com\/results\/mega-millions\/#breadcrumb","itemListElement":[{"@type":"ListItem","position":1,"name":"Home","item":"https:\/\/redfoxlotto.com\/sk\/"},{"@type":"ListItem","position":2,"name":"V\u00fdsledky medzin\u00e1rodnej lot\u00e9rie","item":"https:\/\/redfoxlotto.com\/sk\/vysledky\/"},{"@type":"ListItem","position":3,"name":"Mega Millions V\u00fdsledky"}]},{"@type":"WebSite","@id":"https:\/\/redfoxlotto.com\/sk\/#website","url":"https:\/\/redfoxlotto.com\/sk\/","name":"Get Tickets for the World\u2019s largest jackpots","description":"Participate in worldwide lottery jackpots from any country","publisher":{"@id":"https:\/\/redfoxlotto.com\/sk\/#organization"},"potentialAction":[{"@type":"SearchAction","target":{"@type":"EntryPoint","urlTemplate":"https:\/\/redfoxlotto.com\/sk\/?s={search_term_string}"},"query-input":{"@type":"PropertyValueSpecification","valueRequired":true,"valueName":"search_term_string"}}],"inLanguage":"sk-SK"},{"@type":"Organization","@id":"https:\/\/redfoxlotto.com\/sk\/#organization","name":"Get Tickets for the World\u2019s largest jackpots","url":"https:\/\/redfoxlotto.com\/sk\/","logo":{"@type":"ImageObject","inLanguage":"sk-SK","@id":"https:\/\/redfoxlotto.com\/sk\/#\/schema\/logo\/image\/","url":"https:\/\/redfoxlotto.com\/wp-content\/uploads\/2023\/04\/logo.png","contentUrl":"https:\/\/redfoxlotto.com\/wp-content\/uploads\/2023\/04\/logo.png","width":269,"height":53,"caption":"Get Tickets for the World\u2019s largest jackpots"},"image":{"@id":"https:\/\/redfoxlotto.com\/sk\/#\/schema\/logo\/image\/"}}]}},"_links":{"self":[{"href":"https:\/\/redfoxlotto.com\/sk\/wp-json\/wp\/v2\/pages\/10263","targetHints":{"allow":["GET"]}}],"collection":[{"href":"https:\/\/redfoxlotto.com\/sk\/wp-json\/wp\/v2\/pages"}],"about":[{"href":"https:\/\/redfoxlotto.com\/sk\/wp-json\/wp\/v2\/types\/page"}],"author":[{"embeddable":true,"href":"https:\/\/redfoxlotto.com\/sk\/wp-json\/wp\/v2\/users\/1"}],"replies":[{"embeddable":true,"href":"https:\/\/redfoxlotto.com\/sk\/wp-json\/wp\/v2\/comments?post=10263"}],"version-history":[{"count":0,"href":"https:\/\/redfoxlotto.com\/sk\/wp-json\/wp\/v2\/pages\/10263\/revisions"}],"up":[{"embeddable":true,"href":"https:\/\/redfoxlotto.com\/sk\/wp-json\/wp\/v2\/pages\/10260"}],"wp:attachment":[{"href":"https:\/\/redfoxlotto.com\/sk\/wp-json\/wp\/v2\/media?parent=10263"}],"curies":[{"name":"wp","href":"https:\/\/api.w.org\/{rel}","templated":true}]}}