{"id":10262,"date":"2018-11-18T08:54:25","date_gmt":"2018-11-18T08:54:25","guid":{"rendered":"https:\/\/redfoxlotto.com\/?page_id=3363"},"modified":"2025-12-17T15:20:13","modified_gmt":"2025-12-17T15:20:13","slug":"euromillions","status":"publish","type":"page","link":"https:\/\/redfoxlotto.com\/sk\/vysledky\/euromillions\/","title":{"rendered":"EuroMillions V\u00fdsledky a posledn\u00e9 v\u00fdhern\u00e9 \u010d\u00edsla"},"content":{"rendered":"<p><script type=\"application\/ld+json\">\n{\n  \"@context\": \"https:\/\/schema.org\",\n  \"@type\": \"Service\",\n  \"name\": \"Skontrolujte v\u00fdsledky Euromillions online\",\n  \"url\": \"https:\/\/redfoxlotto.com\/sk\/vysledky\/euromillions\/\",\n  \"description\": \"Nav\u0161t\u00edvte RedFoxLotto a pozrite si najnov\u0161ie aj archivovan\u00e9 v\u00fdsledky Euromillions.\",\n  \"serviceType\": \"Celosvetov\u00fd arch\u00edv lot\u00e9riov\u00fdch v\u00fdsledkov\",\n  \"provider\": {\n    \"@type\": \"Organization\",\n    \"name\": \"RedFoxLotto\",\n    \"url\": \"https:\/\/redfoxlotto.com\",\n    \"image\": \"https:\/\/redfoxlotto.com\/wp-content\/uploads\/2025\/12\/ticket_scans.jpg\",\n    \"sameAs\": []\n  },\n  \"areaServed\": \"Worldwide\",\n  \"termsOfService\": \"https:\/\/redfoxlotto.com\/terms-and-conditions\",\n  \"additionalProperty\": {\n    \"@type\": \"PropertyValue\",\n    \"name\": \"FAQ\",\n    \"value\": \"https:\/\/redfoxlotto.com\/sk\/vysledky\/euromillions\/\"\n  },\n  \"hasOfferCatalog\": {\n    \"@type\": \"OfferCatalog\",\n    \"name\": \"V\u00fdsledky Euromillions\",\n    \"itemListElement\": [{\n      \"@type\": \"Offer\",\n      \"name\": \"V\u00fdsledky Euromillions\",\n      \"url\": \"https:\/\/redfoxlotto.com\/sk\/vysledky\/euromillions\/\",\n      \"description\": \"Najnov\u0161ie a star\u0161ie v\u00fdsledky Euromillions.\",\n      \"itemOffered\": {\n        \"@type\": \"Service\",\n        \"name\": \"V\u00fdsledky Euromillions\",\n        \"description\": \"Vy\u017erebovan\u00e9 \u010d\u00edsla Euromillions.\"\n      }\n    }]\n  },\n  \"mainEntityOfPage\": {\n    \"@type\": \"WebPage\",\n    \"@id\": \"https:\/\/redfoxlotto.com\/sk\/vysledky\/euromillions\/\"\n  }\n}\n<\/script><\/p>\n<h2>EuroMillions a UK Millionaire Maker<\/h2>\n<p>Hr\u00e1\u010di platia o nie\u010do viac, preto\u017ee tikety EuroMillions sa kupuj\u00fa v Spojenom kr\u00e1\u013eovstve. D\u00f4vodom je skuto\u010dnos\u0165, \u017ee tikety v Spojenom kr\u00e1\u013eovstve s\u00fa automaticky zaraden\u00e9 do \u017erebovania Millionaire Maker, ktor\u00e9 poskytuje \u010fal\u0161iu pr\u00edle\u017eitos\u0165 vyhra\u0165 odmenu vo v\u00fd\u0161ke 1 mili\u00f3n libier.<\/p>\n<p>Millionaire Maker funguje tak, \u017ee pre ka\u017ed\u00fd zak\u00fapen\u00fd tiket sa vygeneruje jedine\u010dn\u00fd k\u00f3d. Tento k\u00f3d pozost\u00e1va zo \u0161tyroch p\u00edsmen a piatich \u010d\u00edsel (napr. ABCD12345). V ka\u017edom \u017erebovan\u00ed sa n\u00e1hodne vyberie jeden alebo viac t\u00fdchto k\u00f3dov a majite\u013e tiketu so zhodn\u00fdm k\u00f3dom okam\u017eite vyhr\u00e1 1 mili\u00f3n libier bez oh\u013eadu na hlavn\u00e9 vy\u017erebovan\u00e9 \u010d\u00edsla EuroMillions.<\/p>\n<p>V\u010faka tejto funkcii je hranie EuroMillions v Spojenom kr\u00e1\u013eovstve mimoriadne atrakt\u00edvne, preto\u017ee poskytuje dodato\u010dn\u00fa pr\u00edle\u017eitos\u0165 vyhra\u0165 v\u00fdznamn\u00fa v\u00fdhru nad r\u00e1mec \u0161tandardn\u00e9ho jackpotu a odmien ni\u017e\u0161ej \u00farovne.<\/p>\n<p>Na tejto str\u00e1nke zobraz\u00edme v\u00fdsledky losovanie EuroMillions. Vyhral v\u00e1\u0161 l\u00edstok? Gratulujeme!<\/p>\n<p><!--more--><br \/>\n<img loading=\"lazy\" decoding=\"async\" class=\" wp-image alignright\" src=\"https:\/\/content.redfoxlotto.com\/uploads\/sites\/9\/1_results_mega_millions.jpg\" alt=\"v\u00fdsledky lot\u00e9rie\" width=\"256\" height=\"256\" \/><\/p>\n<p>Vyu\u017eite n\u00e1\u0161 arch\u00edv v\u00fdsledkov kde m\u00f4\u017eete n\u00e1js\u0165 inform\u00e1cie o \u010d\u00edslach ktor\u00e9 u\u017e dlh\u0161\u00ed \u010das nevyhrali.<\/p>\n<p>Hrali ste EuroMillions hru? Mo\u017eno ste si nikdy predt\u00fdm nek\u00fapili l\u00edstok alebo mo\u017eno hr\u00e1vate st\u00e1le. Nu\u017e, nez\u00e1le\u017e\u00ed na tom ako \u010dasto hrajete, rozhodnete budete chcie\u0165 vedie\u0165 v\u00fdsledky EuroMillions, v\u0161ak? Rozhodne budete chcie\u0165 vedie\u0165 \u010di ste nie\u010do vyhrali a ko\u013eko presne ste vyhrali. Nu\u017e, je vlastne super jednoduch\u00e9 n\u00e1js\u0165 v\u00fdsledky a pozrie\u0165 si \u010do by ste mohli robi\u0165 s va\u0161ou v\u00fdhrou, \u010di u\u017e je to mal\u00e1 cena alebo ste vyhrali nie\u010do v\u00e4\u010d\u0161ie.<\/p>\n<h2>Vyhrali ste?<\/h2>\n<p>Ak ste zvedav\u00fd \u010di ste vyhrali budete chcie\u0165 vedie\u0165 kde si pozrie\u0165 v\u00fdsledky. Nu\u017e, je to vlastne ve\u013emi jednoduch\u00e9 preto\u017ee niektor\u00e9 z najbe\u017enej\u0161\u00edch sp\u00f4sobov kontroly va\u0161ich lot\u00e9riov\u00e9ho l\u00edstku s\u00fa spr\u00e1vy, sledovanie losovania na\u017eivo alebo pozeranie si online str\u00e1nok. Online str\u00e1nky mo\u017eu by\u0165 ale e\u0161te lep\u0161ie ne\u017e ostatn\u00e9 mo\u017enosti, obzvl\u00e1\u0161\u0165 ak si kontrolujete \u010d\u00edsla na rovnakej webovej str\u00e1nke na ktorej ste si zak\u00fapili l\u00edstok. D\u00f4vodom je \u017ee v\u00e1m \u010dasto daj\u00fa vedie\u0165 ak\u00e9 s\u00fa v\u00fdhern\u00e9 \u010d\u00edsla a ktor\u00e9 \u010d\u00edsla ste \u00fahadli. To je to \u010do RedFoxLotto rob\u00ed aj tak.<\/p>\n<p>Ak si m\u00f4\u017eete pozrie\u0165 v\u00fdhern\u00e9 \u010d\u00edslo a \u013eahko vidie\u0165 aj svoje \u010d\u00edslo v rovnakom \u010dase bude pre v\u00e1s jednoduch\u0161ie si ich porovna\u0165 a za okamih budete vedie\u0165 \u010di ste vyhrali. St\u00e1le ale chcete aby proces n\u00e1rokovania si t\u00fdch v\u00fdhier bol tak jednoduch\u00fd ako sa len d\u00e1. Iba si vezmite chv\u00ed\u013eku a pozrite sa na online slu\u017eby ktor\u00e9 s\u00fa tam vonku a uvid\u00edte \u017ee n\u00e1rokovanie si ceny m\u00f4\u017ee by\u0165 super jednoduch\u00e9. Nemus\u00edte sa ani tr\u00e1pi\u0165 nad skuto\u010dnos\u0165ou \u017ee ste z \u00faplne inej krajiny a nem\u00f4\u017ee si len vkr\u00e1\u010da\u0165 do obchodu alebo let\u00e9riov\u00e9ho centra aby ste si ho n\u00e1rokovali.<\/p>\n<h2>N\u00e1rokovanie si Va\u0161ich V\u00fdhier<\/h2>\n<p><img decoding=\"async\" class=\"size-full wp-image alignright\" src=\"https:\/\/content.redfoxlotto.com\/uploads\/sites\/9\/1_lottery_winner_is2.jpg\" alt=\"jackpot Mega Millions\" \/><br \/>\nAk vyhr\u00e1te lot\u00e9riu ktor\u00fa hr\u00e1te online, n\u00e1rokovanie si v\u00fdhier je tak\u00e9 jednoduch\u00e9 akokeby ste \u017eili v rovnakom \u0161t\u00e1te. Skontrolujete si l\u00edstok z v\u00fdsledkami losovania a obdr\u017e\u00edte va\u0161e v\u00fdhry. T\u00fdmto sp\u00f4sobom sa m\u00f4\u017eete vr\u00e1ti\u0165 k svojmu \u017eivotu a m\u00f4\u017eete robi\u0165 \u010do sa v\u00e1m zachce s peniazmi ktor\u00e9 ste vyhrali. \u010co m\u00f4\u017ee by\u0165 lep\u0161ie ne\u017e to?<\/p>\n<p>Mal\u00e9 v\u00fdhry m\u00f4\u017eu by\u0165 dos\u0165 na to aby ste si k\u00fapili \u010fal\u0161\u00ed l\u00edstok. V\u00e4\u010d\u0161ie v\u00fdhry m\u00f4\u017eu by\u0165 dos\u0165 na k\u00fapu \u0161pecialnej veci ktor\u00fa ste naozaj chceli. Bezoh\u013eadu nato \u010do m\u00e1te naozaj radi, rozhodne v\u00e1s bude hranie bavi\u0165 a budete si tie\u017e m\u00f4c\u0165 vysk\u00fa\u0161a\u0165 r\u00f4zne druhy hier. V skuto\u010dnosti, online m\u00e1te k dispoz\u00edcii cel\u00fa \u0161k\u00e1lu r\u00f4zn\u00fdch hier. Tak\u017ee nez\u00e1le\u017e\u00ed kde vlastne \u017eijete, budete ma\u0165 mo\u017enos\u0165 si zahra\u0165 hry ktor\u00e9 s\u00fa z \u00faplne in\u00e9ho \u0161t\u00e1tu.<\/p>\n<p>Ak h\u013ead\u00e1te posledn\u00e9 v\u00fdsledk\u00fd EuroMillions tak by ste si mali pozrie\u0165 na ofici\u00e1lnu str\u00e1nku alebo si m\u00f4\u017eete pozrie\u0165 miestne noviny pre oblasti v ktor\u00fdch sa hra hraje. M\u00f4\u017eete si tie\u017e pozrie\u0165 webov\u00fa str\u00e1nku ktor\u00fa ste pou\u017eili na k\u00fapu l\u00edstkov (ak ste si ich k\u00fapili online) alebo si m\u00f4\u017eete pozrie\u0165 RedFoxLotto.com Budete ma\u0165 mo\u017enos\u0165 pozrie\u0165 si v\u00fdsledky a ak ste si zak\u00fapili l\u00edstok cez ich slu\u017eby budete ma\u0165 mo\u017enos\u0165 porovna\u0165 si \u010d\u00edsla na va\u0161om l\u00edstku s v\u00fdhern\u00fdmi \u010d\u00edslami a vidie\u0165 \u010di ste vyhrali.<\/p>\n<p>Ke\u010f ste pripraven\u00fd zahra\u0165 si \u010fal\u0161ie kolo, v\u0161etko \u010do potrebujete spravi\u0165 je vybra\u0165 si \u010d\u00edsla s ktor\u00fdmi chcete hra\u0165 a nebudete ma\u0165 \u017eiaden probl\u00e9m obstara\u0165 si l\u00edstok a sko\u010di\u0165 priamo do va\u0161ej ob\u013e\u00fabenej hry. EuroMillions nie je jedin\u00e1, ale rozhodne v\u00e1m d\u00e1 \u0161ancu na skvel\u00fd jackpot.<\/p>\n","protected":false},"excerpt":{"rendered":"<p>EuroMillions a UK Millionaire Maker Hr\u00e1\u010di platia o nie\u010do viac, preto\u017ee tikety EuroMillions sa kupuj\u00fa v Spojenom kr\u00e1\u013eovstve. D\u00f4vodom je skuto\u010dnos\u0165, \u017ee tikety v Spojenom kr\u00e1\u013eovstve s\u00fa automaticky zaraden\u00e9 do \u017erebovania Millionaire Maker, ktor\u00e9 poskytuje \u010fal\u0161iu pr\u00edle\u017eitos\u0165 vyhra\u0165 odmenu vo v\u00fd\u0161ke 1 mili\u00f3n libier. Millionaire Maker funguje tak, \u017ee pre ka\u017ed\u00fd zak\u00fapen\u00fd tiket sa vygeneruje [&hellip;]<\/p>\n","protected":false},"author":1,"featured_media":0,"parent":10260,"menu_order":3,"comment_status":"closed","ping_status":"closed","template":"euromillions-results.php","meta":{"_et_pb_use_builder":"","_et_pb_old_content":"","_et_gb_content_width":"","exclude_from_search":false,"footnotes":""},"class_list":["post-10262","page","type-page","status-publish","hentry"],"yoast_head":"<!-- This site is optimized with the Yoast SEO plugin v23.8 - https:\/\/yoast.com\/wordpress\/plugins\/seo\/ -->\n<title>EuroMillions V\u00fdsledky<\/title>\n<meta name=\"description\" content=\"V\u00fdsledky z posledn\u00e9ho a predch\u00e1dzaj\u00facich losovan\u00ed Euromillions v\u0161etko na jednej str\u00e1nke\" \/>\n<meta name=\"robots\" content=\"index, follow, max-snippet:-1, max-image-preview:large, max-video-preview:-1\" \/>\n<link rel=\"canonical\" href=\"https:\/\/redfoxlotto.com\/sk\/vysledky\/euromillions\/\" \/>\n<meta property=\"og:locale\" content=\"sk_SK\" \/>\n<meta property=\"og:type\" content=\"article\" \/>\n<meta property=\"og:title\" content=\"EuroMillions V\u00fdsledky\" \/>\n<meta property=\"og:description\" content=\"V\u00fdsledky z posledn\u00e9ho a predch\u00e1dzaj\u00facich losovan\u00ed Euromillions v\u0161etko na jednej str\u00e1nke\" \/>\n<meta property=\"og:url\" content=\"https:\/\/redfoxlotto.com\/sk\/vysledky\/euromillions\/\" \/>\n<meta property=\"og:site_name\" content=\"Get Tickets for the World\u2019s largest jackpots\" \/>\n<meta property=\"article:modified_time\" content=\"2025-12-17T15:20:13+00:00\" \/>\n<meta property=\"og:image\" content=\"https:\/\/content.redfoxlotto.com\/uploads\/sites\/9\/1_results_mega_millions.jpg\" \/>\n<meta name=\"twitter:card\" content=\"summary_large_image\" \/>\n<meta name=\"twitter:label1\" content=\"Predpokladan\u00fd \u010das \u010d\u00edtania\" \/>\n\t<meta name=\"twitter:data1\" content=\"4 min\u00faty\" \/>\n<script type=\"application\/ld+json\" class=\"yoast-schema-graph\">{\"@context\":\"https:\/\/schema.org\",\"@graph\":[{\"@type\":\"WebPage\",\"@id\":\"https:\/\/redfoxlotto.com\/sk\/vysledky\/euromillions\/\",\"url\":\"https:\/\/redfoxlotto.com\/sk\/vysledky\/euromillions\/\",\"name\":\"EuroMillions V\u00fdsledky\",\"isPartOf\":{\"@id\":\"https:\/\/redfoxlotto.com\/sk\/#website\"},\"primaryImageOfPage\":{\"@id\":\"https:\/\/redfoxlotto.com\/sk\/vysledky\/euromillions\/#primaryimage\"},\"image\":{\"@id\":\"https:\/\/redfoxlotto.com\/sk\/vysledky\/euromillions\/#primaryimage\"},\"thumbnailUrl\":\"https:\/\/content.redfoxlotto.com\/uploads\/sites\/9\/1_results_mega_millions.jpg\",\"datePublished\":\"2018-11-18T08:54:25+00:00\",\"dateModified\":\"2025-12-17T15:20:13+00:00\",\"description\":\"V\u00fdsledky z posledn\u00e9ho a predch\u00e1dzaj\u00facich losovan\u00ed Euromillions v\u0161etko na jednej str\u00e1nke\",\"breadcrumb\":{\"@id\":\"https:\/\/redfoxlotto.com\/sk\/vysledky\/euromillions\/#breadcrumb\"},\"inLanguage\":\"sk-SK\",\"potentialAction\":[{\"@type\":\"ReadAction\",\"target\":[\"https:\/\/redfoxlotto.com\/sk\/vysledky\/euromillions\/\"]}]},{\"@type\":\"ImageObject\",\"inLanguage\":\"sk-SK\",\"@id\":\"https:\/\/redfoxlotto.com\/sk\/vysledky\/euromillions\/#primaryimage\",\"url\":\"https:\/\/content.redfoxlotto.com\/uploads\/sites\/9\/1_results_mega_millions.jpg\",\"contentUrl\":\"https:\/\/content.redfoxlotto.com\/uploads\/sites\/9\/1_results_mega_millions.jpg\"},{\"@type\":\"BreadcrumbList\",\"@id\":\"https:\/\/redfoxlotto.com\/sk\/vysledky\/euromillions\/#breadcrumb\",\"itemListElement\":[{\"@type\":\"ListItem\",\"position\":1,\"name\":\"Home\",\"item\":\"https:\/\/redfoxlotto.com\/sk\/\"},{\"@type\":\"ListItem\",\"position\":2,\"name\":\"V\u00fdsledky medzin\u00e1rodnej lot\u00e9rie\",\"item\":\"https:\/\/redfoxlotto.com\/sk\/vysledky\/\"},{\"@type\":\"ListItem\",\"position\":3,\"name\":\"EuroMillions V\u00fdsledky a posledn\u00e9 v\u00fdhern\u00e9 \u010d\u00edsla\"}]},{\"@type\":\"WebSite\",\"@id\":\"https:\/\/redfoxlotto.com\/sk\/#website\",\"url\":\"https:\/\/redfoxlotto.com\/sk\/\",\"name\":\"Get Tickets for the World\u2019s largest jackpots\",\"description\":\"Participate in worldwide lottery jackpots from any country\",\"publisher\":{\"@id\":\"https:\/\/redfoxlotto.com\/sk\/#organization\"},\"potentialAction\":[{\"@type\":\"SearchAction\",\"target\":{\"@type\":\"EntryPoint\",\"urlTemplate\":\"https:\/\/redfoxlotto.com\/sk\/?s={search_term_string}\"},\"query-input\":{\"@type\":\"PropertyValueSpecification\",\"valueRequired\":true,\"valueName\":\"search_term_string\"}}],\"inLanguage\":\"sk-SK\"},{\"@type\":\"Organization\",\"@id\":\"https:\/\/redfoxlotto.com\/sk\/#organization\",\"name\":\"Get Tickets for the World\u2019s largest jackpots\",\"url\":\"https:\/\/redfoxlotto.com\/sk\/\",\"logo\":{\"@type\":\"ImageObject\",\"inLanguage\":\"sk-SK\",\"@id\":\"https:\/\/redfoxlotto.com\/sk\/#\/schema\/logo\/image\/\",\"url\":\"https:\/\/redfoxlotto.com\/wp-content\/uploads\/2023\/04\/logo.png\",\"contentUrl\":\"https:\/\/redfoxlotto.com\/wp-content\/uploads\/2023\/04\/logo.png\",\"width\":269,\"height\":53,\"caption\":\"Get Tickets for the World\u2019s largest jackpots\"},\"image\":{\"@id\":\"https:\/\/redfoxlotto.com\/sk\/#\/schema\/logo\/image\/\"}}]}<\/script>\n<!-- \/ Yoast SEO plugin. -->","yoast_head_json":{"title":"EuroMillions V\u00fdsledky","description":"V\u00fdsledky z posledn\u00e9ho a predch\u00e1dzaj\u00facich losovan\u00ed Euromillions v\u0161etko na jednej str\u00e1nke","robots":{"index":"index","follow":"follow","max-snippet":"max-snippet:-1","max-image-preview":"max-image-preview:large","max-video-preview":"max-video-preview:-1"},"canonical":"https:\/\/redfoxlotto.com\/sk\/vysledky\/euromillions\/","og_locale":"sk_SK","og_type":"article","og_title":"EuroMillions V\u00fdsledky","og_description":"V\u00fdsledky z posledn\u00e9ho a predch\u00e1dzaj\u00facich losovan\u00ed Euromillions v\u0161etko na jednej str\u00e1nke","og_url":"https:\/\/redfoxlotto.com\/sk\/vysledky\/euromillions\/","og_site_name":"Get Tickets for the World\u2019s largest jackpots","article_modified_time":"2025-12-17T15:20:13+00:00","og_image":[{"url":"https:\/\/content.redfoxlotto.com\/uploads\/sites\/9\/1_results_mega_millions.jpg"}],"twitter_card":"summary_large_image","twitter_misc":{"Predpokladan\u00fd \u010das \u010d\u00edtania":"4 min\u00faty"},"schema":{"@context":"https:\/\/schema.org","@graph":[{"@type":"WebPage","@id":"https:\/\/redfoxlotto.com\/sk\/vysledky\/euromillions\/","url":"https:\/\/redfoxlotto.com\/sk\/vysledky\/euromillions\/","name":"EuroMillions V\u00fdsledky","isPartOf":{"@id":"https:\/\/redfoxlotto.com\/sk\/#website"},"primaryImageOfPage":{"@id":"https:\/\/redfoxlotto.com\/sk\/vysledky\/euromillions\/#primaryimage"},"image":{"@id":"https:\/\/redfoxlotto.com\/sk\/vysledky\/euromillions\/#primaryimage"},"thumbnailUrl":"https:\/\/content.redfoxlotto.com\/uploads\/sites\/9\/1_results_mega_millions.jpg","datePublished":"2018-11-18T08:54:25+00:00","dateModified":"2025-12-17T15:20:13+00:00","description":"V\u00fdsledky z posledn\u00e9ho a predch\u00e1dzaj\u00facich losovan\u00ed Euromillions v\u0161etko na jednej str\u00e1nke","breadcrumb":{"@id":"https:\/\/redfoxlotto.com\/sk\/vysledky\/euromillions\/#breadcrumb"},"inLanguage":"sk-SK","potentialAction":[{"@type":"ReadAction","target":["https:\/\/redfoxlotto.com\/sk\/vysledky\/euromillions\/"]}]},{"@type":"ImageObject","inLanguage":"sk-SK","@id":"https:\/\/redfoxlotto.com\/sk\/vysledky\/euromillions\/#primaryimage","url":"https:\/\/content.redfoxlotto.com\/uploads\/sites\/9\/1_results_mega_millions.jpg","contentUrl":"https:\/\/content.redfoxlotto.com\/uploads\/sites\/9\/1_results_mega_millions.jpg"},{"@type":"BreadcrumbList","@id":"https:\/\/redfoxlotto.com\/sk\/vysledky\/euromillions\/#breadcrumb","itemListElement":[{"@type":"ListItem","position":1,"name":"Home","item":"https:\/\/redfoxlotto.com\/sk\/"},{"@type":"ListItem","position":2,"name":"V\u00fdsledky medzin\u00e1rodnej lot\u00e9rie","item":"https:\/\/redfoxlotto.com\/sk\/vysledky\/"},{"@type":"ListItem","position":3,"name":"EuroMillions V\u00fdsledky a posledn\u00e9 v\u00fdhern\u00e9 \u010d\u00edsla"}]},{"@type":"WebSite","@id":"https:\/\/redfoxlotto.com\/sk\/#website","url":"https:\/\/redfoxlotto.com\/sk\/","name":"Get Tickets for the World\u2019s largest jackpots","description":"Participate in worldwide lottery jackpots from any country","publisher":{"@id":"https:\/\/redfoxlotto.com\/sk\/#organization"},"potentialAction":[{"@type":"SearchAction","target":{"@type":"EntryPoint","urlTemplate":"https:\/\/redfoxlotto.com\/sk\/?s={search_term_string}"},"query-input":{"@type":"PropertyValueSpecification","valueRequired":true,"valueName":"search_term_string"}}],"inLanguage":"sk-SK"},{"@type":"Organization","@id":"https:\/\/redfoxlotto.com\/sk\/#organization","name":"Get Tickets for the World\u2019s largest jackpots","url":"https:\/\/redfoxlotto.com\/sk\/","logo":{"@type":"ImageObject","inLanguage":"sk-SK","@id":"https:\/\/redfoxlotto.com\/sk\/#\/schema\/logo\/image\/","url":"https:\/\/redfoxlotto.com\/wp-content\/uploads\/2023\/04\/logo.png","contentUrl":"https:\/\/redfoxlotto.com\/wp-content\/uploads\/2023\/04\/logo.png","width":269,"height":53,"caption":"Get Tickets for the World\u2019s largest jackpots"},"image":{"@id":"https:\/\/redfoxlotto.com\/sk\/#\/schema\/logo\/image\/"}}]}},"_links":{"self":[{"href":"https:\/\/redfoxlotto.com\/sk\/wp-json\/wp\/v2\/pages\/10262","targetHints":{"allow":["GET"]}}],"collection":[{"href":"https:\/\/redfoxlotto.com\/sk\/wp-json\/wp\/v2\/pages"}],"about":[{"href":"https:\/\/redfoxlotto.com\/sk\/wp-json\/wp\/v2\/types\/page"}],"author":[{"embeddable":true,"href":"https:\/\/redfoxlotto.com\/sk\/wp-json\/wp\/v2\/users\/1"}],"replies":[{"embeddable":true,"href":"https:\/\/redfoxlotto.com\/sk\/wp-json\/wp\/v2\/comments?post=10262"}],"version-history":[{"count":0,"href":"https:\/\/redfoxlotto.com\/sk\/wp-json\/wp\/v2\/pages\/10262\/revisions"}],"up":[{"embeddable":true,"href":"https:\/\/redfoxlotto.com\/sk\/wp-json\/wp\/v2\/pages\/10260"}],"wp:attachment":[{"href":"https:\/\/redfoxlotto.com\/sk\/wp-json\/wp\/v2\/media?parent=10262"}],"curies":[{"name":"wp","href":"https:\/\/api.w.org\/{rel}","templated":true}]}}