{"id":10261,"date":"2018-11-18T08:54:25","date_gmt":"2018-11-18T08:54:25","guid":{"rendered":"https:\/\/redfoxlotto.com\/?page_id=3361"},"modified":"2025-12-17T13:38:18","modified_gmt":"2025-12-17T13:38:18","slug":"eurojackpot","status":"publish","type":"page","link":"https:\/\/redfoxlotto.com\/sk\/vysledky\/eurojackpot\/","title":{"rendered":"Eurojackpot V\u00fdsledky"},"content":{"rendered":"<p><script type=\"application\/ld+json\">\n{\n  \"@context\": \"https:\/\/schema.org\",\n  \"@type\": \"Service\",\n  \"name\": \"Skontrolujte v\u00fdsledky Eurojackpot online\",\n  \"url\": \"https:\/\/redfoxlotto.com\/sk\/vysledky\/eurojackpot\/\",\n  \"description\": \"Nav\u0161t\u00edvte RedFoxLotto, aby ste si pozreli najnov\u0161ie v\u00fdsledky Eurojackpot a na\u0161u arch\u00edvnu datab\u00e1zu v\u00fdsledkov lot\u00e9ri\u00ed.\",\n  \"serviceType\": \"Celosvetov\u00fd arch\u00edv v\u00fdsledkov lot\u00e9ri\u00ed\",\n  \"provider\": {\n    \"@type\": \"Organization\",\n    \"name\": \"RedFoxLotto\",\n    \"url\": \"https:\/\/redfoxlotto.com\/sk\/vysledky\/eurojackpot\/\",\n    \"image\": \"https:\/\/redfoxlotto.com\/wp-content\/uploads\/2025\/12\/ticket_scans.jpg\",\n    \"sameAs\": []\n  },\n  \"areaServed\": \"Worldwide\",\n  \"termsOfService\": \"https:\/\/redfoxlotto.com\/terms-and-conditions\",\n  \"additionalProperty\": {\n    \"@type\": \"PropertyValue\",\n    \"name\": \"FAQ\",\n    \"value\": \"https:\/\/redfoxlotto.com\/sk\/faq\/\"\n  },\n  \"hasOfferCatalog\": {\n    \"@type\": \"OfferCatalog\",\n    \"name\": \"V\u00fdsledky Eurojackpot\",\n    \"itemListElement\": [\n      {\n        \"@type\": \"Offer\",\n        \"name\": \"V\u00fdsledky Eurojackpot\",\n        \"url\": \"https:\/\/redfoxlotto.com\/sk\/vysledky\/eurojackpot\/\",\n        \"description\": \"N\u00e1jdite tu najnov\u0161ie a historick\u00e9 v\u00fdsledky Eurojackpot a in\u00fdch hlavn\u00fdch lot\u00e9ri\u00ed.\",\n        \"itemOffered\": {\n          \"@type\": \"Service\",\n          \"name\": \"V\u00fdsledky Eurojackpot\",\n          \"description\": \"\u010c\u00edsla Eurojackpotu online, posledn\u00e9 a star\u0161ie v\u00fdsledky.\"\n        }\n      }\n    ]\n  },\n  \"mainEntityOfPage\": {\n    \"@type\": \"WebPage\",\n    \"@id\": \"https:\/\/redfoxlotto.com\/sk\/vysledky\/eurojackpot\/\"\n  }\n}\n<\/script><br \/>\nAk ste hrali EuroJackpot tak si rozhodne budete chcie\u0165 pozrie\u0165 EuroJackpot v\u00fdsledky, v\u0161ak? Chcete si by\u0165 ist\u00fd \u017ee m\u00e1te spr\u00e1vne \u010d\u00edsla a to tak skoro ako je to mo\u017en\u00e9. Na\u0161\u0165astie, je pre v\u00e1s super jednoduch\u00e9 n\u00e1js\u0165 si v\u00fdsledky a povieme v\u0161etko o r\u00f4znych mo\u017enostiach ktor\u00e9 m\u00e1te k dispoz\u00edcii pr\u00e1ve tu.<\/p>\n<p><!--more--><\/p>\n<ul>\n<li><strong>Noviny &#8211;<\/strong> Ak \u017eijete v oblasti kde sa EuroJackpot vlastne hraje mali by ste by\u0165 schopn\u00fd n\u00e1js\u0165 v\u00fdsledky v \u010fal\u0161\u00edch novin\u00e1ch ktor\u00e9 boli vytla\u010den\u00e9 po losovan\u00ed. \u010c\u00edsla s\u00fa zvy\u010dajne vo ve\u013ek\u00fdch novin\u00e1ch pre oblas\u0165 a m\u00f4\u017eu by\u0165 vystaven\u00e9 aj niektor\u00fdch men\u0161\u00edch novin\u00e1ch a bud\u00fa vo v\u0161eobecnosti dostupn\u00e9 a cez online verzie tie\u017e. Toto je skvel\u00fd sp\u00f4sob ako si n\u00e1js\u0165 v\u00fdhern\u00e9 \u010d\u00edsla ak v\u00e1s netr\u00e1pi \u017ee ich nedostanete ihne\u010f po losovan\u00ed.<\/li>\n<li><strong>Sledujte Na\u017eivo &#8211;<\/strong> Ak naozaj chcete vedie\u0165 v\u00fdsledky Eurojackpotu okam\u017eite, najlep\u0161\u00edm sp\u00f4sobom je pozrie\u0165 si losovanie na\u017eivo a vidie\u0165 \u010d\u00edsla po\u010das losovania. EuroJackpot v\u00fdsledky by mohli by\u0165 zobrazen\u00e9 okam\u017eite a m\u00f4\u017eete ma\u0165 svoj l\u00edstok pripraven\u00fd tak\u017ee m\u00f4\u017eete vidie\u0165 ka\u017ed\u00e9 \u010d\u00edslo a porovna\u0165 si ho \u010d\u00edslami na va\u0161om l\u00edstku. Ak sa nezhoduj\u00fa, budete jedn\u00fdm z prv\u00fdch \u013eud\u00ed \u010do to bud\u00fa vedie\u0165 a m\u00f4\u017eete odtia\u013e okam\u017eite od\u00eds\u0165 a pozrie\u0165 si \u010do potrebujete urobi\u0165 aby ste si n\u00e1rokovali va\u0161u cenu, \u010di u\u017e je ve\u013ek\u00e1 alebo mal\u00e1.<\/li>\n<li><strong>Skontrolujte Online &#8211;<\/strong> Existuje ve\u013ea r\u00f4znych webov\u00fdch str\u00e1nok kde si m\u00f4\u017eete n\u00e1js\u0165 aj v\u00fdhern\u00e9 \u010d\u00edsla. Niektor\u00e9 z nich uverejnia \u010d\u00edsla okam\u017eite po losovan\u00ed. Niektor\u00e9 ich m\u00f4\u017eu uverejni\u0165 zop\u00e1r hod\u00edn ale aj de\u0148 a viac po losovan\u00ed. Ak si chcete n\u00e1js\u0165 vysledky r\u00fdchlo, je d\u00f4le\u017eit\u00e9 dav\u00e1\u0165 pozor na to kedy va\u0161e vybran\u00e9 webov\u00e9 str\u00e1nky uver\u0148uj\u00fa a potom nav\u0161t\u00edvi\u0165 tie ktor\u00e9 bud\u00fa ma\u0165 vysledky ke\u010f ich chcete vy. Ak h\u013ead\u00e1te sp\u00f4soby ako zisti\u0165 v\u00fdsledky tak r\u00fdchlo ako je to mo\u017en\u00e9 mali by ste si pozera\u0165 webov\u00e9 str\u00e1nky ktor\u00e9 vlastne pred\u00e1vaj\u00fa l\u00edstky.<\/li>\n<li><strong>Ofici\u00e1lne Webov\u00e9 Str\u00e1nky &#8211;<\/strong> Jednou z miest kde si m\u00f4\u017eete pozrie\u0165 \u010d\u00edsla online je aj ofic\u00e1lna str\u00e1nka hry ktor\u00fa hr\u00e1te. Tak\u017ee, Eurojackpot v\u00fdsledky bud\u00fa dostupn\u00e9 priamo cez webov\u00fa str\u00e1nku. V\u0161etko \u010do potrebujete spravi\u0165 je si ich pozrie\u0165. A tie \u010d\u00edsla s\u00fa v\u00e4\u010d\u0161inou zverejnen\u00e9 hne\u010f ako sa v\u00fdhern\u00e9 \u010d\u00edsla vylosuj\u00fa. To znamen\u00e1 \u017ee nebude musie\u0165 \u010daka\u0165 na v\u00fdsledky a uvid\u00edte \u010di ste nie\u010do vyhrali alebo nie. Aj proces n\u00e1rokovania si bude omnho jednoduch\u0161\u00ed ak si pozriete v\u00fdhern\u00e9 \u010d\u00edsla tu v porovnan\u00ed s novinami alebo iba pozern\u00edm ich na\u017eivo.<\/li>\n<\/ul>\n<p><img decoding=\"async\" class=\"size-full wp-image alignright\" src=\"https:\/\/content.redfoxlotto.com\/uploads\/sites\/9\/results_eurojackpot.jpg\" alt=\"v\u00fdhern\u00e9 \u010d\u00edsla\"><\/p>\n<p>Ste pripraven\u00fd zahra\u0165 si EuroJackpot online a chcete si by\u0165 ist\u00fd \u017ee si obstar\u00e1vate l\u00edstky spr\u00e1vnym sp\u00f4sobom? Nu\u017e, nebude to v\u00f4bec zlo\u017eit\u00e9 preto\u017ee sa m\u00f4\u017eete iba zaregistrova\u0165 na RedFoxLotto.com a budete si m\u00f4c\u0165 k\u00fapi\u0165 l\u00edstky ktor\u00e9 chcete a vidie\u0165 ako si vybra\u0165 \u010d\u00edsla ktor\u00e9 chcete. Cel\u00fd postup je jednoduch\u00fd a ne\u017e sa nazd\u00e1te, mohli by ste by\u0165 v\u00fdhercom ceny z \u00faplne in\u00e9ho \u0161t\u00e1tu. <strong>Neboli by to obrovsk\u00e9 mno\u017estvo z\u00e1bavy a skvel\u00fd sp\u00f4sob ako si u\u017ei\u0165 v\u00e1\u0161 \u010das hran\u00edm lot\u00e9rie?<\/strong><\/p>\n","protected":false},"excerpt":{"rendered":"<p>Ak ste hrali EuroJackpot tak si rozhodne budete chcie\u0165 pozrie\u0165 EuroJackpot v\u00fdsledky, v\u0161ak? Chcete si by\u0165 ist\u00fd \u017ee m\u00e1te spr\u00e1vne \u010d\u00edsla a to tak skoro ako je to mo\u017en\u00e9. Na\u0161\u0165astie, je pre v\u00e1s super jednoduch\u00e9 n\u00e1js\u0165 si v\u00fdsledky a povieme v\u0161etko o r\u00f4znych mo\u017enostiach ktor\u00e9 m\u00e1te k dispoz\u00edcii pr\u00e1ve tu.<\/p>\n","protected":false},"author":1,"featured_media":0,"parent":10260,"menu_order":4,"comment_status":"closed","ping_status":"closed","template":"eurojackpot-results.php","meta":{"_et_pb_use_builder":"","_et_pb_old_content":"","_et_gb_content_width":"","exclude_from_search":false,"footnotes":""},"class_list":["post-10261","page","type-page","status-publish","hentry"],"yoast_head":"<!-- This site is optimized with the Yoast SEO plugin v27.3 - https:\/\/yoast.com\/product\/yoast-seo-wordpress\/ -->\n<title>Eurojackpot Lot\u00e9riov\u00e9 V\u00fdsledky<\/title>\n<meta name=\"description\" content=\"Majte pr\u00edstup k najnov\u0161\u00edm v\u00fdsledkom Eurojackpot lot\u00e9rie tu na na\u0161ej str\u00e1nke.\" \/>\n<meta name=\"robots\" content=\"index, follow, max-snippet:-1, max-image-preview:large, max-video-preview:-1\" \/>\n<link rel=\"canonical\" href=\"https:\/\/redfoxlotto.com\/sk\/vysledky\/eurojackpot\/\" \/>\n<meta property=\"og:locale\" content=\"sk_SK\" \/>\n<meta property=\"og:type\" content=\"article\" \/>\n<meta property=\"og:title\" content=\"Eurojackpot Lot\u00e9riov\u00e9 V\u00fdsledky\" \/>\n<meta property=\"og:description\" content=\"Majte pr\u00edstup k najnov\u0161\u00edm v\u00fdsledkom Eurojackpot lot\u00e9rie tu na na\u0161ej str\u00e1nke.\" \/>\n<meta property=\"og:url\" content=\"https:\/\/redfoxlotto.com\/sk\/vysledky\/eurojackpot\/\" \/>\n<meta property=\"og:site_name\" content=\"Get Tickets for the World\u2019s largest jackpots\" \/>\n<meta property=\"article:modified_time\" content=\"2025-12-17T13:38:18+00:00\" \/>\n<meta property=\"og:image\" content=\"https:\/\/content.redfoxlotto.com\/uploads\/sites\/9\/results_eurojackpot.jpg\" \/>\n<meta name=\"twitter:card\" content=\"summary_large_image\" \/>\n<meta name=\"twitter:label1\" content=\"Predpokladan\u00fd \u010das \u010d\u00edtania\" \/>\n\t<meta name=\"twitter:data1\" content=\"3 min\u00faty\" \/>\n<script type=\"application\/ld+json\" class=\"yoast-schema-graph\">{\"@context\":\"https:\\\/\\\/schema.org\",\"@graph\":[{\"@type\":\"WebPage\",\"@id\":\"https:\\\/\\\/redfoxlotto.com\\\/sk\\\/vysledky\\\/eurojackpot\\\/\",\"url\":\"https:\\\/\\\/redfoxlotto.com\\\/sk\\\/vysledky\\\/eurojackpot\\\/\",\"name\":\"Eurojackpot Lot\u00e9riov\u00e9 V\u00fdsledky\",\"isPartOf\":{\"@id\":\"https:\\\/\\\/redfoxlotto.com\\\/sk\\\/#website\"},\"primaryImageOfPage\":{\"@id\":\"https:\\\/\\\/redfoxlotto.com\\\/sk\\\/vysledky\\\/eurojackpot\\\/#primaryimage\"},\"image\":{\"@id\":\"https:\\\/\\\/redfoxlotto.com\\\/sk\\\/vysledky\\\/eurojackpot\\\/#primaryimage\"},\"thumbnailUrl\":\"https:\\\/\\\/content.redfoxlotto.com\\\/uploads\\\/sites\\\/9\\\/results_eurojackpot.jpg\",\"datePublished\":\"2018-11-18T08:54:25+00:00\",\"dateModified\":\"2025-12-17T13:38:18+00:00\",\"description\":\"Majte pr\u00edstup k najnov\u0161\u00edm v\u00fdsledkom Eurojackpot lot\u00e9rie tu na na\u0161ej str\u00e1nke.\",\"breadcrumb\":{\"@id\":\"https:\\\/\\\/redfoxlotto.com\\\/sk\\\/vysledky\\\/eurojackpot\\\/#breadcrumb\"},\"inLanguage\":\"sk-SK\",\"potentialAction\":[{\"@type\":\"ReadAction\",\"target\":[\"https:\\\/\\\/redfoxlotto.com\\\/sk\\\/vysledky\\\/eurojackpot\\\/\"]}]},{\"@type\":\"ImageObject\",\"inLanguage\":\"sk-SK\",\"@id\":\"https:\\\/\\\/redfoxlotto.com\\\/sk\\\/vysledky\\\/eurojackpot\\\/#primaryimage\",\"url\":\"https:\\\/\\\/content.redfoxlotto.com\\\/uploads\\\/sites\\\/9\\\/results_eurojackpot.jpg\",\"contentUrl\":\"https:\\\/\\\/content.redfoxlotto.com\\\/uploads\\\/sites\\\/9\\\/results_eurojackpot.jpg\"},{\"@type\":\"BreadcrumbList\",\"@id\":\"https:\\\/\\\/redfoxlotto.com\\\/sk\\\/vysledky\\\/eurojackpot\\\/#breadcrumb\",\"itemListElement\":[{\"@type\":\"ListItem\",\"position\":1,\"name\":\"Home\",\"item\":\"https:\\\/\\\/redfoxlotto.com\\\/sk\\\/\"},{\"@type\":\"ListItem\",\"position\":2,\"name\":\"V\u00fdsledky medzin\u00e1rodnej lot\u00e9rie\",\"item\":\"https:\\\/\\\/redfoxlotto.com\\\/sk\\\/vysledky\\\/\"},{\"@type\":\"ListItem\",\"position\":3,\"name\":\"Eurojackpot V\u00fdsledky\"}]},{\"@type\":\"WebSite\",\"@id\":\"https:\\\/\\\/redfoxlotto.com\\\/sk\\\/#website\",\"url\":\"https:\\\/\\\/redfoxlotto.com\\\/sk\\\/\",\"name\":\"Get Tickets for the World\u2019s largest jackpots\",\"description\":\"Participate in worldwide lottery jackpots from any country\",\"publisher\":{\"@id\":\"https:\\\/\\\/redfoxlotto.com\\\/sk\\\/#organization\"},\"potentialAction\":[{\"@type\":\"SearchAction\",\"target\":{\"@type\":\"EntryPoint\",\"urlTemplate\":\"https:\\\/\\\/redfoxlotto.com\\\/sk\\\/?s={search_term_string}\"},\"query-input\":{\"@type\":\"PropertyValueSpecification\",\"valueRequired\":true,\"valueName\":\"search_term_string\"}}],\"inLanguage\":\"sk-SK\"},{\"@type\":\"Organization\",\"@id\":\"https:\\\/\\\/redfoxlotto.com\\\/sk\\\/#organization\",\"name\":\"Get Tickets for the World\u2019s largest jackpots\",\"url\":\"https:\\\/\\\/redfoxlotto.com\\\/sk\\\/\",\"logo\":{\"@type\":\"ImageObject\",\"inLanguage\":\"sk-SK\",\"@id\":\"https:\\\/\\\/redfoxlotto.com\\\/sk\\\/#\\\/schema\\\/logo\\\/image\\\/\",\"url\":\"https:\\\/\\\/redfoxlotto.com\\\/wp-content\\\/uploads\\\/2023\\\/04\\\/logo.png\",\"contentUrl\":\"https:\\\/\\\/redfoxlotto.com\\\/wp-content\\\/uploads\\\/2023\\\/04\\\/logo.png\",\"width\":269,\"height\":53,\"caption\":\"Get Tickets for the World\u2019s largest jackpots\"},\"image\":{\"@id\":\"https:\\\/\\\/redfoxlotto.com\\\/sk\\\/#\\\/schema\\\/logo\\\/image\\\/\"}}]}<\/script>\n<!-- \/ Yoast SEO plugin. -->","yoast_head_json":{"title":"Eurojackpot Lot\u00e9riov\u00e9 V\u00fdsledky","description":"Majte pr\u00edstup k najnov\u0161\u00edm v\u00fdsledkom Eurojackpot lot\u00e9rie tu na na\u0161ej str\u00e1nke.","robots":{"index":"index","follow":"follow","max-snippet":"max-snippet:-1","max-image-preview":"max-image-preview:large","max-video-preview":"max-video-preview:-1"},"canonical":"https:\/\/redfoxlotto.com\/sk\/vysledky\/eurojackpot\/","og_locale":"sk_SK","og_type":"article","og_title":"Eurojackpot Lot\u00e9riov\u00e9 V\u00fdsledky","og_description":"Majte pr\u00edstup k najnov\u0161\u00edm v\u00fdsledkom Eurojackpot lot\u00e9rie tu na na\u0161ej str\u00e1nke.","og_url":"https:\/\/redfoxlotto.com\/sk\/vysledky\/eurojackpot\/","og_site_name":"Get Tickets for the World\u2019s largest jackpots","article_modified_time":"2025-12-17T13:38:18+00:00","og_image":[{"url":"https:\/\/content.redfoxlotto.com\/uploads\/sites\/9\/results_eurojackpot.jpg","type":"","width":"","height":""}],"twitter_card":"summary_large_image","twitter_misc":{"Predpokladan\u00fd \u010das \u010d\u00edtania":"3 min\u00faty"},"schema":{"@context":"https:\/\/schema.org","@graph":[{"@type":"WebPage","@id":"https:\/\/redfoxlotto.com\/sk\/vysledky\/eurojackpot\/","url":"https:\/\/redfoxlotto.com\/sk\/vysledky\/eurojackpot\/","name":"Eurojackpot Lot\u00e9riov\u00e9 V\u00fdsledky","isPartOf":{"@id":"https:\/\/redfoxlotto.com\/sk\/#website"},"primaryImageOfPage":{"@id":"https:\/\/redfoxlotto.com\/sk\/vysledky\/eurojackpot\/#primaryimage"},"image":{"@id":"https:\/\/redfoxlotto.com\/sk\/vysledky\/eurojackpot\/#primaryimage"},"thumbnailUrl":"https:\/\/content.redfoxlotto.com\/uploads\/sites\/9\/results_eurojackpot.jpg","datePublished":"2018-11-18T08:54:25+00:00","dateModified":"2025-12-17T13:38:18+00:00","description":"Majte pr\u00edstup k najnov\u0161\u00edm v\u00fdsledkom Eurojackpot lot\u00e9rie tu na na\u0161ej str\u00e1nke.","breadcrumb":{"@id":"https:\/\/redfoxlotto.com\/sk\/vysledky\/eurojackpot\/#breadcrumb"},"inLanguage":"sk-SK","potentialAction":[{"@type":"ReadAction","target":["https:\/\/redfoxlotto.com\/sk\/vysledky\/eurojackpot\/"]}]},{"@type":"ImageObject","inLanguage":"sk-SK","@id":"https:\/\/redfoxlotto.com\/sk\/vysledky\/eurojackpot\/#primaryimage","url":"https:\/\/content.redfoxlotto.com\/uploads\/sites\/9\/results_eurojackpot.jpg","contentUrl":"https:\/\/content.redfoxlotto.com\/uploads\/sites\/9\/results_eurojackpot.jpg"},{"@type":"BreadcrumbList","@id":"https:\/\/redfoxlotto.com\/sk\/vysledky\/eurojackpot\/#breadcrumb","itemListElement":[{"@type":"ListItem","position":1,"name":"Home","item":"https:\/\/redfoxlotto.com\/sk\/"},{"@type":"ListItem","position":2,"name":"V\u00fdsledky medzin\u00e1rodnej lot\u00e9rie","item":"https:\/\/redfoxlotto.com\/sk\/vysledky\/"},{"@type":"ListItem","position":3,"name":"Eurojackpot V\u00fdsledky"}]},{"@type":"WebSite","@id":"https:\/\/redfoxlotto.com\/sk\/#website","url":"https:\/\/redfoxlotto.com\/sk\/","name":"Get Tickets for the World\u2019s largest jackpots","description":"Participate in worldwide lottery jackpots from any country","publisher":{"@id":"https:\/\/redfoxlotto.com\/sk\/#organization"},"potentialAction":[{"@type":"SearchAction","target":{"@type":"EntryPoint","urlTemplate":"https:\/\/redfoxlotto.com\/sk\/?s={search_term_string}"},"query-input":{"@type":"PropertyValueSpecification","valueRequired":true,"valueName":"search_term_string"}}],"inLanguage":"sk-SK"},{"@type":"Organization","@id":"https:\/\/redfoxlotto.com\/sk\/#organization","name":"Get Tickets for the World\u2019s largest jackpots","url":"https:\/\/redfoxlotto.com\/sk\/","logo":{"@type":"ImageObject","inLanguage":"sk-SK","@id":"https:\/\/redfoxlotto.com\/sk\/#\/schema\/logo\/image\/","url":"https:\/\/redfoxlotto.com\/wp-content\/uploads\/2023\/04\/logo.png","contentUrl":"https:\/\/redfoxlotto.com\/wp-content\/uploads\/2023\/04\/logo.png","width":269,"height":53,"caption":"Get Tickets for the World\u2019s largest jackpots"},"image":{"@id":"https:\/\/redfoxlotto.com\/sk\/#\/schema\/logo\/image\/"}}]}},"_links":{"self":[{"href":"https:\/\/redfoxlotto.com\/sk\/wp-json\/wp\/v2\/pages\/10261","targetHints":{"allow":["GET"]}}],"collection":[{"href":"https:\/\/redfoxlotto.com\/sk\/wp-json\/wp\/v2\/pages"}],"about":[{"href":"https:\/\/redfoxlotto.com\/sk\/wp-json\/wp\/v2\/types\/page"}],"author":[{"embeddable":true,"href":"https:\/\/redfoxlotto.com\/sk\/wp-json\/wp\/v2\/users\/1"}],"replies":[{"embeddable":true,"href":"https:\/\/redfoxlotto.com\/sk\/wp-json\/wp\/v2\/comments?post=10261"}],"version-history":[{"count":0,"href":"https:\/\/redfoxlotto.com\/sk\/wp-json\/wp\/v2\/pages\/10261\/revisions"}],"up":[{"embeddable":true,"href":"https:\/\/redfoxlotto.com\/sk\/wp-json\/wp\/v2\/pages\/10260"}],"wp:attachment":[{"href":"https:\/\/redfoxlotto.com\/sk\/wp-json\/wp\/v2\/media?parent=10261"}],"curies":[{"name":"wp","href":"https:\/\/api.w.org\/{rel}","templated":true}]}}