{"id":10260,"date":"2023-04-24T14:13:24","date_gmt":"2023-04-24T14:13:24","guid":{"rendered":"https:\/\/redfoxlotto.com\/?page_id=3359"},"modified":"2025-12-18T08:59:03","modified_gmt":"2025-12-18T08:59:03","slug":"vysledky","status":"publish","type":"page","link":"https:\/\/redfoxlotto.com\/sk\/vysledky\/","title":{"rendered":"V\u00fdsledky medzin\u00e1rodnej lot\u00e9rie"},"content":{"rendered":"<p><script type=\"application\/ld+json\">\n{\n  \"@context\": \"https:\/\/schema.org\",\n  \"@type\": \"Service\",\n  \"name\": \"Skontrolujte v\u00fdsledky medzin\u00e1rodn\u00fdch lot\u00e9riov\u00fdch \u017erebov online\",\n  \"url\": \"https:\/\/redfoxlotto.com\/sk\/vysledky\/powerball\",\n  \"description\": \"Nav\u0161t\u00edvte RedFoxLotto a skontrolujte najnov\u0161ie v\u00fdsledky najv\u00e4\u010d\u0161\u00edch lot\u00e9ri\u00ed sveta.\",\n  \"serviceType\": \"Svetov\u00fd arch\u00edv v\u00fdsledkov lot\u00e9ri\u00ed\",<\/p>\n<p>  \"provider\": {\n    \"@type\": \"Organization\",\n    \"name\": \"RedFoxLotto\",\n    \"url\": \"https:\/\/redfoxlotto.com\/sk\/\",\n    \"image\": \"https:\/\/redfoxlotto.com\/wp-content\/uploads\/2025\/12\/ticket_scans.jpg\",\n    \"sameAs\": []\n  },<\/p>\n<p>  \"areaServed\": \"Worldwide\",\n  \"termsOfService\": \"https:\/\/redfoxlotto.com\/terms-and-conditions\",<\/p>\n<p>  \"additionalProperty\": {\n    \"@type\": \"PropertyValue\",\n    \"name\": \"\u010casto kladen\u00e9 ot\u00e1zky\",\n    \"value\": \"https:\/\/redfoxlotto.com\/sk\/faq\/\"\n  },<\/p>\n<p>  \"hasOfferCatalog\": {\n    \"@type\": \"OfferCatalog\",\n    \"name\": \"Svetov\u00e9 v\u00fdsledky lot\u00e9ri\u00ed\",\n    \"itemListElement\": [\n      {\n        \"@type\": \"Offer\",\n        \"name\": \"Powerball L\u00edstok\",\n        \"url\": \"https:\/\/redfoxlotto.com\/sk\/vysledky\/\",\n        \"description\": \"Tu n\u00e1jdete najnov\u0161ie a historick\u00e9 v\u00fdsledky najv\u00e4\u010d\u0161\u00edch svetov\u00fdch lot\u00e9ri\u00ed\",\n        \"itemOffered\": {\n          \"@type\": \"Service\",\n          \"name\": \"Medzin\u00e1rodn\u00e9 v\u00fdsledky lot\u00e9ri\u00ed\",\n          \"description\": \"Vytiahnut\u00e9 \u010d\u00edsla online pre najv\u00e4\u010d\u0161ie lot\u00e9rie, aktu\u00e1lne a star\u0161ie v\u00fdsledky.\"\n        }\n      }\n    ]\n  },<\/p>\n<p>  \"mainEntityOfPage\": {\n    \"@type\": \"WebPage\",\n    \"@id\": \"https:\/\/redfoxlotto.com\/sk\/vysledky\/\"\n  }\n}\n<\/script><\/p>\n<p>T\u00fd\u017ede\u0148 \u010do t\u00fd\u017ede\u0148 tu zverej\u0148ujeme najnov\u0161ie v\u00fdhern\u00e9 \u010d\u00edsla a v\u00fdsledky zo v\u0161etk\u00fdch medzin\u00e1rodn\u00fdch lot\u00e9ri\u00ed na ktor\u00e9 si u n\u00e1s m\u00f4\u017eete zak\u00fapi\u0165 l\u00edstky.<\/p>\n<p>V\u00fdsledky prich\u00e1dzaj\u00fa od ofici\u00e1lnych lot\u00e9riov\u00fdch oper\u00e1torov. Zverejnia ich tu okam\u017eite po losovan\u00ed. Takto si m\u00f4\u017eete r\u00fdchlo porovna\u0165 va\u0161e l\u00edstky s v\u00fdhern\u00fdmi \u010d\u00edslami a vidie\u0165 \u010di ste vyhrali. M\u00f4\u017eete si tie\u017e pozrie\u0165 v\u00fdhern\u00e9 sumy zodpovedaj\u00face pr\u00edslu\u0161nej cenovej vrstve kliknut\u00edm na meno lot\u00e9rie. Povedia v\u00e1m tie\u017e \u010di bol posledn\u00fd jackpot vyhran\u00fd alebo nie.<\/p>\n<h2>Minul\u00e9 v\u00fdsledky a v\u00fdhern\u00e9 \u010d\u00edsla<\/h2>\n<p><img loading=\"lazy\" decoding=\"async\" class=\" wp-image alignright\" src=\"https:\/\/content.redfoxlotto.com\/uploads\/sites\/9\/1_winning_lottery_numbers.jpg\" alt=\"v\u00fdhern\u00e9 \u010d\u00edsla v medzin\u00e1rodn\u00fdch lot\u00e9ri\u00e1ch\" width=\"252\" height=\"252\" \/><\/p>\n<p>Tie\u017e v\u00e1m uk\u00e1\u017eeme vylosovan\u00e9 \u010d\u00edsla a v\u00fdsledky za posledn\u00e9 t\u00fd\u017edne. Samozrejme, ak chcete, m\u00f4\u017eete si tieto inform\u00e1cie o medzin\u00e1rodn\u00fdch lot\u00e9riach pou\u017ei\u0165 pri v\u00fdbere \u010d\u00edsel na va\u0161e \u010fal\u0161ie lot\u00e9riov\u00e9 l\u00edstky.<\/p>\n<p>Takisto m\u00f4\u017eete pou\u017ei\u0165 v\u00fdhern\u00e9 \u010d\u00edsla z minul\u00e9ho t\u00fd\u017ed\u0148a alebo t\u00fd\u017ed\u0148ov na vytvorenie nov\u00fdch kombin\u00e1ci\u00ed pre v\u00e1\u0161 \u010fal\u0161\u00ed l\u00edstok. Pr\u00edkladom by bolo pou\u017ei\u0165 prv\u00e9 \u010d\u00edslo z posledn\u00e9ho Mega Millions losovania, druh\u00e9 \u010d\u00edslo z v\u00fdsledkov Euromillions a tretie \u010d\u00edslo z Eurojackpotu a tak \u010falej.<\/p>\n<h2>Hor\u00face a studen\u00e9 \u010d\u00edsla<\/h2>\n<p><img loading=\"lazy\" decoding=\"async\" class=\" wp-image alignright\" src=\"https:\/\/content.redfoxlotto.com\/uploads\/sites\/9\/1_lotto_draw_results.jpg\" alt=\"v\u00fdsledkov\u00e1 lot\u00e9ria\" width=\"266\" height=\"178\" \/><\/p>\n<p>Ak si pozriete minul\u00e9 v\u00fdsledky medzin\u00e1rodn\u00fdch lot\u00e9ri\u00ed, budete m\u00f4c\u0165 vidie\u0165 ktor\u00e9 \u010d\u00edsla boli ve\u013eakr\u00e1t vylosovan\u00e9 v r\u00f4znych lot\u00e9ri\u00e1ch. V rovnakom \u010dase si m\u00f4\u017eete d\u00e1va\u0165 pozor na \u010d\u00edsla ktor\u00e9 sa vo v\u00fdsledkoch nevyskytuj\u00fa. Takto vymedzi\u0165 hor\u00face a studen\u00e9 \u010d\u00edsla z minul\u00fdch lot\u00e9riov\u00fdch v\u00fdsledkov. Mno\u017estvo hr\u00e1\u010dov pou\u017e\u00edva t\u00fato inform\u00e1ciu na v\u00fdber svojich v\u00fdhern\u00fdch \u010d\u00edsel. Je to strat\u00e9gia ktor\u00e1 s\u013eubuje \u00faspech.<\/p>\n<p>Takisto m\u00f4\u017eete pou\u017ei\u0165 v\u00fdhern\u00e9 \u010d\u00edsla z minul\u00e9ho t\u00fd\u017ed\u0148a alebo t\u00fd\u017ed\u0148ov na vytvorenie nov\u00fdch kombin\u00e1ci\u00ed pre v\u00e1\u0161 \u010fal\u0161\u00ed l\u00edstok. Pr\u00edkladom by bolo pou\u017ei\u0165 na Powerball l\u00edstok prv\u00e9 \u010d\u00edslo z posledn\u00e9ho Megamillions losovania. Alebo m\u00f4\u017eete pou\u017ei\u0165 druh\u00e9 \u010d\u00edslo z v\u00fdsledkou Euromillions a tretie \u010d\u00edslo z Eurojackpotu a tak \u010falej.<\/p>\n","protected":false},"excerpt":{"rendered":"<p>T\u00fd\u017ede\u0148 \u010do t\u00fd\u017ede\u0148 tu zverej\u0148ujeme najnov\u0161ie v\u00fdhern\u00e9 \u010d\u00edsla a v\u00fdsledky zo v\u0161etk\u00fdch medzin\u00e1rodn\u00fdch lot\u00e9ri\u00ed na ktor\u00e9 si u n\u00e1s m\u00f4\u017eete zak\u00fapi\u0165 l\u00edstky. V\u00fdsledky prich\u00e1dzaj\u00fa od ofici\u00e1lnych lot\u00e9riov\u00fdch oper\u00e1torov. Zverejnia ich tu okam\u017eite po losovan\u00ed. Takto si m\u00f4\u017eete r\u00fdchlo porovna\u0165 va\u0161e l\u00edstky s v\u00fdhern\u00fdmi \u010d\u00edslami a vidie\u0165 \u010di ste vyhrali. M\u00f4\u017eete si tie\u017e pozrie\u0165 v\u00fdhern\u00e9 sumy [&hellip;]<\/p>\n","protected":false},"author":1,"featured_media":0,"parent":0,"menu_order":4,"comment_status":"closed","ping_status":"closed","template":"Results.php","meta":{"_et_pb_use_builder":"","_et_pb_old_content":"","_et_gb_content_width":"","exclude_from_search":false,"footnotes":""},"class_list":["post-10260","page","type-page","status-publish","hentry"],"yoast_head":"<!-- This site is optimized with the Yoast SEO plugin v27.4 - https:\/\/yoast.com\/product\/yoast-seo-wordpress\/ -->\n<title>V\u00fdhern\u00e9 \u010d\u00edsla a v\u00fdsledky medzin\u00e1rodn\u00fdch lot\u00e9ri\u00ed<\/title>\n<meta name=\"description\" content=\"Vyhral v\u00e1\u0161 lot\u00e9riov\u00fd l\u00edstok? Najdite v\u00fdsledk\u00fd a v\u00fdhern\u00e9 \u010d\u00edsla pre medzin\u00e1rodn\u00e9 lot\u00e9rie tu!\" \/>\n<meta name=\"robots\" content=\"index, follow, max-snippet:-1, max-image-preview:large, max-video-preview:-1\" \/>\n<link rel=\"canonical\" href=\"https:\/\/redfoxlotto.com\/sk\/vysledky\/\" \/>\n<meta property=\"og:locale\" content=\"sk_SK\" \/>\n<meta property=\"og:type\" content=\"article\" \/>\n<meta property=\"og:title\" content=\"V\u00fdhern\u00e9 \u010d\u00edsla a v\u00fdsledky medzin\u00e1rodn\u00fdch lot\u00e9ri\u00ed\" \/>\n<meta property=\"og:description\" content=\"Vyhral v\u00e1\u0161 lot\u00e9riov\u00fd l\u00edstok? Najdite v\u00fdsledk\u00fd a v\u00fdhern\u00e9 \u010d\u00edsla pre medzin\u00e1rodn\u00e9 lot\u00e9rie tu!\" \/>\n<meta property=\"og:url\" content=\"https:\/\/redfoxlotto.com\/sk\/vysledky\/\" \/>\n<meta property=\"og:site_name\" content=\"Get Tickets for the World\u2019s largest jackpots\" \/>\n<meta property=\"article:modified_time\" content=\"2025-12-18T08:59:03+00:00\" \/>\n<meta property=\"og:image\" content=\"https:\/\/content.redfoxlotto.com\/uploads\/sites\/9\/1_winning_lottery_numbers.jpg\" \/>\n<meta name=\"twitter:card\" content=\"summary_large_image\" \/>\n<meta name=\"twitter:label1\" content=\"Predpokladan\u00fd \u010das \u010d\u00edtania\" \/>\n\t<meta name=\"twitter:data1\" content=\"2 min\u00faty\" \/>\n<script type=\"application\/ld+json\" class=\"yoast-schema-graph\">{\"@context\":\"https:\\\/\\\/schema.org\",\"@graph\":[{\"@type\":\"WebPage\",\"@id\":\"https:\\\/\\\/redfoxlotto.com\\\/sk\\\/vysledky\\\/\",\"url\":\"https:\\\/\\\/redfoxlotto.com\\\/sk\\\/vysledky\\\/\",\"name\":\"V\u00fdhern\u00e9 \u010d\u00edsla a v\u00fdsledky medzin\u00e1rodn\u00fdch lot\u00e9ri\u00ed\",\"isPartOf\":{\"@id\":\"https:\\\/\\\/redfoxlotto.com\\\/sk\\\/#website\"},\"primaryImageOfPage\":{\"@id\":\"https:\\\/\\\/redfoxlotto.com\\\/sk\\\/vysledky\\\/#primaryimage\"},\"image\":{\"@id\":\"https:\\\/\\\/redfoxlotto.com\\\/sk\\\/vysledky\\\/#primaryimage\"},\"thumbnailUrl\":\"https:\\\/\\\/content.redfoxlotto.com\\\/uploads\\\/sites\\\/9\\\/1_winning_lottery_numbers.jpg\",\"datePublished\":\"2023-04-24T14:13:24+00:00\",\"dateModified\":\"2025-12-18T08:59:03+00:00\",\"description\":\"Vyhral v\u00e1\u0161 lot\u00e9riov\u00fd l\u00edstok? Najdite v\u00fdsledk\u00fd a v\u00fdhern\u00e9 \u010d\u00edsla pre medzin\u00e1rodn\u00e9 lot\u00e9rie tu!\",\"breadcrumb\":{\"@id\":\"https:\\\/\\\/redfoxlotto.com\\\/sk\\\/vysledky\\\/#breadcrumb\"},\"inLanguage\":\"sk-SK\",\"potentialAction\":[{\"@type\":\"ReadAction\",\"target\":[\"https:\\\/\\\/redfoxlotto.com\\\/sk\\\/vysledky\\\/\"]}]},{\"@type\":\"ImageObject\",\"inLanguage\":\"sk-SK\",\"@id\":\"https:\\\/\\\/redfoxlotto.com\\\/sk\\\/vysledky\\\/#primaryimage\",\"url\":\"https:\\\/\\\/content.redfoxlotto.com\\\/uploads\\\/sites\\\/9\\\/1_winning_lottery_numbers.jpg\",\"contentUrl\":\"https:\\\/\\\/content.redfoxlotto.com\\\/uploads\\\/sites\\\/9\\\/1_winning_lottery_numbers.jpg\"},{\"@type\":\"BreadcrumbList\",\"@id\":\"https:\\\/\\\/redfoxlotto.com\\\/sk\\\/vysledky\\\/#breadcrumb\",\"itemListElement\":[{\"@type\":\"ListItem\",\"position\":1,\"name\":\"Home\",\"item\":\"https:\\\/\\\/redfoxlotto.com\\\/sk\\\/\"},{\"@type\":\"ListItem\",\"position\":2,\"name\":\"V\u00fdsledky medzin\u00e1rodnej lot\u00e9rie\"}]},{\"@type\":\"WebSite\",\"@id\":\"https:\\\/\\\/redfoxlotto.com\\\/sk\\\/#website\",\"url\":\"https:\\\/\\\/redfoxlotto.com\\\/sk\\\/\",\"name\":\"Get Tickets for the World\u2019s largest jackpots\",\"description\":\"Participate in worldwide lottery jackpots from any country\",\"publisher\":{\"@id\":\"https:\\\/\\\/redfoxlotto.com\\\/sk\\\/#organization\"},\"potentialAction\":[{\"@type\":\"SearchAction\",\"target\":{\"@type\":\"EntryPoint\",\"urlTemplate\":\"https:\\\/\\\/redfoxlotto.com\\\/sk\\\/?s={search_term_string}\"},\"query-input\":{\"@type\":\"PropertyValueSpecification\",\"valueRequired\":true,\"valueName\":\"search_term_string\"}}],\"inLanguage\":\"sk-SK\"},{\"@type\":\"Organization\",\"@id\":\"https:\\\/\\\/redfoxlotto.com\\\/sk\\\/#organization\",\"name\":\"Get Tickets for the World\u2019s largest jackpots\",\"url\":\"https:\\\/\\\/redfoxlotto.com\\\/sk\\\/\",\"logo\":{\"@type\":\"ImageObject\",\"inLanguage\":\"sk-SK\",\"@id\":\"https:\\\/\\\/redfoxlotto.com\\\/sk\\\/#\\\/schema\\\/logo\\\/image\\\/\",\"url\":\"https:\\\/\\\/redfoxlotto.com\\\/wp-content\\\/uploads\\\/2023\\\/04\\\/logo.png\",\"contentUrl\":\"https:\\\/\\\/redfoxlotto.com\\\/wp-content\\\/uploads\\\/2023\\\/04\\\/logo.png\",\"width\":269,\"height\":53,\"caption\":\"Get Tickets for the World\u2019s largest jackpots\"},\"image\":{\"@id\":\"https:\\\/\\\/redfoxlotto.com\\\/sk\\\/#\\\/schema\\\/logo\\\/image\\\/\"}}]}<\/script>\n<!-- \/ Yoast SEO plugin. -->","yoast_head_json":{"title":"V\u00fdhern\u00e9 \u010d\u00edsla a v\u00fdsledky medzin\u00e1rodn\u00fdch lot\u00e9ri\u00ed","description":"Vyhral v\u00e1\u0161 lot\u00e9riov\u00fd l\u00edstok? Najdite v\u00fdsledk\u00fd a v\u00fdhern\u00e9 \u010d\u00edsla pre medzin\u00e1rodn\u00e9 lot\u00e9rie tu!","robots":{"index":"index","follow":"follow","max-snippet":"max-snippet:-1","max-image-preview":"max-image-preview:large","max-video-preview":"max-video-preview:-1"},"canonical":"https:\/\/redfoxlotto.com\/sk\/vysledky\/","og_locale":"sk_SK","og_type":"article","og_title":"V\u00fdhern\u00e9 \u010d\u00edsla a v\u00fdsledky medzin\u00e1rodn\u00fdch lot\u00e9ri\u00ed","og_description":"Vyhral v\u00e1\u0161 lot\u00e9riov\u00fd l\u00edstok? Najdite v\u00fdsledk\u00fd a v\u00fdhern\u00e9 \u010d\u00edsla pre medzin\u00e1rodn\u00e9 lot\u00e9rie tu!","og_url":"https:\/\/redfoxlotto.com\/sk\/vysledky\/","og_site_name":"Get Tickets for the World\u2019s largest jackpots","article_modified_time":"2025-12-18T08:59:03+00:00","og_image":[{"url":"https:\/\/content.redfoxlotto.com\/uploads\/sites\/9\/1_winning_lottery_numbers.jpg","type":"","width":"","height":""}],"twitter_card":"summary_large_image","twitter_misc":{"Predpokladan\u00fd \u010das \u010d\u00edtania":"2 min\u00faty"},"schema":{"@context":"https:\/\/schema.org","@graph":[{"@type":"WebPage","@id":"https:\/\/redfoxlotto.com\/sk\/vysledky\/","url":"https:\/\/redfoxlotto.com\/sk\/vysledky\/","name":"V\u00fdhern\u00e9 \u010d\u00edsla a v\u00fdsledky medzin\u00e1rodn\u00fdch lot\u00e9ri\u00ed","isPartOf":{"@id":"https:\/\/redfoxlotto.com\/sk\/#website"},"primaryImageOfPage":{"@id":"https:\/\/redfoxlotto.com\/sk\/vysledky\/#primaryimage"},"image":{"@id":"https:\/\/redfoxlotto.com\/sk\/vysledky\/#primaryimage"},"thumbnailUrl":"https:\/\/content.redfoxlotto.com\/uploads\/sites\/9\/1_winning_lottery_numbers.jpg","datePublished":"2023-04-24T14:13:24+00:00","dateModified":"2025-12-18T08:59:03+00:00","description":"Vyhral v\u00e1\u0161 lot\u00e9riov\u00fd l\u00edstok? Najdite v\u00fdsledk\u00fd a v\u00fdhern\u00e9 \u010d\u00edsla pre medzin\u00e1rodn\u00e9 lot\u00e9rie tu!","breadcrumb":{"@id":"https:\/\/redfoxlotto.com\/sk\/vysledky\/#breadcrumb"},"inLanguage":"sk-SK","potentialAction":[{"@type":"ReadAction","target":["https:\/\/redfoxlotto.com\/sk\/vysledky\/"]}]},{"@type":"ImageObject","inLanguage":"sk-SK","@id":"https:\/\/redfoxlotto.com\/sk\/vysledky\/#primaryimage","url":"https:\/\/content.redfoxlotto.com\/uploads\/sites\/9\/1_winning_lottery_numbers.jpg","contentUrl":"https:\/\/content.redfoxlotto.com\/uploads\/sites\/9\/1_winning_lottery_numbers.jpg"},{"@type":"BreadcrumbList","@id":"https:\/\/redfoxlotto.com\/sk\/vysledky\/#breadcrumb","itemListElement":[{"@type":"ListItem","position":1,"name":"Home","item":"https:\/\/redfoxlotto.com\/sk\/"},{"@type":"ListItem","position":2,"name":"V\u00fdsledky medzin\u00e1rodnej lot\u00e9rie"}]},{"@type":"WebSite","@id":"https:\/\/redfoxlotto.com\/sk\/#website","url":"https:\/\/redfoxlotto.com\/sk\/","name":"Get Tickets for the World\u2019s largest jackpots","description":"Participate in worldwide lottery jackpots from any country","publisher":{"@id":"https:\/\/redfoxlotto.com\/sk\/#organization"},"potentialAction":[{"@type":"SearchAction","target":{"@type":"EntryPoint","urlTemplate":"https:\/\/redfoxlotto.com\/sk\/?s={search_term_string}"},"query-input":{"@type":"PropertyValueSpecification","valueRequired":true,"valueName":"search_term_string"}}],"inLanguage":"sk-SK"},{"@type":"Organization","@id":"https:\/\/redfoxlotto.com\/sk\/#organization","name":"Get Tickets for the World\u2019s largest jackpots","url":"https:\/\/redfoxlotto.com\/sk\/","logo":{"@type":"ImageObject","inLanguage":"sk-SK","@id":"https:\/\/redfoxlotto.com\/sk\/#\/schema\/logo\/image\/","url":"https:\/\/redfoxlotto.com\/wp-content\/uploads\/2023\/04\/logo.png","contentUrl":"https:\/\/redfoxlotto.com\/wp-content\/uploads\/2023\/04\/logo.png","width":269,"height":53,"caption":"Get Tickets for the World\u2019s largest jackpots"},"image":{"@id":"https:\/\/redfoxlotto.com\/sk\/#\/schema\/logo\/image\/"}}]}},"_links":{"self":[{"href":"https:\/\/redfoxlotto.com\/sk\/wp-json\/wp\/v2\/pages\/10260","targetHints":{"allow":["GET"]}}],"collection":[{"href":"https:\/\/redfoxlotto.com\/sk\/wp-json\/wp\/v2\/pages"}],"about":[{"href":"https:\/\/redfoxlotto.com\/sk\/wp-json\/wp\/v2\/types\/page"}],"author":[{"embeddable":true,"href":"https:\/\/redfoxlotto.com\/sk\/wp-json\/wp\/v2\/users\/1"}],"replies":[{"embeddable":true,"href":"https:\/\/redfoxlotto.com\/sk\/wp-json\/wp\/v2\/comments?post=10260"}],"version-history":[{"count":0,"href":"https:\/\/redfoxlotto.com\/sk\/wp-json\/wp\/v2\/pages\/10260\/revisions"}],"wp:attachment":[{"href":"https:\/\/redfoxlotto.com\/sk\/wp-json\/wp\/v2\/media?parent=10260"}],"curies":[{"name":"wp","href":"https:\/\/api.w.org\/{rel}","templated":true}]}}