{"id":10259,"date":"2018-11-18T08:54:25","date_gmt":"2018-11-18T08:54:25","guid":{"rendered":"https:\/\/redfoxlotto.com\/?page_id=3357"},"modified":"2025-02-14T13:42:57","modified_gmt":"2025-02-14T13:42:57","slug":"lotto-uk","status":"publish","type":"page","link":"https:\/\/redfoxlotto.com\/sk\/loterie\/lotto-uk\/","title":{"rendered":"O UK Lottery"},"content":{"rendered":"<p>UK Lottery je najv\u00e4\u010d\u0161ou n\u00e1rodnou lot\u00e9riou v Spojenom Kr\u00e1\u013eovstve, ak nepo\u010d\u00edtame pan-eur\u00f3pske lot\u00e9rie ako Euromillions a Eurojackpot.<\/p>\n<p><!--more--><br \/>\n<img loading=\"lazy\" decoding=\"async\" class=\" wp-image alignright\" src=\"https:\/\/content.redfoxlotto.com\/uploads\/sites\/9\/2_ticket_uk_lottery2.jpg\" alt=\"loterie vo Ve\u013ekej Brit\u00e1nii\" width=\"151\" height=\"239\" \/><\/p>\n<p>V dne\u0161nej dobe, lot\u00e9riov\u00fd hr\u00e1\u010di z vonka Spojen\u00e9ho Kr\u00e1\u013eovstva si m\u00f4\u017eu sk\u00fasi\u0165 t\u00fato popul\u00e1rnu lot\u00e9riu. \u0160ance na v\u00fdhru si lep\u0161ie ne\u017e vo v\u00e4\u010d\u0161ine ostatn\u00fdch Eur\u00f3pskych lot\u00e9ri\u00e1ch.<\/p>\n<p>UK Lottery len ako n\u00e1zov implikuje je ofici\u00e1lnou lot\u00e9riou Spojen\u00e9ho Kr\u00e1\u013eovstva. V roku 1994 kedy sa hra za\u010dala, bola zn\u00e1ma ako National lottery ale bola zmenen\u00e1 na lotto v roku 2002. UK lottery je fran\u0161izovan\u00e1 vl\u00e1dou Spojen\u00e9ho Kr\u00e1\u013eovstva a licencia spravova\u0165 lot\u00e9riu bola dan\u00e1 skupine znamej ako Camelot group zatia\u013e \u010do regula\u010dn\u00e9 oper\u00e1cie lot\u00e9rie s\u00fa vykon\u00e1van\u00e9 komisiou pre hazardn\u00e9 hry.<\/p>\n<h2>Ako sa z\u00fa\u010dastni\u0165 z vonku Spojen\u00e9ho Kr\u00e1\u013eovstva<\/h2>\n<p><img decoding=\"async\" class=\" wp-image-5380 alignright\" src=\"https:\/\/content.redfoxlotto.com\/uploads\/sites\/9\/lottery-strongbox.jpg\" alt=\"lot\u00e9riov\u00e9 l\u00edstky UK\" width=\"250&quot;\" height=\"125\" \/><\/p>\n<p>Aby ste sa z\u00fa\u010dastnili na UK Lotto, hr\u00e1\u010di si musia zak\u00fapi\u0165 lot\u00e9riov\u00fd l\u00edstok a maj\u00fa povelen\u00e9 vybra\u0165 si 6 \u010d\u00edsel z 59 volieb a maj\u00fa tie\u017e mo\u017enos\u0165 zvoli\u0165 si lucky dip v ktorom s\u00fa \u010d\u00edsla n\u00e1hodne zvolen\u00e9 pre v\u00e1s. Losovania sa konaj\u00fa dvakr\u00e1t t\u00fd\u017edenne kde 6 \u010d\u00edsel je n\u00e1hodne zvolen\u00fdch a bonusov\u00e9 \u010d\u00edslo je tie\u017e zvolen\u00e9 zo zost\u00e1vaj\u00facich 53. Ak s\u00fa \u010d\u00edsla na va\u0161om l\u00edstku presne rovnak\u00e9 ako 6 hlavn\u00fdch vylosovan\u00fdch \u010d\u00edsel tak ste vyhrali jackpot. Aj ke\u010f v\u00e1\u0161 l\u00edstok nezodpoved\u00e1 v\u0161etk\u00fdm 6 vylosovan\u00fdm \u010d\u00edslam, stal\u00e9 m\u00e1te \u0161ancu vyhra\u0165 nie\u010do nako\u013eko ceny s\u00fa aj pre 2, 3, 4 alebo 5 spr\u00e1vnych \u010d\u00edsel vr\u00e1tane bonusov\u00e9ho \u010d\u00edslo.<\/p>\n<p>Najv\u00e4\u010d\u0161\u00ed vyhran\u00fd jackpot doposia\u013e v UK Lotto je 161,6 mili\u00f3nov\u00e1 \u00a3 v\u00fdhra z 12. J\u00fala 2011 Collinsom Weirom a jeho \u017eenou. Pravdepodobnos\u0165 padnutia jackpotu v UK lottery je 1:45 mili\u00f3nom.<\/p>\n<p><strong>Obstarajte si va\u0161e online l\u00edstky do UK Loterry teraz!<\/strong><\/p>\n","protected":false},"excerpt":{"rendered":"<p>UK Lottery je najv\u00e4\u010d\u0161ou n\u00e1rodnou lot\u00e9riou v Spojenom Kr\u00e1\u013eovstve, ak nepo\u010d\u00edtame pan-eur\u00f3pske lot\u00e9rie ako Euromillions a Eurojackpot.<\/p>\n","protected":false},"author":1,"featured_media":0,"parent":10252,"menu_order":9,"comment_status":"closed","ping_status":"closed","template":"lotto-uk-info.php","meta":{"_et_pb_use_builder":"","_et_pb_old_content":"","_et_gb_content_width":"","exclude_from_search":false,"footnotes":""},"class_list":["post-10259","page","type-page","status-publish","hentry"],"yoast_head":"<!-- This site is optimized with the Yoast SEO plugin v27.3 - https:\/\/yoast.com\/product\/yoast-seo-wordpress\/ -->\n<title>Inform\u00e1cie ktor\u00e9 potrebujete o UK lottery.<\/title>\n<meta name=\"description\" content=\"M\u00e1te lep\u0161iu \u0161ancu s UK lottery len t\u00fdm \u017ee o nej viete t\u00fato inform\u00e1ciu.\" \/>\n<meta name=\"robots\" content=\"index, follow, max-snippet:-1, max-image-preview:large, max-video-preview:-1\" \/>\n<link rel=\"canonical\" href=\"https:\/\/redfoxlotto.com\/sk\/loterie\/lotto-uk\/\" \/>\n<meta property=\"og:locale\" content=\"sk_SK\" \/>\n<meta property=\"og:type\" content=\"article\" \/>\n<meta property=\"og:title\" content=\"Inform\u00e1cie ktor\u00e9 potrebujete o UK lottery.\" \/>\n<meta property=\"og:description\" content=\"M\u00e1te lep\u0161iu \u0161ancu s UK lottery len t\u00fdm \u017ee o nej viete t\u00fato inform\u00e1ciu.\" \/>\n<meta property=\"og:url\" content=\"https:\/\/redfoxlotto.com\/sk\/loterie\/lotto-uk\/\" \/>\n<meta property=\"og:site_name\" content=\"Get Tickets for the World\u2019s largest jackpots\" \/>\n<meta property=\"article:modified_time\" content=\"2025-02-14T13:42:57+00:00\" \/>\n<meta property=\"og:image\" content=\"https:\/\/content.redfoxlotto.com\/uploads\/sites\/9\/2_ticket_uk_lottery2.jpg\" \/>\n<meta name=\"twitter:card\" content=\"summary_large_image\" \/>\n<meta name=\"twitter:label1\" content=\"Predpokladan\u00fd \u010das \u010d\u00edtania\" \/>\n\t<meta name=\"twitter:data1\" content=\"2 min\u00faty\" \/>\n<script type=\"application\/ld+json\" class=\"yoast-schema-graph\">{\"@context\":\"https:\\\/\\\/schema.org\",\"@graph\":[{\"@type\":\"WebPage\",\"@id\":\"https:\\\/\\\/redfoxlotto.com\\\/sk\\\/loterie\\\/lotto-uk\\\/\",\"url\":\"https:\\\/\\\/redfoxlotto.com\\\/sk\\\/loterie\\\/lotto-uk\\\/\",\"name\":\"Inform\u00e1cie ktor\u00e9 potrebujete o UK lottery.\",\"isPartOf\":{\"@id\":\"https:\\\/\\\/redfoxlotto.com\\\/sk\\\/#website\"},\"primaryImageOfPage\":{\"@id\":\"https:\\\/\\\/redfoxlotto.com\\\/sk\\\/loterie\\\/lotto-uk\\\/#primaryimage\"},\"image\":{\"@id\":\"https:\\\/\\\/redfoxlotto.com\\\/sk\\\/loterie\\\/lotto-uk\\\/#primaryimage\"},\"thumbnailUrl\":\"https:\\\/\\\/content.redfoxlotto.com\\\/uploads\\\/sites\\\/9\\\/2_ticket_uk_lottery2.jpg\",\"datePublished\":\"2018-11-18T08:54:25+00:00\",\"dateModified\":\"2025-02-14T13:42:57+00:00\",\"description\":\"M\u00e1te lep\u0161iu \u0161ancu s UK lottery len t\u00fdm \u017ee o nej viete t\u00fato inform\u00e1ciu.\",\"breadcrumb\":{\"@id\":\"https:\\\/\\\/redfoxlotto.com\\\/sk\\\/loterie\\\/lotto-uk\\\/#breadcrumb\"},\"inLanguage\":\"sk-SK\",\"potentialAction\":[{\"@type\":\"ReadAction\",\"target\":[\"https:\\\/\\\/redfoxlotto.com\\\/sk\\\/loterie\\\/lotto-uk\\\/\"]}]},{\"@type\":\"ImageObject\",\"inLanguage\":\"sk-SK\",\"@id\":\"https:\\\/\\\/redfoxlotto.com\\\/sk\\\/loterie\\\/lotto-uk\\\/#primaryimage\",\"url\":\"https:\\\/\\\/content.redfoxlotto.com\\\/uploads\\\/sites\\\/9\\\/2_ticket_uk_lottery2.jpg\",\"contentUrl\":\"https:\\\/\\\/content.redfoxlotto.com\\\/uploads\\\/sites\\\/9\\\/2_ticket_uk_lottery2.jpg\"},{\"@type\":\"BreadcrumbList\",\"@id\":\"https:\\\/\\\/redfoxlotto.com\\\/sk\\\/loterie\\\/lotto-uk\\\/#breadcrumb\",\"itemListElement\":[{\"@type\":\"ListItem\",\"position\":1,\"name\":\"Home\",\"item\":\"https:\\\/\\\/redfoxlotto.com\\\/sk\\\/\"},{\"@type\":\"ListItem\",\"position\":2,\"name\":\"Ako k\u00fapi\u0165 online lot\u00e9riov\u00e9 l\u00edstky &#8211; proces n\u00e1kupu\",\"item\":\"https:\\\/\\\/redfoxlotto.com\\\/sk\\\/loterie\\\/\"},{\"@type\":\"ListItem\",\"position\":3,\"name\":\"O UK Lottery\"}]},{\"@type\":\"WebSite\",\"@id\":\"https:\\\/\\\/redfoxlotto.com\\\/sk\\\/#website\",\"url\":\"https:\\\/\\\/redfoxlotto.com\\\/sk\\\/\",\"name\":\"Get Tickets for the World\u2019s largest jackpots\",\"description\":\"Participate in worldwide lottery jackpots from any country\",\"publisher\":{\"@id\":\"https:\\\/\\\/redfoxlotto.com\\\/sk\\\/#organization\"},\"potentialAction\":[{\"@type\":\"SearchAction\",\"target\":{\"@type\":\"EntryPoint\",\"urlTemplate\":\"https:\\\/\\\/redfoxlotto.com\\\/sk\\\/?s={search_term_string}\"},\"query-input\":{\"@type\":\"PropertyValueSpecification\",\"valueRequired\":true,\"valueName\":\"search_term_string\"}}],\"inLanguage\":\"sk-SK\"},{\"@type\":\"Organization\",\"@id\":\"https:\\\/\\\/redfoxlotto.com\\\/sk\\\/#organization\",\"name\":\"Get Tickets for the World\u2019s largest jackpots\",\"url\":\"https:\\\/\\\/redfoxlotto.com\\\/sk\\\/\",\"logo\":{\"@type\":\"ImageObject\",\"inLanguage\":\"sk-SK\",\"@id\":\"https:\\\/\\\/redfoxlotto.com\\\/sk\\\/#\\\/schema\\\/logo\\\/image\\\/\",\"url\":\"https:\\\/\\\/redfoxlotto.com\\\/wp-content\\\/uploads\\\/2023\\\/04\\\/logo.png\",\"contentUrl\":\"https:\\\/\\\/redfoxlotto.com\\\/wp-content\\\/uploads\\\/2023\\\/04\\\/logo.png\",\"width\":269,\"height\":53,\"caption\":\"Get Tickets for the World\u2019s largest jackpots\"},\"image\":{\"@id\":\"https:\\\/\\\/redfoxlotto.com\\\/sk\\\/#\\\/schema\\\/logo\\\/image\\\/\"}}]}<\/script>\n<!-- \/ Yoast SEO plugin. -->","yoast_head_json":{"title":"Inform\u00e1cie ktor\u00e9 potrebujete o UK lottery.","description":"M\u00e1te lep\u0161iu \u0161ancu s UK lottery len t\u00fdm \u017ee o nej viete t\u00fato inform\u00e1ciu.","robots":{"index":"index","follow":"follow","max-snippet":"max-snippet:-1","max-image-preview":"max-image-preview:large","max-video-preview":"max-video-preview:-1"},"canonical":"https:\/\/redfoxlotto.com\/sk\/loterie\/lotto-uk\/","og_locale":"sk_SK","og_type":"article","og_title":"Inform\u00e1cie ktor\u00e9 potrebujete o UK lottery.","og_description":"M\u00e1te lep\u0161iu \u0161ancu s UK lottery len t\u00fdm \u017ee o nej viete t\u00fato inform\u00e1ciu.","og_url":"https:\/\/redfoxlotto.com\/sk\/loterie\/lotto-uk\/","og_site_name":"Get Tickets for the World\u2019s largest jackpots","article_modified_time":"2025-02-14T13:42:57+00:00","og_image":[{"url":"https:\/\/content.redfoxlotto.com\/uploads\/sites\/9\/2_ticket_uk_lottery2.jpg","type":"","width":"","height":""}],"twitter_card":"summary_large_image","twitter_misc":{"Predpokladan\u00fd \u010das \u010d\u00edtania":"2 min\u00faty"},"schema":{"@context":"https:\/\/schema.org","@graph":[{"@type":"WebPage","@id":"https:\/\/redfoxlotto.com\/sk\/loterie\/lotto-uk\/","url":"https:\/\/redfoxlotto.com\/sk\/loterie\/lotto-uk\/","name":"Inform\u00e1cie ktor\u00e9 potrebujete o UK lottery.","isPartOf":{"@id":"https:\/\/redfoxlotto.com\/sk\/#website"},"primaryImageOfPage":{"@id":"https:\/\/redfoxlotto.com\/sk\/loterie\/lotto-uk\/#primaryimage"},"image":{"@id":"https:\/\/redfoxlotto.com\/sk\/loterie\/lotto-uk\/#primaryimage"},"thumbnailUrl":"https:\/\/content.redfoxlotto.com\/uploads\/sites\/9\/2_ticket_uk_lottery2.jpg","datePublished":"2018-11-18T08:54:25+00:00","dateModified":"2025-02-14T13:42:57+00:00","description":"M\u00e1te lep\u0161iu \u0161ancu s UK lottery len t\u00fdm \u017ee o nej viete t\u00fato inform\u00e1ciu.","breadcrumb":{"@id":"https:\/\/redfoxlotto.com\/sk\/loterie\/lotto-uk\/#breadcrumb"},"inLanguage":"sk-SK","potentialAction":[{"@type":"ReadAction","target":["https:\/\/redfoxlotto.com\/sk\/loterie\/lotto-uk\/"]}]},{"@type":"ImageObject","inLanguage":"sk-SK","@id":"https:\/\/redfoxlotto.com\/sk\/loterie\/lotto-uk\/#primaryimage","url":"https:\/\/content.redfoxlotto.com\/uploads\/sites\/9\/2_ticket_uk_lottery2.jpg","contentUrl":"https:\/\/content.redfoxlotto.com\/uploads\/sites\/9\/2_ticket_uk_lottery2.jpg"},{"@type":"BreadcrumbList","@id":"https:\/\/redfoxlotto.com\/sk\/loterie\/lotto-uk\/#breadcrumb","itemListElement":[{"@type":"ListItem","position":1,"name":"Home","item":"https:\/\/redfoxlotto.com\/sk\/"},{"@type":"ListItem","position":2,"name":"Ako k\u00fapi\u0165 online lot\u00e9riov\u00e9 l\u00edstky &#8211; proces n\u00e1kupu","item":"https:\/\/redfoxlotto.com\/sk\/loterie\/"},{"@type":"ListItem","position":3,"name":"O UK Lottery"}]},{"@type":"WebSite","@id":"https:\/\/redfoxlotto.com\/sk\/#website","url":"https:\/\/redfoxlotto.com\/sk\/","name":"Get Tickets for the World\u2019s largest jackpots","description":"Participate in worldwide lottery jackpots from any country","publisher":{"@id":"https:\/\/redfoxlotto.com\/sk\/#organization"},"potentialAction":[{"@type":"SearchAction","target":{"@type":"EntryPoint","urlTemplate":"https:\/\/redfoxlotto.com\/sk\/?s={search_term_string}"},"query-input":{"@type":"PropertyValueSpecification","valueRequired":true,"valueName":"search_term_string"}}],"inLanguage":"sk-SK"},{"@type":"Organization","@id":"https:\/\/redfoxlotto.com\/sk\/#organization","name":"Get Tickets for the World\u2019s largest jackpots","url":"https:\/\/redfoxlotto.com\/sk\/","logo":{"@type":"ImageObject","inLanguage":"sk-SK","@id":"https:\/\/redfoxlotto.com\/sk\/#\/schema\/logo\/image\/","url":"https:\/\/redfoxlotto.com\/wp-content\/uploads\/2023\/04\/logo.png","contentUrl":"https:\/\/redfoxlotto.com\/wp-content\/uploads\/2023\/04\/logo.png","width":269,"height":53,"caption":"Get Tickets for the World\u2019s largest jackpots"},"image":{"@id":"https:\/\/redfoxlotto.com\/sk\/#\/schema\/logo\/image\/"}}]}},"_links":{"self":[{"href":"https:\/\/redfoxlotto.com\/sk\/wp-json\/wp\/v2\/pages\/10259","targetHints":{"allow":["GET"]}}],"collection":[{"href":"https:\/\/redfoxlotto.com\/sk\/wp-json\/wp\/v2\/pages"}],"about":[{"href":"https:\/\/redfoxlotto.com\/sk\/wp-json\/wp\/v2\/types\/page"}],"author":[{"embeddable":true,"href":"https:\/\/redfoxlotto.com\/sk\/wp-json\/wp\/v2\/users\/1"}],"replies":[{"embeddable":true,"href":"https:\/\/redfoxlotto.com\/sk\/wp-json\/wp\/v2\/comments?post=10259"}],"version-history":[{"count":0,"href":"https:\/\/redfoxlotto.com\/sk\/wp-json\/wp\/v2\/pages\/10259\/revisions"}],"up":[{"embeddable":true,"href":"https:\/\/redfoxlotto.com\/sk\/wp-json\/wp\/v2\/pages\/10252"}],"wp:attachment":[{"href":"https:\/\/redfoxlotto.com\/sk\/wp-json\/wp\/v2\/media?parent=10259"}],"curies":[{"name":"wp","href":"https:\/\/api.w.org\/{rel}","templated":true}]}}