{"id":10258,"date":"2018-11-18T08:54:25","date_gmt":"2018-11-18T08:54:25","guid":{"rendered":"https:\/\/redfoxlotto.com\/?page_id=3355"},"modified":"2023-05-10T16:17:18","modified_gmt":"2023-05-10T16:17:18","slug":"superenalotto","status":"publish","type":"page","link":"https:\/\/redfoxlotto.com\/sk\/loterie\/superenalotto\/","title":{"rendered":"O SuperEnalotto"},"content":{"rendered":"<p>T\u00e1to lot\u00e9ria z Talianska bola predstaven\u00e1 ako &#8222;EnaLotto&#8220; v 50-t\u00fdch rokoch a nesk\u00f4r premenovan\u00e1 na SuperEnaLotto. Najvy\u0161\u0161ia zaznamenan\u00e1 v\u00fdhra v Superenalotto bola 177 729 043,16 \u20ac.<!--more--><\/p>\n<p>T\u00e1to lot\u00e9ria m\u00e1 tri losovania t\u00fd\u017edenne &#8211; ka\u017ed\u00fd Utorok, \u0160tvrtok a Sobotu.<\/p>\n<h2>Ako si k\u00fapi\u0165 l\u00edstok Superenalotto online<\/h2>\n<p><img loading=\"lazy\" decoding=\"async\" class=\" wp-image alignright\" src=\"https:\/\/content.redfoxlotto.com\/uploads\/sites\/9\/2_ticket_superenalotto4.jpg\" alt=\"Superenalotto hra\u0165 online\" width=\"228\" height=\"325\" \/><\/p>\n<p>Proces n\u00e1kupu va\u0161ej letenky Superenalotto online je ve\u013emi jednoduch\u00fd. Na\u0161e webov\u00e9 str\u00e1nky v\u00e1s preved\u00fa n\u00e1kupom letenky a platbou.<\/p>\n<p>Ak ste pripraven\u00ed k\u00fapi\u0165 si l\u00edstok online, m\u00f4\u017eete to urobi\u0165 dvoma r\u00f4znymi sp\u00f4sobmi:<\/p>\n<ul>\n<li>Za\u010dnite registr\u00e1ciou \u00fa\u010dtu na RedFoxLotto (nezabudnite klikn\u00fa\u0165 na odkaz v e-maile s overen\u00edm, ktor\u00fd v\u00e1m po\u0161leme!) A potom najsk\u00f4r na \u00fa\u010det ulo\u017ete nejak\u00e9 peniaze. Teraz, ke\u010f m\u00e1te na svojom \u00fa\u010dte peniaze, m\u00f4\u017eete si vybra\u0165 lot\u00e9riu, vybra\u0165 si \u010d\u00edsla a zaplati\u0165 zostatkom na svojom \u00fa\u010dte. T\u00e1to met\u00f3da je ide\u00e1lna, ak si chcete dnes k\u00fapi\u0165 nejak\u00e9 l\u00edstky online a nesk\u00f4r sa vr\u00e1ti\u0165, aby ste si mohli k\u00fapi\u0165 viac l\u00edstkov.<\/li>\n<\/ul>\n<p>alebo:<\/p>\n<ul>\n<li>Najsk\u00f4r vyberte lot\u00e9riu a potom vyberte svoje \u010d\u00edsla. Pridajte viac lot\u00e9ri\u00ed a viac l\u00edstkov, ak chcete. Potom kliknite na tla\u010didlo Zaplati\u0165. \u010ealej sa zobraz\u00ed prihlasovacia obrazovka. Ke\u010f\u017ee e\u0161te nem\u00e1te \u00fa\u010det, mus\u00edte si ho vytvori\u0165 kliknut\u00edm na tla\u010didlo Zaregistrova\u0165 sa. Po zaregistrovan\u00ed a overen\u00ed nov\u00e9ho \u00fa\u010dtu vyh\u013eadajte symbol n\u00e1kupn\u00e9ho ko\u0161\u00edka a kliknite na\u0148. Potom plat\u00edte online pomocou akejko\u013evek met\u00f3dy, ktor\u00e1 je pre v\u00e1s v\u00fdhodn\u00e1.<\/li>\n<\/ul>\n<p>Uistite sa, \u017ee ste vykonali v\u0161etky potrebn\u00e9 kroky na vykonanie platby. Po \u00faspe\u0161nom zak\u00fapen\u00ed l\u00edstkov dostanete potvrdzovac\u00ed e-mail. Po tom v\u0161etkom, \u010do mus\u00edte urobi\u0165, je \u010daka\u0165 na rem\u00edzu, aby ste zistili, \u010di ste vyhrali!<\/p>\n<h2>SuperEnalotto celosvetovo<\/h2>\n<p><img loading=\"lazy\" decoding=\"async\" class=\" wp-image alignright\" src=\"https:\/\/content.redfoxlotto.com\/uploads\/sites\/9\/1_buy_ticket_jackpot.jpg\" alt=\"vyhra\u0165 Superenalotto\" width=\"222\" height=\"148\" \/><\/p>\n<p>Do predstavenie Eurojackpotu, Superenalotto lot\u00e9ria bola kr\u00e1\u013eovnou Eur\u00f3pskych lot\u00e9ri\u00ed. V dne\u0161nej dobe sa u\u017e nehr\u00e1 iba v Taliansku, ale taktie\u017e online hr\u00e1\u010dmi z ostatn\u00fdch \u0161t\u00e1tov. Nez\u00e1le\u017e\u00ed na tom kde \u017eijete, m\u00f4\u017eete si k\u00fapi\u0165 l\u00edstky na Superenalotto online pr\u00e1ve tu na na\u0161ej str\u00e1nke.<\/p>\n<h2>Pravidl\u00e1 SuperEnalotto<\/h2>\n<p>SuperEnaLotto je 6 z 90 hra, bez dodato\u010dn\u00fdch \u010d\u00edsel. Uh\u00e1dnut\u00edm 6 \u010d\u00edsel vyhr\u00e1vate jackpot. Ak v\u00e1\u0161 Superenalotto l\u00edstok m\u00e1 aspo\u0148 3 spr\u00e1vne \u010d\u00edsla, kvalifikujete sa na jednu z ni\u017e\u0161\u00edch cien.<\/p>\n","protected":false},"excerpt":{"rendered":"<p>T\u00e1to lot\u00e9ria z Talianska bola predstaven\u00e1 ako &#8222;EnaLotto&#8220; v 50-t\u00fdch rokoch a nesk\u00f4r premenovan\u00e1 na SuperEnaLotto. Najvy\u0161\u0161ia zaznamenan\u00e1 v\u00fdhra v Superenalotto bola 177 729 043,16 \u20ac.<\/p>\n","protected":false},"author":1,"featured_media":0,"parent":10252,"menu_order":5,"comment_status":"closed","ping_status":"closed","template":"superenalotto-info.php","meta":{"_et_pb_use_builder":"","_et_pb_old_content":"","_et_gb_content_width":"","exclude_from_search":false,"footnotes":""},"class_list":["post-10258","page","type-page","status-publish","hentry"],"yoast_head":"<!-- This site is optimized with the Yoast SEO plugin v23.8 - https:\/\/yoast.com\/wordpress\/plugins\/seo\/ -->\n<title>K\u00fapte l\u00edstky na Superenalotto online<\/title>\n<meta name=\"description\" content=\"Hoci ne\u017eijete v Taliansku, l\u00edstky na Superenalotto m\u00f4\u017eu by\u0165 zak\u00fapen\u00e9 online teraz!\" \/>\n<meta name=\"robots\" content=\"index, follow, max-snippet:-1, max-image-preview:large, max-video-preview:-1\" \/>\n<link rel=\"canonical\" href=\"https:\/\/redfoxlotto.com\/sk\/loterie\/superenalotto\/\" \/>\n<meta property=\"og:locale\" content=\"sk_SK\" \/>\n<meta property=\"og:type\" content=\"article\" \/>\n<meta property=\"og:title\" content=\"K\u00fapte l\u00edstky na Superenalotto online\" \/>\n<meta property=\"og:description\" content=\"Hoci ne\u017eijete v Taliansku, l\u00edstky na Superenalotto m\u00f4\u017eu by\u0165 zak\u00fapen\u00e9 online teraz!\" \/>\n<meta property=\"og:url\" content=\"https:\/\/redfoxlotto.com\/sk\/loterie\/superenalotto\/\" \/>\n<meta property=\"og:site_name\" content=\"Get Tickets for the World\u2019s largest jackpots\" \/>\n<meta property=\"article:modified_time\" content=\"2023-05-10T16:17:18+00:00\" \/>\n<meta property=\"og:image\" content=\"https:\/\/content.redfoxlotto.com\/uploads\/sites\/9\/2_ticket_superenalotto4.jpg\" \/>\n<meta name=\"twitter:card\" content=\"summary_large_image\" \/>\n<meta name=\"twitter:label1\" content=\"Predpokladan\u00fd \u010das \u010d\u00edtania\" \/>\n\t<meta name=\"twitter:data1\" content=\"2 min\u00faty\" \/>\n<script type=\"application\/ld+json\" class=\"yoast-schema-graph\">{\"@context\":\"https:\/\/schema.org\",\"@graph\":[{\"@type\":\"WebPage\",\"@id\":\"https:\/\/redfoxlotto.com\/sk\/loterie\/superenalotto\/\",\"url\":\"https:\/\/redfoxlotto.com\/sk\/loterie\/superenalotto\/\",\"name\":\"K\u00fapte l\u00edstky na Superenalotto online\",\"isPartOf\":{\"@id\":\"https:\/\/redfoxlotto.com\/sk\/#website\"},\"primaryImageOfPage\":{\"@id\":\"https:\/\/redfoxlotto.com\/sk\/loterie\/superenalotto\/#primaryimage\"},\"image\":{\"@id\":\"https:\/\/redfoxlotto.com\/sk\/loterie\/superenalotto\/#primaryimage\"},\"thumbnailUrl\":\"https:\/\/content.redfoxlotto.com\/uploads\/sites\/9\/2_ticket_superenalotto4.jpg\",\"datePublished\":\"2018-11-18T08:54:25+00:00\",\"dateModified\":\"2023-05-10T16:17:18+00:00\",\"description\":\"Hoci ne\u017eijete v Taliansku, l\u00edstky na Superenalotto m\u00f4\u017eu by\u0165 zak\u00fapen\u00e9 online teraz!\",\"breadcrumb\":{\"@id\":\"https:\/\/redfoxlotto.com\/sk\/loterie\/superenalotto\/#breadcrumb\"},\"inLanguage\":\"sk-SK\",\"potentialAction\":[{\"@type\":\"ReadAction\",\"target\":[\"https:\/\/redfoxlotto.com\/sk\/loterie\/superenalotto\/\"]}]},{\"@type\":\"ImageObject\",\"inLanguage\":\"sk-SK\",\"@id\":\"https:\/\/redfoxlotto.com\/sk\/loterie\/superenalotto\/#primaryimage\",\"url\":\"https:\/\/content.redfoxlotto.com\/uploads\/sites\/9\/2_ticket_superenalotto4.jpg\",\"contentUrl\":\"https:\/\/content.redfoxlotto.com\/uploads\/sites\/9\/2_ticket_superenalotto4.jpg\"},{\"@type\":\"BreadcrumbList\",\"@id\":\"https:\/\/redfoxlotto.com\/sk\/loterie\/superenalotto\/#breadcrumb\",\"itemListElement\":[{\"@type\":\"ListItem\",\"position\":1,\"name\":\"Home\",\"item\":\"https:\/\/redfoxlotto.com\/sk\/\"},{\"@type\":\"ListItem\",\"position\":2,\"name\":\"Ako k\u00fapi\u0165 online lot\u00e9riov\u00e9 l\u00edstky &#8211; proces n\u00e1kupu\",\"item\":\"https:\/\/redfoxlotto.com\/sk\/loterie\/\"},{\"@type\":\"ListItem\",\"position\":3,\"name\":\"O SuperEnalotto\"}]},{\"@type\":\"WebSite\",\"@id\":\"https:\/\/redfoxlotto.com\/sk\/#website\",\"url\":\"https:\/\/redfoxlotto.com\/sk\/\",\"name\":\"Get Tickets for the World\u2019s largest jackpots\",\"description\":\"Participate in worldwide lottery jackpots from any country\",\"publisher\":{\"@id\":\"https:\/\/redfoxlotto.com\/sk\/#organization\"},\"potentialAction\":[{\"@type\":\"SearchAction\",\"target\":{\"@type\":\"EntryPoint\",\"urlTemplate\":\"https:\/\/redfoxlotto.com\/sk\/?s={search_term_string}\"},\"query-input\":{\"@type\":\"PropertyValueSpecification\",\"valueRequired\":true,\"valueName\":\"search_term_string\"}}],\"inLanguage\":\"sk-SK\"},{\"@type\":\"Organization\",\"@id\":\"https:\/\/redfoxlotto.com\/sk\/#organization\",\"name\":\"Get Tickets for the World\u2019s largest jackpots\",\"url\":\"https:\/\/redfoxlotto.com\/sk\/\",\"logo\":{\"@type\":\"ImageObject\",\"inLanguage\":\"sk-SK\",\"@id\":\"https:\/\/redfoxlotto.com\/sk\/#\/schema\/logo\/image\/\",\"url\":\"https:\/\/redfoxlotto.com\/wp-content\/uploads\/2023\/04\/logo.png\",\"contentUrl\":\"https:\/\/redfoxlotto.com\/wp-content\/uploads\/2023\/04\/logo.png\",\"width\":269,\"height\":53,\"caption\":\"Get Tickets for the World\u2019s largest jackpots\"},\"image\":{\"@id\":\"https:\/\/redfoxlotto.com\/sk\/#\/schema\/logo\/image\/\"}}]}<\/script>\n<!-- \/ Yoast SEO plugin. -->","yoast_head_json":{"title":"K\u00fapte l\u00edstky na Superenalotto online","description":"Hoci ne\u017eijete v Taliansku, l\u00edstky na Superenalotto m\u00f4\u017eu by\u0165 zak\u00fapen\u00e9 online teraz!","robots":{"index":"index","follow":"follow","max-snippet":"max-snippet:-1","max-image-preview":"max-image-preview:large","max-video-preview":"max-video-preview:-1"},"canonical":"https:\/\/redfoxlotto.com\/sk\/loterie\/superenalotto\/","og_locale":"sk_SK","og_type":"article","og_title":"K\u00fapte l\u00edstky na Superenalotto online","og_description":"Hoci ne\u017eijete v Taliansku, l\u00edstky na Superenalotto m\u00f4\u017eu by\u0165 zak\u00fapen\u00e9 online teraz!","og_url":"https:\/\/redfoxlotto.com\/sk\/loterie\/superenalotto\/","og_site_name":"Get Tickets for the World\u2019s largest jackpots","article_modified_time":"2023-05-10T16:17:18+00:00","og_image":[{"url":"https:\/\/content.redfoxlotto.com\/uploads\/sites\/9\/2_ticket_superenalotto4.jpg"}],"twitter_card":"summary_large_image","twitter_misc":{"Predpokladan\u00fd \u010das \u010d\u00edtania":"2 min\u00faty"},"schema":{"@context":"https:\/\/schema.org","@graph":[{"@type":"WebPage","@id":"https:\/\/redfoxlotto.com\/sk\/loterie\/superenalotto\/","url":"https:\/\/redfoxlotto.com\/sk\/loterie\/superenalotto\/","name":"K\u00fapte l\u00edstky na Superenalotto online","isPartOf":{"@id":"https:\/\/redfoxlotto.com\/sk\/#website"},"primaryImageOfPage":{"@id":"https:\/\/redfoxlotto.com\/sk\/loterie\/superenalotto\/#primaryimage"},"image":{"@id":"https:\/\/redfoxlotto.com\/sk\/loterie\/superenalotto\/#primaryimage"},"thumbnailUrl":"https:\/\/content.redfoxlotto.com\/uploads\/sites\/9\/2_ticket_superenalotto4.jpg","datePublished":"2018-11-18T08:54:25+00:00","dateModified":"2023-05-10T16:17:18+00:00","description":"Hoci ne\u017eijete v Taliansku, l\u00edstky na Superenalotto m\u00f4\u017eu by\u0165 zak\u00fapen\u00e9 online teraz!","breadcrumb":{"@id":"https:\/\/redfoxlotto.com\/sk\/loterie\/superenalotto\/#breadcrumb"},"inLanguage":"sk-SK","potentialAction":[{"@type":"ReadAction","target":["https:\/\/redfoxlotto.com\/sk\/loterie\/superenalotto\/"]}]},{"@type":"ImageObject","inLanguage":"sk-SK","@id":"https:\/\/redfoxlotto.com\/sk\/loterie\/superenalotto\/#primaryimage","url":"https:\/\/content.redfoxlotto.com\/uploads\/sites\/9\/2_ticket_superenalotto4.jpg","contentUrl":"https:\/\/content.redfoxlotto.com\/uploads\/sites\/9\/2_ticket_superenalotto4.jpg"},{"@type":"BreadcrumbList","@id":"https:\/\/redfoxlotto.com\/sk\/loterie\/superenalotto\/#breadcrumb","itemListElement":[{"@type":"ListItem","position":1,"name":"Home","item":"https:\/\/redfoxlotto.com\/sk\/"},{"@type":"ListItem","position":2,"name":"Ako k\u00fapi\u0165 online lot\u00e9riov\u00e9 l\u00edstky &#8211; proces n\u00e1kupu","item":"https:\/\/redfoxlotto.com\/sk\/loterie\/"},{"@type":"ListItem","position":3,"name":"O SuperEnalotto"}]},{"@type":"WebSite","@id":"https:\/\/redfoxlotto.com\/sk\/#website","url":"https:\/\/redfoxlotto.com\/sk\/","name":"Get Tickets for the World\u2019s largest jackpots","description":"Participate in worldwide lottery jackpots from any country","publisher":{"@id":"https:\/\/redfoxlotto.com\/sk\/#organization"},"potentialAction":[{"@type":"SearchAction","target":{"@type":"EntryPoint","urlTemplate":"https:\/\/redfoxlotto.com\/sk\/?s={search_term_string}"},"query-input":{"@type":"PropertyValueSpecification","valueRequired":true,"valueName":"search_term_string"}}],"inLanguage":"sk-SK"},{"@type":"Organization","@id":"https:\/\/redfoxlotto.com\/sk\/#organization","name":"Get Tickets for the World\u2019s largest jackpots","url":"https:\/\/redfoxlotto.com\/sk\/","logo":{"@type":"ImageObject","inLanguage":"sk-SK","@id":"https:\/\/redfoxlotto.com\/sk\/#\/schema\/logo\/image\/","url":"https:\/\/redfoxlotto.com\/wp-content\/uploads\/2023\/04\/logo.png","contentUrl":"https:\/\/redfoxlotto.com\/wp-content\/uploads\/2023\/04\/logo.png","width":269,"height":53,"caption":"Get Tickets for the World\u2019s largest jackpots"},"image":{"@id":"https:\/\/redfoxlotto.com\/sk\/#\/schema\/logo\/image\/"}}]}},"_links":{"self":[{"href":"https:\/\/redfoxlotto.com\/sk\/wp-json\/wp\/v2\/pages\/10258","targetHints":{"allow":["GET"]}}],"collection":[{"href":"https:\/\/redfoxlotto.com\/sk\/wp-json\/wp\/v2\/pages"}],"about":[{"href":"https:\/\/redfoxlotto.com\/sk\/wp-json\/wp\/v2\/types\/page"}],"author":[{"embeddable":true,"href":"https:\/\/redfoxlotto.com\/sk\/wp-json\/wp\/v2\/users\/1"}],"replies":[{"embeddable":true,"href":"https:\/\/redfoxlotto.com\/sk\/wp-json\/wp\/v2\/comments?post=10258"}],"version-history":[{"count":0,"href":"https:\/\/redfoxlotto.com\/sk\/wp-json\/wp\/v2\/pages\/10258\/revisions"}],"up":[{"embeddable":true,"href":"https:\/\/redfoxlotto.com\/sk\/wp-json\/wp\/v2\/pages\/10252"}],"wp:attachment":[{"href":"https:\/\/redfoxlotto.com\/sk\/wp-json\/wp\/v2\/media?parent=10258"}],"curies":[{"name":"wp","href":"https:\/\/api.w.org\/{rel}","templated":true}]}}