{"id":10257,"date":"2018-11-18T08:54:25","date_gmt":"2018-11-18T08:54:25","guid":{"rendered":"https:\/\/redfoxlotto.com\/?page_id=3353"},"modified":"2025-12-18T15:12:44","modified_gmt":"2025-12-18T15:12:44","slug":"powerball","status":"publish","type":"page","link":"https:\/\/redfoxlotto.com\/sk\/loterie\/powerball\/","title":{"rendered":"O hre Powerball"},"content":{"rendered":"<p><script type=\"application\/ld+json\">\n{\n  \"@context\": \"https:\/\/schema.org\",\n  \"@type\": \"Service\",\n  \"name\": \"Hrajte Powerball online\",\n  \"url\": \"https:\/\/redfoxlotto.com\/sk\/lotteries\/powerball\",\n  \"description\": \"K\u00fapte si ofici\u00e1lne Powerball loterijn\u00e9 l\u00edstky online z akejko\u013evek krajiny. Nav\u0161t\u00edvte RedFoxLotto, vyberte si svoje \u010d\u00edsla a z\u00fa\u010dastnite sa \u010fal\u0161ieho \u017erebovania.\",\n  \"serviceType\": \"Online slu\u017eba sprostredkovania loterijn\u00fdch l\u00edstkov\",\n  \"provider\": {\n    \"@type\": \"Organization\",\n    \"name\": \"RedFoxLotto\",\n    \"url\": \"https:\/\/redfoxlotto.com\/sk\",\n    \"image\": \"https:\/\/redfoxlotto.com\/sk\/wp-content\/uploads\/2025\/12\/ticket_scans.jpg\",\n    \"sameAs\": []\n  },\n  \"areaServed\": \"Worldwide\",\n  \"termsOfService\": \"https:\/\/redfoxlotto.com\/terms-and-conditions\",\n  \"additionalProperty\": {\n    \"@type\": \"PropertyValue\",\n    \"name\": \"FAQ\",\n    \"value\": \"https:\/\/redfoxlotto.com\/sk\/faq\/\"\n  },\n  \"hasOfferCatalog\": {\n    \"@type\": \"OfferCatalog\",\n    \"name\": \"Powerball loterijn\u00e9 l\u00edstky\",\n    \"itemListElement\": [\n      {\n        \"@type\": \"Offer\",\n        \"name\": \"Powerball l\u00edstky\",\n        \"url\": \"https:\/\/redfoxlotto.com\/sk\/lotteries\/powerball\",\n        \"description\": \"K\u00fapte si skuto\u010dn\u00e9 l\u00edstky online na \u010fal\u0161ie \u017erebovanie Powerball cez RedFoxLotto.\",\n        \"price\": \"5.90\",\n        \"priceCurrency\": \"\u20ac\",\n        \"availability\": \"https:\/\/schema.org\/InStock\",\n        \"itemOffered\": {\n          \"@type\": \"Service\",\n          \"name\": \"Powerball loterijn\u00e9 l\u00edstky\",\n          \"description\": \"Z\u00fa\u010dastnite sa \u010fal\u0161ieho \u017erebovania Powerball \u2013 k\u00fapte l\u00edstky online cez RedFoxLotto.\"\n        }\n      }\n    ]\n  },\n  \"mainEntityOfPage\": {\n    \"@type\": \"WebPage\",\n    \"@id\": \"https:\/\/redfoxlotto.com\/sk\/lotteries\/powerball\"\n  }\n}\n<\/script><\/p>\n<p>Powerball je pravdepodobne najzn\u00e1mej\u0161ou lot\u00e9riou na celom svete a existuje na to nieko\u013eko naozaj dobr\u00fdch d\u00f4vodov.<\/p>\n<p>Hraj\u00fa ju mili\u00f3ny hr\u00e1\u010dov z cel\u00e9ho sveta. Ba \u010do viac, nielen v USA, ale aj online z in\u00fdch kraj\u00edn, ako je napr\u00edklad Slovensko, ste sa mohli rozhodn\u00fa\u0165 k\u00fapi\u0165 si tikety Powerball online.<\/p>\n<p>\u017drebovania sa konaj\u00fa ka\u017ed\u00fa sobotu a stredu, \u010do znamen\u00e1, \u017ee budete ma\u0165 dvakr\u00e1t viac pr\u00edle\u017eitost\u00ed zapoji\u0165 sa a k\u00fapi\u0165 si tiket. Skuto\u010dne vzru\u0161uj\u00face je, \u017ee najv\u00e4\u010d\u0161\u00ed jackpot, ak\u00fd bol kedy v Powerballe dosiahnut\u00fd, bol 1 586 400 000 dol\u00e1rov!<\/p>\n<h2>Powerball Lotto na celom svete<\/h2>\n<p>S pomocou na\u0161ej webovej str\u00e1nky sa teraz m\u00f4\u017eete sta\u0165 multimilion\u00e1rom lot\u00e9rie Powerball. Pon\u00fakame v\u00e1m mo\u017enos\u0165 k\u00fapi\u0165 si tikety Powerball online. A v\u0161etko, \u010do mus\u00edte urobi\u0165, je pozrie\u0165 sa, \u010do n\u00e1\u0161 syst\u00e9m zah\u0155\u0148a. Uvid\u00edte, \u017ee od samotnej kontroly na\u0161ej webovej str\u00e1nky sa m\u00f4\u017eete dosta\u0165 k tomu, \u017ee na v\u00e1s v nieko\u013ek\u00fdch jednoduch\u00fdch krokoch bude na va\u0161om \u00fa\u010dte \u010daka\u0165 v\u00e1\u0161 prv\u00fd tiket. Po\u010fme sa teda bli\u017e\u0161ie pozrie\u0165 na to, \u010do mus\u00edte urobi\u0165.<img decoding=\"async\" class=\"wp-image alignright\" src=\"https:\/\/redfoxlotto.com\/wp-content\/uploads\/sites\/9\/ticket_powerball3.jpg\" alt=\"Powerball lot\u00e9rie\" \/><\/p>\n<h2>Ako si k\u00fapi\u0165 tiket Powerball online zo Slovenska<\/h2>\n<p>Prv\u00fdm krokom je jednoducho si pozrie\u0165 r\u00f4zne lot\u00e9riov\u00e9 hry, ktor\u00e9 m\u00e1me k dispoz\u00edcii. Na\u0161\u0165astie pre v\u00e1s m\u00e1me k dispoz\u00edcii mno\u017estvo skvel\u00fdch tiketov a hier, preto\u017ee chceme, aby ste sa mohli zapoji\u0165 do v\u0161etk\u00fdch hlavn\u00fdch jackpotov. Tak\u017ee v\u0161etky najv\u00e4\u010d\u0161ie hry na celom svete s\u00fa dostupn\u00e9 zo Slovenska, prostredn\u00edctvom na\u0161ej webovej str\u00e1nky. Sta\u010d\u00ed sa pozrie\u0165 na dostupn\u00e9 hry a potom sa rozhodn\u00fa\u0165, ktor\u00fa chcete hra\u0165.<\/p>\n<p>Ke\u010f sa rozhodnete pre hru (v tomto pr\u00edpade Powerball), sta\u010d\u00ed klikn\u00fa\u0165 na odkaz a prejs\u0165 na str\u00e1nku. Zobrazia sa v\u00e1m \u010fal\u0161ie inform\u00e1cie o hre a zobrazia sa v\u00e1m inform\u00e1cie o tom, ako z\u00edska\u0165 vlastn\u00fd tiket. Sta\u010d\u00ed si len vybra\u0165 \u010d\u00edsla, ktor\u00e9 chcete. Samozrejme, m\u00f4\u017eete si vybra\u0165 aj r\u00fdchly v\u00fdber, ak neviete, ak\u00e9 \u010d\u00edsla chcete.<\/p>\n<p>S na\u0161ou webovou str\u00e1nkou v\u00e1m po za\u010dat\u00ed vyberania \u010d\u00edsel ozn\u00e1mime, ko\u013eko presne potrebujete, a zabezpe\u010d\u00edme, aby ste ich nemali pr\u00edli\u0161 ve\u013ea alebo pr\u00edli\u0161 m\u00e1lo na z\u00edskanie platn\u00e9ho tiketu. Budete ma\u0165 tie\u017e mo\u017enos\u0165 vybra\u0165 si kombin\u00e1ciu n\u00e1hodne vybran\u00fdch a osobne vybran\u00fdch \u010d\u00edsel pod\u013ea vlastn\u00e9ho uv\u00e1\u017eenia. M\u00f4\u017eete si tie\u017e vybra\u0165 viacero vstupeniek do hry.<\/p>\n<p>Odtia\u013e budete m\u00f4c\u0165 prida\u0165 tikety do ko\u0161\u00edka a potom si m\u00f4\u017eete vybra\u0165 \u010fal\u0161ie tikety z hry Powerball alebo z in\u00fdch hier, ktor\u00e9 chcete hra\u0165. Potom si u\u017e len mus\u00edte nastavi\u0165 vlastn\u00fd \u00fa\u010det. Ke\u010f tak urob\u00edte, op\u00fdtame sa v\u00e1s na niektor\u00e9 osobn\u00e9 \u00fadaje, ktor\u00e9 v\u00e1m zaistia v\u00e4\u010d\u0161iu bezpe\u010dnos\u0165, ke\u010f si budete chcie\u0165 k\u00fapi\u0165 tikety a ke\u010f si budete chcie\u0165 vybra\u0165 peniaze zo svojho \u00fa\u010dtu. Budete si tie\u017e m\u00f4c\u0165 nastavi\u0165 v\u0161etky \u00fa\u010dty, ktor\u00e9 chcete.<\/p>\n<h2>Pravidl\u00e1 predaja tiketov Powerball online<\/h2>\n<p>Ke\u010f ide o nastavenie tiketu Powerball, chcete vedie\u0165 v\u0161etko o pravidl\u00e1ch, ktor\u00e9 mus\u00edte dodr\u017eiava\u0165, a o tom, ako si tiket vyberiete. \u010co teda mus\u00edte urobi\u0165?<\/p>\n<p>Mus\u00edte vybra\u0165 5 \u010d\u00edsel od 1 do 69 a jedno \u010d\u00edslo Powerball od 1 do 26. Na tikete mus\u00ed by\u0165 zhodn\u00fdch v\u0161etk\u00fdch \u0161es\u0165 \u010d\u00edsel. Potom ste vyhrali jackpot. Ak ste spr\u00e1vne trafili len prv\u00fdch 5 \u010d\u00edsel, potom v\u00e1\u0161 tiket vyhr\u00e1va v\u00fdhru druhej \u00farovne. Aj tak ste v\u0161ak bohat\u0161\u00ed o 1 mili\u00f3n dol\u00e1rov. V\u00fdhra jackpotu Powerball m\u00f4\u017ee by\u0165 vyplaten\u00e1 jednorazovo alebo v 30 ro\u010dn\u00fdch spl\u00e1tkach.<\/p>\n<h2>K\u00fapte si tiket Powerball online a vyhrajte!<\/h2>\n<p>\u010co sa teda stane, ak jackpot Powerball skuto\u010dne vyhr\u00e1te? Bude to ve\u013ek\u00e1 z\u00e1bava a ur\u010dite budete ve\u013emi nad\u0161en\u00ed. No budete si tie\u017e musie\u0165 napl\u00e1nova\u0165 cestu do Spojen\u00fdch \u0161t\u00e1tov, preto\u017ee z \u013eud\u00ed, ktor\u00ed vyhraj\u00fa, radi robia ve\u013ek\u00fa vec.<\/p>\n<p>To znamen\u00e1, \u017ee sa bud\u00fa fotografova\u0165, odovzdaj\u00fa v\u00e1m ve\u013ek\u00fd \u0161ek a mnoho \u010fal\u0161ieho, a my sa postar\u00e1me o to, aby ste na to boli pripraven\u00ed s l\u00edstkom a inform\u00e1ciami, ktor\u00e9 potrebujete na prevzatie v\u00fdhry.<\/p>\n<p>Ak vyhr\u00e1te cenu ni\u017e\u0161ej \u00farovne, m\u00f4\u017eeme v\u00e1m peniaze previes\u0165 priamo na v\u00e1\u0161 \u00fa\u010det, aby ste si ich mohli vybra\u0165 na svoj \u00fa\u010det, alebo ich m\u00f4\u017eete pou\u017ei\u0165 na n\u00e1kup \u010fal\u0161\u00edch tiketov. T\u00ed, ktor\u00ed vyhraj\u00fa vy\u0161\u0161ie ceny, ale nie jackpot, bud\u00fa m\u00f4c\u0165 z\u00edska\u0165 priamy prevod na svoj \u00fa\u010det a my sa s vami spoj\u00edme, aby sme v\u00e1s informovali, \u010do mus\u00edte urobi\u0165 a ako si to v\u0161etko m\u00f4\u017eete nastavi\u0165. Ako sa to v\u0161ak dozviete?<\/p>\n<p>Ak budete priebe\u017ene kontrolova\u0165 svoj \u00fa\u010det, budete m\u00f4c\u0165 vidie\u0165 aktualiz\u00e1cie svojho tiketu a uvid\u00edte v\u0161etky \u010d\u00edsla, ktor\u00e9 sa zhoduj\u00fa. Peniaze za men\u0161ie sumy sa v\u00e1m tie\u017e okam\u017eite preved\u00fa na v\u00e1\u0161 \u00fa\u010det. Ka\u017ed\u00e1 suma, ktor\u00fa vyhr\u00e1te, sa v\u0161ak zobraz\u00ed vo va\u0161om e-maile. To znamen\u00e1, \u017ee budete m\u00f4c\u0165 jednoducho skontrolova\u0165 svoj e-mail a uvid\u00edte, \u017ee ste vyhrali, tak\u017ee m\u00f4\u017eete okam\u017eite zamieri\u0165 na svoj \u00fa\u010det.<img decoding=\"async\" class=\"size-full wp-image alignright\" src=\"https:\/\/content.redfoxlotto.com\/uploads\/sites\/9\/1_buy_lottery_online.jpg\" alt=\"k\u00fapi\u0165 tikety online\" \/><\/p>\n<h2>Hranie nov\u00fdch hier<\/h2>\n<p>Ak ste pripraven\u00ed za\u010da\u0165 hra\u0165 a chcete si k\u00fapi\u0165 tikety Powerball online, ur\u010dite si budete chcie\u0165 pozrie\u0165 aj \u010fal\u0161ie mo\u017enosti, ktor\u00e9 m\u00e1me. V skuto\u010dnosti m\u00e1me tie najhor\u00facej\u0161ie lot\u00e9riov\u00e9 hry, ktor\u00e9 prebiehaj\u00fa kdeko\u013evek na svete, a jedin\u00e9, \u010do mus\u00edte urobi\u0165, je rozhodn\u00fa\u0165 sa, ktor\u00e1 z nich bude va\u0161a ob\u013e\u00faben\u00e1 a ktor\u00fa chcete vysk\u00fa\u0161a\u0165 ako \u010fal\u0161iu.<\/p>\n<p>Tak sa r\u00fdchlo pozrite, \u010do v\u0161etko je k dispoz\u00edcii a ako si m\u00f4\u017eete vybra\u0165 v\u0161etky tikety, ktor\u00e9 chcete. A uistite sa, \u017ee ste si pozreli aj v\u0161etky inform\u00e1cie, ktor\u00e9 m\u00f4\u017eete n\u00e1js\u0165 o ka\u017edej z hier, kedy sa bud\u00fa \u017erebova\u0165, ko\u013eko m\u00f4\u017eete vyhra\u0165 a mnoho \u010fal\u0161ieho.<\/p>\n<p>Chcete hra\u0165 a z\u00edska\u0165 tikety Powerball online? Za\u010dnite hne\u010f teraz, priamo tu.<\/p>\n","protected":false},"excerpt":{"rendered":"<p>Powerball je pravdepodobne najzn\u00e1mej\u0161ou lot\u00e9riou na celom svete a existuje na to nieko\u013eko naozaj dobr\u00fdch d\u00f4vodov. Hraj\u00fa ju mili\u00f3ny hr\u00e1\u010dov z cel\u00e9ho sveta. Ba \u010do viac, nielen v USA, ale aj online z in\u00fdch kraj\u00edn, ako je napr\u00edklad Slovensko, ste sa mohli rozhodn\u00fa\u0165 k\u00fapi\u0165 si tikety Powerball online. \u017drebovania sa konaj\u00fa ka\u017ed\u00fa sobotu a stredu, [&hellip;]<\/p>\n","protected":false},"author":1,"featured_media":0,"parent":10252,"menu_order":1,"comment_status":"closed","ping_status":"closed","template":"powerball-usa-info.php","meta":{"_et_pb_use_builder":"","_et_pb_old_content":"","_et_gb_content_width":"","exclude_from_search":false,"footnotes":""},"class_list":["post-10257","page","type-page","status-publish","hentry"],"yoast_head":"<!-- This site is optimized with the Yoast SEO plugin v23.8 - https:\/\/yoast.com\/wordpress\/plugins\/seo\/ -->\n<title>K\u00fapte si tikety Powerball online zo Slovenska | Vyhrajte Powerball tu<\/title>\n<meta name=\"description\" content=\"Ako si k\u00fapi\u0165 tiket Powerball Lotto USA online? Na\u0161a slu\u017eba v\u00e1m umo\u017en\u00ed z\u00fa\u010dastni\u0165 sa hry Powerball USA zo Slovenska\" \/>\n<meta name=\"robots\" content=\"index, follow, max-snippet:-1, max-image-preview:large, max-video-preview:-1\" \/>\n<link rel=\"canonical\" href=\"https:\/\/redfoxlotto.com\/sk\/loterie\/powerball\/\" \/>\n<meta property=\"og:locale\" content=\"sk_SK\" \/>\n<meta property=\"og:type\" content=\"article\" \/>\n<meta property=\"og:title\" content=\"K\u00fapte si tikety Powerball online zo Slovenska | Vyhrajte Powerball tu\" \/>\n<meta property=\"og:description\" content=\"Ako si k\u00fapi\u0165 tiket Powerball Lotto USA online? Na\u0161a slu\u017eba v\u00e1m umo\u017en\u00ed z\u00fa\u010dastni\u0165 sa hry Powerball USA zo Slovenska\" \/>\n<meta property=\"og:url\" content=\"https:\/\/redfoxlotto.com\/sk\/loterie\/powerball\/\" \/>\n<meta property=\"og:site_name\" content=\"Get Tickets for the World\u2019s largest jackpots\" \/>\n<meta property=\"article:modified_time\" content=\"2025-12-18T15:12:44+00:00\" \/>\n<meta property=\"og:image\" content=\"https:\/\/redfoxlotto.com\/wp-content\/uploads\/sites\/9\/ticket_powerball3.jpg\" \/>\n<meta name=\"twitter:card\" content=\"summary_large_image\" \/>\n<meta name=\"twitter:label1\" content=\"Predpokladan\u00fd \u010das \u010d\u00edtania\" \/>\n\t<meta name=\"twitter:data1\" content=\"5 min\u00fat\" \/>\n<script type=\"application\/ld+json\" class=\"yoast-schema-graph\">{\"@context\":\"https:\/\/schema.org\",\"@graph\":[{\"@type\":\"WebPage\",\"@id\":\"https:\/\/redfoxlotto.com\/sk\/loterie\/powerball\/\",\"url\":\"https:\/\/redfoxlotto.com\/sk\/loterie\/powerball\/\",\"name\":\"K\u00fapte si tikety Powerball online zo Slovenska | Vyhrajte Powerball tu\",\"isPartOf\":{\"@id\":\"https:\/\/redfoxlotto.com\/sk\/#website\"},\"primaryImageOfPage\":{\"@id\":\"https:\/\/redfoxlotto.com\/sk\/loterie\/powerball\/#primaryimage\"},\"image\":{\"@id\":\"https:\/\/redfoxlotto.com\/sk\/loterie\/powerball\/#primaryimage\"},\"thumbnailUrl\":\"https:\/\/redfoxlotto.com\/wp-content\/uploads\/sites\/9\/ticket_powerball3.jpg\",\"datePublished\":\"2018-11-18T08:54:25+00:00\",\"dateModified\":\"2025-12-18T15:12:44+00:00\",\"description\":\"Ako si k\u00fapi\u0165 tiket Powerball Lotto USA online? Na\u0161a slu\u017eba v\u00e1m umo\u017en\u00ed z\u00fa\u010dastni\u0165 sa hry Powerball USA zo Slovenska\",\"breadcrumb\":{\"@id\":\"https:\/\/redfoxlotto.com\/sk\/loterie\/powerball\/#breadcrumb\"},\"inLanguage\":\"sk-SK\",\"potentialAction\":[{\"@type\":\"ReadAction\",\"target\":[\"https:\/\/redfoxlotto.com\/sk\/loterie\/powerball\/\"]}]},{\"@type\":\"ImageObject\",\"inLanguage\":\"sk-SK\",\"@id\":\"https:\/\/redfoxlotto.com\/sk\/loterie\/powerball\/#primaryimage\",\"url\":\"https:\/\/redfoxlotto.com\/wp-content\/uploads\/sites\/9\/ticket_powerball3.jpg\",\"contentUrl\":\"https:\/\/redfoxlotto.com\/wp-content\/uploads\/sites\/9\/ticket_powerball3.jpg\"},{\"@type\":\"BreadcrumbList\",\"@id\":\"https:\/\/redfoxlotto.com\/sk\/loterie\/powerball\/#breadcrumb\",\"itemListElement\":[{\"@type\":\"ListItem\",\"position\":1,\"name\":\"Home\",\"item\":\"https:\/\/redfoxlotto.com\/sk\/\"},{\"@type\":\"ListItem\",\"position\":2,\"name\":\"Ako k\u00fapi\u0165 online lot\u00e9riov\u00e9 l\u00edstky &#8211; proces n\u00e1kupu\",\"item\":\"https:\/\/redfoxlotto.com\/sk\/loterie\/\"},{\"@type\":\"ListItem\",\"position\":3,\"name\":\"O hre Powerball\"}]},{\"@type\":\"WebSite\",\"@id\":\"https:\/\/redfoxlotto.com\/sk\/#website\",\"url\":\"https:\/\/redfoxlotto.com\/sk\/\",\"name\":\"Get Tickets for the World\u2019s largest jackpots\",\"description\":\"Participate in worldwide lottery jackpots from any country\",\"publisher\":{\"@id\":\"https:\/\/redfoxlotto.com\/sk\/#organization\"},\"potentialAction\":[{\"@type\":\"SearchAction\",\"target\":{\"@type\":\"EntryPoint\",\"urlTemplate\":\"https:\/\/redfoxlotto.com\/sk\/?s={search_term_string}\"},\"query-input\":{\"@type\":\"PropertyValueSpecification\",\"valueRequired\":true,\"valueName\":\"search_term_string\"}}],\"inLanguage\":\"sk-SK\"},{\"@type\":\"Organization\",\"@id\":\"https:\/\/redfoxlotto.com\/sk\/#organization\",\"name\":\"Get Tickets for the World\u2019s largest jackpots\",\"url\":\"https:\/\/redfoxlotto.com\/sk\/\",\"logo\":{\"@type\":\"ImageObject\",\"inLanguage\":\"sk-SK\",\"@id\":\"https:\/\/redfoxlotto.com\/sk\/#\/schema\/logo\/image\/\",\"url\":\"https:\/\/redfoxlotto.com\/wp-content\/uploads\/2023\/04\/logo.png\",\"contentUrl\":\"https:\/\/redfoxlotto.com\/wp-content\/uploads\/2023\/04\/logo.png\",\"width\":269,\"height\":53,\"caption\":\"Get Tickets for the World\u2019s largest jackpots\"},\"image\":{\"@id\":\"https:\/\/redfoxlotto.com\/sk\/#\/schema\/logo\/image\/\"}}]}<\/script>\n<!-- \/ Yoast SEO plugin. -->","yoast_head_json":{"title":"K\u00fapte si tikety Powerball online zo Slovenska | Vyhrajte Powerball tu","description":"Ako si k\u00fapi\u0165 tiket Powerball Lotto USA online? Na\u0161a slu\u017eba v\u00e1m umo\u017en\u00ed z\u00fa\u010dastni\u0165 sa hry Powerball USA zo Slovenska","robots":{"index":"index","follow":"follow","max-snippet":"max-snippet:-1","max-image-preview":"max-image-preview:large","max-video-preview":"max-video-preview:-1"},"canonical":"https:\/\/redfoxlotto.com\/sk\/loterie\/powerball\/","og_locale":"sk_SK","og_type":"article","og_title":"K\u00fapte si tikety Powerball online zo Slovenska | Vyhrajte Powerball tu","og_description":"Ako si k\u00fapi\u0165 tiket Powerball Lotto USA online? Na\u0161a slu\u017eba v\u00e1m umo\u017en\u00ed z\u00fa\u010dastni\u0165 sa hry Powerball USA zo Slovenska","og_url":"https:\/\/redfoxlotto.com\/sk\/loterie\/powerball\/","og_site_name":"Get Tickets for the World\u2019s largest jackpots","article_modified_time":"2025-12-18T15:12:44+00:00","og_image":[{"url":"https:\/\/redfoxlotto.com\/wp-content\/uploads\/sites\/9\/ticket_powerball3.jpg"}],"twitter_card":"summary_large_image","twitter_misc":{"Predpokladan\u00fd \u010das \u010d\u00edtania":"5 min\u00fat"},"schema":{"@context":"https:\/\/schema.org","@graph":[{"@type":"WebPage","@id":"https:\/\/redfoxlotto.com\/sk\/loterie\/powerball\/","url":"https:\/\/redfoxlotto.com\/sk\/loterie\/powerball\/","name":"K\u00fapte si tikety Powerball online zo Slovenska | Vyhrajte Powerball tu","isPartOf":{"@id":"https:\/\/redfoxlotto.com\/sk\/#website"},"primaryImageOfPage":{"@id":"https:\/\/redfoxlotto.com\/sk\/loterie\/powerball\/#primaryimage"},"image":{"@id":"https:\/\/redfoxlotto.com\/sk\/loterie\/powerball\/#primaryimage"},"thumbnailUrl":"https:\/\/redfoxlotto.com\/wp-content\/uploads\/sites\/9\/ticket_powerball3.jpg","datePublished":"2018-11-18T08:54:25+00:00","dateModified":"2025-12-18T15:12:44+00:00","description":"Ako si k\u00fapi\u0165 tiket Powerball Lotto USA online? Na\u0161a slu\u017eba v\u00e1m umo\u017en\u00ed z\u00fa\u010dastni\u0165 sa hry Powerball USA zo Slovenska","breadcrumb":{"@id":"https:\/\/redfoxlotto.com\/sk\/loterie\/powerball\/#breadcrumb"},"inLanguage":"sk-SK","potentialAction":[{"@type":"ReadAction","target":["https:\/\/redfoxlotto.com\/sk\/loterie\/powerball\/"]}]},{"@type":"ImageObject","inLanguage":"sk-SK","@id":"https:\/\/redfoxlotto.com\/sk\/loterie\/powerball\/#primaryimage","url":"https:\/\/redfoxlotto.com\/wp-content\/uploads\/sites\/9\/ticket_powerball3.jpg","contentUrl":"https:\/\/redfoxlotto.com\/wp-content\/uploads\/sites\/9\/ticket_powerball3.jpg"},{"@type":"BreadcrumbList","@id":"https:\/\/redfoxlotto.com\/sk\/loterie\/powerball\/#breadcrumb","itemListElement":[{"@type":"ListItem","position":1,"name":"Home","item":"https:\/\/redfoxlotto.com\/sk\/"},{"@type":"ListItem","position":2,"name":"Ako k\u00fapi\u0165 online lot\u00e9riov\u00e9 l\u00edstky &#8211; proces n\u00e1kupu","item":"https:\/\/redfoxlotto.com\/sk\/loterie\/"},{"@type":"ListItem","position":3,"name":"O hre Powerball"}]},{"@type":"WebSite","@id":"https:\/\/redfoxlotto.com\/sk\/#website","url":"https:\/\/redfoxlotto.com\/sk\/","name":"Get Tickets for the World\u2019s largest jackpots","description":"Participate in worldwide lottery jackpots from any country","publisher":{"@id":"https:\/\/redfoxlotto.com\/sk\/#organization"},"potentialAction":[{"@type":"SearchAction","target":{"@type":"EntryPoint","urlTemplate":"https:\/\/redfoxlotto.com\/sk\/?s={search_term_string}"},"query-input":{"@type":"PropertyValueSpecification","valueRequired":true,"valueName":"search_term_string"}}],"inLanguage":"sk-SK"},{"@type":"Organization","@id":"https:\/\/redfoxlotto.com\/sk\/#organization","name":"Get Tickets for the World\u2019s largest jackpots","url":"https:\/\/redfoxlotto.com\/sk\/","logo":{"@type":"ImageObject","inLanguage":"sk-SK","@id":"https:\/\/redfoxlotto.com\/sk\/#\/schema\/logo\/image\/","url":"https:\/\/redfoxlotto.com\/wp-content\/uploads\/2023\/04\/logo.png","contentUrl":"https:\/\/redfoxlotto.com\/wp-content\/uploads\/2023\/04\/logo.png","width":269,"height":53,"caption":"Get Tickets for the World\u2019s largest jackpots"},"image":{"@id":"https:\/\/redfoxlotto.com\/sk\/#\/schema\/logo\/image\/"}}]}},"_links":{"self":[{"href":"https:\/\/redfoxlotto.com\/sk\/wp-json\/wp\/v2\/pages\/10257","targetHints":{"allow":["GET"]}}],"collection":[{"href":"https:\/\/redfoxlotto.com\/sk\/wp-json\/wp\/v2\/pages"}],"about":[{"href":"https:\/\/redfoxlotto.com\/sk\/wp-json\/wp\/v2\/types\/page"}],"author":[{"embeddable":true,"href":"https:\/\/redfoxlotto.com\/sk\/wp-json\/wp\/v2\/users\/1"}],"replies":[{"embeddable":true,"href":"https:\/\/redfoxlotto.com\/sk\/wp-json\/wp\/v2\/comments?post=10257"}],"version-history":[{"count":0,"href":"https:\/\/redfoxlotto.com\/sk\/wp-json\/wp\/v2\/pages\/10257\/revisions"}],"up":[{"embeddable":true,"href":"https:\/\/redfoxlotto.com\/sk\/wp-json\/wp\/v2\/pages\/10252"}],"wp:attachment":[{"href":"https:\/\/redfoxlotto.com\/sk\/wp-json\/wp\/v2\/media?parent=10257"}],"curies":[{"name":"wp","href":"https:\/\/api.w.org\/{rel}","templated":true}]}}