{"id":10255,"date":"2018-11-18T08:54:25","date_gmt":"2018-11-18T08:54:25","guid":{"rendered":"https:\/\/redfoxlotto.com\/?page_id=3349"},"modified":"2025-12-18T13:25:41","modified_gmt":"2025-12-18T13:25:41","slug":"mega-millions","status":"publish","type":"page","link":"https:\/\/redfoxlotto.com\/sk\/loterie\/mega-millions\/","title":{"rendered":"O Mega Millions"},"content":{"rendered":"<p><script type=\"application\/ld+json\">\n{\n  \"@context\": \"https:\/\/schema.org\",\n  \"@type\": \"Service\",\n  \"name\": \"Hrajte Mega Millions online\",\n  \"url\": \"https:\/\/redfoxlotto.com\/sk\/lotteries\/mega-millions\",\n  \"description\": \"Kupujte ofici\u00e1lne tikety Mega Millions online z akejko\u013evek krajiny. Nav\u0161t\u00edvte RedFoxLotto, vyberte si \u010d\u00edsla a zapojte sa do \u010fal\u0161ieho \u017erebovania.\",\n  \"serviceType\": \"Online sprostredkovate\u013esk\u00e1 slu\u017eba lot\u00e9riov\u00fdch tiketov\",<\/p>\n<p>  \"provider\": {\n    \"@type\": \"Organization\",\n    \"name\": \"RedFoxLotto\",\n    \"url\": \"https:\/\/redfoxlotto.com\/sk\",\n    \"image\": \"https:\/\/redfoxlotto.com\/sk\/wp-content\/uploads\/2025\/12\/ticket_scans.jpg\",\n    \"sameAs\": []\n  },<\/p>\n<p>  \"areaServed\": \"Worldwide\",\n  \"termsOfService\": \"https:\/\/redfoxlotto.com\/terms-and-conditions\",<\/p>\n<p>  \"additionalProperty\": {\n    \"@type\": \"PropertyValue\",\n    \"name\": \"FAQ\",\n    \"value\": \"https:\/\/redfoxlotto.com\/sk\/faq\/\"\n  },<\/p>\n<p>  \"hasOfferCatalog\": {\n    \"@type\": \"OfferCatalog\",\n    \"name\": \"Tikety Mega Millions\",\n    \"itemListElement\": [\n      {\n        \"@type\": \"Offer\",\n        \"name\": \"Tikety Mega Millions\",\n        \"url\": \"https:\/\/redfoxlotto.com\/sk\/lotteries\/powerball\",\n        \"description\": \"K\u00fapte si skuto\u010dn\u00e9 tikety online na \u010fal\u0161ie \u017erebovanie Mega Millions na RedFoxLotto.\",\n        \"price\": \"13.00\",\n        \"priceCurrency\": \"\u20ac\",\n        \"availability\": \"https:\/\/schema.org\/InStock\",<\/p>\n<p>        \"itemOffered\": {\n          \"@type\": \"Service\",\n          \"name\": \"Mega Millions lot\u00e9riov\u00e9 tikety\",\n          \"description\": \"Z\u00fa\u010dastnite sa \u010fal\u0161ieho \u017erebovania Mega Millions \u2013 kupujte tikety online cez RedFoxLotto.\"\n        }\n      }\n    ]\n  },<\/p>\n<p>  \"mainEntityOfPage\": {\n    \"@type\": \"WebPage\",\n    \"@id\": \"https:\/\/redfoxlotto.com\/sk\/lotteries\/mega-millions\"\n  }\n}\n<\/script><\/p>\n<p>T\u00e1to lot\u00e9ria 44 \u0161t\u00e1tov USA, zn\u00e1ma ako &#8222;Ve\u013ek\u00e1 hra&#8220; a\u017e do roku 2002, je teraz na celom svete zn\u00e1ma ako Mega Millions. Na tento \u00fa\u010del sa konaj\u00fa dve \u017erebovania t\u00fd\u017edenne (ka\u017ed\u00fd utorok a piatok). Ak ste o tejto hre e\u0161te nepo\u010duli alebo ak ste jej doteraz nevenovali pozornos\u0165, ur\u010dite sa na \u0148u budete chcie\u0165 pozrie\u0165 bli\u017e\u0161ie a zisti\u0165, \u010do z nej m\u00f4\u017eete vy\u010d\u00edta\u0165.<\/p>\n<p>Ur\u010dite to bude cena, ktor\u00fa budete chcie\u0165 vyhra\u0165, a je to aj pre v\u00e1s ve\u013emi jednoduch\u00e1 hra. V\u010faka tomu je pre v\u00e1s n\u00e1kup tiketov Mega Millions online zo Slovenska v\u00fdhrou.<\/p>\n<h2>Jackpot Mega Millions<\/h2>\n<p>Mega Millions je zn\u00e1ma svojimi ve\u013ek\u00fdmi jackpotmi. V roku 2018 vyhral rekordn\u00fd jackpot vo v\u00fd\u0161ke viac ako 1,5 miliardy dol\u00e1rov jeden \u0161\u0165astlivec. To je ur\u010dite typ jackpotu, ktor\u00fd chcete vyhra\u0165, v\u0161ak? A \u0161ance rozhodne nie s\u00fa tak\u00e9 zl\u00e9 ako pri niektor\u00fdch jackpotov\u00fdch v\u00fdhrach.<br \/>\n<img loading=\"lazy\" decoding=\"async\" class=\"alignright wp-image\" src=\"https:\/\/content.redfoxlotto.com\/uploads\/sites\/9\/2_ticket_mega_millions2.jpg\" alt=\"Mega Millions online\" width=\"200\" height=\"207\" \/><br \/>\nNa hre Mega Millions je e\u0161te lep\u0161ie to, \u017ee jackpoty bud\u00fa v\u017edy vysok\u00e9. V skuto\u010dnosti sa jackpot za\u010d\u00edna na 40 mili\u00f3noch dol\u00e1rov. Tak\u017ee aj ke\u010f vyhr\u00e1te z\u00e1kladn\u00fd jackpot sk\u00f4r, ako sa za\u010dne zvy\u0161ova\u0165 (\u010do sa st\u00e1va len zriedkavo), st\u00e1le z\u00edskate skvel\u00fa v\u00fdhru.<\/p>\n<p>Ak jackpot vyhr\u00e1te nesk\u00f4r, ke\u010f sa za\u010dne zvy\u0161ova\u0165, m\u00f4\u017eete vyhra\u0165 ove\u013ea viac. A \u010do je e\u0161te lep\u0161ie, tieto jackpoty sa zvy\u0161uj\u00fa pomerne r\u00fdchlo. Tak\u017ee to, \u010do dnes za\u010d\u00edna sumou 40 mili\u00f3nov dol\u00e1rov, m\u00f4\u017ee \u013eahko prekro\u010di\u0165 100 mili\u00f3nov dol\u00e1rov u\u017e o t\u00fd\u017ede\u0148 alebo sk\u00f4r. Odtia\u013e to m\u00f4\u017ee \u00eds\u0165 a\u017e k nieko\u013ek\u00fdm stovk\u00e1m mili\u00f3nov a vy sa m\u00f4\u017eete pr\u00e1ve dosta\u0165 do \u010fal\u0161ieho miliardov\u00e9ho \u017erebovania. To by ur\u010dite st\u00e1lo za invest\u00edciu nieko\u013ek\u00fdch dol\u00e1rov za tikety, v\u0161ak?<\/p>\n<p>Na na\u0161ej webovej str\u00e1nke m\u00e1te mo\u017enos\u0165 k\u00fapi\u0165 si tikety Mega Millions online, aj ke\u010f \u017eijete na Slovensku. Sta\u010d\u00ed si vybra\u0165 \u010d\u00edsla, k\u00fapi\u0165 tiket a \u010daka\u0165 na v\u00fdsledky \u017erebovania! O chv\u00ed\u013eu si prejdeme niektor\u00e9 celkov\u00e9 kroky a to, \u010do je potrebn\u00e9 na to, aby ste mohli za\u010da\u0165, ale najprv sa zamerajme na samotn\u00fa hru Mega Millions, v\u0161ak?<\/p>\n<h2>Pravidl\u00e1 hry Mega Millions<\/h2>\n<p>Pravidl\u00e1 hry Mega Millions s\u00fa jednoduch\u00e9. Mus\u00edte si vybra\u0165 5 \u010d\u00edsel od 1 do 70 a \u010fal\u0161ie \u010d\u00edslo MegaBall. Ak chcete vyhra\u0165 jackpot, musia sa zhodova\u0165 v\u0161etky \u010d\u00edsla. To v\u0161ak neznamen\u00e1, \u017ee ak jackpot nez\u00edskate, nem\u00f4\u017eete ni\u010d vyhra\u0165. V skuto\u010dnosti m\u00f4\u017eete vyhra\u0165 nieko\u013eko r\u00f4znych cien. V hre Mega Millions m\u00f4\u017eete vyhra\u0165 v deviatich v\u00fdhern\u00fdch p\u00e1smach.<\/p>\n<p>Skuto\u010dne skvel\u00e9 je, \u017ee m\u00f4\u017eete skuto\u010dne vyhra\u0165 na z\u00e1klade zhodnosti iba jedn\u00e9ho \u010d\u00edsla, pokia\u013e je to \u010d\u00edslo MegaBall. Ak sa v\u00e1m toto \u010d\u00edslo zhoduje, vyhr\u00e1te automatick\u00fa v\u00fdhru a to je len za\u010diatok v\u0161etk\u00e9ho. M\u00f4\u017eete vyhra\u0165 naozaj mal\u00e9 ceny, ktor\u00e9 v\u00e1m len vr\u00e1tia peniaze, ktor\u00e9 ste minuli na k\u00fapu tiketu, alebo m\u00f4\u017eete vyhra\u0165 ve\u013ek\u00e9 ceny, ktor\u00e9 s\u00fa st\u00e1le men\u0161ie ako skuto\u010dn\u00fd jackpot.<br \/>\nNavy\u0161e ka\u017ed\u00fa cenu pod jackpotom m\u00f4\u017eete vyhra\u0165 samostatne. To znamen\u00e1, \u017ee sa nemus\u00edte deli\u0165 o peniaze, ak t\u00fato cenu vyhr\u00e1 aj niekto in\u00fd.<\/p>\n<h2>K\u00fapa tiketu Mega Millions online na Slovensku<\/h2>\n<p>Ste pripraven\u00ed k\u00fapi\u0165 si svoj prv\u00fd tiket Mega Millions online? Ak \u00e1no, potom sa ur\u010dite budete chcie\u0165 pozrie\u0165 na kroky, ktor\u00e9 s\u00fa s\u00fa\u010das\u0165ou tohto procesu. Sna\u017e\u00edme sa v\u00e1m to \u010do najviac u\u013eah\u010di\u0165, preto\u017ee vieme, \u017ee si naozaj chcete k\u00fapi\u0165 svoj tiket, by\u0165 pri \u017erebovan\u00ed a potom sa venova\u0165 in\u00fdm veciam, ktor\u00e9 sa v\u00e1m v \u017eivote dej\u00fa. Preto je to len nieko\u013eko krokov.<\/p>\n<p>Prv\u00fdm krokom je rozhodnutie, \u010do si k\u00fapite. Ak si chcete k\u00fapi\u0165 tikety Mega Millions online, bude to jednoduch\u00e9. Sta\u010d\u00ed n\u00e1js\u0165 hru a prejs\u0165 na str\u00e1nku ur\u010den\u00fa \u0161peci\u00e1lne pre \u0148u.<\/p>\n<p>Ak si chcete k\u00fapi\u0165 tikety na in\u00e9 hry, budete m\u00f4c\u0165 vidie\u0165 ka\u017ed\u00fa z nich, ako aj ich aktu\u00e1lne dostupn\u00e9 jackpoty priamo na tej istej obrazovke a m\u00f4\u017eete \u00eds\u0165 aj do ka\u017edej z nich samostatne. V\u010faka tomu sa m\u00f4\u017eete naozaj \u013eahko rozhodn\u00fa\u0165, \u010do budete robi\u0165, a vybra\u0165 si tikety, ktor\u00e9 chcete.<br \/>\n<img loading=\"lazy\" decoding=\"async\" class=\"alignright wp-image\" src=\"https:\/\/content.redfoxlotto.com\/uploads\/sites\/9\/1_buy_mega_millions_lottery_tickets.jpg\" alt=\"K\u00fapi\u0165 tikety online\" width=\"287\" height=\"202\" \/><br \/>\nKe\u010f ste na str\u00e1nke, m\u00f4\u017eete sa dozvedie\u0165 viac o hre Mega Millions a potom si m\u00f4\u017eete vybra\u0165 \u010d\u00edsla, ktor\u00e9 chcete hra\u0165. Ak m\u00e1te konkr\u00e9tne \u010d\u00edsla, ktor\u00e9 chcete, m\u00f4\u017eete si ich vybra\u0165 priamo na tejto obrazovke. Ak m\u00e1te len nieko\u013eko \u010d\u00edsel a chcete, aby sa ostatn\u00e9 pridelili n\u00e1hodne, aj to je mo\u017enos\u0165. Alebo si m\u00f4\u017eete vybra\u0165 \u00faplne n\u00e1hodn\u00fd tiket. Bude to len na v\u00e1s. Tak \u010di onak, budete vedie\u0165, \u010di m\u00e1te dostatok \u010d\u00edsel, pr\u00edli\u0161 m\u00e1lo alebo pr\u00edli\u0161 ve\u013ea, preto\u017ee sa uist\u00edme, \u017ee v\u00e1\u0161 tiket je platn\u00fd e\u0161te predt\u00fdm, ako sa dostanete na \u010fal\u0161iu str\u00e1nku.<\/p>\n<h2>Proces platby<\/h2>\n<p>Po tom, ako si vyberiete tikety Mega Millions, ktor\u00e9 chcete, m\u00f4\u017eete ich prida\u0165 do ko\u0161\u00edka a vybra\u0165 \u010fal\u0161ie tikety, ak chcete, alebo m\u00f4\u017eete prejs\u0165 k procesu objedn\u00e1vky. Pri pokladni budete potrebova\u0165 \u00fa\u010det u n\u00e1s, ale aj ten sa u n\u00e1s nastavuje ve\u013emi jednoducho.<\/p>\n<p>Vypln\u00edte len nieko\u013eko z\u00e1kladn\u00fdch inform\u00e1ci\u00ed o sebe, aby ste si mohli v pr\u00edpade potreby uplatni\u0165 n\u00e1rok na v\u00fdhry.<\/p>\n<p>To je v\u0161etko. Potvrd\u00edte svoj n\u00e1kup, my pre v\u00e1s z\u00edskame vstupenky a tie sa zobrazia priamo vo va\u0161om \u00fa\u010dte, tak\u017ee si ich m\u00f4\u017eete pozrie\u0165 a zisti\u0165, \u010di ste vyhrali. Dokonca v\u00e1m po\u0161leme e-mail, ak v\u00e1\u0161 tiket vyhr\u00e1, a priamo vo va\u0161om \u00fa\u010dte v\u00e1m uk\u00e1\u017eeme, ktor\u00e9 \u010d\u00edsla z losovania sa zhodovali. Nebudete ma\u0165 probl\u00e9m z\u00edska\u0165 skvel\u00e9 sk\u00fasenosti s Mega Millions a budete chcie\u0165 jednoducho hra\u0165 ka\u017ed\u00fa hru.<\/p>\n","protected":false},"excerpt":{"rendered":"<p>T\u00e1to lot\u00e9ria 44 \u0161t\u00e1tov USA, zn\u00e1ma ako &#8222;Ve\u013ek\u00e1 hra&#8220; a\u017e do roku 2002, je teraz na celom svete zn\u00e1ma ako Mega Millions. Na tento \u00fa\u010del sa konaj\u00fa dve \u017erebovania t\u00fd\u017edenne (ka\u017ed\u00fd utorok a piatok). Ak ste o tejto hre e\u0161te nepo\u010duli alebo ak ste jej doteraz nevenovali pozornos\u0165, ur\u010dite sa na \u0148u budete chcie\u0165 pozrie\u0165 [&hellip;]<\/p>\n","protected":false},"author":1,"featured_media":0,"parent":10252,"menu_order":2,"comment_status":"closed","ping_status":"closed","template":"megamillion-info.php","meta":{"_et_pb_use_builder":"","_et_pb_old_content":"","_et_gb_content_width":"","exclude_from_search":false,"footnotes":""},"class_list":["post-10255","page","type-page","status-publish","hentry"],"yoast_head":"<!-- This site is optimized with the Yoast SEO plugin v23.8 - https:\/\/yoast.com\/wordpress\/plugins\/seo\/ -->\n<title>K\u00fapte si tikety Mega Millions online | Mega Millions je teraz k dispoz\u00edcii zo Slovenska<\/title>\n<meta name=\"description\" content=\"Z\u00edskajte inform\u00e1cie o lot\u00e9rii Mega Millions v USA a o tom, ako si m\u00f4\u017eete k\u00fapi\u0165 tikety Mega Millions online zo Slovenska alebo z ktorejko\u013evek krajiny sveta\" \/>\n<meta name=\"robots\" content=\"index, follow, max-snippet:-1, max-image-preview:large, max-video-preview:-1\" \/>\n<link rel=\"canonical\" href=\"https:\/\/redfoxlotto.com\/sk\/loterie\/mega-millions\/\" \/>\n<meta property=\"og:locale\" content=\"sk_SK\" \/>\n<meta property=\"og:type\" content=\"article\" \/>\n<meta property=\"og:title\" content=\"K\u00fapte si tikety Mega Millions online | Mega Millions je teraz k dispoz\u00edcii zo Slovenska\" \/>\n<meta property=\"og:description\" content=\"Z\u00edskajte inform\u00e1cie o lot\u00e9rii Mega Millions v USA a o tom, ako si m\u00f4\u017eete k\u00fapi\u0165 tikety Mega Millions online zo Slovenska alebo z ktorejko\u013evek krajiny sveta\" \/>\n<meta property=\"og:url\" content=\"https:\/\/redfoxlotto.com\/sk\/loterie\/mega-millions\/\" \/>\n<meta property=\"og:site_name\" content=\"Get Tickets for the World\u2019s largest jackpots\" \/>\n<meta property=\"article:modified_time\" content=\"2025-12-18T13:25:41+00:00\" \/>\n<meta property=\"og:image\" content=\"https:\/\/content.redfoxlotto.com\/uploads\/sites\/9\/2_ticket_mega_millions2.jpg\" \/>\n<meta name=\"twitter:card\" content=\"summary_large_image\" \/>\n<meta name=\"twitter:label1\" content=\"Predpokladan\u00fd \u010das \u010d\u00edtania\" \/>\n\t<meta name=\"twitter:data1\" content=\"5 min\u00fat\" \/>\n<script type=\"application\/ld+json\" class=\"yoast-schema-graph\">{\"@context\":\"https:\/\/schema.org\",\"@graph\":[{\"@type\":\"WebPage\",\"@id\":\"https:\/\/redfoxlotto.com\/sk\/loterie\/mega-millions\/\",\"url\":\"https:\/\/redfoxlotto.com\/sk\/loterie\/mega-millions\/\",\"name\":\"K\u00fapte si tikety Mega Millions online | Mega Millions je teraz k dispoz\u00edcii zo Slovenska\",\"isPartOf\":{\"@id\":\"https:\/\/redfoxlotto.com\/sk\/#website\"},\"primaryImageOfPage\":{\"@id\":\"https:\/\/redfoxlotto.com\/sk\/loterie\/mega-millions\/#primaryimage\"},\"image\":{\"@id\":\"https:\/\/redfoxlotto.com\/sk\/loterie\/mega-millions\/#primaryimage\"},\"thumbnailUrl\":\"https:\/\/content.redfoxlotto.com\/uploads\/sites\/9\/2_ticket_mega_millions2.jpg\",\"datePublished\":\"2018-11-18T08:54:25+00:00\",\"dateModified\":\"2025-12-18T13:25:41+00:00\",\"description\":\"Z\u00edskajte inform\u00e1cie o lot\u00e9rii Mega Millions v USA a o tom, ako si m\u00f4\u017eete k\u00fapi\u0165 tikety Mega Millions online zo Slovenska alebo z ktorejko\u013evek krajiny sveta\",\"breadcrumb\":{\"@id\":\"https:\/\/redfoxlotto.com\/sk\/loterie\/mega-millions\/#breadcrumb\"},\"inLanguage\":\"sk-SK\",\"potentialAction\":[{\"@type\":\"ReadAction\",\"target\":[\"https:\/\/redfoxlotto.com\/sk\/loterie\/mega-millions\/\"]}]},{\"@type\":\"ImageObject\",\"inLanguage\":\"sk-SK\",\"@id\":\"https:\/\/redfoxlotto.com\/sk\/loterie\/mega-millions\/#primaryimage\",\"url\":\"https:\/\/content.redfoxlotto.com\/uploads\/sites\/9\/2_ticket_mega_millions2.jpg\",\"contentUrl\":\"https:\/\/content.redfoxlotto.com\/uploads\/sites\/9\/2_ticket_mega_millions2.jpg\"},{\"@type\":\"BreadcrumbList\",\"@id\":\"https:\/\/redfoxlotto.com\/sk\/loterie\/mega-millions\/#breadcrumb\",\"itemListElement\":[{\"@type\":\"ListItem\",\"position\":1,\"name\":\"Home\",\"item\":\"https:\/\/redfoxlotto.com\/sk\/\"},{\"@type\":\"ListItem\",\"position\":2,\"name\":\"Ako k\u00fapi\u0165 online lot\u00e9riov\u00e9 l\u00edstky &#8211; proces n\u00e1kupu\",\"item\":\"https:\/\/redfoxlotto.com\/sk\/loterie\/\"},{\"@type\":\"ListItem\",\"position\":3,\"name\":\"O Mega Millions\"}]},{\"@type\":\"WebSite\",\"@id\":\"https:\/\/redfoxlotto.com\/sk\/#website\",\"url\":\"https:\/\/redfoxlotto.com\/sk\/\",\"name\":\"Get Tickets for the World\u2019s largest jackpots\",\"description\":\"Participate in worldwide lottery jackpots from any country\",\"publisher\":{\"@id\":\"https:\/\/redfoxlotto.com\/sk\/#organization\"},\"potentialAction\":[{\"@type\":\"SearchAction\",\"target\":{\"@type\":\"EntryPoint\",\"urlTemplate\":\"https:\/\/redfoxlotto.com\/sk\/?s={search_term_string}\"},\"query-input\":{\"@type\":\"PropertyValueSpecification\",\"valueRequired\":true,\"valueName\":\"search_term_string\"}}],\"inLanguage\":\"sk-SK\"},{\"@type\":\"Organization\",\"@id\":\"https:\/\/redfoxlotto.com\/sk\/#organization\",\"name\":\"Get Tickets for the World\u2019s largest jackpots\",\"url\":\"https:\/\/redfoxlotto.com\/sk\/\",\"logo\":{\"@type\":\"ImageObject\",\"inLanguage\":\"sk-SK\",\"@id\":\"https:\/\/redfoxlotto.com\/sk\/#\/schema\/logo\/image\/\",\"url\":\"https:\/\/redfoxlotto.com\/wp-content\/uploads\/2023\/04\/logo.png\",\"contentUrl\":\"https:\/\/redfoxlotto.com\/wp-content\/uploads\/2023\/04\/logo.png\",\"width\":269,\"height\":53,\"caption\":\"Get Tickets for the World\u2019s largest jackpots\"},\"image\":{\"@id\":\"https:\/\/redfoxlotto.com\/sk\/#\/schema\/logo\/image\/\"}}]}<\/script>\n<!-- \/ Yoast SEO plugin. -->","yoast_head_json":{"title":"K\u00fapte si tikety Mega Millions online | Mega Millions je teraz k dispoz\u00edcii zo Slovenska","description":"Z\u00edskajte inform\u00e1cie o lot\u00e9rii Mega Millions v USA a o tom, ako si m\u00f4\u017eete k\u00fapi\u0165 tikety Mega Millions online zo Slovenska alebo z ktorejko\u013evek krajiny sveta","robots":{"index":"index","follow":"follow","max-snippet":"max-snippet:-1","max-image-preview":"max-image-preview:large","max-video-preview":"max-video-preview:-1"},"canonical":"https:\/\/redfoxlotto.com\/sk\/loterie\/mega-millions\/","og_locale":"sk_SK","og_type":"article","og_title":"K\u00fapte si tikety Mega Millions online | Mega Millions je teraz k dispoz\u00edcii zo Slovenska","og_description":"Z\u00edskajte inform\u00e1cie o lot\u00e9rii Mega Millions v USA a o tom, ako si m\u00f4\u017eete k\u00fapi\u0165 tikety Mega Millions online zo Slovenska alebo z ktorejko\u013evek krajiny sveta","og_url":"https:\/\/redfoxlotto.com\/sk\/loterie\/mega-millions\/","og_site_name":"Get Tickets for the World\u2019s largest jackpots","article_modified_time":"2025-12-18T13:25:41+00:00","og_image":[{"url":"https:\/\/content.redfoxlotto.com\/uploads\/sites\/9\/2_ticket_mega_millions2.jpg"}],"twitter_card":"summary_large_image","twitter_misc":{"Predpokladan\u00fd \u010das \u010d\u00edtania":"5 min\u00fat"},"schema":{"@context":"https:\/\/schema.org","@graph":[{"@type":"WebPage","@id":"https:\/\/redfoxlotto.com\/sk\/loterie\/mega-millions\/","url":"https:\/\/redfoxlotto.com\/sk\/loterie\/mega-millions\/","name":"K\u00fapte si tikety Mega Millions online | Mega Millions je teraz k dispoz\u00edcii zo Slovenska","isPartOf":{"@id":"https:\/\/redfoxlotto.com\/sk\/#website"},"primaryImageOfPage":{"@id":"https:\/\/redfoxlotto.com\/sk\/loterie\/mega-millions\/#primaryimage"},"image":{"@id":"https:\/\/redfoxlotto.com\/sk\/loterie\/mega-millions\/#primaryimage"},"thumbnailUrl":"https:\/\/content.redfoxlotto.com\/uploads\/sites\/9\/2_ticket_mega_millions2.jpg","datePublished":"2018-11-18T08:54:25+00:00","dateModified":"2025-12-18T13:25:41+00:00","description":"Z\u00edskajte inform\u00e1cie o lot\u00e9rii Mega Millions v USA a o tom, ako si m\u00f4\u017eete k\u00fapi\u0165 tikety Mega Millions online zo Slovenska alebo z ktorejko\u013evek krajiny sveta","breadcrumb":{"@id":"https:\/\/redfoxlotto.com\/sk\/loterie\/mega-millions\/#breadcrumb"},"inLanguage":"sk-SK","potentialAction":[{"@type":"ReadAction","target":["https:\/\/redfoxlotto.com\/sk\/loterie\/mega-millions\/"]}]},{"@type":"ImageObject","inLanguage":"sk-SK","@id":"https:\/\/redfoxlotto.com\/sk\/loterie\/mega-millions\/#primaryimage","url":"https:\/\/content.redfoxlotto.com\/uploads\/sites\/9\/2_ticket_mega_millions2.jpg","contentUrl":"https:\/\/content.redfoxlotto.com\/uploads\/sites\/9\/2_ticket_mega_millions2.jpg"},{"@type":"BreadcrumbList","@id":"https:\/\/redfoxlotto.com\/sk\/loterie\/mega-millions\/#breadcrumb","itemListElement":[{"@type":"ListItem","position":1,"name":"Home","item":"https:\/\/redfoxlotto.com\/sk\/"},{"@type":"ListItem","position":2,"name":"Ako k\u00fapi\u0165 online lot\u00e9riov\u00e9 l\u00edstky &#8211; proces n\u00e1kupu","item":"https:\/\/redfoxlotto.com\/sk\/loterie\/"},{"@type":"ListItem","position":3,"name":"O Mega Millions"}]},{"@type":"WebSite","@id":"https:\/\/redfoxlotto.com\/sk\/#website","url":"https:\/\/redfoxlotto.com\/sk\/","name":"Get Tickets for the World\u2019s largest jackpots","description":"Participate in worldwide lottery jackpots from any country","publisher":{"@id":"https:\/\/redfoxlotto.com\/sk\/#organization"},"potentialAction":[{"@type":"SearchAction","target":{"@type":"EntryPoint","urlTemplate":"https:\/\/redfoxlotto.com\/sk\/?s={search_term_string}"},"query-input":{"@type":"PropertyValueSpecification","valueRequired":true,"valueName":"search_term_string"}}],"inLanguage":"sk-SK"},{"@type":"Organization","@id":"https:\/\/redfoxlotto.com\/sk\/#organization","name":"Get Tickets for the World\u2019s largest jackpots","url":"https:\/\/redfoxlotto.com\/sk\/","logo":{"@type":"ImageObject","inLanguage":"sk-SK","@id":"https:\/\/redfoxlotto.com\/sk\/#\/schema\/logo\/image\/","url":"https:\/\/redfoxlotto.com\/wp-content\/uploads\/2023\/04\/logo.png","contentUrl":"https:\/\/redfoxlotto.com\/wp-content\/uploads\/2023\/04\/logo.png","width":269,"height":53,"caption":"Get Tickets for the World\u2019s largest jackpots"},"image":{"@id":"https:\/\/redfoxlotto.com\/sk\/#\/schema\/logo\/image\/"}}]}},"_links":{"self":[{"href":"https:\/\/redfoxlotto.com\/sk\/wp-json\/wp\/v2\/pages\/10255","targetHints":{"allow":["GET"]}}],"collection":[{"href":"https:\/\/redfoxlotto.com\/sk\/wp-json\/wp\/v2\/pages"}],"about":[{"href":"https:\/\/redfoxlotto.com\/sk\/wp-json\/wp\/v2\/types\/page"}],"author":[{"embeddable":true,"href":"https:\/\/redfoxlotto.com\/sk\/wp-json\/wp\/v2\/users\/1"}],"replies":[{"embeddable":true,"href":"https:\/\/redfoxlotto.com\/sk\/wp-json\/wp\/v2\/comments?post=10255"}],"version-history":[{"count":0,"href":"https:\/\/redfoxlotto.com\/sk\/wp-json\/wp\/v2\/pages\/10255\/revisions"}],"up":[{"embeddable":true,"href":"https:\/\/redfoxlotto.com\/sk\/wp-json\/wp\/v2\/pages\/10252"}],"wp:attachment":[{"href":"https:\/\/redfoxlotto.com\/sk\/wp-json\/wp\/v2\/media?parent=10255"}],"curies":[{"name":"wp","href":"https:\/\/api.w.org\/{rel}","templated":true}]}}