{"id":10254,"date":"2018-11-18T08:54:25","date_gmt":"2018-11-18T08:54:25","guid":{"rendered":"https:\/\/redfoxlotto.com\/?page_id=3347"},"modified":"2025-12-18T14:56:28","modified_gmt":"2025-12-18T14:56:28","slug":"euromillions","status":"publish","type":"page","link":"https:\/\/redfoxlotto.com\/sk\/loterie\/euromillions\/","title":{"rendered":"O EuroMillions"},"content":{"rendered":"<p><script type=\"application\/ld+json\">\n{\n  \"@context\": \"https:\/\/schema.org\",\n  \"@type\": \"Service\",\n  \"name\": \"Hrajte Euromillions online\",\n  \"url\": \"https:\/\/redfoxlotto.com\/sk\/lotteries\/euromillions\/\",\n  \"description\": \"K\u00fapte si ofici\u00e1lne Euromillions loterijn\u00e9 l\u00edstky online z akejko\u013evek krajiny. Nav\u0161t\u00edvte RedFoxLotto, vyberte si svoje \u010d\u00edsla a z\u00fa\u010dastnite sa \u010fal\u0161ieho \u017erebovania.\",\n  \"serviceType\": \"Online slu\u017eba sprostredkovania loterijn\u00fdch l\u00edstkov\",\n  \"provider\": {\n    \"@type\": \"Organization\",\n    \"name\": \"RedFoxLotto\",\n    \"url\": \"https:\/\/redfoxlotto.com\/sk\",\n    \"image\": \"https:\/\/redfoxlotto.com\/sk\/wp-content\/uploads\/2025\/12\/ticket_scans.jpg\",\n    \"sameAs\": []\n  },\n  \"areaServed\": \"Worldwide\",\n  \"termsOfService\": \"https:\/\/redfoxlotto.com\/terms-and-conditions\",\n  \"additionalProperty\": {\n    \"@type\": \"PropertyValue\",\n    \"name\": \"FAQ\",\n    \"value\": \"https:\/\/redfoxlotto.com\/sk\/faq\/\"\n  },\n  \"hasOfferCatalog\": {\n    \"@type\": \"OfferCatalog\",\n    \"name\": \"Euromillions l\u00edstky\",\n    \"itemListElement\": [\n      {\n        \"@type\": \"Offer\",\n        \"name\": \"Euromillions l\u00edstky\",\n        \"url\": \"https:\/\/redfoxlotto.com\/sk\/lotteries\/euromillions\",\n        \"description\": \"K\u00fapte si skuto\u010dn\u00e9 l\u00edstky online na \u010fal\u0161ie \u017erebovanie Euromillions cez RedFoxLotto.\",\n        \"price\": \"7.00\",\n        \"priceCurrency\": \"\u20ac\",\n        \"availability\": \"https:\/\/schema.org\/InStock\",\n        \"itemOffered\": {\n          \"@type\": \"Service\",\n          \"name\": \"Euromillions l\u00edstky\",\n          \"description\": \"Z\u00fa\u010dastnite sa \u010fal\u0161ieho \u017erebovania Euromillions \u2013 k\u00fapte l\u00edstky online cez RedFoxLotto.\"\n        }\n      }\n    ]\n  },\n  \"mainEntityOfPage\": {\n    \"@type\": \"WebPage\",\n    \"@id\": \"https:\/\/redfoxlotto.com\/sk\/lotteries\/euromillions\"\n  }\n}\n<\/script><\/p>\n<p>Euro Millions je najv\u00e4\u010d\u0161ia eur\u00f3pska lot\u00e9ria. Bola spusten\u00e1 v roku 2004 a tikety si m\u00f4\u017eete k\u00fapi\u0165 v deviatich eur\u00f3pskych krajin\u00e1ch &#8211; alebo, ak ste zo Slovenska, m\u00f4\u017eete si k\u00fapi\u0165 tikety online tu.<\/p>\n<h2>Z\u00edskajte svoj tiket EuroMillions zo Slovenska<\/h2>\n<p>Ste pripraven\u00ed za\u010da\u0165 a k\u00fapi\u0165 si tikety EuroMillions online? Ak \u00e1no, potom budete chcie\u0165 vedie\u0165 nieko\u013eko vec\u00ed o hre predt\u00fdm, ako sa do nej pust\u00edte, v\u0161ak? Chcete sa uisti\u0165, \u017ee ste pripraven\u00ed a viete o hre v\u0161etko, \u010do sa d\u00e1. No, prv\u00e1 vec, ktor\u00fa by ste mali vedie\u0165, je, kedy sa uskuto\u010dn\u00ed \u017erebovanie, preto\u017ee si chcete by\u0165 ist\u00ed, \u017ee z\u00edskate svoj \u017ereb pred \u010fal\u0161\u00edm \u017erebovan\u00edm. \u017drebovania lot\u00e9rie EuroMillions sa konaj\u00fa ka\u017ed\u00fd utorok a piatok v Par\u00ed\u017ei.<img loading=\"lazy\" decoding=\"async\" class=\"alignright wp-image\" src=\"https:\/\/content.redfoxlotto.com\/uploads\/sites\/9\/1_buy_euromillions_online.jpg\" alt=\"\u0434\u0436\u0435\u043a\u043f\u043e\u0442 \u0435\u0432\u0440\u043e\u043c\u0438\u043b\u043b\u0438\u043e\u043d\u043e\u0432\" width=\"284\" height=\"190\" \/><\/p>\n<p>O \u010d\u00edslach, z ktor\u00fdch si m\u00f4\u017eete vybra\u0165, a o tom, ako z\u00edskate \u017ereb, ktor\u00fd chcete, si povieme viac za chv\u00ed\u013eu, ale teraz sa pozrime bli\u017e\u0161ie na jackpot, ktor\u00fd m\u00f4\u017eete vyhra\u0165. Koniec koncov, to je jeden z d\u00f4vodov, pre\u010do si budete chcie\u0165 zahra\u0165 EuroMillions.<\/p>\n<h2>Jackpot EuroMillions<\/h2>\n<p>Ako najv\u00e4\u010d\u0161ia lot\u00e9ria v Eur\u00f3pe m\u00e1 EuroMillions aj obrovsk\u00e9 jackpoty. V skuto\u010dnosti sa jackpoty \u010dasto pohybuj\u00fa v mili\u00f3noch dol\u00e1rov a tie najv\u00e4\u010d\u0161ie sa ur\u010dite bud\u00fa pohybova\u0165 aj na ich hornej hranici. Doteraz najvy\u0161\u0161\u00ed jackpot v tejto lot\u00e9rii bol 190 000 000 eur. Vyhral ho anonymn\u00fd hr\u00e1\u010d 24. okt\u00f3bra 2014.<\/p>\n<p>Pr\u00e1ve to je dostato\u010dn\u00fd d\u00f4vod na to, aby ste sa na t\u00fato hru pozreli bli\u017e\u0161ie a uva\u017eovali o k\u00fape tiketu pre seba, v\u0161ak? Nu\u017e, predstava v\u00fdhry t\u00fdchto pe\u0148az\u00ed sa v\u00e1m bude p\u00e1\u010di\u0165 a v skuto\u010dnosti m\u00f4\u017eete vyhra\u0165 slu\u0161n\u00fa sumu pe\u0148az\u00ed, aj ke\u010f sa nedostanete a\u017e k tomuto jackpotu. Je to preto, \u017ee aj po\u010diato\u010dn\u00e1 suma je skvel\u00e1 v\u00fdhra a tie, ktor\u00e9 s\u00fa a\u017e uprostred medzi najni\u017e\u0161\u00edmi a najvy\u0161\u0161\u00edmi \u00farov\u0148ami, bud\u00fa tie\u017e skvel\u00e9.<\/p>\n<h2>Pravidl\u00e1 hry EuroMillions<\/h2>\n<p>Ste pripraven\u00ed k\u00fapi\u0165 si tikety EuroMillions online, ale nie ste si celkom ist\u00ed, kde to urobi\u0165 alebo ako &#8211; mo\u017eno preto, \u017ee \u017eijete na Slovensku? Nu\u017e, preberieme si, \u010do presne mus\u00edte robi\u0165 a ako si vyberiete \u010d\u00edsla, ktor\u00e9 chcete, aby ste mali \u010do najv\u00e4\u010d\u0161iu \u0161ancu na skuto\u010dn\u00fa v\u00fdhru v hre.<\/p>\n<h2>\u010co teda mus\u00edte urobi\u0165?<\/h2>\n<p><img loading=\"lazy\" decoding=\"async\" class=\"alignright wp-image\" src=\"https:\/\/content.redfoxlotto.com\/uploads\/sites\/9\/1_buy_lottery_ticket.jpg\" alt=\"\u043a\u0443\u043f\u0438\u0442\u044c \u0431\u0438\u043b\u0435\u0442\u044b \u043e\u043d\u043b\u0430\u0439\u043d\" width=\"312\" height=\"107\" \/><br \/>\nTu si vyberiete 5 hlavn\u00fdch \u010d\u00edsel od 1 do 50 a dve \u010fal\u0161ie \u010d\u00edsla, naz\u00fdvan\u00e9 Lucky Star, od 1 do 12. Ak chcete vyhra\u0165 v najni\u017e\u0161om cenovom p\u00e1sme, musia sa zhodova\u0165 iba dve hlavn\u00e9 \u010d\u00edsla. To znamen\u00e1, \u017ee budete ma\u0165 ve\u013ea \u0161anc\u00ed, v ktor\u00fdch m\u00f4\u017eete by\u0165 v\u00fdhercom, hoci nevyhr\u00e1te ve\u013ea pe\u0148az\u00ed, ak sa zhoduje len nieko\u013eko \u010d\u00edsel.<\/p>\n<p>Ak sa v\u00e1m zhoduje viac \u010d\u00edsel a najm\u00e4 ak sa v\u00e1m zhoduj\u00fa \u010d\u00edsla \u0161\u0165astnej hviezdy, budete ma\u0165 k dispoz\u00edcii lep\u0161iu v\u00fdhru. To bude ur\u010dite dobr\u00e1 v\u00fdhoda, v\u0161ak? M\u00f4\u017eete si tak skuto\u010dne zv\u00fd\u0161i\u0165 \u0161ancu nie\u010do z\u00edska\u0165 a ur\u010dite si m\u00f4\u017eete hru u\u017ei\u0165.<\/p>\n<h2>V\u00fdber letenky<\/h2>\n<p>Ste pripraven\u00ed vybra\u0165 si letenku? Ur\u010dite sa budete chcie\u0165 obozn\u00e1mi\u0165 s na\u0161\u00edm procesom, preto\u017ee v\u00e1m ho naozaj u\u013eah\u010d\u00edme. Vieme, \u017ee nem\u00e1te ve\u013ea \u010dasu a chcete sa uisti\u0165, \u017ee ho vyu\u017eijete \u010do najlep\u0161ie. St\u00e1le sa v\u0161ak chcete pri hre EuroMillions bavi\u0165, a to znamen\u00e1, \u017ee si mus\u00edte k\u00fapi\u0165 tikety EuroMillions online.<\/p>\n<p>Prv\u00fdm krokom v na\u0161om procese je, aby ste sa rozhodli, ktor\u00fd tiket si k\u00fapite. Ak ste si u\u017e vybrali EuroMillions, potom m\u00e1te v\u0161etko pripraven\u00e9. Ak si v\u0161ak e\u0161te nie ste celkom ist\u00ed, ur\u010dite by ste sa mali pozrie\u0165 na na\u0161u domovsk\u00fa str\u00e1nku, kde v\u00e1m uk\u00e1\u017eeme v\u0161etky hlavn\u00e9 jackpoty a hry, na ktor\u00e9 by ste si mali da\u0165 pozor. Ide o hry, na ktor\u00e9 pon\u00fakame tikety.<\/p>\n<p>Ke\u010f si vyberiete tiket, ktor\u00fd chcete, prejdite na str\u00e1nku a za\u010dnite vybera\u0165 \u010d\u00edsla pre svoj tiket. Ak chcete, m\u00f4\u017eete si vybra\u0165 \u00faplne v\u0161etky \u010d\u00edsla, tak\u017ee z\u00edskate osobn\u00fd tiket, ktor\u00fd bude zodpoveda\u0165 tomu, \u010do m\u00e1te najrad\u0161ej.<\/p>\n<p>M\u00f4\u017eete si k\u00fapi\u0165 aj tikety, ktor\u00e9 s\u00fa pre v\u00e1s n\u00e1hodne vybran\u00e9. V\u010faka tomu si m\u00f4\u017eete \u013eahko zaobstara\u0165 tiket bez toho, aby ste nad n\u00edm museli str\u00e1vi\u0165 ve\u013ea \u010dasu. Navy\u0161e sa sami rozhodnete, ko\u013eko tiketov si chcete k\u00fapi\u0165, tak\u017ee budete ma\u0165 v\u0161etko, \u010do potrebujete na potenci\u00e1lnu v\u00fdhru ve\u013ek\u00e9ho jackpotu.<\/p>\n<h2>Proces n\u00e1kupu tiketu EuroMillions<\/h2>\n<p>Ke\u010f ste si pre\u0161li a vybrali tikety, posledn\u00e1 vec, ktor\u00fa mus\u00edte urobi\u0165, je vyplni\u0165 \u00fadaje o svojom \u00fa\u010dte. Povieme v\u00e1m, ako si tento \u00fa\u010det nastavi\u0165, aby ste si mohli by\u0165 ist\u00ed, \u017ee dostanete tikety, ktor\u00e9 chcete, vtedy, ke\u010f ich chcete. Tu si m\u00f4\u017eete nastavi\u0165 aj platobn\u00e9 \u00fa\u010dty, ktor\u00e9 chcete pou\u017e\u00edva\u0165.<\/p>\n<p>Ke\u010f budete pripraven\u00ed, sta\u010d\u00ed, ak si po\u017eadovan\u00e9 vstupenky vlo\u017e\u00edte do n\u00e1kupn\u00e9ho ko\u0161\u00edka a potom si ich m\u00f4\u017eete k\u00fapi\u0165 v\u0161etky naraz. Do ko\u0161\u00edka m\u00f4\u017eete dokonca prida\u0165 vstupenky na r\u00f4zne hry a potom si m\u00f4\u017eete k\u00fapi\u0165 v\u0161etky vstupenky, ktor\u00e9 chcete.<\/p>\n<p>Ke\u010f sa rozhodnete pre svoje vstupenky, v\u0161etko bude pripraven\u00e9 a vy m\u00f4\u017eete \u010daka\u0165 a sledova\u0165, \u010do sa s va\u0161imi vstupenkami stane. Zak\u00fapen\u00e9 tikety sa okam\u017eite objavia na va\u0161om \u00fa\u010dte a nesk\u00f4r m\u00f4\u017eete skontrolova\u0165, \u010di ste vyhrali.<\/p>\n<p>V pr\u00edpade v\u00fdhry v\u00e1m po\u0161leme e-mail a vo svojom \u00fa\u010dte uvid\u00edte, ktor\u00e9 \u010d\u00edsla ste trafili. To v\u00e1m u\u013eah\u010d\u00ed pr\u00e1cu, ke\u010f budete potrebova\u0165 svoj tiket uplatni\u0165.<\/p>\n<h2>EuroMillions a UK Millionaire Maker<\/h2>\n<p>Hr\u00e1\u010di platia o nie\u010do viac, preto\u017ee tikety EuroMillions sa kupuj\u00fa v Spojenom kr\u00e1\u013eovstve. D\u00f4vodom je skuto\u010dnos\u0165, \u017ee tikety v Spojenom kr\u00e1\u013eovstve s\u00fa automaticky zaraden\u00e9 do \u017erebovania Millionaire Maker, ktor\u00e9 poskytuje \u010fal\u0161iu pr\u00edle\u017eitos\u0165 vyhra\u0165 odmenu vo v\u00fd\u0161ke 1 mili\u00f3n libier.<\/p>\n<p>Millionaire Maker funguje tak, \u017ee pre ka\u017ed\u00fd zak\u00fapen\u00fd tiket sa vygeneruje jedine\u010dn\u00fd k\u00f3d. Tento k\u00f3d pozost\u00e1va zo \u0161tyroch p\u00edsmen a piatich \u010d\u00edsel (napr. ABCD12345). V ka\u017edom \u017erebovan\u00ed sa n\u00e1hodne vyberie jeden alebo viac t\u00fdchto k\u00f3dov a majite\u013e tiketu so zhodn\u00fdm k\u00f3dom okam\u017eite vyhr\u00e1 1 mili\u00f3n libier bez oh\u013eadu na hlavn\u00e9 vy\u017erebovan\u00e9 \u010d\u00edsla EuroMillions.<\/p>\n<p>V\u010faka tejto funkcii je hranie EuroMillions v Spojenom kr\u00e1\u013eovstve mimoriadne atrakt\u00edvne, preto\u017ee poskytuje dodato\u010dn\u00fa pr\u00edle\u017eitos\u0165 vyhra\u0165 v\u00fdznamn\u00fa v\u00fdhru nad r\u00e1mec \u0161tandardn\u00e9ho jackpotu a odmien ni\u017e\u0161ej \u00farovne.<\/p>\n","protected":false},"excerpt":{"rendered":"<p>Euro Millions je najv\u00e4\u010d\u0161ia eur\u00f3pska lot\u00e9ria. Bola spusten\u00e1 v roku 2004 a tikety si m\u00f4\u017eete k\u00fapi\u0165 v deviatich eur\u00f3pskych krajin\u00e1ch &#8211; alebo, ak ste zo Slovenska, m\u00f4\u017eete si k\u00fapi\u0165 tikety online tu. Z\u00edskajte svoj tiket EuroMillions zo Slovenska Ste pripraven\u00ed za\u010da\u0165 a k\u00fapi\u0165 si tikety EuroMillions online? Ak \u00e1no, potom budete chcie\u0165 vedie\u0165 nieko\u013eko vec\u00ed [&hellip;]<\/p>\n","protected":false},"author":1,"featured_media":0,"parent":10252,"menu_order":3,"comment_status":"closed","ping_status":"closed","template":"euromillions-info.php","meta":{"_et_pb_use_builder":"","_et_pb_old_content":"","_et_gb_content_width":"","exclude_from_search":false,"footnotes":""},"class_list":["post-10254","page","type-page","status-publish","hentry"],"yoast_head":"<!-- This site is optimized with the Yoast SEO plugin v27.3 - https:\/\/yoast.com\/product\/yoast-seo-wordpress\/ -->\n<title>\u041a\u0443\u043f\u0438\u0442\u044c \u0431\u0438\u043b\u0435\u0442\u044b \u0415\u0432\u0440\u043e\u043c\u0438\u043b\u043b\u0438\u043e\u043d\u043e\u0432 \u043e\u043d\u043b\u0430\u0439\u043d \u0438\u0437 \u0421\u043b\u043e\u0432\u0430\u043a\u0438\u0438<\/title>\n<meta name=\"description\" content=\"\u0418\u043d\u0444\u043e\u0440\u043c\u0430\u0446\u0438\u044f \u043e \u0442\u043e\u043c, \u043a\u0430\u043a \u0436\u0438\u0442\u0435\u043b\u0438 \u0421\u043b\u043e\u0432\u0430\u043a\u0438\u0438 \u043c\u043e\u0433\u0443\u0442 \u043a\u0443\u043f\u0438\u0442\u044c \u0431\u0438\u043b\u0435\u0442\u044b Euromillions \u043e\u043d\u043b\u0430\u0439\u043d. \u041b\u043e\u0442\u0435\u0440\u0435\u044f Euromillions \u0438\u043c\u0435\u0435\u0442 \u0441\u0430\u043c\u044b\u0439 \u0431\u043e\u043b\u044c\u0448\u043e\u0439 \u0434\u0436\u0435\u043a\u043f\u043e\u0442 \u0432 \u0415\u0432\u0440\u043e\u043f\u0435.\" \/>\n<meta name=\"robots\" content=\"index, follow, max-snippet:-1, max-image-preview:large, max-video-preview:-1\" \/>\n<link rel=\"canonical\" href=\"https:\/\/redfoxlotto.com\/sk\/loterie\/euromillions\/\" \/>\n<meta property=\"og:locale\" content=\"sk_SK\" \/>\n<meta property=\"og:type\" content=\"article\" \/>\n<meta property=\"og:title\" content=\"\u041a\u0443\u043f\u0438\u0442\u044c \u0431\u0438\u043b\u0435\u0442\u044b \u0415\u0432\u0440\u043e\u043c\u0438\u043b\u043b\u0438\u043e\u043d\u043e\u0432 \u043e\u043d\u043b\u0430\u0439\u043d \u0438\u0437 \u0421\u043b\u043e\u0432\u0430\u043a\u0438\u0438\" \/>\n<meta property=\"og:description\" content=\"\u0418\u043d\u0444\u043e\u0440\u043c\u0430\u0446\u0438\u044f \u043e \u0442\u043e\u043c, \u043a\u0430\u043a \u0436\u0438\u0442\u0435\u043b\u0438 \u0421\u043b\u043e\u0432\u0430\u043a\u0438\u0438 \u043c\u043e\u0433\u0443\u0442 \u043a\u0443\u043f\u0438\u0442\u044c \u0431\u0438\u043b\u0435\u0442\u044b Euromillions \u043e\u043d\u043b\u0430\u0439\u043d. \u041b\u043e\u0442\u0435\u0440\u0435\u044f Euromillions \u0438\u043c\u0435\u0435\u0442 \u0441\u0430\u043c\u044b\u0439 \u0431\u043e\u043b\u044c\u0448\u043e\u0439 \u0434\u0436\u0435\u043a\u043f\u043e\u0442 \u0432 \u0415\u0432\u0440\u043e\u043f\u0435.\" \/>\n<meta property=\"og:url\" content=\"https:\/\/redfoxlotto.com\/sk\/loterie\/euromillions\/\" \/>\n<meta property=\"og:site_name\" content=\"Get Tickets for the World\u2019s largest jackpots\" \/>\n<meta property=\"article:modified_time\" content=\"2025-12-18T14:56:28+00:00\" \/>\n<meta property=\"og:image\" content=\"https:\/\/content.redfoxlotto.com\/uploads\/sites\/9\/1_buy_euromillions_online.jpg\" \/>\n<meta name=\"twitter:card\" content=\"summary_large_image\" \/>\n<meta name=\"twitter:label1\" content=\"Predpokladan\u00fd \u010das \u010d\u00edtania\" \/>\n\t<meta name=\"twitter:data1\" content=\"5 min\u00fat\" \/>\n<script type=\"application\/ld+json\" class=\"yoast-schema-graph\">{\"@context\":\"https:\\\/\\\/schema.org\",\"@graph\":[{\"@type\":\"WebPage\",\"@id\":\"https:\\\/\\\/redfoxlotto.com\\\/sk\\\/loterie\\\/euromillions\\\/\",\"url\":\"https:\\\/\\\/redfoxlotto.com\\\/sk\\\/loterie\\\/euromillions\\\/\",\"name\":\"\u041a\u0443\u043f\u0438\u0442\u044c \u0431\u0438\u043b\u0435\u0442\u044b \u0415\u0432\u0440\u043e\u043c\u0438\u043b\u043b\u0438\u043e\u043d\u043e\u0432 \u043e\u043d\u043b\u0430\u0439\u043d \u0438\u0437 \u0421\u043b\u043e\u0432\u0430\u043a\u0438\u0438\",\"isPartOf\":{\"@id\":\"https:\\\/\\\/redfoxlotto.com\\\/sk\\\/#website\"},\"primaryImageOfPage\":{\"@id\":\"https:\\\/\\\/redfoxlotto.com\\\/sk\\\/loterie\\\/euromillions\\\/#primaryimage\"},\"image\":{\"@id\":\"https:\\\/\\\/redfoxlotto.com\\\/sk\\\/loterie\\\/euromillions\\\/#primaryimage\"},\"thumbnailUrl\":\"https:\\\/\\\/content.redfoxlotto.com\\\/uploads\\\/sites\\\/9\\\/1_buy_euromillions_online.jpg\",\"datePublished\":\"2018-11-18T08:54:25+00:00\",\"dateModified\":\"2025-12-18T14:56:28+00:00\",\"description\":\"\u0418\u043d\u0444\u043e\u0440\u043c\u0430\u0446\u0438\u044f \u043e \u0442\u043e\u043c, \u043a\u0430\u043a \u0436\u0438\u0442\u0435\u043b\u0438 \u0421\u043b\u043e\u0432\u0430\u043a\u0438\u0438 \u043c\u043e\u0433\u0443\u0442 \u043a\u0443\u043f\u0438\u0442\u044c \u0431\u0438\u043b\u0435\u0442\u044b Euromillions \u043e\u043d\u043b\u0430\u0439\u043d. \u041b\u043e\u0442\u0435\u0440\u0435\u044f Euromillions \u0438\u043c\u0435\u0435\u0442 \u0441\u0430\u043c\u044b\u0439 \u0431\u043e\u043b\u044c\u0448\u043e\u0439 \u0434\u0436\u0435\u043a\u043f\u043e\u0442 \u0432 \u0415\u0432\u0440\u043e\u043f\u0435.\",\"breadcrumb\":{\"@id\":\"https:\\\/\\\/redfoxlotto.com\\\/sk\\\/loterie\\\/euromillions\\\/#breadcrumb\"},\"inLanguage\":\"sk-SK\",\"potentialAction\":[{\"@type\":\"ReadAction\",\"target\":[\"https:\\\/\\\/redfoxlotto.com\\\/sk\\\/loterie\\\/euromillions\\\/\"]}]},{\"@type\":\"ImageObject\",\"inLanguage\":\"sk-SK\",\"@id\":\"https:\\\/\\\/redfoxlotto.com\\\/sk\\\/loterie\\\/euromillions\\\/#primaryimage\",\"url\":\"https:\\\/\\\/content.redfoxlotto.com\\\/uploads\\\/sites\\\/9\\\/1_buy_euromillions_online.jpg\",\"contentUrl\":\"https:\\\/\\\/content.redfoxlotto.com\\\/uploads\\\/sites\\\/9\\\/1_buy_euromillions_online.jpg\"},{\"@type\":\"BreadcrumbList\",\"@id\":\"https:\\\/\\\/redfoxlotto.com\\\/sk\\\/loterie\\\/euromillions\\\/#breadcrumb\",\"itemListElement\":[{\"@type\":\"ListItem\",\"position\":1,\"name\":\"Home\",\"item\":\"https:\\\/\\\/redfoxlotto.com\\\/sk\\\/\"},{\"@type\":\"ListItem\",\"position\":2,\"name\":\"Ako k\u00fapi\u0165 online lot\u00e9riov\u00e9 l\u00edstky &#8211; proces n\u00e1kupu\",\"item\":\"https:\\\/\\\/redfoxlotto.com\\\/sk\\\/loterie\\\/\"},{\"@type\":\"ListItem\",\"position\":3,\"name\":\"O EuroMillions\"}]},{\"@type\":\"WebSite\",\"@id\":\"https:\\\/\\\/redfoxlotto.com\\\/sk\\\/#website\",\"url\":\"https:\\\/\\\/redfoxlotto.com\\\/sk\\\/\",\"name\":\"Get Tickets for the World\u2019s largest jackpots\",\"description\":\"Participate in worldwide lottery jackpots from any country\",\"publisher\":{\"@id\":\"https:\\\/\\\/redfoxlotto.com\\\/sk\\\/#organization\"},\"potentialAction\":[{\"@type\":\"SearchAction\",\"target\":{\"@type\":\"EntryPoint\",\"urlTemplate\":\"https:\\\/\\\/redfoxlotto.com\\\/sk\\\/?s={search_term_string}\"},\"query-input\":{\"@type\":\"PropertyValueSpecification\",\"valueRequired\":true,\"valueName\":\"search_term_string\"}}],\"inLanguage\":\"sk-SK\"},{\"@type\":\"Organization\",\"@id\":\"https:\\\/\\\/redfoxlotto.com\\\/sk\\\/#organization\",\"name\":\"Get Tickets for the World\u2019s largest jackpots\",\"url\":\"https:\\\/\\\/redfoxlotto.com\\\/sk\\\/\",\"logo\":{\"@type\":\"ImageObject\",\"inLanguage\":\"sk-SK\",\"@id\":\"https:\\\/\\\/redfoxlotto.com\\\/sk\\\/#\\\/schema\\\/logo\\\/image\\\/\",\"url\":\"https:\\\/\\\/redfoxlotto.com\\\/wp-content\\\/uploads\\\/2023\\\/04\\\/logo.png\",\"contentUrl\":\"https:\\\/\\\/redfoxlotto.com\\\/wp-content\\\/uploads\\\/2023\\\/04\\\/logo.png\",\"width\":269,\"height\":53,\"caption\":\"Get Tickets for the World\u2019s largest jackpots\"},\"image\":{\"@id\":\"https:\\\/\\\/redfoxlotto.com\\\/sk\\\/#\\\/schema\\\/logo\\\/image\\\/\"}}]}<\/script>\n<!-- \/ Yoast SEO plugin. -->","yoast_head_json":{"title":"\u041a\u0443\u043f\u0438\u0442\u044c \u0431\u0438\u043b\u0435\u0442\u044b \u0415\u0432\u0440\u043e\u043c\u0438\u043b\u043b\u0438\u043e\u043d\u043e\u0432 \u043e\u043d\u043b\u0430\u0439\u043d \u0438\u0437 \u0421\u043b\u043e\u0432\u0430\u043a\u0438\u0438","description":"\u0418\u043d\u0444\u043e\u0440\u043c\u0430\u0446\u0438\u044f \u043e \u0442\u043e\u043c, \u043a\u0430\u043a \u0436\u0438\u0442\u0435\u043b\u0438 \u0421\u043b\u043e\u0432\u0430\u043a\u0438\u0438 \u043c\u043e\u0433\u0443\u0442 \u043a\u0443\u043f\u0438\u0442\u044c \u0431\u0438\u043b\u0435\u0442\u044b Euromillions \u043e\u043d\u043b\u0430\u0439\u043d. \u041b\u043e\u0442\u0435\u0440\u0435\u044f Euromillions \u0438\u043c\u0435\u0435\u0442 \u0441\u0430\u043c\u044b\u0439 \u0431\u043e\u043b\u044c\u0448\u043e\u0439 \u0434\u0436\u0435\u043a\u043f\u043e\u0442 \u0432 \u0415\u0432\u0440\u043e\u043f\u0435.","robots":{"index":"index","follow":"follow","max-snippet":"max-snippet:-1","max-image-preview":"max-image-preview:large","max-video-preview":"max-video-preview:-1"},"canonical":"https:\/\/redfoxlotto.com\/sk\/loterie\/euromillions\/","og_locale":"sk_SK","og_type":"article","og_title":"\u041a\u0443\u043f\u0438\u0442\u044c \u0431\u0438\u043b\u0435\u0442\u044b \u0415\u0432\u0440\u043e\u043c\u0438\u043b\u043b\u0438\u043e\u043d\u043e\u0432 \u043e\u043d\u043b\u0430\u0439\u043d \u0438\u0437 \u0421\u043b\u043e\u0432\u0430\u043a\u0438\u0438","og_description":"\u0418\u043d\u0444\u043e\u0440\u043c\u0430\u0446\u0438\u044f \u043e \u0442\u043e\u043c, \u043a\u0430\u043a \u0436\u0438\u0442\u0435\u043b\u0438 \u0421\u043b\u043e\u0432\u0430\u043a\u0438\u0438 \u043c\u043e\u0433\u0443\u0442 \u043a\u0443\u043f\u0438\u0442\u044c \u0431\u0438\u043b\u0435\u0442\u044b Euromillions \u043e\u043d\u043b\u0430\u0439\u043d. \u041b\u043e\u0442\u0435\u0440\u0435\u044f Euromillions \u0438\u043c\u0435\u0435\u0442 \u0441\u0430\u043c\u044b\u0439 \u0431\u043e\u043b\u044c\u0448\u043e\u0439 \u0434\u0436\u0435\u043a\u043f\u043e\u0442 \u0432 \u0415\u0432\u0440\u043e\u043f\u0435.","og_url":"https:\/\/redfoxlotto.com\/sk\/loterie\/euromillions\/","og_site_name":"Get Tickets for the World\u2019s largest jackpots","article_modified_time":"2025-12-18T14:56:28+00:00","og_image":[{"url":"https:\/\/content.redfoxlotto.com\/uploads\/sites\/9\/1_buy_euromillions_online.jpg","type":"","width":"","height":""}],"twitter_card":"summary_large_image","twitter_misc":{"Predpokladan\u00fd \u010das \u010d\u00edtania":"5 min\u00fat"},"schema":{"@context":"https:\/\/schema.org","@graph":[{"@type":"WebPage","@id":"https:\/\/redfoxlotto.com\/sk\/loterie\/euromillions\/","url":"https:\/\/redfoxlotto.com\/sk\/loterie\/euromillions\/","name":"\u041a\u0443\u043f\u0438\u0442\u044c \u0431\u0438\u043b\u0435\u0442\u044b \u0415\u0432\u0440\u043e\u043c\u0438\u043b\u043b\u0438\u043e\u043d\u043e\u0432 \u043e\u043d\u043b\u0430\u0439\u043d \u0438\u0437 \u0421\u043b\u043e\u0432\u0430\u043a\u0438\u0438","isPartOf":{"@id":"https:\/\/redfoxlotto.com\/sk\/#website"},"primaryImageOfPage":{"@id":"https:\/\/redfoxlotto.com\/sk\/loterie\/euromillions\/#primaryimage"},"image":{"@id":"https:\/\/redfoxlotto.com\/sk\/loterie\/euromillions\/#primaryimage"},"thumbnailUrl":"https:\/\/content.redfoxlotto.com\/uploads\/sites\/9\/1_buy_euromillions_online.jpg","datePublished":"2018-11-18T08:54:25+00:00","dateModified":"2025-12-18T14:56:28+00:00","description":"\u0418\u043d\u0444\u043e\u0440\u043c\u0430\u0446\u0438\u044f \u043e \u0442\u043e\u043c, \u043a\u0430\u043a \u0436\u0438\u0442\u0435\u043b\u0438 \u0421\u043b\u043e\u0432\u0430\u043a\u0438\u0438 \u043c\u043e\u0433\u0443\u0442 \u043a\u0443\u043f\u0438\u0442\u044c \u0431\u0438\u043b\u0435\u0442\u044b Euromillions \u043e\u043d\u043b\u0430\u0439\u043d. \u041b\u043e\u0442\u0435\u0440\u0435\u044f Euromillions \u0438\u043c\u0435\u0435\u0442 \u0441\u0430\u043c\u044b\u0439 \u0431\u043e\u043b\u044c\u0448\u043e\u0439 \u0434\u0436\u0435\u043a\u043f\u043e\u0442 \u0432 \u0415\u0432\u0440\u043e\u043f\u0435.","breadcrumb":{"@id":"https:\/\/redfoxlotto.com\/sk\/loterie\/euromillions\/#breadcrumb"},"inLanguage":"sk-SK","potentialAction":[{"@type":"ReadAction","target":["https:\/\/redfoxlotto.com\/sk\/loterie\/euromillions\/"]}]},{"@type":"ImageObject","inLanguage":"sk-SK","@id":"https:\/\/redfoxlotto.com\/sk\/loterie\/euromillions\/#primaryimage","url":"https:\/\/content.redfoxlotto.com\/uploads\/sites\/9\/1_buy_euromillions_online.jpg","contentUrl":"https:\/\/content.redfoxlotto.com\/uploads\/sites\/9\/1_buy_euromillions_online.jpg"},{"@type":"BreadcrumbList","@id":"https:\/\/redfoxlotto.com\/sk\/loterie\/euromillions\/#breadcrumb","itemListElement":[{"@type":"ListItem","position":1,"name":"Home","item":"https:\/\/redfoxlotto.com\/sk\/"},{"@type":"ListItem","position":2,"name":"Ako k\u00fapi\u0165 online lot\u00e9riov\u00e9 l\u00edstky &#8211; proces n\u00e1kupu","item":"https:\/\/redfoxlotto.com\/sk\/loterie\/"},{"@type":"ListItem","position":3,"name":"O EuroMillions"}]},{"@type":"WebSite","@id":"https:\/\/redfoxlotto.com\/sk\/#website","url":"https:\/\/redfoxlotto.com\/sk\/","name":"Get Tickets for the World\u2019s largest jackpots","description":"Participate in worldwide lottery jackpots from any country","publisher":{"@id":"https:\/\/redfoxlotto.com\/sk\/#organization"},"potentialAction":[{"@type":"SearchAction","target":{"@type":"EntryPoint","urlTemplate":"https:\/\/redfoxlotto.com\/sk\/?s={search_term_string}"},"query-input":{"@type":"PropertyValueSpecification","valueRequired":true,"valueName":"search_term_string"}}],"inLanguage":"sk-SK"},{"@type":"Organization","@id":"https:\/\/redfoxlotto.com\/sk\/#organization","name":"Get Tickets for the World\u2019s largest jackpots","url":"https:\/\/redfoxlotto.com\/sk\/","logo":{"@type":"ImageObject","inLanguage":"sk-SK","@id":"https:\/\/redfoxlotto.com\/sk\/#\/schema\/logo\/image\/","url":"https:\/\/redfoxlotto.com\/wp-content\/uploads\/2023\/04\/logo.png","contentUrl":"https:\/\/redfoxlotto.com\/wp-content\/uploads\/2023\/04\/logo.png","width":269,"height":53,"caption":"Get Tickets for the World\u2019s largest jackpots"},"image":{"@id":"https:\/\/redfoxlotto.com\/sk\/#\/schema\/logo\/image\/"}}]}},"_links":{"self":[{"href":"https:\/\/redfoxlotto.com\/sk\/wp-json\/wp\/v2\/pages\/10254","targetHints":{"allow":["GET"]}}],"collection":[{"href":"https:\/\/redfoxlotto.com\/sk\/wp-json\/wp\/v2\/pages"}],"about":[{"href":"https:\/\/redfoxlotto.com\/sk\/wp-json\/wp\/v2\/types\/page"}],"author":[{"embeddable":true,"href":"https:\/\/redfoxlotto.com\/sk\/wp-json\/wp\/v2\/users\/1"}],"replies":[{"embeddable":true,"href":"https:\/\/redfoxlotto.com\/sk\/wp-json\/wp\/v2\/comments?post=10254"}],"version-history":[{"count":0,"href":"https:\/\/redfoxlotto.com\/sk\/wp-json\/wp\/v2\/pages\/10254\/revisions"}],"up":[{"embeddable":true,"href":"https:\/\/redfoxlotto.com\/sk\/wp-json\/wp\/v2\/pages\/10252"}],"wp:attachment":[{"href":"https:\/\/redfoxlotto.com\/sk\/wp-json\/wp\/v2\/media?parent=10254"}],"curies":[{"name":"wp","href":"https:\/\/api.w.org\/{rel}","templated":true}]}}