{"id":10253,"date":"2018-11-18T08:54:25","date_gmt":"2018-11-18T08:54:25","guid":{"rendered":"https:\/\/redfoxlotto.com\/?page_id=3345"},"modified":"2025-12-18T14:08:45","modified_gmt":"2025-12-18T14:08:45","slug":"eurojackpot","status":"publish","type":"page","link":"https:\/\/redfoxlotto.com\/sk\/loterie\/eurojackpot\/","title":{"rendered":"O Eurojackpot"},"content":{"rendered":"<p><script type=\"application\/ld+json\">\n{\n  \"@context\": \"https:\/\/schema.org\",\n  \"@type\": \"Service\",\n  \"name\": \"Hrajte Eurojackpot online\",\n  \"url\": \"https:\/\/redfoxlotto.com\/sk\/lotteries\/eurojackpot\/\",\n  \"description\": \"K\u00fapte si ofici\u00e1lne Eurojackpot lot\u00e9riov\u00e9 l\u00edstky online z akejko\u013evek krajiny. Nav\u0161t\u00edvte RedFoxLotto, vyberte si svoje \u010d\u00edsla a z\u00fa\u010dastnite sa \u010fal\u0161ieho \u017erebovania.\",\n  \"serviceType\": \"Online sprostredkovate\u013esk\u00e1 slu\u017eba lot\u00e9riov\u00fdch l\u00edstkov\",<\/p>\n<p>  \"provider\": {\n    \"@type\": \"Organization\",\n    \"name\": \"RedFoxLotto\",\n    \"url\": \"https:\/\/redfoxlotto.com\/sk\",\n    \"image\": \"https:\/\/redfoxlotto.com\/sk\/wp-content\/uploads\/2025\/12\/ticket_scans.jpg\",\n    \"sameAs\": []\n  },<\/p>\n<p>  \"areaServed\": \"Worldwide\",\n  \"termsOfService\": \"https:\/\/redfoxlotto.com\/terms-and-conditions\",<\/p>\n<p>  \"additionalProperty\": {\n    \"@type\": \"PropertyValue\",\n    \"name\": \"FAQ\",\n    \"value\": \"https:\/\/redfoxlotto.com\/sk\/faq\/\"\n  },<\/p>\n<p>  \"hasOfferCatalog\": {\n    \"@type\": \"OfferCatalog\",\n    \"name\": \"Eurojackpot l\u00edstky\",\n    \"itemListElement\": [\n      {\n        \"@type\": \"Offer\",\n        \"name\": \"Eurojackpot l\u00edstky\",\n        \"url\": \"https:\/\/redfoxlotto.com\/sk\/lotteries\/eurojackpot\",\n        \"description\": \"K\u00fapte si skuto\u010dn\u00e9 l\u00edstky online na \u010fal\u0161ie Eurojackpot \u017erebovanie cez RedFoxLotto.\",\n        \"price\": \"6.00\",\n        \"priceCurrency\": \"\u20ac\",\n        \"availability\": \"https:\/\/schema.org\/InStock\",<\/p>\n<p>        \"itemOffered\": {\n          \"@type\": \"Service\",\n          \"name\": \"Eurojackpot lot\u00e9riov\u00e9 l\u00edstky\",\n          \"description\": \"Z\u00fa\u010dastnite sa \u010fal\u0161ieho Eurojackpot \u017erebovania \u2013 k\u00fapte l\u00edstky online cez RedFoxLotto.\"\n        }\n      }\n    ]\n  },<\/p>\n<p>  \"mainEntityOfPage\": {\n    \"@type\": \"WebPage\",\n    \"@id\": \"https:\/\/redfoxlotto.com\/sk\/lotteries\/eurojackpot\/\"\n  }\n}\n<\/script><\/p>\n<p>Eurojackpot tu bol od roku 2012 a odvety z\u00edskaval na popularite. Jedn\u00fdm z d\u00f4vodov je \u017ee sa naozaj za\u010d\u00edna niekam dost\u00e1va\u0165 ke\u010f pr\u00edde na jackpoty a m\u00f4\u017eete vlastne vyhra\u0165 decentn\u00fa sumu pe\u0148az\u00ed (o tom si ale povieme nesk\u00f4r).<\/p>\n<p><!--more--><\/p>\n<p>L\u00edstky m\u00f4\u017eu by\u0165 zak\u00fapen\u00e9 v 17 \u00fa\u010dast\u0148uj\u00facich sa Eur\u00f3pskych krajin\u00e1ch, \u010do je naozaj skvel\u00e9 pre tieto \u0161t\u00e1ty ktor\u00e9 s\u00fa u\u017e v tom regi\u00f3ne.<\/p>\n<p>Ale \u010do so v\u0161etk\u00fdmi \u013eu\u010fmi na Slovensku ktor\u00fd si nem\u00f4\u017eu z\u00e1js\u0165 do obchodu a k\u00fapi\u0165 si Eurojackpot l\u00edstky? Online nakupovanie je rie\u0161en\u00edm. Eurojackpot l\u00edstky si od n\u00e1s m\u00f4\u017eete k\u00fapi\u0165 online aj ke\u010f \u017eijete na Slovensku a nie v jednej z t\u00fdch Eur\u00f3pskych kraj\u00edn.<\/p>\n<h2>Jackpot<\/h2>\n<p><img decoding=\"async\" class=\"size-full wp-image alignright\" src=\"https:\/\/content.redfoxlotto.com\/uploads\/sites\/9\/1_ticket_eurojackpot2.jpg\" alt=\"eurojackpot\" \/><\/p>\n<p>Eurojackpot lot\u00e9ria m\u00e1 minim\u00e1lnu hodnotu jackpotu 10 000 000 \u20ac. To bude pre v\u00e1s rozhodne obrovsk\u00e1 v\u00fdhoda a ve\u013ek\u00fd rozdiel vo va\u0161om \u017eivote, v\u0161ak? Nu\u017e, rozhodne nebudete ma\u0165 probl\u00e9m zaobstara\u0165 si nejak\u00e9 skvel\u00e9 veci s t\u00fdmi peniazmi ale splati\u0165 si dlhy alebo hoci\u010do in\u00e9. Ale to je iba minimum. Suma m\u00f4\u017ee by\u0165 omnoho v\u00e4\u010d\u0161ia. V skuto\u010dnosti najv\u00e4\u010d\u0161ia v\u00fdplata m\u00f4\u017ee dosiahnu\u0165 120 000 000 \u20ac. To rozhodne bude obrovsk\u00e1 suma a ve\u013ek\u00fd rozdiel vo va\u0161om \u017eivote, ale \u010do ak nikto nevyhraje? V\u0161etky sumy nad t\u00fa sumu bud\u00fa preveden\u00e9 do druhej cenovej triedy.<\/p>\n<p>\u010co znamen\u00e1 \u017ee budete ma\u0165 mo\u017enos\u0165 vyhra\u0165 gigantick\u00fd jackpot pokia\u013e nedosiahne ten limit. Potom, uvid\u00edte ako druh\u00e1 najv\u00e4\u010d\u0161ia suma za\u010dne \u00eds\u0165 hore a hore. To znamen\u00e1 \u017ee by ste mohli skon\u010di\u0165 s obrovsk\u00fdm jackpot s men\u0161\u00edch mno\u017estvom zhoduj\u00facich sa \u010d\u00edsel, preto\u017ee t\u00e1 druh\u00e1 cena sa stane naozaj ve\u013ekou pr\u00e9miou a druhou \u0161ancou vyhra\u0165 ve\u013ea.<\/p>\n<h2>Pravidl\u00e1 Eurojackpot<\/h2>\n<p>Ak sa chyst\u00e1te hra\u0165 Eurojackpot zo Slovenska chcete sa ubezpe\u010di\u0165 \u017ee na to m\u00e1te spr\u00e1vny postup. Chcete sa uisti\u0165 \u017ee hr\u00e1te hru spr\u00e1vne a va\u0161e l\u00edstky s\u00fa vybran\u00e9 spr\u00e1vnym sp\u00f4sobom. Nu\u017e, m\u00e1te \u0161\u0165astie preto\u017ee je super jednoduch\u00e9 si tieto l\u00edstky vybra\u0165 a nebude ma\u0165 \u017eiaden probl\u00e9m vybra\u0165 si presne to \u010do chcete.<\/p>\n<p>Vyberiete si 5 hlavn\u00fdch \u010d\u00edsel medzi 1 a 50 a potom dva \u010fal\u0161ie \u010d\u00edsla medzi 1 a 12. Tak\u017ee 5 hlavn\u00fdch \u010d\u00edsel v\u00e1m st\u00e1le prinesie cenu aj ke\u010f neuh\u00e1dnete dodato\u010dn\u00e9 dva alebo star \u010d\u00edsla. Existuje 12 cenov\u00fdch kateg\u00f3ri\u00ed.<\/p>\n<p>To znamen\u00e1 \u017ee existuje nieko\u013eko r\u00f4znych kombin\u00e1ci\u00ed spr\u00e1vnych \u010d\u00edsel ktor\u00e9 by ste mohli ma\u0165 a tie v\u00e1m prines\u00fa nejak\u00fd typ ceny. Mo\u017eno vyhr\u00e1te iba dos\u0165 na to aby sa v\u00e1m vr\u00e1tili n\u00e1klady za l\u00edstok alebo by ste st\u00e1le mohli vyhra\u0165 mili\u00f3ny bez toho aby ste uh\u00e1dli v\u0161etko.<\/p>\n<p>Samozrejme, na to aby ste vyhrali hlavn\u00fa cenu potrebujete ma\u0165 v\u0161etk\u00fdch 5 hlavn\u00fdch a 2 dodato\u010dn\u00e9 \u010d\u00edsla spr\u00e1vne. Toto bude zlo\u017eit\u00e9 a bude to ve\u013emi zriedkav\u00e1 vec, ale je to rozhodne mo\u017en\u00e9. Nakoniec, niekto to vyhr\u00e1, \u017ee? Pre\u010do nem\u00f4\u017ee vy by\u0165 t\u00fdm niekym? Mysl\u00edme si \u017ee by sa to ur\u010dite mohlo sta\u0165 a v\u0161etko \u010do potrebujete spravi\u0165 je pozrie\u0165 si postup v\u00fdberu v\u00e1\u0161ho l\u00edstka a potom sa pripravte si ho k\u00fapi\u0165.<\/p>\n<h2>K\u00fapa v\u00e1\u0161ho Eurojackpot l\u00edstka na Slovensku<\/h2>\n<p><img decoding=\"async\" class=\"size-full wp-image alignright\" src=\"https:\/\/content.redfoxlotto.com\/uploads\/sites\/9\/1_eurojackpot_buy_ticket.jpg\" alt=\"k\u00fapi\u0165 l\u00edstok eurojackpot\" \/><\/p>\n<p>Ak ste pripraven\u00fd k\u00fapi\u0165 si Eurojackpot l\u00edstky cez internet, ste pripraven\u00fd pozrie\u0165 si n\u00e1\u0161 syst\u00e9m a na\u0161u str\u00e1nku. V\u0161etko \u010do potrebujete urobi\u0165 je \u00eds\u0165 online a pozrie\u0165 sa, ale u\u017e ste tam. Tak, \u010do urob\u00edte \u010falej? Chcete si pozrie\u0165 rozli\u010dn\u00e9 l\u00edsky ktor\u00e9 m\u00e1me dostupn\u00e9.<\/p>\n<p>Pon\u00fakame najlep\u0161ie l\u00edstky a hry ktor\u00e9 s\u00fa najpopul\u00e1rnej\u0161ie, pon\u00fakaj\u00face najv\u00e4\u010d\u0161ie jackpoty. Ke\u010f sa u\u017e pozriete, m\u00f4\u017eete sa rozhodn\u00fa\u0165 \u017ee si chcete k\u00fapi\u0165 Eurojackpot l\u00edstky a prejdete na druh\u00fa str\u00e1nku.<\/p>\n<p>Na tejto str\u00e1nke n\u00e1jdete viac inform\u00e1ci\u00ed o Eurojackpote a bude \u0165a mo\u017enos\u0165 k\u00fapi\u0165 si l\u00edstky ktor\u00e9 chcete. M\u00f4\u017eete si vybra\u0165 ak\u00e9ko\u013evek mno\u017estvo l\u00edstkov chcete a m\u00f4\u017ete si zvoli\u0165 \u010d\u00edsla ktor\u00e9 chcete na v\u00e1\u0161 l\u00edstok. Pokia\u013e va\u0161e \u010d\u00edsla sp\u013a\u0148aj\u00fa pravidl\u00e1 o kto\u00fdch sme hovorili vy\u0161\u0161ie m\u00f4\u017eete si zvoli\u0165 ak\u00fako\u013evek kombin\u00e1ciu \u010d\u00edsel na ka\u017edom z va\u0161ich l\u00edstkov.<\/p>\n<p>Samozrejme, ak neviete ktor\u00e9 \u010d\u00edsla si vlastne chcete zvoli\u0165 m\u00f4\u017eete si pokojne vybra\u0165 r\u00fdchly v\u00fdber l\u00edstok namiesto.<\/p>\n<p>S r\u00fdchlym v\u00fdberom dostanete n\u00e1hodne pridelen\u00e9 \u010d\u00edsla ktor\u00e9 sp\u013a\u0148aj\u00fa podmienky. Takto dostanete l\u00edstok bez toho aby ste sa nad nie\u010dim tr\u00e1pili. M\u00f4\u017ete si aj vybra\u0165 kombin\u00e1ciu oboch v pr\u00edpade \u017ee si chcete zvoli\u0165 niektor\u00e9 \u010d\u00edsla ale nechcete si vybra\u0165 v\u0161etky \u010d\u00edsla, to v\u00e1m rozhodne u\u013eah\u010d\u00ed k\u00fapu toho l\u00edstku.<\/p>\n<h2>Vytvorte si \u00fa\u010det<\/h2>\n<p>Akon\u00e1hle ste si vybrali v\u0161etky \u010d\u00edsla mus\u00edte si len prejs\u0165 procesom vytvorenia \u00fa\u010dtu. Ke\u010f si za\u010dnete zaklada\u0165 \u00fa\u010det je to vlastne super jednoduch\u00e9 a v\u0161etko \u010do potrebujete je vypli\u0165 nejak\u00e9 osobn\u00e9 \u00fadaje. Tie \u00fadaje pre v\u00e1s urobia vkladanie pe\u0148az\u00ed na v\u00e1\u0161 \u00fa\u010det, ktor\u00e9 m\u00f4\u017eete pou\u017ei\u0165 na k\u00fapu l\u00edstkov na v\u00e1\u0161 \u00fa\u010det, super jednoch\u00fdm ako v\u00e1m to aj u\u013eah\u010d\u00ed vyberanie pe\u0148az\u00ed z v\u00e1\u0161ho \u00fa\u010dtu ke\u010f vyhr\u00e1te.<\/p>\n<p>Ke\u010f ste pripraven\u00fd vybra\u0165 si va\u0161e l\u00edstky zo Slovenska len sa prihl\u00e1site nasp\u00e4\u0165 do va\u0161eho \u00fa\u010dtu a bude schopn\u00fd si k\u00fapi\u0165 hocijak\u00e9 l\u00edstky ktor\u00e9 chcete. Ak chcete r\u00fdchly v\u00fdber je to e\u0161te jednoduch\u0161ie, a m\u00f4\u017eete si aj nastavi\u0165 aby va\u0161e l\u00edstky boli pripraven\u00e1 na nieko\u013eko losovan\u00ed. To znamen\u00e1 \u017ee sa nubude musie\u0165 tr\u00e1pi\u0165 k\u00fapov dodato\u010dn\u00fdch l\u00edstkov na \u010fal\u0161ie losovanie. Iba si nechajte rovnak\u00fd l\u00edstok a m\u00f4\u017eete \u00eds\u0165.<\/p>\n","protected":false},"excerpt":{"rendered":"<p>Eurojackpot tu bol od roku 2012 a odvety z\u00edskaval na popularite. Jedn\u00fdm z d\u00f4vodov je \u017ee sa naozaj za\u010d\u00edna niekam dost\u00e1va\u0165 ke\u010f pr\u00edde na jackpoty a m\u00f4\u017eete vlastne vyhra\u0165 decentn\u00fa sumu pe\u0148az\u00ed (o tom si ale povieme nesk\u00f4r).<\/p>\n","protected":false},"author":1,"featured_media":0,"parent":10252,"menu_order":4,"comment_status":"closed","ping_status":"closed","template":"eurojackpot-info.php","meta":{"_et_pb_use_builder":"","_et_pb_old_content":"","_et_gb_content_width":"","exclude_from_search":false,"footnotes":""},"class_list":["post-10253","page","type-page","status-publish","hentry"],"yoast_head":"<!-- This site is optimized with the Yoast SEO plugin v23.8 - https:\/\/yoast.com\/wordpress\/plugins\/seo\/ -->\n<title>Ako k\u00fapi\u0165 l\u00edstky na Eurojackpot online zo Slovenska<\/title>\n<meta name=\"description\" content=\"Eurojackpot l\u00edstky teraz na predaj online per lot\u00e9riov\u00fdch fan\u00fa\u0161ikov na Slovensku\" \/>\n<meta name=\"robots\" content=\"index, follow, max-snippet:-1, max-image-preview:large, max-video-preview:-1\" \/>\n<link rel=\"canonical\" href=\"https:\/\/redfoxlotto.com\/sk\/loterie\/eurojackpot\/\" \/>\n<meta property=\"og:locale\" content=\"sk_SK\" \/>\n<meta property=\"og:type\" content=\"article\" \/>\n<meta property=\"og:title\" content=\"Ako k\u00fapi\u0165 l\u00edstky na Eurojackpot online zo Slovenska\" \/>\n<meta property=\"og:description\" content=\"Eurojackpot l\u00edstky teraz na predaj online per lot\u00e9riov\u00fdch fan\u00fa\u0161ikov na Slovensku\" \/>\n<meta property=\"og:url\" content=\"https:\/\/redfoxlotto.com\/sk\/loterie\/eurojackpot\/\" \/>\n<meta property=\"og:site_name\" content=\"Get Tickets for the World\u2019s largest jackpots\" \/>\n<meta property=\"article:modified_time\" content=\"2025-12-18T14:08:45+00:00\" \/>\n<meta property=\"og:image\" content=\"https:\/\/content.redfoxlotto.com\/uploads\/sites\/9\/1_ticket_eurojackpot2.jpg\" \/>\n<meta name=\"twitter:card\" content=\"summary_large_image\" \/>\n<meta name=\"twitter:label1\" content=\"Predpokladan\u00fd \u010das \u010d\u00edtania\" \/>\n\t<meta name=\"twitter:data1\" content=\"4 min\u00faty\" \/>\n<script type=\"application\/ld+json\" class=\"yoast-schema-graph\">{\"@context\":\"https:\/\/schema.org\",\"@graph\":[{\"@type\":\"WebPage\",\"@id\":\"https:\/\/redfoxlotto.com\/sk\/loterie\/eurojackpot\/\",\"url\":\"https:\/\/redfoxlotto.com\/sk\/loterie\/eurojackpot\/\",\"name\":\"Ako k\u00fapi\u0165 l\u00edstky na Eurojackpot online zo Slovenska\",\"isPartOf\":{\"@id\":\"https:\/\/redfoxlotto.com\/sk\/#website\"},\"primaryImageOfPage\":{\"@id\":\"https:\/\/redfoxlotto.com\/sk\/loterie\/eurojackpot\/#primaryimage\"},\"image\":{\"@id\":\"https:\/\/redfoxlotto.com\/sk\/loterie\/eurojackpot\/#primaryimage\"},\"thumbnailUrl\":\"https:\/\/content.redfoxlotto.com\/uploads\/sites\/9\/1_ticket_eurojackpot2.jpg\",\"datePublished\":\"2018-11-18T08:54:25+00:00\",\"dateModified\":\"2025-12-18T14:08:45+00:00\",\"description\":\"Eurojackpot l\u00edstky teraz na predaj online per lot\u00e9riov\u00fdch fan\u00fa\u0161ikov na Slovensku\",\"breadcrumb\":{\"@id\":\"https:\/\/redfoxlotto.com\/sk\/loterie\/eurojackpot\/#breadcrumb\"},\"inLanguage\":\"sk-SK\",\"potentialAction\":[{\"@type\":\"ReadAction\",\"target\":[\"https:\/\/redfoxlotto.com\/sk\/loterie\/eurojackpot\/\"]}]},{\"@type\":\"ImageObject\",\"inLanguage\":\"sk-SK\",\"@id\":\"https:\/\/redfoxlotto.com\/sk\/loterie\/eurojackpot\/#primaryimage\",\"url\":\"https:\/\/content.redfoxlotto.com\/uploads\/sites\/9\/1_ticket_eurojackpot2.jpg\",\"contentUrl\":\"https:\/\/content.redfoxlotto.com\/uploads\/sites\/9\/1_ticket_eurojackpot2.jpg\"},{\"@type\":\"BreadcrumbList\",\"@id\":\"https:\/\/redfoxlotto.com\/sk\/loterie\/eurojackpot\/#breadcrumb\",\"itemListElement\":[{\"@type\":\"ListItem\",\"position\":1,\"name\":\"Home\",\"item\":\"https:\/\/redfoxlotto.com\/sk\/\"},{\"@type\":\"ListItem\",\"position\":2,\"name\":\"Ako k\u00fapi\u0165 online lot\u00e9riov\u00e9 l\u00edstky &#8211; proces n\u00e1kupu\",\"item\":\"https:\/\/redfoxlotto.com\/sk\/loterie\/\"},{\"@type\":\"ListItem\",\"position\":3,\"name\":\"O Eurojackpot\"}]},{\"@type\":\"WebSite\",\"@id\":\"https:\/\/redfoxlotto.com\/sk\/#website\",\"url\":\"https:\/\/redfoxlotto.com\/sk\/\",\"name\":\"Get Tickets for the World\u2019s largest jackpots\",\"description\":\"Participate in worldwide lottery jackpots from any country\",\"publisher\":{\"@id\":\"https:\/\/redfoxlotto.com\/sk\/#organization\"},\"potentialAction\":[{\"@type\":\"SearchAction\",\"target\":{\"@type\":\"EntryPoint\",\"urlTemplate\":\"https:\/\/redfoxlotto.com\/sk\/?s={search_term_string}\"},\"query-input\":{\"@type\":\"PropertyValueSpecification\",\"valueRequired\":true,\"valueName\":\"search_term_string\"}}],\"inLanguage\":\"sk-SK\"},{\"@type\":\"Organization\",\"@id\":\"https:\/\/redfoxlotto.com\/sk\/#organization\",\"name\":\"Get Tickets for the World\u2019s largest jackpots\",\"url\":\"https:\/\/redfoxlotto.com\/sk\/\",\"logo\":{\"@type\":\"ImageObject\",\"inLanguage\":\"sk-SK\",\"@id\":\"https:\/\/redfoxlotto.com\/sk\/#\/schema\/logo\/image\/\",\"url\":\"https:\/\/redfoxlotto.com\/wp-content\/uploads\/2023\/04\/logo.png\",\"contentUrl\":\"https:\/\/redfoxlotto.com\/wp-content\/uploads\/2023\/04\/logo.png\",\"width\":269,\"height\":53,\"caption\":\"Get Tickets for the World\u2019s largest jackpots\"},\"image\":{\"@id\":\"https:\/\/redfoxlotto.com\/sk\/#\/schema\/logo\/image\/\"}}]}<\/script>\n<!-- \/ Yoast SEO plugin. -->","yoast_head_json":{"title":"Ako k\u00fapi\u0165 l\u00edstky na Eurojackpot online zo Slovenska","description":"Eurojackpot l\u00edstky teraz na predaj online per lot\u00e9riov\u00fdch fan\u00fa\u0161ikov na Slovensku","robots":{"index":"index","follow":"follow","max-snippet":"max-snippet:-1","max-image-preview":"max-image-preview:large","max-video-preview":"max-video-preview:-1"},"canonical":"https:\/\/redfoxlotto.com\/sk\/loterie\/eurojackpot\/","og_locale":"sk_SK","og_type":"article","og_title":"Ako k\u00fapi\u0165 l\u00edstky na Eurojackpot online zo Slovenska","og_description":"Eurojackpot l\u00edstky teraz na predaj online per lot\u00e9riov\u00fdch fan\u00fa\u0161ikov na Slovensku","og_url":"https:\/\/redfoxlotto.com\/sk\/loterie\/eurojackpot\/","og_site_name":"Get Tickets for the World\u2019s largest jackpots","article_modified_time":"2025-12-18T14:08:45+00:00","og_image":[{"url":"https:\/\/content.redfoxlotto.com\/uploads\/sites\/9\/1_ticket_eurojackpot2.jpg"}],"twitter_card":"summary_large_image","twitter_misc":{"Predpokladan\u00fd \u010das \u010d\u00edtania":"4 min\u00faty"},"schema":{"@context":"https:\/\/schema.org","@graph":[{"@type":"WebPage","@id":"https:\/\/redfoxlotto.com\/sk\/loterie\/eurojackpot\/","url":"https:\/\/redfoxlotto.com\/sk\/loterie\/eurojackpot\/","name":"Ako k\u00fapi\u0165 l\u00edstky na Eurojackpot online zo Slovenska","isPartOf":{"@id":"https:\/\/redfoxlotto.com\/sk\/#website"},"primaryImageOfPage":{"@id":"https:\/\/redfoxlotto.com\/sk\/loterie\/eurojackpot\/#primaryimage"},"image":{"@id":"https:\/\/redfoxlotto.com\/sk\/loterie\/eurojackpot\/#primaryimage"},"thumbnailUrl":"https:\/\/content.redfoxlotto.com\/uploads\/sites\/9\/1_ticket_eurojackpot2.jpg","datePublished":"2018-11-18T08:54:25+00:00","dateModified":"2025-12-18T14:08:45+00:00","description":"Eurojackpot l\u00edstky teraz na predaj online per lot\u00e9riov\u00fdch fan\u00fa\u0161ikov na Slovensku","breadcrumb":{"@id":"https:\/\/redfoxlotto.com\/sk\/loterie\/eurojackpot\/#breadcrumb"},"inLanguage":"sk-SK","potentialAction":[{"@type":"ReadAction","target":["https:\/\/redfoxlotto.com\/sk\/loterie\/eurojackpot\/"]}]},{"@type":"ImageObject","inLanguage":"sk-SK","@id":"https:\/\/redfoxlotto.com\/sk\/loterie\/eurojackpot\/#primaryimage","url":"https:\/\/content.redfoxlotto.com\/uploads\/sites\/9\/1_ticket_eurojackpot2.jpg","contentUrl":"https:\/\/content.redfoxlotto.com\/uploads\/sites\/9\/1_ticket_eurojackpot2.jpg"},{"@type":"BreadcrumbList","@id":"https:\/\/redfoxlotto.com\/sk\/loterie\/eurojackpot\/#breadcrumb","itemListElement":[{"@type":"ListItem","position":1,"name":"Home","item":"https:\/\/redfoxlotto.com\/sk\/"},{"@type":"ListItem","position":2,"name":"Ako k\u00fapi\u0165 online lot\u00e9riov\u00e9 l\u00edstky &#8211; proces n\u00e1kupu","item":"https:\/\/redfoxlotto.com\/sk\/loterie\/"},{"@type":"ListItem","position":3,"name":"O Eurojackpot"}]},{"@type":"WebSite","@id":"https:\/\/redfoxlotto.com\/sk\/#website","url":"https:\/\/redfoxlotto.com\/sk\/","name":"Get Tickets for the World\u2019s largest jackpots","description":"Participate in worldwide lottery jackpots from any country","publisher":{"@id":"https:\/\/redfoxlotto.com\/sk\/#organization"},"potentialAction":[{"@type":"SearchAction","target":{"@type":"EntryPoint","urlTemplate":"https:\/\/redfoxlotto.com\/sk\/?s={search_term_string}"},"query-input":{"@type":"PropertyValueSpecification","valueRequired":true,"valueName":"search_term_string"}}],"inLanguage":"sk-SK"},{"@type":"Organization","@id":"https:\/\/redfoxlotto.com\/sk\/#organization","name":"Get Tickets for the World\u2019s largest jackpots","url":"https:\/\/redfoxlotto.com\/sk\/","logo":{"@type":"ImageObject","inLanguage":"sk-SK","@id":"https:\/\/redfoxlotto.com\/sk\/#\/schema\/logo\/image\/","url":"https:\/\/redfoxlotto.com\/wp-content\/uploads\/2023\/04\/logo.png","contentUrl":"https:\/\/redfoxlotto.com\/wp-content\/uploads\/2023\/04\/logo.png","width":269,"height":53,"caption":"Get Tickets for the World\u2019s largest jackpots"},"image":{"@id":"https:\/\/redfoxlotto.com\/sk\/#\/schema\/logo\/image\/"}}]}},"_links":{"self":[{"href":"https:\/\/redfoxlotto.com\/sk\/wp-json\/wp\/v2\/pages\/10253","targetHints":{"allow":["GET"]}}],"collection":[{"href":"https:\/\/redfoxlotto.com\/sk\/wp-json\/wp\/v2\/pages"}],"about":[{"href":"https:\/\/redfoxlotto.com\/sk\/wp-json\/wp\/v2\/types\/page"}],"author":[{"embeddable":true,"href":"https:\/\/redfoxlotto.com\/sk\/wp-json\/wp\/v2\/users\/1"}],"replies":[{"embeddable":true,"href":"https:\/\/redfoxlotto.com\/sk\/wp-json\/wp\/v2\/comments?post=10253"}],"version-history":[{"count":0,"href":"https:\/\/redfoxlotto.com\/sk\/wp-json\/wp\/v2\/pages\/10253\/revisions"}],"up":[{"embeddable":true,"href":"https:\/\/redfoxlotto.com\/sk\/wp-json\/wp\/v2\/pages\/10252"}],"wp:attachment":[{"href":"https:\/\/redfoxlotto.com\/sk\/wp-json\/wp\/v2\/media?parent=10253"}],"curies":[{"name":"wp","href":"https:\/\/api.w.org\/{rel}","templated":true}]}}