{"id":10252,"date":"2023-04-24T14:12:24","date_gmt":"2023-04-24T14:12:24","guid":{"rendered":"https:\/\/redfoxlotto.com\/?page_id=3343"},"modified":"2025-12-18T10:06:43","modified_gmt":"2025-12-18T10:06:43","slug":"loterie","status":"publish","type":"page","link":"https:\/\/redfoxlotto.com\/sk\/loterie\/","title":{"rendered":"Ako k\u00fapi\u0165 online lot\u00e9riov\u00e9 l\u00edstky &#8211; proces n\u00e1kupu"},"content":{"rendered":"<p><script type=\"application\/ld+json\">\n{\n  \"@context\": \"https:\/\/schema.org\",\n  \"@type\": \"Service\",\n  \"name\": \"K\u00fapi\u0165 lot\u00e9riov\u00e9 l\u00edstky online\",\n  \"url\": \"https:\/\/redfoxlotto.com\/sk\/lotteries\/\",\n  \"description\": \"K\u00fapte si lot\u00e9riov\u00e9 l\u00edstky online \u2013 najlep\u0161ie lot\u00e9rie na svete s\u00fa tu dostupn\u00e9.\",\n  \"serviceType\": \"Online slu\u017eba doru\u010denia lot\u00e9riov\u00fdch l\u00edstkov\",<\/p>\n<p>  \"provider\": {\n    \"@type\": \"Organization\",\n    \"name\": \"RedFoxLotto\",\n    \"url\": \"https:\/\/redfoxlotto.com\/sk\/\",\n    \"image\": \"https:\/\/redfoxlotto.com\/wp-content\/uploads\/2025\/12\/ticket_scans.jpg\"\n  },<\/p>\n<p>  \"areaServed\": \"Worldwide\",\n  \"termsOfService\": \"https:\/\/redfoxlotto.com\/terms-and-conditions\",<\/p>\n<p>  \"additionalProperty\": {\n    \"@type\": \"PropertyValue\",\n    \"name\": \"FAQ\",\n    \"value\": \"https:\/\/redfoxlotto.com\/sk\/faq\/\"\n  },<\/p>\n<p>  \"hasOfferCatalog\": {\n    \"@type\": \"OfferCatalog\",\n    \"name\": \"L\u00edstky do lot\u00e9rie po celom svete\",\n    \"itemListElement\": [\n      {\n        \"@type\": \"Offer\",\n        \"name\": \"Lot\u00e9riov\u00e9 l\u00edstky\",\n        \"url\": \"https:\/\/redfoxlotto.com\/sk\/lotteries\/\",\n        \"description\": \"K\u00fapa lot\u00e9riov\u00fdch l\u00edstkov online je bezpe\u010dn\u00e1 a jednoduch\u00e1 \u2013 tu je postup.\",\n        \"availability\": \"https:\/\/schema.org\/InStock\",<\/p>\n<p>        \"itemOffered\": {\n          \"@type\": \"Service\",\n          \"name\": \"Online lot\u00e9riov\u00e9 l\u00edstky\",\n          \"description\": \"Z\u00fa\u010dastnite sa najv\u00e4\u010d\u0161\u00edch jackpotov sveta \u2013 k\u00fapte si l\u00edstky online cez RedFoxLotto.\"\n        }\n      }\n    ]\n  },<\/p>\n<p>  \"mainEntityOfPage\": {\n    \"@type\": \"WebPage\",\n    \"@id\": \"https:\/\/redfoxlotto.com\/sk\/lotteries\/\"\n  }\n}\n<\/script><\/p>\n<p>Ste pripraven\u00fd k\u00fapi\u0165 si lot\u00e9riov\u00e9 l\u00edstky z kadeko\u013evek na svete? Alebo si e\u0161te nieste celkom ist\u00fd \u010di ste pripraven\u00fd. Mo\u017eno si nieste celkom ist\u00fd \u017ee v\u00e1s to bude bavi\u0165. Alebo mo\u017eno neviete ak\u00fd bude cel\u00fd priebeh.<!--more--><\/p>\n<p>Na na\u0161ej webovej str\u00e1nke si m\u00f4\u017eete k\u00fapi\u0165 lot\u00e9riov\u00e9 l\u00edstky do najv\u00e4\u010d\u0161\u00edch lot\u00e9rii sveta. A ak vrav\u00edme svet, hovor\u00edme o skuto\u010dnom svete, nie len l\u00edstky ktor\u00e9 ste si v zvykli kupova\u0165 vo va\u0161om rodnom meste. U n\u00e1s to zah\u0155\u0148a Mega Millions a Powerball zo Spojen\u00fdch \u0160t\u00e1tov, EuroMillions, Eurojackpot, El Grodo a La Primitiva zo \u0160panielska, SuperEna z Talianska a omnoho viac.<\/p>\n<p>\u010co je e\u0161te lep\u0161ie na k\u00fape t\u00fdchto l\u00edstkov cez n\u00e1\u0161 online syst\u00e9m je \u017ee m\u00f4\u017eete ma\u0165 svoje l\u00edstky u\u017e po \u0161tyroch jednoduch\u00fdch krokoch. Nemus\u00edte si robi\u0165 starosti t\u00fdm \u017ee v\u00e1m to st\u00e1lo ve\u013ea \u0165a\u017ekej pr\u00e1ce iba aby ste dostali l\u00edstky z \u00faplne in\u00e9ho \u0161t\u00e1tu. Cez internet si to vybav\u00edte raz dva.<\/p>\n<h2>Takto si k\u00fapi\u0165 l\u00edstky cez internet v \u0161tyroch jednoduch\u00fdch krokoch:<\/h2>\n<p><img decoding=\"async\" class=\"size-full wp-image alignright\" src=\"https:\/\/content.redfoxlotto.com\/uploads\/sites\/9\/1_lottery_ticket.jpg\" alt=\"ako nakupova\u0165 tikety online\" \/><\/p>\n<h3>Krok 1 &#8211; V\u00fdber lot\u00e9rie<\/h3>\n<p>Na RedFoxLotto.com, si vyberte lot\u00e9riu na ktor\u00fa si chcete k\u00fapi\u0165 l\u00edstky. Na na\u0161ej domovskej str\u00e1nke si m\u00f4\u017eete pozrie\u0165 lot\u00e9rie zoraden\u00e9 pod\u013ea sumy s\u00fa\u010dastn\u00e9ho jackpotu. Touto cestou sa m\u00f4\u017eete rozhodn\u00fa\u0165, ktor\u00e1 sa v\u00e1m vlastne oplat\u00ed k\u00fapi\u0165 a m\u00f4\u017eete si tie\u017e pozrie\u0165 rozli\u010dn\u00e9 lot\u00e9rie a zisti\u0165 si o nich viac.<br \/>\nAk p\u00f4jdete na ka\u017ed\u00fa zo str\u00e1nok budete si m\u00f4c\u0165 pozrie\u0165 kedy je losovanie, ak\u00e1 je ich hodnota a ak\u00fd je postup v\u00fdberu \u010d\u00edsel. Tak\u017ee nikdy nep\u00f4jdete naslepo.<\/p>\n<h3>Krok 2 &#8211; Vyberte si va\u0161e \u010d\u00edsla<\/h3>\n<p>Na v\u00fdber \u010d\u00edsel pou\u017eite my\u0161ku. Okienka v\u00e1m uk\u00e1\u017eu ko\u013eko \u010d\u00edsel potrebujete a \u010di potrebujete aj nejak\u00e9 \u0161pecialne \u010d\u00edsla (ako Powerball alebo Mega \u010d\u00edslo na lot\u00e9rie ktor\u00e9 ste zvyknut\u00fd). Ak si nechcete vybra\u0165 svoje vlastn\u00e9 \u010d\u00edsla, m\u00f4\u017eete pou\u017ei\u0165 funkciu &#8222;R\u00fdchly V\u00fdber&#8220; a zvoli\u0165 si n\u00e1hodn\u00e9 \u010d\u00edsla.<\/p>\n<p>Ak si u\u017e raz zvol\u00edte tie n\u00e1hodn\u00e9 \u010d\u00edsla st\u00e1le dostanete posledn\u00e9 slovo. Tak\u017ee ak skon\u010d\u00edte s 2 \u010d\u00edslami ktor\u00e9 sa v\u00e1m nep\u00e1\u010dia, m\u00f4\u017eete si ich vymeni\u0165 za nie\u010do in\u00e9. M\u00f4\u017eete si tie\u017e najprv zada\u0165 niektor\u00e9 z vlastn\u00fdch \u010d\u00edsel a potom si ostatn\u00e9 zvoli\u0165 n\u00e1hodne.<br \/>\nNemus\u00edte si tr\u00e1pi\u0165 t\u00fdm, \u017ee by ste si vybrali m\u00e1lo pr\u00edpadne pr\u00edli\u0161 ve\u013ea \u010d\u00edsel. V takomto pr\u00edpade v\u00e1s syst\u00e9m upozorn\u00ed a vyzve aby ste pridali alebo odstr\u00e1nili \u010d\u00edsla pred k\u00fapou l\u00edstkou. Naozaj je to tak\u00e9 jednoduch\u00e9.<\/p>\n<p>M\u00f4\u017eete si potom k\u00fapi\u0165 viac l\u00edstkov do ostatn\u00fdch lot\u00e9rii a prida\u0165 si ich do va\u0161ej objedn\u00e1vky. Ak ste si vyplnili v\u0161etky l\u00edstky, kliknite na &#8222;Plati\u0165 Teraz&#8220;. Do ko\u0161\u00edka si m\u00f4\u017eete prida\u0165 nieko\u013eko l\u00edstkov z jednej lot\u00e9rie alebo kombin\u00e1ciu l\u00edstkov na rozli\u010dn\u00e9 lot\u00e9rie a na konci tohto kroku za v\u0161etky zaplati\u0165 naraz a jednou objedn\u00e1vkou.<\/p>\n<h3>Krok 3 &#8211; Registr\u00e1cia alebo prihl\u00e1senie<\/h3>\n<p>Potrebujete si s nami teraz zaregistrova\u0165 klientsk\u00fd \u00fa\u010det aby ste mohli kupova\u0165 lot\u00e9riov\u00e9 l\u00edstky cez internet. Nato od v\u00e1s potrebujeme nejak\u00e9 inform\u00e1cie. Toto je pre va\u0161u vlastn\u00fa bezpe\u010dnos\u0165 preto\u017ee chcete by\u0165 upozornen\u00ed v pr\u00edpade v\u00fdhry. Ak ste sa s nami u\u017e zaregistrovali, budete sa iba musie\u0165 prihl\u00e1si\u0165 s va\u0161imi prihlasovac\u00edmi \u00fadajmi. Ak ste zabudli svoje heslo, pros\u00edm pou\u017eite funkciu &#8222;Zabudnut\u00e9 heslo&#8220;<\/p>\n<h3>Step 4 \u2013 Platba<\/h3>\n<p>Na va\u0161om klientskom \u00fa\u010dte si zvo\u013ete preferovan\u00fa met\u00f3du platenie. Mo\u017enosti ktor\u00e9 m\u00e1te k dispoz\u00edci sa m\u00f4\u017eu l\u00ed\u0161i\u0165 v z\u00e1vislosti od v\u00e1\u0161ho \u0161t\u00e1tu trval\u00e9ho bydliska. Mastercard, Visa, okam\u017eit\u00fd bankov\u00fd prevod, Bitcoin, Neteller, Skrill a Paysafecard s\u00fa iba niektor\u00e9 z platobn\u00fdch mo\u017enost\u00ed. Iba zvo\u013ete t\u00fa ktor\u00fa chcete a kliknite na tla\u010d\u00edtko k\u00fapi\u0165.<\/p>\n<p>Po platbe obdr\u017e\u00edte e-mail na va\u0161u registrovan\u00fa e-mailov\u00fa adresu potvrdzuj\u00faci v\u00e1\u0161 n\u00e1kup. To aby ste sa mohli ubezpe\u010di\u0165 \u017ee va\u0161a objedn\u00e1vka bola spracovan\u00e1 a ste pripraven\u00fd na losovanie.<\/p>\n<p><img decoding=\"async\" class=\"size-full wp-image alignright\" src=\"https:\/\/content.redfoxlotto.com\/uploads\/sites\/9\/1_buy_lottery_online.jpg\" alt=\"zaplati\u0165 l\u00edstok online\" \/><\/p>\n<p>Po registr\u00e1cii si tie\u017e m\u00f4\u017eete vlo\u017ei\u0165 nejak\u00e9 peniaze na \u00fa\u010det aby ste si mohli nesk\u00f4r k\u00fapi\u0165 l\u00edstky ktor\u00e9 chcete. Je to super jednoduch\u00fd proces preto\u017ee sa chceme ubezpe\u010di\u0165 \u017ee ste schopn\u00fd si obstara\u0165 l\u00edstky ktor\u00e9 chcete okam\u017eite. Samozrejme, m\u00f4\u017eete si tie\u017e iba prida\u0165 nejak\u00e9 lot\u00e9riov\u00e9 l\u00edstky do v\u00e1\u0161ho n\u00e1kupn\u00e9ho ko\u0161\u00edka a potom dokon\u010di\u0165 objedn\u00e1vku zaplaten\u00edm za tie l\u00edstky.<\/p>\n<p>\u0160tyri kroky a iba zop\u00e1r min\u00fat a budete pripraven\u00fd a \u010daka\u0165 na losovanie. A ani sa nemus\u00edte ob\u00e1va\u0165 \u017ee by ste nie\u010do preme\u0161kali, preto\u017ee v\u00e1m d\u00e1me okam\u017eite vedie\u0165 ak by ste nie\u010do vyhrali z losovania.<\/p>\n<p>Samozrejme, pr\u00edpade \u017ee sa chcete sami presved\u010di\u0165, v\u017edy sa m\u00f4\u017eete prihl\u00e1si\u0165 na v\u00e1\u0161 \u00fa\u010det kedyko\u013evek chcete a budete m\u00f4c\u0165 vidie\u0165 l\u00edstky ktor\u00e9 ste si zak\u00fapili a pre ak\u00e9 hry.<\/p>\n<h2>Po zak\u00fapen\u00ed vstupeniek online<\/h2>\n<p>Ak ste nie\u010do vyhrali alebo uh\u00e1dli niektor\u00e9 \u010d\u00edsla po losovan\u00ed, uk\u00e1\u017eeme v\u00e1m \u010d\u00edsla ktor\u00e9 ste uh\u00e1dli a d\u00e1me v\u00e1m okam\u017eite vedie\u0165 priamo na str\u00e1nke v\u00e1\u0161ho \u00fa\u010dtu \u010di ste vyhrali. D\u00e1me v\u00e1m tie\u017e vedie\u0165 \u010do potrebujete urobi\u0165 aby ste si mohli n\u00e1rokova\u0165 va\u0161e v\u00fdhry, tak\u017ee sa nemus\u00edte ob\u00e1va\u0165 \u017ee by ste hoci\u010do preme\u0161kali.<\/p>\n<p>Hranie lot\u00e9rie s nami je iba tak\u00e9 jednoduch\u00e9, a bude to omnoho viac z\u00e1bavy ne\u017e hoci\u010do \u010do ste hrali predt\u00fdm, preto\u017ee budete ma\u0165 omnoho viac mo\u017enost\u00ed. To v\u00e1m rozhodne d\u00e1 pr\u00edle\u017eitos\u0165 k\u00fapi\u0165 si lot\u00e9riov\u00e9 l\u00edstky cez internet.<\/p>\n","protected":false},"excerpt":{"rendered":"<p>Ste pripraven\u00fd k\u00fapi\u0165 si lot\u00e9riov\u00e9 l\u00edstky z kadeko\u013evek na svete? Alebo si e\u0161te nieste celkom ist\u00fd \u010di ste pripraven\u00fd. Mo\u017eno si nieste celkom ist\u00fd \u017ee v\u00e1s to bude bavi\u0165. Alebo mo\u017eno neviete ak\u00fd bude cel\u00fd priebeh.<\/p>\n","protected":false},"author":1,"featured_media":0,"parent":0,"menu_order":3,"comment_status":"closed","ping_status":"closed","template":"Information.php","meta":{"_et_pb_use_builder":"","_et_pb_old_content":"","_et_gb_content_width":"","exclude_from_search":false,"footnotes":""},"class_list":["post-10252","page","type-page","status-publish","hentry"],"yoast_head":"<!-- This site is optimized with the Yoast SEO plugin v27.3 - https:\/\/yoast.com\/product\/yoast-seo-wordpress\/ -->\n<title>K\u00fapte lot\u00e9riov\u00e9 l\u00edstky online<\/title>\n<meta name=\"description\" content=\"Kupovanie celosvetov\u00fdch lot\u00e9riov\u00fdch l\u00edstkov je jednoduch\u00e9 a bezpe\u010dn\u00e9 - tu je ako to funguje!\" \/>\n<meta name=\"robots\" content=\"index, follow, max-snippet:-1, max-image-preview:large, max-video-preview:-1\" \/>\n<link rel=\"canonical\" href=\"https:\/\/redfoxlotto.com\/sk\/loterie\/\" \/>\n<meta property=\"og:locale\" content=\"sk_SK\" \/>\n<meta property=\"og:type\" content=\"article\" \/>\n<meta property=\"og:title\" content=\"K\u00fapte lot\u00e9riov\u00e9 l\u00edstky online\" \/>\n<meta property=\"og:description\" content=\"Kupovanie celosvetov\u00fdch lot\u00e9riov\u00fdch l\u00edstkov je jednoduch\u00e9 a bezpe\u010dn\u00e9 - tu je ako to funguje!\" \/>\n<meta property=\"og:url\" content=\"https:\/\/redfoxlotto.com\/sk\/loterie\/\" \/>\n<meta property=\"og:site_name\" content=\"Get Tickets for the World\u2019s largest jackpots\" \/>\n<meta property=\"article:modified_time\" content=\"2025-12-18T10:06:43+00:00\" \/>\n<meta property=\"og:image\" content=\"https:\/\/content.redfoxlotto.com\/uploads\/sites\/9\/1_lottery_ticket.jpg\" \/>\n<meta name=\"twitter:card\" content=\"summary_large_image\" \/>\n<meta name=\"twitter:label1\" content=\"Predpokladan\u00fd \u010das \u010d\u00edtania\" \/>\n\t<meta name=\"twitter:data1\" content=\"4 min\u00faty\" \/>\n<script type=\"application\/ld+json\" class=\"yoast-schema-graph\">{\"@context\":\"https:\\\/\\\/schema.org\",\"@graph\":[{\"@type\":\"WebPage\",\"@id\":\"https:\\\/\\\/redfoxlotto.com\\\/sk\\\/loterie\\\/\",\"url\":\"https:\\\/\\\/redfoxlotto.com\\\/sk\\\/loterie\\\/\",\"name\":\"K\u00fapte lot\u00e9riov\u00e9 l\u00edstky online\",\"isPartOf\":{\"@id\":\"https:\\\/\\\/redfoxlotto.com\\\/sk\\\/#website\"},\"primaryImageOfPage\":{\"@id\":\"https:\\\/\\\/redfoxlotto.com\\\/sk\\\/loterie\\\/#primaryimage\"},\"image\":{\"@id\":\"https:\\\/\\\/redfoxlotto.com\\\/sk\\\/loterie\\\/#primaryimage\"},\"thumbnailUrl\":\"https:\\\/\\\/content.redfoxlotto.com\\\/uploads\\\/sites\\\/9\\\/1_lottery_ticket.jpg\",\"datePublished\":\"2023-04-24T14:12:24+00:00\",\"dateModified\":\"2025-12-18T10:06:43+00:00\",\"description\":\"Kupovanie celosvetov\u00fdch lot\u00e9riov\u00fdch l\u00edstkov je jednoduch\u00e9 a bezpe\u010dn\u00e9 - tu je ako to funguje!\",\"breadcrumb\":{\"@id\":\"https:\\\/\\\/redfoxlotto.com\\\/sk\\\/loterie\\\/#breadcrumb\"},\"inLanguage\":\"sk-SK\",\"potentialAction\":[{\"@type\":\"ReadAction\",\"target\":[\"https:\\\/\\\/redfoxlotto.com\\\/sk\\\/loterie\\\/\"]}]},{\"@type\":\"ImageObject\",\"inLanguage\":\"sk-SK\",\"@id\":\"https:\\\/\\\/redfoxlotto.com\\\/sk\\\/loterie\\\/#primaryimage\",\"url\":\"https:\\\/\\\/content.redfoxlotto.com\\\/uploads\\\/sites\\\/9\\\/1_lottery_ticket.jpg\",\"contentUrl\":\"https:\\\/\\\/content.redfoxlotto.com\\\/uploads\\\/sites\\\/9\\\/1_lottery_ticket.jpg\"},{\"@type\":\"BreadcrumbList\",\"@id\":\"https:\\\/\\\/redfoxlotto.com\\\/sk\\\/loterie\\\/#breadcrumb\",\"itemListElement\":[{\"@type\":\"ListItem\",\"position\":1,\"name\":\"Home\",\"item\":\"https:\\\/\\\/redfoxlotto.com\\\/sk\\\/\"},{\"@type\":\"ListItem\",\"position\":2,\"name\":\"Ako k\u00fapi\u0165 online lot\u00e9riov\u00e9 l\u00edstky &#8211; proces n\u00e1kupu\"}]},{\"@type\":\"WebSite\",\"@id\":\"https:\\\/\\\/redfoxlotto.com\\\/sk\\\/#website\",\"url\":\"https:\\\/\\\/redfoxlotto.com\\\/sk\\\/\",\"name\":\"Get Tickets for the World\u2019s largest jackpots\",\"description\":\"Participate in worldwide lottery jackpots from any country\",\"publisher\":{\"@id\":\"https:\\\/\\\/redfoxlotto.com\\\/sk\\\/#organization\"},\"potentialAction\":[{\"@type\":\"SearchAction\",\"target\":{\"@type\":\"EntryPoint\",\"urlTemplate\":\"https:\\\/\\\/redfoxlotto.com\\\/sk\\\/?s={search_term_string}\"},\"query-input\":{\"@type\":\"PropertyValueSpecification\",\"valueRequired\":true,\"valueName\":\"search_term_string\"}}],\"inLanguage\":\"sk-SK\"},{\"@type\":\"Organization\",\"@id\":\"https:\\\/\\\/redfoxlotto.com\\\/sk\\\/#organization\",\"name\":\"Get Tickets for the World\u2019s largest jackpots\",\"url\":\"https:\\\/\\\/redfoxlotto.com\\\/sk\\\/\",\"logo\":{\"@type\":\"ImageObject\",\"inLanguage\":\"sk-SK\",\"@id\":\"https:\\\/\\\/redfoxlotto.com\\\/sk\\\/#\\\/schema\\\/logo\\\/image\\\/\",\"url\":\"https:\\\/\\\/redfoxlotto.com\\\/wp-content\\\/uploads\\\/2023\\\/04\\\/logo.png\",\"contentUrl\":\"https:\\\/\\\/redfoxlotto.com\\\/wp-content\\\/uploads\\\/2023\\\/04\\\/logo.png\",\"width\":269,\"height\":53,\"caption\":\"Get Tickets for the World\u2019s largest jackpots\"},\"image\":{\"@id\":\"https:\\\/\\\/redfoxlotto.com\\\/sk\\\/#\\\/schema\\\/logo\\\/image\\\/\"}}]}<\/script>\n<!-- \/ Yoast SEO plugin. -->","yoast_head_json":{"title":"K\u00fapte lot\u00e9riov\u00e9 l\u00edstky online","description":"Kupovanie celosvetov\u00fdch lot\u00e9riov\u00fdch l\u00edstkov je jednoduch\u00e9 a bezpe\u010dn\u00e9 - tu je ako to funguje!","robots":{"index":"index","follow":"follow","max-snippet":"max-snippet:-1","max-image-preview":"max-image-preview:large","max-video-preview":"max-video-preview:-1"},"canonical":"https:\/\/redfoxlotto.com\/sk\/loterie\/","og_locale":"sk_SK","og_type":"article","og_title":"K\u00fapte lot\u00e9riov\u00e9 l\u00edstky online","og_description":"Kupovanie celosvetov\u00fdch lot\u00e9riov\u00fdch l\u00edstkov je jednoduch\u00e9 a bezpe\u010dn\u00e9 - tu je ako to funguje!","og_url":"https:\/\/redfoxlotto.com\/sk\/loterie\/","og_site_name":"Get Tickets for the World\u2019s largest jackpots","article_modified_time":"2025-12-18T10:06:43+00:00","og_image":[{"url":"https:\/\/content.redfoxlotto.com\/uploads\/sites\/9\/1_lottery_ticket.jpg","type":"","width":"","height":""}],"twitter_card":"summary_large_image","twitter_misc":{"Predpokladan\u00fd \u010das \u010d\u00edtania":"4 min\u00faty"},"schema":{"@context":"https:\/\/schema.org","@graph":[{"@type":"WebPage","@id":"https:\/\/redfoxlotto.com\/sk\/loterie\/","url":"https:\/\/redfoxlotto.com\/sk\/loterie\/","name":"K\u00fapte lot\u00e9riov\u00e9 l\u00edstky online","isPartOf":{"@id":"https:\/\/redfoxlotto.com\/sk\/#website"},"primaryImageOfPage":{"@id":"https:\/\/redfoxlotto.com\/sk\/loterie\/#primaryimage"},"image":{"@id":"https:\/\/redfoxlotto.com\/sk\/loterie\/#primaryimage"},"thumbnailUrl":"https:\/\/content.redfoxlotto.com\/uploads\/sites\/9\/1_lottery_ticket.jpg","datePublished":"2023-04-24T14:12:24+00:00","dateModified":"2025-12-18T10:06:43+00:00","description":"Kupovanie celosvetov\u00fdch lot\u00e9riov\u00fdch l\u00edstkov je jednoduch\u00e9 a bezpe\u010dn\u00e9 - tu je ako to funguje!","breadcrumb":{"@id":"https:\/\/redfoxlotto.com\/sk\/loterie\/#breadcrumb"},"inLanguage":"sk-SK","potentialAction":[{"@type":"ReadAction","target":["https:\/\/redfoxlotto.com\/sk\/loterie\/"]}]},{"@type":"ImageObject","inLanguage":"sk-SK","@id":"https:\/\/redfoxlotto.com\/sk\/loterie\/#primaryimage","url":"https:\/\/content.redfoxlotto.com\/uploads\/sites\/9\/1_lottery_ticket.jpg","contentUrl":"https:\/\/content.redfoxlotto.com\/uploads\/sites\/9\/1_lottery_ticket.jpg"},{"@type":"BreadcrumbList","@id":"https:\/\/redfoxlotto.com\/sk\/loterie\/#breadcrumb","itemListElement":[{"@type":"ListItem","position":1,"name":"Home","item":"https:\/\/redfoxlotto.com\/sk\/"},{"@type":"ListItem","position":2,"name":"Ako k\u00fapi\u0165 online lot\u00e9riov\u00e9 l\u00edstky &#8211; proces n\u00e1kupu"}]},{"@type":"WebSite","@id":"https:\/\/redfoxlotto.com\/sk\/#website","url":"https:\/\/redfoxlotto.com\/sk\/","name":"Get Tickets for the World\u2019s largest jackpots","description":"Participate in worldwide lottery jackpots from any country","publisher":{"@id":"https:\/\/redfoxlotto.com\/sk\/#organization"},"potentialAction":[{"@type":"SearchAction","target":{"@type":"EntryPoint","urlTemplate":"https:\/\/redfoxlotto.com\/sk\/?s={search_term_string}"},"query-input":{"@type":"PropertyValueSpecification","valueRequired":true,"valueName":"search_term_string"}}],"inLanguage":"sk-SK"},{"@type":"Organization","@id":"https:\/\/redfoxlotto.com\/sk\/#organization","name":"Get Tickets for the World\u2019s largest jackpots","url":"https:\/\/redfoxlotto.com\/sk\/","logo":{"@type":"ImageObject","inLanguage":"sk-SK","@id":"https:\/\/redfoxlotto.com\/sk\/#\/schema\/logo\/image\/","url":"https:\/\/redfoxlotto.com\/wp-content\/uploads\/2023\/04\/logo.png","contentUrl":"https:\/\/redfoxlotto.com\/wp-content\/uploads\/2023\/04\/logo.png","width":269,"height":53,"caption":"Get Tickets for the World\u2019s largest jackpots"},"image":{"@id":"https:\/\/redfoxlotto.com\/sk\/#\/schema\/logo\/image\/"}}]}},"_links":{"self":[{"href":"https:\/\/redfoxlotto.com\/sk\/wp-json\/wp\/v2\/pages\/10252","targetHints":{"allow":["GET"]}}],"collection":[{"href":"https:\/\/redfoxlotto.com\/sk\/wp-json\/wp\/v2\/pages"}],"about":[{"href":"https:\/\/redfoxlotto.com\/sk\/wp-json\/wp\/v2\/types\/page"}],"author":[{"embeddable":true,"href":"https:\/\/redfoxlotto.com\/sk\/wp-json\/wp\/v2\/users\/1"}],"replies":[{"embeddable":true,"href":"https:\/\/redfoxlotto.com\/sk\/wp-json\/wp\/v2\/comments?post=10252"}],"version-history":[{"count":0,"href":"https:\/\/redfoxlotto.com\/sk\/wp-json\/wp\/v2\/pages\/10252\/revisions"}],"wp:attachment":[{"href":"https:\/\/redfoxlotto.com\/sk\/wp-json\/wp\/v2\/media?parent=10252"}],"curies":[{"name":"wp","href":"https:\/\/api.w.org\/{rel}","templated":true}]}}