{"id":102306,"date":"2025-02-12T11:20:21","date_gmt":"2025-02-12T11:20:21","guid":{"rendered":"https:\/\/redfoxlotto.com\/?page_id=102306"},"modified":"2026-01-12T09:44:46","modified_gmt":"2026-01-12T09:44:46","slug":"sance-na-vyhru-v-keno","status":"publish","type":"page","link":"https:\/\/redfoxlotto.com\/sk\/keno\/sance-na-vyhru-v-keno\/","title":{"rendered":"V\u00fdhern\u00e9 \u010d\u00edsla Gold Keno"},"content":{"rendered":"<h2>V Gold Keno na v\u00e1s \u010dak\u00e1 jackpot vo v\u00fd\u0161ke 2 mili\u00f3ny eur.<\/h2>\n<p><img loading=\"lazy\" decoding=\"async\" class=\"size-medium wp-image-93652 alignright\" src=\"https:\/\/redfoxlotto.com\/wp-content\/uploads\/2025\/09\/gold-keno-win-2-300x300.jpg\" alt=\"gold keno\" width=\"300\" height=\"300\" \/><br \/>\nGold Keno je online lot\u00e9riov\u00e1 hra, ktor\u00e1 je naozaj z\u00e1bavn\u00e1. Ka\u017ed\u00fd, kto hr\u00e1 hry, m\u00f4\u017ee vyhra\u0165 \u00fa\u017easn\u00fa hlavn\u00fa cenu vo v\u00fd\u0161ke 2 mili\u00f3ny eur. Je \u013eahk\u00e9 pochopi\u0165, pre\u010do je Gold Keno tak popul\u00e1rne: ka\u017ed\u00e9 \u017erebovanie v\u00e1m d\u00e1va re\u00e1lnu \u0161ancu vyhra\u0165 ve\u013ea pe\u0148az\u00ed, ktor\u00e9 m\u00f4\u017eu zmeni\u0165 v\u00e1\u0161 \u017eivot k lep\u0161iemu. Z\u00e1bava tejto hry spo\u010d\u00edva v tom, \u017ee m\u00e1 r\u00fdchle \u017erebovania, fair play a \u0161ancu vyhra\u0165 jackpot vo v\u00fd\u0161ke dvoch mili\u00f3nov eur. Plat\u00ed to bez oh\u013eadu na to, \u010di hr\u00e1te pre z\u00e1bavu alebo chcete zarobi\u0165 ve\u013ea pe\u0148az\u00ed.<\/p>\n<h2>Sprievodca pravdepodobnos\u0165ou v\u00fdhry v Gold Keno<\/h2>\n<p>V Gold Keno sa n\u00e1hodne vyberie 20 \u010d\u00edsel z osemdesiatich. Hr\u00e1\u010di si vyberaj\u00fa svoje vlastn\u00e9 \u010d\u00edsla a v\u00fd\u0161ka v\u00fdhry z\u00e1vis\u00ed od toho, ko\u013ekokr\u00e1t sa ich v\u00fdber zhoduje s \u017erebovan\u00edm. Pridan\u00edm multiplik\u00e1tora sa zvy\u0161uje mo\u017en\u00e1 v\u00fdplata. To znamen\u00e1, \u017ee tikety, ktor\u00e9 stoja viac, vyhr\u00e1vaj\u00fa v\u00e4\u010d\u0161ie v\u00fdhry.<\/p>\n<p>Ke\u010f m\u00e1te viac mo\u017enost\u00ed, m\u00e1te v\u00e4\u010d\u0161iu \u0161ancu na vy\u0161\u0161iu v\u00fdplatu, ale ke\u010f m\u00e1te menej mo\u017enost\u00ed, m\u00e1te v\u00e4\u010d\u0161iu \u0161ancu na ni\u017e\u0161iu v\u00fdplatu. \u0160ance na v\u00fdhru v keno s\u00fa zalo\u017een\u00e9 na tejto rovnov\u00e1he: viac v\u00fdberov znamen\u00e1 v\u00e4\u010d\u0161ie v\u00fdhry, ale \u0165a\u017e\u0161ie \u0161ance, zatia\u013e \u010do menej v\u00fdberov zjednodu\u0161uje v\u00fdhru. Ak pou\u017eijete multiplik\u00e1tor, m\u00f4\u017eete vyhra\u0165 hlavn\u00fa v\u00fdhru vo v\u00fd\u0161ke dvoch mili\u00f3nov eur.<\/p>\n<h2>K\u013e\u00fa\u010dom k v\u00e4\u010d\u0161ej v\u00fdhre je pou\u017eitie multiplik\u00e1torov.<\/h2>\n<p>V\u010faka funkcii multiplik\u00e1tora m\u00f4\u017eete vyhra\u0165 hlavn\u00fa odmenu 2 mili\u00f3ny eur v Gold Keno. Napr\u00edklad:<\/p>\n<p>Ak je najvy\u0161\u0161\u00ed multiplik\u00e1tor nastaven\u00fd na 5x, tiket s multiplik\u00e1torom 1x v\u00e1m prinesie 20 % z najvy\u0161\u0161ej v\u00fdhry. Ak hr\u00e1\u010di st\u00e1vkuj\u00fa s najvy\u0161\u0161\u00edm multiplik\u00e1torom, m\u00f4\u017eu z\u00edska\u0165 \u00fapln\u00fd pr\u00edstup k v\u00fdhern\u00e9mu fondu, ktor\u00fd m\u00e1 hodnotu viac ako 2 mili\u00f3ny eur.<\/p>\n<p>T\u00e1to technika pon\u00faka \u010fal\u0161\u00ed sp\u00f4sob, ako m\u00f4\u017eu hr\u00e1\u010di zmeni\u0165 \u0161ance na v\u00fdhru v keno. Poskytuje spravodliv\u00fd sp\u00f4sob hry ako opatrn\u00fdm hr\u00e1\u010dom, tak aj t\u00fdm, ktor\u00ed radi riskuj\u00fa.<\/p>\n<h2>Na transakcie sa pou\u017e\u00edvaj\u00fa hotovos\u0165 a vklady.<\/h2>\n<p>Ak chcete hra\u0165 Gold Keno, mus\u00edte vlo\u017ei\u0165 peniaze na svoj \u00fa\u010det a k\u00fapi\u0165 si tikety online. Transakcie s\u00fa r\u00fdchle, bezpe\u010dn\u00e9 a jednoduch\u00e9 na pochopenie, tak\u017ee sa m\u00f4\u017eete zapoji\u0165 do ak\u00e9hoko\u013evek \u017erebovania hne\u010f teraz.<\/p>\n<h2>Prebieha ve\u013ea \u017erebovan\u00ed Gold Keno<\/h2>\n<p>Na hranie Gold Keno nemus\u00edte \u010daka\u0165 tak ako pri in\u00fdch lot\u00e9ri\u00e1ch. Ka\u017ed\u00fdch p\u00e1r min\u00fat prebiehaj\u00fa nov\u00e9 \u017erebovania, \u010do rob\u00ed s\u00fa\u0165a\u017e o hlavn\u00fa v\u00fdhru 2 mili\u00f3ny eur z\u00e1bavn\u00fdm a nekone\u010dn\u00fdm dobrodru\u017estvom. Vzh\u013eadom na to, \u017ee je to\u013eko \u017erebovan\u00ed, \u0161ance na v\u00fdhru v keno sa testuj\u00fa znova a znova, \u010do udr\u017euje hru z\u00e1bavnou.<\/p>\n<h2>Gener\u00e1tor n\u00e1hodn\u00fdch \u010d\u00edsel (RNG) pre spravodliv\u00fa hru<\/h2>\n<p>Aby sme zaistili, \u017ee ka\u017ed\u00e9 \u017erebovanie Gold Keno je spravodliv\u00e9, pou\u017e\u00edvame overen\u00fd gener\u00e1tor n\u00e1hodn\u00fdch \u010d\u00edsel (RNG). Ke\u010f\u017ee ka\u017ed\u00fd v\u00fdsledok je \u00faplne n\u00e1hodn\u00fd, \u0161anca na v\u00fdhru ceny 2 mili\u00f3ny eur nie je zalo\u017een\u00e1 na odhadoch, ale na n\u00e1hode. T\u00fdm je zaisten\u00e9, \u017ee ka\u017ed\u00fd m\u00e1 rovnak\u00fa \u0161ancu na v\u00fdhru v keno.<\/p>\n<h2>Kontrola v\u00fdhier a ich prevzatie<\/h2>\n<p>Hr\u00e1\u010di m\u00f4\u017eu v\u00fdsledky vidie\u0165 ihne\u010f v sekcii \u201eMoje tikety\u201c. Men\u0161ie v\u00fdhry sa okam\u017eite prip\u00ed\u0161u na v\u00e1\u0161 \u00fa\u010det a v\u00e4\u010d\u0161ie v\u00fdhry, ktor\u00e9 m\u00f4\u017eu dosiahnu\u0165 a\u017e 2 500 \u20ac, sa takisto preved\u00fa ihne\u010f. Poistenie garantuje hlavn\u00fa v\u00fdhru 2 mili\u00f3ny \u20ac a \u010fal\u0161ie ve\u013ek\u00e9 v\u00fdhry a vl\u00e1da kontroluje, \u010di s\u00fa vyplaten\u00e9.<\/p>\n<h2>V\u0161etci v\u00fdhercovia maj\u00fa pr\u00e1vo na vr\u00e1tenie pe\u0148az\u00ed<\/h2>\n<p>Na rozdiel od v\u00e4\u010d\u0161iny lot\u00e9ri\u00ed, Gold Keno vypl\u00e1ca v\u00fdhry bez oh\u013eadu na to, ko\u013eko tiketov sa pred\u00e1. Hra je nielen bezpe\u010dn\u00e1, ale aj ziskov\u00e1, preto\u017ee v\u0161etky v\u00fdhry, vr\u00e1tane loterijn\u00e9ho jackpotu vo v\u00fd\u0161ke 2 mili\u00f3ny eur, s\u00fa \u00faplne bezpe\u010dn\u00e9.<\/p>\n<h2>Papierov\u00e9 tikety neexistuj\u00fa, preto\u017ee v\u0161etko sa vykon\u00e1va online.<\/h2>\n<p>Papierov\u00e9 tikety nebudete potrebova\u0165, preto\u017ee Gold Keno je \u00faplne digit\u00e1lne. Tento syst\u00e9m sleduje v\u0161etky podania, aby sa ni\u010d nemohlo strati\u0165 alebo ukradn\u00fa\u0165.<\/p>\n<h2>Z\u00e1vere\u010dn\u00e9 my\u0161lienky: \u010co odli\u0161uje Gold Keno od in\u00fdch hier Keno<\/h2>\n<p>Gold Keno je st\u00e1le jednou z najvzru\u0161uj\u00facej\u0161\u00edch online lot\u00e9riov\u00fdch hier, preto\u017ee m\u00e1 \u017erebovania ka\u017ed\u00fdch p\u00e1r min\u00fat, spravodliv\u00e9 v\u00fdstupy gener\u00e1tora n\u00e1hodn\u00fdch \u010d\u00edsel, garantovan\u00e9 odmeny a \u0161ancu vyhra\u0165 jackpot vo v\u00fd\u0161ke 2 mili\u00f3ny eur. Pre \u013eud\u00ed, ktor\u00ed prem\u00fd\u0161\u013eaj\u00fa o \u0161anci na v\u00fdhru v keno, je t\u00e1to hra vzru\u0161uj\u00faca a z\u00e1rove\u0148 upokojuj\u00faca, preto\u017ee ka\u017ed\u00fd tiket m\u00f4\u017ee zmeni\u0165 priebeh hry pre hr\u00e1\u010dov s ve\u013ek\u00fdmi cie\u013emi.<\/p>\n","protected":false},"excerpt":{"rendered":"<p>V Gold Keno na v\u00e1s \u010dak\u00e1 jackpot vo v\u00fd\u0161ke 2 mili\u00f3ny eur. Gold Keno je online lot\u00e9riov\u00e1 hra, ktor\u00e1 je naozaj z\u00e1bavn\u00e1. Ka\u017ed\u00fd, kto hr\u00e1 hry, m\u00f4\u017ee vyhra\u0165 \u00fa\u017easn\u00fa hlavn\u00fa cenu vo v\u00fd\u0161ke 2 mili\u00f3ny eur. Je \u013eahk\u00e9 pochopi\u0165, pre\u010do je Gold Keno tak popul\u00e1rne: ka\u017ed\u00e9 \u017erebovanie v\u00e1m d\u00e1va re\u00e1lnu \u0161ancu vyhra\u0165 ve\u013ea pe\u0148az\u00ed, ktor\u00e9 [&hellip;]<\/p>\n","protected":false},"author":8,"featured_media":0,"parent":84437,"menu_order":42,"comment_status":"closed","ping_status":"closed","template":"","meta":{"_et_pb_use_builder":"","_et_pb_old_content":"","_et_gb_content_width":"","exclude_from_search":false,"footnotes":""},"class_list":["post-102306","page","type-page","status-publish","hentry"],"yoast_head":"<!-- This site is optimized with the Yoast SEO plugin v23.8 - https:\/\/yoast.com\/wordpress\/plugins\/seo\/ -->\n<title>\u0160ance na v\u00fdhru v Keno | Na\u0161e hry Keno maj\u00fa skvel\u00e9 \u0161ance a ceny<\/title>\n<meta name=\"description\" content=\"Ke\u010f hr\u00e1te Keno online, pozrite sa na \u0161ance hier, ktor\u00e9 n\u00e1jdete. Na\u0161e Gold Keno m\u00e1 najvy\u0161\u0161iu v\u00fdplatu 2 mili\u00f3ny eur v kombin\u00e1cii s najlep\u0161\u00edmi \u0161ancami, ak\u00e9 n\u00e1jdete online.\" \/>\n<meta name=\"robots\" content=\"index, follow, max-snippet:-1, max-image-preview:large, max-video-preview:-1\" \/>\n<link rel=\"canonical\" href=\"https:\/\/redfoxlotto.com\/sk\/keno\/sance-na-vyhru-v-keno\/\" \/>\n<meta property=\"og:locale\" content=\"sk_SK\" \/>\n<meta property=\"og:type\" content=\"article\" \/>\n<meta property=\"og:title\" content=\"\u0160ance na v\u00fdhru v Keno | Na\u0161e hry Keno maj\u00fa skvel\u00e9 \u0161ance a ceny\" \/>\n<meta property=\"og:description\" content=\"Ke\u010f hr\u00e1te Keno online, pozrite sa na \u0161ance hier, ktor\u00e9 n\u00e1jdete. Na\u0161e Gold Keno m\u00e1 najvy\u0161\u0161iu v\u00fdplatu 2 mili\u00f3ny eur v kombin\u00e1cii s najlep\u0161\u00edmi \u0161ancami, ak\u00e9 n\u00e1jdete online.\" \/>\n<meta property=\"og:url\" content=\"https:\/\/redfoxlotto.com\/sk\/keno\/sance-na-vyhru-v-keno\/\" \/>\n<meta property=\"og:site_name\" content=\"Get Tickets for the World\u2019s largest jackpots\" \/>\n<meta property=\"article:modified_time\" content=\"2026-01-12T09:44:46+00:00\" \/>\n<meta property=\"og:image\" content=\"https:\/\/redfoxlotto.com\/wp-content\/uploads\/2025\/09\/gold-keno-win-2-300x300.jpg\" \/>\n<meta name=\"twitter:card\" content=\"summary_large_image\" \/>\n<meta name=\"twitter:label1\" content=\"Predpokladan\u00fd \u010das \u010d\u00edtania\" \/>\n\t<meta name=\"twitter:data1\" content=\"4 min\u00faty\" \/>\n<script type=\"application\/ld+json\" class=\"yoast-schema-graph\">{\"@context\":\"https:\/\/schema.org\",\"@graph\":[{\"@type\":\"WebPage\",\"@id\":\"https:\/\/redfoxlotto.com\/sk\/keno\/sance-na-vyhru-v-keno\/\",\"url\":\"https:\/\/redfoxlotto.com\/sk\/keno\/sance-na-vyhru-v-keno\/\",\"name\":\"\u0160ance na v\u00fdhru v Keno | Na\u0161e hry Keno maj\u00fa skvel\u00e9 \u0161ance a ceny\",\"isPartOf\":{\"@id\":\"https:\/\/redfoxlotto.com\/sk\/#website\"},\"primaryImageOfPage\":{\"@id\":\"https:\/\/redfoxlotto.com\/sk\/keno\/sance-na-vyhru-v-keno\/#primaryimage\"},\"image\":{\"@id\":\"https:\/\/redfoxlotto.com\/sk\/keno\/sance-na-vyhru-v-keno\/#primaryimage\"},\"thumbnailUrl\":\"https:\/\/redfoxlotto.com\/wp-content\/uploads\/2025\/09\/gold-keno-win-2-300x300.jpg\",\"datePublished\":\"2025-02-12T11:20:21+00:00\",\"dateModified\":\"2026-01-12T09:44:46+00:00\",\"description\":\"Ke\u010f hr\u00e1te Keno online, pozrite sa na \u0161ance hier, ktor\u00e9 n\u00e1jdete. Na\u0161e Gold Keno m\u00e1 najvy\u0161\u0161iu v\u00fdplatu 2 mili\u00f3ny eur v kombin\u00e1cii s najlep\u0161\u00edmi \u0161ancami, ak\u00e9 n\u00e1jdete online.\",\"breadcrumb\":{\"@id\":\"https:\/\/redfoxlotto.com\/sk\/keno\/sance-na-vyhru-v-keno\/#breadcrumb\"},\"inLanguage\":\"sk-SK\",\"potentialAction\":[{\"@type\":\"ReadAction\",\"target\":[\"https:\/\/redfoxlotto.com\/sk\/keno\/sance-na-vyhru-v-keno\/\"]}]},{\"@type\":\"ImageObject\",\"inLanguage\":\"sk-SK\",\"@id\":\"https:\/\/redfoxlotto.com\/sk\/keno\/sance-na-vyhru-v-keno\/#primaryimage\",\"url\":\"https:\/\/redfoxlotto.com\/wp-content\/uploads\/2025\/09\/gold-keno-win-2-300x300.jpg\",\"contentUrl\":\"https:\/\/redfoxlotto.com\/wp-content\/uploads\/2025\/09\/gold-keno-win-2-300x300.jpg\"},{\"@type\":\"BreadcrumbList\",\"@id\":\"https:\/\/redfoxlotto.com\/sk\/keno\/sance-na-vyhru-v-keno\/#breadcrumb\",\"itemListElement\":[{\"@type\":\"ListItem\",\"position\":1,\"name\":\"Home\",\"item\":\"https:\/\/redfoxlotto.com\/sk\/\"},{\"@type\":\"ListItem\",\"position\":2,\"name\":\"Keno\",\"item\":\"https:\/\/redfoxlotto.com\/sk\/keno\/\"},{\"@type\":\"ListItem\",\"position\":3,\"name\":\"V\u00fdhern\u00e9 \u010d\u00edsla Gold Keno\"}]},{\"@type\":\"WebSite\",\"@id\":\"https:\/\/redfoxlotto.com\/sk\/#website\",\"url\":\"https:\/\/redfoxlotto.com\/sk\/\",\"name\":\"Get Tickets for the World\u2019s largest jackpots\",\"description\":\"Participate in worldwide lottery jackpots from any country\",\"publisher\":{\"@id\":\"https:\/\/redfoxlotto.com\/sk\/#organization\"},\"potentialAction\":[{\"@type\":\"SearchAction\",\"target\":{\"@type\":\"EntryPoint\",\"urlTemplate\":\"https:\/\/redfoxlotto.com\/sk\/?s={search_term_string}\"},\"query-input\":{\"@type\":\"PropertyValueSpecification\",\"valueRequired\":true,\"valueName\":\"search_term_string\"}}],\"inLanguage\":\"sk-SK\"},{\"@type\":\"Organization\",\"@id\":\"https:\/\/redfoxlotto.com\/sk\/#organization\",\"name\":\"Get Tickets for the World\u2019s largest jackpots\",\"url\":\"https:\/\/redfoxlotto.com\/sk\/\",\"logo\":{\"@type\":\"ImageObject\",\"inLanguage\":\"sk-SK\",\"@id\":\"https:\/\/redfoxlotto.com\/sk\/#\/schema\/logo\/image\/\",\"url\":\"https:\/\/redfoxlotto.com\/wp-content\/uploads\/2023\/04\/logo.png\",\"contentUrl\":\"https:\/\/redfoxlotto.com\/wp-content\/uploads\/2023\/04\/logo.png\",\"width\":269,\"height\":53,\"caption\":\"Get Tickets for the World\u2019s largest jackpots\"},\"image\":{\"@id\":\"https:\/\/redfoxlotto.com\/sk\/#\/schema\/logo\/image\/\"}}]}<\/script>\n<!-- \/ Yoast SEO plugin. -->","yoast_head_json":{"title":"\u0160ance na v\u00fdhru v Keno | Na\u0161e hry Keno maj\u00fa skvel\u00e9 \u0161ance a ceny","description":"Ke\u010f hr\u00e1te Keno online, pozrite sa na \u0161ance hier, ktor\u00e9 n\u00e1jdete. Na\u0161e Gold Keno m\u00e1 najvy\u0161\u0161iu v\u00fdplatu 2 mili\u00f3ny eur v kombin\u00e1cii s najlep\u0161\u00edmi \u0161ancami, ak\u00e9 n\u00e1jdete online.","robots":{"index":"index","follow":"follow","max-snippet":"max-snippet:-1","max-image-preview":"max-image-preview:large","max-video-preview":"max-video-preview:-1"},"canonical":"https:\/\/redfoxlotto.com\/sk\/keno\/sance-na-vyhru-v-keno\/","og_locale":"sk_SK","og_type":"article","og_title":"\u0160ance na v\u00fdhru v Keno | Na\u0161e hry Keno maj\u00fa skvel\u00e9 \u0161ance a ceny","og_description":"Ke\u010f hr\u00e1te Keno online, pozrite sa na \u0161ance hier, ktor\u00e9 n\u00e1jdete. Na\u0161e Gold Keno m\u00e1 najvy\u0161\u0161iu v\u00fdplatu 2 mili\u00f3ny eur v kombin\u00e1cii s najlep\u0161\u00edmi \u0161ancami, ak\u00e9 n\u00e1jdete online.","og_url":"https:\/\/redfoxlotto.com\/sk\/keno\/sance-na-vyhru-v-keno\/","og_site_name":"Get Tickets for the World\u2019s largest jackpots","article_modified_time":"2026-01-12T09:44:46+00:00","og_image":[{"url":"https:\/\/redfoxlotto.com\/wp-content\/uploads\/2025\/09\/gold-keno-win-2-300x300.jpg"}],"twitter_card":"summary_large_image","twitter_misc":{"Predpokladan\u00fd \u010das \u010d\u00edtania":"4 min\u00faty"},"schema":{"@context":"https:\/\/schema.org","@graph":[{"@type":"WebPage","@id":"https:\/\/redfoxlotto.com\/sk\/keno\/sance-na-vyhru-v-keno\/","url":"https:\/\/redfoxlotto.com\/sk\/keno\/sance-na-vyhru-v-keno\/","name":"\u0160ance na v\u00fdhru v Keno | Na\u0161e hry Keno maj\u00fa skvel\u00e9 \u0161ance a ceny","isPartOf":{"@id":"https:\/\/redfoxlotto.com\/sk\/#website"},"primaryImageOfPage":{"@id":"https:\/\/redfoxlotto.com\/sk\/keno\/sance-na-vyhru-v-keno\/#primaryimage"},"image":{"@id":"https:\/\/redfoxlotto.com\/sk\/keno\/sance-na-vyhru-v-keno\/#primaryimage"},"thumbnailUrl":"https:\/\/redfoxlotto.com\/wp-content\/uploads\/2025\/09\/gold-keno-win-2-300x300.jpg","datePublished":"2025-02-12T11:20:21+00:00","dateModified":"2026-01-12T09:44:46+00:00","description":"Ke\u010f hr\u00e1te Keno online, pozrite sa na \u0161ance hier, ktor\u00e9 n\u00e1jdete. Na\u0161e Gold Keno m\u00e1 najvy\u0161\u0161iu v\u00fdplatu 2 mili\u00f3ny eur v kombin\u00e1cii s najlep\u0161\u00edmi \u0161ancami, ak\u00e9 n\u00e1jdete online.","breadcrumb":{"@id":"https:\/\/redfoxlotto.com\/sk\/keno\/sance-na-vyhru-v-keno\/#breadcrumb"},"inLanguage":"sk-SK","potentialAction":[{"@type":"ReadAction","target":["https:\/\/redfoxlotto.com\/sk\/keno\/sance-na-vyhru-v-keno\/"]}]},{"@type":"ImageObject","inLanguage":"sk-SK","@id":"https:\/\/redfoxlotto.com\/sk\/keno\/sance-na-vyhru-v-keno\/#primaryimage","url":"https:\/\/redfoxlotto.com\/wp-content\/uploads\/2025\/09\/gold-keno-win-2-300x300.jpg","contentUrl":"https:\/\/redfoxlotto.com\/wp-content\/uploads\/2025\/09\/gold-keno-win-2-300x300.jpg"},{"@type":"BreadcrumbList","@id":"https:\/\/redfoxlotto.com\/sk\/keno\/sance-na-vyhru-v-keno\/#breadcrumb","itemListElement":[{"@type":"ListItem","position":1,"name":"Home","item":"https:\/\/redfoxlotto.com\/sk\/"},{"@type":"ListItem","position":2,"name":"Keno","item":"https:\/\/redfoxlotto.com\/sk\/keno\/"},{"@type":"ListItem","position":3,"name":"V\u00fdhern\u00e9 \u010d\u00edsla Gold Keno"}]},{"@type":"WebSite","@id":"https:\/\/redfoxlotto.com\/sk\/#website","url":"https:\/\/redfoxlotto.com\/sk\/","name":"Get Tickets for the World\u2019s largest jackpots","description":"Participate in worldwide lottery jackpots from any country","publisher":{"@id":"https:\/\/redfoxlotto.com\/sk\/#organization"},"potentialAction":[{"@type":"SearchAction","target":{"@type":"EntryPoint","urlTemplate":"https:\/\/redfoxlotto.com\/sk\/?s={search_term_string}"},"query-input":{"@type":"PropertyValueSpecification","valueRequired":true,"valueName":"search_term_string"}}],"inLanguage":"sk-SK"},{"@type":"Organization","@id":"https:\/\/redfoxlotto.com\/sk\/#organization","name":"Get Tickets for the World\u2019s largest jackpots","url":"https:\/\/redfoxlotto.com\/sk\/","logo":{"@type":"ImageObject","inLanguage":"sk-SK","@id":"https:\/\/redfoxlotto.com\/sk\/#\/schema\/logo\/image\/","url":"https:\/\/redfoxlotto.com\/wp-content\/uploads\/2023\/04\/logo.png","contentUrl":"https:\/\/redfoxlotto.com\/wp-content\/uploads\/2023\/04\/logo.png","width":269,"height":53,"caption":"Get Tickets for the World\u2019s largest jackpots"},"image":{"@id":"https:\/\/redfoxlotto.com\/sk\/#\/schema\/logo\/image\/"}}]}},"_links":{"self":[{"href":"https:\/\/redfoxlotto.com\/sk\/wp-json\/wp\/v2\/pages\/102306","targetHints":{"allow":["GET"]}}],"collection":[{"href":"https:\/\/redfoxlotto.com\/sk\/wp-json\/wp\/v2\/pages"}],"about":[{"href":"https:\/\/redfoxlotto.com\/sk\/wp-json\/wp\/v2\/types\/page"}],"author":[{"embeddable":true,"href":"https:\/\/redfoxlotto.com\/sk\/wp-json\/wp\/v2\/users\/8"}],"replies":[{"embeddable":true,"href":"https:\/\/redfoxlotto.com\/sk\/wp-json\/wp\/v2\/comments?post=102306"}],"version-history":[{"count":0,"href":"https:\/\/redfoxlotto.com\/sk\/wp-json\/wp\/v2\/pages\/102306\/revisions"}],"up":[{"embeddable":true,"href":"https:\/\/redfoxlotto.com\/sk\/wp-json\/wp\/v2\/pages\/84437"}],"wp:attachment":[{"href":"https:\/\/redfoxlotto.com\/sk\/wp-json\/wp\/v2\/media?parent=102306"}],"curies":[{"name":"wp","href":"https:\/\/api.w.org\/{rel}","templated":true}]}}