{"id":102006,"date":"2025-05-22T08:53:38","date_gmt":"2025-05-22T08:53:38","guid":{"rendered":"https:\/\/redfoxlotto.com\/?page_id=102006"},"modified":"2026-01-09T10:21:24","modified_gmt":"2026-01-09T10:21:24","slug":"vyherne-cisla-platinum-keno","status":"publish","type":"page","link":"https:\/\/redfoxlotto.com\/sk\/keno\/vyherne-cisla-platinum-keno\/","title":{"rendered":"V\u00fdhern\u00e9 \u010d\u00edsla Platinum Keno"},"content":{"rendered":"<h2>Ako sa vyberaj\u00fa kurzy a kde n\u00e1js\u0165 v\u00fdsledky v Platinum Keno<\/h2>\n<p><img loading=\"lazy\" decoding=\"async\" class=\"size-medium wp-image-83635 alignright\" src=\"https:\/\/redfoxlotto.com\/wp-content\/uploads\/2025\/03\/keno_card-300x300.jpg\" alt=\"platnum keno\" width=\"300\" height=\"300\" srcset=\"https:\/\/redfoxlotto.com\/wp-content\/uploads\/2025\/03\/keno_card-300x300.jpg 300w, https:\/\/redfoxlotto.com\/wp-content\/uploads\/2025\/03\/keno_card-150x150.jpg 150w, https:\/\/redfoxlotto.com\/wp-content\/uploads\/2025\/03\/keno_card-100x100.jpg 100w, https:\/\/redfoxlotto.com\/wp-content\/uploads\/2025\/03\/keno_card.jpg 307w\" sizes=\"auto, (max-width: 300px) 100vw, 300px\" \/><br \/>\nPlatinum Keno sa \u010doskoro stane jednou z najpopul\u00e1rnej\u0161\u00edch lot\u00e9riov\u00fdch hier. V\u010faka r\u00fdchlym \u017erebovaniam, jasn\u00fdm pravidl\u00e1m a jednoduchosti online hry si hr\u00e1\u010di \u010doskoro bud\u00fa m\u00f4c\u0165 vychutna\u0165 v\u0161etku z\u00e1bavu tradi\u010dn\u00e9ho Keno z pohodlia svojich obrazoviek. Zatia\u013e nie s\u00fa k dispoz\u00edcii \u017eiadne \u017eiv\u00e9 v\u00fdsledky, ale tu je v\u0161etko, \u010do potrebujete vedie\u0165 o tom, ako sa \u010d\u00edsla vyberaj\u00fa, kde ich n\u00e1jdete a ako zisti\u0165, \u010di ste vyhrali, ke\u010f hra za\u010dne.<\/p>\n<h2>Kroky pou\u017e\u00edvan\u00e9 na v\u00fdber \u010d\u00edsel Platinum Keno<\/h2>\n<p>Platinum Keno je zalo\u017een\u00e9 na my\u0161lienke, \u017ee v\u0161etko by malo by\u0165 spravodliv\u00e9. \u010c\u00edsla vyber\u00e1 overen\u00fd gener\u00e1tor n\u00e1hodn\u00fdch \u010d\u00edsel (RNG). To m\u00e1 zaisti\u0165, aby ka\u017ed\u00e9 \u017erebovanie bolo \u00faplne n\u00e1hodn\u00e9. RNG zabezpe\u010duje, \u017ee ka\u017ed\u00e9 \u010d\u00edslo v skupine m\u00e1 rovnak\u00fa \u0161ancu na v\u00fdber, rovnako ako ke\u010f \u0165ah\u00e1te o\u010d\u00edslovan\u00e9 gule zo stroja.<\/p>\n<ul>\n<li>Hr\u00e1\u010di vyberaj\u00fa zo skupiny \u010d\u00edsel od 1 do 80.<\/li>\n<li>Ve\u013ekos\u0165 \u017erebovania: V ka\u017edom kole sa n\u00e1hodne vyberie 20 \u010d\u00edsel.<\/li>\n<li>Rovnak\u00e9 \u0161ance: Neexistuje \u017eiadne ob\u013e\u00faben\u00e9 \u010d\u00edslo, v\u0161etko z\u00e1vis\u00ed od \u0161\u0165astia.<\/li>\n<li>V\u010faka tejto met\u00f3de je ka\u017ed\u00e9 \u017erebovanie transparentn\u00e9, overite\u013en\u00e9 a zalo\u017een\u00e9 na d\u00f4vere.<\/li>\n<li>Ako hra\u0165 hru.<\/li>\n<\/ul>\n<p>Platinum Keno je ur\u010den\u00e9 ako pre pravideln\u00fdch hr\u00e1\u010dov, tak aj pre \u013eud\u00ed, ktor\u00ed chc\u00fa vyhra\u0165 ve\u013ek\u00e9 jackpoty. Vyberte \u010d\u00edsla zo s\u00faboru 80 \u010d\u00edsel, z ktor\u00fdch sa n\u00e1hodne vyberie 20. Takto sa hr\u00e1 t\u00e1to hra. Chcete, aby sa \u010do najviac va\u0161ich v\u00fdberov zhodovalo.<\/p>\n<h2>V\u00fdber \u010d\u00edsel.<\/h2>\n<p>Vyberiete si po\u010det \u201emiest\u201c (\u010d\u00edsel), ktor\u00e9 chcete hra\u0165. R\u00f4zni \u013eudia si vyberaj\u00fa r\u00f4zny po\u010det kariet. Po\u010det miest, ktor\u00e9 si vyberiete, priamo ovplyvn\u00ed va\u0161e \u0161ance a v\u00fd\u0161ku pe\u0148az\u00ed, ktor\u00e9 m\u00f4\u017eete vyhra\u0165.<\/p>\n<h2>V\u00fdber faktora.<\/h2>\n<p>Platinum Keno m\u00e1 multiplik\u00e1tor, ktor\u00fd men\u00ed v\u00fdhry. V tomto pr\u00edpade, ak je najvy\u0161\u0161\u00ed multiplik\u00e1tor 5, hranie s multiplik\u00e1torom 1x v\u00e1m prinesie 20 % z 5x odmeny. Ak je desa\u0165 najviac. Ak je hlavn\u00e1 v\u00fdhra 10, tiket 1x vyplat\u00ed 10 % z 10x v\u00fdplaty. V\u00e4\u010d\u0161\u00ed multiplik\u00e1tor zvy\u0161uje cenu v\u00e1\u0161ho tiketu aj \u0161ancu na v\u00fdhru.<\/p>\n<h2>Pou\u017e\u00edvanie zoznamu v\u00fdplat<\/h2>\n<p>Presne v\u00e1m povie, ko\u013eko m\u00f4\u017eete vyhra\u0165 na z\u00e1klade \u010d\u00edsel, ktor\u00e9 si vyberiete, a bonusu. Berte to ako mapu v\u00fdhier; povie v\u00e1m, o \u010do sa hr\u00e1, e\u0161te predt\u00fdm, ako sa \u017erebovanie uskuto\u010dn\u00ed.<\/p>\n<h2>Ako vo\u013eby ovplyv\u0148uj\u00fa v\u00fdsledok<\/h2>\n<p>Ak vyberiete viac \u010d\u00edsel, najvy\u0161\u0161ia v\u00fdhra, ktor\u00fa m\u00f4\u017eete vyhra\u0165, sa zv\u00fd\u0161i, ale va\u0161e \u0161ance na v\u00fdhru v\u0161etk\u00fdch \u010d\u00edsel sa zn\u00ed\u017eia. Naopak, vy\u0161\u0161\u00ed multiplik\u00e1tor zvy\u0161uje v\u00fdplatu, ak vyhr\u00e1te, ale na za\u010diatku mus\u00edte stavi\u0165 viac pe\u0148az\u00ed. Platinum Keno je vzru\u0161uj\u00face a riskantn\u00e9, preto\u017ee mus\u00edte vyv\u00e1\u017ei\u0165 riziko a zisk.<\/p>\n<h2>Najlep\u0161ie miesta, kde n\u00e1jdete v\u00fdsledky Platinum Keno<\/h2>\n<p>Hne\u010f ako za\u010dne Platinum Keno, najaktu\u00e1lnej\u0161ie v\u00fdsledky bud\u00fa k dispoz\u00edcii na str\u00e1nke v\u00fdsledkov RedFoxLotto. Nemus\u00edte op\u00fa\u0161\u0165a\u0165 aplik\u00e1ciu, aby ste mohli sledova\u0165 minul\u00e9 a s\u00fa\u010dasn\u00e9 \u017erebovania.<\/p>\n<p>M\u00f4\u017eete urobi\u0165 nasledovn\u00e9:<\/p>\n<ul>\n<li>Pozrite si kompletn\u00fd zoznam \u010d\u00edsel vybran\u00fdch pre ka\u017ed\u00fa hru.<\/li>\n<li>Pozrite si minul\u00e9 \u017erebovania, aby ste zistili t\u00e9my a trendy.<\/li>\n<li>Sledujte novinky bez toho, aby ste museli h\u013eada\u0165 inde.<\/li>\n<li>Ako zisti\u0165, \u010di ste vyhrali<\/li>\n<\/ul>\n<p>U\u017e nie s papierov\u00fdmi l\u00edstkami \u2013 Platinum Keno je iba po\u010d\u00edta\u010dov\u00e1 hra. Va\u0161e \u010d\u00edsla sa ulo\u017eia do v\u00e1\u0161ho \u00fa\u010dtu RedFoxLotto ihne\u010f po ka\u017edej hre. V\u00fdsledky si m\u00f4\u017eete skontrolova\u0165 hne\u010f po ka\u017edom \u017erebovan\u00ed:<\/p>\n<h2>Kliknite na \u201eMoje tikety\u201c \u2013 v tejto \u010dasti sa zobrazuj\u00fa v\u0161etky tikety, ktor\u00e9 ste k\u00fapili.<\/h2>\n<p>Porovnajte svoje \u010d\u00edsla s v\u00fdsledkami: Ak s\u00fa va\u0161e \u010d\u00edsla zhodn\u00e9 s \u010d\u00edslami, ktor\u00e9 boli vylosovan\u00e9 vo v\u00fdhernom \u017erebovan\u00ed, syst\u00e9m v\u00e1m okam\u017eite zobraz\u00ed tieto zhody.<\/p>\n<p>Hne\u010f ako vyhr\u00e1te, zobraz\u00ed sa v\u00e1m v\u00fd\u0161ka v\u00fdhry, ktor\u00fa dostanete. Men\u0161ie v\u00fdhry s\u00fa prip\u00edsan\u00e9 priamo na v\u00e1\u0161 \u00fa\u010det, zatia\u013e \u010do v\u00e4\u010d\u0161ie v\u00fdhry m\u00f4\u017eu podlieha\u0165 overeniu pred ich prevodom.<\/p>\n<h2>Vklady a hranie<\/h2>\n<p>Aby ste mohli hra\u0165 Platinum Keno, mus\u00edte ma\u0165 na svojom \u00fa\u010dte RedFoxLotto peniaze. Vklad je jednoduch\u00fd a bezpe\u010dn\u00fd a hne\u010f po pridan\u00ed sumy ju m\u00f4\u017eete pou\u017ei\u0165 na n\u00e1kup tiketov.<\/p>\n<h2>Pre\u010do m\u00f4\u017eete d\u00f4verova\u0165 v\u00fdsledkom<\/h2>\n<p>Ka\u017ed\u00e1 v\u00fdhra v Platinum Keno je poisten\u00e1, tak\u017ee dostanete svoje peniaze sp\u00e4\u0165, \u010di u\u017e vyhr\u00e1te 5 \u20ac alebo 500 000 \u20ac. RedFoxLotto zaru\u010duje, \u017ee dostanete vyplaten\u00e9 svoje v\u00fdhry, a RNG zaru\u010duje, \u017ee v\u0161etko prebieha spravodlivo.<\/p>\n<h2>Z\u00e1ver<\/h2>\n<p>Je to ako kombin\u00e1cia starom\u00f3dneho sp\u00f4sobu \u017erebovania \u010d\u00edsel a jednoduchosti hranie po\u010d\u00edta\u010dov\u00fdch hier. Aj ke\u010f kone\u010dn\u00e9 v\u00fdsledky e\u0161te neboli zverejnen\u00e9, hr\u00e1\u010di sa m\u00f4\u017eu te\u0161i\u0165 na:<\/p>\n<ul>\n<li>Spravodliv\u00e9 \u017erebovanie overen\u00e9 RNG.<\/li>\n<li>Hra prebieha r\u00fdchlo a v\u00fdsledky dostanete ka\u017ed\u00fdch p\u00e1r min\u00fat.<\/li>\n<li>RedFoxLotto u\u013eah\u010duje priamy pr\u00edstup k v\u00fdsledkom.<\/li>\n<li>V\u00e1\u0161 \u00fa\u010det automaticky sleduje v\u00fdhry.<\/li>\n<li>Akon\u00e1hle hra za\u010dne, sta\u010d\u00ed sa po \u017erebovan\u00ed vr\u00e1ti\u0165 a pozrie\u0165 si, \u010di ste vyhrali.<\/li>\n<\/ul>\n","protected":false},"excerpt":{"rendered":"<p>Ako sa vyberaj\u00fa kurzy a kde n\u00e1js\u0165 v\u00fdsledky v Platinum Keno Platinum Keno sa \u010doskoro stane jednou z najpopul\u00e1rnej\u0161\u00edch lot\u00e9riov\u00fdch hier. V\u010faka r\u00fdchlym \u017erebovaniam, jasn\u00fdm pravidl\u00e1m a jednoduchosti online hry si hr\u00e1\u010di \u010doskoro bud\u00fa m\u00f4c\u0165 vychutna\u0165 v\u0161etku z\u00e1bavu tradi\u010dn\u00e9ho Keno z pohodlia svojich obrazoviek. Zatia\u013e nie s\u00fa k dispoz\u00edcii \u017eiadne \u017eiv\u00e9 v\u00fdsledky, ale tu je [&hellip;]<\/p>\n","protected":false},"author":8,"featured_media":0,"parent":84437,"menu_order":41,"comment_status":"closed","ping_status":"closed","template":"","meta":{"_et_pb_use_builder":"","_et_pb_old_content":"","_et_gb_content_width":"","exclude_from_search":false,"footnotes":""},"class_list":["post-102006","page","type-page","status-publish","hentry"],"yoast_head":"<!-- This site is optimized with the Yoast SEO plugin v23.8 - https:\/\/yoast.com\/wordpress\/plugins\/seo\/ -->\n<title>V\u00fdsledky lot\u00e9rie Keno pre toto denn\u00e9 online \u017erebovanie Keno s v\u00fdhrou 5 mili\u00f3nov eur<\/title>\n<meta name=\"description\" content=\"T\u00e1to lot\u00e9ria Keno \u017erebuje ka\u017ed\u00fd de\u0148 o hlavn\u00fa v\u00fdhru 5 mili\u00f3nov eur \u2013 v\u00fdsledky na\u0161ich \u017erebovan\u00ed Keno n\u00e1jdete tu. M\u00e1me hru Keno s v\u00fdhrou 5 mili\u00f3nov eur a 10 mili\u00f3nov eur.\" \/>\n<meta name=\"robots\" content=\"index, follow, max-snippet:-1, max-image-preview:large, max-video-preview:-1\" \/>\n<link rel=\"canonical\" href=\"https:\/\/redfoxlotto.com\/sk\/keno\/vyherne-cisla-platinum-keno\/\" \/>\n<meta property=\"og:locale\" content=\"sk_SK\" \/>\n<meta property=\"og:type\" content=\"article\" \/>\n<meta property=\"og:title\" content=\"V\u00fdsledky lot\u00e9rie Keno pre toto denn\u00e9 online \u017erebovanie Keno s v\u00fdhrou 5 mili\u00f3nov eur\" \/>\n<meta property=\"og:description\" content=\"T\u00e1to lot\u00e9ria Keno \u017erebuje ka\u017ed\u00fd de\u0148 o hlavn\u00fa v\u00fdhru 5 mili\u00f3nov eur \u2013 v\u00fdsledky na\u0161ich \u017erebovan\u00ed Keno n\u00e1jdete tu. M\u00e1me hru Keno s v\u00fdhrou 5 mili\u00f3nov eur a 10 mili\u00f3nov eur.\" \/>\n<meta property=\"og:url\" content=\"https:\/\/redfoxlotto.com\/sk\/keno\/vyherne-cisla-platinum-keno\/\" \/>\n<meta property=\"og:site_name\" content=\"Get Tickets for the World\u2019s largest jackpots\" \/>\n<meta property=\"article:modified_time\" content=\"2026-01-09T10:21:24+00:00\" \/>\n<meta property=\"og:image\" content=\"https:\/\/redfoxlotto.com\/wp-content\/uploads\/2025\/03\/keno_card-300x300.jpg\" \/>\n<meta name=\"twitter:card\" content=\"summary_large_image\" \/>\n<meta name=\"twitter:label1\" content=\"Predpokladan\u00fd \u010das \u010d\u00edtania\" \/>\n\t<meta name=\"twitter:data1\" content=\"4 min\u00faty\" \/>\n<script type=\"application\/ld+json\" class=\"yoast-schema-graph\">{\"@context\":\"https:\/\/schema.org\",\"@graph\":[{\"@type\":\"WebPage\",\"@id\":\"https:\/\/redfoxlotto.com\/sk\/keno\/vyherne-cisla-platinum-keno\/\",\"url\":\"https:\/\/redfoxlotto.com\/sk\/keno\/vyherne-cisla-platinum-keno\/\",\"name\":\"V\u00fdsledky lot\u00e9rie Keno pre toto denn\u00e9 online \u017erebovanie Keno s v\u00fdhrou 5 mili\u00f3nov eur\",\"isPartOf\":{\"@id\":\"https:\/\/redfoxlotto.com\/sk\/#website\"},\"primaryImageOfPage\":{\"@id\":\"https:\/\/redfoxlotto.com\/sk\/keno\/vyherne-cisla-platinum-keno\/#primaryimage\"},\"image\":{\"@id\":\"https:\/\/redfoxlotto.com\/sk\/keno\/vyherne-cisla-platinum-keno\/#primaryimage\"},\"thumbnailUrl\":\"https:\/\/redfoxlotto.com\/wp-content\/uploads\/2025\/03\/keno_card-300x300.jpg\",\"datePublished\":\"2025-05-22T08:53:38+00:00\",\"dateModified\":\"2026-01-09T10:21:24+00:00\",\"description\":\"T\u00e1to lot\u00e9ria Keno \u017erebuje ka\u017ed\u00fd de\u0148 o hlavn\u00fa v\u00fdhru 5 mili\u00f3nov eur \u2013 v\u00fdsledky na\u0161ich \u017erebovan\u00ed Keno n\u00e1jdete tu. M\u00e1me hru Keno s v\u00fdhrou 5 mili\u00f3nov eur a 10 mili\u00f3nov eur.\",\"breadcrumb\":{\"@id\":\"https:\/\/redfoxlotto.com\/sk\/keno\/vyherne-cisla-platinum-keno\/#breadcrumb\"},\"inLanguage\":\"sk-SK\",\"potentialAction\":[{\"@type\":\"ReadAction\",\"target\":[\"https:\/\/redfoxlotto.com\/sk\/keno\/vyherne-cisla-platinum-keno\/\"]}]},{\"@type\":\"ImageObject\",\"inLanguage\":\"sk-SK\",\"@id\":\"https:\/\/redfoxlotto.com\/sk\/keno\/vyherne-cisla-platinum-keno\/#primaryimage\",\"url\":\"https:\/\/redfoxlotto.com\/wp-content\/uploads\/2025\/03\/keno_card-300x300.jpg\",\"contentUrl\":\"https:\/\/redfoxlotto.com\/wp-content\/uploads\/2025\/03\/keno_card-300x300.jpg\"},{\"@type\":\"BreadcrumbList\",\"@id\":\"https:\/\/redfoxlotto.com\/sk\/keno\/vyherne-cisla-platinum-keno\/#breadcrumb\",\"itemListElement\":[{\"@type\":\"ListItem\",\"position\":1,\"name\":\"Home\",\"item\":\"https:\/\/redfoxlotto.com\/sk\/\"},{\"@type\":\"ListItem\",\"position\":2,\"name\":\"Keno\",\"item\":\"https:\/\/redfoxlotto.com\/sk\/keno\/\"},{\"@type\":\"ListItem\",\"position\":3,\"name\":\"V\u00fdhern\u00e9 \u010d\u00edsla Platinum Keno\"}]},{\"@type\":\"WebSite\",\"@id\":\"https:\/\/redfoxlotto.com\/sk\/#website\",\"url\":\"https:\/\/redfoxlotto.com\/sk\/\",\"name\":\"Get Tickets for the World\u2019s largest jackpots\",\"description\":\"Participate in worldwide lottery jackpots from any country\",\"publisher\":{\"@id\":\"https:\/\/redfoxlotto.com\/sk\/#organization\"},\"potentialAction\":[{\"@type\":\"SearchAction\",\"target\":{\"@type\":\"EntryPoint\",\"urlTemplate\":\"https:\/\/redfoxlotto.com\/sk\/?s={search_term_string}\"},\"query-input\":{\"@type\":\"PropertyValueSpecification\",\"valueRequired\":true,\"valueName\":\"search_term_string\"}}],\"inLanguage\":\"sk-SK\"},{\"@type\":\"Organization\",\"@id\":\"https:\/\/redfoxlotto.com\/sk\/#organization\",\"name\":\"Get Tickets for the World\u2019s largest jackpots\",\"url\":\"https:\/\/redfoxlotto.com\/sk\/\",\"logo\":{\"@type\":\"ImageObject\",\"inLanguage\":\"sk-SK\",\"@id\":\"https:\/\/redfoxlotto.com\/sk\/#\/schema\/logo\/image\/\",\"url\":\"https:\/\/redfoxlotto.com\/wp-content\/uploads\/2023\/04\/logo.png\",\"contentUrl\":\"https:\/\/redfoxlotto.com\/wp-content\/uploads\/2023\/04\/logo.png\",\"width\":269,\"height\":53,\"caption\":\"Get Tickets for the World\u2019s largest jackpots\"},\"image\":{\"@id\":\"https:\/\/redfoxlotto.com\/sk\/#\/schema\/logo\/image\/\"}}]}<\/script>\n<!-- \/ Yoast SEO plugin. -->","yoast_head_json":{"title":"V\u00fdsledky lot\u00e9rie Keno pre toto denn\u00e9 online \u017erebovanie Keno s v\u00fdhrou 5 mili\u00f3nov eur","description":"T\u00e1to lot\u00e9ria Keno \u017erebuje ka\u017ed\u00fd de\u0148 o hlavn\u00fa v\u00fdhru 5 mili\u00f3nov eur \u2013 v\u00fdsledky na\u0161ich \u017erebovan\u00ed Keno n\u00e1jdete tu. M\u00e1me hru Keno s v\u00fdhrou 5 mili\u00f3nov eur a 10 mili\u00f3nov eur.","robots":{"index":"index","follow":"follow","max-snippet":"max-snippet:-1","max-image-preview":"max-image-preview:large","max-video-preview":"max-video-preview:-1"},"canonical":"https:\/\/redfoxlotto.com\/sk\/keno\/vyherne-cisla-platinum-keno\/","og_locale":"sk_SK","og_type":"article","og_title":"V\u00fdsledky lot\u00e9rie Keno pre toto denn\u00e9 online \u017erebovanie Keno s v\u00fdhrou 5 mili\u00f3nov eur","og_description":"T\u00e1to lot\u00e9ria Keno \u017erebuje ka\u017ed\u00fd de\u0148 o hlavn\u00fa v\u00fdhru 5 mili\u00f3nov eur \u2013 v\u00fdsledky na\u0161ich \u017erebovan\u00ed Keno n\u00e1jdete tu. M\u00e1me hru Keno s v\u00fdhrou 5 mili\u00f3nov eur a 10 mili\u00f3nov eur.","og_url":"https:\/\/redfoxlotto.com\/sk\/keno\/vyherne-cisla-platinum-keno\/","og_site_name":"Get Tickets for the World\u2019s largest jackpots","article_modified_time":"2026-01-09T10:21:24+00:00","og_image":[{"url":"https:\/\/redfoxlotto.com\/wp-content\/uploads\/2025\/03\/keno_card-300x300.jpg"}],"twitter_card":"summary_large_image","twitter_misc":{"Predpokladan\u00fd \u010das \u010d\u00edtania":"4 min\u00faty"},"schema":{"@context":"https:\/\/schema.org","@graph":[{"@type":"WebPage","@id":"https:\/\/redfoxlotto.com\/sk\/keno\/vyherne-cisla-platinum-keno\/","url":"https:\/\/redfoxlotto.com\/sk\/keno\/vyherne-cisla-platinum-keno\/","name":"V\u00fdsledky lot\u00e9rie Keno pre toto denn\u00e9 online \u017erebovanie Keno s v\u00fdhrou 5 mili\u00f3nov eur","isPartOf":{"@id":"https:\/\/redfoxlotto.com\/sk\/#website"},"primaryImageOfPage":{"@id":"https:\/\/redfoxlotto.com\/sk\/keno\/vyherne-cisla-platinum-keno\/#primaryimage"},"image":{"@id":"https:\/\/redfoxlotto.com\/sk\/keno\/vyherne-cisla-platinum-keno\/#primaryimage"},"thumbnailUrl":"https:\/\/redfoxlotto.com\/wp-content\/uploads\/2025\/03\/keno_card-300x300.jpg","datePublished":"2025-05-22T08:53:38+00:00","dateModified":"2026-01-09T10:21:24+00:00","description":"T\u00e1to lot\u00e9ria Keno \u017erebuje ka\u017ed\u00fd de\u0148 o hlavn\u00fa v\u00fdhru 5 mili\u00f3nov eur \u2013 v\u00fdsledky na\u0161ich \u017erebovan\u00ed Keno n\u00e1jdete tu. M\u00e1me hru Keno s v\u00fdhrou 5 mili\u00f3nov eur a 10 mili\u00f3nov eur.","breadcrumb":{"@id":"https:\/\/redfoxlotto.com\/sk\/keno\/vyherne-cisla-platinum-keno\/#breadcrumb"},"inLanguage":"sk-SK","potentialAction":[{"@type":"ReadAction","target":["https:\/\/redfoxlotto.com\/sk\/keno\/vyherne-cisla-platinum-keno\/"]}]},{"@type":"ImageObject","inLanguage":"sk-SK","@id":"https:\/\/redfoxlotto.com\/sk\/keno\/vyherne-cisla-platinum-keno\/#primaryimage","url":"https:\/\/redfoxlotto.com\/wp-content\/uploads\/2025\/03\/keno_card-300x300.jpg","contentUrl":"https:\/\/redfoxlotto.com\/wp-content\/uploads\/2025\/03\/keno_card-300x300.jpg"},{"@type":"BreadcrumbList","@id":"https:\/\/redfoxlotto.com\/sk\/keno\/vyherne-cisla-platinum-keno\/#breadcrumb","itemListElement":[{"@type":"ListItem","position":1,"name":"Home","item":"https:\/\/redfoxlotto.com\/sk\/"},{"@type":"ListItem","position":2,"name":"Keno","item":"https:\/\/redfoxlotto.com\/sk\/keno\/"},{"@type":"ListItem","position":3,"name":"V\u00fdhern\u00e9 \u010d\u00edsla Platinum Keno"}]},{"@type":"WebSite","@id":"https:\/\/redfoxlotto.com\/sk\/#website","url":"https:\/\/redfoxlotto.com\/sk\/","name":"Get Tickets for the World\u2019s largest jackpots","description":"Participate in worldwide lottery jackpots from any country","publisher":{"@id":"https:\/\/redfoxlotto.com\/sk\/#organization"},"potentialAction":[{"@type":"SearchAction","target":{"@type":"EntryPoint","urlTemplate":"https:\/\/redfoxlotto.com\/sk\/?s={search_term_string}"},"query-input":{"@type":"PropertyValueSpecification","valueRequired":true,"valueName":"search_term_string"}}],"inLanguage":"sk-SK"},{"@type":"Organization","@id":"https:\/\/redfoxlotto.com\/sk\/#organization","name":"Get Tickets for the World\u2019s largest jackpots","url":"https:\/\/redfoxlotto.com\/sk\/","logo":{"@type":"ImageObject","inLanguage":"sk-SK","@id":"https:\/\/redfoxlotto.com\/sk\/#\/schema\/logo\/image\/","url":"https:\/\/redfoxlotto.com\/wp-content\/uploads\/2023\/04\/logo.png","contentUrl":"https:\/\/redfoxlotto.com\/wp-content\/uploads\/2023\/04\/logo.png","width":269,"height":53,"caption":"Get Tickets for the World\u2019s largest jackpots"},"image":{"@id":"https:\/\/redfoxlotto.com\/sk\/#\/schema\/logo\/image\/"}}]}},"_links":{"self":[{"href":"https:\/\/redfoxlotto.com\/sk\/wp-json\/wp\/v2\/pages\/102006","targetHints":{"allow":["GET"]}}],"collection":[{"href":"https:\/\/redfoxlotto.com\/sk\/wp-json\/wp\/v2\/pages"}],"about":[{"href":"https:\/\/redfoxlotto.com\/sk\/wp-json\/wp\/v2\/types\/page"}],"author":[{"embeddable":true,"href":"https:\/\/redfoxlotto.com\/sk\/wp-json\/wp\/v2\/users\/8"}],"replies":[{"embeddable":true,"href":"https:\/\/redfoxlotto.com\/sk\/wp-json\/wp\/v2\/comments?post=102006"}],"version-history":[{"count":0,"href":"https:\/\/redfoxlotto.com\/sk\/wp-json\/wp\/v2\/pages\/102006\/revisions"}],"up":[{"embeddable":true,"href":"https:\/\/redfoxlotto.com\/sk\/wp-json\/wp\/v2\/pages\/84437"}],"wp:attachment":[{"href":"https:\/\/redfoxlotto.com\/sk\/wp-json\/wp\/v2\/media?parent=102006"}],"curies":[{"name":"wp","href":"https:\/\/api.w.org\/{rel}","templated":true}]}}