{"id":87608,"date":"2025-05-19T09:07:38","date_gmt":"2025-05-19T09:07:38","guid":{"rendered":"https:\/\/redfoxlotto.com\/?page_id=87608"},"modified":"2025-12-17T06:58:47","modified_gmt":"2025-12-17T06:58:47","slug":"euromillions-eu","status":"publish","type":"page","link":"https:\/\/redfoxlotto.com\/ro\/joaca\/euromillions-eu\/","title":{"rendered":"Joac\u0103 Euromillions UE"},"content":{"rendered":"<p><script type=\"application\/ld+json\">\n{\n  \"@context\": \"https:\/\/schema.org\",\n  \"@type\": \"Service\",\n  \"name\": \"Joac\u0103 Euromillions Online\",\n  \"url\": \"https:\/\/redfoxlotto.com\/ro\/joaca\/euromillions\/\",\n  \"description\": \"Joac\u0103 loteria Euromillions online din orice \u021bar\u0103. Viziteaz\u0103 RedFoxLotto, alege-\u021bi numerele \u0219i ob\u021bine biletele tale.\",\n  \"serviceType\": \"Online lottery ticket messenger service\",\n  \"provider\": {\n    \"@type\": \"Organization\",\n    \"name\": \"RedFoxLotto\",\n    \"url\": \"https:\/\/redfoxlotto.com\/ro\/\",\n    \"image\": \"https:\/\/redfoxlotto.com\/wp-content\/uploads\/2025\/12\/ticket_scans.jpg\",\n    \"sameAs\": []\n  },\n  \"areaServed\": \"Worldwide\",\n  \"termsOfService\": \"https:\/\/redfoxlotto.com\/terms-and-conditions\",\n  \"additionalProperty\": {\n    \"@type\": \"PropertyValue\",\n    \"name\": \"FAQ\",\n    \"value\": \"https:\/\/redfoxlotto.com\/ro\/faq\/\"\n  },\n  \"hasOfferCatalog\": {\n    \"@type\": \"OfferCatalog\",\n    \"name\": \"Bilete Euromillions\",\n    \"itemListElement\": [\n      {\n        \"@type\": \"Offer\",\n        \"name\": \"Bilete Euromillions\",\n        \"url\": \"https:\/\/redfoxlotto.com\/ro\/joaca\/euromillions\/\",\n        \"description\": \"Click aici pentru a selecta numerele pentru urm\u0103toarea extragere Euromillions \u2013 comand\u0103 biletele online.\",\n        \"price\": \"7.00\",\n        \"priceCurrency\": \"EUR\",\n        \"availability\": \"https:\/\/schema.org\/InStock\",\n        \"itemOffered\": {\n          \"@type\": \"Service\",\n          \"name\": \"Bilete Euromillions\",\n          \"description\": \"Joac\u0103 \u00een urm\u0103toarea extragere Euromillions prin RedFoxLotto.\"\n        }\n      }\n    ]\n  },\n  \"mainEntityOfPage\": {\n    \"@type\": \"WebPage\",\n    \"@id\": \"https:\/\/redfoxlotto.com\/ro\/joaca\/euromillions\/\"\n  }\n}\n<\/script><\/p>\n<h2 data-start=\"40\" data-end=\"91\">Introducere: Ce este EuroMillions EU (Austria)?<img loading=\"lazy\" decoding=\"async\" class=\" wp-image-67116 alignleft\" src=\"https:\/\/redfoxlotto.com\/wp-content\/uploads\/2024\/03\/Balls-300x300.png\" alt=\"euromillions austria\" width=\"244\" height=\"244\" \/><\/h2>\n<p data-start=\"93\" data-end=\"327\">EuroMillions EU (Austria) este una dintre cele mai populare \u0219i bogate loterii din Europa. Lansat\u0103 \u00een 2004, este jucat\u0103 oficial \u00een nou\u0103 \u021b\u0103ri europene: Fran\u021ba, Spania, Austria, Belgia, Irlanda, Luxemburg, Portugalia, Elve\u021bia \u0219i Andorra.<\/p>\n<p data-start=\"329\" data-end=\"637\">Dar dac\u0103 nu locuie\u0219ti \u00een Europa sau \u00eentr-o \u021bar\u0103 participant\u0103 la EuroMillions? Po\u021bi totu\u0219i s\u0103 participi \u0219i s\u0103 ai \u0219ansa de a c\u00e2\u0219tiga un jackpot care \u00ee\u021bi poate schimba via\u021ba? R\u0103spunsul este da \u2013 po\u021bi cump\u0103ra bilete EuroMillions EU (Austria) online de oriunde din lume prin intermediul site-ului RedFoxLotto.com.<\/p>\n<h2 data-start=\"639\" data-end=\"687\">Cum s\u0103 joci EuroMillions online din afara UE<\/h2>\n<p data-start=\"689\" data-end=\"885\">Dac\u0103 \u021bara ta nu particip\u0103 oficial, nu vei putea cump\u0103ra bilete local. Totu\u0219i, cu ajutorul unui serviciu de intermediere de \u00eencredere, cum este RedFoxLotto, po\u021bi participa de la distan\u021b\u0103. Iat\u0103 cum:<\/p>\n<ol data-start=\"887\" data-end=\"1205\">\n<li data-start=\"887\" data-end=\"921\">\n<p data-start=\"890\" data-end=\"921\">Acceseaz\u0103 <a class=\"\" href=\"http:\/\/www.RedFoxLotto.com\" target=\"_new\" rel=\"noopener\" data-start=\"900\" data-end=\"919\">www.RedFoxLotto.com<\/a><\/p>\n<\/li>\n<li data-start=\"922\" data-end=\"969\">\n<p data-start=\"925\" data-end=\"969\">Alege extragerea EuroMillions EU (Austria)<\/p>\n<\/li>\n<li data-start=\"970\" data-end=\"1035\">\n<p data-start=\"973\" data-end=\"1035\">Selecteaz\u0103 numerele tale sau folose\u0219te op\u021biunea \u201eQuick Pick\u201d<\/p>\n<\/li>\n<li data-start=\"1036\" data-end=\"1122\">\n<p data-start=\"1039\" data-end=\"1122\">Finalizeaz\u0103 comanda \u2013 un agent local din Austria va cump\u0103ra biletul \u00een numele t\u0103u<\/p>\n<\/li>\n<li data-start=\"1123\" data-end=\"1205\">\n<p data-start=\"1126\" data-end=\"1205\">O copie scanat\u0103 a biletului este \u00eenc\u0103rcat\u0103 \u00een contul t\u0103u ca dovad\u0103 a achizi\u021biei<\/p>\n<\/li>\n<\/ol>\n<p data-start=\"1207\" data-end=\"1386\">Este 100% legal \u0219i reprezint\u0103 o modalitate sigur\u0103 de a participa la versiunea oficial\u0103 EuroMillions EU (Austria), indiferent dac\u0103 locuie\u0219ti \u00een Asia, Africa, America sau Australia.<\/p>\n<h2 data-start=\"1388\" data-end=\"1459\">Diferen\u021bele dintre EuroMillions EU (Austria) \u0219i versiunea britanic\u0103<\/h2>\n<p data-start=\"1461\" data-end=\"1604\">Exist\u0103 dou\u0103 jocuri distincte: EuroMillions EU \u0219i EuroMillions UK. De\u0219i fac parte din aceea\u0219i familie, ele au reguli \u0219i caracteristici diferite.<\/p>\n<p data-start=\"1606\" data-end=\"1802\">Biletele britanice sunt mai scumpe deoarece includ jocul suplimentar \u201eMillionaire Maker\u201d, care garanteaz\u0103 c\u0103 un participant din Regatul Unit c\u00e2\u0219tig\u0103 1 milion de lire sterline la fiecare extragere.<\/p>\n<p data-start=\"1804\" data-end=\"1911\">Versiunea britanic\u0103 are \u0219i o structur\u0103 diferit\u0103 de premii, influen\u021bat\u0103 de taxe \u0219i de fluctua\u021biile valutare.<\/p>\n<p data-start=\"1913\" data-end=\"2117\">Dac\u0103 joci prin RedFoxLotto, participi la versiunea EU (Austria), nu la extragerea din Marea Britanie. Aceast\u0103 versiune nu include \u201eMillionaire Maker\u201d, deci biletele sunt mai ieftine, iar jocul mai simplu.<\/p>\n<h2 data-start=\"2119\" data-end=\"2152\">Unde sunt cump\u0103rate biletele?<\/h2>\n<p data-start=\"2154\" data-end=\"2329\">Toate biletele EuroMillions (versiunea EU) comandate prin RedFoxLotto sunt achizi\u021bionate fizic \u00een Austria \u2013 o \u021bar\u0103 participant\u0103 oficial \u0219i bine pozi\u021bionat\u0103 \u00een Europa Central\u0103.<\/p>\n<h2 data-start=\"2331\" data-end=\"2349\">De ce Austria?<\/h2>\n<p data-start=\"2351\" data-end=\"2510\">Austria este membr\u0103 a Uniunii Europene \u0219i ofer\u0103 acces la extragerea original\u0103 EuroMillions EU. Biletele sunt reglementate strict \u0219i gestionate cu transparen\u021b\u0103.<\/p>\n<p data-start=\"2512\" data-end=\"2733\">\u00cen plus, \u00een prezent c\u00e2\u0219tigurile la loterie nu sunt impozitate \u00een Austria \u2013 un mare avantaj pentru juc\u0103torii interna\u021bionali. Dup\u0103 cump\u0103rare, o copie scanat\u0103 a biletului este ad\u0103ugat\u0103 \u00een contul t\u0103u ca dovad\u0103 de proprietate.<\/p>\n<h2 data-start=\"2735\" data-end=\"2789\">Informa\u021bii despre jackpot: premii minime \u0219i maxime<\/h2>\n<p data-start=\"2791\" data-end=\"2934\">Unul dintre motivele principale pentru care juc\u0103torii din \u00eentreaga lume aleg s\u0103 joace EuroMillions online este valoarea uria\u0219\u0103 a jackpoturilor.<\/p>\n<p data-start=\"2936\" data-end=\"2953\">Cum func\u021bioneaz\u0103:<\/p>\n<ul data-start=\"2955\" data-end=\"3042\">\n<li data-start=\"2955\" data-end=\"2993\">\n<p data-start=\"2957\" data-end=\"2993\">Jackpot minim: 17 milioane de euro<\/p>\n<\/li>\n<li data-start=\"2994\" data-end=\"3042\">\n<p data-start=\"2996\" data-end=\"3042\">Jackpot maxim (plafon): 250 milioane de euro<\/p>\n<\/li>\n<\/ul>\n<p data-start=\"3044\" data-end=\"3140\">Dac\u0103 nu exist\u0103 un c\u00e2\u0219tig\u0103tor, premiul este reportat pentru extragerea urm\u0103toare \u0219i cre\u0219te rapid.<\/p>\n<h2 data-start=\"3142\" data-end=\"3204\">Ce se \u00eent\u00e2mpl\u0103 c\u00e2nd jackpotul atinge 200 milioane de euro?<\/h2>\n<p data-start=\"3206\" data-end=\"3259\">C\u00e2nd fondul de premii ajunge la 200 milioane de euro:<\/p>\n<ul data-start=\"3261\" data-end=\"3368\">\n<li data-start=\"3261\" data-end=\"3314\">\n<p data-start=\"3263\" data-end=\"3314\">Jackpotul cre\u0219te \u00een trepte de 10 milioane de euro<\/p>\n<\/li>\n<li data-start=\"3315\" data-end=\"3368\">\n<p data-start=\"3317\" data-end=\"3368\">P\u00e2n\u0103 c\u00e2nd atinge plafonul de 250 milioane de euro<\/p>\n<\/li>\n<\/ul>\n<h2 data-start=\"3370\" data-end=\"3413\">Ce se \u00eent\u00e2mpl\u0103 la 250 milioane de euro?<\/h2>\n<p data-start=\"3415\" data-end=\"3607\">Odat\u0103 ce plafonul este atins, jackpotul poate r\u0103m\u00e2ne la acest nivel pentru p\u00e2n\u0103 la patru extrageri. Dac\u0103 nici atunci nu exist\u0103 c\u00e2\u0219tig\u0103tor, premiul este distribuit la urm\u0103torul nivel de c\u00e2\u0219tig.<\/p>\n<p data-start=\"3609\" data-end=\"3739\">Aceste reguli transform\u0103 EuroMillions EU (Austria) \u00eentr-una dintre cele mai captivante \u0219i favorabile juc\u0103torilor loterii din lume.<\/p>\n<h2 data-start=\"3741\" data-end=\"3791\">De ce s\u0103 joci EuroMillions EU (Austria) online<\/h2>\n<p data-start=\"3793\" data-end=\"3861\">Mai ales dac\u0103 locuie\u0219ti \u00een afara UE, exist\u0103 numeroase motive solide:<\/p>\n<ul data-start=\"3863\" data-end=\"4112\">\n<li data-start=\"3863\" data-end=\"3916\">\n<p data-start=\"3865\" data-end=\"3916\">Acces global: oricine poate participa, de oriunde<\/p>\n<\/li>\n<li data-start=\"3917\" data-end=\"3964\">\n<p data-start=\"3919\" data-end=\"3964\">Confort: cump\u0103r\u0103 bilete oric\u00e2nd, de oriunde<\/p>\n<\/li>\n<li data-start=\"3965\" data-end=\"3997\">\n<p data-start=\"3967\" data-end=\"3997\">Dovad\u0103 digital\u0103 a achizi\u021biei<\/p>\n<\/li>\n<li data-start=\"3998\" data-end=\"4062\">\n<p data-start=\"4000\" data-end=\"4062\">Avantaje fiscale: \u00een Austria, c\u00e2\u0219tigurile nu sunt impozitate<\/p>\n<\/li>\n<li data-start=\"4063\" data-end=\"4112\">\n<p data-start=\"4065\" data-end=\"4112\">Jackpote uria\u0219e: p\u00e2n\u0103 la 250 milioane de euro<\/p>\n<\/li>\n<\/ul>\n<h2 data-start=\"4114\" data-end=\"4127\">Concluzie<\/h2>\n<p data-start=\"4129\" data-end=\"4320\">Nu este nevoie s\u0103 locuie\u0219ti \u00een Fran\u021ba, Spania sau Portugalia pentru a participa la EuroMillions EU (Austria). \u00cen era internetului, po\u021bi juca de oriunde \u0219i avea \u0219ansa s\u0103 c\u00e2\u0219tigi premii record.<\/p>\n<p data-start=\"4322\" data-end=\"4545\">Fie c\u0103 vrei s\u0103 devii urm\u0103torul milionar european sau pur \u0219i simplu \u00ee\u021bi place jocul, RedFoxLotto.com face participarea u\u0219oar\u0103. Alege-\u021bi numerele norocoase \u0219i joac\u0103 online chiar azi \u2013 urm\u0103torul mare c\u00e2\u0219tig\u0103tor ai putea fi tu!<\/p>\n","protected":false},"excerpt":{"rendered":"<p>Introducere: Ce este EuroMillions EU (Austria)? EuroMillions EU (Austria) este una dintre cele mai populare \u0219i bogate loterii din Europa. Lansat\u0103 \u00een 2004, este jucat\u0103 oficial \u00een nou\u0103 \u021b\u0103ri europene: Fran\u021ba, Spania, Austria, Belgia, Irlanda, Luxemburg, Portugalia, Elve\u021bia \u0219i Andorra. Dar dac\u0103 nu locuie\u0219ti \u00een Europa sau \u00eentr-o \u021bar\u0103 participant\u0103 la EuroMillions? Po\u021bi totu\u0219i s\u0103 [&hellip;]<\/p>\n","protected":false},"author":8,"featured_media":0,"parent":2852,"menu_order":4,"comment_status":"closed","ping_status":"closed","template":"euromillions-at.php","meta":{"_et_pb_use_builder":"","_et_pb_old_content":"","_et_gb_content_width":"","exclude_from_search":false,"footnotes":""},"class_list":["post-87608","page","type-page","status-publish","hentry"],"yoast_head":"<!-- This site is optimized with the Yoast SEO plugin v27.4 - https:\/\/yoast.com\/product\/yoast-seo-wordpress\/ -->\n<title>Juca\u021bi Euromillions online din afara UE<\/title>\n<meta name=\"description\" content=\"Cum s\u0103 juca\u021bi Euromillions online din afara UE sau dac\u0103 \u021bara dvs. nu particip\u0103 la Euromillions\" \/>\n<meta name=\"robots\" content=\"index, follow, max-snippet:-1, max-image-preview:large, max-video-preview:-1\" \/>\n<link rel=\"canonical\" href=\"https:\/\/redfoxlotto.com\/ro\/joaca\/euromillions-eu\/\" \/>\n<meta property=\"og:locale\" content=\"ro_RO\" \/>\n<meta property=\"og:type\" content=\"article\" \/>\n<meta property=\"og:title\" content=\"Juca\u021bi Euromillions online din afara UE\" \/>\n<meta property=\"og:description\" content=\"Cum s\u0103 juca\u021bi Euromillions online din afara UE sau dac\u0103 \u021bara dvs. nu particip\u0103 la Euromillions\" \/>\n<meta property=\"og:url\" content=\"https:\/\/redfoxlotto.com\/ro\/joaca\/euromillions-eu\/\" \/>\n<meta property=\"og:site_name\" content=\"Get Tickets for the World\u2019s largest jackpots\" \/>\n<meta property=\"article:modified_time\" content=\"2025-12-17T06:58:47+00:00\" \/>\n<meta property=\"og:image\" content=\"https:\/\/redfoxlotto.com\/wp-content\/uploads\/2024\/03\/Balls-300x300.png\" \/>\n<meta name=\"twitter:card\" content=\"summary_large_image\" \/>\n<meta name=\"twitter:label1\" content=\"Timp estimat pentru citire\" \/>\n\t<meta name=\"twitter:data1\" content=\"4 minute\" \/>\n<script type=\"application\/ld+json\" class=\"yoast-schema-graph\">{\"@context\":\"https:\\\/\\\/schema.org\",\"@graph\":[{\"@type\":\"WebPage\",\"@id\":\"https:\\\/\\\/redfoxlotto.com\\\/ro\\\/joaca\\\/euromillions-eu\\\/\",\"url\":\"https:\\\/\\\/redfoxlotto.com\\\/ro\\\/joaca\\\/euromillions-eu\\\/\",\"name\":\"Juca\u021bi Euromillions online din afara UE\",\"isPartOf\":{\"@id\":\"https:\\\/\\\/redfoxlotto.com\\\/ro\\\/#website\"},\"primaryImageOfPage\":{\"@id\":\"https:\\\/\\\/redfoxlotto.com\\\/ro\\\/joaca\\\/euromillions-eu\\\/#primaryimage\"},\"image\":{\"@id\":\"https:\\\/\\\/redfoxlotto.com\\\/ro\\\/joaca\\\/euromillions-eu\\\/#primaryimage\"},\"thumbnailUrl\":\"https:\\\/\\\/redfoxlotto.com\\\/wp-content\\\/uploads\\\/2024\\\/03\\\/Balls-300x300.png\",\"datePublished\":\"2025-05-19T09:07:38+00:00\",\"dateModified\":\"2025-12-17T06:58:47+00:00\",\"description\":\"Cum s\u0103 juca\u021bi Euromillions online din afara UE sau dac\u0103 \u021bara dvs. nu particip\u0103 la Euromillions\",\"breadcrumb\":{\"@id\":\"https:\\\/\\\/redfoxlotto.com\\\/ro\\\/joaca\\\/euromillions-eu\\\/#breadcrumb\"},\"inLanguage\":\"ro-RO\",\"potentialAction\":[{\"@type\":\"ReadAction\",\"target\":[\"https:\\\/\\\/redfoxlotto.com\\\/ro\\\/joaca\\\/euromillions-eu\\\/\"]}]},{\"@type\":\"ImageObject\",\"inLanguage\":\"ro-RO\",\"@id\":\"https:\\\/\\\/redfoxlotto.com\\\/ro\\\/joaca\\\/euromillions-eu\\\/#primaryimage\",\"url\":\"https:\\\/\\\/redfoxlotto.com\\\/wp-content\\\/uploads\\\/2024\\\/03\\\/Balls-300x300.png\",\"contentUrl\":\"https:\\\/\\\/redfoxlotto.com\\\/wp-content\\\/uploads\\\/2024\\\/03\\\/Balls-300x300.png\"},{\"@type\":\"BreadcrumbList\",\"@id\":\"https:\\\/\\\/redfoxlotto.com\\\/ro\\\/joaca\\\/euromillions-eu\\\/#breadcrumb\",\"itemListElement\":[{\"@type\":\"ListItem\",\"position\":1,\"name\":\"Home\",\"item\":\"https:\\\/\\\/redfoxlotto.com\\\/ro\\\/\"},{\"@type\":\"ListItem\",\"position\":2,\"name\":\"Cum pute\u021bi participa la loteriile interna\u021bionale\",\"item\":\"https:\\\/\\\/redfoxlotto.com\\\/ro\\\/joaca\\\/\"},{\"@type\":\"ListItem\",\"position\":3,\"name\":\"Joac\u0103 Euromillions UE\"}]},{\"@type\":\"WebSite\",\"@id\":\"https:\\\/\\\/redfoxlotto.com\\\/ro\\\/#website\",\"url\":\"https:\\\/\\\/redfoxlotto.com\\\/ro\\\/\",\"name\":\"Get Tickets for the World\u2019s largest jackpots\",\"description\":\"Participate in worldwide lottery jackpots from any country\",\"publisher\":{\"@id\":\"https:\\\/\\\/redfoxlotto.com\\\/ro\\\/#organization\"},\"potentialAction\":[{\"@type\":\"SearchAction\",\"target\":{\"@type\":\"EntryPoint\",\"urlTemplate\":\"https:\\\/\\\/redfoxlotto.com\\\/ro\\\/?s={search_term_string}\"},\"query-input\":{\"@type\":\"PropertyValueSpecification\",\"valueRequired\":true,\"valueName\":\"search_term_string\"}}],\"inLanguage\":\"ro-RO\"},{\"@type\":\"Organization\",\"@id\":\"https:\\\/\\\/redfoxlotto.com\\\/ro\\\/#organization\",\"name\":\"Get Tickets for the World\u2019s largest jackpots\",\"url\":\"https:\\\/\\\/redfoxlotto.com\\\/ro\\\/\",\"logo\":{\"@type\":\"ImageObject\",\"inLanguage\":\"ro-RO\",\"@id\":\"https:\\\/\\\/redfoxlotto.com\\\/ro\\\/#\\\/schema\\\/logo\\\/image\\\/\",\"url\":\"https:\\\/\\\/redfoxlotto.com\\\/wp-content\\\/uploads\\\/2023\\\/04\\\/logo.png\",\"contentUrl\":\"https:\\\/\\\/redfoxlotto.com\\\/wp-content\\\/uploads\\\/2023\\\/04\\\/logo.png\",\"width\":269,\"height\":53,\"caption\":\"Get Tickets for the World\u2019s largest jackpots\"},\"image\":{\"@id\":\"https:\\\/\\\/redfoxlotto.com\\\/ro\\\/#\\\/schema\\\/logo\\\/image\\\/\"}}]}<\/script>\n<!-- \/ Yoast SEO plugin. -->","yoast_head_json":{"title":"Juca\u021bi Euromillions online din afara UE","description":"Cum s\u0103 juca\u021bi Euromillions online din afara UE sau dac\u0103 \u021bara dvs. nu particip\u0103 la Euromillions","robots":{"index":"index","follow":"follow","max-snippet":"max-snippet:-1","max-image-preview":"max-image-preview:large","max-video-preview":"max-video-preview:-1"},"canonical":"https:\/\/redfoxlotto.com\/ro\/joaca\/euromillions-eu\/","og_locale":"ro_RO","og_type":"article","og_title":"Juca\u021bi Euromillions online din afara UE","og_description":"Cum s\u0103 juca\u021bi Euromillions online din afara UE sau dac\u0103 \u021bara dvs. nu particip\u0103 la Euromillions","og_url":"https:\/\/redfoxlotto.com\/ro\/joaca\/euromillions-eu\/","og_site_name":"Get Tickets for the World\u2019s largest jackpots","article_modified_time":"2025-12-17T06:58:47+00:00","og_image":[{"url":"https:\/\/redfoxlotto.com\/wp-content\/uploads\/2024\/03\/Balls-300x300.png","type":"","width":"","height":""}],"twitter_card":"summary_large_image","twitter_misc":{"Timp estimat pentru citire":"4 minute"},"schema":{"@context":"https:\/\/schema.org","@graph":[{"@type":"WebPage","@id":"https:\/\/redfoxlotto.com\/ro\/joaca\/euromillions-eu\/","url":"https:\/\/redfoxlotto.com\/ro\/joaca\/euromillions-eu\/","name":"Juca\u021bi Euromillions online din afara UE","isPartOf":{"@id":"https:\/\/redfoxlotto.com\/ro\/#website"},"primaryImageOfPage":{"@id":"https:\/\/redfoxlotto.com\/ro\/joaca\/euromillions-eu\/#primaryimage"},"image":{"@id":"https:\/\/redfoxlotto.com\/ro\/joaca\/euromillions-eu\/#primaryimage"},"thumbnailUrl":"https:\/\/redfoxlotto.com\/wp-content\/uploads\/2024\/03\/Balls-300x300.png","datePublished":"2025-05-19T09:07:38+00:00","dateModified":"2025-12-17T06:58:47+00:00","description":"Cum s\u0103 juca\u021bi Euromillions online din afara UE sau dac\u0103 \u021bara dvs. nu particip\u0103 la Euromillions","breadcrumb":{"@id":"https:\/\/redfoxlotto.com\/ro\/joaca\/euromillions-eu\/#breadcrumb"},"inLanguage":"ro-RO","potentialAction":[{"@type":"ReadAction","target":["https:\/\/redfoxlotto.com\/ro\/joaca\/euromillions-eu\/"]}]},{"@type":"ImageObject","inLanguage":"ro-RO","@id":"https:\/\/redfoxlotto.com\/ro\/joaca\/euromillions-eu\/#primaryimage","url":"https:\/\/redfoxlotto.com\/wp-content\/uploads\/2024\/03\/Balls-300x300.png","contentUrl":"https:\/\/redfoxlotto.com\/wp-content\/uploads\/2024\/03\/Balls-300x300.png"},{"@type":"BreadcrumbList","@id":"https:\/\/redfoxlotto.com\/ro\/joaca\/euromillions-eu\/#breadcrumb","itemListElement":[{"@type":"ListItem","position":1,"name":"Home","item":"https:\/\/redfoxlotto.com\/ro\/"},{"@type":"ListItem","position":2,"name":"Cum pute\u021bi participa la loteriile interna\u021bionale","item":"https:\/\/redfoxlotto.com\/ro\/joaca\/"},{"@type":"ListItem","position":3,"name":"Joac\u0103 Euromillions UE"}]},{"@type":"WebSite","@id":"https:\/\/redfoxlotto.com\/ro\/#website","url":"https:\/\/redfoxlotto.com\/ro\/","name":"Get Tickets for the World\u2019s largest jackpots","description":"Participate in worldwide lottery jackpots from any country","publisher":{"@id":"https:\/\/redfoxlotto.com\/ro\/#organization"},"potentialAction":[{"@type":"SearchAction","target":{"@type":"EntryPoint","urlTemplate":"https:\/\/redfoxlotto.com\/ro\/?s={search_term_string}"},"query-input":{"@type":"PropertyValueSpecification","valueRequired":true,"valueName":"search_term_string"}}],"inLanguage":"ro-RO"},{"@type":"Organization","@id":"https:\/\/redfoxlotto.com\/ro\/#organization","name":"Get Tickets for the World\u2019s largest jackpots","url":"https:\/\/redfoxlotto.com\/ro\/","logo":{"@type":"ImageObject","inLanguage":"ro-RO","@id":"https:\/\/redfoxlotto.com\/ro\/#\/schema\/logo\/image\/","url":"https:\/\/redfoxlotto.com\/wp-content\/uploads\/2023\/04\/logo.png","contentUrl":"https:\/\/redfoxlotto.com\/wp-content\/uploads\/2023\/04\/logo.png","width":269,"height":53,"caption":"Get Tickets for the World\u2019s largest jackpots"},"image":{"@id":"https:\/\/redfoxlotto.com\/ro\/#\/schema\/logo\/image\/"}}]}},"_links":{"self":[{"href":"https:\/\/redfoxlotto.com\/ro\/wp-json\/wp\/v2\/pages\/87608","targetHints":{"allow":["GET"]}}],"collection":[{"href":"https:\/\/redfoxlotto.com\/ro\/wp-json\/wp\/v2\/pages"}],"about":[{"href":"https:\/\/redfoxlotto.com\/ro\/wp-json\/wp\/v2\/types\/page"}],"author":[{"embeddable":true,"href":"https:\/\/redfoxlotto.com\/ro\/wp-json\/wp\/v2\/users\/8"}],"replies":[{"embeddable":true,"href":"https:\/\/redfoxlotto.com\/ro\/wp-json\/wp\/v2\/comments?post=87608"}],"version-history":[{"count":0,"href":"https:\/\/redfoxlotto.com\/ro\/wp-json\/wp\/v2\/pages\/87608\/revisions"}],"up":[{"embeddable":true,"href":"https:\/\/redfoxlotto.com\/ro\/wp-json\/wp\/v2\/pages\/2852"}],"wp:attachment":[{"href":"https:\/\/redfoxlotto.com\/ro\/wp-json\/wp\/v2\/media?parent=87608"}],"curies":[{"name":"wp","href":"https:\/\/api.w.org\/{rel}","templated":true}]}}