{"id":86873,"date":"2025-02-12T11:18:17","date_gmt":"2025-02-12T11:18:17","guid":{"rendered":"https:\/\/redfoxlotto.com\/?page_id=86873"},"modified":"2025-05-15T07:10:00","modified_gmt":"2025-05-15T07:10:00","slug":"diamond-keno-10m","status":"publish","type":"page","link":"https:\/\/redfoxlotto.com\/ro\/keno\/diamond-keno-10m\/","title":{"rendered":"Diamond Keno 10m"},"content":{"rendered":"<h2>Keno online nu poate fi mai mare \u0219i mai bun dec\u00e2t acesta &#8211; juca\u021bi Keno pentru un c\u00e2\u0219tig de 10 milioane \u20ac!<\/h2>\n<p>Acesta este cel mai mare \u0219i mai popular joc de loterie Keno al nostru. Dac\u0103 sunte\u021bi \u00een c\u0103utarea celui mai bun joc Keno pentru a fi jucat online, a\u021bi ajuns la locul potrivit. Acest joc Keno are o extragere la fiecare 20 de minute, deci nu va trebui s\u0103 a\u0219tepta\u021bi mult timp pentru a afla dac\u0103 biletul dvs. a c\u00e2\u0219tigat.<\/p>\n","protected":false},"excerpt":{"rendered":"<p>Keno online nu poate fi mai mare \u0219i mai bun dec\u00e2t acesta &#8211; juca\u021bi Keno pentru un c\u00e2\u0219tig de 10 milioane \u20ac! Acesta este cel mai mare \u0219i mai popular joc de loterie Keno al nostru. Dac\u0103 sunte\u021bi \u00een c\u0103utarea celui mai bun joc Keno pentru a fi jucat online, a\u021bi ajuns la locul potrivit. [&hellip;]<\/p>\n","protected":false},"author":8,"featured_media":0,"parent":84431,"menu_order":1,"comment_status":"closed","ping_status":"closed","template":"","meta":{"_et_pb_use_builder":"","_et_pb_old_content":"","_et_gb_content_width":"","exclude_from_search":false,"footnotes":""},"class_list":["post-86873","page","type-page","status-publish","hentry"],"yoast_head":"<!-- This site is optimized with the Yoast SEO plugin v23.8 - https:\/\/yoast.com\/wordpress\/plugins\/seo\/ -->\n<title>Cele mai bune jocuri Keno online - \u20ac10 million Keno<\/title>\n<meta name=\"description\" content=\"Finiseaz\u0103 aici cele mai bune jocuri Keno online, cu premii maxime de p\u00e2n\u0103 la 10 milioane \u20ac. Nu trebuie s\u0103 a\u0219tepta\u021bi niciodat\u0103 prea mult pentru urm\u0103toarea extragere Keno online!\" \/>\n<meta name=\"robots\" content=\"index, follow, max-snippet:-1, max-image-preview:large, max-video-preview:-1\" \/>\n<link rel=\"canonical\" href=\"https:\/\/redfoxlotto.com\/ro\/keno\/diamond-keno-10m\/\" \/>\n<meta property=\"og:locale\" content=\"ro_RO\" \/>\n<meta property=\"og:type\" content=\"article\" \/>\n<meta property=\"og:title\" content=\"Cele mai bune jocuri Keno online - \u20ac10 million Keno\" \/>\n<meta property=\"og:description\" content=\"Finiseaz\u0103 aici cele mai bune jocuri Keno online, cu premii maxime de p\u00e2n\u0103 la 10 milioane \u20ac. Nu trebuie s\u0103 a\u0219tepta\u021bi niciodat\u0103 prea mult pentru urm\u0103toarea extragere Keno online!\" \/>\n<meta property=\"og:url\" content=\"https:\/\/redfoxlotto.com\/ro\/keno\/diamond-keno-10m\/\" \/>\n<meta property=\"og:site_name\" content=\"Get Tickets for the World\u2019s largest jackpots\" \/>\n<meta property=\"article:modified_time\" content=\"2025-05-15T07:10:00+00:00\" \/>\n<meta name=\"twitter:card\" content=\"summary_large_image\" \/>\n<meta name=\"twitter:label1\" content=\"Timp estimat pentru citire\" \/>\n\t<meta name=\"twitter:data1\" content=\"1 minut\" \/>\n<script type=\"application\/ld+json\" class=\"yoast-schema-graph\">{\"@context\":\"https:\/\/schema.org\",\"@graph\":[{\"@type\":\"WebPage\",\"@id\":\"https:\/\/redfoxlotto.com\/ro\/keno\/diamond-keno-10m\/\",\"url\":\"https:\/\/redfoxlotto.com\/ro\/keno\/diamond-keno-10m\/\",\"name\":\"Cele mai bune jocuri Keno online - \u20ac10 million Keno\",\"isPartOf\":{\"@id\":\"https:\/\/redfoxlotto.com\/ro\/#website\"},\"datePublished\":\"2025-02-12T11:18:17+00:00\",\"dateModified\":\"2025-05-15T07:10:00+00:00\",\"description\":\"Finiseaz\u0103 aici cele mai bune jocuri Keno online, cu premii maxime de p\u00e2n\u0103 la 10 milioane \u20ac. Nu trebuie s\u0103 a\u0219tepta\u021bi niciodat\u0103 prea mult pentru urm\u0103toarea extragere Keno online!\",\"breadcrumb\":{\"@id\":\"https:\/\/redfoxlotto.com\/ro\/keno\/diamond-keno-10m\/#breadcrumb\"},\"inLanguage\":\"ro-RO\",\"potentialAction\":[{\"@type\":\"ReadAction\",\"target\":[\"https:\/\/redfoxlotto.com\/ro\/keno\/diamond-keno-10m\/\"]}]},{\"@type\":\"BreadcrumbList\",\"@id\":\"https:\/\/redfoxlotto.com\/ro\/keno\/diamond-keno-10m\/#breadcrumb\",\"itemListElement\":[{\"@type\":\"ListItem\",\"position\":1,\"name\":\"Home\",\"item\":\"https:\/\/redfoxlotto.com\/ro\/\"},{\"@type\":\"ListItem\",\"position\":2,\"name\":\"Keno\",\"item\":\"https:\/\/redfoxlotto.com\/ro\/keno\/\"},{\"@type\":\"ListItem\",\"position\":3,\"name\":\"Diamond Keno 10m\"}]},{\"@type\":\"WebSite\",\"@id\":\"https:\/\/redfoxlotto.com\/ro\/#website\",\"url\":\"https:\/\/redfoxlotto.com\/ro\/\",\"name\":\"Get Tickets for the World\u2019s largest jackpots\",\"description\":\"Participate in worldwide lottery jackpots from any country\",\"publisher\":{\"@id\":\"https:\/\/redfoxlotto.com\/ro\/#organization\"},\"potentialAction\":[{\"@type\":\"SearchAction\",\"target\":{\"@type\":\"EntryPoint\",\"urlTemplate\":\"https:\/\/redfoxlotto.com\/ro\/?s={search_term_string}\"},\"query-input\":{\"@type\":\"PropertyValueSpecification\",\"valueRequired\":true,\"valueName\":\"search_term_string\"}}],\"inLanguage\":\"ro-RO\"},{\"@type\":\"Organization\",\"@id\":\"https:\/\/redfoxlotto.com\/ro\/#organization\",\"name\":\"Get Tickets for the World\u2019s largest jackpots\",\"url\":\"https:\/\/redfoxlotto.com\/ro\/\",\"logo\":{\"@type\":\"ImageObject\",\"inLanguage\":\"ro-RO\",\"@id\":\"https:\/\/redfoxlotto.com\/ro\/#\/schema\/logo\/image\/\",\"url\":\"https:\/\/redfoxlotto.com\/wp-content\/uploads\/2023\/04\/logo.png\",\"contentUrl\":\"https:\/\/redfoxlotto.com\/wp-content\/uploads\/2023\/04\/logo.png\",\"width\":269,\"height\":53,\"caption\":\"Get Tickets for the World\u2019s largest jackpots\"},\"image\":{\"@id\":\"https:\/\/redfoxlotto.com\/ro\/#\/schema\/logo\/image\/\"}}]}<\/script>\n<!-- \/ Yoast SEO plugin. -->","yoast_head_json":{"title":"Cele mai bune jocuri Keno online - \u20ac10 million Keno","description":"Finiseaz\u0103 aici cele mai bune jocuri Keno online, cu premii maxime de p\u00e2n\u0103 la 10 milioane \u20ac. Nu trebuie s\u0103 a\u0219tepta\u021bi niciodat\u0103 prea mult pentru urm\u0103toarea extragere Keno online!","robots":{"index":"index","follow":"follow","max-snippet":"max-snippet:-1","max-image-preview":"max-image-preview:large","max-video-preview":"max-video-preview:-1"},"canonical":"https:\/\/redfoxlotto.com\/ro\/keno\/diamond-keno-10m\/","og_locale":"ro_RO","og_type":"article","og_title":"Cele mai bune jocuri Keno online - \u20ac10 million Keno","og_description":"Finiseaz\u0103 aici cele mai bune jocuri Keno online, cu premii maxime de p\u00e2n\u0103 la 10 milioane \u20ac. Nu trebuie s\u0103 a\u0219tepta\u021bi niciodat\u0103 prea mult pentru urm\u0103toarea extragere Keno online!","og_url":"https:\/\/redfoxlotto.com\/ro\/keno\/diamond-keno-10m\/","og_site_name":"Get Tickets for the World\u2019s largest jackpots","article_modified_time":"2025-05-15T07:10:00+00:00","twitter_card":"summary_large_image","twitter_misc":{"Timp estimat pentru citire":"1 minut"},"schema":{"@context":"https:\/\/schema.org","@graph":[{"@type":"WebPage","@id":"https:\/\/redfoxlotto.com\/ro\/keno\/diamond-keno-10m\/","url":"https:\/\/redfoxlotto.com\/ro\/keno\/diamond-keno-10m\/","name":"Cele mai bune jocuri Keno online - \u20ac10 million Keno","isPartOf":{"@id":"https:\/\/redfoxlotto.com\/ro\/#website"},"datePublished":"2025-02-12T11:18:17+00:00","dateModified":"2025-05-15T07:10:00+00:00","description":"Finiseaz\u0103 aici cele mai bune jocuri Keno online, cu premii maxime de p\u00e2n\u0103 la 10 milioane \u20ac. Nu trebuie s\u0103 a\u0219tepta\u021bi niciodat\u0103 prea mult pentru urm\u0103toarea extragere Keno online!","breadcrumb":{"@id":"https:\/\/redfoxlotto.com\/ro\/keno\/diamond-keno-10m\/#breadcrumb"},"inLanguage":"ro-RO","potentialAction":[{"@type":"ReadAction","target":["https:\/\/redfoxlotto.com\/ro\/keno\/diamond-keno-10m\/"]}]},{"@type":"BreadcrumbList","@id":"https:\/\/redfoxlotto.com\/ro\/keno\/diamond-keno-10m\/#breadcrumb","itemListElement":[{"@type":"ListItem","position":1,"name":"Home","item":"https:\/\/redfoxlotto.com\/ro\/"},{"@type":"ListItem","position":2,"name":"Keno","item":"https:\/\/redfoxlotto.com\/ro\/keno\/"},{"@type":"ListItem","position":3,"name":"Diamond Keno 10m"}]},{"@type":"WebSite","@id":"https:\/\/redfoxlotto.com\/ro\/#website","url":"https:\/\/redfoxlotto.com\/ro\/","name":"Get Tickets for the World\u2019s largest jackpots","description":"Participate in worldwide lottery jackpots from any country","publisher":{"@id":"https:\/\/redfoxlotto.com\/ro\/#organization"},"potentialAction":[{"@type":"SearchAction","target":{"@type":"EntryPoint","urlTemplate":"https:\/\/redfoxlotto.com\/ro\/?s={search_term_string}"},"query-input":{"@type":"PropertyValueSpecification","valueRequired":true,"valueName":"search_term_string"}}],"inLanguage":"ro-RO"},{"@type":"Organization","@id":"https:\/\/redfoxlotto.com\/ro\/#organization","name":"Get Tickets for the World\u2019s largest jackpots","url":"https:\/\/redfoxlotto.com\/ro\/","logo":{"@type":"ImageObject","inLanguage":"ro-RO","@id":"https:\/\/redfoxlotto.com\/ro\/#\/schema\/logo\/image\/","url":"https:\/\/redfoxlotto.com\/wp-content\/uploads\/2023\/04\/logo.png","contentUrl":"https:\/\/redfoxlotto.com\/wp-content\/uploads\/2023\/04\/logo.png","width":269,"height":53,"caption":"Get Tickets for the World\u2019s largest jackpots"},"image":{"@id":"https:\/\/redfoxlotto.com\/ro\/#\/schema\/logo\/image\/"}}]}},"_links":{"self":[{"href":"https:\/\/redfoxlotto.com\/ro\/wp-json\/wp\/v2\/pages\/86873","targetHints":{"allow":["GET"]}}],"collection":[{"href":"https:\/\/redfoxlotto.com\/ro\/wp-json\/wp\/v2\/pages"}],"about":[{"href":"https:\/\/redfoxlotto.com\/ro\/wp-json\/wp\/v2\/types\/page"}],"author":[{"embeddable":true,"href":"https:\/\/redfoxlotto.com\/ro\/wp-json\/wp\/v2\/users\/8"}],"replies":[{"embeddable":true,"href":"https:\/\/redfoxlotto.com\/ro\/wp-json\/wp\/v2\/comments?post=86873"}],"version-history":[{"count":0,"href":"https:\/\/redfoxlotto.com\/ro\/wp-json\/wp\/v2\/pages\/86873\/revisions"}],"up":[{"embeddable":true,"href":"https:\/\/redfoxlotto.com\/ro\/wp-json\/wp\/v2\/pages\/84431"}],"wp:attachment":[{"href":"https:\/\/redfoxlotto.com\/ro\/wp-json\/wp\/v2\/media?parent=86873"}],"curies":[{"name":"wp","href":"https:\/\/api.w.org\/{rel}","templated":true}]}}