{"id":85567,"date":"2025-02-25T17:29:04","date_gmt":"2025-02-25T17:29:04","guid":{"rendered":"https:\/\/redfoxlotto.com\/?page_id=85567"},"modified":"2025-04-21T07:56:20","modified_gmt":"2025-04-21T07:56:20","slug":"rezultatele-loteriei-din-new-york","status":"publish","type":"page","link":"https:\/\/redfoxlotto.com\/ro\/rezultate\/rezultatele-loteriei-din-new-york\/","title":{"rendered":"Rezultatele loteriei din New York"},"content":{"rendered":"<h2>\ud83d\uddfdCele mai recente rezultate de la extragerea Loteriei New York.<\/h2>\n<p><img loading=\"lazy\" decoding=\"async\" class=\"size-full wp-image-48546 alignright\" src=\"https:\/\/redfoxlotto.com\/wp-content\/uploads\/2023\/04\/powerball-draw-youtube1-300x300-1.jpg\" alt=\"newyork lotto \" width=\"300\" height=\"300\" srcset=\"https:\/\/redfoxlotto.com\/wp-content\/uploads\/2023\/04\/powerball-draw-youtube1-300x300-1.jpg 300w, https:\/\/redfoxlotto.com\/wp-content\/uploads\/2023\/04\/powerball-draw-youtube1-300x300-1-100x100.jpg 100w, https:\/\/redfoxlotto.com\/wp-content\/uploads\/2023\/04\/powerball-draw-youtube1-300x300-1-150x150.jpg 150w\" sizes=\"auto, (max-width: 300px) 100vw, 300px\" \/><br \/>\nJuc\u0103torii de loterie care sunt interesa\u021bi de cele mai recente rezultate ale Loteriei New York pot profita de platforma RedFoxLotto, care nu este doar cuprinz\u0103toare, ci \u0219i simplu de utilizat. Pentru a v\u0103 asigura c\u0103 sunte\u021bi \u00eentotdeauna la curent cu cele mai recente informa\u021bii, RedFoxLotto v\u0103 ofer\u0103 cele mai recente informa\u021bii, indiferent dac\u0103 v\u0103 uita\u021bi la cea mai recent\u0103 extragere sau la combina\u021biile de numere care au c\u00e2\u0219tigat \u00een trecut.<\/p>\n<h2>\ud83d\udd0dPun\u00e2nd la dispozi\u021bie cele mai recente descoperiri<\/h2>\n<p>Site-ul RedFoxLotto este responsabil de men\u021binerea unei pagini dedicate exclusiv rezultatelor loteriei din New York. Utilizatorii vor putea utiliza aceast\u0103 pagin\u0103 pentru a extrage numerele c\u00e2\u0219tig\u0103toare de la cele mai recente extrageri efectuate. Acest lucru garanteaz\u0103 c\u0103 juc\u0103torii au acces la toate informa\u021biile pertinente de la v\u00e2rful degetelor, oferindu-le informa\u021bii complete cu privire la o serie de jocuri, oferindu-le aceste informa\u021bii.<\/p>\n<h2>Caracteristici \u0219i beneficii ale produsului<\/h2>\n<h3>Colec\u021bii complete de arhive:<\/h3>\n<p>Utilizatorii RedFoxLotto au acces la o arhiv\u0103 a numerelor c\u00e2\u0219tig\u0103toare anterioare, \u00een plus fa\u021b\u0103 de cele mai recente rezultate ale loteriei. Utilizatorii pot investiga tipare sau verifica rezultatele numerelor c\u00e2\u0219tig\u0103toare anterioare prin utilizarea acestei arhive.<\/p>\n<p>Juc\u0103torii din \u00eentreaga lume pot participa la New York Lottery utiliz\u00e2nd platforma oferit\u0103 de RedFoxLotto.com. Aceast\u0103 accesibilitate permite juc\u0103torilor din \u00eentreaga lume s\u0103 participe. Astfel, este mult mai simplu pentru persoanele din alte na\u021biuni s\u0103 participe la loteriile care au loc \u00een Statele Unite.<\/p>\n<p>Tranzac\u021biile securizate ale RedFoxLotto asigur\u0103 siguran\u021ba \u0219i securitatea tuturor tranzac\u021biilor financiare, permi\u021b\u00e2nd utilizatorilor s\u0103 achizi\u021bioneze bilete online f\u0103r\u0103 niciun fel de griji. Acest lucru a f\u0103cut posibil\u0103 achizi\u021bionarea de bilete online de c\u0103tre utilizatori.<\/p>\n<h3>Alerte care sunt generate automat:<\/h3>\n<p>\u00cen cazul \u00een care un utilizator are succes, acesta va fi notificat imediat, ceea ce reduce necesitatea ca o persoan\u0103 s\u0103 verifice manual rezultatele.<\/p>\n<h2>Pentru \u00eenceput: Un ghid pas cu pas<\/h2>\n<p>Presupun\u00e2nd c\u0103 vizita\u021bi site-ul, accesa\u021bi pagina New York Lottery de pe RedFoxLotto urm\u00e2nd link-ul furnizat. https:\/\/redfoxlotto.com\/results\/new-york-lottery\/<\/p>\n<p>Pentru a crea un cont de utilizator, prin \u00eenregistrare ve\u021bi putea ob\u021bine acces la toate serviciile, inclusiv la oportunit\u0103\u021bile de a cump\u0103ra bilete \u0219i de a primi notific\u0103ri cu privire la rezultate.<\/p>\n<p>\u00cen scopul achizi\u021bion\u0103rii de bilete pentru urm\u0103toarele extrageri, pute\u021bi fie s\u0103 v\u0103 selecta\u021bi numerele preferate, fie s\u0103 utiliza\u021bi op\u021biunea de selectare rapid\u0103. \u00cen plus, ave\u021bi posibilitatea de a selecta op\u021biunea de extragere rapid\u0103.<\/p>\n<p>Dup\u0103 efectuarea extragerii, trebuie s\u0103 reveni\u021bi pe site pentru a verifica cele mai recente numere c\u00e2\u0219tig\u0103toare \u0219i pentru a decide dac\u0103 sunte\u021bi sau nu c\u00e2\u0219tig\u0103tor.<\/p>\n<p>Prin furnizarea unui mijloc fiabil \u0219i eficient de a urm\u0103ri cele mai recente rezultate \u0219i de a v\u0103 gestiona ac\u021biunile legate de loterie, RedFoxLotto simplific\u0103 procesul de participare la New York Lottery.<\/p>\n","protected":false},"excerpt":{"rendered":"<p>\ud83d\uddfdCele mai recente rezultate de la extragerea Loteriei New York. Juc\u0103torii de loterie care sunt interesa\u021bi de cele mai recente rezultate ale Loteriei New York pot profita de platforma RedFoxLotto, care nu este doar cuprinz\u0103toare, ci \u0219i simplu de utilizat. Pentru a v\u0103 asigura c\u0103 sunte\u021bi \u00eentotdeauna la curent cu cele mai recente informa\u021bii, RedFoxLotto [&hellip;]<\/p>\n","protected":false},"author":8,"featured_media":0,"parent":2842,"menu_order":18,"comment_status":"closed","ping_status":"closed","template":"newyork-results.php","meta":{"_et_pb_use_builder":"","_et_pb_old_content":"","_et_gb_content_width":"","exclude_from_search":false,"footnotes":""},"class_list":["post-85567","page","type-page","status-publish","hentry"],"yoast_head":"<!-- This site is optimized with the Yoast SEO plugin v23.8 - https:\/\/yoast.com\/wordpress\/plugins\/seo\/ -->\n<title>Numerele c\u00e2\u0219tig\u0103toare la Loteria New York | Rezultatele loteriei New York de asear\u0103<\/title>\n<meta name=\"description\" content=\"Dac\u0103 sunte\u021bi \u00een c\u0103utarea numerelor c\u00e2\u0219tig\u0103toare New York Lottery de asear\u0103 sau a rezultatelor mai vechi, le ve\u021bi g\u0103si pe site-ul nostru\" \/>\n<meta name=\"robots\" content=\"index, follow, max-snippet:-1, max-image-preview:large, max-video-preview:-1\" \/>\n<link rel=\"canonical\" href=\"https:\/\/redfoxlotto.com\/ro\/rezultate\/rezultatele-loteriei-din-new-york\/\" \/>\n<meta property=\"og:locale\" content=\"ro_RO\" \/>\n<meta property=\"og:type\" content=\"article\" \/>\n<meta property=\"og:title\" content=\"Numerele c\u00e2\u0219tig\u0103toare la Loteria New York | Rezultatele loteriei New York de asear\u0103\" \/>\n<meta property=\"og:description\" content=\"Dac\u0103 sunte\u021bi \u00een c\u0103utarea numerelor c\u00e2\u0219tig\u0103toare New York Lottery de asear\u0103 sau a rezultatelor mai vechi, le ve\u021bi g\u0103si pe site-ul nostru\" \/>\n<meta property=\"og:url\" content=\"https:\/\/redfoxlotto.com\/ro\/rezultate\/rezultatele-loteriei-din-new-york\/\" \/>\n<meta property=\"og:site_name\" content=\"Get Tickets for the World\u2019s largest jackpots\" \/>\n<meta property=\"article:modified_time\" content=\"2025-04-21T07:56:20+00:00\" \/>\n<meta property=\"og:image\" content=\"https:\/\/redfoxlotto.com\/wp-content\/uploads\/2023\/04\/powerball-draw-youtube1-300x300-1.jpg\" \/>\n<meta name=\"twitter:card\" content=\"summary_large_image\" \/>\n<meta name=\"twitter:label1\" content=\"Timp estimat pentru citire\" \/>\n\t<meta name=\"twitter:data1\" content=\"3 minute\" \/>\n<script type=\"application\/ld+json\" class=\"yoast-schema-graph\">{\"@context\":\"https:\/\/schema.org\",\"@graph\":[{\"@type\":\"WebPage\",\"@id\":\"https:\/\/redfoxlotto.com\/ro\/rezultate\/rezultatele-loteriei-din-new-york\/\",\"url\":\"https:\/\/redfoxlotto.com\/ro\/rezultate\/rezultatele-loteriei-din-new-york\/\",\"name\":\"Numerele c\u00e2\u0219tig\u0103toare la Loteria New York | Rezultatele loteriei New York de asear\u0103\",\"isPartOf\":{\"@id\":\"https:\/\/redfoxlotto.com\/ro\/#website\"},\"primaryImageOfPage\":{\"@id\":\"https:\/\/redfoxlotto.com\/ro\/rezultate\/rezultatele-loteriei-din-new-york\/#primaryimage\"},\"image\":{\"@id\":\"https:\/\/redfoxlotto.com\/ro\/rezultate\/rezultatele-loteriei-din-new-york\/#primaryimage\"},\"thumbnailUrl\":\"https:\/\/redfoxlotto.com\/wp-content\/uploads\/2023\/04\/powerball-draw-youtube1-300x300-1.jpg\",\"datePublished\":\"2025-02-25T17:29:04+00:00\",\"dateModified\":\"2025-04-21T07:56:20+00:00\",\"description\":\"Dac\u0103 sunte\u021bi \u00een c\u0103utarea numerelor c\u00e2\u0219tig\u0103toare New York Lottery de asear\u0103 sau a rezultatelor mai vechi, le ve\u021bi g\u0103si pe site-ul nostru\",\"breadcrumb\":{\"@id\":\"https:\/\/redfoxlotto.com\/ro\/rezultate\/rezultatele-loteriei-din-new-york\/#breadcrumb\"},\"inLanguage\":\"ro-RO\",\"potentialAction\":[{\"@type\":\"ReadAction\",\"target\":[\"https:\/\/redfoxlotto.com\/ro\/rezultate\/rezultatele-loteriei-din-new-york\/\"]}]},{\"@type\":\"ImageObject\",\"inLanguage\":\"ro-RO\",\"@id\":\"https:\/\/redfoxlotto.com\/ro\/rezultate\/rezultatele-loteriei-din-new-york\/#primaryimage\",\"url\":\"https:\/\/redfoxlotto.com\/wp-content\/uploads\/2023\/04\/powerball-draw-youtube1-300x300-1.jpg\",\"contentUrl\":\"https:\/\/redfoxlotto.com\/wp-content\/uploads\/2023\/04\/powerball-draw-youtube1-300x300-1.jpg\"},{\"@type\":\"BreadcrumbList\",\"@id\":\"https:\/\/redfoxlotto.com\/ro\/rezultate\/rezultatele-loteriei-din-new-york\/#breadcrumb\",\"itemListElement\":[{\"@type\":\"ListItem\",\"position\":1,\"name\":\"Home\",\"item\":\"https:\/\/redfoxlotto.com\/ro\/\"},{\"@type\":\"ListItem\",\"position\":2,\"name\":\"Rezultate la loteria Interna\u021bional\u0103\",\"item\":\"https:\/\/redfoxlotto.com\/ro\/rezultate\/\"},{\"@type\":\"ListItem\",\"position\":3,\"name\":\"Rezultatele loteriei din New York\"}]},{\"@type\":\"WebSite\",\"@id\":\"https:\/\/redfoxlotto.com\/ro\/#website\",\"url\":\"https:\/\/redfoxlotto.com\/ro\/\",\"name\":\"Get Tickets for the World\u2019s largest jackpots\",\"description\":\"Participate in worldwide lottery jackpots from any country\",\"publisher\":{\"@id\":\"https:\/\/redfoxlotto.com\/ro\/#organization\"},\"potentialAction\":[{\"@type\":\"SearchAction\",\"target\":{\"@type\":\"EntryPoint\",\"urlTemplate\":\"https:\/\/redfoxlotto.com\/ro\/?s={search_term_string}\"},\"query-input\":{\"@type\":\"PropertyValueSpecification\",\"valueRequired\":true,\"valueName\":\"search_term_string\"}}],\"inLanguage\":\"ro-RO\"},{\"@type\":\"Organization\",\"@id\":\"https:\/\/redfoxlotto.com\/ro\/#organization\",\"name\":\"Get Tickets for the World\u2019s largest jackpots\",\"url\":\"https:\/\/redfoxlotto.com\/ro\/\",\"logo\":{\"@type\":\"ImageObject\",\"inLanguage\":\"ro-RO\",\"@id\":\"https:\/\/redfoxlotto.com\/ro\/#\/schema\/logo\/image\/\",\"url\":\"https:\/\/redfoxlotto.com\/wp-content\/uploads\/2023\/04\/logo.png\",\"contentUrl\":\"https:\/\/redfoxlotto.com\/wp-content\/uploads\/2023\/04\/logo.png\",\"width\":269,\"height\":53,\"caption\":\"Get Tickets for the World\u2019s largest jackpots\"},\"image\":{\"@id\":\"https:\/\/redfoxlotto.com\/ro\/#\/schema\/logo\/image\/\"}}]}<\/script>\n<!-- \/ Yoast SEO plugin. -->","yoast_head_json":{"title":"Numerele c\u00e2\u0219tig\u0103toare la Loteria New York | Rezultatele loteriei New York de asear\u0103","description":"Dac\u0103 sunte\u021bi \u00een c\u0103utarea numerelor c\u00e2\u0219tig\u0103toare New York Lottery de asear\u0103 sau a rezultatelor mai vechi, le ve\u021bi g\u0103si pe site-ul nostru","robots":{"index":"index","follow":"follow","max-snippet":"max-snippet:-1","max-image-preview":"max-image-preview:large","max-video-preview":"max-video-preview:-1"},"canonical":"https:\/\/redfoxlotto.com\/ro\/rezultate\/rezultatele-loteriei-din-new-york\/","og_locale":"ro_RO","og_type":"article","og_title":"Numerele c\u00e2\u0219tig\u0103toare la Loteria New York | Rezultatele loteriei New York de asear\u0103","og_description":"Dac\u0103 sunte\u021bi \u00een c\u0103utarea numerelor c\u00e2\u0219tig\u0103toare New York Lottery de asear\u0103 sau a rezultatelor mai vechi, le ve\u021bi g\u0103si pe site-ul nostru","og_url":"https:\/\/redfoxlotto.com\/ro\/rezultate\/rezultatele-loteriei-din-new-york\/","og_site_name":"Get Tickets for the World\u2019s largest jackpots","article_modified_time":"2025-04-21T07:56:20+00:00","og_image":[{"url":"https:\/\/redfoxlotto.com\/wp-content\/uploads\/2023\/04\/powerball-draw-youtube1-300x300-1.jpg"}],"twitter_card":"summary_large_image","twitter_misc":{"Timp estimat pentru citire":"3 minute"},"schema":{"@context":"https:\/\/schema.org","@graph":[{"@type":"WebPage","@id":"https:\/\/redfoxlotto.com\/ro\/rezultate\/rezultatele-loteriei-din-new-york\/","url":"https:\/\/redfoxlotto.com\/ro\/rezultate\/rezultatele-loteriei-din-new-york\/","name":"Numerele c\u00e2\u0219tig\u0103toare la Loteria New York | Rezultatele loteriei New York de asear\u0103","isPartOf":{"@id":"https:\/\/redfoxlotto.com\/ro\/#website"},"primaryImageOfPage":{"@id":"https:\/\/redfoxlotto.com\/ro\/rezultate\/rezultatele-loteriei-din-new-york\/#primaryimage"},"image":{"@id":"https:\/\/redfoxlotto.com\/ro\/rezultate\/rezultatele-loteriei-din-new-york\/#primaryimage"},"thumbnailUrl":"https:\/\/redfoxlotto.com\/wp-content\/uploads\/2023\/04\/powerball-draw-youtube1-300x300-1.jpg","datePublished":"2025-02-25T17:29:04+00:00","dateModified":"2025-04-21T07:56:20+00:00","description":"Dac\u0103 sunte\u021bi \u00een c\u0103utarea numerelor c\u00e2\u0219tig\u0103toare New York Lottery de asear\u0103 sau a rezultatelor mai vechi, le ve\u021bi g\u0103si pe site-ul nostru","breadcrumb":{"@id":"https:\/\/redfoxlotto.com\/ro\/rezultate\/rezultatele-loteriei-din-new-york\/#breadcrumb"},"inLanguage":"ro-RO","potentialAction":[{"@type":"ReadAction","target":["https:\/\/redfoxlotto.com\/ro\/rezultate\/rezultatele-loteriei-din-new-york\/"]}]},{"@type":"ImageObject","inLanguage":"ro-RO","@id":"https:\/\/redfoxlotto.com\/ro\/rezultate\/rezultatele-loteriei-din-new-york\/#primaryimage","url":"https:\/\/redfoxlotto.com\/wp-content\/uploads\/2023\/04\/powerball-draw-youtube1-300x300-1.jpg","contentUrl":"https:\/\/redfoxlotto.com\/wp-content\/uploads\/2023\/04\/powerball-draw-youtube1-300x300-1.jpg"},{"@type":"BreadcrumbList","@id":"https:\/\/redfoxlotto.com\/ro\/rezultate\/rezultatele-loteriei-din-new-york\/#breadcrumb","itemListElement":[{"@type":"ListItem","position":1,"name":"Home","item":"https:\/\/redfoxlotto.com\/ro\/"},{"@type":"ListItem","position":2,"name":"Rezultate la loteria Interna\u021bional\u0103","item":"https:\/\/redfoxlotto.com\/ro\/rezultate\/"},{"@type":"ListItem","position":3,"name":"Rezultatele loteriei din New York"}]},{"@type":"WebSite","@id":"https:\/\/redfoxlotto.com\/ro\/#website","url":"https:\/\/redfoxlotto.com\/ro\/","name":"Get Tickets for the World\u2019s largest jackpots","description":"Participate in worldwide lottery jackpots from any country","publisher":{"@id":"https:\/\/redfoxlotto.com\/ro\/#organization"},"potentialAction":[{"@type":"SearchAction","target":{"@type":"EntryPoint","urlTemplate":"https:\/\/redfoxlotto.com\/ro\/?s={search_term_string}"},"query-input":{"@type":"PropertyValueSpecification","valueRequired":true,"valueName":"search_term_string"}}],"inLanguage":"ro-RO"},{"@type":"Organization","@id":"https:\/\/redfoxlotto.com\/ro\/#organization","name":"Get Tickets for the World\u2019s largest jackpots","url":"https:\/\/redfoxlotto.com\/ro\/","logo":{"@type":"ImageObject","inLanguage":"ro-RO","@id":"https:\/\/redfoxlotto.com\/ro\/#\/schema\/logo\/image\/","url":"https:\/\/redfoxlotto.com\/wp-content\/uploads\/2023\/04\/logo.png","contentUrl":"https:\/\/redfoxlotto.com\/wp-content\/uploads\/2023\/04\/logo.png","width":269,"height":53,"caption":"Get Tickets for the World\u2019s largest jackpots"},"image":{"@id":"https:\/\/redfoxlotto.com\/ro\/#\/schema\/logo\/image\/"}}]}},"_links":{"self":[{"href":"https:\/\/redfoxlotto.com\/ro\/wp-json\/wp\/v2\/pages\/85567","targetHints":{"allow":["GET"]}}],"collection":[{"href":"https:\/\/redfoxlotto.com\/ro\/wp-json\/wp\/v2\/pages"}],"about":[{"href":"https:\/\/redfoxlotto.com\/ro\/wp-json\/wp\/v2\/types\/page"}],"author":[{"embeddable":true,"href":"https:\/\/redfoxlotto.com\/ro\/wp-json\/wp\/v2\/users\/8"}],"replies":[{"embeddable":true,"href":"https:\/\/redfoxlotto.com\/ro\/wp-json\/wp\/v2\/comments?post=85567"}],"version-history":[{"count":0,"href":"https:\/\/redfoxlotto.com\/ro\/wp-json\/wp\/v2\/pages\/85567\/revisions"}],"up":[{"embeddable":true,"href":"https:\/\/redfoxlotto.com\/ro\/wp-json\/wp\/v2\/pages\/2842"}],"wp:attachment":[{"href":"https:\/\/redfoxlotto.com\/ro\/wp-json\/wp\/v2\/media?parent=85567"}],"curies":[{"name":"wp","href":"https:\/\/api.w.org\/{rel}","templated":true}]}}