{"id":85503,"date":"2025-02-25T17:25:31","date_gmt":"2025-02-25T17:25:31","guid":{"rendered":"https:\/\/redfoxlotto.com\/?page_id=85503"},"modified":"2025-04-21T06:55:35","modified_gmt":"2025-04-21T06:55:35","slug":"despre-loteria-new-york","status":"publish","type":"page","link":"https:\/\/redfoxlotto.com\/ro\/informatie\/despre-loteria-new-york\/","title":{"rendered":"Despre Loteria New York"},"content":{"rendered":"<h2>Cum s\u0103 cump\u0103ra\u021bi bilete la Loteria New York<\/h2>\n<p>Un ghid de cump\u0103rare a biletelor pentru Loteria New York pe RedFoxLotto:<\/p>\n<p>C\u00e2nd juca\u021bi la Loteria New York, a\u021bi visat vreodat\u0103 s\u0103 c\u00e2\u0219tiga\u021bi un jackpot care v-ar putea transforma complet via\u021ba? Participarea la loterii interna\u021bionale, cum ar fi New York Lotto, nu a fost niciodat\u0103 mai simpl\u0103 dec\u00e2t este cu RedFoxLotto, chiar dac\u0103 v\u0103 afla\u021bi \u00een afara Statelor Unite.<\/p>\n<p>Pe parcursul acestei post\u0103ri, v\u0103 vom ghida prin procesul de cump\u0103rare a biletelor New York Lottery de la RedFoxLotto \u00een c\u00e2\u021biva pa\u0219i simpli.<\/p>\n<h2>RedFoxLotto: Ce este?<\/h2>\n<p>Pute\u021bi lua parte la marile loterii interna\u021bionale cu RedFoxLotto, care este un serviciu de loterie online de renume. Aceste loterii includ Powerball, Mega Millions, EuroMillions \u0219i, desigur, New York Lotto. Ei \u00eendeplinesc func\u021bia unui serviciu de mesagerie a biletelor, ceea ce \u00eenseamn\u0103 c\u0103 achizi\u021bioneaz\u0103 un bilet autentic \u00een numele dvs. \u0219i apoi \u00eel scaneaz\u0103 \u00een contul dvs. online desemnat.<\/p>\n<h3>RedFoxLotto: un ghid pas cu pas pentru achizi\u021bionarea de bilete pentru programul loteriei din New York<\/h3>\n<p>1. \u00cenregistra\u021bi-v\u0103. Accesa\u021bi RedFoxLotto.com pentru a \u00eencepe procesul de \u00eenregistrare. Introduce\u021bi informa\u021biile dvs. de baz\u0103, cum ar fi numele, adresa de e-mail \u0219i \u021bara \u00een care locui\u021bi \u00een prezent, f\u0103c\u00e2nd clic pe butonul \u201eSign Up\u201d.<\/p>\n<p>2. Confirma\u021bi c\u0103 contul dvs. este legitim.<\/p>\n<p>G\u0103si\u021bi un link de verificare \u00een c\u0103su\u021ba dvs. po\u0219tal\u0103 dup\u0103 ce a\u021bi finalizat procesul de \u00eenscriere. Pute\u021bi s\u0103 v\u0103 verifica\u021bi contul f\u0103c\u00e2nd clic pe acesta. \u00cen ciuda faptului c\u0103 acesta este un pas simplu, este esen\u021bial at\u00e2t pentru siguran\u021b\u0103, c\u00e2t \u0219i pentru eventualele c\u00e2\u0219tiguri viitoare.<\/p>\n<p>3. Investiga\u021bi loteriile<\/p>\n<p>Dup\u0103 ce v-a\u021bi \u00eenregistrat cu succes, naviga\u021bi pe pagina de pornire \u0219i c\u0103uta\u021bi New York Lotto printre lista de loterii accesibile. Pute\u021bi afla mai multe despre urm\u0103toarea extragere, m\u0103rimea jackpotului \u0219i costul biletelor f\u0103c\u00e2nd clic pe aceasta.<\/p>\n<p>4. Face\u021bi selec\u021bia numerelor<\/p>\n<p>Sarcina dvs. va fi s\u0103 alege\u021bi \u0219ase numere cuprinse \u00eentre unu \u0219i \u0219aizeci \u0219i nou\u0103. Ave\u021bi op\u021biunea de a le selecta manual sau pute\u021bi utiliza op\u021biunea Quick Pick pentru ca RedFoxLotto s\u0103 genereze numere aleatorii de la zero pentru dvs.<\/p>\n<h2>Ad\u0103uga\u021bi \u00een co\u0219 \u0219i proceda\u021bi la plat\u0103<\/h2>\n<p>Imediat ce v-a\u021bi selectat numerele, ad\u0103uga\u021bi biletul \u00een co\u0219ul de cump\u0103r\u0103turi. Dup\u0103 aceea, intra\u021bi \u00een zona de plat\u0103. Mai multe op\u021biuni de plat\u0103 sunt acceptate de RedFoxLotto, inclusiv urm\u0103toarele:<\/p>\n<ul>\n<li>Carduri de credit \u0219i de debit<\/li>\n<li>Transfer bancar<\/li>\n<li>Portofele electronice cum ar fi Skrill<\/li>\n<li>\u00cen unele zone, criptomoneda este utilizat\u0103 pe scar\u0103 larg\u0103.<\/li>\n<\/ul>\n<h2>Confirmarea \u0219i scanarea biletelor<\/h2>\n<p>Imediat dup\u0103 ce banii dvs. au fost procesa\u021bi, RedFoxLotto va trimite unul dintre agen\u021bii s\u0103i locali din Statele Unite pentru a cump\u0103ra un bilet New York Lotto autentic cu numerele pe care le-a\u021bi selectat. Pentru a furniza dovada achizi\u021biei, o scanare a biletului dvs. va fi postat\u0103 \u00een contul dvs.<\/p>\n<h2>Ce se \u00eent\u00e2mpl\u0103 dac\u0103 sunte\u021bi c\u00e2\u0219tig\u0103tor?<\/h2>\n<h3>Dac\u0103 numerele pe care le-a\u021bi introdus c\u00e2\u0219tig\u0103 un premiu:<\/h3>\n<p>Contul dvs. RedFoxLotto va fi creditat instantaneu cu orice c\u00e2\u0219tig de m\u0103rime mic\u0103 p\u00e2n\u0103 la moderat\u0103. Odat\u0103 ce a\u021bi c\u00e2\u0219tigat un jackpot mare, echipa RedFoxLotto v\u0103 va ghida prin pa\u0219ii necesari pentru a v\u0103 revendica premiul. C\u0103l\u0103toria dvs. \u00een Statele Unite poate fi necesar\u0103, \u00een func\u021bie de sum\u0103 \u0219i de reglement\u0103rile statului.<\/p>\n<h2>Care este legea?<\/h2>\n<p>\u00centr-adev\u0103r. RedFoxLotto nu este un furnizor de loterii; mai degrab\u0103, gestioneaz\u0103 distribu\u021bia biletelor de loterie. Cump\u0103ra\u021bi un bilet fizic real prin intermediul unui agent autorizat, ceea ce garanteaz\u0103 c\u0103 totul este legal \u0219i transparent, chiar dac\u0103 juca\u021bi dintr-o alt\u0103 na\u021biune.<\/p>\n<h2>Observa\u021bii pentru \u00eencheiere<\/h2>\n<p>Nu mai este un vis irealizabil s\u0103 pute\u021bi achizi\u021biona bilete pentru New York Lottery din orice loc din lume. Acest lucru este f\u0103cut u\u0219or, sigur \u0219i accesibil prin utilizarea RedFoxLotto. A\u021bi putea fi \u00een cursa pentru milioane de dolari cu doar c\u00e2teva clicuri \u0219i nici m\u0103car nu ar trebui s\u0103 v\u0103 da\u021bi jos din ma\u0219in\u0103 pentru a merge la New York.<\/p>\n<p>Atunci de ce s\u0103 mai a\u0219tept\u0103m? \u00cenregistreaz\u0103-te chiar acum, alege-\u021bi numerele norocoase \u0219i preg\u0103te\u0219te-te s\u0103 mergi dup\u0103 jackpot!<\/p>\n","protected":false},"excerpt":{"rendered":"<p>Cum s\u0103 cump\u0103ra\u021bi bilete la Loteria New York Un ghid de cump\u0103rare a biletelor pentru Loteria New York pe RedFoxLotto: C\u00e2nd juca\u021bi la Loteria New York, a\u021bi visat vreodat\u0103 s\u0103 c\u00e2\u0219tiga\u021bi un jackpot care v-ar putea transforma complet via\u021ba? Participarea la loterii interna\u021bionale, cum ar fi New York Lotto, nu a fost niciodat\u0103 mai simpl\u0103 [&hellip;]<\/p>\n","protected":false},"author":8,"featured_media":0,"parent":2834,"menu_order":18,"comment_status":"closed","ping_status":"closed","template":"newyork-info.php","meta":{"_et_pb_use_builder":"","_et_pb_old_content":"","_et_gb_content_width":"","exclude_from_search":false,"footnotes":""},"class_list":["post-85503","page","type-page","status-publish","hentry"],"yoast_head":"<!-- This site is optimized with the Yoast SEO plugin v23.8 - https:\/\/yoast.com\/wordpress\/plugins\/seo\/ -->\n<title>Cum s\u0103 cump\u0103ra\u021bi bilete online la Loteria New York din Marea Britanie<\/title>\n<meta name=\"description\" content=\"Cump\u0103ra\u021bi bilete pentru Loteria New York aici - chiar \u0219i din Marea Britanie, pute\u021bi participa la Loteria New York online \u0219i pute\u021bi ob\u021bine un bilet scanat \u00een c\u00e2teva minute.\" \/>\n<meta name=\"robots\" content=\"index, follow, max-snippet:-1, max-image-preview:large, max-video-preview:-1\" \/>\n<link rel=\"canonical\" href=\"https:\/\/redfoxlotto.com\/ro\/informatie\/despre-loteria-new-york\/\" \/>\n<meta property=\"og:locale\" content=\"ro_RO\" \/>\n<meta property=\"og:type\" content=\"article\" \/>\n<meta property=\"og:title\" content=\"Cum s\u0103 cump\u0103ra\u021bi bilete online la Loteria New York din Marea Britanie\" \/>\n<meta property=\"og:description\" content=\"Cump\u0103ra\u021bi bilete pentru Loteria New York aici - chiar \u0219i din Marea Britanie, pute\u021bi participa la Loteria New York online \u0219i pute\u021bi ob\u021bine un bilet scanat \u00een c\u00e2teva minute.\" \/>\n<meta property=\"og:url\" content=\"https:\/\/redfoxlotto.com\/ro\/informatie\/despre-loteria-new-york\/\" \/>\n<meta property=\"og:site_name\" content=\"Get Tickets for the World\u2019s largest jackpots\" \/>\n<meta property=\"article:modified_time\" content=\"2025-04-21T06:55:35+00:00\" \/>\n<meta name=\"twitter:card\" content=\"summary_large_image\" \/>\n<meta name=\"twitter:label1\" content=\"Timp estimat pentru citire\" \/>\n\t<meta name=\"twitter:data1\" content=\"3 minute\" \/>\n<script type=\"application\/ld+json\" class=\"yoast-schema-graph\">{\"@context\":\"https:\/\/schema.org\",\"@graph\":[{\"@type\":\"WebPage\",\"@id\":\"https:\/\/redfoxlotto.com\/ro\/informatie\/despre-loteria-new-york\/\",\"url\":\"https:\/\/redfoxlotto.com\/ro\/informatie\/despre-loteria-new-york\/\",\"name\":\"Cum s\u0103 cump\u0103ra\u021bi bilete online la Loteria New York din Marea Britanie\",\"isPartOf\":{\"@id\":\"https:\/\/redfoxlotto.com\/ro\/#website\"},\"datePublished\":\"2025-02-25T17:25:31+00:00\",\"dateModified\":\"2025-04-21T06:55:35+00:00\",\"description\":\"Cump\u0103ra\u021bi bilete pentru Loteria New York aici - chiar \u0219i din Marea Britanie, pute\u021bi participa la Loteria New York online \u0219i pute\u021bi ob\u021bine un bilet scanat \u00een c\u00e2teva minute.\",\"breadcrumb\":{\"@id\":\"https:\/\/redfoxlotto.com\/ro\/informatie\/despre-loteria-new-york\/#breadcrumb\"},\"inLanguage\":\"ro-RO\",\"potentialAction\":[{\"@type\":\"ReadAction\",\"target\":[\"https:\/\/redfoxlotto.com\/ro\/informatie\/despre-loteria-new-york\/\"]}]},{\"@type\":\"BreadcrumbList\",\"@id\":\"https:\/\/redfoxlotto.com\/ro\/informatie\/despre-loteria-new-york\/#breadcrumb\",\"itemListElement\":[{\"@type\":\"ListItem\",\"position\":1,\"name\":\"Home\",\"item\":\"https:\/\/redfoxlotto.com\/ro\/\"},{\"@type\":\"ListItem\",\"position\":2,\"name\":\"Procesul de achizi\u021bionare pentru biletele online de loterie\",\"item\":\"https:\/\/redfoxlotto.com\/ro\/informatie\/\"},{\"@type\":\"ListItem\",\"position\":3,\"name\":\"Despre Loteria New York\"}]},{\"@type\":\"WebSite\",\"@id\":\"https:\/\/redfoxlotto.com\/ro\/#website\",\"url\":\"https:\/\/redfoxlotto.com\/ro\/\",\"name\":\"Get Tickets for the World\u2019s largest jackpots\",\"description\":\"Participate in worldwide lottery jackpots from any country\",\"publisher\":{\"@id\":\"https:\/\/redfoxlotto.com\/ro\/#organization\"},\"potentialAction\":[{\"@type\":\"SearchAction\",\"target\":{\"@type\":\"EntryPoint\",\"urlTemplate\":\"https:\/\/redfoxlotto.com\/ro\/?s={search_term_string}\"},\"query-input\":{\"@type\":\"PropertyValueSpecification\",\"valueRequired\":true,\"valueName\":\"search_term_string\"}}],\"inLanguage\":\"ro-RO\"},{\"@type\":\"Organization\",\"@id\":\"https:\/\/redfoxlotto.com\/ro\/#organization\",\"name\":\"Get Tickets for the World\u2019s largest jackpots\",\"url\":\"https:\/\/redfoxlotto.com\/ro\/\",\"logo\":{\"@type\":\"ImageObject\",\"inLanguage\":\"ro-RO\",\"@id\":\"https:\/\/redfoxlotto.com\/ro\/#\/schema\/logo\/image\/\",\"url\":\"https:\/\/redfoxlotto.com\/wp-content\/uploads\/2023\/04\/logo.png\",\"contentUrl\":\"https:\/\/redfoxlotto.com\/wp-content\/uploads\/2023\/04\/logo.png\",\"width\":269,\"height\":53,\"caption\":\"Get Tickets for the World\u2019s largest jackpots\"},\"image\":{\"@id\":\"https:\/\/redfoxlotto.com\/ro\/#\/schema\/logo\/image\/\"}}]}<\/script>\n<!-- \/ Yoast SEO plugin. -->","yoast_head_json":{"title":"Cum s\u0103 cump\u0103ra\u021bi bilete online la Loteria New York din Marea Britanie","description":"Cump\u0103ra\u021bi bilete pentru Loteria New York aici - chiar \u0219i din Marea Britanie, pute\u021bi participa la Loteria New York online \u0219i pute\u021bi ob\u021bine un bilet scanat \u00een c\u00e2teva minute.","robots":{"index":"index","follow":"follow","max-snippet":"max-snippet:-1","max-image-preview":"max-image-preview:large","max-video-preview":"max-video-preview:-1"},"canonical":"https:\/\/redfoxlotto.com\/ro\/informatie\/despre-loteria-new-york\/","og_locale":"ro_RO","og_type":"article","og_title":"Cum s\u0103 cump\u0103ra\u021bi bilete online la Loteria New York din Marea Britanie","og_description":"Cump\u0103ra\u021bi bilete pentru Loteria New York aici - chiar \u0219i din Marea Britanie, pute\u021bi participa la Loteria New York online \u0219i pute\u021bi ob\u021bine un bilet scanat \u00een c\u00e2teva minute.","og_url":"https:\/\/redfoxlotto.com\/ro\/informatie\/despre-loteria-new-york\/","og_site_name":"Get Tickets for the World\u2019s largest jackpots","article_modified_time":"2025-04-21T06:55:35+00:00","twitter_card":"summary_large_image","twitter_misc":{"Timp estimat pentru citire":"3 minute"},"schema":{"@context":"https:\/\/schema.org","@graph":[{"@type":"WebPage","@id":"https:\/\/redfoxlotto.com\/ro\/informatie\/despre-loteria-new-york\/","url":"https:\/\/redfoxlotto.com\/ro\/informatie\/despre-loteria-new-york\/","name":"Cum s\u0103 cump\u0103ra\u021bi bilete online la Loteria New York din Marea Britanie","isPartOf":{"@id":"https:\/\/redfoxlotto.com\/ro\/#website"},"datePublished":"2025-02-25T17:25:31+00:00","dateModified":"2025-04-21T06:55:35+00:00","description":"Cump\u0103ra\u021bi bilete pentru Loteria New York aici - chiar \u0219i din Marea Britanie, pute\u021bi participa la Loteria New York online \u0219i pute\u021bi ob\u021bine un bilet scanat \u00een c\u00e2teva minute.","breadcrumb":{"@id":"https:\/\/redfoxlotto.com\/ro\/informatie\/despre-loteria-new-york\/#breadcrumb"},"inLanguage":"ro-RO","potentialAction":[{"@type":"ReadAction","target":["https:\/\/redfoxlotto.com\/ro\/informatie\/despre-loteria-new-york\/"]}]},{"@type":"BreadcrumbList","@id":"https:\/\/redfoxlotto.com\/ro\/informatie\/despre-loteria-new-york\/#breadcrumb","itemListElement":[{"@type":"ListItem","position":1,"name":"Home","item":"https:\/\/redfoxlotto.com\/ro\/"},{"@type":"ListItem","position":2,"name":"Procesul de achizi\u021bionare pentru biletele online de loterie","item":"https:\/\/redfoxlotto.com\/ro\/informatie\/"},{"@type":"ListItem","position":3,"name":"Despre Loteria New York"}]},{"@type":"WebSite","@id":"https:\/\/redfoxlotto.com\/ro\/#website","url":"https:\/\/redfoxlotto.com\/ro\/","name":"Get Tickets for the World\u2019s largest jackpots","description":"Participate in worldwide lottery jackpots from any country","publisher":{"@id":"https:\/\/redfoxlotto.com\/ro\/#organization"},"potentialAction":[{"@type":"SearchAction","target":{"@type":"EntryPoint","urlTemplate":"https:\/\/redfoxlotto.com\/ro\/?s={search_term_string}"},"query-input":{"@type":"PropertyValueSpecification","valueRequired":true,"valueName":"search_term_string"}}],"inLanguage":"ro-RO"},{"@type":"Organization","@id":"https:\/\/redfoxlotto.com\/ro\/#organization","name":"Get Tickets for the World\u2019s largest jackpots","url":"https:\/\/redfoxlotto.com\/ro\/","logo":{"@type":"ImageObject","inLanguage":"ro-RO","@id":"https:\/\/redfoxlotto.com\/ro\/#\/schema\/logo\/image\/","url":"https:\/\/redfoxlotto.com\/wp-content\/uploads\/2023\/04\/logo.png","contentUrl":"https:\/\/redfoxlotto.com\/wp-content\/uploads\/2023\/04\/logo.png","width":269,"height":53,"caption":"Get Tickets for the World\u2019s largest jackpots"},"image":{"@id":"https:\/\/redfoxlotto.com\/ro\/#\/schema\/logo\/image\/"}}]}},"_links":{"self":[{"href":"https:\/\/redfoxlotto.com\/ro\/wp-json\/wp\/v2\/pages\/85503","targetHints":{"allow":["GET"]}}],"collection":[{"href":"https:\/\/redfoxlotto.com\/ro\/wp-json\/wp\/v2\/pages"}],"about":[{"href":"https:\/\/redfoxlotto.com\/ro\/wp-json\/wp\/v2\/types\/page"}],"author":[{"embeddable":true,"href":"https:\/\/redfoxlotto.com\/ro\/wp-json\/wp\/v2\/users\/8"}],"replies":[{"embeddable":true,"href":"https:\/\/redfoxlotto.com\/ro\/wp-json\/wp\/v2\/comments?post=85503"}],"version-history":[{"count":0,"href":"https:\/\/redfoxlotto.com\/ro\/wp-json\/wp\/v2\/pages\/85503\/revisions"}],"up":[{"embeddable":true,"href":"https:\/\/redfoxlotto.com\/ro\/wp-json\/wp\/v2\/pages\/2834"}],"wp:attachment":[{"href":"https:\/\/redfoxlotto.com\/ro\/wp-json\/wp\/v2\/media?parent=85503"}],"curies":[{"name":"wp","href":"https:\/\/api.w.org\/{rel}","templated":true}]}}