{"id":85302,"date":"2025-03-30T12:21:27","date_gmt":"2025-03-30T12:21:27","guid":{"rendered":"https:\/\/redfoxlotto.com\/?page_id=85302"},"modified":"2025-12-10T17:02:50","modified_gmt":"2025-12-10T17:02:50","slug":"cum-sa-jucati-la-loteria-new-york-in-marea-britanie","status":"publish","type":"page","link":"https:\/\/redfoxlotto.com\/ro\/joaca\/cum-sa-jucati-la-loteria-new-york-in-marea-britanie\/","title":{"rendered":"Cum s\u0103 juca\u021bi la Loteria New York \u00een Marea Britanie."},"content":{"rendered":"<p><script type=\"application\/ld+json\">\n{\n\"@context\": \"https:\/\/schema.org\",\n\"@type\": \"Service\",\n\"name\": \"Play New York Lottery\",\n\"url\": \"https:\/\/redfoxlotto.com\/ro\/joaca\/cum-sa-jucati-la-loteria-new-york-in-marea-britanie\/\",\n\"description\": \"Cump\u0103r\u0103 bilete oficiale la Loteria din New York online prin RedFoxLotto. Alege-\u021bi numerele \u0219i al\u0103tur\u0103-te urm\u0103toarei extrageri.\",\n\"serviceType\": \"Online lottery ticket purchase\",<\/p>\n<p>\"provider\": {\n\"@type\": \"Organization\",\n\"name\": \"RedFoxLotto\",\n\"url\": \"https:\/\/redfoxlotto.com\",\n\"logo\": \"https:\/\/redfoxlotto.com\/wp-content\/uploads\/logo.png\"\n},<\/p>\n<p>\"areaServed\": \"Worldwide\",\n\"termsOfService\": \"https:\/\/redfoxlotto.com\/terms-and-conditions\",<\/p>\n<p>\"hasOfferCatalog\": {\n\"@type\": \"OfferCatalog\",\n\"name\": \"New York Lottery Offers\",\n\"itemListElement\": [\n{\n\"@type\": \"Offer\",\n\"name\": \"New York Lottery Ticket\",\n\"url\": \"https:\/\/redfoxlotto.com\/ro\/joaca\/cum-sa-jucati-la-loteria-new-york-in-marea-britanie\/\",\n\"description\": \"O \u00eenscriere la urm\u0103toarea extragere a Loteriei din New York.\",\n\"price\": \"1.40\",\n\"priceCurrency\": \"EUR\",\n\"availability\": \"https:\/\/schema.org\/InStock\",<\/p>\n<p>\"itemOffered\": {\n\"@type\": \"Service\",\n\"name\": \"New York Lottery Entry\",\n\"description\": \"\u00censcriere la urm\u0103toarea extragere a Loteriei din New York prin RedFoxLotto.\"\n}\n}\n]\n},<\/p>\n<p>\"mainEntityOfPage\": {\n\"@type\": \"WebPage\",\n\"@id\": \"https:\/\/redfoxlotto.com\/ro\/joaca\/cum-sa-jucati-la-loteria-new-york-in-marea-britanie\/\"\n}\n}\n<\/script><\/p>\n<h2>Cum s\u0103 participa\u021bi la Loteria New York cu RedFoxLotto.com \u00een Regatul Unit<\/h2>\n<p><img loading=\"lazy\" decoding=\"async\" class=\" wp-image-48802 alignright\" src=\"https:\/\/redfoxlotto.com\/wp-content\/uploads\/2023\/04\/raffle-tickets-online-495x330-1-300x200.jpg\" alt=\"New York Lottery\" width=\"321\" height=\"214\" srcset=\"https:\/\/redfoxlotto.com\/wp-content\/uploads\/2023\/04\/raffle-tickets-online-495x330-1-300x200.jpg 300w, https:\/\/redfoxlotto.com\/wp-content\/uploads\/2023\/04\/raffle-tickets-online-495x330-1.jpg 495w\" sizes=\"auto, (max-width: 321px) 100vw, 321px\" \/><br \/>\nS\u0103 lu\u0103m, de exemplu, scenariul \u00een care v\u0103 trezi\u021bi \u00een Regatul Unit, v\u0103 face\u021bi ceaiul de diminea\u021b\u0103 \u0219i apoi v\u0103 verifica\u021bi telefonul pentru a descoperi c\u0103 tocmai a\u021bi c\u00e2\u0219tigat la Loteria New York. Vi se pare exagerat? Schimb\u0103-\u021bi p\u0103rerea! RedFoxLotto.com v\u0103 permite s\u0103 juca\u021bi la una dintre cele mai captivante loterii din Statele Unite ale Americii din confortul propriei case din Regatul Unit.<\/p>\n<h2>Loteria New York: De ce ar trebui s\u0103 juca\u021bi?<\/h2>\n<p>Loteria din New York este cunoscut\u0103 pentru jackpoturile sale uria\u0219e, jocurile captivante \u0219i c\u00e2\u0219tigurile care pot transforma complet via\u021ba unei persoane. Faptul c\u0103 \u00een fiecare s\u0103pt\u0103m\u00e2n\u0103 au loc multe extrageri \u00eenseamn\u0103 c\u0103 ave\u021bi nenum\u0103rate oportunit\u0103\u021bi de a v\u0103 \u00eendeplini visele. Exist\u0103 posibilitatea s\u0103 c\u00e2\u0219tiga\u021bi o sum\u0103 de bani care v\u0103 poate schimba via\u021ba dac\u0103 juca\u021bi la loteria Mega Millions sau la loteria Powerball.<\/p>\n<h2>Instruc\u021biuni pas cu pas pentru a juca pe RedFoxLotto.com<\/h2>\n<p>1. Accesa\u021bi site-ul RedFoxLotto.com. Trebuie s\u0103 lansa\u021bi browserul web ales de dvs. \u0219i s\u0103 naviga\u021bi pe site-ul oficial RedFoxLotto.<\/p>\n<p>2. 2. Crea\u021bi un cont &#8211; Pentru a v\u0103 \u00eenscrie, va trebui s\u0103 furniza\u021bi un cont. Pe l\u00e2ng\u0103 faptul c\u0103 este rapid \u0219i sigur, acesta este necesar pentru a juca.<\/p>\n<p>3. Alege New York Lottery &#8211; Dup\u0103 ce te ui\u021bi prin diferitele loterii care sunt oferite, alege New York Lottery sau orice alt premiu american care \u00ee\u021bi capteaz\u0103 interesul pe parcursul c\u0103ut\u0103rii tale.<\/p>\n<p>4. Selecta\u021bi-v\u0103 numerele Ave\u021bi posibilitatea de a alege manual numerele norocoase sau de a utiliza op\u021biunea de selectare rapid\u0103, care va permite sistemului s\u0103 le g\u0103seasc\u0103 pentru dvs. \u00een mod automat.<\/p>\n<p>5. Cump\u0103ra\u021bi-v\u0103 biletul &#8211; Trece\u021bi la pagina de plat\u0103 \u0219i achita\u021bi-v\u0103 biletul \u00eentr-un mod sigur \u0219i securizat, utiliz\u00e2nd una dintre numeroasele op\u021biuni de plat\u0103 disponibile.<\/p>\n<p>6. \u00cen timp ce a\u0219tepta\u021bi extragerea, lua\u021bi un loc \u0219i relaxa\u021bi-v\u0103. \u00cen cazul \u00een care sunte\u021bi c\u00e2\u0219tig\u0103tor, ve\u021bi fi anun\u021bat!<\/p>\n<h2>Avantajele particip\u0103rii la jocurile de pe RedFoxLotto.com<\/h2>\n<p>Acest lucru elimin\u0103 cerin\u021ba de a c\u0103l\u0103tori \u00een Statele Unite pentru a achizi\u021biona un bilet.<\/p>\n<p>&#8211; Tranzac\u021bii sigure \u0219i securizate &#8211; Juca\u021bi cu toat\u0103 lini\u0219tea, \u0219tiind c\u0103 banii \u0219i informa\u021biile dvs. de cump\u0103rare sunt protejate.<\/p>\n<p>&#8211; Notific\u0103ri care sunt trimise automat &#8211; Nu rata\u021bi niciodat\u0103 un c\u00e2\u0219tig! Dac\u0103 sunte\u021bi norocosul c\u00e2\u0219tig\u0103tor al jackpot-ului, ve\u021bi fi notificat imediat.<\/p>\n<p>Pute\u021bi accesa loterii globale, pe l\u00e2ng\u0103 Loteria New York, ceea ce v\u0103 va oferi \u0219i mai multe oportunit\u0103\u021bi de a c\u00e2\u0219tiga o sum\u0103 semnificativ\u0103 de bani.<\/p>\n<h2>Observa\u021bii pentru \u00eencheiere<\/h2>\n<p>Utiliz\u00e2nd RedFoxLotto.com, ve\u021bi avea acces la \u00eentreaga lume a divertismentului loteristic. Nu conteaz\u0103 unde v\u0103 afla\u021bi \u00een Regatul Unit; ave\u021bi ocazia s\u0103 urm\u0103ri\u021bi visul american \u0219i, eventual, s\u0103 deveni\u021bi urm\u0103torul milionar al Loteriei New York. Prin urmare, de ce ar trebui s\u0103 a\u0219tept\u0103m? Vizita\u021bi site-ul RedFoxLotto.com chiar acum pentru a v\u0103 procura biletul; nu se \u0219tie niciodat\u0103 c\u00e2nd norocul v\u0103 va ie\u0219i \u00een cale.<\/p>\n","protected":false},"excerpt":{"rendered":"<p>Cum s\u0103 participa\u021bi la Loteria New York cu RedFoxLotto.com \u00een Regatul Unit S\u0103 lu\u0103m, de exemplu, scenariul \u00een care v\u0103 trezi\u021bi \u00een Regatul Unit, v\u0103 face\u021bi ceaiul de diminea\u021b\u0103 \u0219i apoi v\u0103 verifica\u021bi telefonul pentru a descoperi c\u0103 tocmai a\u021bi c\u00e2\u0219tigat la Loteria New York. Vi se pare exagerat? Schimb\u0103-\u021bi p\u0103rerea! RedFoxLotto.com v\u0103 permite s\u0103 [&hellip;]<\/p>\n","protected":false},"author":8,"featured_media":0,"parent":2852,"menu_order":18,"comment_status":"closed","ping_status":"closed","template":"newyork.php","meta":{"_et_pb_use_builder":"","_et_pb_old_content":"","_et_gb_content_width":"","exclude_from_search":false,"footnotes":""},"class_list":["post-85302","page","type-page","status-publish","hentry"],"yoast_head":"<!-- This site is optimized with the Yoast SEO plugin v23.8 - https:\/\/yoast.com\/wordpress\/plugins\/seo\/ -->\n<title>Cum s\u0103 participa\u021bi la New York Lottery \u00een Regatul Unit<\/title>\n<meta name=\"description\" content=\"Descoperi\u021bi cum s\u0103 juca\u021bi la Loteria New York din Marea Britanie pe RedFoxLotto.com \u0219i ob\u021bine\u021bi sfaturi pentru a v\u0103 maximiza \u0219ansele de c\u00e2\u0219tig.\" \/>\n<meta name=\"robots\" content=\"index, follow, max-snippet:-1, max-image-preview:large, max-video-preview:-1\" \/>\n<link rel=\"canonical\" href=\"https:\/\/redfoxlotto.com\/ro\/joaca\/cum-sa-jucati-la-loteria-new-york-in-marea-britanie\/\" \/>\n<meta property=\"og:locale\" content=\"ro_RO\" \/>\n<meta property=\"og:type\" content=\"article\" \/>\n<meta property=\"og:title\" content=\"Cum s\u0103 participa\u021bi la New York Lottery \u00een Regatul Unit\" \/>\n<meta property=\"og:description\" content=\"Descoperi\u021bi cum s\u0103 juca\u021bi la Loteria New York din Marea Britanie pe RedFoxLotto.com \u0219i ob\u021bine\u021bi sfaturi pentru a v\u0103 maximiza \u0219ansele de c\u00e2\u0219tig.\" \/>\n<meta property=\"og:url\" content=\"https:\/\/redfoxlotto.com\/ro\/joaca\/cum-sa-jucati-la-loteria-new-york-in-marea-britanie\/\" \/>\n<meta property=\"og:site_name\" content=\"Get Tickets for the World\u2019s largest jackpots\" \/>\n<meta property=\"article:modified_time\" content=\"2025-12-10T17:02:50+00:00\" \/>\n<meta property=\"og:image\" content=\"https:\/\/redfoxlotto.com\/wp-content\/uploads\/2023\/04\/raffle-tickets-online-495x330-1-300x200.jpg\" \/>\n<meta name=\"twitter:card\" content=\"summary_large_image\" \/>\n<meta name=\"twitter:label1\" content=\"Timp estimat pentru citire\" \/>\n\t<meta name=\"twitter:data1\" content=\"3 minute\" \/>\n<script type=\"application\/ld+json\" class=\"yoast-schema-graph\">{\"@context\":\"https:\/\/schema.org\",\"@graph\":[{\"@type\":\"WebPage\",\"@id\":\"https:\/\/redfoxlotto.com\/ro\/joaca\/cum-sa-jucati-la-loteria-new-york-in-marea-britanie\/\",\"url\":\"https:\/\/redfoxlotto.com\/ro\/joaca\/cum-sa-jucati-la-loteria-new-york-in-marea-britanie\/\",\"name\":\"Cum s\u0103 participa\u021bi la New York Lottery \u00een Regatul Unit\",\"isPartOf\":{\"@id\":\"https:\/\/redfoxlotto.com\/ro\/#website\"},\"primaryImageOfPage\":{\"@id\":\"https:\/\/redfoxlotto.com\/ro\/joaca\/cum-sa-jucati-la-loteria-new-york-in-marea-britanie\/#primaryimage\"},\"image\":{\"@id\":\"https:\/\/redfoxlotto.com\/ro\/joaca\/cum-sa-jucati-la-loteria-new-york-in-marea-britanie\/#primaryimage\"},\"thumbnailUrl\":\"https:\/\/redfoxlotto.com\/wp-content\/uploads\/2023\/04\/raffle-tickets-online-495x330-1-300x200.jpg\",\"datePublished\":\"2025-03-30T12:21:27+00:00\",\"dateModified\":\"2025-12-10T17:02:50+00:00\",\"description\":\"Descoperi\u021bi cum s\u0103 juca\u021bi la Loteria New York din Marea Britanie pe RedFoxLotto.com \u0219i ob\u021bine\u021bi sfaturi pentru a v\u0103 maximiza \u0219ansele de c\u00e2\u0219tig.\",\"breadcrumb\":{\"@id\":\"https:\/\/redfoxlotto.com\/ro\/joaca\/cum-sa-jucati-la-loteria-new-york-in-marea-britanie\/#breadcrumb\"},\"inLanguage\":\"ro-RO\",\"potentialAction\":[{\"@type\":\"ReadAction\",\"target\":[\"https:\/\/redfoxlotto.com\/ro\/joaca\/cum-sa-jucati-la-loteria-new-york-in-marea-britanie\/\"]}]},{\"@type\":\"ImageObject\",\"inLanguage\":\"ro-RO\",\"@id\":\"https:\/\/redfoxlotto.com\/ro\/joaca\/cum-sa-jucati-la-loteria-new-york-in-marea-britanie\/#primaryimage\",\"url\":\"https:\/\/redfoxlotto.com\/wp-content\/uploads\/2023\/04\/raffle-tickets-online-495x330-1-300x200.jpg\",\"contentUrl\":\"https:\/\/redfoxlotto.com\/wp-content\/uploads\/2023\/04\/raffle-tickets-online-495x330-1-300x200.jpg\"},{\"@type\":\"BreadcrumbList\",\"@id\":\"https:\/\/redfoxlotto.com\/ro\/joaca\/cum-sa-jucati-la-loteria-new-york-in-marea-britanie\/#breadcrumb\",\"itemListElement\":[{\"@type\":\"ListItem\",\"position\":1,\"name\":\"Home\",\"item\":\"https:\/\/redfoxlotto.com\/ro\/\"},{\"@type\":\"ListItem\",\"position\":2,\"name\":\"Cum pute\u021bi participa la loteriile interna\u021bionale\",\"item\":\"https:\/\/redfoxlotto.com\/ro\/joaca\/\"},{\"@type\":\"ListItem\",\"position\":3,\"name\":\"Cum s\u0103 juca\u021bi la Loteria New York \u00een Marea Britanie.\"}]},{\"@type\":\"WebSite\",\"@id\":\"https:\/\/redfoxlotto.com\/ro\/#website\",\"url\":\"https:\/\/redfoxlotto.com\/ro\/\",\"name\":\"Get Tickets for the World\u2019s largest jackpots\",\"description\":\"Participate in worldwide lottery jackpots from any country\",\"publisher\":{\"@id\":\"https:\/\/redfoxlotto.com\/ro\/#organization\"},\"potentialAction\":[{\"@type\":\"SearchAction\",\"target\":{\"@type\":\"EntryPoint\",\"urlTemplate\":\"https:\/\/redfoxlotto.com\/ro\/?s={search_term_string}\"},\"query-input\":{\"@type\":\"PropertyValueSpecification\",\"valueRequired\":true,\"valueName\":\"search_term_string\"}}],\"inLanguage\":\"ro-RO\"},{\"@type\":\"Organization\",\"@id\":\"https:\/\/redfoxlotto.com\/ro\/#organization\",\"name\":\"Get Tickets for the World\u2019s largest jackpots\",\"url\":\"https:\/\/redfoxlotto.com\/ro\/\",\"logo\":{\"@type\":\"ImageObject\",\"inLanguage\":\"ro-RO\",\"@id\":\"https:\/\/redfoxlotto.com\/ro\/#\/schema\/logo\/image\/\",\"url\":\"https:\/\/redfoxlotto.com\/wp-content\/uploads\/2023\/04\/logo.png\",\"contentUrl\":\"https:\/\/redfoxlotto.com\/wp-content\/uploads\/2023\/04\/logo.png\",\"width\":269,\"height\":53,\"caption\":\"Get Tickets for the World\u2019s largest jackpots\"},\"image\":{\"@id\":\"https:\/\/redfoxlotto.com\/ro\/#\/schema\/logo\/image\/\"}}]}<\/script>\n<!-- \/ Yoast SEO plugin. -->","yoast_head_json":{"title":"Cum s\u0103 participa\u021bi la New York Lottery \u00een Regatul Unit","description":"Descoperi\u021bi cum s\u0103 juca\u021bi la Loteria New York din Marea Britanie pe RedFoxLotto.com \u0219i ob\u021bine\u021bi sfaturi pentru a v\u0103 maximiza \u0219ansele de c\u00e2\u0219tig.","robots":{"index":"index","follow":"follow","max-snippet":"max-snippet:-1","max-image-preview":"max-image-preview:large","max-video-preview":"max-video-preview:-1"},"canonical":"https:\/\/redfoxlotto.com\/ro\/joaca\/cum-sa-jucati-la-loteria-new-york-in-marea-britanie\/","og_locale":"ro_RO","og_type":"article","og_title":"Cum s\u0103 participa\u021bi la New York Lottery \u00een Regatul Unit","og_description":"Descoperi\u021bi cum s\u0103 juca\u021bi la Loteria New York din Marea Britanie pe RedFoxLotto.com \u0219i ob\u021bine\u021bi sfaturi pentru a v\u0103 maximiza \u0219ansele de c\u00e2\u0219tig.","og_url":"https:\/\/redfoxlotto.com\/ro\/joaca\/cum-sa-jucati-la-loteria-new-york-in-marea-britanie\/","og_site_name":"Get Tickets for the World\u2019s largest jackpots","article_modified_time":"2025-12-10T17:02:50+00:00","og_image":[{"url":"https:\/\/redfoxlotto.com\/wp-content\/uploads\/2023\/04\/raffle-tickets-online-495x330-1-300x200.jpg"}],"twitter_card":"summary_large_image","twitter_misc":{"Timp estimat pentru citire":"3 minute"},"schema":{"@context":"https:\/\/schema.org","@graph":[{"@type":"WebPage","@id":"https:\/\/redfoxlotto.com\/ro\/joaca\/cum-sa-jucati-la-loteria-new-york-in-marea-britanie\/","url":"https:\/\/redfoxlotto.com\/ro\/joaca\/cum-sa-jucati-la-loteria-new-york-in-marea-britanie\/","name":"Cum s\u0103 participa\u021bi la New York Lottery \u00een Regatul Unit","isPartOf":{"@id":"https:\/\/redfoxlotto.com\/ro\/#website"},"primaryImageOfPage":{"@id":"https:\/\/redfoxlotto.com\/ro\/joaca\/cum-sa-jucati-la-loteria-new-york-in-marea-britanie\/#primaryimage"},"image":{"@id":"https:\/\/redfoxlotto.com\/ro\/joaca\/cum-sa-jucati-la-loteria-new-york-in-marea-britanie\/#primaryimage"},"thumbnailUrl":"https:\/\/redfoxlotto.com\/wp-content\/uploads\/2023\/04\/raffle-tickets-online-495x330-1-300x200.jpg","datePublished":"2025-03-30T12:21:27+00:00","dateModified":"2025-12-10T17:02:50+00:00","description":"Descoperi\u021bi cum s\u0103 juca\u021bi la Loteria New York din Marea Britanie pe RedFoxLotto.com \u0219i ob\u021bine\u021bi sfaturi pentru a v\u0103 maximiza \u0219ansele de c\u00e2\u0219tig.","breadcrumb":{"@id":"https:\/\/redfoxlotto.com\/ro\/joaca\/cum-sa-jucati-la-loteria-new-york-in-marea-britanie\/#breadcrumb"},"inLanguage":"ro-RO","potentialAction":[{"@type":"ReadAction","target":["https:\/\/redfoxlotto.com\/ro\/joaca\/cum-sa-jucati-la-loteria-new-york-in-marea-britanie\/"]}]},{"@type":"ImageObject","inLanguage":"ro-RO","@id":"https:\/\/redfoxlotto.com\/ro\/joaca\/cum-sa-jucati-la-loteria-new-york-in-marea-britanie\/#primaryimage","url":"https:\/\/redfoxlotto.com\/wp-content\/uploads\/2023\/04\/raffle-tickets-online-495x330-1-300x200.jpg","contentUrl":"https:\/\/redfoxlotto.com\/wp-content\/uploads\/2023\/04\/raffle-tickets-online-495x330-1-300x200.jpg"},{"@type":"BreadcrumbList","@id":"https:\/\/redfoxlotto.com\/ro\/joaca\/cum-sa-jucati-la-loteria-new-york-in-marea-britanie\/#breadcrumb","itemListElement":[{"@type":"ListItem","position":1,"name":"Home","item":"https:\/\/redfoxlotto.com\/ro\/"},{"@type":"ListItem","position":2,"name":"Cum pute\u021bi participa la loteriile interna\u021bionale","item":"https:\/\/redfoxlotto.com\/ro\/joaca\/"},{"@type":"ListItem","position":3,"name":"Cum s\u0103 juca\u021bi la Loteria New York \u00een Marea Britanie."}]},{"@type":"WebSite","@id":"https:\/\/redfoxlotto.com\/ro\/#website","url":"https:\/\/redfoxlotto.com\/ro\/","name":"Get Tickets for the World\u2019s largest jackpots","description":"Participate in worldwide lottery jackpots from any country","publisher":{"@id":"https:\/\/redfoxlotto.com\/ro\/#organization"},"potentialAction":[{"@type":"SearchAction","target":{"@type":"EntryPoint","urlTemplate":"https:\/\/redfoxlotto.com\/ro\/?s={search_term_string}"},"query-input":{"@type":"PropertyValueSpecification","valueRequired":true,"valueName":"search_term_string"}}],"inLanguage":"ro-RO"},{"@type":"Organization","@id":"https:\/\/redfoxlotto.com\/ro\/#organization","name":"Get Tickets for the World\u2019s largest jackpots","url":"https:\/\/redfoxlotto.com\/ro\/","logo":{"@type":"ImageObject","inLanguage":"ro-RO","@id":"https:\/\/redfoxlotto.com\/ro\/#\/schema\/logo\/image\/","url":"https:\/\/redfoxlotto.com\/wp-content\/uploads\/2023\/04\/logo.png","contentUrl":"https:\/\/redfoxlotto.com\/wp-content\/uploads\/2023\/04\/logo.png","width":269,"height":53,"caption":"Get Tickets for the World\u2019s largest jackpots"},"image":{"@id":"https:\/\/redfoxlotto.com\/ro\/#\/schema\/logo\/image\/"}}]}},"_links":{"self":[{"href":"https:\/\/redfoxlotto.com\/ro\/wp-json\/wp\/v2\/pages\/85302","targetHints":{"allow":["GET"]}}],"collection":[{"href":"https:\/\/redfoxlotto.com\/ro\/wp-json\/wp\/v2\/pages"}],"about":[{"href":"https:\/\/redfoxlotto.com\/ro\/wp-json\/wp\/v2\/types\/page"}],"author":[{"embeddable":true,"href":"https:\/\/redfoxlotto.com\/ro\/wp-json\/wp\/v2\/users\/8"}],"replies":[{"embeddable":true,"href":"https:\/\/redfoxlotto.com\/ro\/wp-json\/wp\/v2\/comments?post=85302"}],"version-history":[{"count":0,"href":"https:\/\/redfoxlotto.com\/ro\/wp-json\/wp\/v2\/pages\/85302\/revisions"}],"up":[{"embeddable":true,"href":"https:\/\/redfoxlotto.com\/ro\/wp-json\/wp\/v2\/pages\/2852"}],"wp:attachment":[{"href":"https:\/\/redfoxlotto.com\/ro\/wp-json\/wp\/v2\/media?parent=85302"}],"curies":[{"name":"wp","href":"https:\/\/api.w.org\/{rel}","templated":true}]}}