{"id":84521,"date":"2025-03-17T09:46:32","date_gmt":"2025-03-17T09:46:32","guid":{"rendered":"https:\/\/redfoxlotto.com\/?page_id=84521"},"modified":"2025-06-17T08:49:20","modified_gmt":"2025-06-17T08:49:20","slug":"scratchcards","status":"publish","type":"page","link":"https:\/\/redfoxlotto.com\/ro\/scratchcards\/","title":{"rendered":"C\u0103r\u021bi de r\u0103zuit"},"content":{"rendered":"<p>Dac\u0103 sunte\u021bi un fan al loteriei, atunci suntem siguri c\u0103 v\u0103 va<strong>pl\u0103cea<\/strong> \u0219i<strong>s\u0103 juca\u021bi c\u0103r\u021bile noastre de r\u0103zuit online!<\/strong><\/p>\n<p>Cartelele r\u0103zuibile au fost \u00eentotdeauna o completare popular\u0103 la achizi\u021bionarea unui bilet de loterie. Aproape toate magazinele de loterie de pe planet\u0103 le v\u00e2nd, \u0219i exist\u0103 un motiv bun pentru asta. \u00cen timp ce jocul la loto implic\u0103 aproape \u00eentotdeauna o perioad\u0103 de a\u0219teptare a rezultatelor, c\u0103r\u021bile de r\u0103zuit \u00ee\u021bi ofer\u0103 un rezultat instantaneu.<\/p>\n<p>Iar cu c\u0103r\u021bile noastre de r\u0103zuit online, nici m\u0103car nu trebuie s\u0103 g\u0103si\u021bi un magazin de loterie pentru a le cump\u0103ra &#8211; pute\u021bi pur \u0219i simplu s\u0103 juca\u021bi c\u0103r\u021bile noastre de r\u0103zuit online \u0219i s\u0103 ave\u021bi parte de mult\u0103 distrac\u021bie \u0219i emo\u021bie r\u0103zuind.<\/p>\n<h2><strong>C\u0103r\u021bile de r\u0103zuit online vor ap\u0103rea \u00een cur\u00e2nd pe RedFoxLotto<\/strong><\/h2>\n<p><img loading=\"lazy\" decoding=\"async\" class=\" wp-image-83601 alignright\" src=\"https:\/\/redfoxlotto.com\/wp-content\/uploads\/2025\/03\/scratch_card_player-300x300.jpg\" alt=\"play scratch cards\" width=\"183\" height=\"183\" srcset=\"https:\/\/redfoxlotto.com\/wp-content\/uploads\/2025\/03\/scratch_card_player-300x300.jpg 300w, https:\/\/redfoxlotto.com\/wp-content\/uploads\/2025\/03\/scratch_card_player-150x150.jpg 150w, https:\/\/redfoxlotto.com\/wp-content\/uploads\/2025\/03\/scratch_card_player-100x100.jpg 100w, https:\/\/redfoxlotto.com\/wp-content\/uploads\/2025\/03\/scratch_card_player.jpg 307w\" sizes=\"auto, (max-width: 183px) 100vw, 183px\" \/><\/p>\n<ul>\n<li>Jocurile cu cartele r\u0103zuibile vor fi lansate la \u00eenceputul lunii aprilie 2025.<\/li>\n<li>Nu rata\u021bi lansarea!<\/li>\n<li>Asigura\u021bi-v\u0103 c\u0103 primi\u021bi e-mailurile noastre promo\u021bionale &#8211; verifica\u021bi folderul de spam \u0219i marca\u021bi RedFoxLotto ca expeditor de e-mail de \u00eencredere.<\/li>\n<\/ul>\n<p>Plata este, de asemenea, foarte convenabil\u0103 &#8211; mai ales dac\u0103 ave\u021bi deja un sold de cont pe site-ul nostru. Asta \u00eenseamn\u0103 c\u0103, dac\u0103 inten\u021biona\u021bi s\u0103 cump\u0103ra\u021bi mai multe cartele r\u0103zuibile, ar trebui s\u0103 face\u021bi o depunere \u00een portofelul dvs. \u00eenainte de a \u00eencepe s\u0103 juca\u021bi cartele r\u0103zuibile.<\/p>\n<p>Doar selecta\u021bi cardul care v\u0103 place cel mai mult \u0219i face\u021bi clic pentru a cump\u0103ra. Avem mai multe modele interesante \u0219i exist\u0103 c\u0103r\u021bi de r\u0103zuit cu pre\u021buri \u0219i premii diferite.<\/p>\n<h2>Este destul de u\u0219or s\u0103 joci jocurile noastre cu cartele r\u0103zuibile<\/h2>\n<p>Apoi, pute\u021bi fie s\u0103 zg\u00e2ria\u021bi manual stratul superior de pe card, folosind mouse-ul, fie s\u0103 face\u021bi clic pe butonul \u201ezg\u00e2riere rapid\u0103\u201d pentru a descoperi toate informa\u021biile ascunse \u00een card.<\/p>\n<p>C\u00e2\u0219tigurile tale depind de sumele care sunt afi\u0219ate dup\u0103 ce ai zg\u00e2riat stratul superior de pe card. Dac\u0103 ave\u021bi trei sume identice pe cardul r\u0103zuibil, atunci acea sum\u0103 este cea pe care o ve\u021bi c\u00e2\u0219tiga.<\/p>\n<h2>Ce se \u00eent\u00e2mpl\u0103 dup\u0103 un c\u00e2\u0219tig pe un card r\u0103zuibil?<\/h2>\n<p>Toate c\u00e2\u0219tigurile vor fi ad\u0103ugate imediat \u00een contul dvs. Dac\u0103 un card c\u00e2\u0219tig\u0103, ve\u021bi avea dou\u0103 op\u021biuni:<\/p>\n<ol>\n<li>Pute\u021bi r\u0103m\u00e2ne pe pagina de carduri r\u0103zuibile \u0219i pute\u021bi continua s\u0103 v\u0103 folosi\u021bi c\u00e2\u0219tigurile pentru a cump\u0103ra mai multe carduri r\u0103zuibile online<\/li>\n<li>s\u0103 \u00eenchide\u021bi pagina de c\u0103r\u021bi r\u0103zuibile, iar c\u00e2\u0219tigurile dvs. vor fi transferate \u00een soldul dvs. de juc\u0103tor RedFoxLotto.<\/li>\n<\/ol>\n<p>Dup\u0103 ad\u0103ugarea c\u00e2\u0219tigurilor de pe cardurile r\u0103zuibile la soldul dvs. de juc\u0103tor, le pute\u021bi utiliza \u00een orice mod dori\u021bi &#8211; cump\u0103ra\u021bi bilete de loterie obi\u0219nuite, juca\u021bi Keno, cump\u0103ra\u021bi mai multe carduri r\u0103zuibile online mai t\u00e2rziu sau v\u0103 pute\u021bi retrage c\u00e2\u0219tigurile.<\/p>\n<p>Ad\u0103ugarea c\u0103r\u021bilor r\u0103zuibile online este un lucru pe care mul\u021bi dintre clien\u021bii no\u0219tri l-au cerut \u0219i suntem siguri c\u0103 \u0219i tu te vei bucura de aceast\u0103 experien\u021b\u0103!<\/p>\n","protected":false},"excerpt":{"rendered":"<p>Dac\u0103 sunte\u021bi un fan al loteriei, atunci suntem siguri c\u0103 v\u0103 vapl\u0103cea \u0219is\u0103 juca\u021bi c\u0103r\u021bile noastre de r\u0103zuit online! Cartelele r\u0103zuibile au fost \u00eentotdeauna o completare popular\u0103 la achizi\u021bionarea unui bilet de loterie. Aproape toate magazinele de loterie de pe planet\u0103 le v\u00e2nd, \u0219i exist\u0103 un motiv bun pentru asta. \u00cen timp ce jocul la [&hellip;]<\/p>\n","protected":false},"author":8,"featured_media":0,"parent":0,"menu_order":7,"comment_status":"closed","ping_status":"closed","template":"","meta":{"_et_pb_use_builder":"","_et_pb_old_content":"","_et_gb_content_width":"","exclude_from_search":false,"footnotes":""},"class_list":["post-84521","page","type-page","status-publish","hentry"],"yoast_head":"<!-- This site is optimized with the Yoast SEO plugin v23.8 - https:\/\/yoast.com\/wordpress\/plugins\/seo\/ -->\n<title>Juca\u021bi c\u0103r\u021bi de r\u0103zuit online | Cele mai bune c\u0103r\u021bi de r\u0103zuit cu c\u00e2\u0219tig instant<\/title>\n<meta name=\"description\" content=\"Juca\u021bi aici cele mai bune c\u0103r\u021bi r\u0103zuibile online - jocuri r\u0103zuibile atractive \u0219i premii mari care pot fi c\u00e2\u0219tigate instantaneu\" \/>\n<meta name=\"robots\" content=\"index, follow, max-snippet:-1, max-image-preview:large, max-video-preview:-1\" \/>\n<link rel=\"canonical\" href=\"https:\/\/redfoxlotto.com\/ro\/scratchcards\/\" \/>\n<meta property=\"og:locale\" content=\"ro_RO\" \/>\n<meta property=\"og:type\" content=\"article\" \/>\n<meta property=\"og:title\" content=\"Juca\u021bi c\u0103r\u021bi de r\u0103zuit online | Cele mai bune c\u0103r\u021bi de r\u0103zuit cu c\u00e2\u0219tig instant\" \/>\n<meta property=\"og:description\" content=\"Juca\u021bi aici cele mai bune c\u0103r\u021bi r\u0103zuibile online - jocuri r\u0103zuibile atractive \u0219i premii mari care pot fi c\u00e2\u0219tigate instantaneu\" \/>\n<meta property=\"og:url\" content=\"https:\/\/redfoxlotto.com\/ro\/scratchcards\/\" \/>\n<meta property=\"og:site_name\" content=\"Get Tickets for the World\u2019s largest jackpots\" \/>\n<meta property=\"article:modified_time\" content=\"2025-06-17T08:49:20+00:00\" \/>\n<meta property=\"og:image\" content=\"https:\/\/redfoxlotto.com\/wp-content\/uploads\/2025\/03\/scratch_card_player-300x300.jpg\" \/>\n<meta name=\"twitter:card\" content=\"summary_large_image\" \/>\n<meta name=\"twitter:label1\" content=\"Timp estimat pentru citire\" \/>\n\t<meta name=\"twitter:data1\" content=\"3 minute\" \/>\n<script type=\"application\/ld+json\" class=\"yoast-schema-graph\">{\"@context\":\"https:\/\/schema.org\",\"@graph\":[{\"@type\":\"WebPage\",\"@id\":\"https:\/\/redfoxlotto.com\/ro\/scratchcards\/\",\"url\":\"https:\/\/redfoxlotto.com\/ro\/scratchcards\/\",\"name\":\"Juca\u021bi c\u0103r\u021bi de r\u0103zuit online | Cele mai bune c\u0103r\u021bi de r\u0103zuit cu c\u00e2\u0219tig instant\",\"isPartOf\":{\"@id\":\"https:\/\/redfoxlotto.com\/ro\/#website\"},\"primaryImageOfPage\":{\"@id\":\"https:\/\/redfoxlotto.com\/ro\/scratchcards\/#primaryimage\"},\"image\":{\"@id\":\"https:\/\/redfoxlotto.com\/ro\/scratchcards\/#primaryimage\"},\"thumbnailUrl\":\"https:\/\/redfoxlotto.com\/wp-content\/uploads\/2025\/03\/scratch_card_player-300x300.jpg\",\"datePublished\":\"2025-03-17T09:46:32+00:00\",\"dateModified\":\"2025-06-17T08:49:20+00:00\",\"description\":\"Juca\u021bi aici cele mai bune c\u0103r\u021bi r\u0103zuibile online - jocuri r\u0103zuibile atractive \u0219i premii mari care pot fi c\u00e2\u0219tigate instantaneu\",\"breadcrumb\":{\"@id\":\"https:\/\/redfoxlotto.com\/ro\/scratchcards\/#breadcrumb\"},\"inLanguage\":\"ro-RO\",\"potentialAction\":[{\"@type\":\"ReadAction\",\"target\":[\"https:\/\/redfoxlotto.com\/ro\/scratchcards\/\"]}]},{\"@type\":\"ImageObject\",\"inLanguage\":\"ro-RO\",\"@id\":\"https:\/\/redfoxlotto.com\/ro\/scratchcards\/#primaryimage\",\"url\":\"https:\/\/redfoxlotto.com\/wp-content\/uploads\/2025\/03\/scratch_card_player-300x300.jpg\",\"contentUrl\":\"https:\/\/redfoxlotto.com\/wp-content\/uploads\/2025\/03\/scratch_card_player-300x300.jpg\"},{\"@type\":\"BreadcrumbList\",\"@id\":\"https:\/\/redfoxlotto.com\/ro\/scratchcards\/#breadcrumb\",\"itemListElement\":[{\"@type\":\"ListItem\",\"position\":1,\"name\":\"Home\",\"item\":\"https:\/\/redfoxlotto.com\/ro\/\"},{\"@type\":\"ListItem\",\"position\":2,\"name\":\"C\u0103r\u021bi de r\u0103zuit\"}]},{\"@type\":\"WebSite\",\"@id\":\"https:\/\/redfoxlotto.com\/ro\/#website\",\"url\":\"https:\/\/redfoxlotto.com\/ro\/\",\"name\":\"Get Tickets for the World\u2019s largest jackpots\",\"description\":\"Participate in worldwide lottery jackpots from any country\",\"publisher\":{\"@id\":\"https:\/\/redfoxlotto.com\/ro\/#organization\"},\"potentialAction\":[{\"@type\":\"SearchAction\",\"target\":{\"@type\":\"EntryPoint\",\"urlTemplate\":\"https:\/\/redfoxlotto.com\/ro\/?s={search_term_string}\"},\"query-input\":{\"@type\":\"PropertyValueSpecification\",\"valueRequired\":true,\"valueName\":\"search_term_string\"}}],\"inLanguage\":\"ro-RO\"},{\"@type\":\"Organization\",\"@id\":\"https:\/\/redfoxlotto.com\/ro\/#organization\",\"name\":\"Get Tickets for the World\u2019s largest jackpots\",\"url\":\"https:\/\/redfoxlotto.com\/ro\/\",\"logo\":{\"@type\":\"ImageObject\",\"inLanguage\":\"ro-RO\",\"@id\":\"https:\/\/redfoxlotto.com\/ro\/#\/schema\/logo\/image\/\",\"url\":\"https:\/\/redfoxlotto.com\/wp-content\/uploads\/2023\/04\/logo.png\",\"contentUrl\":\"https:\/\/redfoxlotto.com\/wp-content\/uploads\/2023\/04\/logo.png\",\"width\":269,\"height\":53,\"caption\":\"Get Tickets for the World\u2019s largest jackpots\"},\"image\":{\"@id\":\"https:\/\/redfoxlotto.com\/ro\/#\/schema\/logo\/image\/\"}}]}<\/script>\n<!-- \/ Yoast SEO plugin. -->","yoast_head_json":{"title":"Juca\u021bi c\u0103r\u021bi de r\u0103zuit online | Cele mai bune c\u0103r\u021bi de r\u0103zuit cu c\u00e2\u0219tig instant","description":"Juca\u021bi aici cele mai bune c\u0103r\u021bi r\u0103zuibile online - jocuri r\u0103zuibile atractive \u0219i premii mari care pot fi c\u00e2\u0219tigate instantaneu","robots":{"index":"index","follow":"follow","max-snippet":"max-snippet:-1","max-image-preview":"max-image-preview:large","max-video-preview":"max-video-preview:-1"},"canonical":"https:\/\/redfoxlotto.com\/ro\/scratchcards\/","og_locale":"ro_RO","og_type":"article","og_title":"Juca\u021bi c\u0103r\u021bi de r\u0103zuit online | Cele mai bune c\u0103r\u021bi de r\u0103zuit cu c\u00e2\u0219tig instant","og_description":"Juca\u021bi aici cele mai bune c\u0103r\u021bi r\u0103zuibile online - jocuri r\u0103zuibile atractive \u0219i premii mari care pot fi c\u00e2\u0219tigate instantaneu","og_url":"https:\/\/redfoxlotto.com\/ro\/scratchcards\/","og_site_name":"Get Tickets for the World\u2019s largest jackpots","article_modified_time":"2025-06-17T08:49:20+00:00","og_image":[{"url":"https:\/\/redfoxlotto.com\/wp-content\/uploads\/2025\/03\/scratch_card_player-300x300.jpg"}],"twitter_card":"summary_large_image","twitter_misc":{"Timp estimat pentru citire":"3 minute"},"schema":{"@context":"https:\/\/schema.org","@graph":[{"@type":"WebPage","@id":"https:\/\/redfoxlotto.com\/ro\/scratchcards\/","url":"https:\/\/redfoxlotto.com\/ro\/scratchcards\/","name":"Juca\u021bi c\u0103r\u021bi de r\u0103zuit online | Cele mai bune c\u0103r\u021bi de r\u0103zuit cu c\u00e2\u0219tig instant","isPartOf":{"@id":"https:\/\/redfoxlotto.com\/ro\/#website"},"primaryImageOfPage":{"@id":"https:\/\/redfoxlotto.com\/ro\/scratchcards\/#primaryimage"},"image":{"@id":"https:\/\/redfoxlotto.com\/ro\/scratchcards\/#primaryimage"},"thumbnailUrl":"https:\/\/redfoxlotto.com\/wp-content\/uploads\/2025\/03\/scratch_card_player-300x300.jpg","datePublished":"2025-03-17T09:46:32+00:00","dateModified":"2025-06-17T08:49:20+00:00","description":"Juca\u021bi aici cele mai bune c\u0103r\u021bi r\u0103zuibile online - jocuri r\u0103zuibile atractive \u0219i premii mari care pot fi c\u00e2\u0219tigate instantaneu","breadcrumb":{"@id":"https:\/\/redfoxlotto.com\/ro\/scratchcards\/#breadcrumb"},"inLanguage":"ro-RO","potentialAction":[{"@type":"ReadAction","target":["https:\/\/redfoxlotto.com\/ro\/scratchcards\/"]}]},{"@type":"ImageObject","inLanguage":"ro-RO","@id":"https:\/\/redfoxlotto.com\/ro\/scratchcards\/#primaryimage","url":"https:\/\/redfoxlotto.com\/wp-content\/uploads\/2025\/03\/scratch_card_player-300x300.jpg","contentUrl":"https:\/\/redfoxlotto.com\/wp-content\/uploads\/2025\/03\/scratch_card_player-300x300.jpg"},{"@type":"BreadcrumbList","@id":"https:\/\/redfoxlotto.com\/ro\/scratchcards\/#breadcrumb","itemListElement":[{"@type":"ListItem","position":1,"name":"Home","item":"https:\/\/redfoxlotto.com\/ro\/"},{"@type":"ListItem","position":2,"name":"C\u0103r\u021bi de r\u0103zuit"}]},{"@type":"WebSite","@id":"https:\/\/redfoxlotto.com\/ro\/#website","url":"https:\/\/redfoxlotto.com\/ro\/","name":"Get Tickets for the World\u2019s largest jackpots","description":"Participate in worldwide lottery jackpots from any country","publisher":{"@id":"https:\/\/redfoxlotto.com\/ro\/#organization"},"potentialAction":[{"@type":"SearchAction","target":{"@type":"EntryPoint","urlTemplate":"https:\/\/redfoxlotto.com\/ro\/?s={search_term_string}"},"query-input":{"@type":"PropertyValueSpecification","valueRequired":true,"valueName":"search_term_string"}}],"inLanguage":"ro-RO"},{"@type":"Organization","@id":"https:\/\/redfoxlotto.com\/ro\/#organization","name":"Get Tickets for the World\u2019s largest jackpots","url":"https:\/\/redfoxlotto.com\/ro\/","logo":{"@type":"ImageObject","inLanguage":"ro-RO","@id":"https:\/\/redfoxlotto.com\/ro\/#\/schema\/logo\/image\/","url":"https:\/\/redfoxlotto.com\/wp-content\/uploads\/2023\/04\/logo.png","contentUrl":"https:\/\/redfoxlotto.com\/wp-content\/uploads\/2023\/04\/logo.png","width":269,"height":53,"caption":"Get Tickets for the World\u2019s largest jackpots"},"image":{"@id":"https:\/\/redfoxlotto.com\/ro\/#\/schema\/logo\/image\/"}}]}},"_links":{"self":[{"href":"https:\/\/redfoxlotto.com\/ro\/wp-json\/wp\/v2\/pages\/84521","targetHints":{"allow":["GET"]}}],"collection":[{"href":"https:\/\/redfoxlotto.com\/ro\/wp-json\/wp\/v2\/pages"}],"about":[{"href":"https:\/\/redfoxlotto.com\/ro\/wp-json\/wp\/v2\/types\/page"}],"author":[{"embeddable":true,"href":"https:\/\/redfoxlotto.com\/ro\/wp-json\/wp\/v2\/users\/8"}],"replies":[{"embeddable":true,"href":"https:\/\/redfoxlotto.com\/ro\/wp-json\/wp\/v2\/comments?post=84521"}],"version-history":[{"count":0,"href":"https:\/\/redfoxlotto.com\/ro\/wp-json\/wp\/v2\/pages\/84521\/revisions"}],"wp:attachment":[{"href":"https:\/\/redfoxlotto.com\/ro\/wp-json\/wp\/v2\/media?parent=84521"}],"curies":[{"name":"wp","href":"https:\/\/api.w.org\/{rel}","templated":true}]}}