{"id":84431,"date":"2025-02-12T11:12:52","date_gmt":"2025-02-12T11:12:52","guid":{"rendered":"https:\/\/redfoxlotto.com\/?page_id=84431"},"modified":"2025-10-09T14:25:08","modified_gmt":"2025-10-09T14:25:08","slug":"keno","status":"publish","type":"page","link":"https:\/\/redfoxlotto.com\/ro\/keno\/","title":{"rendered":"Keno"},"content":{"rendered":"<h2>Nu \u0219tii cum s\u0103 joci Keno online?<\/h2>\n<p>Deci \u0219tii cum func\u021bioneaz\u0103 o loterie, dar nu ai jucat niciodat\u0103 Keno? Permite\u021bi-mi s\u0103 v\u0103 explic cum s\u0103 juca\u021bi Keno online. Nu este la fel de greu de \u00een\u021beles, iar platforma noastr\u0103 face u\u0219oar\u0103 crearea unui bilet Keno.<\/p>\n<div class=\"keno-banner-wrapper\"><img decoding=\"async\" class=\"keno-banner-image\" src=\"https:\/\/redfoxlotto.com\/wp-content\/uploads\/2025\/10\/3-scaled.png\" alt=\"Keno Banner\" \/><br \/>\n<div class=\"keno-banner-overlay\"><div class=\"keno-banner-text\">Premiul cel mare: \u20ac10,000,000<br>Trageri la sor\u021bi la fiecare 30 minute<\/div><a href=\"https:\/\/keno.redfoxlotto.com\/play\/diamond-keno\" class=\"keno-banner-button\">Joac\u0103 acum Diamond Keno<\/a><\/div><\/div>\n<div class=\"keno-banner-wrapper\"><img decoding=\"async\" class=\"keno-banner-image\" src=\"https:\/\/redfoxlotto.com\/wp-content\/uploads\/2025\/10\/1-scaled.png\" alt=\"Keno Banner\" \/><br \/>\n<div class=\"keno-banner-overlay\"><div class=\"keno-banner-text\">Premiul cel mare: \u20ac5,000,000<br>Trageri la sor\u021bi la fiecare 8 minute<\/div><a href=\"https:\/\/keno.redfoxlotto.com\/play\/platinum-keno\" class=\"keno-banner-button\">Joac\u0103 Platinum Keno Acum<\/a><\/div><\/div>\n<div class=\"keno-banner-wrapper\"><img decoding=\"async\" class=\"keno-banner-image\" src=\"https:\/\/redfoxlotto.com\/wp-content\/uploads\/2025\/10\/2-scaled.png\" alt=\"Keno Banner\" \/><br \/>\n<div class=\"keno-banner-overlay\"><div class=\"keno-banner-text\">Premiul cel mare: \u20ac2,000,000<br>Trageri la sor\u021bi la fiecare 6 minute<\/div><a href=\"https:\/\/keno.redfoxlotto.com\/play\/gold-keno\" class=\"keno-banner-button\">Joac\u0103  Gold Keno acum<\/a><\/div><\/div>\n<p><img loading=\"lazy\" decoding=\"async\" class=\"alignright size-medium wp-image-83635\" src=\"https:\/\/redfoxlotto.com\/wp-content\/uploads\/2025\/03\/keno_card-300x300.jpg\" alt=\"play keno online\" width=\"300\" height=\"300\" srcset=\"https:\/\/redfoxlotto.com\/wp-content\/uploads\/2025\/03\/keno_card-300x300.jpg 300w, https:\/\/redfoxlotto.com\/wp-content\/uploads\/2025\/03\/keno_card-150x150.jpg 150w, https:\/\/redfoxlotto.com\/wp-content\/uploads\/2025\/03\/keno_card-100x100.jpg 100w, https:\/\/redfoxlotto.com\/wp-content\/uploads\/2025\/03\/keno_card.jpg 307w\" sizes=\"auto, (max-width: 300px) 100vw, 300px\" \/><\/p>\n<h2>Diferen\u021be \u00eentre o loterie obi\u0219nuit\u0103 \u0219i Keno<\/h2>\n<p>Atunci c\u00e2nd juca\u021bi Keno, ave\u021bi mai mult control asupra sumei pe care dori\u021bi s\u0103 o cheltui\u021bi pe un bilet \u0219i, de asemenea, decide\u021bi c\u00e2te numere alege\u021bi.<\/p>\n<ul>\n<li><strong>Multiplicatorul<\/strong> &#8211; fiecare bilet Keno are un pre\u021b de baz\u0103 (minimul pe care trebuie s\u0103 \u00eel pl\u0103ti\u021bi pentru un bilet), dar exist\u0103 \u0219i o func\u021bie de multiplicare. S\u0103 spunem c\u0103 pre\u021bul de baz\u0103 este de 1,00 \u20ac. Select\u00e2nd un multiplicator de 5, biletul dvs. v\u0103 va costa acum 5,00 \u20ac. Dar, \u00een acela\u0219i timp, suma pe care o pute\u021bi c\u00e2\u0219tiga va cre\u0219te cu cel pu\u021bin un factor de 5. Pentru a c\u00e2\u0219tiga premiul maxim \u00een fiecare nivel de plat\u0103, trebuie s\u0103 selecta\u021bi multiplicatorul maxim. Multiplicatorul poate varia \u00eentre 1 \u0219i 5, sau \u00eentre 1 \u0219i 10. Pentru a vedea c\u00e2\u0219tigul real, face\u021bi clic pe fila \u201eInfo\u201d de mai sus \u0219i ve\u021bi vedea un tabel de c\u00e2\u0219tiguri.<\/li>\n<li>Face\u021bi clic pe multiplicatorul pe care dori\u021bi s\u0103 \u00eel alege\u021bi, iar c\u00e2\u0219tigurile pentru acel multiplicator vor fi afi\u0219ate.<\/li>\n<li><strong>Joac\u0103 mai multe sau mai pu\u021bine numere<\/strong> &#8211; Po\u021bi decide dac\u0103 vrei s\u0103 alegi mai multe sau mai pu\u021bine numere pentru biletul t\u0103u. Din nou, dac\u0103 dori\u021bi s\u0103 c\u00e2\u0219tiga\u021bi premiul cel mare, va trebui s\u0103 alege\u021bi \u00eentotdeauna num\u0103rul maxim, \u0219i anume 10 numere. Dar dac\u0103 v\u0103 decide\u021bi s\u0103 juca\u021bi doar 8 numere, ve\u021bi c\u00e2\u0219tiga mai mul\u021bi bani dac\u0103 toate sau unele dintre ele corespund numerelor extrase. Din nou, tabelul de pe pagina \u201eInfo\u201d v\u0103 va ar\u0103ta c\u00e2\u0219tigurile.<\/li>\n<li><strong>Sunt extrase mai multe numere din gama de numere<\/strong> &#8211; \u00een timp ce o loterie normal\u0103 extrage 5 sau 6 numere dintr-o gam\u0103 de numere de 49 sau 60, situa\u021bia este diferit\u0103 atunci c\u00e2nd juca\u021bi Keno. \u00cen primul r\u00e2nd, cele mai multe jocuri Keno extrag 20 de numere, dar fondul de numere posibile este, de asemenea, mai mare (de obicei undeva \u00eentre 70 \u0219i 90 de numere). Dar cu 20 de numere c\u00e2\u0219tig\u0103toare, trebuie s\u0103 potrive\u0219ti doar 10 dintre ele pentru a c\u00e2\u0219tiga un premiu mare. Aceasta \u00eenseamn\u0103 c\u0103 \u0219ansele generale atunci c\u00e2nd juca\u021bi Keno online sunt mai bune \u00een compara\u021bie cu majoritatea loteriilor obi\u0219nuite.<\/li>\n<\/ul>\n<h2>Deci, cum pot juca Keno online?<\/h2>\n<p><strong>Tot ce trebuie s\u0103 face\u021bi pentru a juca Keno online este s\u0103 urma\u021bi pa\u0219ii de mai jos:<\/strong><\/p>\n<ul>\n<li>Face\u021bi clic pe unul dintre bannerele Keno de pe aceast\u0103 pagin\u0103<\/li>\n<li>Selecta\u021bi c\u00e2te numere dori\u021bi s\u0103 juca\u021bi<\/li>\n<li>Selecta\u021bi Multiplicatorul \u0219i verifica\u021bi pre\u021bul biletului (ajusta\u021bi multiplicatorul dac\u0103 este necesar)<\/li>\n<li>Alege\u021bi numerele (sau utiliza\u021bi func\u021bia Quick Pick pentru a genera numere aleatorii)<\/li>\n<li>Ad\u0103uga\u021bi mai multe bilete pentru aceea\u0219i extragere Keno, dac\u0103 dori\u021bi<\/li>\n<li>Decide\u021bi dac\u0103 dori\u021bi ca biletul sau biletele dvs. s\u0103 participe la o singur\u0103 extragere sau la mai multe extrageri<\/li>\n<li>Pl\u0103ti\u021bi pentru biletele dvs. (trebuie s\u0103 crea\u021bi un cont nou pe site-ul nostru, dac\u0103 nu ave\u021bi \u00eenc\u0103 unul, sau s\u0103 v\u0103 conecta\u021bi la contul dvs. existent)<\/li>\n<\/ul>\n<h2>Doar c\u00e2teva minute \u00eenainte de urm\u0103toarea extragere<\/h2>\n<p>Majoritatea loteriilor Keno extrag la fiecare c\u00e2teva minute, deci nu este nevoie s\u0103 a\u0219tepta\u021bi mult pentru a afla dac\u0103 a\u021bi c\u00e2\u0219tigat. De fiecare dat\u0103 c\u00e2nd se apropie o extragere a loteriei Keno \u00een timp ce v\u0103 afla\u021bi pe site-ul nostru, va ap\u0103rea o fereastr\u0103 pop-up \u0219i, la scurt timp dup\u0103 aceea, ve\u021bi vedea o anima\u021bie video a extragerii. Odat\u0103 ce apare fereastra pop-up, ar trebui s\u0103 pute\u021bi cump\u0103ra un bilet pentru a juca la extragerea urm\u0103toare. Dar chiar dac\u0103 rata\u021bi urm\u0103toarea extragere, pute\u021bi oric\u00e2nd s\u0103 crea\u021bi un bilet pentru urm\u0103toarea extragere viitoare, care este la doar c\u00e2teva minute distan\u021b\u0103!<\/p>\n<p>Extragerile Keno sunt extrageri virtuale, numerele fiind generate de un Generator de Numere Aleatorii certificat. Astfel, pute\u021bi fi siguri c\u0103 atunci c\u00e2nd juca\u021bi Keno online pe site-ul nostru, jocul este \u00eentotdeauna corect.<\/p>\n<p>Apropo, aceasta nu este o loterie public\u0103, \u00een care pute\u021bi cump\u0103ra bilete undeva la un<\/p>\n<p>punct de v\u00e2nzare a loteriei. De aceea, pentru jocurile Keno, nu ve\u021bi primi niciun bilet scanat, \u00een schimb, ve\u021bi primi doar o confirmare \u00een contul dvs. de juc\u0103tor.<\/p>\n","protected":false},"excerpt":{"rendered":"<p>Nu \u0219tii cum s\u0103 joci Keno online? Deci \u0219tii cum func\u021bioneaz\u0103 o loterie, dar nu ai jucat niciodat\u0103 Keno? Permite\u021bi-mi s\u0103 v\u0103 explic cum s\u0103 juca\u021bi Keno online. Nu este la fel de greu de \u00een\u021beles, iar platforma noastr\u0103 face u\u0219oar\u0103 crearea unui bilet Keno. Diferen\u021be \u00eentre o loterie obi\u0219nuit\u0103 \u0219i Keno Atunci c\u00e2nd juca\u021bi [&hellip;]<\/p>\n","protected":false},"author":8,"featured_media":0,"parent":0,"menu_order":5,"comment_status":"closed","ping_status":"closed","template":"","meta":{"_et_pb_use_builder":"","_et_pb_old_content":"","_et_gb_content_width":"","exclude_from_search":false,"footnotes":""},"class_list":["post-84431","page","type-page","status-publish","hentry"],"yoast_head":"<!-- This site is optimized with the Yoast SEO plugin v27.4 - https:\/\/yoast.com\/product\/yoast-seo-wordpress\/ -->\n<title>Cum s\u0103 joci Keno online | Reguli \u0219i strategie pentru Keno online<\/title>\n<meta name=\"description\" content=\"Vrei s\u0103 c\u00e2\u0219tigi mult la Keno? Cum s\u0103 joci Keno online pentru premii de p\u00e2n\u0103 la 10 milioane \u20ac, cu extrageri care nu sunt niciodat\u0103 la mai mult de c\u00e2teva minute distan\u021b\u0103\" \/>\n<meta name=\"robots\" content=\"index, follow, max-snippet:-1, max-image-preview:large, max-video-preview:-1\" \/>\n<link rel=\"canonical\" href=\"https:\/\/redfoxlotto.com\/ro\/keno\/\" \/>\n<meta property=\"og:locale\" content=\"ro_RO\" \/>\n<meta property=\"og:type\" content=\"article\" \/>\n<meta property=\"og:title\" content=\"Cum s\u0103 joci Keno online | Reguli \u0219i strategie pentru Keno online\" \/>\n<meta property=\"og:description\" content=\"Vrei s\u0103 c\u00e2\u0219tigi mult la Keno? Cum s\u0103 joci Keno online pentru premii de p\u00e2n\u0103 la 10 milioane \u20ac, cu extrageri care nu sunt niciodat\u0103 la mai mult de c\u00e2teva minute distan\u021b\u0103\" \/>\n<meta property=\"og:url\" content=\"https:\/\/redfoxlotto.com\/ro\/keno\/\" \/>\n<meta property=\"og:site_name\" content=\"Get Tickets for the World\u2019s largest jackpots\" \/>\n<meta property=\"article:modified_time\" content=\"2025-10-09T14:25:08+00:00\" \/>\n<meta property=\"og:image\" content=\"https:\/\/redfoxlotto.com\/wp-content\/uploads\/2025\/10\/3-scaled.png\" \/>\n<meta name=\"twitter:card\" content=\"summary_large_image\" \/>\n<meta name=\"twitter:label1\" content=\"Timp estimat pentru citire\" \/>\n\t<meta name=\"twitter:data1\" content=\"4 minute\" \/>\n<script type=\"application\/ld+json\" class=\"yoast-schema-graph\">{\"@context\":\"https:\\\/\\\/schema.org\",\"@graph\":[{\"@type\":\"WebPage\",\"@id\":\"https:\\\/\\\/redfoxlotto.com\\\/ro\\\/keno\\\/\",\"url\":\"https:\\\/\\\/redfoxlotto.com\\\/ro\\\/keno\\\/\",\"name\":\"Cum s\u0103 joci Keno online | Reguli \u0219i strategie pentru Keno online\",\"isPartOf\":{\"@id\":\"https:\\\/\\\/redfoxlotto.com\\\/ro\\\/#website\"},\"primaryImageOfPage\":{\"@id\":\"https:\\\/\\\/redfoxlotto.com\\\/ro\\\/keno\\\/#primaryimage\"},\"image\":{\"@id\":\"https:\\\/\\\/redfoxlotto.com\\\/ro\\\/keno\\\/#primaryimage\"},\"thumbnailUrl\":\"https:\\\/\\\/redfoxlotto.com\\\/wp-content\\\/uploads\\\/2025\\\/10\\\/3-scaled.png\",\"datePublished\":\"2025-02-12T11:12:52+00:00\",\"dateModified\":\"2025-10-09T14:25:08+00:00\",\"description\":\"Vrei s\u0103 c\u00e2\u0219tigi mult la Keno? Cum s\u0103 joci Keno online pentru premii de p\u00e2n\u0103 la 10 milioane \u20ac, cu extrageri care nu sunt niciodat\u0103 la mai mult de c\u00e2teva minute distan\u021b\u0103\",\"breadcrumb\":{\"@id\":\"https:\\\/\\\/redfoxlotto.com\\\/ro\\\/keno\\\/#breadcrumb\"},\"inLanguage\":\"ro-RO\",\"potentialAction\":[{\"@type\":\"ReadAction\",\"target\":[\"https:\\\/\\\/redfoxlotto.com\\\/ro\\\/keno\\\/\"]}]},{\"@type\":\"ImageObject\",\"inLanguage\":\"ro-RO\",\"@id\":\"https:\\\/\\\/redfoxlotto.com\\\/ro\\\/keno\\\/#primaryimage\",\"url\":\"https:\\\/\\\/redfoxlotto.com\\\/wp-content\\\/uploads\\\/2025\\\/10\\\/3-scaled.png\",\"contentUrl\":\"https:\\\/\\\/redfoxlotto.com\\\/wp-content\\\/uploads\\\/2025\\\/10\\\/3-scaled.png\"},{\"@type\":\"BreadcrumbList\",\"@id\":\"https:\\\/\\\/redfoxlotto.com\\\/ro\\\/keno\\\/#breadcrumb\",\"itemListElement\":[{\"@type\":\"ListItem\",\"position\":1,\"name\":\"Home\",\"item\":\"https:\\\/\\\/redfoxlotto.com\\\/ro\\\/\"},{\"@type\":\"ListItem\",\"position\":2,\"name\":\"Keno\"}]},{\"@type\":\"WebSite\",\"@id\":\"https:\\\/\\\/redfoxlotto.com\\\/ro\\\/#website\",\"url\":\"https:\\\/\\\/redfoxlotto.com\\\/ro\\\/\",\"name\":\"Get Tickets for the World\u2019s largest jackpots\",\"description\":\"Participate in worldwide lottery jackpots from any country\",\"publisher\":{\"@id\":\"https:\\\/\\\/redfoxlotto.com\\\/ro\\\/#organization\"},\"potentialAction\":[{\"@type\":\"SearchAction\",\"target\":{\"@type\":\"EntryPoint\",\"urlTemplate\":\"https:\\\/\\\/redfoxlotto.com\\\/ro\\\/?s={search_term_string}\"},\"query-input\":{\"@type\":\"PropertyValueSpecification\",\"valueRequired\":true,\"valueName\":\"search_term_string\"}}],\"inLanguage\":\"ro-RO\"},{\"@type\":\"Organization\",\"@id\":\"https:\\\/\\\/redfoxlotto.com\\\/ro\\\/#organization\",\"name\":\"Get Tickets for the World\u2019s largest jackpots\",\"url\":\"https:\\\/\\\/redfoxlotto.com\\\/ro\\\/\",\"logo\":{\"@type\":\"ImageObject\",\"inLanguage\":\"ro-RO\",\"@id\":\"https:\\\/\\\/redfoxlotto.com\\\/ro\\\/#\\\/schema\\\/logo\\\/image\\\/\",\"url\":\"https:\\\/\\\/redfoxlotto.com\\\/wp-content\\\/uploads\\\/2023\\\/04\\\/logo.png\",\"contentUrl\":\"https:\\\/\\\/redfoxlotto.com\\\/wp-content\\\/uploads\\\/2023\\\/04\\\/logo.png\",\"width\":269,\"height\":53,\"caption\":\"Get Tickets for the World\u2019s largest jackpots\"},\"image\":{\"@id\":\"https:\\\/\\\/redfoxlotto.com\\\/ro\\\/#\\\/schema\\\/logo\\\/image\\\/\"}}]}<\/script>\n<!-- \/ Yoast SEO plugin. -->","yoast_head_json":{"title":"Cum s\u0103 joci Keno online | Reguli \u0219i strategie pentru Keno online","description":"Vrei s\u0103 c\u00e2\u0219tigi mult la Keno? Cum s\u0103 joci Keno online pentru premii de p\u00e2n\u0103 la 10 milioane \u20ac, cu extrageri care nu sunt niciodat\u0103 la mai mult de c\u00e2teva minute distan\u021b\u0103","robots":{"index":"index","follow":"follow","max-snippet":"max-snippet:-1","max-image-preview":"max-image-preview:large","max-video-preview":"max-video-preview:-1"},"canonical":"https:\/\/redfoxlotto.com\/ro\/keno\/","og_locale":"ro_RO","og_type":"article","og_title":"Cum s\u0103 joci Keno online | Reguli \u0219i strategie pentru Keno online","og_description":"Vrei s\u0103 c\u00e2\u0219tigi mult la Keno? Cum s\u0103 joci Keno online pentru premii de p\u00e2n\u0103 la 10 milioane \u20ac, cu extrageri care nu sunt niciodat\u0103 la mai mult de c\u00e2teva minute distan\u021b\u0103","og_url":"https:\/\/redfoxlotto.com\/ro\/keno\/","og_site_name":"Get Tickets for the World\u2019s largest jackpots","article_modified_time":"2025-10-09T14:25:08+00:00","og_image":[{"url":"https:\/\/redfoxlotto.com\/wp-content\/uploads\/2025\/10\/3-scaled.png","type":"","width":"","height":""}],"twitter_card":"summary_large_image","twitter_misc":{"Timp estimat pentru citire":"4 minute"},"schema":{"@context":"https:\/\/schema.org","@graph":[{"@type":"WebPage","@id":"https:\/\/redfoxlotto.com\/ro\/keno\/","url":"https:\/\/redfoxlotto.com\/ro\/keno\/","name":"Cum s\u0103 joci Keno online | Reguli \u0219i strategie pentru Keno online","isPartOf":{"@id":"https:\/\/redfoxlotto.com\/ro\/#website"},"primaryImageOfPage":{"@id":"https:\/\/redfoxlotto.com\/ro\/keno\/#primaryimage"},"image":{"@id":"https:\/\/redfoxlotto.com\/ro\/keno\/#primaryimage"},"thumbnailUrl":"https:\/\/redfoxlotto.com\/wp-content\/uploads\/2025\/10\/3-scaled.png","datePublished":"2025-02-12T11:12:52+00:00","dateModified":"2025-10-09T14:25:08+00:00","description":"Vrei s\u0103 c\u00e2\u0219tigi mult la Keno? Cum s\u0103 joci Keno online pentru premii de p\u00e2n\u0103 la 10 milioane \u20ac, cu extrageri care nu sunt niciodat\u0103 la mai mult de c\u00e2teva minute distan\u021b\u0103","breadcrumb":{"@id":"https:\/\/redfoxlotto.com\/ro\/keno\/#breadcrumb"},"inLanguage":"ro-RO","potentialAction":[{"@type":"ReadAction","target":["https:\/\/redfoxlotto.com\/ro\/keno\/"]}]},{"@type":"ImageObject","inLanguage":"ro-RO","@id":"https:\/\/redfoxlotto.com\/ro\/keno\/#primaryimage","url":"https:\/\/redfoxlotto.com\/wp-content\/uploads\/2025\/10\/3-scaled.png","contentUrl":"https:\/\/redfoxlotto.com\/wp-content\/uploads\/2025\/10\/3-scaled.png"},{"@type":"BreadcrumbList","@id":"https:\/\/redfoxlotto.com\/ro\/keno\/#breadcrumb","itemListElement":[{"@type":"ListItem","position":1,"name":"Home","item":"https:\/\/redfoxlotto.com\/ro\/"},{"@type":"ListItem","position":2,"name":"Keno"}]},{"@type":"WebSite","@id":"https:\/\/redfoxlotto.com\/ro\/#website","url":"https:\/\/redfoxlotto.com\/ro\/","name":"Get Tickets for the World\u2019s largest jackpots","description":"Participate in worldwide lottery jackpots from any country","publisher":{"@id":"https:\/\/redfoxlotto.com\/ro\/#organization"},"potentialAction":[{"@type":"SearchAction","target":{"@type":"EntryPoint","urlTemplate":"https:\/\/redfoxlotto.com\/ro\/?s={search_term_string}"},"query-input":{"@type":"PropertyValueSpecification","valueRequired":true,"valueName":"search_term_string"}}],"inLanguage":"ro-RO"},{"@type":"Organization","@id":"https:\/\/redfoxlotto.com\/ro\/#organization","name":"Get Tickets for the World\u2019s largest jackpots","url":"https:\/\/redfoxlotto.com\/ro\/","logo":{"@type":"ImageObject","inLanguage":"ro-RO","@id":"https:\/\/redfoxlotto.com\/ro\/#\/schema\/logo\/image\/","url":"https:\/\/redfoxlotto.com\/wp-content\/uploads\/2023\/04\/logo.png","contentUrl":"https:\/\/redfoxlotto.com\/wp-content\/uploads\/2023\/04\/logo.png","width":269,"height":53,"caption":"Get Tickets for the World\u2019s largest jackpots"},"image":{"@id":"https:\/\/redfoxlotto.com\/ro\/#\/schema\/logo\/image\/"}}]}},"_links":{"self":[{"href":"https:\/\/redfoxlotto.com\/ro\/wp-json\/wp\/v2\/pages\/84431","targetHints":{"allow":["GET"]}}],"collection":[{"href":"https:\/\/redfoxlotto.com\/ro\/wp-json\/wp\/v2\/pages"}],"about":[{"href":"https:\/\/redfoxlotto.com\/ro\/wp-json\/wp\/v2\/types\/page"}],"author":[{"embeddable":true,"href":"https:\/\/redfoxlotto.com\/ro\/wp-json\/wp\/v2\/users\/8"}],"replies":[{"embeddable":true,"href":"https:\/\/redfoxlotto.com\/ro\/wp-json\/wp\/v2\/comments?post=84431"}],"version-history":[{"count":0,"href":"https:\/\/redfoxlotto.com\/ro\/wp-json\/wp\/v2\/pages\/84431\/revisions"}],"wp:attachment":[{"href":"https:\/\/redfoxlotto.com\/ro\/wp-json\/wp\/v2\/media?parent=84431"}],"curies":[{"name":"wp","href":"https:\/\/api.w.org\/{rel}","templated":true}]}}