{"id":68325,"date":"2024-04-25T08:02:02","date_gmt":"2024-04-25T08:02:02","guid":{"rendered":"https:\/\/redfoxlotto.org\/?page_id=68325"},"modified":"2024-11-24T17:44:45","modified_gmt":"2024-11-24T17:44:45","slug":"purchase-success","status":"publish","type":"page","link":"https:\/\/redfoxlotto.com\/ro\/purchase-success\/","title":{"rendered":"Succesul achizi\u021biei"},"content":{"rendered":"<p>A\u021bi achizi\u021bionat cu succes biletul sau biletele de loterie!<\/p><p>Detaliile comenzii dvs. pot fi v\u0103zute \u00een contul dvs. de juc\u0103tor. Mai \u00eent\u00e2i, conecta\u021bi-v\u0103 \u0219i face\u021bi clic pe \u201eBiletele mele\u201d.<\/p><p>V\u0103 rug\u0103m s\u0103 re\u021bine\u021bi c\u0103 scanarea \u0219i \u00eenc\u0103rcarea biletului cu numerele dvs. pe el poate dura pu\u021bin timp. Scanarea biletelor va fi \u00eenc\u0103rcat\u0103 \u00een contul dvs. de juc\u0103tor, dar nu v\u0103 va fi trimis\u0103 prin e-mail.<\/p><p>Acum tot ce trebuie s\u0103 face\u021bi este s\u0103 a\u0219tepta\u021bi extragerea &#8211; v\u0103 \u021binem pumnii \u0219i sper\u0103m c\u0103 ve\u021bi c\u00e2\u0219tiga.<\/p><p>Dac\u0103 biletul dvs. c\u00e2\u0219tig\u0103, ve\u021bi primi \u00eentotdeauna o notificare prin e-mail. Asigura\u021bi-v\u0103 c\u0103 e-mailurile noastre nu ajung \u00een dosarul \u201eSpam\u201d sau \u201eNecunoscut\u201d!\u201d<\/p>","protected":false},"excerpt":{"rendered":"<p>A\u021bi achizi\u021bionat cu succes biletul sau biletele de loterie! Detaliile comenzii dvs. pot fi v\u0103zute \u00een contul dvs. de juc\u0103tor. Mai \u00eent\u00e2i, conecta\u021bi-v\u0103 \u0219i face\u021bi clic pe \u201eBiletele mele\u201d. V\u0103 rug\u0103m s\u0103 re\u021bine\u021bi c\u0103 scanarea \u0219i \u00eenc\u0103rcarea biletului cu numerele dvs. pe el poate dura pu\u021bin timp. Scanarea biletelor va fi \u00eenc\u0103rcat\u0103 \u00een contul dvs. [&hellip;]<\/p>\n","protected":false},"author":1,"featured_media":0,"parent":0,"menu_order":19,"comment_status":"closed","ping_status":"closed","template":"wc_ThankYou.php","meta":{"_et_pb_use_builder":"","_et_pb_old_content":"","_et_gb_content_width":"","exclude_from_search":false,"footnotes":""},"class_list":["post-68325","page","type-page","status-publish","hentry"],"yoast_head":"<!-- This site is optimized with the Yoast SEO plugin v23.8 - https:\/\/yoast.com\/wordpress\/plugins\/seo\/ -->\n<title>Succesul achizi\u021biei<\/title>\n<meta name=\"robots\" content=\"index, follow, max-snippet:-1, max-image-preview:large, max-video-preview:-1\" \/>\n<link rel=\"canonical\" href=\"https:\/\/redfoxlotto.com\/ro\/purchase-success\/\" \/>\n<meta property=\"og:locale\" content=\"ro_RO\" \/>\n<meta property=\"og:type\" content=\"article\" \/>\n<meta property=\"og:title\" content=\"Succesul achizi\u021biei\" \/>\n<meta property=\"og:description\" content=\"A\u021bi achizi\u021bionat cu succes biletul sau biletele de loterie! Detaliile comenzii dvs. pot fi v\u0103zute \u00een contul dvs. de juc\u0103tor. Mai \u00eent\u00e2i, conecta\u021bi-v\u0103 \u0219i face\u021bi clic pe \u201eBiletele mele\u201d. V\u0103 rug\u0103m s\u0103 re\u021bine\u021bi c\u0103 scanarea \u0219i \u00eenc\u0103rcarea biletului cu numerele dvs. pe el poate dura pu\u021bin timp. Scanarea biletelor va fi \u00eenc\u0103rcat\u0103 \u00een contul dvs. [&hellip;]\" \/>\n<meta property=\"og:url\" content=\"https:\/\/redfoxlotto.com\/ro\/purchase-success\/\" \/>\n<meta property=\"og:site_name\" content=\"Get Tickets for the World\u2019s largest jackpots\" \/>\n<meta property=\"article:modified_time\" content=\"2024-11-24T17:44:45+00:00\" \/>\n<meta name=\"twitter:card\" content=\"summary_large_image\" \/>\n<meta name=\"twitter:label1\" content=\"Timp estimat pentru citire\" \/>\n\t<meta name=\"twitter:data1\" content=\"1 minut\" \/>\n<script type=\"application\/ld+json\" class=\"yoast-schema-graph\">{\"@context\":\"https:\/\/schema.org\",\"@graph\":[{\"@type\":\"WebPage\",\"@id\":\"https:\/\/redfoxlotto.com\/ro\/purchase-success\/\",\"url\":\"https:\/\/redfoxlotto.com\/ro\/purchase-success\/\",\"name\":\"Succesul achizi\u021biei\",\"isPartOf\":{\"@id\":\"https:\/\/redfoxlotto.com\/ro\/#website\"},\"datePublished\":\"2024-04-25T08:02:02+00:00\",\"dateModified\":\"2024-11-24T17:44:45+00:00\",\"breadcrumb\":{\"@id\":\"https:\/\/redfoxlotto.com\/ro\/purchase-success\/#breadcrumb\"},\"inLanguage\":\"ro-RO\",\"potentialAction\":[{\"@type\":\"ReadAction\",\"target\":[\"https:\/\/redfoxlotto.com\/ro\/purchase-success\/\"]}]},{\"@type\":\"BreadcrumbList\",\"@id\":\"https:\/\/redfoxlotto.com\/ro\/purchase-success\/#breadcrumb\",\"itemListElement\":[{\"@type\":\"ListItem\",\"position\":1,\"name\":\"Home\",\"item\":\"https:\/\/redfoxlotto.com\/ro\/\"},{\"@type\":\"ListItem\",\"position\":2,\"name\":\"Succesul achizi\u021biei\"}]},{\"@type\":\"WebSite\",\"@id\":\"https:\/\/redfoxlotto.com\/ro\/#website\",\"url\":\"https:\/\/redfoxlotto.com\/ro\/\",\"name\":\"Get Tickets for the World\u2019s largest jackpots\",\"description\":\"Participate in worldwide lottery jackpots from any country\",\"publisher\":{\"@id\":\"https:\/\/redfoxlotto.com\/ro\/#organization\"},\"potentialAction\":[{\"@type\":\"SearchAction\",\"target\":{\"@type\":\"EntryPoint\",\"urlTemplate\":\"https:\/\/redfoxlotto.com\/ro\/?s={search_term_string}\"},\"query-input\":{\"@type\":\"PropertyValueSpecification\",\"valueRequired\":true,\"valueName\":\"search_term_string\"}}],\"inLanguage\":\"ro-RO\"},{\"@type\":\"Organization\",\"@id\":\"https:\/\/redfoxlotto.com\/ro\/#organization\",\"name\":\"Get Tickets for the World\u2019s largest jackpots\",\"url\":\"https:\/\/redfoxlotto.com\/ro\/\",\"logo\":{\"@type\":\"ImageObject\",\"inLanguage\":\"ro-RO\",\"@id\":\"https:\/\/redfoxlotto.com\/ro\/#\/schema\/logo\/image\/\",\"url\":\"https:\/\/redfoxlotto.com\/wp-content\/uploads\/2023\/04\/logo.png\",\"contentUrl\":\"https:\/\/redfoxlotto.com\/wp-content\/uploads\/2023\/04\/logo.png\",\"width\":269,\"height\":53,\"caption\":\"Get Tickets for the World\u2019s largest jackpots\"},\"image\":{\"@id\":\"https:\/\/redfoxlotto.com\/ro\/#\/schema\/logo\/image\/\"}}]}<\/script>\n<!-- \/ Yoast SEO plugin. -->","yoast_head_json":{"title":"Succesul achizi\u021biei","robots":{"index":"index","follow":"follow","max-snippet":"max-snippet:-1","max-image-preview":"max-image-preview:large","max-video-preview":"max-video-preview:-1"},"canonical":"https:\/\/redfoxlotto.com\/ro\/purchase-success\/","og_locale":"ro_RO","og_type":"article","og_title":"Succesul achizi\u021biei","og_description":"A\u021bi achizi\u021bionat cu succes biletul sau biletele de loterie! Detaliile comenzii dvs. pot fi v\u0103zute \u00een contul dvs. de juc\u0103tor. Mai \u00eent\u00e2i, conecta\u021bi-v\u0103 \u0219i face\u021bi clic pe \u201eBiletele mele\u201d. V\u0103 rug\u0103m s\u0103 re\u021bine\u021bi c\u0103 scanarea \u0219i \u00eenc\u0103rcarea biletului cu numerele dvs. pe el poate dura pu\u021bin timp. Scanarea biletelor va fi \u00eenc\u0103rcat\u0103 \u00een contul dvs. [&hellip;]","og_url":"https:\/\/redfoxlotto.com\/ro\/purchase-success\/","og_site_name":"Get Tickets for the World\u2019s largest jackpots","article_modified_time":"2024-11-24T17:44:45+00:00","twitter_card":"summary_large_image","twitter_misc":{"Timp estimat pentru citire":"1 minut"},"schema":{"@context":"https:\/\/schema.org","@graph":[{"@type":"WebPage","@id":"https:\/\/redfoxlotto.com\/ro\/purchase-success\/","url":"https:\/\/redfoxlotto.com\/ro\/purchase-success\/","name":"Succesul achizi\u021biei","isPartOf":{"@id":"https:\/\/redfoxlotto.com\/ro\/#website"},"datePublished":"2024-04-25T08:02:02+00:00","dateModified":"2024-11-24T17:44:45+00:00","breadcrumb":{"@id":"https:\/\/redfoxlotto.com\/ro\/purchase-success\/#breadcrumb"},"inLanguage":"ro-RO","potentialAction":[{"@type":"ReadAction","target":["https:\/\/redfoxlotto.com\/ro\/purchase-success\/"]}]},{"@type":"BreadcrumbList","@id":"https:\/\/redfoxlotto.com\/ro\/purchase-success\/#breadcrumb","itemListElement":[{"@type":"ListItem","position":1,"name":"Home","item":"https:\/\/redfoxlotto.com\/ro\/"},{"@type":"ListItem","position":2,"name":"Succesul achizi\u021biei"}]},{"@type":"WebSite","@id":"https:\/\/redfoxlotto.com\/ro\/#website","url":"https:\/\/redfoxlotto.com\/ro\/","name":"Get Tickets for the World\u2019s largest jackpots","description":"Participate in worldwide lottery jackpots from any country","publisher":{"@id":"https:\/\/redfoxlotto.com\/ro\/#organization"},"potentialAction":[{"@type":"SearchAction","target":{"@type":"EntryPoint","urlTemplate":"https:\/\/redfoxlotto.com\/ro\/?s={search_term_string}"},"query-input":{"@type":"PropertyValueSpecification","valueRequired":true,"valueName":"search_term_string"}}],"inLanguage":"ro-RO"},{"@type":"Organization","@id":"https:\/\/redfoxlotto.com\/ro\/#organization","name":"Get Tickets for the World\u2019s largest jackpots","url":"https:\/\/redfoxlotto.com\/ro\/","logo":{"@type":"ImageObject","inLanguage":"ro-RO","@id":"https:\/\/redfoxlotto.com\/ro\/#\/schema\/logo\/image\/","url":"https:\/\/redfoxlotto.com\/wp-content\/uploads\/2023\/04\/logo.png","contentUrl":"https:\/\/redfoxlotto.com\/wp-content\/uploads\/2023\/04\/logo.png","width":269,"height":53,"caption":"Get Tickets for the World\u2019s largest jackpots"},"image":{"@id":"https:\/\/redfoxlotto.com\/ro\/#\/schema\/logo\/image\/"}}]}},"_links":{"self":[{"href":"https:\/\/redfoxlotto.com\/ro\/wp-json\/wp\/v2\/pages\/68325","targetHints":{"allow":["GET"]}}],"collection":[{"href":"https:\/\/redfoxlotto.com\/ro\/wp-json\/wp\/v2\/pages"}],"about":[{"href":"https:\/\/redfoxlotto.com\/ro\/wp-json\/wp\/v2\/types\/page"}],"author":[{"embeddable":true,"href":"https:\/\/redfoxlotto.com\/ro\/wp-json\/wp\/v2\/users\/1"}],"replies":[{"embeddable":true,"href":"https:\/\/redfoxlotto.com\/ro\/wp-json\/wp\/v2\/comments?post=68325"}],"version-history":[{"count":0,"href":"https:\/\/redfoxlotto.com\/ro\/wp-json\/wp\/v2\/pages\/68325\/revisions"}],"wp:attachment":[{"href":"https:\/\/redfoxlotto.com\/ro\/wp-json\/wp\/v2\/media?parent=68325"}],"curies":[{"name":"wp","href":"https:\/\/api.w.org\/{rel}","templated":true}]}}